{"id":19648,"date":"2025-07-22T08:24:43","date_gmt":"2025-07-22T05:24:43","guid":{"rendered":"https:\/\/skaitytaknyga.lt\/?post_type=product&#038;p=19648"},"modified":"2026-03-05T10:36:25","modified_gmt":"2026-03-05T08:36:25","slug":"kultas","status":"publish","type":"product","link":"https:\/\/skaitytaknyga.lt\/en\/produktas\/kultas\/","title":{"rendered":"Kultas"},"content":{"rendered":"<p>Po kvap\u0105 gniau\u017eian\u010dio detektyvinio trilerio \u201eD\u0117\u017e\u0117\u201c du labai populiar\u016bs \u0160vedijos autoriai \u2013 Camilla L\u00e4ckberg ir Henrikas Fexeus \u2013 pristato antr\u0105j\u0105 savo bendros trilogijos knyg\u0105 \u201eKultas\u201c.<\/p>\n<p>Ji labiausiai prad\u017eiugins Jo Nesb\u00f8 ir televizijos serialo \u201eMentalistas\u201c gerb\u0117jus. Naujajame romane, sukurtame pagal geriausias Skandinavijos trileri\u0173 tradicijas, policijos detektyv\u0119 Min\u0105 ir mentalist\u0105 Vincent\u0105 suveda nauja byla \u2013 paslaptingas vaiko pagrobimas.<\/p>\n<p>Stokholme dingsta penkiametis Osianas. Nedelsiant paskelbiama berniuko paie\u0161ka. Prie specialiosios policijos grup\u0117s prisijung\u0119s derybininkas Adamas Blumas i\u0161 karto \u012f\u017evelgia pana\u0161um\u0173 su viena ankstesne byla \u2013 tragi\u0161kai pasibaigusiu penkiamet\u0117s Lili pagrobimu. Tyr\u0117jai ima baimintis, kad Osian\u0105 pagrob\u0117 tas pats \u017emogus. Dar daugiau \u2013 kad \u0161is nusilatimas gali b\u016bti toli gra\u017eu ne paskutinis.<\/p>\n<p>Suprasdama, kad pravers bet kokia \u012fmanoma pagalba, detektyv\u0117 Mina Dabiri nusprend\u017eia v\u0117l susisiekti su mentalistu Vincentu Valderiu, su kuriuo nesimat\u0117 dvejus metus.<\/p>\n<p>Spaud\u017eiamai laiko tyrimo grupei tenka \u012fsivelti \u012f krauj\u0105 stingdant\u012f, \u0161iurp\u0173 \u017eaidim\u0105 su paslaptingu nusikalt\u0117liu, kuris veikia tik pagal jam pa\u010diam suvokiam\u0105 kraupi\u0105 logik\u0105 ir ritualus.<\/p>\n","protected":false},"excerpt":{"rendered":"<p>Po kvap\u0105 gniau\u017eian\u010dio detektyvinio trilerio \u201eD\u0117\u017e\u0117\u201c du labai populiar\u016bs \u0160vedijos autoriai \u2013 Camilla L\u00e4ckberg ir Henrikas Fexeus \u2013 pristato antr\u0105j\u0105 savo bendros trilogijos knyg\u0105 \u201eKultas\u201c. Ji labiausiai prad\u017eiugins Jo Nesb\u00f8 ir televizijos serialo \u201eMentalistas\u201c gerb\u0117jus. Naujajame romane, sukurtame pagal geriausias Skandinavijos trileri\u0173 tradicijas, policijos detektyv\u0119 Min\u0105 ir mentalist\u0105 Vincent\u0105 suveda nauja byla \u2013 paslaptingas vaiko pagrobimas. Stokholme dingsta penkiametis Osianas. Nedelsiant paskelbiama berniuko paie\u0161ka. Prie specialiosios policijos grup\u0117s prisijung\u0119s derybininkas Adamas Blumas i\u0161 karto \u012f\u017evelgia pana\u0161um\u0173 su viena ankstesne byla \u2013 tragi\u0161kai pasibaigusiu penkiamet\u0117s Lili pagrobimu. Tyr\u0117jai ima baimintis, kad Osian\u0105 pagrob\u0117 tas pats \u017emogus. Dar daugiau \u2013 kad \u0161is nusilatimas gali b\u016bti toli gra\u017eu ne paskutinis. Suprasdama, kad pravers bet kokia \u012fmanoma pagalba, detektyv\u0117 Mina Dabiri nusprend\u017eia v\u0117l susisiekti su mentalistu Vincentu Valderiu, su kuriuo nesimat\u0117 dvejus metus. Spaud\u017eiamai laiko tyrimo grupei tenka \u012fsivelti \u012f krauj\u0105 stingdant\u012f, \u0161iurp\u0173 \u017eaidim\u0105 su paslaptingu nusikalt\u0117liu, kuris veikia tik pagal jam pa\u010diam suvokiam\u0105 kraupi\u0105 logik\u0105 ir ritualus.<\/p>\n","protected":false},"featured_media":19653,"comment_status":"open","ping_status":"closed","template":"","meta":{"_acf_changed":false,"site-sidebar-layout":"default","site-content-layout":"","ast-site-content-layout":"default","site-content-style":"default","site-sidebar-style":"default","ast-global-header-display":"","ast-banner-title-visibility":"","ast-main-header-display":"","ast-hfb-above-header-display":"","ast-hfb-below-header-display":"","ast-hfb-mobile-header-display":"","site-post-title":"","ast-breadcrumbs-content":"","ast-featured-img":"","footer-sml-layout":"","ast-disable-related-posts":"","theme-transparent-header-meta":"","adv-header-id-meta":"","stick-header-meta":"","header-above-stick-meta":"","header-main-stick-meta":"","header-below-stick-meta":"","astra-migrate-meta-layouts":"default","ast-page-background-enabled":"default","ast-page-background-meta":{"desktop":{"background-color":"","background-image":"","background-repeat":"repeat","background-position":"center center","background-size":"auto","background-attachment":"scroll","background-type":"","background-media":"","overlay-type":"","overlay-color":"","overlay-opacity":"","overlay-gradient":""},"tablet":{"background-color":"","background-image":"","background-repeat":"repeat","background-position":"center center","background-size":"auto","background-attachment":"scroll","background-type":"","background-media":"","overlay-type":"","overlay-color":"","overlay-opacity":"","overlay-gradient":""},"mobile":{"background-color":"","background-image":"","background-repeat":"repeat","background-position":"center center","background-size":"auto","background-attachment":"scroll","background-type":"","background-media":"","overlay-type":"","overlay-color":"","overlay-opacity":"","overlay-gradient":""}},"ast-content-background-meta":{"desktop":{"background-color":"var(--ast-global-color-4)","background-image":"","background-repeat":"repeat","background-position":"center center","background-size":"auto","background-attachment":"scroll","background-type":"","background-media":"","overlay-type":"","overlay-color":"","overlay-opacity":"","overlay-gradient":""},"tablet":{"background-color":"var(--ast-global-color-4)","background-image":"","background-repeat":"repeat","background-position":"center center","background-size":"auto","background-attachment":"scroll","background-type":"","background-media":"","overlay-type":"","overlay-color":"","overlay-opacity":"","overlay-gradient":""},"mobile":{"background-color":"var(--ast-global-color-4)","background-image":"","background-repeat":"repeat","background-position":"center center","background-size":"auto","background-attachment":"scroll","background-type":"","background-media":"","overlay-type":"","overlay-color":"","overlay-opacity":"","overlay-gradient":""}}},"product_brand":[],"product_cat":[9581],"product_tag":[6339,6378,6377,6376,3133,1587],"class_list":{"0":"post-19648","1":"product","2":"type-product","3":"status-publish","4":"has-post-thumbnail","6":"product_cat-kriminaliniai-romanai","7":"product_tag-camilla-lackberg","8":"product_tag-kultas","9":"product_tag-mentalizmas","10":"product_tag-pagrobimai","11":"product_tag-svedija","12":"product_tag-trileris","13":"desktop-align-left","14":"tablet-align-left","15":"mobile-align-left","17":"first","18":"outofstock","19":"shipping-taxable","20":"purchasable","21":"product-type-simple"},"acf":[],"yoast_head":"<!-- This site is optimized with the Yoast SEO plugin v27.0 - https:\/\/yoast.com\/product\/yoast-seo-wordpress\/ -->\n<title>Kultas<\/title>\n<meta name=\"description\" content=\"Po kvap\u0105 gniau\u017eian\u010dio detektyvinio trilerio \u201eD\u0117\u017e\u0117\u201c du labai populiar\u016bs \u0160vedijos autoriai \u2013 Camilla L\u00e4ckberg ir Henrikas Fexeus \u2013 pristato antr\u0105j\u0105 savo\" \/>\n<meta name=\"robots\" content=\"index, follow, max-snippet:-1, max-image-preview:large, max-video-preview:-1\" \/>\n<link rel=\"canonical\" href=\"https:\/\/skaitytaknyga.lt\/en\/produktas\/kultas\/\" \/>\n<meta property=\"og:locale\" content=\"en_GB\" \/>\n<meta property=\"og:locale:alternate\" content=\"lt_LT\" \/>\n<meta property=\"og:type\" content=\"article\" \/>\n<meta property=\"og:title\" content=\"Kultas\" \/>\n<meta property=\"og:description\" content=\"Po kvap\u0105 gniau\u017eian\u010dio detektyvinio trilerio \u201eD\u0117\u017e\u0117\u201c du labai populiar\u016bs \u0160vedijos autoriai \u2013 Camilla L\u00e4ckberg ir Henrikas Fexeus \u2013 pristato antr\u0105j\u0105 savo\" \/>\n<meta property=\"og:url\" content=\"https:\/\/skaitytaknyga.lt\/en\/produktas\/kultas\/\" \/>\n<meta property=\"og:site_name\" content=\"Skaitytaknyga\" \/>\n<meta property=\"article:publisher\" content=\"https:\/\/www.facebook.com\/skaitytaknyga\/\" \/>\n<meta property=\"article:modified_time\" content=\"2026-03-05T08:36:25+00:00\" \/>\n<meta property=\"og:image\" content=\"https:\/\/skaitytaknyga.lt\/wp-content\/uploads\/2025\/07\/Kultas.webp\" \/>\n\t<meta property=\"og:image:width\" content=\"403\" \/>\n\t<meta property=\"og:image:height\" content=\"600\" \/>\n\t<meta property=\"og:image:type\" content=\"image\/webp\" \/>\n<meta name=\"twitter:card\" content=\"summary_large_image\" \/>\n<meta name=\"twitter:label1\" content=\"Estimated reading time\" \/>\n\t<meta name=\"twitter:data1\" content=\"1 minute\" \/>\n<script type=\"application\/ld+json\" class=\"yoast-schema-graph\">{\"@context\":\"https:\/\/schema.org\",\"@graph\":[{\"@type\":\"WebPage\",\"@id\":\"https:\/\/skaitytaknyga.lt\/produktas\/kultas\/\",\"url\":\"https:\/\/skaitytaknyga.lt\/produktas\/kultas\/\",\"name\":\"Kultas\",\"isPartOf\":{\"@id\":\"https:\/\/skaitytaknyga.lt\/#website\"},\"primaryImageOfPage\":{\"@id\":\"https:\/\/skaitytaknyga.lt\/produktas\/kultas\/#primaryimage\"},\"image\":{\"@id\":\"https:\/\/skaitytaknyga.lt\/produktas\/kultas\/#primaryimage\"},\"thumbnailUrl\":\"https:\/\/skaitytaknyga.lt\/wp-content\/uploads\/2025\/07\/Kultas.webp\",\"datePublished\":\"2025-07-22T05:24:43+00:00\",\"dateModified\":\"2026-03-05T08:36:25+00:00\",\"description\":\"Po kvap\u0105 gniau\u017eian\u010dio detektyvinio trilerio \u201eD\u0117\u017e\u0117\u201c du labai populiar\u016bs \u0160vedijos autoriai \u2013 Camilla L\u00e4ckberg ir Henrikas Fexeus \u2013 pristato antr\u0105j\u0105 savo\",\"breadcrumb\":{\"@id\":\"https:\/\/skaitytaknyga.lt\/produktas\/kultas\/#breadcrumb\"},\"inLanguage\":\"en-GB\",\"potentialAction\":[{\"@type\":\"ReadAction\",\"target\":[\"https:\/\/skaitytaknyga.lt\/produktas\/kultas\/\"]}]},{\"@type\":\"ImageObject\",\"inLanguage\":\"en-GB\",\"@id\":\"https:\/\/skaitytaknyga.lt\/produktas\/kultas\/#primaryimage\",\"url\":\"https:\/\/skaitytaknyga.lt\/wp-content\/uploads\/2025\/07\/Kultas.webp\",\"contentUrl\":\"https:\/\/skaitytaknyga.lt\/wp-content\/uploads\/2025\/07\/Kultas.webp\",\"width\":403,\"height\":600,\"caption\":\"Kultas\"},{\"@type\":\"BreadcrumbList\",\"@id\":\"https:\/\/skaitytaknyga.lt\/produktas\/kultas\/#breadcrumb\",\"itemListElement\":[{\"@type\":\"ListItem\",\"position\":1,\"name\":\"Home\",\"item\":\"https:\/\/skaitytaknyga.lt\/\"},{\"@type\":\"ListItem\",\"position\":2,\"name\":\"Parduotuv\u0117\",\"item\":\"https:\/\/skaitytaknyga.lt\/knygu-parduotuve\/\"},{\"@type\":\"ListItem\",\"position\":3,\"name\":\"Kultas\"}]},{\"@type\":\"WebSite\",\"@id\":\"https:\/\/skaitytaknyga.lt\/#website\",\"url\":\"https:\/\/skaitytaknyga.lt\/\",\"name\":\"skaitytaknyga.lt\",\"description\":\"Skaitytaknyga.lt \u2013 tai ma\u017eas \u0161eimos verslas, kuris prasid\u0117jo nuo meil\u0117s knygoms ir siekio i\u0161gelb\u0117ti knygas nuo likimo prie konteinerio. Kas vienam nereikalingas daiktas \u2013 kitam lobis, o mes esame tarpininkai, kurie padeda abiems tapti laimingesniems ???? \u017dinome kaip nelengva i\u0161gyventi ma\u017eiems verslams, tad nuo \u0161iol, \u010dia rasite ir kit\u0173, ma\u017e\u0173 \u0161eim\u0173 versl\u0173, rank\u0173 darbo, dovan\u0173 sau ir artimiesiems.\",\"publisher\":{\"@id\":\"https:\/\/skaitytaknyga.lt\/#organization\"},\"potentialAction\":[{\"@type\":\"SearchAction\",\"target\":{\"@type\":\"EntryPoint\",\"urlTemplate\":\"https:\/\/skaitytaknyga.lt\/?s={search_term_string}\"},\"query-input\":{\"@type\":\"PropertyValueSpecification\",\"valueRequired\":true,\"valueName\":\"search_term_string\"}}],\"inLanguage\":\"en-GB\"},{\"@type\":\"Organization\",\"@id\":\"https:\/\/skaitytaknyga.lt\/#organization\",\"name\":\"skaitytaknyga.lt\",\"url\":\"https:\/\/skaitytaknyga.lt\/\",\"logo\":{\"@type\":\"ImageObject\",\"inLanguage\":\"en-GB\",\"@id\":\"https:\/\/skaitytaknyga.lt\/#\/schema\/logo\/image\/\",\"url\":\"https:\/\/skaitytaknyga.lt\/wp-content\/uploads\/2024\/05\/cropped-cropped-cropped-02_00843_jt3bggkj1j3HLc7SyY6rEUpg.jpeg\",\"contentUrl\":\"https:\/\/skaitytaknyga.lt\/wp-content\/uploads\/2024\/05\/cropped-cropped-cropped-02_00843_jt3bggkj1j3HLc7SyY6rEUpg.jpeg\",\"width\":1600,\"height\":1600,\"caption\":\"skaitytaknyga.lt\"},\"image\":{\"@id\":\"https:\/\/skaitytaknyga.lt\/#\/schema\/logo\/image\/\"},\"sameAs\":[\"https:\/\/www.facebook.com\/skaitytaknyga\/\"]}]}<\/script>\n<!-- \/ Yoast SEO plugin. -->","yoast_head_json":{"title":"Kultas","description":"Po kvap\u0105 gniau\u017eian\u010dio detektyvinio trilerio \u201eD\u0117\u017e\u0117\u201c du labai populiar\u016bs \u0160vedijos autoriai \u2013 Camilla L\u00e4ckberg ir Henrikas Fexeus \u2013 pristato antr\u0105j\u0105 savo","robots":{"index":"index","follow":"follow","max-snippet":"max-snippet:-1","max-image-preview":"max-image-preview:large","max-video-preview":"max-video-preview:-1"},"canonical":"https:\/\/skaitytaknyga.lt\/en\/produktas\/kultas\/","og_locale":"en_GB","og_type":"article","og_title":"[:lt]Kultas[:] - Skaitytaknyga","og_description":"Po kvap\u0105 gniau\u017eian\u010dio detektyvinio trilerio \u201eD\u0117\u017e\u0117\u201c du labai populiar\u016bs \u0160vedijos autoriai \u2013 Camilla L\u00e4ckberg ir Henrikas Fexeus \u2013 pristato antr\u0105j\u0105 savo","og_url":"https:\/\/skaitytaknyga.lt\/en\/produktas\/kultas\/","og_site_name":"Skaitytaknyga","article_publisher":"https:\/\/www.facebook.com\/skaitytaknyga\/","article_modified_time":"2026-03-05T08:36:25+00:00","og_image":[{"width":403,"height":600,"url":"https:\/\/skaitytaknyga.lt\/wp-content\/uploads\/2025\/07\/Kultas.webp","type":"image\/webp"}],"twitter_card":"summary_large_image","twitter_misc":{"Estimated reading time":"1 minute"},"schema":{"@context":"https:\/\/schema.org","@graph":[{"@type":"WebPage","@id":"https:\/\/skaitytaknyga.lt\/produktas\/kultas\/","url":"https:\/\/skaitytaknyga.lt\/produktas\/kultas\/","name":"Kultas","isPartOf":{"@id":"https:\/\/skaitytaknyga.lt\/#website"},"primaryImageOfPage":{"@id":"https:\/\/skaitytaknyga.lt\/produktas\/kultas\/#primaryimage"},"image":{"@id":"https:\/\/skaitytaknyga.lt\/produktas\/kultas\/#primaryimage"},"thumbnailUrl":"https:\/\/skaitytaknyga.lt\/wp-content\/uploads\/2025\/07\/Kultas.webp","datePublished":"2025-07-22T05:24:43+00:00","dateModified":"2026-03-05T08:36:25+00:00","description":"Po kvap\u0105 gniau\u017eian\u010dio detektyvinio trilerio \u201eD\u0117\u017e\u0117\u201c du labai populiar\u016bs \u0160vedijos autoriai \u2013 Camilla L\u00e4ckberg ir Henrikas Fexeus \u2013 pristato antr\u0105j\u0105 savo","breadcrumb":{"@id":"https:\/\/skaitytaknyga.lt\/produktas\/kultas\/#breadcrumb"},"inLanguage":"en-GB","potentialAction":[{"@type":"ReadAction","target":["https:\/\/skaitytaknyga.lt\/produktas\/kultas\/"]}]},{"@type":"ImageObject","inLanguage":"en-GB","@id":"https:\/\/skaitytaknyga.lt\/produktas\/kultas\/#primaryimage","url":"https:\/\/skaitytaknyga.lt\/wp-content\/uploads\/2025\/07\/Kultas.webp","contentUrl":"https:\/\/skaitytaknyga.lt\/wp-content\/uploads\/2025\/07\/Kultas.webp","width":403,"height":600,"caption":"Kultas"},{"@type":"BreadcrumbList","@id":"https:\/\/skaitytaknyga.lt\/produktas\/kultas\/#breadcrumb","itemListElement":[{"@type":"ListItem","position":1,"name":"Home","item":"https:\/\/skaitytaknyga.lt\/"},{"@type":"ListItem","position":2,"name":"Parduotuv\u0117","item":"https:\/\/skaitytaknyga.lt\/knygu-parduotuve\/"},{"@type":"ListItem","position":3,"name":"Kultas"}]},{"@type":"WebSite","@id":"https:\/\/skaitytaknyga.lt\/#website","url":"https:\/\/skaitytaknyga.lt\/","name":"skaitytaknyga.lt","description":"Skaitytaknyga.lt \u2013 tai ma\u017eas \u0161eimos verslas, kuris prasid\u0117jo nuo meil\u0117s knygoms ir siekio i\u0161gelb\u0117ti knygas nuo likimo prie konteinerio. Kas vienam nereikalingas daiktas \u2013 kitam lobis, o mes esame tarpininkai, kurie padeda abiems tapti laimingesniems ???? \u017dinome kaip nelengva i\u0161gyventi ma\u017eiems verslams, tad nuo \u0161iol, \u010dia rasite ir kit\u0173, ma\u017e\u0173 \u0161eim\u0173 versl\u0173, rank\u0173 darbo, dovan\u0173 sau ir artimiesiems.","publisher":{"@id":"https:\/\/skaitytaknyga.lt\/#organization"},"potentialAction":[{"@type":"SearchAction","target":{"@type":"EntryPoint","urlTemplate":"https:\/\/skaitytaknyga.lt\/?s={search_term_string}"},"query-input":{"@type":"PropertyValueSpecification","valueRequired":true,"valueName":"search_term_string"}}],"inLanguage":"en-GB"},{"@type":"Organization","@id":"https:\/\/skaitytaknyga.lt\/#organization","name":"skaitytaknyga.lt","url":"https:\/\/skaitytaknyga.lt\/","logo":{"@type":"ImageObject","inLanguage":"en-GB","@id":"https:\/\/skaitytaknyga.lt\/#\/schema\/logo\/image\/","url":"https:\/\/skaitytaknyga.lt\/wp-content\/uploads\/2024\/05\/cropped-cropped-cropped-02_00843_jt3bggkj1j3HLc7SyY6rEUpg.jpeg","contentUrl":"https:\/\/skaitytaknyga.lt\/wp-content\/uploads\/2024\/05\/cropped-cropped-cropped-02_00843_jt3bggkj1j3HLc7SyY6rEUpg.jpeg","width":1600,"height":1600,"caption":"skaitytaknyga.lt"},"image":{"@id":"https:\/\/skaitytaknyga.lt\/#\/schema\/logo\/image\/"},"sameAs":["https:\/\/www.facebook.com\/skaitytaknyga\/"]}]}},"_links":{"self":[{"href":"https:\/\/skaitytaknyga.lt\/en\/wp-json\/wp\/v2\/product\/19648","targetHints":{"allow":["GET"]}}],"collection":[{"href":"https:\/\/skaitytaknyga.lt\/en\/wp-json\/wp\/v2\/product"}],"about":[{"href":"https:\/\/skaitytaknyga.lt\/en\/wp-json\/wp\/v2\/types\/product"}],"replies":[{"embeddable":true,"href":"https:\/\/skaitytaknyga.lt\/en\/wp-json\/wp\/v2\/comments?post=19648"}],"wp:featuredmedia":[{"embeddable":true,"href":"https:\/\/skaitytaknyga.lt\/en\/wp-json\/wp\/v2\/media\/19653"}],"wp:attachment":[{"href":"https:\/\/skaitytaknyga.lt\/en\/wp-json\/wp\/v2\/media?parent=19648"}],"wp:term":[{"taxonomy":"product_brand","embeddable":true,"href":"https:\/\/skaitytaknyga.lt\/en\/wp-json\/wp\/v2\/product_brand?post=19648"},{"taxonomy":"product_cat","embeddable":true,"href":"https:\/\/skaitytaknyga.lt\/en\/wp-json\/wp\/v2\/product_cat?post=19648"},{"taxonomy":"product_tag","embeddable":true,"href":"https:\/\/skaitytaknyga.lt\/en\/wp-json\/wp\/v2\/product_tag?post=19648"}],"curies":[{"name":"wp","href":"https:\/\/api.w.org\/{rel}","templated":true}]}}