{"id":19645,"date":"2025-07-21T21:42:52","date_gmt":"2025-07-21T18:42:52","guid":{"rendered":"https:\/\/skaitytaknyga.lt\/?post_type=product&#038;p=19645"},"modified":"2026-03-05T13:12:50","modified_gmt":"2026-03-05T11:12:50","slug":"kuno-terapija-mano-gyvenime-virselio-defektas","status":"publish","type":"product","link":"https:\/\/skaitytaknyga.lt\/en\/produktas\/kuno-terapija-mano-gyvenime-virselio-defektas\/","title":{"rendered":"K\u016bno terapija mano gyvenime (vir\u0161elio defektas)"},"content":{"rendered":"<p>\u201eSteb\u0117ti savo k\u016bno b\u016bsen\u0105 ir i\u0161jausti jausmus reikia tam, kad b\u016btume sveiki. Prie\u0161ingu atveju anks\u010diau ar v\u0117liau bus reikalinga terapija, nes visi m\u016bs\u0173 nei\u0161reik\u0161ti jausmai lieka k\u016bne. Mano patirtis leid\u017eia teigti, kad n\u0117ra geresnio gyvenime kelrod\u017eio u\u017e nuosav\u0105 k\u016bn\u0105. Jis \u2013 geriausias m\u016bs\u0173 draugas.\u201c<\/p>\n<p>Rasa Ma\u017eionien\u0117<\/p>\n<p>Knygoje \u201eK\u016bno terapija mano gyvenime&#8221; Rasa Ma\u017eionien\u0117 dalijasi savo asmeniniais atradimais, patirtimis bei \u012f\u017evalgomis, kaip svarbu steb\u0117ti savo k\u016bno b\u016bsen\u0105 ir i\u0161jausti jausmus tam, kad b\u016btume sveiki. Dalydamasi praktiniais pavyzd\u017eiais terapeut\u0117 kvie\u010dia pasteb\u0117ti tai, \u012f k\u0105 da\u017eniausiai neatkreipiame d\u0117mesio.<\/p>\n<p>\u0160ioje knygoje rasite reikiam\u0105 informacij\u0105 ir praktini\u0173 u\u017eduo\u010di\u0173 kompleks\u0105, pad\u0117siant\u012f susigr\u0105\u017einti sveikat\u0105, laim\u0119 ir s\u0117km\u0119. Rasa teigia, kad n\u0117ra geresnio gyvenime kelrod\u017eio u\u017e nuosav\u0105 k\u016bn\u0105. Jis \u2013 geriausias m\u016bs\u0173 draugas.<\/p>\n","protected":false},"excerpt":{"rendered":"<p>\u201eSteb\u0117ti savo k\u016bno b\u016bsen\u0105 ir i\u0161jausti jausmus reikia tam, kad b\u016btume sveiki. Prie\u0161ingu atveju anks\u010diau ar v\u0117liau bus reikalinga terapija, nes visi m\u016bs\u0173 nei\u0161reik\u0161ti jausmai lieka k\u016bne. Mano patirtis leid\u017eia teigti, kad n\u0117ra geresnio gyvenime kelrod\u017eio u\u017e nuosav\u0105 k\u016bn\u0105. Jis \u2013 geriausias m\u016bs\u0173 draugas.\u201c Rasa Ma\u017eionien\u0117 Knygoje \u201eK\u016bno terapija mano gyvenime&#8221; Rasa Ma\u017eionien\u0117 dalijasi savo asmeniniais atradimais, patirtimis bei \u012f\u017evalgomis, kaip svarbu steb\u0117ti savo k\u016bno b\u016bsen\u0105 ir i\u0161jausti jausmus tam, kad b\u016btume sveiki. Dalydamasi praktiniais pavyzd\u017eiais terapeut\u0117 kvie\u010dia pasteb\u0117ti tai, \u012f k\u0105 da\u017eniausiai neatkreipiame d\u0117mesio. \u0160ioje knygoje rasite reikiam\u0105 informacij\u0105 ir praktini\u0173 u\u017eduo\u010di\u0173 kompleks\u0105, pad\u0117siant\u012f susigr\u0105\u017einti sveikat\u0105, laim\u0119 ir s\u0117km\u0119. Rasa teigia, kad n\u0117ra geresnio gyvenime kelrod\u017eio u\u017e nuosav\u0105 k\u016bn\u0105. Jis \u2013 geriausias m\u016bs\u0173 draugas.<\/p>\n","protected":false},"featured_media":19647,"comment_status":"open","ping_status":"closed","template":"","meta":{"_acf_changed":false,"site-sidebar-layout":"default","site-content-layout":"","ast-site-content-layout":"default","site-content-style":"default","site-sidebar-style":"default","ast-global-header-display":"","ast-banner-title-visibility":"","ast-main-header-display":"","ast-hfb-above-header-display":"","ast-hfb-below-header-display":"","ast-hfb-mobile-header-display":"","site-post-title":"","ast-breadcrumbs-content":"","ast-featured-img":"","footer-sml-layout":"","ast-disable-related-posts":"","theme-transparent-header-meta":"","adv-header-id-meta":"","stick-header-meta":"","header-above-stick-meta":"","header-main-stick-meta":"","header-below-stick-meta":"","astra-migrate-meta-layouts":"default","ast-page-background-enabled":"default","ast-page-background-meta":{"desktop":{"background-color":"","background-image":"","background-repeat":"repeat","background-position":"center center","background-size":"auto","background-attachment":"scroll","background-type":"","background-media":"","overlay-type":"","overlay-color":"","overlay-opacity":"","overlay-gradient":""},"tablet":{"background-color":"","background-image":"","background-repeat":"repeat","background-position":"center center","background-size":"auto","background-attachment":"scroll","background-type":"","background-media":"","overlay-type":"","overlay-color":"","overlay-opacity":"","overlay-gradient":""},"mobile":{"background-color":"","background-image":"","background-repeat":"repeat","background-position":"center center","background-size":"auto","background-attachment":"scroll","background-type":"","background-media":"","overlay-type":"","overlay-color":"","overlay-opacity":"","overlay-gradient":""}},"ast-content-background-meta":{"desktop":{"background-color":"var(--ast-global-color-4)","background-image":"","background-repeat":"repeat","background-position":"center center","background-size":"auto","background-attachment":"scroll","background-type":"","background-media":"","overlay-type":"","overlay-color":"","overlay-opacity":"","overlay-gradient":""},"tablet":{"background-color":"var(--ast-global-color-4)","background-image":"","background-repeat":"repeat","background-position":"center center","background-size":"auto","background-attachment":"scroll","background-type":"","background-media":"","overlay-type":"","overlay-color":"","overlay-opacity":"","overlay-gradient":""},"mobile":{"background-color":"var(--ast-global-color-4)","background-image":"","background-repeat":"repeat","background-position":"center center","background-size":"auto","background-attachment":"scroll","background-type":"","background-media":"","overlay-type":"","overlay-color":"","overlay-opacity":"","overlay-gradient":""}}},"product_brand":[],"product_cat":[15],"product_tag":[1525,6375,3343,6374,1396,1680],"class_list":{"0":"post-19645","1":"product","2":"type-product","3":"status-publish","4":"has-post-thumbnail","6":"product_cat-uncategorized","7":"product_tag-emocijos","8":"product_tag-kuno-terapija","9":"product_tag-praktika","10":"product_tag-rasa-mazioniene","11":"product_tag-saviugda","12":"product_tag-sveikata","13":"desktop-align-left","14":"tablet-align-left","15":"mobile-align-left","17":"first","18":"outofstock","19":"shipping-taxable","20":"purchasable","21":"product-type-simple"},"acf":[],"yoast_head":"<!-- This site is optimized with the Yoast SEO plugin v27.0 - https:\/\/yoast.com\/product\/yoast-seo-wordpress\/ -->\n<title>K\u016bno terapija mano gyvenime (vir\u0161elio defektas)<\/title>\n<meta name=\"description\" content=\"\u201eSteb\u0117ti savo k\u016bno b\u016bsen\u0105 ir i\u0161jausti jausmus reikia tam, kad b\u016btume sveiki. Prie\u0161ingu atveju anks\u010diau ar v\u0117liau bus reikalinga terapija, nes visi m\u016bs\u0173\" \/>\n<meta name=\"robots\" content=\"index, follow, max-snippet:-1, max-image-preview:large, max-video-preview:-1\" \/>\n<link rel=\"canonical\" href=\"https:\/\/skaitytaknyga.lt\/en\/produktas\/kuno-terapija-mano-gyvenime-virselio-defektas\/\" \/>\n<meta property=\"og:locale\" content=\"en_GB\" \/>\n<meta property=\"og:locale:alternate\" content=\"lt_LT\" \/>\n<meta property=\"og:type\" content=\"article\" \/>\n<meta property=\"og:title\" content=\"K\u016bno terapija mano gyvenime (vir\u0161elio defektas)\" \/>\n<meta property=\"og:description\" content=\"\u201eSteb\u0117ti savo k\u016bno b\u016bsen\u0105 ir i\u0161jausti jausmus reikia tam, kad b\u016btume sveiki. Prie\u0161ingu atveju anks\u010diau ar v\u0117liau bus reikalinga terapija, nes visi m\u016bs\u0173\" \/>\n<meta property=\"og:url\" content=\"https:\/\/skaitytaknyga.lt\/en\/produktas\/kuno-terapija-mano-gyvenime-virselio-defektas\/\" \/>\n<meta property=\"og:site_name\" content=\"Skaitytaknyga\" \/>\n<meta property=\"article:publisher\" content=\"https:\/\/www.facebook.com\/skaitytaknyga\/\" \/>\n<meta property=\"article:modified_time\" content=\"2026-03-05T11:12:50+00:00\" \/>\n<meta property=\"og:image\" content=\"https:\/\/skaitytaknyga.lt\/wp-content\/uploads\/2025\/07\/Kuno-terapija-mano-gyvenime.webp\" \/>\n\t<meta property=\"og:image:width\" content=\"534\" \/>\n\t<meta property=\"og:image:height\" content=\"801\" \/>\n\t<meta property=\"og:image:type\" content=\"image\/webp\" \/>\n<meta name=\"twitter:card\" content=\"summary_large_image\" \/>\n<meta name=\"twitter:label1\" content=\"Estimated reading time\" \/>\n\t<meta name=\"twitter:data1\" content=\"1 minute\" \/>\n<script type=\"application\/ld+json\" class=\"yoast-schema-graph\">{\"@context\":\"https:\/\/schema.org\",\"@graph\":[{\"@type\":\"WebPage\",\"@id\":\"https:\/\/skaitytaknyga.lt\/produktas\/kuno-terapija-mano-gyvenime-virselio-defektas\/\",\"url\":\"https:\/\/skaitytaknyga.lt\/produktas\/kuno-terapija-mano-gyvenime-virselio-defektas\/\",\"name\":\"K\u016bno terapija mano gyvenime (vir\u0161elio defektas)\",\"isPartOf\":{\"@id\":\"https:\/\/skaitytaknyga.lt\/#website\"},\"primaryImageOfPage\":{\"@id\":\"https:\/\/skaitytaknyga.lt\/produktas\/kuno-terapija-mano-gyvenime-virselio-defektas\/#primaryimage\"},\"image\":{\"@id\":\"https:\/\/skaitytaknyga.lt\/produktas\/kuno-terapija-mano-gyvenime-virselio-defektas\/#primaryimage\"},\"thumbnailUrl\":\"https:\/\/skaitytaknyga.lt\/wp-content\/uploads\/2025\/07\/Kuno-terapija-mano-gyvenime.webp\",\"datePublished\":\"2025-07-21T18:42:52+00:00\",\"dateModified\":\"2026-03-05T11:12:50+00:00\",\"description\":\"\u201eSteb\u0117ti savo k\u016bno b\u016bsen\u0105 ir i\u0161jausti jausmus reikia tam, kad b\u016btume sveiki. Prie\u0161ingu atveju anks\u010diau ar v\u0117liau bus reikalinga terapija, nes visi m\u016bs\u0173\",\"breadcrumb\":{\"@id\":\"https:\/\/skaitytaknyga.lt\/produktas\/kuno-terapija-mano-gyvenime-virselio-defektas\/#breadcrumb\"},\"inLanguage\":\"en-GB\",\"potentialAction\":[{\"@type\":\"ReadAction\",\"target\":[\"https:\/\/skaitytaknyga.lt\/produktas\/kuno-terapija-mano-gyvenime-virselio-defektas\/\"]}]},{\"@type\":\"ImageObject\",\"inLanguage\":\"en-GB\",\"@id\":\"https:\/\/skaitytaknyga.lt\/produktas\/kuno-terapija-mano-gyvenime-virselio-defektas\/#primaryimage\",\"url\":\"https:\/\/skaitytaknyga.lt\/wp-content\/uploads\/2025\/07\/Kuno-terapija-mano-gyvenime.webp\",\"contentUrl\":\"https:\/\/skaitytaknyga.lt\/wp-content\/uploads\/2025\/07\/Kuno-terapija-mano-gyvenime.webp\",\"width\":534,\"height\":801},{\"@type\":\"BreadcrumbList\",\"@id\":\"https:\/\/skaitytaknyga.lt\/produktas\/kuno-terapija-mano-gyvenime-virselio-defektas\/#breadcrumb\",\"itemListElement\":[{\"@type\":\"ListItem\",\"position\":1,\"name\":\"Home\",\"item\":\"https:\/\/skaitytaknyga.lt\/\"},{\"@type\":\"ListItem\",\"position\":2,\"name\":\"Parduotuv\u0117\",\"item\":\"https:\/\/skaitytaknyga.lt\/knygu-parduotuve\/\"},{\"@type\":\"ListItem\",\"position\":3,\"name\":\"K\u016bno terapija mano gyvenime (vir\u0161elio defektas)\"}]},{\"@type\":\"WebSite\",\"@id\":\"https:\/\/skaitytaknyga.lt\/#website\",\"url\":\"https:\/\/skaitytaknyga.lt\/\",\"name\":\"skaitytaknyga.lt\",\"description\":\"Skaitytaknyga.lt \u2013 tai ma\u017eas \u0161eimos verslas, kuris prasid\u0117jo nuo meil\u0117s knygoms ir siekio i\u0161gelb\u0117ti knygas nuo likimo prie konteinerio. Kas vienam nereikalingas daiktas \u2013 kitam lobis, o mes esame tarpininkai, kurie padeda abiems tapti laimingesniems ???? \u017dinome kaip nelengva i\u0161gyventi ma\u017eiems verslams, tad nuo \u0161iol, \u010dia rasite ir kit\u0173, ma\u017e\u0173 \u0161eim\u0173 versl\u0173, rank\u0173 darbo, dovan\u0173 sau ir artimiesiems.\",\"publisher\":{\"@id\":\"https:\/\/skaitytaknyga.lt\/#organization\"},\"potentialAction\":[{\"@type\":\"SearchAction\",\"target\":{\"@type\":\"EntryPoint\",\"urlTemplate\":\"https:\/\/skaitytaknyga.lt\/?s={search_term_string}\"},\"query-input\":{\"@type\":\"PropertyValueSpecification\",\"valueRequired\":true,\"valueName\":\"search_term_string\"}}],\"inLanguage\":\"en-GB\"},{\"@type\":\"Organization\",\"@id\":\"https:\/\/skaitytaknyga.lt\/#organization\",\"name\":\"skaitytaknyga.lt\",\"url\":\"https:\/\/skaitytaknyga.lt\/\",\"logo\":{\"@type\":\"ImageObject\",\"inLanguage\":\"en-GB\",\"@id\":\"https:\/\/skaitytaknyga.lt\/#\/schema\/logo\/image\/\",\"url\":\"https:\/\/skaitytaknyga.lt\/wp-content\/uploads\/2024\/05\/cropped-cropped-cropped-02_00843_jt3bggkj1j3HLc7SyY6rEUpg.jpeg\",\"contentUrl\":\"https:\/\/skaitytaknyga.lt\/wp-content\/uploads\/2024\/05\/cropped-cropped-cropped-02_00843_jt3bggkj1j3HLc7SyY6rEUpg.jpeg\",\"width\":1600,\"height\":1600,\"caption\":\"skaitytaknyga.lt\"},\"image\":{\"@id\":\"https:\/\/skaitytaknyga.lt\/#\/schema\/logo\/image\/\"},\"sameAs\":[\"https:\/\/www.facebook.com\/skaitytaknyga\/\"]}]}<\/script>\n<!-- \/ Yoast SEO plugin. -->","yoast_head_json":{"title":"K\u016bno terapija mano gyvenime (vir\u0161elio defektas)","description":"\u201eSteb\u0117ti savo k\u016bno b\u016bsen\u0105 ir i\u0161jausti jausmus reikia tam, kad b\u016btume sveiki. Prie\u0161ingu atveju anks\u010diau ar v\u0117liau bus reikalinga terapija, nes visi m\u016bs\u0173","robots":{"index":"index","follow":"follow","max-snippet":"max-snippet:-1","max-image-preview":"max-image-preview:large","max-video-preview":"max-video-preview:-1"},"canonical":"https:\/\/skaitytaknyga.lt\/en\/produktas\/kuno-terapija-mano-gyvenime-virselio-defektas\/","og_locale":"en_GB","og_type":"article","og_title":"[:lt]K\u016bno terapija mano gyvenime (vir\u0161elio defektas)[:] - Skaitytaknyga","og_description":"\u201eSteb\u0117ti savo k\u016bno b\u016bsen\u0105 ir i\u0161jausti jausmus reikia tam, kad b\u016btume sveiki. Prie\u0161ingu atveju anks\u010diau ar v\u0117liau bus reikalinga terapija, nes visi m\u016bs\u0173","og_url":"https:\/\/skaitytaknyga.lt\/en\/produktas\/kuno-terapija-mano-gyvenime-virselio-defektas\/","og_site_name":"Skaitytaknyga","article_publisher":"https:\/\/www.facebook.com\/skaitytaknyga\/","article_modified_time":"2026-03-05T11:12:50+00:00","og_image":[{"width":534,"height":801,"url":"https:\/\/skaitytaknyga.lt\/wp-content\/uploads\/2025\/07\/Kuno-terapija-mano-gyvenime.webp","type":"image\/webp"}],"twitter_card":"summary_large_image","twitter_misc":{"Estimated reading time":"1 minute"},"schema":{"@context":"https:\/\/schema.org","@graph":[{"@type":"WebPage","@id":"https:\/\/skaitytaknyga.lt\/produktas\/kuno-terapija-mano-gyvenime-virselio-defektas\/","url":"https:\/\/skaitytaknyga.lt\/produktas\/kuno-terapija-mano-gyvenime-virselio-defektas\/","name":"K\u016bno terapija mano gyvenime (vir\u0161elio defektas)","isPartOf":{"@id":"https:\/\/skaitytaknyga.lt\/#website"},"primaryImageOfPage":{"@id":"https:\/\/skaitytaknyga.lt\/produktas\/kuno-terapija-mano-gyvenime-virselio-defektas\/#primaryimage"},"image":{"@id":"https:\/\/skaitytaknyga.lt\/produktas\/kuno-terapija-mano-gyvenime-virselio-defektas\/#primaryimage"},"thumbnailUrl":"https:\/\/skaitytaknyga.lt\/wp-content\/uploads\/2025\/07\/Kuno-terapija-mano-gyvenime.webp","datePublished":"2025-07-21T18:42:52+00:00","dateModified":"2026-03-05T11:12:50+00:00","description":"\u201eSteb\u0117ti savo k\u016bno b\u016bsen\u0105 ir i\u0161jausti jausmus reikia tam, kad b\u016btume sveiki. Prie\u0161ingu atveju anks\u010diau ar v\u0117liau bus reikalinga terapija, nes visi m\u016bs\u0173","breadcrumb":{"@id":"https:\/\/skaitytaknyga.lt\/produktas\/kuno-terapija-mano-gyvenime-virselio-defektas\/#breadcrumb"},"inLanguage":"en-GB","potentialAction":[{"@type":"ReadAction","target":["https:\/\/skaitytaknyga.lt\/produktas\/kuno-terapija-mano-gyvenime-virselio-defektas\/"]}]},{"@type":"ImageObject","inLanguage":"en-GB","@id":"https:\/\/skaitytaknyga.lt\/produktas\/kuno-terapija-mano-gyvenime-virselio-defektas\/#primaryimage","url":"https:\/\/skaitytaknyga.lt\/wp-content\/uploads\/2025\/07\/Kuno-terapija-mano-gyvenime.webp","contentUrl":"https:\/\/skaitytaknyga.lt\/wp-content\/uploads\/2025\/07\/Kuno-terapija-mano-gyvenime.webp","width":534,"height":801},{"@type":"BreadcrumbList","@id":"https:\/\/skaitytaknyga.lt\/produktas\/kuno-terapija-mano-gyvenime-virselio-defektas\/#breadcrumb","itemListElement":[{"@type":"ListItem","position":1,"name":"Home","item":"https:\/\/skaitytaknyga.lt\/"},{"@type":"ListItem","position":2,"name":"Parduotuv\u0117","item":"https:\/\/skaitytaknyga.lt\/knygu-parduotuve\/"},{"@type":"ListItem","position":3,"name":"K\u016bno terapija mano gyvenime (vir\u0161elio defektas)"}]},{"@type":"WebSite","@id":"https:\/\/skaitytaknyga.lt\/#website","url":"https:\/\/skaitytaknyga.lt\/","name":"skaitytaknyga.lt","description":"Skaitytaknyga.lt \u2013 tai ma\u017eas \u0161eimos verslas, kuris prasid\u0117jo nuo meil\u0117s knygoms ir siekio i\u0161gelb\u0117ti knygas nuo likimo prie konteinerio. Kas vienam nereikalingas daiktas \u2013 kitam lobis, o mes esame tarpininkai, kurie padeda abiems tapti laimingesniems ???? \u017dinome kaip nelengva i\u0161gyventi ma\u017eiems verslams, tad nuo \u0161iol, \u010dia rasite ir kit\u0173, ma\u017e\u0173 \u0161eim\u0173 versl\u0173, rank\u0173 darbo, dovan\u0173 sau ir artimiesiems.","publisher":{"@id":"https:\/\/skaitytaknyga.lt\/#organization"},"potentialAction":[{"@type":"SearchAction","target":{"@type":"EntryPoint","urlTemplate":"https:\/\/skaitytaknyga.lt\/?s={search_term_string}"},"query-input":{"@type":"PropertyValueSpecification","valueRequired":true,"valueName":"search_term_string"}}],"inLanguage":"en-GB"},{"@type":"Organization","@id":"https:\/\/skaitytaknyga.lt\/#organization","name":"skaitytaknyga.lt","url":"https:\/\/skaitytaknyga.lt\/","logo":{"@type":"ImageObject","inLanguage":"en-GB","@id":"https:\/\/skaitytaknyga.lt\/#\/schema\/logo\/image\/","url":"https:\/\/skaitytaknyga.lt\/wp-content\/uploads\/2024\/05\/cropped-cropped-cropped-02_00843_jt3bggkj1j3HLc7SyY6rEUpg.jpeg","contentUrl":"https:\/\/skaitytaknyga.lt\/wp-content\/uploads\/2024\/05\/cropped-cropped-cropped-02_00843_jt3bggkj1j3HLc7SyY6rEUpg.jpeg","width":1600,"height":1600,"caption":"skaitytaknyga.lt"},"image":{"@id":"https:\/\/skaitytaknyga.lt\/#\/schema\/logo\/image\/"},"sameAs":["https:\/\/www.facebook.com\/skaitytaknyga\/"]}]}},"_links":{"self":[{"href":"https:\/\/skaitytaknyga.lt\/en\/wp-json\/wp\/v2\/product\/19645","targetHints":{"allow":["GET"]}}],"collection":[{"href":"https:\/\/skaitytaknyga.lt\/en\/wp-json\/wp\/v2\/product"}],"about":[{"href":"https:\/\/skaitytaknyga.lt\/en\/wp-json\/wp\/v2\/types\/product"}],"replies":[{"embeddable":true,"href":"https:\/\/skaitytaknyga.lt\/en\/wp-json\/wp\/v2\/comments?post=19645"}],"wp:featuredmedia":[{"embeddable":true,"href":"https:\/\/skaitytaknyga.lt\/en\/wp-json\/wp\/v2\/media\/19647"}],"wp:attachment":[{"href":"https:\/\/skaitytaknyga.lt\/en\/wp-json\/wp\/v2\/media?parent=19645"}],"wp:term":[{"taxonomy":"product_brand","embeddable":true,"href":"https:\/\/skaitytaknyga.lt\/en\/wp-json\/wp\/v2\/product_brand?post=19645"},{"taxonomy":"product_cat","embeddable":true,"href":"https:\/\/skaitytaknyga.lt\/en\/wp-json\/wp\/v2\/product_cat?post=19645"},{"taxonomy":"product_tag","embeddable":true,"href":"https:\/\/skaitytaknyga.lt\/en\/wp-json\/wp\/v2\/product_tag?post=19645"}],"curies":[{"name":"wp","href":"https:\/\/api.w.org\/{rel}","templated":true}]}}