{"id":19641,"date":"2025-07-21T21:37:50","date_gmt":"2025-07-21T18:37:50","guid":{"rendered":"https:\/\/skaitytaknyga.lt\/?post_type=product&#038;p=19641"},"modified":"2026-03-05T13:36:27","modified_gmt":"2026-03-05T11:36:27","slug":"ieskoma-guvernante-damos-ir-hercogai-2-knyga","status":"publish","type":"product","link":"https:\/\/skaitytaknyga.lt\/en\/produktas\/ieskoma-guvernante-damos-ir-hercogai-2-knyga\/","title":{"rendered":"Ie\u0161koma: guvernant\u0117. Damos ir hercogai. 2 knyga"},"content":{"rendered":"<p>Kai pagrindinis pragyvenimo \u0161altinis i\u0161spr\u016bsta i\u0161 rank\u0173, Aleksandra Mauntbaten imasi ne\u012fveikiamos u\u017eduoties: dvi pa\u0161\u0117lusias na\u0161laites paversti gerai i\u0161aukl\u0117tomis jaunomis ledi. Mergait\u0117ms nereikia mu\u0161tro \u2013 joms reikia mylin\u010dios \u0161eimos. Ta\u010diau pabandyk tai i\u0161ai\u0161kinti j\u0173 glob\u0117jui \u010ceisui Reinaudui, b\u016bsimajam hercogui ir Londono dam\u0173 geid\u017eiamam meilu\u017eiui. Aleksandra privalo kaip nors pasiekti \u0161io vyro \u0161ird\u012f&#8230; nerizikuodama prarasti savosios.<\/p>\n","protected":false},"excerpt":{"rendered":"<p>Kai pagrindinis pragyvenimo \u0161altinis i\u0161spr\u016bsta i\u0161 rank\u0173, Aleksandra Mauntbaten imasi ne\u012fveikiamos u\u017eduoties: dvi pa\u0161\u0117lusias na\u0161laites paversti gerai i\u0161aukl\u0117tomis jaunomis ledi. Mergait\u0117ms nereikia mu\u0161tro \u2013 joms reikia mylin\u010dios \u0161eimos. Ta\u010diau pabandyk tai i\u0161ai\u0161kinti j\u0173 glob\u0117jui \u010ceisui Reinaudui, b\u016bsimajam hercogui ir Londono dam\u0173 geid\u017eiamam meilu\u017eiui. Aleksandra privalo kaip nors pasiekti \u0161io vyro \u0161ird\u012f&#8230; nerizikuodama prarasti savosios.<\/p>\n","protected":false},"featured_media":19643,"comment_status":"open","ping_status":"closed","template":"","meta":{"_acf_changed":false,"site-sidebar-layout":"default","site-content-layout":"","ast-site-content-layout":"default","site-content-style":"default","site-sidebar-style":"default","ast-global-header-display":"","ast-banner-title-visibility":"","ast-main-header-display":"","ast-hfb-above-header-display":"","ast-hfb-below-header-display":"","ast-hfb-mobile-header-display":"","site-post-title":"","ast-breadcrumbs-content":"","ast-featured-img":"","footer-sml-layout":"","ast-disable-related-posts":"","theme-transparent-header-meta":"","adv-header-id-meta":"","stick-header-meta":"","header-above-stick-meta":"","header-main-stick-meta":"","header-below-stick-meta":"","astra-migrate-meta-layouts":"default","ast-page-background-enabled":"default","ast-page-background-meta":{"desktop":{"background-color":"","background-image":"","background-repeat":"repeat","background-position":"center center","background-size":"auto","background-attachment":"scroll","background-type":"","background-media":"","overlay-type":"","overlay-color":"","overlay-opacity":"","overlay-gradient":""},"tablet":{"background-color":"","background-image":"","background-repeat":"repeat","background-position":"center center","background-size":"auto","background-attachment":"scroll","background-type":"","background-media":"","overlay-type":"","overlay-color":"","overlay-opacity":"","overlay-gradient":""},"mobile":{"background-color":"","background-image":"","background-repeat":"repeat","background-position":"center center","background-size":"auto","background-attachment":"scroll","background-type":"","background-media":"","overlay-type":"","overlay-color":"","overlay-opacity":"","overlay-gradient":""}},"ast-content-background-meta":{"desktop":{"background-color":"var(--ast-global-color-4)","background-image":"","background-repeat":"repeat","background-position":"center center","background-size":"auto","background-attachment":"scroll","background-type":"","background-media":"","overlay-type":"","overlay-color":"","overlay-opacity":"","overlay-gradient":""},"tablet":{"background-color":"var(--ast-global-color-4)","background-image":"","background-repeat":"repeat","background-position":"center center","background-size":"auto","background-attachment":"scroll","background-type":"","background-media":"","overlay-type":"","overlay-color":"","overlay-opacity":"","overlay-gradient":""},"mobile":{"background-color":"var(--ast-global-color-4)","background-image":"","background-repeat":"repeat","background-position":"center center","background-size":"auto","background-attachment":"scroll","background-type":"","background-media":"","overlay-type":"","overlay-color":"","overlay-opacity":"","overlay-gradient":""}}},"product_brand":[],"product_cat":[9618],"product_tag":[6364,6371,2014,6370,2129,6369],"class_list":{"0":"post-19641","1":"product","2":"type-product","3":"status-publish","4":"has-post-thumbnail","6":"product_cat-istoriniai-romanai","7":"product_tag-guvernante","8":"product_tag-hercogas","9":"product_tag-meiles-romanas","10":"product_tag-regency","11":"product_tag-romantika","12":"product_tag-tessa-dare","13":"desktop-align-left","14":"tablet-align-left","15":"mobile-align-left","17":"first","18":"instock","19":"shipping-taxable","20":"purchasable","21":"product-type-simple"},"acf":[],"yoast_head":"<!-- This site is optimized with the Yoast SEO plugin v27.4 - https:\/\/yoast.com\/product\/yoast-seo-wordpress\/ -->\n<title>Ie\u0161koma: guvernant\u0117. Damos ir hercogai. 2 knyga<\/title>\n<meta name=\"description\" content=\"Kai pagrindinis pragyvenimo \u0161altinis i\u0161spr\u016bsta i\u0161 rank\u0173, Aleksandra Mauntbaten imasi ne\u012fveikiamos u\u017eduoties: dvi pa\u0161\u0117lusias na\u0161laites paversti gerai\" \/>\n<meta name=\"robots\" content=\"index, follow, max-snippet:-1, max-image-preview:large, max-video-preview:-1\" \/>\n<link rel=\"canonical\" href=\"https:\/\/skaitytaknyga.lt\/en\/produktas\/ieskoma-guvernante-damos-ir-hercogai-2-knyga\/\" \/>\n<meta property=\"og:locale\" content=\"en_GB\" \/>\n<meta property=\"og:locale:alternate\" content=\"lt_LT\" \/>\n<meta property=\"og:type\" content=\"article\" \/>\n<meta property=\"og:title\" content=\"Ie\u0161koma: guvernant\u0117. Damos ir hercogai. 2 knyga\" \/>\n<meta property=\"og:description\" content=\"Kai pagrindinis pragyvenimo \u0161altinis i\u0161spr\u016bsta i\u0161 rank\u0173, Aleksandra Mauntbaten imasi ne\u012fveikiamos u\u017eduoties: dvi pa\u0161\u0117lusias na\u0161laites paversti gerai\" \/>\n<meta property=\"og:url\" content=\"https:\/\/skaitytaknyga.lt\/en\/produktas\/ieskoma-guvernante-damos-ir-hercogai-2-knyga\/\" \/>\n<meta property=\"og:site_name\" content=\"Skaitytaknyga\" \/>\n<meta property=\"article:publisher\" content=\"https:\/\/www.facebook.com\/skaitytaknyga\/\" \/>\n<meta property=\"article:modified_time\" content=\"2026-03-05T11:36:27+00:00\" \/>\n<meta property=\"og:image\" content=\"https:\/\/skaitytaknyga.lt\/wp-content\/uploads\/2025\/07\/Ieskoma-guvernante.-Damos-ir-hercogai.-2-knyga.webp\" \/>\n\t<meta property=\"og:image:width\" content=\"303\" \/>\n\t<meta property=\"og:image:height\" content=\"424\" \/>\n\t<meta property=\"og:image:type\" content=\"image\/webp\" \/>\n<meta name=\"twitter:card\" content=\"summary_large_image\" \/>\n<script type=\"application\/ld+json\" class=\"yoast-schema-graph\">{\"@context\":\"https:\\\/\\\/schema.org\",\"@graph\":[{\"@type\":\"WebPage\",\"@id\":\"https:\\\/\\\/skaitytaknyga.lt\\\/produktas\\\/ieskoma-guvernante-damos-ir-hercogai-2-knyga\\\/\",\"url\":\"https:\\\/\\\/skaitytaknyga.lt\\\/produktas\\\/ieskoma-guvernante-damos-ir-hercogai-2-knyga\\\/\",\"name\":\"Ie\u0161koma: guvernant\u0117. Damos ir hercogai. 2 knyga\",\"isPartOf\":{\"@id\":\"https:\\\/\\\/skaitytaknyga.lt\\\/#website\"},\"primaryImageOfPage\":{\"@id\":\"https:\\\/\\\/skaitytaknyga.lt\\\/produktas\\\/ieskoma-guvernante-damos-ir-hercogai-2-knyga\\\/#primaryimage\"},\"image\":{\"@id\":\"https:\\\/\\\/skaitytaknyga.lt\\\/produktas\\\/ieskoma-guvernante-damos-ir-hercogai-2-knyga\\\/#primaryimage\"},\"thumbnailUrl\":\"https:\\\/\\\/skaitytaknyga.lt\\\/wp-content\\\/uploads\\\/2025\\\/07\\\/Ieskoma-guvernante.-Damos-ir-hercogai.-2-knyga.webp\",\"datePublished\":\"2025-07-21T18:37:50+00:00\",\"dateModified\":\"2026-03-05T11:36:27+00:00\",\"description\":\"Kai pagrindinis pragyvenimo \u0161altinis i\u0161spr\u016bsta i\u0161 rank\u0173, Aleksandra Mauntbaten imasi ne\u012fveikiamos u\u017eduoties: dvi pa\u0161\u0117lusias na\u0161laites paversti gerai\",\"breadcrumb\":{\"@id\":\"https:\\\/\\\/skaitytaknyga.lt\\\/produktas\\\/ieskoma-guvernante-damos-ir-hercogai-2-knyga\\\/#breadcrumb\"},\"inLanguage\":\"en-GB\",\"potentialAction\":[{\"@type\":\"ReadAction\",\"target\":[\"https:\\\/\\\/skaitytaknyga.lt\\\/produktas\\\/ieskoma-guvernante-damos-ir-hercogai-2-knyga\\\/\"]}]},{\"@type\":\"ImageObject\",\"inLanguage\":\"en-GB\",\"@id\":\"https:\\\/\\\/skaitytaknyga.lt\\\/produktas\\\/ieskoma-guvernante-damos-ir-hercogai-2-knyga\\\/#primaryimage\",\"url\":\"https:\\\/\\\/skaitytaknyga.lt\\\/wp-content\\\/uploads\\\/2025\\\/07\\\/Ieskoma-guvernante.-Damos-ir-hercogai.-2-knyga.webp\",\"contentUrl\":\"https:\\\/\\\/skaitytaknyga.lt\\\/wp-content\\\/uploads\\\/2025\\\/07\\\/Ieskoma-guvernante.-Damos-ir-hercogai.-2-knyga.webp\",\"width\":303,\"height\":424},{\"@type\":\"BreadcrumbList\",\"@id\":\"https:\\\/\\\/skaitytaknyga.lt\\\/produktas\\\/ieskoma-guvernante-damos-ir-hercogai-2-knyga\\\/#breadcrumb\",\"itemListElement\":[{\"@type\":\"ListItem\",\"position\":1,\"name\":\"Home\",\"item\":\"https:\\\/\\\/skaitytaknyga.lt\\\/\"},{\"@type\":\"ListItem\",\"position\":2,\"name\":\"Parduotuv\u0117\",\"item\":\"https:\\\/\\\/skaitytaknyga.lt\\\/knygu-parduotuve\\\/\"},{\"@type\":\"ListItem\",\"position\":3,\"name\":\"Ie\u0161koma: guvernant\u0117. Damos ir hercogai. 2 knyga\"}]},{\"@type\":\"WebSite\",\"@id\":\"https:\\\/\\\/skaitytaknyga.lt\\\/#website\",\"url\":\"https:\\\/\\\/skaitytaknyga.lt\\\/\",\"name\":\"skaitytaknyga.lt\",\"description\":\"Skaitytaknyga.lt \u2013 tai ma\u017eas \u0161eimos verslas, kuris prasid\u0117jo nuo meil\u0117s knygoms ir siekio i\u0161gelb\u0117ti knygas nuo likimo prie konteinerio. Kas vienam nereikalingas daiktas \u2013 kitam lobis, o mes esame tarpininkai, kurie padeda abiems tapti laimingesniems ???? \u017dinome kaip nelengva i\u0161gyventi ma\u017eiems verslams, tad nuo \u0161iol, \u010dia rasite ir kit\u0173, ma\u017e\u0173 \u0161eim\u0173 versl\u0173, rank\u0173 darbo, dovan\u0173 sau ir artimiesiems.\",\"publisher\":{\"@id\":\"https:\\\/\\\/skaitytaknyga.lt\\\/#organization\"},\"potentialAction\":[{\"@type\":\"SearchAction\",\"target\":{\"@type\":\"EntryPoint\",\"urlTemplate\":\"https:\\\/\\\/skaitytaknyga.lt\\\/?s={search_term_string}\"},\"query-input\":{\"@type\":\"PropertyValueSpecification\",\"valueRequired\":true,\"valueName\":\"search_term_string\"}}],\"inLanguage\":\"en-GB\"},{\"@type\":\"Organization\",\"@id\":\"https:\\\/\\\/skaitytaknyga.lt\\\/#organization\",\"name\":\"skaitytaknyga.lt\",\"url\":\"https:\\\/\\\/skaitytaknyga.lt\\\/\",\"logo\":{\"@type\":\"ImageObject\",\"inLanguage\":\"en-GB\",\"@id\":\"https:\\\/\\\/skaitytaknyga.lt\\\/#\\\/schema\\\/logo\\\/image\\\/\",\"url\":\"https:\\\/\\\/skaitytaknyga.lt\\\/wp-content\\\/uploads\\\/2024\\\/05\\\/cropped-cropped-cropped-02_00843_jt3bggkj1j3HLc7SyY6rEUpg.jpeg\",\"contentUrl\":\"https:\\\/\\\/skaitytaknyga.lt\\\/wp-content\\\/uploads\\\/2024\\\/05\\\/cropped-cropped-cropped-02_00843_jt3bggkj1j3HLc7SyY6rEUpg.jpeg\",\"width\":1600,\"height\":1600,\"caption\":\"skaitytaknyga.lt\"},\"image\":{\"@id\":\"https:\\\/\\\/skaitytaknyga.lt\\\/#\\\/schema\\\/logo\\\/image\\\/\"},\"sameAs\":[\"https:\\\/\\\/www.facebook.com\\\/skaitytaknyga\\\/\"]}]}<\/script>\n<!-- \/ Yoast SEO plugin. -->","yoast_head_json":{"title":"Ie\u0161koma: guvernant\u0117. Damos ir hercogai. 2 knyga","description":"Kai pagrindinis pragyvenimo \u0161altinis i\u0161spr\u016bsta i\u0161 rank\u0173, Aleksandra Mauntbaten imasi ne\u012fveikiamos u\u017eduoties: dvi pa\u0161\u0117lusias na\u0161laites paversti gerai","robots":{"index":"index","follow":"follow","max-snippet":"max-snippet:-1","max-image-preview":"max-image-preview:large","max-video-preview":"max-video-preview:-1"},"canonical":"https:\/\/skaitytaknyga.lt\/en\/produktas\/ieskoma-guvernante-damos-ir-hercogai-2-knyga\/","og_locale":"en_GB","og_type":"article","og_title":"[:lt]Ie\u0161koma: guvernant\u0117. Damos ir hercogai. 2 knyga[:] - Skaitytaknyga","og_description":"Kai pagrindinis pragyvenimo \u0161altinis i\u0161spr\u016bsta i\u0161 rank\u0173, Aleksandra Mauntbaten imasi ne\u012fveikiamos u\u017eduoties: dvi pa\u0161\u0117lusias na\u0161laites paversti gerai","og_url":"https:\/\/skaitytaknyga.lt\/en\/produktas\/ieskoma-guvernante-damos-ir-hercogai-2-knyga\/","og_site_name":"Skaitytaknyga","article_publisher":"https:\/\/www.facebook.com\/skaitytaknyga\/","article_modified_time":"2026-03-05T11:36:27+00:00","og_image":[{"width":303,"height":424,"url":"https:\/\/skaitytaknyga.lt\/wp-content\/uploads\/2025\/07\/Ieskoma-guvernante.-Damos-ir-hercogai.-2-knyga.webp","type":"image\/webp"}],"twitter_card":"summary_large_image","schema":{"@context":"https:\/\/schema.org","@graph":[{"@type":"WebPage","@id":"https:\/\/skaitytaknyga.lt\/produktas\/ieskoma-guvernante-damos-ir-hercogai-2-knyga\/","url":"https:\/\/skaitytaknyga.lt\/produktas\/ieskoma-guvernante-damos-ir-hercogai-2-knyga\/","name":"Ie\u0161koma: guvernant\u0117. Damos ir hercogai. 2 knyga","isPartOf":{"@id":"https:\/\/skaitytaknyga.lt\/#website"},"primaryImageOfPage":{"@id":"https:\/\/skaitytaknyga.lt\/produktas\/ieskoma-guvernante-damos-ir-hercogai-2-knyga\/#primaryimage"},"image":{"@id":"https:\/\/skaitytaknyga.lt\/produktas\/ieskoma-guvernante-damos-ir-hercogai-2-knyga\/#primaryimage"},"thumbnailUrl":"https:\/\/skaitytaknyga.lt\/wp-content\/uploads\/2025\/07\/Ieskoma-guvernante.-Damos-ir-hercogai.-2-knyga.webp","datePublished":"2025-07-21T18:37:50+00:00","dateModified":"2026-03-05T11:36:27+00:00","description":"Kai pagrindinis pragyvenimo \u0161altinis i\u0161spr\u016bsta i\u0161 rank\u0173, Aleksandra Mauntbaten imasi ne\u012fveikiamos u\u017eduoties: dvi pa\u0161\u0117lusias na\u0161laites paversti gerai","breadcrumb":{"@id":"https:\/\/skaitytaknyga.lt\/produktas\/ieskoma-guvernante-damos-ir-hercogai-2-knyga\/#breadcrumb"},"inLanguage":"en-GB","potentialAction":[{"@type":"ReadAction","target":["https:\/\/skaitytaknyga.lt\/produktas\/ieskoma-guvernante-damos-ir-hercogai-2-knyga\/"]}]},{"@type":"ImageObject","inLanguage":"en-GB","@id":"https:\/\/skaitytaknyga.lt\/produktas\/ieskoma-guvernante-damos-ir-hercogai-2-knyga\/#primaryimage","url":"https:\/\/skaitytaknyga.lt\/wp-content\/uploads\/2025\/07\/Ieskoma-guvernante.-Damos-ir-hercogai.-2-knyga.webp","contentUrl":"https:\/\/skaitytaknyga.lt\/wp-content\/uploads\/2025\/07\/Ieskoma-guvernante.-Damos-ir-hercogai.-2-knyga.webp","width":303,"height":424},{"@type":"BreadcrumbList","@id":"https:\/\/skaitytaknyga.lt\/produktas\/ieskoma-guvernante-damos-ir-hercogai-2-knyga\/#breadcrumb","itemListElement":[{"@type":"ListItem","position":1,"name":"Home","item":"https:\/\/skaitytaknyga.lt\/"},{"@type":"ListItem","position":2,"name":"Parduotuv\u0117","item":"https:\/\/skaitytaknyga.lt\/knygu-parduotuve\/"},{"@type":"ListItem","position":3,"name":"Ie\u0161koma: guvernant\u0117. Damos ir hercogai. 2 knyga"}]},{"@type":"WebSite","@id":"https:\/\/skaitytaknyga.lt\/#website","url":"https:\/\/skaitytaknyga.lt\/","name":"skaitytaknyga.lt","description":"Skaitytaknyga.lt \u2013 tai ma\u017eas \u0161eimos verslas, kuris prasid\u0117jo nuo meil\u0117s knygoms ir siekio i\u0161gelb\u0117ti knygas nuo likimo prie konteinerio. Kas vienam nereikalingas daiktas \u2013 kitam lobis, o mes esame tarpininkai, kurie padeda abiems tapti laimingesniems ???? \u017dinome kaip nelengva i\u0161gyventi ma\u017eiems verslams, tad nuo \u0161iol, \u010dia rasite ir kit\u0173, ma\u017e\u0173 \u0161eim\u0173 versl\u0173, rank\u0173 darbo, dovan\u0173 sau ir artimiesiems.","publisher":{"@id":"https:\/\/skaitytaknyga.lt\/#organization"},"potentialAction":[{"@type":"SearchAction","target":{"@type":"EntryPoint","urlTemplate":"https:\/\/skaitytaknyga.lt\/?s={search_term_string}"},"query-input":{"@type":"PropertyValueSpecification","valueRequired":true,"valueName":"search_term_string"}}],"inLanguage":"en-GB"},{"@type":"Organization","@id":"https:\/\/skaitytaknyga.lt\/#organization","name":"skaitytaknyga.lt","url":"https:\/\/skaitytaknyga.lt\/","logo":{"@type":"ImageObject","inLanguage":"en-GB","@id":"https:\/\/skaitytaknyga.lt\/#\/schema\/logo\/image\/","url":"https:\/\/skaitytaknyga.lt\/wp-content\/uploads\/2024\/05\/cropped-cropped-cropped-02_00843_jt3bggkj1j3HLc7SyY6rEUpg.jpeg","contentUrl":"https:\/\/skaitytaknyga.lt\/wp-content\/uploads\/2024\/05\/cropped-cropped-cropped-02_00843_jt3bggkj1j3HLc7SyY6rEUpg.jpeg","width":1600,"height":1600,"caption":"skaitytaknyga.lt"},"image":{"@id":"https:\/\/skaitytaknyga.lt\/#\/schema\/logo\/image\/"},"sameAs":["https:\/\/www.facebook.com\/skaitytaknyga\/"]}]}},"_links":{"self":[{"href":"https:\/\/skaitytaknyga.lt\/en\/wp-json\/wp\/v2\/product\/19641","targetHints":{"allow":["GET"]}}],"collection":[{"href":"https:\/\/skaitytaknyga.lt\/en\/wp-json\/wp\/v2\/product"}],"about":[{"href":"https:\/\/skaitytaknyga.lt\/en\/wp-json\/wp\/v2\/types\/product"}],"replies":[{"embeddable":true,"href":"https:\/\/skaitytaknyga.lt\/en\/wp-json\/wp\/v2\/comments?post=19641"}],"wp:featuredmedia":[{"embeddable":true,"href":"https:\/\/skaitytaknyga.lt\/en\/wp-json\/wp\/v2\/media\/19643"}],"wp:attachment":[{"href":"https:\/\/skaitytaknyga.lt\/en\/wp-json\/wp\/v2\/media?parent=19641"}],"wp:term":[{"taxonomy":"product_brand","embeddable":true,"href":"https:\/\/skaitytaknyga.lt\/en\/wp-json\/wp\/v2\/product_brand?post=19641"},{"taxonomy":"product_cat","embeddable":true,"href":"https:\/\/skaitytaknyga.lt\/en\/wp-json\/wp\/v2\/product_cat?post=19641"},{"taxonomy":"product_tag","embeddable":true,"href":"https:\/\/skaitytaknyga.lt\/en\/wp-json\/wp\/v2\/product_tag?post=19641"}],"curies":[{"name":"wp","href":"https:\/\/api.w.org\/{rel}","templated":true}]}}