{"id":19640,"date":"2025-07-21T21:37:50","date_gmt":"2025-07-21T18:37:50","guid":{"rendered":"https:\/\/skaitytaknyga.lt\/?post_type=product&#038;p=19640"},"modified":"2026-03-05T13:13:11","modified_gmt":"2026-03-05T11:13:11","slug":"leonidas-donskis-man-skauda","status":"publish","type":"product","link":"https:\/\/skaitytaknyga.lt\/en\/produktas\/leonidas-donskis-man-skauda\/","title":{"rendered":"Leonidas Donskis: Man skauda"},"content":{"rendered":"<p>Man skauda d\u0117l kit\u0173, vadinasi, esu \u2013 Leonidas Donskis<\/p>\n<p>Birut\u0117 Garbaravi\u010dien\u0117 \u2013 \u017einoma \u017eurnalist\u0117, filolog\u0117, visuomen\u0117s veik\u0117ja, Prezidento Valdo Adamkaus bibliotekos-muziejaus valdybos pirminink\u0117, Sugiharos fondo \u201eDiplomatai u\u017e gyvyb\u0119&#8221; valdybos nar\u0117, buvusi LRT laidos \u201eBe pyk\u010dio&#8221; redaktor\u0117, knygos \u201ePokalbiai be pyk\u010dio&#8221; sudarytoja.<\/p>\n<p>Knyga \u201eLeonidas Donskis: Man skauda&#8221; radosi i\u0161 noro ir pareigos sud\u0117ti \u012f knyg\u0105 ir \u0161iandien aktualius, galb\u016bt net prana\u0161i\u0161kus filosofo tekstus, mokan\u010dius i\u0161minties ir tolerancijos. \u010cia ir visuomen\u0117s diagnoz\u0117s, politologin\u0117s \u012f\u017evalgos, kult\u016bros ir \u0161vietimo problemos, svarstymai apie universitet\u0173 b\u016bkl\u0119 ir tai, kas visada r\u016bp\u0117jo Leonidui, \u2013 \u017emogi\u0161kumo, ap\u0161vietos, garbingo \u017eaidimo, orumo, tolerancijos, visuomen\u0117s atvirumo refleksijos, bandymas suprasti ir i\u0161girsti kit\u0105 ir kitok\u012f, dalintis savo ir kit\u0173 i\u0161mintimi. Tai filosofo mintys, kvie\u010dian\u010dios dialogui.<\/p>\n<p>Leonido Donskio mirtis sukr\u0117t\u0117 \u2013 staiga, per anksti, nebus, kas j\u012f pakei\u010dia&#8230; Dar ir \u0161iandien, po \u0161e\u0161eri\u0173 met\u0173, daug kas sako, kad vie\u0161ajame diskurse labai tr\u016bksta Donskio, jo geb\u0117jimo kalb\u0117ti ir susikalb\u0117ti be pyk\u010dio ir \u0161ali\u0161kumo, jo ypatingos asmenyb\u0117s \u0161viesos ir jautrumo. B\u016btent jautrumo, nes jam skaud\u0117jo tai, kas vyksta su mumis ir aplink mus. Paskutiniais savo gyvenimo metais jis labai daug dirbo, tarsi skub\u0117jo pasakyti ir para\u0161yti kuo daugiau. Jo tekst\u0173, komentar\u0173 ir \u012f\u017evalg\u0173 buvo ir televizijoje, ir spaudoje, ir portaluose. Jau seniai svars\u010diau, kad t\u0105 paskutini\u0173 met\u0173 pla\u010diai i\u0161sibars\u010diusi\u0105 publicistik\u0105 verta sud\u0117ti \u012f knyg\u0105, nes tie tekstai ne tik byloja apie tai, kas skaud\u0117jo Leonidui, \u2013 jie m\u016bs\u0173 laiko liudytojai, aktual\u016bs ir \u0161iandien, tarsi brand\u017eios pamokos, i\u0161skaud\u0117tos ir paremtos gilia patirtimi, pa\u017eenklintos \u017eai\u017earuojan\u010dia erudicija.<\/p>\n<p>Birut\u0117 Garbaravi\u010dien\u0117<\/p>\n","protected":false},"excerpt":{"rendered":"<p>Man skauda d\u0117l kit\u0173, vadinasi, esu \u2013 Leonidas Donskis Birut\u0117 Garbaravi\u010dien\u0117 \u2013 \u017einoma \u017eurnalist\u0117, filolog\u0117, visuomen\u0117s veik\u0117ja, Prezidento Valdo Adamkaus bibliotekos-muziejaus valdybos pirminink\u0117, Sugiharos fondo \u201eDiplomatai u\u017e gyvyb\u0119&#8221; valdybos nar\u0117, buvusi LRT laidos \u201eBe pyk\u010dio&#8221; redaktor\u0117, knygos \u201ePokalbiai be pyk\u010dio&#8221; sudarytoja. Knyga \u201eLeonidas Donskis: Man skauda&#8221; radosi i\u0161 noro ir pareigos sud\u0117ti \u012f knyg\u0105 ir \u0161iandien aktualius, galb\u016bt net prana\u0161i\u0161kus filosofo tekstus, mokan\u010dius i\u0161minties ir tolerancijos. \u010cia ir visuomen\u0117s diagnoz\u0117s, politologin\u0117s \u012f\u017evalgos, kult\u016bros ir \u0161vietimo problemos, svarstymai apie universitet\u0173 b\u016bkl\u0119 ir tai, kas visada r\u016bp\u0117jo Leonidui, \u2013 \u017emogi\u0161kumo, ap\u0161vietos, garbingo \u017eaidimo, orumo, tolerancijos, visuomen\u0117s atvirumo refleksijos, bandymas suprasti ir i\u0161girsti kit\u0105 ir kitok\u012f, dalintis savo ir kit\u0173 i\u0161mintimi. Tai filosofo mintys, kvie\u010dian\u010dios dialogui. Leonido Donskio mirtis sukr\u0117t\u0117 \u2013 staiga, per anksti, nebus, kas j\u012f pakei\u010dia&#8230; Dar ir \u0161iandien, po \u0161e\u0161eri\u0173 met\u0173, daug kas sako, kad vie\u0161ajame diskurse labai tr\u016bksta Donskio, jo geb\u0117jimo kalb\u0117ti ir susikalb\u0117ti be pyk\u010dio ir \u0161ali\u0161kumo, jo ypatingos asmenyb\u0117s \u0161viesos ir jautrumo. B\u016btent jautrumo, nes jam skaud\u0117jo tai, kas vyksta su mumis ir aplink mus. Paskutiniais savo gyvenimo metais jis labai daug dirbo, tarsi skub\u0117jo pasakyti ir para\u0161yti kuo daugiau. Jo tekst\u0173, komentar\u0173 ir \u012f\u017evalg\u0173 buvo ir televizijoje, ir spaudoje, ir portaluose. Jau seniai svars\u010diau, kad t\u0105 paskutini\u0173 met\u0173 pla\u010diai i\u0161sibars\u010diusi\u0105 publicistik\u0105 verta sud\u0117ti \u012f knyg\u0105, nes tie tekstai ne tik byloja apie tai, kas skaud\u0117jo Leonidui, \u2013 jie m\u016bs\u0173 laiko liudytojai, aktual\u016bs ir \u0161iandien, tarsi brand\u017eios pamokos, i\u0161skaud\u0117tos ir paremtos gilia patirtimi, pa\u017eenklintos \u017eai\u017earuojan\u010dia erudicija. Birut\u0117 Garbaravi\u010dien\u0117<\/p>\n","protected":false},"featured_media":19642,"comment_status":"open","ping_status":"closed","template":"","meta":{"_acf_changed":false,"site-sidebar-layout":"default","site-content-layout":"","ast-site-content-layout":"default","site-content-style":"default","site-sidebar-style":"default","ast-global-header-display":"","ast-banner-title-visibility":"","ast-main-header-display":"","ast-hfb-above-header-display":"","ast-hfb-below-header-display":"","ast-hfb-mobile-header-display":"","site-post-title":"","ast-breadcrumbs-content":"","ast-featured-img":"","footer-sml-layout":"","ast-disable-related-posts":"","theme-transparent-header-meta":"","adv-header-id-meta":"","stick-header-meta":"","header-above-stick-meta":"","header-main-stick-meta":"","header-below-stick-meta":"","astra-migrate-meta-layouts":"default","ast-page-background-enabled":"default","ast-page-background-meta":{"desktop":{"background-color":"","background-image":"","background-repeat":"repeat","background-position":"center center","background-size":"auto","background-attachment":"scroll","background-type":"","background-media":"","overlay-type":"","overlay-color":"","overlay-opacity":"","overlay-gradient":""},"tablet":{"background-color":"","background-image":"","background-repeat":"repeat","background-position":"center center","background-size":"auto","background-attachment":"scroll","background-type":"","background-media":"","overlay-type":"","overlay-color":"","overlay-opacity":"","overlay-gradient":""},"mobile":{"background-color":"","background-image":"","background-repeat":"repeat","background-position":"center center","background-size":"auto","background-attachment":"scroll","background-type":"","background-media":"","overlay-type":"","overlay-color":"","overlay-opacity":"","overlay-gradient":""}},"ast-content-background-meta":{"desktop":{"background-color":"var(--ast-global-color-4)","background-image":"","background-repeat":"repeat","background-position":"center center","background-size":"auto","background-attachment":"scroll","background-type":"","background-media":"","overlay-type":"","overlay-color":"","overlay-opacity":"","overlay-gradient":""},"tablet":{"background-color":"var(--ast-global-color-4)","background-image":"","background-repeat":"repeat","background-position":"center center","background-size":"auto","background-attachment":"scroll","background-type":"","background-media":"","overlay-type":"","overlay-color":"","overlay-opacity":"","overlay-gradient":""},"mobile":{"background-color":"var(--ast-global-color-4)","background-image":"","background-repeat":"repeat","background-position":"center center","background-size":"auto","background-attachment":"scroll","background-type":"","background-media":"","overlay-type":"","overlay-color":"","overlay-opacity":"","overlay-gradient":""}}},"product_brand":[],"product_cat":[9590],"product_tag":[6365,1467,6366,6367,2279,6368],"class_list":{"0":"post-19640","1":"product","2":"type-product","3":"status-publish","4":"has-post-thumbnail","6":"product_cat-lietuviu-literatura","7":"product_tag-birute-garbaraviciene","8":"product_tag-filosofija","9":"product_tag-leonidas-donskis","10":"product_tag-publicistika","11":"product_tag-tolerancija","12":"product_tag-zmogiskumas","13":"desktop-align-left","14":"tablet-align-left","15":"mobile-align-left","17":"first","18":"outofstock","19":"shipping-taxable","20":"purchasable","21":"product-type-simple"},"acf":[],"yoast_head":"<!-- This site is optimized with the Yoast SEO plugin v27.4 - https:\/\/yoast.com\/product\/yoast-seo-wordpress\/ -->\n<title>Leonidas Donskis: Man skauda<\/title>\n<meta name=\"description\" content=\"Man skauda d\u0117l kit\u0173, vadinasi, esu \u2013 Leonidas Donskis Birut\u0117 Garbaravi\u010dien\u0117 \u2013 \u017einoma \u017eurnalist\u0117, filolog\u0117, visuomen\u0117s veik\u0117ja, Prezidento Valdo Adamkaus\" \/>\n<meta name=\"robots\" content=\"index, follow, max-snippet:-1, max-image-preview:large, max-video-preview:-1\" \/>\n<link rel=\"canonical\" href=\"https:\/\/skaitytaknyga.lt\/en\/produktas\/leonidas-donskis-man-skauda\/\" \/>\n<meta property=\"og:locale\" content=\"en_GB\" \/>\n<meta property=\"og:locale:alternate\" content=\"lt_LT\" \/>\n<meta property=\"og:type\" content=\"article\" \/>\n<meta property=\"og:title\" content=\"Leonidas Donskis: Man skauda\" \/>\n<meta property=\"og:description\" content=\"Man skauda d\u0117l kit\u0173, vadinasi, esu \u2013 Leonidas Donskis Birut\u0117 Garbaravi\u010dien\u0117 \u2013 \u017einoma \u017eurnalist\u0117, filolog\u0117, visuomen\u0117s veik\u0117ja, Prezidento Valdo Adamkaus\" \/>\n<meta property=\"og:url\" content=\"https:\/\/skaitytaknyga.lt\/en\/produktas\/leonidas-donskis-man-skauda\/\" \/>\n<meta property=\"og:site_name\" content=\"Skaitytaknyga\" \/>\n<meta property=\"article:publisher\" content=\"https:\/\/www.facebook.com\/skaitytaknyga\/\" \/>\n<meta property=\"article:modified_time\" content=\"2026-03-05T11:13:11+00:00\" \/>\n<meta property=\"og:image\" content=\"https:\/\/skaitytaknyga.lt\/wp-content\/uploads\/2025\/07\/Leonidas-Donskis-Man-skauda.webp\" \/>\n\t<meta property=\"og:image:width\" content=\"422\" \/>\n\t<meta property=\"og:image:height\" content=\"633\" \/>\n\t<meta property=\"og:image:type\" content=\"image\/webp\" \/>\n<meta name=\"twitter:card\" content=\"summary_large_image\" \/>\n<meta name=\"twitter:label1\" content=\"Estimated reading time\" \/>\n\t<meta name=\"twitter:data1\" content=\"1 minute\" \/>\n<script type=\"application\/ld+json\" class=\"yoast-schema-graph\">{\"@context\":\"https:\\\/\\\/schema.org\",\"@graph\":[{\"@type\":\"WebPage\",\"@id\":\"https:\\\/\\\/skaitytaknyga.lt\\\/produktas\\\/leonidas-donskis-man-skauda\\\/\",\"url\":\"https:\\\/\\\/skaitytaknyga.lt\\\/produktas\\\/leonidas-donskis-man-skauda\\\/\",\"name\":\"Leonidas Donskis: Man skauda\",\"isPartOf\":{\"@id\":\"https:\\\/\\\/skaitytaknyga.lt\\\/#website\"},\"primaryImageOfPage\":{\"@id\":\"https:\\\/\\\/skaitytaknyga.lt\\\/produktas\\\/leonidas-donskis-man-skauda\\\/#primaryimage\"},\"image\":{\"@id\":\"https:\\\/\\\/skaitytaknyga.lt\\\/produktas\\\/leonidas-donskis-man-skauda\\\/#primaryimage\"},\"thumbnailUrl\":\"https:\\\/\\\/skaitytaknyga.lt\\\/wp-content\\\/uploads\\\/2025\\\/07\\\/Leonidas-Donskis-Man-skauda.webp\",\"datePublished\":\"2025-07-21T18:37:50+00:00\",\"dateModified\":\"2026-03-05T11:13:11+00:00\",\"description\":\"Man skauda d\u0117l kit\u0173, vadinasi, esu \u2013 Leonidas Donskis Birut\u0117 Garbaravi\u010dien\u0117 \u2013 \u017einoma \u017eurnalist\u0117, filolog\u0117, visuomen\u0117s veik\u0117ja, Prezidento Valdo Adamkaus\",\"breadcrumb\":{\"@id\":\"https:\\\/\\\/skaitytaknyga.lt\\\/produktas\\\/leonidas-donskis-man-skauda\\\/#breadcrumb\"},\"inLanguage\":\"en-GB\",\"potentialAction\":[{\"@type\":\"ReadAction\",\"target\":[\"https:\\\/\\\/skaitytaknyga.lt\\\/produktas\\\/leonidas-donskis-man-skauda\\\/\"]}]},{\"@type\":\"ImageObject\",\"inLanguage\":\"en-GB\",\"@id\":\"https:\\\/\\\/skaitytaknyga.lt\\\/produktas\\\/leonidas-donskis-man-skauda\\\/#primaryimage\",\"url\":\"https:\\\/\\\/skaitytaknyga.lt\\\/wp-content\\\/uploads\\\/2025\\\/07\\\/Leonidas-Donskis-Man-skauda.webp\",\"contentUrl\":\"https:\\\/\\\/skaitytaknyga.lt\\\/wp-content\\\/uploads\\\/2025\\\/07\\\/Leonidas-Donskis-Man-skauda.webp\",\"width\":422,\"height\":633,\"caption\":\"Leonidas Donskis: Man skauda\"},{\"@type\":\"BreadcrumbList\",\"@id\":\"https:\\\/\\\/skaitytaknyga.lt\\\/produktas\\\/leonidas-donskis-man-skauda\\\/#breadcrumb\",\"itemListElement\":[{\"@type\":\"ListItem\",\"position\":1,\"name\":\"Home\",\"item\":\"https:\\\/\\\/skaitytaknyga.lt\\\/\"},{\"@type\":\"ListItem\",\"position\":2,\"name\":\"Parduotuv\u0117\",\"item\":\"https:\\\/\\\/skaitytaknyga.lt\\\/knygu-parduotuve\\\/\"},{\"@type\":\"ListItem\",\"position\":3,\"name\":\"Leonidas Donskis: Man skauda\"}]},{\"@type\":\"WebSite\",\"@id\":\"https:\\\/\\\/skaitytaknyga.lt\\\/#website\",\"url\":\"https:\\\/\\\/skaitytaknyga.lt\\\/\",\"name\":\"skaitytaknyga.lt\",\"description\":\"Skaitytaknyga.lt \u2013 tai ma\u017eas \u0161eimos verslas, kuris prasid\u0117jo nuo meil\u0117s knygoms ir siekio i\u0161gelb\u0117ti knygas nuo likimo prie konteinerio. Kas vienam nereikalingas daiktas \u2013 kitam lobis, o mes esame tarpininkai, kurie padeda abiems tapti laimingesniems ???? \u017dinome kaip nelengva i\u0161gyventi ma\u017eiems verslams, tad nuo \u0161iol, \u010dia rasite ir kit\u0173, ma\u017e\u0173 \u0161eim\u0173 versl\u0173, rank\u0173 darbo, dovan\u0173 sau ir artimiesiems.\",\"publisher\":{\"@id\":\"https:\\\/\\\/skaitytaknyga.lt\\\/#organization\"},\"potentialAction\":[{\"@type\":\"SearchAction\",\"target\":{\"@type\":\"EntryPoint\",\"urlTemplate\":\"https:\\\/\\\/skaitytaknyga.lt\\\/?s={search_term_string}\"},\"query-input\":{\"@type\":\"PropertyValueSpecification\",\"valueRequired\":true,\"valueName\":\"search_term_string\"}}],\"inLanguage\":\"en-GB\"},{\"@type\":\"Organization\",\"@id\":\"https:\\\/\\\/skaitytaknyga.lt\\\/#organization\",\"name\":\"skaitytaknyga.lt\",\"url\":\"https:\\\/\\\/skaitytaknyga.lt\\\/\",\"logo\":{\"@type\":\"ImageObject\",\"inLanguage\":\"en-GB\",\"@id\":\"https:\\\/\\\/skaitytaknyga.lt\\\/#\\\/schema\\\/logo\\\/image\\\/\",\"url\":\"https:\\\/\\\/skaitytaknyga.lt\\\/wp-content\\\/uploads\\\/2024\\\/05\\\/cropped-cropped-cropped-02_00843_jt3bggkj1j3HLc7SyY6rEUpg.jpeg\",\"contentUrl\":\"https:\\\/\\\/skaitytaknyga.lt\\\/wp-content\\\/uploads\\\/2024\\\/05\\\/cropped-cropped-cropped-02_00843_jt3bggkj1j3HLc7SyY6rEUpg.jpeg\",\"width\":1600,\"height\":1600,\"caption\":\"skaitytaknyga.lt\"},\"image\":{\"@id\":\"https:\\\/\\\/skaitytaknyga.lt\\\/#\\\/schema\\\/logo\\\/image\\\/\"},\"sameAs\":[\"https:\\\/\\\/www.facebook.com\\\/skaitytaknyga\\\/\"]}]}<\/script>\n<!-- \/ Yoast SEO plugin. -->","yoast_head_json":{"title":"Leonidas Donskis: Man skauda","description":"Man skauda d\u0117l kit\u0173, vadinasi, esu \u2013 Leonidas Donskis Birut\u0117 Garbaravi\u010dien\u0117 \u2013 \u017einoma \u017eurnalist\u0117, filolog\u0117, visuomen\u0117s veik\u0117ja, Prezidento Valdo Adamkaus","robots":{"index":"index","follow":"follow","max-snippet":"max-snippet:-1","max-image-preview":"max-image-preview:large","max-video-preview":"max-video-preview:-1"},"canonical":"https:\/\/skaitytaknyga.lt\/en\/produktas\/leonidas-donskis-man-skauda\/","og_locale":"en_GB","og_type":"article","og_title":"[:lt]Leonidas Donskis: Man skauda[:] - Skaitytaknyga","og_description":"Man skauda d\u0117l kit\u0173, vadinasi, esu \u2013 Leonidas Donskis Birut\u0117 Garbaravi\u010dien\u0117 \u2013 \u017einoma \u017eurnalist\u0117, filolog\u0117, visuomen\u0117s veik\u0117ja, Prezidento Valdo Adamkaus","og_url":"https:\/\/skaitytaknyga.lt\/en\/produktas\/leonidas-donskis-man-skauda\/","og_site_name":"Skaitytaknyga","article_publisher":"https:\/\/www.facebook.com\/skaitytaknyga\/","article_modified_time":"2026-03-05T11:13:11+00:00","og_image":[{"width":422,"height":633,"url":"https:\/\/skaitytaknyga.lt\/wp-content\/uploads\/2025\/07\/Leonidas-Donskis-Man-skauda.webp","type":"image\/webp"}],"twitter_card":"summary_large_image","twitter_misc":{"Estimated reading time":"1 minute"},"schema":{"@context":"https:\/\/schema.org","@graph":[{"@type":"WebPage","@id":"https:\/\/skaitytaknyga.lt\/produktas\/leonidas-donskis-man-skauda\/","url":"https:\/\/skaitytaknyga.lt\/produktas\/leonidas-donskis-man-skauda\/","name":"Leonidas Donskis: Man skauda","isPartOf":{"@id":"https:\/\/skaitytaknyga.lt\/#website"},"primaryImageOfPage":{"@id":"https:\/\/skaitytaknyga.lt\/produktas\/leonidas-donskis-man-skauda\/#primaryimage"},"image":{"@id":"https:\/\/skaitytaknyga.lt\/produktas\/leonidas-donskis-man-skauda\/#primaryimage"},"thumbnailUrl":"https:\/\/skaitytaknyga.lt\/wp-content\/uploads\/2025\/07\/Leonidas-Donskis-Man-skauda.webp","datePublished":"2025-07-21T18:37:50+00:00","dateModified":"2026-03-05T11:13:11+00:00","description":"Man skauda d\u0117l kit\u0173, vadinasi, esu \u2013 Leonidas Donskis Birut\u0117 Garbaravi\u010dien\u0117 \u2013 \u017einoma \u017eurnalist\u0117, filolog\u0117, visuomen\u0117s veik\u0117ja, Prezidento Valdo Adamkaus","breadcrumb":{"@id":"https:\/\/skaitytaknyga.lt\/produktas\/leonidas-donskis-man-skauda\/#breadcrumb"},"inLanguage":"en-GB","potentialAction":[{"@type":"ReadAction","target":["https:\/\/skaitytaknyga.lt\/produktas\/leonidas-donskis-man-skauda\/"]}]},{"@type":"ImageObject","inLanguage":"en-GB","@id":"https:\/\/skaitytaknyga.lt\/produktas\/leonidas-donskis-man-skauda\/#primaryimage","url":"https:\/\/skaitytaknyga.lt\/wp-content\/uploads\/2025\/07\/Leonidas-Donskis-Man-skauda.webp","contentUrl":"https:\/\/skaitytaknyga.lt\/wp-content\/uploads\/2025\/07\/Leonidas-Donskis-Man-skauda.webp","width":422,"height":633,"caption":"Leonidas Donskis: Man skauda"},{"@type":"BreadcrumbList","@id":"https:\/\/skaitytaknyga.lt\/produktas\/leonidas-donskis-man-skauda\/#breadcrumb","itemListElement":[{"@type":"ListItem","position":1,"name":"Home","item":"https:\/\/skaitytaknyga.lt\/"},{"@type":"ListItem","position":2,"name":"Parduotuv\u0117","item":"https:\/\/skaitytaknyga.lt\/knygu-parduotuve\/"},{"@type":"ListItem","position":3,"name":"Leonidas Donskis: Man skauda"}]},{"@type":"WebSite","@id":"https:\/\/skaitytaknyga.lt\/#website","url":"https:\/\/skaitytaknyga.lt\/","name":"skaitytaknyga.lt","description":"Skaitytaknyga.lt \u2013 tai ma\u017eas \u0161eimos verslas, kuris prasid\u0117jo nuo meil\u0117s knygoms ir siekio i\u0161gelb\u0117ti knygas nuo likimo prie konteinerio. Kas vienam nereikalingas daiktas \u2013 kitam lobis, o mes esame tarpininkai, kurie padeda abiems tapti laimingesniems ???? \u017dinome kaip nelengva i\u0161gyventi ma\u017eiems verslams, tad nuo \u0161iol, \u010dia rasite ir kit\u0173, ma\u017e\u0173 \u0161eim\u0173 versl\u0173, rank\u0173 darbo, dovan\u0173 sau ir artimiesiems.","publisher":{"@id":"https:\/\/skaitytaknyga.lt\/#organization"},"potentialAction":[{"@type":"SearchAction","target":{"@type":"EntryPoint","urlTemplate":"https:\/\/skaitytaknyga.lt\/?s={search_term_string}"},"query-input":{"@type":"PropertyValueSpecification","valueRequired":true,"valueName":"search_term_string"}}],"inLanguage":"en-GB"},{"@type":"Organization","@id":"https:\/\/skaitytaknyga.lt\/#organization","name":"skaitytaknyga.lt","url":"https:\/\/skaitytaknyga.lt\/","logo":{"@type":"ImageObject","inLanguage":"en-GB","@id":"https:\/\/skaitytaknyga.lt\/#\/schema\/logo\/image\/","url":"https:\/\/skaitytaknyga.lt\/wp-content\/uploads\/2024\/05\/cropped-cropped-cropped-02_00843_jt3bggkj1j3HLc7SyY6rEUpg.jpeg","contentUrl":"https:\/\/skaitytaknyga.lt\/wp-content\/uploads\/2024\/05\/cropped-cropped-cropped-02_00843_jt3bggkj1j3HLc7SyY6rEUpg.jpeg","width":1600,"height":1600,"caption":"skaitytaknyga.lt"},"image":{"@id":"https:\/\/skaitytaknyga.lt\/#\/schema\/logo\/image\/"},"sameAs":["https:\/\/www.facebook.com\/skaitytaknyga\/"]}]}},"_links":{"self":[{"href":"https:\/\/skaitytaknyga.lt\/en\/wp-json\/wp\/v2\/product\/19640","targetHints":{"allow":["GET"]}}],"collection":[{"href":"https:\/\/skaitytaknyga.lt\/en\/wp-json\/wp\/v2\/product"}],"about":[{"href":"https:\/\/skaitytaknyga.lt\/en\/wp-json\/wp\/v2\/types\/product"}],"replies":[{"embeddable":true,"href":"https:\/\/skaitytaknyga.lt\/en\/wp-json\/wp\/v2\/comments?post=19640"}],"wp:featuredmedia":[{"embeddable":true,"href":"https:\/\/skaitytaknyga.lt\/en\/wp-json\/wp\/v2\/media\/19642"}],"wp:attachment":[{"href":"https:\/\/skaitytaknyga.lt\/en\/wp-json\/wp\/v2\/media?parent=19640"}],"wp:term":[{"taxonomy":"product_brand","embeddable":true,"href":"https:\/\/skaitytaknyga.lt\/en\/wp-json\/wp\/v2\/product_brand?post=19640"},{"taxonomy":"product_cat","embeddable":true,"href":"https:\/\/skaitytaknyga.lt\/en\/wp-json\/wp\/v2\/product_cat?post=19640"},{"taxonomy":"product_tag","embeddable":true,"href":"https:\/\/skaitytaknyga.lt\/en\/wp-json\/wp\/v2\/product_tag?post=19640"}],"curies":[{"name":"wp","href":"https:\/\/api.w.org\/{rel}","templated":true}]}}