{"id":19633,"date":"2025-07-21T20:54:42","date_gmt":"2025-07-21T17:54:42","guid":{"rendered":"https:\/\/skaitytaknyga.lt\/?post_type=product&#038;p=19633"},"modified":"2026-03-05T13:03:02","modified_gmt":"2026-03-05T11:03:02","slug":"neprabusk","status":"publish","type":"product","link":"https:\/\/skaitytaknyga.lt\/en\/produktas\/neprabusk\/","title":{"rendered":"Neprabusk"},"content":{"rendered":"<p>Prapl\u0117\u0161usi aki\u0173 vokus gydytoja Aleksa Teilor pamato, kad yra prijungta prie la\u0161elin\u0117s, o jos kulk\u0161nis ir p\u0117das tvirtai spaud\u017eia specialios kilpos \u2013 ji guli ant operacin\u0117s stalo auk\u0161tai pakeltomis kojomis. Sunkiai susivokdama ir sunerimusi, pamano, kad turb\u016bt pateko \u012f avarij\u0105, tod\u0117l jai prireik\u0117 anestezijos ir operacijos. Ta\u010diau prie\u0161ais stovintis vyri\u0161kis, kurio did\u017eium\u0105 veido dengia chirurgin\u0117 kauk\u0117, ai\u0161kiai ne chirurgas. Ji jo nepa\u017e\u012fsta \u2013 juk pati dirba ligonin\u0117je. Netrukus vyri\u0161kis ramiai ir nuodugniai imasi pasakoti, k\u0105 ketina jai padaryti. N\u0117 nesp\u0117jusi riktel\u0117ti pagalbos Aleksa v\u0117l bej\u0117gi\u0161kai pama\u017eu u\u017emiega nuo dar vienos anestetik\u0173 doz\u0117s&#8230;<\/p>\n<p>Pabudusi ant ligoni\u0173 perve\u017eimui skirto ve\u017eim\u0117lio moteris atpa\u017e\u012fsta \u0161alia stovint dvi koleges ir kaipmat prane\u0161a, kad buvo u\u017epulta ir i\u0161prievartauta. Policija \u012f jos ne\u012fprast\u0105 pasakojim\u0105 reaguoja skepti\u0161kai \u2013 atlikti tyrimai nerodo joki\u0173 po\u017eymi\u0173, kad Aleksa b\u016bt\u0173 patyrusi prievart\u0105. Aleksos pasakojimu ima abejoti net jos vaikinas. Ji ir toliau u\u017esispyrusi laikosi savo, bet niekas, regis, ja netiki \u2013 ir galiausiai ji pati sudvejoja, ar tik neprarado sveiko proto.<\/p>\n<p>Ta\u010diau \u0161ios dvejon\u0117s netruks i\u0161sisklaidyti \u2013 labai greitai ji sutiks kit\u0105 paslaptingo skriaudiko auk\u0105&#8230;<\/p>\n<p>Kvap\u0105 gniau\u017eiantis, provokuojantis psichologinis trileris \u201eNeprabusk\u201c \u2013 tai debiutinis Liz Lawler (Lizos Loler) k\u016brinys, peln\u0119s jai didel\u0119 s\u0117km\u0119 ir kaipmat i\u0161garsin\u0119s.<\/p>\n","protected":false},"excerpt":{"rendered":"<p>Prapl\u0117\u0161usi aki\u0173 vokus gydytoja Aleksa Teilor pamato, kad yra prijungta prie la\u0161elin\u0117s, o jos kulk\u0161nis ir p\u0117das tvirtai spaud\u017eia specialios kilpos \u2013 ji guli ant operacin\u0117s stalo auk\u0161tai pakeltomis kojomis. Sunkiai susivokdama ir sunerimusi, pamano, kad turb\u016bt pateko \u012f avarij\u0105, tod\u0117l jai prireik\u0117 anestezijos ir operacijos. Ta\u010diau prie\u0161ais stovintis vyri\u0161kis, kurio did\u017eium\u0105 veido dengia chirurgin\u0117 kauk\u0117, ai\u0161kiai ne chirurgas. Ji jo nepa\u017e\u012fsta \u2013 juk pati dirba ligonin\u0117je. Netrukus vyri\u0161kis ramiai ir nuodugniai imasi pasakoti, k\u0105 ketina jai padaryti. N\u0117 nesp\u0117jusi riktel\u0117ti pagalbos Aleksa v\u0117l bej\u0117gi\u0161kai pama\u017eu u\u017emiega nuo dar vienos anestetik\u0173 doz\u0117s&#8230; Pabudusi ant ligoni\u0173 perve\u017eimui skirto ve\u017eim\u0117lio moteris atpa\u017e\u012fsta \u0161alia stovint dvi koleges ir kaipmat prane\u0161a, kad buvo u\u017epulta ir i\u0161prievartauta. Policija \u012f jos ne\u012fprast\u0105 pasakojim\u0105 reaguoja skepti\u0161kai \u2013 atlikti tyrimai nerodo joki\u0173 po\u017eymi\u0173, kad Aleksa b\u016bt\u0173 patyrusi prievart\u0105. Aleksos pasakojimu ima abejoti net jos vaikinas. Ji ir toliau u\u017esispyrusi laikosi savo, bet niekas, regis, ja netiki \u2013 ir galiausiai ji pati sudvejoja, ar tik neprarado sveiko proto. Ta\u010diau \u0161ios dvejon\u0117s netruks i\u0161sisklaidyti \u2013 labai greitai ji sutiks kit\u0105 paslaptingo skriaudiko auk\u0105&#8230; Kvap\u0105 gniau\u017eiantis, provokuojantis psichologinis trileris \u201eNeprabusk\u201c \u2013 tai debiutinis Liz Lawler (Lizos Loler) k\u016brinys, peln\u0119s jai didel\u0119 s\u0117km\u0119 ir kaipmat i\u0161garsin\u0119s.<\/p>\n","protected":false},"featured_media":19635,"comment_status":"open","ping_status":"closed","template":"","meta":{"_acf_changed":false,"site-sidebar-layout":"default","site-content-layout":"","ast-site-content-layout":"default","site-content-style":"default","site-sidebar-style":"default","ast-global-header-display":"","ast-banner-title-visibility":"","ast-main-header-display":"","ast-hfb-above-header-display":"","ast-hfb-below-header-display":"","ast-hfb-mobile-header-display":"","site-post-title":"","ast-breadcrumbs-content":"","ast-featured-img":"","footer-sml-layout":"","ast-disable-related-posts":"","theme-transparent-header-meta":"","adv-header-id-meta":"","stick-header-meta":"","header-above-stick-meta":"","header-main-stick-meta":"","header-below-stick-meta":"","astra-migrate-meta-layouts":"default","ast-page-background-enabled":"default","ast-page-background-meta":{"desktop":{"background-color":"","background-image":"","background-repeat":"repeat","background-position":"center center","background-size":"auto","background-attachment":"scroll","background-type":"","background-media":"","overlay-type":"","overlay-color":"","overlay-opacity":"","overlay-gradient":""},"tablet":{"background-color":"","background-image":"","background-repeat":"repeat","background-position":"center center","background-size":"auto","background-attachment":"scroll","background-type":"","background-media":"","overlay-type":"","overlay-color":"","overlay-opacity":"","overlay-gradient":""},"mobile":{"background-color":"","background-image":"","background-repeat":"repeat","background-position":"center center","background-size":"auto","background-attachment":"scroll","background-type":"","background-media":"","overlay-type":"","overlay-color":"","overlay-opacity":"","overlay-gradient":""}},"ast-content-background-meta":{"desktop":{"background-color":"var(--ast-global-color-4)","background-image":"","background-repeat":"repeat","background-position":"center center","background-size":"auto","background-attachment":"scroll","background-type":"","background-media":"","overlay-type":"","overlay-color":"","overlay-opacity":"","overlay-gradient":""},"tablet":{"background-color":"var(--ast-global-color-4)","background-image":"","background-repeat":"repeat","background-position":"center center","background-size":"auto","background-attachment":"scroll","background-type":"","background-media":"","overlay-type":"","overlay-color":"","overlay-opacity":"","overlay-gradient":""},"mobile":{"background-color":"var(--ast-global-color-4)","background-image":"","background-repeat":"repeat","background-position":"center center","background-size":"auto","background-attachment":"scroll","background-type":"","background-media":"","overlay-type":"","overlay-color":"","overlay-opacity":"","overlay-gradient":""}}},"product_brand":[],"product_cat":[9580],"product_tag":[4158,6400,6399,2155,6401,4146,1587],"class_list":{"0":"post-19633","1":"product","2":"type-product","3":"status-publish","4":"has-post-thumbnail","6":"product_cat-psichologiniai-detektyvai","7":"product_tag-atmintis","8":"product_tag-debiutine-knyga","9":"product_tag-liz-lawler","10":"product_tag-psichologinis-trileris","11":"product_tag-smurtas-pries-moteris","12":"product_tag-trauma","13":"product_tag-trileris","14":"desktop-align-left","15":"tablet-align-left","16":"mobile-align-left","18":"first","19":"instock","20":"shipping-taxable","21":"purchasable","22":"product-type-simple"},"acf":[],"yoast_head":"<!-- This site is optimized with the Yoast SEO plugin v27.0 - https:\/\/yoast.com\/product\/yoast-seo-wordpress\/ -->\n<title>Neprabusk<\/title>\n<meta name=\"description\" content=\"Prapl\u0117\u0161usi aki\u0173 vokus gydytoja Aleksa Teilor pamato, kad yra prijungta prie la\u0161elin\u0117s, o jos kulk\u0161nis ir p\u0117das tvirtai spaud\u017eia specialios kilpos \u2013 ji\" \/>\n<meta name=\"robots\" content=\"index, follow, max-snippet:-1, max-image-preview:large, max-video-preview:-1\" \/>\n<link rel=\"canonical\" href=\"https:\/\/skaitytaknyga.lt\/en\/produktas\/neprabusk\/\" \/>\n<meta property=\"og:locale\" content=\"en_GB\" \/>\n<meta property=\"og:locale:alternate\" content=\"lt_LT\" \/>\n<meta property=\"og:type\" content=\"article\" \/>\n<meta property=\"og:title\" content=\"Neprabusk\" \/>\n<meta property=\"og:description\" content=\"Prapl\u0117\u0161usi aki\u0173 vokus gydytoja Aleksa Teilor pamato, kad yra prijungta prie la\u0161elin\u0117s, o jos kulk\u0161nis ir p\u0117das tvirtai spaud\u017eia specialios kilpos \u2013 ji\" \/>\n<meta property=\"og:url\" content=\"https:\/\/skaitytaknyga.lt\/en\/produktas\/neprabusk\/\" \/>\n<meta property=\"og:site_name\" content=\"Skaitytaknyga\" \/>\n<meta property=\"article:publisher\" content=\"https:\/\/www.facebook.com\/skaitytaknyga\/\" \/>\n<meta property=\"article:modified_time\" content=\"2026-03-05T11:03:02+00:00\" \/>\n<meta property=\"og:image\" content=\"https:\/\/skaitytaknyga.lt\/wp-content\/uploads\/2025\/07\/Neprabusk.webp\" \/>\n\t<meta property=\"og:image:width\" content=\"530\" \/>\n\t<meta property=\"og:image:height\" content=\"801\" \/>\n\t<meta property=\"og:image:type\" content=\"image\/webp\" \/>\n<meta name=\"twitter:card\" content=\"summary_large_image\" \/>\n<meta name=\"twitter:label1\" content=\"Estimated reading time\" \/>\n\t<meta name=\"twitter:data1\" content=\"1 minute\" \/>\n<script type=\"application\/ld+json\" class=\"yoast-schema-graph\">{\"@context\":\"https:\/\/schema.org\",\"@graph\":[{\"@type\":\"WebPage\",\"@id\":\"https:\/\/skaitytaknyga.lt\/produktas\/neprabusk\/\",\"url\":\"https:\/\/skaitytaknyga.lt\/produktas\/neprabusk\/\",\"name\":\"Neprabusk\",\"isPartOf\":{\"@id\":\"https:\/\/skaitytaknyga.lt\/#website\"},\"primaryImageOfPage\":{\"@id\":\"https:\/\/skaitytaknyga.lt\/produktas\/neprabusk\/#primaryimage\"},\"image\":{\"@id\":\"https:\/\/skaitytaknyga.lt\/produktas\/neprabusk\/#primaryimage\"},\"thumbnailUrl\":\"https:\/\/skaitytaknyga.lt\/wp-content\/uploads\/2025\/07\/Neprabusk.webp\",\"datePublished\":\"2025-07-21T17:54:42+00:00\",\"dateModified\":\"2026-03-05T11:03:02+00:00\",\"description\":\"Prapl\u0117\u0161usi aki\u0173 vokus gydytoja Aleksa Teilor pamato, kad yra prijungta prie la\u0161elin\u0117s, o jos kulk\u0161nis ir p\u0117das tvirtai spaud\u017eia specialios kilpos \u2013 ji\",\"breadcrumb\":{\"@id\":\"https:\/\/skaitytaknyga.lt\/produktas\/neprabusk\/#breadcrumb\"},\"inLanguage\":\"en-GB\",\"potentialAction\":[{\"@type\":\"ReadAction\",\"target\":[\"https:\/\/skaitytaknyga.lt\/produktas\/neprabusk\/\"]}]},{\"@type\":\"ImageObject\",\"inLanguage\":\"en-GB\",\"@id\":\"https:\/\/skaitytaknyga.lt\/produktas\/neprabusk\/#primaryimage\",\"url\":\"https:\/\/skaitytaknyga.lt\/wp-content\/uploads\/2025\/07\/Neprabusk.webp\",\"contentUrl\":\"https:\/\/skaitytaknyga.lt\/wp-content\/uploads\/2025\/07\/Neprabusk.webp\",\"width\":530,\"height\":801,\"caption\":\"Neprabusk\"},{\"@type\":\"BreadcrumbList\",\"@id\":\"https:\/\/skaitytaknyga.lt\/produktas\/neprabusk\/#breadcrumb\",\"itemListElement\":[{\"@type\":\"ListItem\",\"position\":1,\"name\":\"Home\",\"item\":\"https:\/\/skaitytaknyga.lt\/\"},{\"@type\":\"ListItem\",\"position\":2,\"name\":\"Parduotuv\u0117\",\"item\":\"https:\/\/skaitytaknyga.lt\/knygu-parduotuve\/\"},{\"@type\":\"ListItem\",\"position\":3,\"name\":\"Neprabusk\"}]},{\"@type\":\"WebSite\",\"@id\":\"https:\/\/skaitytaknyga.lt\/#website\",\"url\":\"https:\/\/skaitytaknyga.lt\/\",\"name\":\"skaitytaknyga.lt\",\"description\":\"Skaitytaknyga.lt \u2013 tai ma\u017eas \u0161eimos verslas, kuris prasid\u0117jo nuo meil\u0117s knygoms ir siekio i\u0161gelb\u0117ti knygas nuo likimo prie konteinerio. Kas vienam nereikalingas daiktas \u2013 kitam lobis, o mes esame tarpininkai, kurie padeda abiems tapti laimingesniems ???? \u017dinome kaip nelengva i\u0161gyventi ma\u017eiems verslams, tad nuo \u0161iol, \u010dia rasite ir kit\u0173, ma\u017e\u0173 \u0161eim\u0173 versl\u0173, rank\u0173 darbo, dovan\u0173 sau ir artimiesiems.\",\"publisher\":{\"@id\":\"https:\/\/skaitytaknyga.lt\/#organization\"},\"potentialAction\":[{\"@type\":\"SearchAction\",\"target\":{\"@type\":\"EntryPoint\",\"urlTemplate\":\"https:\/\/skaitytaknyga.lt\/?s={search_term_string}\"},\"query-input\":{\"@type\":\"PropertyValueSpecification\",\"valueRequired\":true,\"valueName\":\"search_term_string\"}}],\"inLanguage\":\"en-GB\"},{\"@type\":\"Organization\",\"@id\":\"https:\/\/skaitytaknyga.lt\/#organization\",\"name\":\"skaitytaknyga.lt\",\"url\":\"https:\/\/skaitytaknyga.lt\/\",\"logo\":{\"@type\":\"ImageObject\",\"inLanguage\":\"en-GB\",\"@id\":\"https:\/\/skaitytaknyga.lt\/#\/schema\/logo\/image\/\",\"url\":\"https:\/\/skaitytaknyga.lt\/wp-content\/uploads\/2024\/05\/cropped-cropped-cropped-02_00843_jt3bggkj1j3HLc7SyY6rEUpg.jpeg\",\"contentUrl\":\"https:\/\/skaitytaknyga.lt\/wp-content\/uploads\/2024\/05\/cropped-cropped-cropped-02_00843_jt3bggkj1j3HLc7SyY6rEUpg.jpeg\",\"width\":1600,\"height\":1600,\"caption\":\"skaitytaknyga.lt\"},\"image\":{\"@id\":\"https:\/\/skaitytaknyga.lt\/#\/schema\/logo\/image\/\"},\"sameAs\":[\"https:\/\/www.facebook.com\/skaitytaknyga\/\"]}]}<\/script>\n<!-- \/ Yoast SEO plugin. -->","yoast_head_json":{"title":"Neprabusk","description":"Prapl\u0117\u0161usi aki\u0173 vokus gydytoja Aleksa Teilor pamato, kad yra prijungta prie la\u0161elin\u0117s, o jos kulk\u0161nis ir p\u0117das tvirtai spaud\u017eia specialios kilpos \u2013 ji","robots":{"index":"index","follow":"follow","max-snippet":"max-snippet:-1","max-image-preview":"max-image-preview:large","max-video-preview":"max-video-preview:-1"},"canonical":"https:\/\/skaitytaknyga.lt\/en\/produktas\/neprabusk\/","og_locale":"en_GB","og_type":"article","og_title":"[:lt]Neprabusk[:] - Skaitytaknyga","og_description":"Prapl\u0117\u0161usi aki\u0173 vokus gydytoja Aleksa Teilor pamato, kad yra prijungta prie la\u0161elin\u0117s, o jos kulk\u0161nis ir p\u0117das tvirtai spaud\u017eia specialios kilpos \u2013 ji","og_url":"https:\/\/skaitytaknyga.lt\/en\/produktas\/neprabusk\/","og_site_name":"Skaitytaknyga","article_publisher":"https:\/\/www.facebook.com\/skaitytaknyga\/","article_modified_time":"2026-03-05T11:03:02+00:00","og_image":[{"width":530,"height":801,"url":"https:\/\/skaitytaknyga.lt\/wp-content\/uploads\/2025\/07\/Neprabusk.webp","type":"image\/webp"}],"twitter_card":"summary_large_image","twitter_misc":{"Estimated reading time":"1 minute"},"schema":{"@context":"https:\/\/schema.org","@graph":[{"@type":"WebPage","@id":"https:\/\/skaitytaknyga.lt\/produktas\/neprabusk\/","url":"https:\/\/skaitytaknyga.lt\/produktas\/neprabusk\/","name":"Neprabusk","isPartOf":{"@id":"https:\/\/skaitytaknyga.lt\/#website"},"primaryImageOfPage":{"@id":"https:\/\/skaitytaknyga.lt\/produktas\/neprabusk\/#primaryimage"},"image":{"@id":"https:\/\/skaitytaknyga.lt\/produktas\/neprabusk\/#primaryimage"},"thumbnailUrl":"https:\/\/skaitytaknyga.lt\/wp-content\/uploads\/2025\/07\/Neprabusk.webp","datePublished":"2025-07-21T17:54:42+00:00","dateModified":"2026-03-05T11:03:02+00:00","description":"Prapl\u0117\u0161usi aki\u0173 vokus gydytoja Aleksa Teilor pamato, kad yra prijungta prie la\u0161elin\u0117s, o jos kulk\u0161nis ir p\u0117das tvirtai spaud\u017eia specialios kilpos \u2013 ji","breadcrumb":{"@id":"https:\/\/skaitytaknyga.lt\/produktas\/neprabusk\/#breadcrumb"},"inLanguage":"en-GB","potentialAction":[{"@type":"ReadAction","target":["https:\/\/skaitytaknyga.lt\/produktas\/neprabusk\/"]}]},{"@type":"ImageObject","inLanguage":"en-GB","@id":"https:\/\/skaitytaknyga.lt\/produktas\/neprabusk\/#primaryimage","url":"https:\/\/skaitytaknyga.lt\/wp-content\/uploads\/2025\/07\/Neprabusk.webp","contentUrl":"https:\/\/skaitytaknyga.lt\/wp-content\/uploads\/2025\/07\/Neprabusk.webp","width":530,"height":801,"caption":"Neprabusk"},{"@type":"BreadcrumbList","@id":"https:\/\/skaitytaknyga.lt\/produktas\/neprabusk\/#breadcrumb","itemListElement":[{"@type":"ListItem","position":1,"name":"Home","item":"https:\/\/skaitytaknyga.lt\/"},{"@type":"ListItem","position":2,"name":"Parduotuv\u0117","item":"https:\/\/skaitytaknyga.lt\/knygu-parduotuve\/"},{"@type":"ListItem","position":3,"name":"Neprabusk"}]},{"@type":"WebSite","@id":"https:\/\/skaitytaknyga.lt\/#website","url":"https:\/\/skaitytaknyga.lt\/","name":"skaitytaknyga.lt","description":"Skaitytaknyga.lt \u2013 tai ma\u017eas \u0161eimos verslas, kuris prasid\u0117jo nuo meil\u0117s knygoms ir siekio i\u0161gelb\u0117ti knygas nuo likimo prie konteinerio. Kas vienam nereikalingas daiktas \u2013 kitam lobis, o mes esame tarpininkai, kurie padeda abiems tapti laimingesniems ???? \u017dinome kaip nelengva i\u0161gyventi ma\u017eiems verslams, tad nuo \u0161iol, \u010dia rasite ir kit\u0173, ma\u017e\u0173 \u0161eim\u0173 versl\u0173, rank\u0173 darbo, dovan\u0173 sau ir artimiesiems.","publisher":{"@id":"https:\/\/skaitytaknyga.lt\/#organization"},"potentialAction":[{"@type":"SearchAction","target":{"@type":"EntryPoint","urlTemplate":"https:\/\/skaitytaknyga.lt\/?s={search_term_string}"},"query-input":{"@type":"PropertyValueSpecification","valueRequired":true,"valueName":"search_term_string"}}],"inLanguage":"en-GB"},{"@type":"Organization","@id":"https:\/\/skaitytaknyga.lt\/#organization","name":"skaitytaknyga.lt","url":"https:\/\/skaitytaknyga.lt\/","logo":{"@type":"ImageObject","inLanguage":"en-GB","@id":"https:\/\/skaitytaknyga.lt\/#\/schema\/logo\/image\/","url":"https:\/\/skaitytaknyga.lt\/wp-content\/uploads\/2024\/05\/cropped-cropped-cropped-02_00843_jt3bggkj1j3HLc7SyY6rEUpg.jpeg","contentUrl":"https:\/\/skaitytaknyga.lt\/wp-content\/uploads\/2024\/05\/cropped-cropped-cropped-02_00843_jt3bggkj1j3HLc7SyY6rEUpg.jpeg","width":1600,"height":1600,"caption":"skaitytaknyga.lt"},"image":{"@id":"https:\/\/skaitytaknyga.lt\/#\/schema\/logo\/image\/"},"sameAs":["https:\/\/www.facebook.com\/skaitytaknyga\/"]}]}},"_links":{"self":[{"href":"https:\/\/skaitytaknyga.lt\/en\/wp-json\/wp\/v2\/product\/19633","targetHints":{"allow":["GET"]}}],"collection":[{"href":"https:\/\/skaitytaknyga.lt\/en\/wp-json\/wp\/v2\/product"}],"about":[{"href":"https:\/\/skaitytaknyga.lt\/en\/wp-json\/wp\/v2\/types\/product"}],"replies":[{"embeddable":true,"href":"https:\/\/skaitytaknyga.lt\/en\/wp-json\/wp\/v2\/comments?post=19633"}],"wp:featuredmedia":[{"embeddable":true,"href":"https:\/\/skaitytaknyga.lt\/en\/wp-json\/wp\/v2\/media\/19635"}],"wp:attachment":[{"href":"https:\/\/skaitytaknyga.lt\/en\/wp-json\/wp\/v2\/media?parent=19633"}],"wp:term":[{"taxonomy":"product_brand","embeddable":true,"href":"https:\/\/skaitytaknyga.lt\/en\/wp-json\/wp\/v2\/product_brand?post=19633"},{"taxonomy":"product_cat","embeddable":true,"href":"https:\/\/skaitytaknyga.lt\/en\/wp-json\/wp\/v2\/product_cat?post=19633"},{"taxonomy":"product_tag","embeddable":true,"href":"https:\/\/skaitytaknyga.lt\/en\/wp-json\/wp\/v2\/product_tag?post=19633"}],"curies":[{"name":"wp","href":"https:\/\/api.w.org\/{rel}","templated":true}]}}