{"id":19632,"date":"2025-07-21T20:54:42","date_gmt":"2025-07-21T17:54:42","guid":{"rendered":"https:\/\/skaitytaknyga.lt\/?post_type=product&#038;p=19632"},"modified":"2026-03-05T13:14:12","modified_gmt":"2026-03-05T11:14:12","slug":"urvinis-zmogus","status":"publish","type":"product","link":"https:\/\/skaitytaknyga.lt\/en\/produktas\/urvinis-zmogus\/","title":{"rendered":"Urvinis \u017emogus (i\u0161tepta apa\u010dia)"},"content":{"rendered":"<p>Vos u\u017e trij\u0173 nam\u0173 detektyvo Viljamo Vistingo kaimynas beveik keturis m\u0117nesius i\u0161s\u0117d\u0117jo negyvas prie\u0161ais televizori\u0173. Artim\u0173j\u0173 netur\u0117j\u0119s Vigas Hansenas buvo atsiskyr\u0117lis ir niekas jo nepasigedo. Nors policija nerado joki\u0173 smurtin\u0117s mirties \u017eymi\u0173, byla susidomi Vistingo dukra \u2013 \u017eurnalist\u0117 Lina. Ji imasi tirti Hanseno gyvenim\u0105, nor\u0117dama kaip tik prie\u0161 Kal\u0117d\u0173 \u0161ventes para\u0161yti straipsn\u012f apie susvetim\u0117jusi\u0105 Norvegijos visuomen\u0119.<\/p>\n<p>Tuo pat metu Vistingas imasi naujos bylos: eglu\u010di\u0173 parke berniuko su t\u0117\u010diu aptikto lavono nu\u017eudymo. Paai\u0161k\u0117ja, kad ne\u017einomas \u017emogus su durtine \u017eaizda gul\u0117jo nepasteb\u0117tas nuo vasaros pabaigos. Ne\u012fprastas radinys vyro drabu\u017eiuose policijai i\u0161kelia daugyb\u0119 klausim\u0173, o \u0161ie veda paskui pavojingiausi\u0105 \u017eudik\u0105 per vis\u0105 Norvegijos policijos istorij\u0105. Sud\u0117tingo tyrimo \u012fkar\u0161tyje Vistingo neapleid\u017eia nuojauta, kad kaimyno mirtis ir nepa\u017e\u012fstamo vyro \u017emog\u017eudyst\u0117s byla turi ka\u017ek\u0105 bendra.<\/p>\n<p>\u201eJ\u00f8rn Lier Horst talentas neatsilieka nuo i\u0161kiliausi\u0173 skandinavi\u0161kojo detektyvo meistr\u0173!&#8221;<\/p>\n<p>The Times<\/p>\n<p>\u201eBauginantis ir originalus knygos siu\u017eetas: kaip \u0161altakraujis \u017eudikas, meistri\u0161kai pasinaudoj\u0119s visuomen\u0117s atstumtaisiais, tampa nematomas.&#8221;<\/p>\n","protected":false},"excerpt":{"rendered":"<p>Vos u\u017e trij\u0173 nam\u0173 detektyvo Viljamo Vistingo kaimynas beveik keturis m\u0117nesius i\u0161s\u0117d\u0117jo negyvas prie\u0161ais televizori\u0173. Artim\u0173j\u0173 netur\u0117j\u0119s Vigas Hansenas buvo atsiskyr\u0117lis ir niekas jo nepasigedo. Nors policija nerado joki\u0173 smurtin\u0117s mirties \u017eymi\u0173, byla susidomi Vistingo dukra \u2013 \u017eurnalist\u0117 Lina. Ji imasi tirti Hanseno gyvenim\u0105, nor\u0117dama kaip tik prie\u0161 Kal\u0117d\u0173 \u0161ventes para\u0161yti straipsn\u012f apie susvetim\u0117jusi\u0105 Norvegijos visuomen\u0119. Tuo pat metu Vistingas imasi naujos bylos: eglu\u010di\u0173 parke berniuko su t\u0117\u010diu aptikto lavono nu\u017eudymo. Paai\u0161k\u0117ja, kad ne\u017einomas \u017emogus su durtine \u017eaizda gul\u0117jo nepasteb\u0117tas nuo vasaros pabaigos. Ne\u012fprastas radinys vyro drabu\u017eiuose policijai i\u0161kelia daugyb\u0119 klausim\u0173, o \u0161ie veda paskui pavojingiausi\u0105 \u017eudik\u0105 per vis\u0105 Norvegijos policijos istorij\u0105. Sud\u0117tingo tyrimo \u012fkar\u0161tyje Vistingo neapleid\u017eia nuojauta, kad kaimyno mirtis ir nepa\u017e\u012fstamo vyro \u017emog\u017eudyst\u0117s byla turi ka\u017ek\u0105 bendra. \u201eJ\u00f8rn Lier Horst talentas neatsilieka nuo i\u0161kiliausi\u0173 skandinavi\u0161kojo detektyvo meistr\u0173!&#8221; The Times \u201eBauginantis ir originalus knygos siu\u017eetas: kaip \u0161altakraujis \u017eudikas, meistri\u0161kai pasinaudoj\u0119s visuomen\u0117s atstumtaisiais, tampa nematomas.&#8221;<\/p>\n","protected":false},"featured_media":19634,"comment_status":"open","ping_status":"closed","template":"","meta":{"_acf_changed":false,"site-sidebar-layout":"default","site-content-layout":"","ast-site-content-layout":"default","site-content-style":"default","site-sidebar-style":"default","ast-global-header-display":"","ast-banner-title-visibility":"","ast-main-header-display":"","ast-hfb-above-header-display":"","ast-hfb-below-header-display":"","ast-hfb-mobile-header-display":"","site-post-title":"","ast-breadcrumbs-content":"","ast-featured-img":"","footer-sml-layout":"","ast-disable-related-posts":"","theme-transparent-header-meta":"","adv-header-id-meta":"","stick-header-meta":"","header-above-stick-meta":"","header-main-stick-meta":"","header-below-stick-meta":"","astra-migrate-meta-layouts":"default","ast-page-background-enabled":"default","ast-page-background-meta":{"desktop":{"background-color":"","background-image":"","background-repeat":"repeat","background-position":"center center","background-size":"auto","background-attachment":"scroll","background-type":"","background-media":"","overlay-type":"","overlay-color":"","overlay-opacity":"","overlay-gradient":""},"tablet":{"background-color":"","background-image":"","background-repeat":"repeat","background-position":"center center","background-size":"auto","background-attachment":"scroll","background-type":"","background-media":"","overlay-type":"","overlay-color":"","overlay-opacity":"","overlay-gradient":""},"mobile":{"background-color":"","background-image":"","background-repeat":"repeat","background-position":"center center","background-size":"auto","background-attachment":"scroll","background-type":"","background-media":"","overlay-type":"","overlay-color":"","overlay-opacity":"","overlay-gradient":""}},"ast-content-background-meta":{"desktop":{"background-color":"var(--ast-global-color-4)","background-image":"","background-repeat":"repeat","background-position":"center center","background-size":"auto","background-attachment":"scroll","background-type":"","background-media":"","overlay-type":"","overlay-color":"","overlay-opacity":"","overlay-gradient":""},"tablet":{"background-color":"var(--ast-global-color-4)","background-image":"","background-repeat":"repeat","background-position":"center center","background-size":"auto","background-attachment":"scroll","background-type":"","background-media":"","overlay-type":"","overlay-color":"","overlay-opacity":"","overlay-gradient":""},"mobile":{"background-color":"var(--ast-global-color-4)","background-image":"","background-repeat":"repeat","background-position":"center center","background-size":"auto","background-attachment":"scroll","background-type":"","background-media":"","overlay-type":"","overlay-color":"","overlay-opacity":"","overlay-gradient":""}}},"product_brand":[],"product_cat":[9581],"product_tag":[6396,1606,6397,6395,6398,1772,2624],"class_list":{"0":"post-19632","1":"product","2":"type-product","3":"status-publish","4":"has-post-thumbnail","6":"product_cat-kriminaliniai-romanai","7":"product_tag-jorn-lier-horst","8":"product_tag-norvegija","9":"product_tag-policijos-tyrimas","10":"product_tag-skandinaviskas-detektyvas","11":"product_tag-tevo-ir-dukros-santykiai","12":"product_tag-zmogzudyste","13":"product_tag-zurnalistika","14":"desktop-align-left","15":"tablet-align-left","16":"mobile-align-left","18":"first","19":"instock","20":"shipping-taxable","21":"purchasable","22":"product-type-simple"},"acf":[],"yoast_head":"<!-- This site is optimized with the Yoast SEO plugin v27.0 - https:\/\/yoast.com\/product\/yoast-seo-wordpress\/ -->\n<title>Urvinis \u017emogus (i\u0161tepta apa\u010dia)<\/title>\n<meta name=\"description\" content=\"Vos u\u017e trij\u0173 nam\u0173 detektyvo Viljamo Vistingo kaimynas beveik keturis m\u0117nesius i\u0161s\u0117d\u0117jo negyvas prie\u0161ais televizori\u0173. Artim\u0173j\u0173 netur\u0117j\u0119s Vigas Hansenas\" \/>\n<meta name=\"robots\" content=\"index, follow, max-snippet:-1, max-image-preview:large, max-video-preview:-1\" \/>\n<link rel=\"canonical\" href=\"https:\/\/skaitytaknyga.lt\/en\/produktas\/urvinis-zmogus\/\" \/>\n<meta property=\"og:locale\" content=\"en_GB\" \/>\n<meta property=\"og:locale:alternate\" content=\"lt_LT\" \/>\n<meta property=\"og:type\" content=\"article\" \/>\n<meta property=\"og:title\" content=\"Urvinis \u017emogus (i\u0161tepta apa\u010dia)\" \/>\n<meta property=\"og:description\" content=\"Vos u\u017e trij\u0173 nam\u0173 detektyvo Viljamo Vistingo kaimynas beveik keturis m\u0117nesius i\u0161s\u0117d\u0117jo negyvas prie\u0161ais televizori\u0173. Artim\u0173j\u0173 netur\u0117j\u0119s Vigas Hansenas\" \/>\n<meta property=\"og:url\" content=\"https:\/\/skaitytaknyga.lt\/en\/produktas\/urvinis-zmogus\/\" \/>\n<meta property=\"og:site_name\" content=\"Skaitytaknyga\" \/>\n<meta property=\"article:publisher\" content=\"https:\/\/www.facebook.com\/skaitytaknyga\/\" \/>\n<meta property=\"article:modified_time\" content=\"2026-03-05T11:14:12+00:00\" \/>\n<meta property=\"og:image\" content=\"https:\/\/skaitytaknyga.lt\/wp-content\/uploads\/2025\/07\/Urvinis-zmogus.webp\" \/>\n\t<meta property=\"og:image:width\" content=\"450\" \/>\n\t<meta property=\"og:image:height\" content=\"652\" \/>\n\t<meta property=\"og:image:type\" content=\"image\/webp\" \/>\n<meta name=\"twitter:card\" content=\"summary_large_image\" \/>\n<meta name=\"twitter:label1\" content=\"Estimated reading time\" \/>\n\t<meta name=\"twitter:data1\" content=\"1 minute\" \/>\n<script type=\"application\/ld+json\" class=\"yoast-schema-graph\">{\"@context\":\"https:\/\/schema.org\",\"@graph\":[{\"@type\":\"WebPage\",\"@id\":\"https:\/\/skaitytaknyga.lt\/produktas\/urvinis-zmogus\/\",\"url\":\"https:\/\/skaitytaknyga.lt\/produktas\/urvinis-zmogus\/\",\"name\":\"Urvinis \u017emogus (i\u0161tepta apa\u010dia)\",\"isPartOf\":{\"@id\":\"https:\/\/skaitytaknyga.lt\/#website\"},\"primaryImageOfPage\":{\"@id\":\"https:\/\/skaitytaknyga.lt\/produktas\/urvinis-zmogus\/#primaryimage\"},\"image\":{\"@id\":\"https:\/\/skaitytaknyga.lt\/produktas\/urvinis-zmogus\/#primaryimage\"},\"thumbnailUrl\":\"https:\/\/skaitytaknyga.lt\/wp-content\/uploads\/2025\/07\/Urvinis-zmogus.webp\",\"datePublished\":\"2025-07-21T17:54:42+00:00\",\"dateModified\":\"2026-03-05T11:14:12+00:00\",\"description\":\"Vos u\u017e trij\u0173 nam\u0173 detektyvo Viljamo Vistingo kaimynas beveik keturis m\u0117nesius i\u0161s\u0117d\u0117jo negyvas prie\u0161ais televizori\u0173. Artim\u0173j\u0173 netur\u0117j\u0119s Vigas Hansenas\",\"breadcrumb\":{\"@id\":\"https:\/\/skaitytaknyga.lt\/produktas\/urvinis-zmogus\/#breadcrumb\"},\"inLanguage\":\"en-GB\",\"potentialAction\":[{\"@type\":\"ReadAction\",\"target\":[\"https:\/\/skaitytaknyga.lt\/produktas\/urvinis-zmogus\/\"]}]},{\"@type\":\"ImageObject\",\"inLanguage\":\"en-GB\",\"@id\":\"https:\/\/skaitytaknyga.lt\/produktas\/urvinis-zmogus\/#primaryimage\",\"url\":\"https:\/\/skaitytaknyga.lt\/wp-content\/uploads\/2025\/07\/Urvinis-zmogus.webp\",\"contentUrl\":\"https:\/\/skaitytaknyga.lt\/wp-content\/uploads\/2025\/07\/Urvinis-zmogus.webp\",\"width\":450,\"height\":652},{\"@type\":\"BreadcrumbList\",\"@id\":\"https:\/\/skaitytaknyga.lt\/produktas\/urvinis-zmogus\/#breadcrumb\",\"itemListElement\":[{\"@type\":\"ListItem\",\"position\":1,\"name\":\"Home\",\"item\":\"https:\/\/skaitytaknyga.lt\/\"},{\"@type\":\"ListItem\",\"position\":2,\"name\":\"Parduotuv\u0117\",\"item\":\"https:\/\/skaitytaknyga.lt\/knygu-parduotuve\/\"},{\"@type\":\"ListItem\",\"position\":3,\"name\":\"Urvinis \u017emogus (i\u0161tepta apa\u010dia)\"}]},{\"@type\":\"WebSite\",\"@id\":\"https:\/\/skaitytaknyga.lt\/#website\",\"url\":\"https:\/\/skaitytaknyga.lt\/\",\"name\":\"skaitytaknyga.lt\",\"description\":\"Skaitytaknyga.lt \u2013 tai ma\u017eas \u0161eimos verslas, kuris prasid\u0117jo nuo meil\u0117s knygoms ir siekio i\u0161gelb\u0117ti knygas nuo likimo prie konteinerio. Kas vienam nereikalingas daiktas \u2013 kitam lobis, o mes esame tarpininkai, kurie padeda abiems tapti laimingesniems ???? \u017dinome kaip nelengva i\u0161gyventi ma\u017eiems verslams, tad nuo \u0161iol, \u010dia rasite ir kit\u0173, ma\u017e\u0173 \u0161eim\u0173 versl\u0173, rank\u0173 darbo, dovan\u0173 sau ir artimiesiems.\",\"publisher\":{\"@id\":\"https:\/\/skaitytaknyga.lt\/#organization\"},\"potentialAction\":[{\"@type\":\"SearchAction\",\"target\":{\"@type\":\"EntryPoint\",\"urlTemplate\":\"https:\/\/skaitytaknyga.lt\/?s={search_term_string}\"},\"query-input\":{\"@type\":\"PropertyValueSpecification\",\"valueRequired\":true,\"valueName\":\"search_term_string\"}}],\"inLanguage\":\"en-GB\"},{\"@type\":\"Organization\",\"@id\":\"https:\/\/skaitytaknyga.lt\/#organization\",\"name\":\"skaitytaknyga.lt\",\"url\":\"https:\/\/skaitytaknyga.lt\/\",\"logo\":{\"@type\":\"ImageObject\",\"inLanguage\":\"en-GB\",\"@id\":\"https:\/\/skaitytaknyga.lt\/#\/schema\/logo\/image\/\",\"url\":\"https:\/\/skaitytaknyga.lt\/wp-content\/uploads\/2024\/05\/cropped-cropped-cropped-02_00843_jt3bggkj1j3HLc7SyY6rEUpg.jpeg\",\"contentUrl\":\"https:\/\/skaitytaknyga.lt\/wp-content\/uploads\/2024\/05\/cropped-cropped-cropped-02_00843_jt3bggkj1j3HLc7SyY6rEUpg.jpeg\",\"width\":1600,\"height\":1600,\"caption\":\"skaitytaknyga.lt\"},\"image\":{\"@id\":\"https:\/\/skaitytaknyga.lt\/#\/schema\/logo\/image\/\"},\"sameAs\":[\"https:\/\/www.facebook.com\/skaitytaknyga\/\"]}]}<\/script>\n<!-- \/ Yoast SEO plugin. -->","yoast_head_json":{"title":"Urvinis \u017emogus (i\u0161tepta apa\u010dia)","description":"Vos u\u017e trij\u0173 nam\u0173 detektyvo Viljamo Vistingo kaimynas beveik keturis m\u0117nesius i\u0161s\u0117d\u0117jo negyvas prie\u0161ais televizori\u0173. Artim\u0173j\u0173 netur\u0117j\u0119s Vigas Hansenas","robots":{"index":"index","follow":"follow","max-snippet":"max-snippet:-1","max-image-preview":"max-image-preview:large","max-video-preview":"max-video-preview:-1"},"canonical":"https:\/\/skaitytaknyga.lt\/en\/produktas\/urvinis-zmogus\/","og_locale":"en_GB","og_type":"article","og_title":"[:lt]Urvinis \u017emogus (i\u0161tepta apa\u010dia)[:] - Skaitytaknyga","og_description":"Vos u\u017e trij\u0173 nam\u0173 detektyvo Viljamo Vistingo kaimynas beveik keturis m\u0117nesius i\u0161s\u0117d\u0117jo negyvas prie\u0161ais televizori\u0173. Artim\u0173j\u0173 netur\u0117j\u0119s Vigas Hansenas","og_url":"https:\/\/skaitytaknyga.lt\/en\/produktas\/urvinis-zmogus\/","og_site_name":"Skaitytaknyga","article_publisher":"https:\/\/www.facebook.com\/skaitytaknyga\/","article_modified_time":"2026-03-05T11:14:12+00:00","og_image":[{"width":450,"height":652,"url":"https:\/\/skaitytaknyga.lt\/wp-content\/uploads\/2025\/07\/Urvinis-zmogus.webp","type":"image\/webp"}],"twitter_card":"summary_large_image","twitter_misc":{"Estimated reading time":"1 minute"},"schema":{"@context":"https:\/\/schema.org","@graph":[{"@type":"WebPage","@id":"https:\/\/skaitytaknyga.lt\/produktas\/urvinis-zmogus\/","url":"https:\/\/skaitytaknyga.lt\/produktas\/urvinis-zmogus\/","name":"Urvinis \u017emogus (i\u0161tepta apa\u010dia)","isPartOf":{"@id":"https:\/\/skaitytaknyga.lt\/#website"},"primaryImageOfPage":{"@id":"https:\/\/skaitytaknyga.lt\/produktas\/urvinis-zmogus\/#primaryimage"},"image":{"@id":"https:\/\/skaitytaknyga.lt\/produktas\/urvinis-zmogus\/#primaryimage"},"thumbnailUrl":"https:\/\/skaitytaknyga.lt\/wp-content\/uploads\/2025\/07\/Urvinis-zmogus.webp","datePublished":"2025-07-21T17:54:42+00:00","dateModified":"2026-03-05T11:14:12+00:00","description":"Vos u\u017e trij\u0173 nam\u0173 detektyvo Viljamo Vistingo kaimynas beveik keturis m\u0117nesius i\u0161s\u0117d\u0117jo negyvas prie\u0161ais televizori\u0173. Artim\u0173j\u0173 netur\u0117j\u0119s Vigas Hansenas","breadcrumb":{"@id":"https:\/\/skaitytaknyga.lt\/produktas\/urvinis-zmogus\/#breadcrumb"},"inLanguage":"en-GB","potentialAction":[{"@type":"ReadAction","target":["https:\/\/skaitytaknyga.lt\/produktas\/urvinis-zmogus\/"]}]},{"@type":"ImageObject","inLanguage":"en-GB","@id":"https:\/\/skaitytaknyga.lt\/produktas\/urvinis-zmogus\/#primaryimage","url":"https:\/\/skaitytaknyga.lt\/wp-content\/uploads\/2025\/07\/Urvinis-zmogus.webp","contentUrl":"https:\/\/skaitytaknyga.lt\/wp-content\/uploads\/2025\/07\/Urvinis-zmogus.webp","width":450,"height":652},{"@type":"BreadcrumbList","@id":"https:\/\/skaitytaknyga.lt\/produktas\/urvinis-zmogus\/#breadcrumb","itemListElement":[{"@type":"ListItem","position":1,"name":"Home","item":"https:\/\/skaitytaknyga.lt\/"},{"@type":"ListItem","position":2,"name":"Parduotuv\u0117","item":"https:\/\/skaitytaknyga.lt\/knygu-parduotuve\/"},{"@type":"ListItem","position":3,"name":"Urvinis \u017emogus (i\u0161tepta apa\u010dia)"}]},{"@type":"WebSite","@id":"https:\/\/skaitytaknyga.lt\/#website","url":"https:\/\/skaitytaknyga.lt\/","name":"skaitytaknyga.lt","description":"Skaitytaknyga.lt \u2013 tai ma\u017eas \u0161eimos verslas, kuris prasid\u0117jo nuo meil\u0117s knygoms ir siekio i\u0161gelb\u0117ti knygas nuo likimo prie konteinerio. Kas vienam nereikalingas daiktas \u2013 kitam lobis, o mes esame tarpininkai, kurie padeda abiems tapti laimingesniems ???? \u017dinome kaip nelengva i\u0161gyventi ma\u017eiems verslams, tad nuo \u0161iol, \u010dia rasite ir kit\u0173, ma\u017e\u0173 \u0161eim\u0173 versl\u0173, rank\u0173 darbo, dovan\u0173 sau ir artimiesiems.","publisher":{"@id":"https:\/\/skaitytaknyga.lt\/#organization"},"potentialAction":[{"@type":"SearchAction","target":{"@type":"EntryPoint","urlTemplate":"https:\/\/skaitytaknyga.lt\/?s={search_term_string}"},"query-input":{"@type":"PropertyValueSpecification","valueRequired":true,"valueName":"search_term_string"}}],"inLanguage":"en-GB"},{"@type":"Organization","@id":"https:\/\/skaitytaknyga.lt\/#organization","name":"skaitytaknyga.lt","url":"https:\/\/skaitytaknyga.lt\/","logo":{"@type":"ImageObject","inLanguage":"en-GB","@id":"https:\/\/skaitytaknyga.lt\/#\/schema\/logo\/image\/","url":"https:\/\/skaitytaknyga.lt\/wp-content\/uploads\/2024\/05\/cropped-cropped-cropped-02_00843_jt3bggkj1j3HLc7SyY6rEUpg.jpeg","contentUrl":"https:\/\/skaitytaknyga.lt\/wp-content\/uploads\/2024\/05\/cropped-cropped-cropped-02_00843_jt3bggkj1j3HLc7SyY6rEUpg.jpeg","width":1600,"height":1600,"caption":"skaitytaknyga.lt"},"image":{"@id":"https:\/\/skaitytaknyga.lt\/#\/schema\/logo\/image\/"},"sameAs":["https:\/\/www.facebook.com\/skaitytaknyga\/"]}]}},"_links":{"self":[{"href":"https:\/\/skaitytaknyga.lt\/en\/wp-json\/wp\/v2\/product\/19632","targetHints":{"allow":["GET"]}}],"collection":[{"href":"https:\/\/skaitytaknyga.lt\/en\/wp-json\/wp\/v2\/product"}],"about":[{"href":"https:\/\/skaitytaknyga.lt\/en\/wp-json\/wp\/v2\/types\/product"}],"replies":[{"embeddable":true,"href":"https:\/\/skaitytaknyga.lt\/en\/wp-json\/wp\/v2\/comments?post=19632"}],"wp:featuredmedia":[{"embeddable":true,"href":"https:\/\/skaitytaknyga.lt\/en\/wp-json\/wp\/v2\/media\/19634"}],"wp:attachment":[{"href":"https:\/\/skaitytaknyga.lt\/en\/wp-json\/wp\/v2\/media?parent=19632"}],"wp:term":[{"taxonomy":"product_brand","embeddable":true,"href":"https:\/\/skaitytaknyga.lt\/en\/wp-json\/wp\/v2\/product_brand?post=19632"},{"taxonomy":"product_cat","embeddable":true,"href":"https:\/\/skaitytaknyga.lt\/en\/wp-json\/wp\/v2\/product_cat?post=19632"},{"taxonomy":"product_tag","embeddable":true,"href":"https:\/\/skaitytaknyga.lt\/en\/wp-json\/wp\/v2\/product_tag?post=19632"}],"curies":[{"name":"wp","href":"https:\/\/api.w.org\/{rel}","templated":true}]}}