{"id":19629,"date":"2025-07-21T20:10:43","date_gmt":"2025-07-21T17:10:43","guid":{"rendered":"https:\/\/skaitytaknyga.lt\/?post_type=product&#038;p=19629"},"modified":"2025-07-31T08:10:35","modified_gmt":"2025-07-31T05:10:35","slug":"latviu-legionas-mano-kariskas-keliasvisvaldis-lacis","status":"publish","type":"product","link":"https:\/\/skaitytaknyga.lt\/en\/produktas\/latviu-legionas-mano-kariskas-keliasvisvaldis-lacis\/","title":{"rendered":"LATVI\u0172 LEGIONAS: mano kari\u0161kas kelias\nVisvaldis L\u0101cis"},"content":{"rendered":"<p>Mus su artimiausiais kaimynais latviais sieja bendra balti\u0161ka kult\u016bra, gimininga kalba, pana\u0161i tautosaka. Nors esame gimin\u0117s, apie latvi\u0173 ir j\u0173 \u0161alies istorij\u0105, taip pat XX a. pirmosios pus\u0117s \u012fvykius \u017einome nepakankamai. Latviai, lygiai kaip lietuviai, patyr\u0117 soviet\u0173 ir naci\u0173 okupacijas, ta\u010diau kai kurie t\u0173 met\u0173 \u012fvykiai kaimynams klost\u0117si kiek kitaip.<\/p>\n<p>Buv\u0119s Latvijos legiono karys, kalbininkas, publicistas, Saeimos narys V. L\u0101cis \u0161ioje knygoje pasakoja apie vokie\u010di\u0173 okupacijos metais suburt\u0105 Latvi\u0173 SS legion\u0105. Jis atskleid\u017eia daug \u012fdomios informacijos apie legiono k\u016brimo prie\u017eastis ir aplinkybes, \u017einomiausius jo vadus ir kovas Antrojo pasaulinio karo frontuose.<\/p>\n<p>Kod\u0117l latviai, kitaip nei lietuviai, stojo tarnauti \u012f Waffen SS? Kokios buvo tikrosios daugelio legionieri\u0173 viltys ir j\u0173 po\u017ei\u016bris \u012f vokie\u010dius? Kod\u0117l latvi\u0173 legionieri\u0173 negalima vadinti esesininkais ir naci\u0173 kolaborantais, nors b\u016btent taip nuolat tvirtina Kremliaus propaganda? Atsakymus \u012f \u0161iuos klausimus rasite knygoje.<\/p>\n","protected":false},"excerpt":{"rendered":"<p>Mus su artimiausiais kaimynais latviais sieja bendra balti\u0161ka kult\u016bra, gimininga kalba, pana\u0161i tautosaka. Nors esame gimin\u0117s, apie latvi\u0173 ir j\u0173 \u0161alies istorij\u0105, taip pat XX a. pirmosios pus\u0117s \u012fvykius \u017einome nepakankamai. Latviai, lygiai kaip lietuviai, patyr\u0117 soviet\u0173 ir naci\u0173 okupacijas, ta\u010diau kai kurie t\u0173 met\u0173 \u012fvykiai kaimynams klost\u0117si kiek kitaip. Buv\u0119s Latvijos legiono karys, kalbininkas, publicistas, Saeimos narys V. L\u0101cis \u0161ioje knygoje pasakoja apie vokie\u010di\u0173 okupacijos metais suburt\u0105 Latvi\u0173 SS legion\u0105. Jis atskleid\u017eia daug \u012fdomios informacijos apie legiono k\u016brimo prie\u017eastis ir aplinkybes, \u017einomiausius jo vadus ir kovas Antrojo pasaulinio karo frontuose. Kod\u0117l latviai, kitaip nei lietuviai, stojo tarnauti \u012f Waffen SS? Kokios buvo tikrosios daugelio legionieri\u0173 viltys ir j\u0173 po\u017ei\u016bris \u012f vokie\u010dius? Kod\u0117l latvi\u0173 legionieri\u0173 negalima vadinti esesininkais ir naci\u0173 kolaborantais, nors b\u016btent taip nuolat tvirtina Kremliaus propaganda? Atsakymus \u012f \u0161iuos klausimus rasite knygoje.<\/p>\n","protected":false},"featured_media":19631,"comment_status":"open","ping_status":"closed","template":"","meta":{"_acf_changed":false,"site-sidebar-layout":"default","site-content-layout":"","ast-site-content-layout":"default","site-content-style":"default","site-sidebar-style":"default","ast-global-header-display":"","ast-banner-title-visibility":"","ast-main-header-display":"","ast-hfb-above-header-display":"","ast-hfb-below-header-display":"","ast-hfb-mobile-header-display":"","site-post-title":"","ast-breadcrumbs-content":"","ast-featured-img":"","footer-sml-layout":"","ast-disable-related-posts":"","theme-transparent-header-meta":"","adv-header-id-meta":"","stick-header-meta":"","header-above-stick-meta":"","header-main-stick-meta":"","header-below-stick-meta":"","astra-migrate-meta-layouts":"default","ast-page-background-enabled":"default","ast-page-background-meta":{"desktop":{"background-color":"","background-image":"","background-repeat":"repeat","background-position":"center center","background-size":"auto","background-attachment":"scroll","background-type":"","background-media":"","overlay-type":"","overlay-color":"","overlay-opacity":"","overlay-gradient":""},"tablet":{"background-color":"","background-image":"","background-repeat":"repeat","background-position":"center center","background-size":"auto","background-attachment":"scroll","background-type":"","background-media":"","overlay-type":"","overlay-color":"","overlay-opacity":"","overlay-gradient":""},"mobile":{"background-color":"","background-image":"","background-repeat":"repeat","background-position":"center center","background-size":"auto","background-attachment":"scroll","background-type":"","background-media":"","overlay-type":"","overlay-color":"","overlay-opacity":"","overlay-gradient":""}},"ast-content-background-meta":{"desktop":{"background-color":"var(--ast-global-color-4)","background-image":"","background-repeat":"repeat","background-position":"center center","background-size":"auto","background-attachment":"scroll","background-type":"","background-media":"","overlay-type":"","overlay-color":"","overlay-opacity":"","overlay-gradient":""},"tablet":{"background-color":"var(--ast-global-color-4)","background-image":"","background-repeat":"repeat","background-position":"center center","background-size":"auto","background-attachment":"scroll","background-type":"","background-media":"","overlay-type":"","overlay-color":"","overlay-opacity":"","overlay-gradient":""},"mobile":{"background-color":"var(--ast-global-color-4)","background-image":"","background-repeat":"repeat","background-position":"center center","background-size":"auto","background-attachment":"scroll","background-type":"","background-media":"","overlay-type":"","overlay-color":"","overlay-opacity":"","overlay-gradient":""}}},"product_brand":[],"product_cat":[174],"product_tag":[1095,6394,2224,6392,2395,6391,6393],"class_list":{"0":"post-19629","1":"product","2":"type-product","3":"status-publish","4":"has-post-thumbnail","6":"product_cat-istorija-ir-politologija","7":"product_tag-antrasis-pasaulinis-karas","8":"product_tag-baltijos-salys","9":"product_tag-istorija","10":"product_tag-latvijos-legiono-istorija","11":"product_tag-politika","12":"product_tag-visvaldis-lacis","13":"product_tag-waffen-ss","14":"desktop-align-left","15":"tablet-align-left","16":"mobile-align-left","18":"first","19":"instock","20":"shipping-taxable","21":"purchasable","22":"product-type-simple"},"acf":[],"yoast_head":"<!-- This site is optimized with the Yoast SEO plugin v27.4 - https:\/\/yoast.com\/product\/yoast-seo-wordpress\/ -->\n<title>LATVI\u0172 LEGIONAS: mano kari\u0161kas kelias Visvaldis L\u0101cis<\/title>\n<meta name=\"description\" content=\"Mus su artimiausiais kaimynais latviais sieja bendra balti\u0161ka kult\u016bra, gimininga kalba, pana\u0161i tautosaka. Nors esame gimin\u0117s, apie latvi\u0173 ir j\u0173 \u0161alies\" \/>\n<meta name=\"robots\" content=\"index, follow, max-snippet:-1, max-image-preview:large, max-video-preview:-1\" \/>\n<link rel=\"canonical\" href=\"https:\/\/skaitytaknyga.lt\/en\/produktas\/latviu-legionas-mano-kariskas-keliasvisvaldis-lacis\/\" \/>\n<meta property=\"og:locale\" content=\"en_GB\" \/>\n<meta property=\"og:locale:alternate\" content=\"lt_LT\" \/>\n<meta property=\"og:type\" content=\"article\" \/>\n<meta property=\"og:title\" content=\"LATVI\u0172 LEGIONAS: mano kari\u0161kas kelias Visvaldis L\u0101cis\" \/>\n<meta property=\"og:description\" content=\"Mus su artimiausiais kaimynais latviais sieja bendra balti\u0161ka kult\u016bra, gimininga kalba, pana\u0161i tautosaka. Nors esame gimin\u0117s, apie latvi\u0173 ir j\u0173 \u0161alies\" \/>\n<meta property=\"og:url\" content=\"https:\/\/skaitytaknyga.lt\/en\/produktas\/latviu-legionas-mano-kariskas-keliasvisvaldis-lacis\/\" \/>\n<meta property=\"og:site_name\" content=\"Skaitytaknyga\" \/>\n<meta property=\"article:publisher\" content=\"https:\/\/www.facebook.com\/skaitytaknyga\/\" \/>\n<meta property=\"article:modified_time\" content=\"2025-07-31T05:10:35+00:00\" \/>\n<meta property=\"og:image\" content=\"https:\/\/skaitytaknyga.lt\/wp-content\/uploads\/2025\/07\/LATVIU-LEGIONAS-mano-kariskas-kelias.webp\" \/>\n\t<meta property=\"og:image:width\" content=\"351\" \/>\n\t<meta property=\"og:image:height\" content=\"500\" \/>\n\t<meta property=\"og:image:type\" content=\"image\/webp\" \/>\n<meta name=\"twitter:card\" content=\"summary_large_image\" \/>\n<meta name=\"twitter:label1\" content=\"Estimated reading time\" \/>\n\t<meta name=\"twitter:data1\" content=\"1 minute\" \/>\n<script type=\"application\/ld+json\" class=\"yoast-schema-graph\">{\"@context\":\"https:\\\/\\\/schema.org\",\"@graph\":[{\"@type\":\"WebPage\",\"@id\":\"https:\\\/\\\/skaitytaknyga.lt\\\/produktas\\\/latviu-legionas-mano-kariskas-keliasvisvaldis-lacis\\\/\",\"url\":\"https:\\\/\\\/skaitytaknyga.lt\\\/produktas\\\/latviu-legionas-mano-kariskas-keliasvisvaldis-lacis\\\/\",\"name\":\"LATVI\u0172 LEGIONAS: mano kari\u0161kas kelias Visvaldis L\u0101cis\",\"isPartOf\":{\"@id\":\"https:\\\/\\\/skaitytaknyga.lt\\\/#website\"},\"primaryImageOfPage\":{\"@id\":\"https:\\\/\\\/skaitytaknyga.lt\\\/produktas\\\/latviu-legionas-mano-kariskas-keliasvisvaldis-lacis\\\/#primaryimage\"},\"image\":{\"@id\":\"https:\\\/\\\/skaitytaknyga.lt\\\/produktas\\\/latviu-legionas-mano-kariskas-keliasvisvaldis-lacis\\\/#primaryimage\"},\"thumbnailUrl\":\"https:\\\/\\\/skaitytaknyga.lt\\\/wp-content\\\/uploads\\\/2025\\\/07\\\/LATVIU-LEGIONAS-mano-kariskas-kelias.webp\",\"datePublished\":\"2025-07-21T17:10:43+00:00\",\"dateModified\":\"2025-07-31T05:10:35+00:00\",\"description\":\"Mus su artimiausiais kaimynais latviais sieja bendra balti\u0161ka kult\u016bra, gimininga kalba, pana\u0161i tautosaka. Nors esame gimin\u0117s, apie latvi\u0173 ir j\u0173 \u0161alies\",\"breadcrumb\":{\"@id\":\"https:\\\/\\\/skaitytaknyga.lt\\\/produktas\\\/latviu-legionas-mano-kariskas-keliasvisvaldis-lacis\\\/#breadcrumb\"},\"inLanguage\":\"en-GB\",\"potentialAction\":[{\"@type\":\"ReadAction\",\"target\":[\"https:\\\/\\\/skaitytaknyga.lt\\\/produktas\\\/latviu-legionas-mano-kariskas-keliasvisvaldis-lacis\\\/\"]}]},{\"@type\":\"ImageObject\",\"inLanguage\":\"en-GB\",\"@id\":\"https:\\\/\\\/skaitytaknyga.lt\\\/produktas\\\/latviu-legionas-mano-kariskas-keliasvisvaldis-lacis\\\/#primaryimage\",\"url\":\"https:\\\/\\\/skaitytaknyga.lt\\\/wp-content\\\/uploads\\\/2025\\\/07\\\/LATVIU-LEGIONAS-mano-kariskas-kelias.webp\",\"contentUrl\":\"https:\\\/\\\/skaitytaknyga.lt\\\/wp-content\\\/uploads\\\/2025\\\/07\\\/LATVIU-LEGIONAS-mano-kariskas-kelias.webp\",\"width\":351,\"height\":500},{\"@type\":\"BreadcrumbList\",\"@id\":\"https:\\\/\\\/skaitytaknyga.lt\\\/produktas\\\/latviu-legionas-mano-kariskas-keliasvisvaldis-lacis\\\/#breadcrumb\",\"itemListElement\":[{\"@type\":\"ListItem\",\"position\":1,\"name\":\"Home\",\"item\":\"https:\\\/\\\/skaitytaknyga.lt\\\/\"},{\"@type\":\"ListItem\",\"position\":2,\"name\":\"Parduotuv\u0117\",\"item\":\"https:\\\/\\\/skaitytaknyga.lt\\\/knygu-parduotuve\\\/\"},{\"@type\":\"ListItem\",\"position\":3,\"name\":\"LATVI\u0172 LEGIONAS: mano kari\u0161kas kelias Visvaldis L\u0101cis\"}]},{\"@type\":\"WebSite\",\"@id\":\"https:\\\/\\\/skaitytaknyga.lt\\\/#website\",\"url\":\"https:\\\/\\\/skaitytaknyga.lt\\\/\",\"name\":\"skaitytaknyga.lt\",\"description\":\"Skaitytaknyga.lt \u2013 tai ma\u017eas \u0161eimos verslas, kuris prasid\u0117jo nuo meil\u0117s knygoms ir siekio i\u0161gelb\u0117ti knygas nuo likimo prie konteinerio. Kas vienam nereikalingas daiktas \u2013 kitam lobis, o mes esame tarpininkai, kurie padeda abiems tapti laimingesniems ???? \u017dinome kaip nelengva i\u0161gyventi ma\u017eiems verslams, tad nuo \u0161iol, \u010dia rasite ir kit\u0173, ma\u017e\u0173 \u0161eim\u0173 versl\u0173, rank\u0173 darbo, dovan\u0173 sau ir artimiesiems.\",\"publisher\":{\"@id\":\"https:\\\/\\\/skaitytaknyga.lt\\\/#organization\"},\"potentialAction\":[{\"@type\":\"SearchAction\",\"target\":{\"@type\":\"EntryPoint\",\"urlTemplate\":\"https:\\\/\\\/skaitytaknyga.lt\\\/?s={search_term_string}\"},\"query-input\":{\"@type\":\"PropertyValueSpecification\",\"valueRequired\":true,\"valueName\":\"search_term_string\"}}],\"inLanguage\":\"en-GB\"},{\"@type\":\"Organization\",\"@id\":\"https:\\\/\\\/skaitytaknyga.lt\\\/#organization\",\"name\":\"skaitytaknyga.lt\",\"url\":\"https:\\\/\\\/skaitytaknyga.lt\\\/\",\"logo\":{\"@type\":\"ImageObject\",\"inLanguage\":\"en-GB\",\"@id\":\"https:\\\/\\\/skaitytaknyga.lt\\\/#\\\/schema\\\/logo\\\/image\\\/\",\"url\":\"https:\\\/\\\/skaitytaknyga.lt\\\/wp-content\\\/uploads\\\/2024\\\/05\\\/cropped-cropped-cropped-02_00843_jt3bggkj1j3HLc7SyY6rEUpg.jpeg\",\"contentUrl\":\"https:\\\/\\\/skaitytaknyga.lt\\\/wp-content\\\/uploads\\\/2024\\\/05\\\/cropped-cropped-cropped-02_00843_jt3bggkj1j3HLc7SyY6rEUpg.jpeg\",\"width\":1600,\"height\":1600,\"caption\":\"skaitytaknyga.lt\"},\"image\":{\"@id\":\"https:\\\/\\\/skaitytaknyga.lt\\\/#\\\/schema\\\/logo\\\/image\\\/\"},\"sameAs\":[\"https:\\\/\\\/www.facebook.com\\\/skaitytaknyga\\\/\"]}]}<\/script>\n<!-- \/ Yoast SEO plugin. -->","yoast_head_json":{"title":"LATVI\u0172 LEGIONAS: mano kari\u0161kas kelias Visvaldis L\u0101cis","description":"Mus su artimiausiais kaimynais latviais sieja bendra balti\u0161ka kult\u016bra, gimininga kalba, pana\u0161i tautosaka. Nors esame gimin\u0117s, apie latvi\u0173 ir j\u0173 \u0161alies","robots":{"index":"index","follow":"follow","max-snippet":"max-snippet:-1","max-image-preview":"max-image-preview:large","max-video-preview":"max-video-preview:-1"},"canonical":"https:\/\/skaitytaknyga.lt\/en\/produktas\/latviu-legionas-mano-kariskas-keliasvisvaldis-lacis\/","og_locale":"en_GB","og_type":"article","og_title":"[:lt]LATVI\u0172 LEGIONAS: mano kari\u0161kas kelias Visvaldis L\u0101cis[:] - Skaitytaknyga","og_description":"Mus su artimiausiais kaimynais latviais sieja bendra balti\u0161ka kult\u016bra, gimininga kalba, pana\u0161i tautosaka. Nors esame gimin\u0117s, apie latvi\u0173 ir j\u0173 \u0161alies","og_url":"https:\/\/skaitytaknyga.lt\/en\/produktas\/latviu-legionas-mano-kariskas-keliasvisvaldis-lacis\/","og_site_name":"Skaitytaknyga","article_publisher":"https:\/\/www.facebook.com\/skaitytaknyga\/","article_modified_time":"2025-07-31T05:10:35+00:00","og_image":[{"width":351,"height":500,"url":"https:\/\/skaitytaknyga.lt\/wp-content\/uploads\/2025\/07\/LATVIU-LEGIONAS-mano-kariskas-kelias.webp","type":"image\/webp"}],"twitter_card":"summary_large_image","twitter_misc":{"Estimated reading time":"1 minute"},"schema":{"@context":"https:\/\/schema.org","@graph":[{"@type":"WebPage","@id":"https:\/\/skaitytaknyga.lt\/produktas\/latviu-legionas-mano-kariskas-keliasvisvaldis-lacis\/","url":"https:\/\/skaitytaknyga.lt\/produktas\/latviu-legionas-mano-kariskas-keliasvisvaldis-lacis\/","name":"LATVI\u0172 LEGIONAS: mano kari\u0161kas kelias Visvaldis L\u0101cis","isPartOf":{"@id":"https:\/\/skaitytaknyga.lt\/#website"},"primaryImageOfPage":{"@id":"https:\/\/skaitytaknyga.lt\/produktas\/latviu-legionas-mano-kariskas-keliasvisvaldis-lacis\/#primaryimage"},"image":{"@id":"https:\/\/skaitytaknyga.lt\/produktas\/latviu-legionas-mano-kariskas-keliasvisvaldis-lacis\/#primaryimage"},"thumbnailUrl":"https:\/\/skaitytaknyga.lt\/wp-content\/uploads\/2025\/07\/LATVIU-LEGIONAS-mano-kariskas-kelias.webp","datePublished":"2025-07-21T17:10:43+00:00","dateModified":"2025-07-31T05:10:35+00:00","description":"Mus su artimiausiais kaimynais latviais sieja bendra balti\u0161ka kult\u016bra, gimininga kalba, pana\u0161i tautosaka. Nors esame gimin\u0117s, apie latvi\u0173 ir j\u0173 \u0161alies","breadcrumb":{"@id":"https:\/\/skaitytaknyga.lt\/produktas\/latviu-legionas-mano-kariskas-keliasvisvaldis-lacis\/#breadcrumb"},"inLanguage":"en-GB","potentialAction":[{"@type":"ReadAction","target":["https:\/\/skaitytaknyga.lt\/produktas\/latviu-legionas-mano-kariskas-keliasvisvaldis-lacis\/"]}]},{"@type":"ImageObject","inLanguage":"en-GB","@id":"https:\/\/skaitytaknyga.lt\/produktas\/latviu-legionas-mano-kariskas-keliasvisvaldis-lacis\/#primaryimage","url":"https:\/\/skaitytaknyga.lt\/wp-content\/uploads\/2025\/07\/LATVIU-LEGIONAS-mano-kariskas-kelias.webp","contentUrl":"https:\/\/skaitytaknyga.lt\/wp-content\/uploads\/2025\/07\/LATVIU-LEGIONAS-mano-kariskas-kelias.webp","width":351,"height":500},{"@type":"BreadcrumbList","@id":"https:\/\/skaitytaknyga.lt\/produktas\/latviu-legionas-mano-kariskas-keliasvisvaldis-lacis\/#breadcrumb","itemListElement":[{"@type":"ListItem","position":1,"name":"Home","item":"https:\/\/skaitytaknyga.lt\/"},{"@type":"ListItem","position":2,"name":"Parduotuv\u0117","item":"https:\/\/skaitytaknyga.lt\/knygu-parduotuve\/"},{"@type":"ListItem","position":3,"name":"LATVI\u0172 LEGIONAS: mano kari\u0161kas kelias Visvaldis L\u0101cis"}]},{"@type":"WebSite","@id":"https:\/\/skaitytaknyga.lt\/#website","url":"https:\/\/skaitytaknyga.lt\/","name":"skaitytaknyga.lt","description":"Skaitytaknyga.lt \u2013 tai ma\u017eas \u0161eimos verslas, kuris prasid\u0117jo nuo meil\u0117s knygoms ir siekio i\u0161gelb\u0117ti knygas nuo likimo prie konteinerio. Kas vienam nereikalingas daiktas \u2013 kitam lobis, o mes esame tarpininkai, kurie padeda abiems tapti laimingesniems ???? \u017dinome kaip nelengva i\u0161gyventi ma\u017eiems verslams, tad nuo \u0161iol, \u010dia rasite ir kit\u0173, ma\u017e\u0173 \u0161eim\u0173 versl\u0173, rank\u0173 darbo, dovan\u0173 sau ir artimiesiems.","publisher":{"@id":"https:\/\/skaitytaknyga.lt\/#organization"},"potentialAction":[{"@type":"SearchAction","target":{"@type":"EntryPoint","urlTemplate":"https:\/\/skaitytaknyga.lt\/?s={search_term_string}"},"query-input":{"@type":"PropertyValueSpecification","valueRequired":true,"valueName":"search_term_string"}}],"inLanguage":"en-GB"},{"@type":"Organization","@id":"https:\/\/skaitytaknyga.lt\/#organization","name":"skaitytaknyga.lt","url":"https:\/\/skaitytaknyga.lt\/","logo":{"@type":"ImageObject","inLanguage":"en-GB","@id":"https:\/\/skaitytaknyga.lt\/#\/schema\/logo\/image\/","url":"https:\/\/skaitytaknyga.lt\/wp-content\/uploads\/2024\/05\/cropped-cropped-cropped-02_00843_jt3bggkj1j3HLc7SyY6rEUpg.jpeg","contentUrl":"https:\/\/skaitytaknyga.lt\/wp-content\/uploads\/2024\/05\/cropped-cropped-cropped-02_00843_jt3bggkj1j3HLc7SyY6rEUpg.jpeg","width":1600,"height":1600,"caption":"skaitytaknyga.lt"},"image":{"@id":"https:\/\/skaitytaknyga.lt\/#\/schema\/logo\/image\/"},"sameAs":["https:\/\/www.facebook.com\/skaitytaknyga\/"]}]}},"_links":{"self":[{"href":"https:\/\/skaitytaknyga.lt\/en\/wp-json\/wp\/v2\/product\/19629","targetHints":{"allow":["GET"]}}],"collection":[{"href":"https:\/\/skaitytaknyga.lt\/en\/wp-json\/wp\/v2\/product"}],"about":[{"href":"https:\/\/skaitytaknyga.lt\/en\/wp-json\/wp\/v2\/types\/product"}],"replies":[{"embeddable":true,"href":"https:\/\/skaitytaknyga.lt\/en\/wp-json\/wp\/v2\/comments?post=19629"}],"wp:featuredmedia":[{"embeddable":true,"href":"https:\/\/skaitytaknyga.lt\/en\/wp-json\/wp\/v2\/media\/19631"}],"wp:attachment":[{"href":"https:\/\/skaitytaknyga.lt\/en\/wp-json\/wp\/v2\/media?parent=19629"}],"wp:term":[{"taxonomy":"product_brand","embeddable":true,"href":"https:\/\/skaitytaknyga.lt\/en\/wp-json\/wp\/v2\/product_brand?post=19629"},{"taxonomy":"product_cat","embeddable":true,"href":"https:\/\/skaitytaknyga.lt\/en\/wp-json\/wp\/v2\/product_cat?post=19629"},{"taxonomy":"product_tag","embeddable":true,"href":"https:\/\/skaitytaknyga.lt\/en\/wp-json\/wp\/v2\/product_tag?post=19629"}],"curies":[{"name":"wp","href":"https:\/\/api.w.org\/{rel}","templated":true}]}}