{"id":19628,"date":"2025-07-21T20:10:43","date_gmt":"2025-07-21T17:10:43","guid":{"rendered":"https:\/\/skaitytaknyga.lt\/?post_type=product&#038;p=19628"},"modified":"2026-03-18T14:58:13","modified_gmt":"2026-03-18T12:58:13","slug":"vlasovas-pries-stalina-rusijos-isvadavimo-armijos-tragedija-1944-1945-m","status":"publish","type":"product","link":"https:\/\/skaitytaknyga.lt\/en\/produktas\/vlasovas-pries-stalina-rusijos-isvadavimo-armijos-tragedija-1944-1945-m\/","title":{"rendered":"Vlasovas prie\u0161 Stalin\u0105: Rusijos i\u0161vadavimo armijos tragedija 1944-1945 m."},"content":{"rendered":"<p>Rusijoje \u0161ie kariai iki \u0161iol tebelaikomi i\u0161davikais. Jie vadinami prie\u0161 savo tautie\u010dius kovojusiais Hitlerio pakalikais, budeliais, s\u0105\u017ein\u0119 praradusiais niek\u0161ais. Bet ar i\u0161 ties\u0173 generolo Andrejaus Vlasovo vadovaujamai Rusijos i\u0161vadavimo armijai \u2013 ROA \u2013 tinka \u0161ie epitetai? Apie tai savo knygoje ra\u0161o garsus vokie\u010di\u0173 istorikas Joachimas Hoffmannas.<\/p>\n<p>Remdamasis archyviniais dokumentais autorius ap\u017evelgia ROA istorij\u0105 nuo pat jos susik\u016brimo iki tragedijos pasibaigus Antrajam pasauliniam karui. Knygoje \u012frodoma, kad auk\u0161\u010diausia ROA vadovyb\u0117 nebuvo jokie \u201et\u0117vyn\u0117s i\u0161davikai&#8221;, o \u017emon\u0117s, nuo\u0161ird\u017eiai nekent\u0119 Stalino bei jo re\u017eimo, tik\u0117j\u0119, kad bol\u0161evizmas paverg\u0117 Rusij\u0105 ir kad jos atgimimas galimas tik nuvertus \u017eiauri\u0105 tironij\u0105.<\/p>\n<p>Vlasovininkai vyl\u0117si, kad kruvinojo Stalino, o paskui ir Hitlerio okupacijos atsikra\u010diusi Rusija gali tapti laisva europieti\u0161ka valstybe. Deja, likimas daugeliui \u0161i\u0173 kari\u0173 buvo negailestingas.<\/p>\n","protected":false},"excerpt":{"rendered":"<p>Rusijoje \u0161ie kariai iki \u0161iol tebelaikomi i\u0161davikais. Jie vadinami prie\u0161 savo tautie\u010dius kovojusiais Hitlerio pakalikais, budeliais, s\u0105\u017ein\u0119 praradusiais niek\u0161ais. Bet ar i\u0161 ties\u0173 generolo Andrejaus Vlasovo vadovaujamai Rusijos i\u0161vadavimo armijai \u2013 ROA \u2013 tinka \u0161ie epitetai? Apie tai savo knygoje ra\u0161o garsus vokie\u010di\u0173 istorikas Joachimas Hoffmannas. Remdamasis archyviniais dokumentais autorius ap\u017evelgia ROA istorij\u0105 nuo pat jos susik\u016brimo iki tragedijos pasibaigus Antrajam pasauliniam karui. Knygoje \u012frodoma, kad auk\u0161\u010diausia ROA vadovyb\u0117 nebuvo jokie \u201et\u0117vyn\u0117s i\u0161davikai&#8221;, o \u017emon\u0117s, nuo\u0161ird\u017eiai nekent\u0119 Stalino bei jo re\u017eimo, tik\u0117j\u0119, kad bol\u0161evizmas paverg\u0117 Rusij\u0105 ir kad jos atgimimas galimas tik nuvertus \u017eiauri\u0105 tironij\u0105. Vlasovininkai vyl\u0117si, kad kruvinojo Stalino, o paskui ir Hitlerio okupacijos atsikra\u010diusi Rusija gali tapti laisva europieti\u0161ka valstybe. Deja, likimas daugeliui \u0161i\u0173 kari\u0173 buvo negailestingas.<\/p>\n","protected":false},"featured_media":19630,"comment_status":"open","ping_status":"closed","template":"","meta":{"_acf_changed":false,"site-sidebar-layout":"default","site-content-layout":"","ast-site-content-layout":"default","site-content-style":"default","site-sidebar-style":"default","ast-global-header-display":"","ast-banner-title-visibility":"","ast-main-header-display":"","ast-hfb-above-header-display":"","ast-hfb-below-header-display":"","ast-hfb-mobile-header-display":"","site-post-title":"","ast-breadcrumbs-content":"","ast-featured-img":"","footer-sml-layout":"","ast-disable-related-posts":"","theme-transparent-header-meta":"","adv-header-id-meta":"","stick-header-meta":"","header-above-stick-meta":"","header-main-stick-meta":"","header-below-stick-meta":"","astra-migrate-meta-layouts":"default","ast-page-background-enabled":"default","ast-page-background-meta":{"desktop":{"background-color":"","background-image":"","background-repeat":"repeat","background-position":"center center","background-size":"auto","background-attachment":"scroll","background-type":"","background-media":"","overlay-type":"","overlay-color":"","overlay-opacity":"","overlay-gradient":""},"tablet":{"background-color":"","background-image":"","background-repeat":"repeat","background-position":"center center","background-size":"auto","background-attachment":"scroll","background-type":"","background-media":"","overlay-type":"","overlay-color":"","overlay-opacity":"","overlay-gradient":""},"mobile":{"background-color":"","background-image":"","background-repeat":"repeat","background-position":"center center","background-size":"auto","background-attachment":"scroll","background-type":"","background-media":"","overlay-type":"","overlay-color":"","overlay-opacity":"","overlay-gradient":""}},"ast-content-background-meta":{"desktop":{"background-color":"var(--ast-global-color-4)","background-image":"","background-repeat":"repeat","background-position":"center center","background-size":"auto","background-attachment":"scroll","background-type":"","background-media":"","overlay-type":"","overlay-color":"","overlay-opacity":"","overlay-gradient":""},"tablet":{"background-color":"var(--ast-global-color-4)","background-image":"","background-repeat":"repeat","background-position":"center center","background-size":"auto","background-attachment":"scroll","background-type":"","background-media":"","overlay-type":"","overlay-color":"","overlay-opacity":"","overlay-gradient":""},"mobile":{"background-color":"var(--ast-global-color-4)","background-image":"","background-repeat":"repeat","background-position":"center center","background-size":"auto","background-attachment":"scroll","background-type":"","background-media":"","overlay-type":"","overlay-color":"","overlay-opacity":"","overlay-gradient":""}}},"product_brand":[],"product_cat":[174,9864],"product_tag":[6388,6387,6390,6385,2231,6386,6389],"class_list":{"0":"post-19628","1":"product","2":"type-product","3":"status-publish","4":"has-post-thumbnail","6":"product_cat-istorija-ir-politologija","7":"product_cat-karo-istorija","8":"product_tag-antrojo-pasaulinio-karo-pabaiga","9":"product_tag-generolas-vlasovas","10":"product_tag-istorinis-tyrimas","11":"product_tag-joachimas-hoffmann","12":"product_tag-karo-istorija","13":"product_tag-rusijos-isvadavimo-armija","14":"product_tag-sovietu-rezimas","15":"desktop-align-left","16":"tablet-align-left","17":"mobile-align-left","19":"first","20":"instock","21":"shipping-taxable","22":"purchasable","23":"product-type-simple"},"acf":[],"yoast_head":"<!-- This site is optimized with the Yoast SEO plugin v27.4 - https:\/\/yoast.com\/product\/yoast-seo-wordpress\/ -->\n<title>Vlasovas prie\u0161 Stalin\u0105: Rusijos i\u0161vadavimo armijos tragedija 1944-1945 m.<\/title>\n<meta name=\"description\" content=\"Rusijoje \u0161ie kariai iki \u0161iol tebelaikomi i\u0161davikais. Jie vadinami prie\u0161 savo tautie\u010dius kovojusiais Hitlerio pakalikais, budeliais, s\u0105\u017ein\u0119 praradusiais\" \/>\n<meta name=\"robots\" content=\"index, follow, max-snippet:-1, max-image-preview:large, max-video-preview:-1\" \/>\n<link rel=\"canonical\" href=\"https:\/\/skaitytaknyga.lt\/en\/produktas\/vlasovas-pries-stalina-rusijos-isvadavimo-armijos-tragedija-1944-1945-m\/\" \/>\n<meta property=\"og:locale\" content=\"en_GB\" \/>\n<meta property=\"og:locale:alternate\" content=\"lt_LT\" \/>\n<meta property=\"og:type\" content=\"article\" \/>\n<meta property=\"og:title\" content=\"Vlasovas prie\u0161 Stalin\u0105: Rusijos i\u0161vadavimo armijos tragedija 1944-1945 m.\" \/>\n<meta property=\"og:description\" content=\"Rusijoje \u0161ie kariai iki \u0161iol tebelaikomi i\u0161davikais. Jie vadinami prie\u0161 savo tautie\u010dius kovojusiais Hitlerio pakalikais, budeliais, s\u0105\u017ein\u0119 praradusiais\" \/>\n<meta property=\"og:url\" content=\"https:\/\/skaitytaknyga.lt\/en\/produktas\/vlasovas-pries-stalina-rusijos-isvadavimo-armijos-tragedija-1944-1945-m\/\" \/>\n<meta property=\"og:site_name\" content=\"Skaitytaknyga\" \/>\n<meta property=\"article:publisher\" content=\"https:\/\/www.facebook.com\/skaitytaknyga\/\" \/>\n<meta property=\"article:modified_time\" content=\"2026-03-18T12:58:13+00:00\" \/>\n<meta property=\"og:image\" content=\"https:\/\/skaitytaknyga.lt\/wp-content\/uploads\/2025\/07\/Vlasovas-pries-Stalina-Rusijos-isvadavimo-armijos-tragedija-1944-1945-m.webp\" \/>\n\t<meta property=\"og:image:width\" content=\"351\" \/>\n\t<meta property=\"og:image:height\" content=\"500\" \/>\n\t<meta property=\"og:image:type\" content=\"image\/webp\" \/>\n<meta name=\"twitter:card\" content=\"summary_large_image\" \/>\n<meta name=\"twitter:label1\" content=\"Estimated reading time\" \/>\n\t<meta name=\"twitter:data1\" content=\"1 minute\" \/>\n<script type=\"application\/ld+json\" class=\"yoast-schema-graph\">{\"@context\":\"https:\\\/\\\/schema.org\",\"@graph\":[{\"@type\":\"WebPage\",\"@id\":\"https:\\\/\\\/skaitytaknyga.lt\\\/produktas\\\/vlasovas-pries-stalina-rusijos-isvadavimo-armijos-tragedija-1944-1945-m\\\/\",\"url\":\"https:\\\/\\\/skaitytaknyga.lt\\\/produktas\\\/vlasovas-pries-stalina-rusijos-isvadavimo-armijos-tragedija-1944-1945-m\\\/\",\"name\":\"Vlasovas prie\u0161 Stalin\u0105: Rusijos i\u0161vadavimo armijos tragedija 1944-1945 m.\",\"isPartOf\":{\"@id\":\"https:\\\/\\\/skaitytaknyga.lt\\\/#website\"},\"primaryImageOfPage\":{\"@id\":\"https:\\\/\\\/skaitytaknyga.lt\\\/produktas\\\/vlasovas-pries-stalina-rusijos-isvadavimo-armijos-tragedija-1944-1945-m\\\/#primaryimage\"},\"image\":{\"@id\":\"https:\\\/\\\/skaitytaknyga.lt\\\/produktas\\\/vlasovas-pries-stalina-rusijos-isvadavimo-armijos-tragedija-1944-1945-m\\\/#primaryimage\"},\"thumbnailUrl\":\"https:\\\/\\\/skaitytaknyga.lt\\\/wp-content\\\/uploads\\\/2025\\\/07\\\/Vlasovas-pries-Stalina-Rusijos-isvadavimo-armijos-tragedija-1944-1945-m.webp\",\"datePublished\":\"2025-07-21T17:10:43+00:00\",\"dateModified\":\"2026-03-18T12:58:13+00:00\",\"description\":\"Rusijoje \u0161ie kariai iki \u0161iol tebelaikomi i\u0161davikais. Jie vadinami prie\u0161 savo tautie\u010dius kovojusiais Hitlerio pakalikais, budeliais, s\u0105\u017ein\u0119 praradusiais\",\"breadcrumb\":{\"@id\":\"https:\\\/\\\/skaitytaknyga.lt\\\/produktas\\\/vlasovas-pries-stalina-rusijos-isvadavimo-armijos-tragedija-1944-1945-m\\\/#breadcrumb\"},\"inLanguage\":\"en-GB\",\"potentialAction\":[{\"@type\":\"ReadAction\",\"target\":[\"https:\\\/\\\/skaitytaknyga.lt\\\/produktas\\\/vlasovas-pries-stalina-rusijos-isvadavimo-armijos-tragedija-1944-1945-m\\\/\"]}]},{\"@type\":\"ImageObject\",\"inLanguage\":\"en-GB\",\"@id\":\"https:\\\/\\\/skaitytaknyga.lt\\\/produktas\\\/vlasovas-pries-stalina-rusijos-isvadavimo-armijos-tragedija-1944-1945-m\\\/#primaryimage\",\"url\":\"https:\\\/\\\/skaitytaknyga.lt\\\/wp-content\\\/uploads\\\/2025\\\/07\\\/Vlasovas-pries-Stalina-Rusijos-isvadavimo-armijos-tragedija-1944-1945-m.webp\",\"contentUrl\":\"https:\\\/\\\/skaitytaknyga.lt\\\/wp-content\\\/uploads\\\/2025\\\/07\\\/Vlasovas-pries-Stalina-Rusijos-isvadavimo-armijos-tragedija-1944-1945-m.webp\",\"width\":351,\"height\":500},{\"@type\":\"BreadcrumbList\",\"@id\":\"https:\\\/\\\/skaitytaknyga.lt\\\/produktas\\\/vlasovas-pries-stalina-rusijos-isvadavimo-armijos-tragedija-1944-1945-m\\\/#breadcrumb\",\"itemListElement\":[{\"@type\":\"ListItem\",\"position\":1,\"name\":\"Home\",\"item\":\"https:\\\/\\\/skaitytaknyga.lt\\\/\"},{\"@type\":\"ListItem\",\"position\":2,\"name\":\"Parduotuv\u0117\",\"item\":\"https:\\\/\\\/skaitytaknyga.lt\\\/knygu-parduotuve\\\/\"},{\"@type\":\"ListItem\",\"position\":3,\"name\":\"Vlasovas prie\u0161 Stalin\u0105: Rusijos i\u0161vadavimo armijos tragedija 1944-1945 m.\"}]},{\"@type\":\"WebSite\",\"@id\":\"https:\\\/\\\/skaitytaknyga.lt\\\/#website\",\"url\":\"https:\\\/\\\/skaitytaknyga.lt\\\/\",\"name\":\"skaitytaknyga.lt\",\"description\":\"Skaitytaknyga.lt \u2013 tai ma\u017eas \u0161eimos verslas, kuris prasid\u0117jo nuo meil\u0117s knygoms ir siekio i\u0161gelb\u0117ti knygas nuo likimo prie konteinerio. Kas vienam nereikalingas daiktas \u2013 kitam lobis, o mes esame tarpininkai, kurie padeda abiems tapti laimingesniems ???? \u017dinome kaip nelengva i\u0161gyventi ma\u017eiems verslams, tad nuo \u0161iol, \u010dia rasite ir kit\u0173, ma\u017e\u0173 \u0161eim\u0173 versl\u0173, rank\u0173 darbo, dovan\u0173 sau ir artimiesiems.\",\"publisher\":{\"@id\":\"https:\\\/\\\/skaitytaknyga.lt\\\/#organization\"},\"potentialAction\":[{\"@type\":\"SearchAction\",\"target\":{\"@type\":\"EntryPoint\",\"urlTemplate\":\"https:\\\/\\\/skaitytaknyga.lt\\\/?s={search_term_string}\"},\"query-input\":{\"@type\":\"PropertyValueSpecification\",\"valueRequired\":true,\"valueName\":\"search_term_string\"}}],\"inLanguage\":\"en-GB\"},{\"@type\":\"Organization\",\"@id\":\"https:\\\/\\\/skaitytaknyga.lt\\\/#organization\",\"name\":\"skaitytaknyga.lt\",\"url\":\"https:\\\/\\\/skaitytaknyga.lt\\\/\",\"logo\":{\"@type\":\"ImageObject\",\"inLanguage\":\"en-GB\",\"@id\":\"https:\\\/\\\/skaitytaknyga.lt\\\/#\\\/schema\\\/logo\\\/image\\\/\",\"url\":\"https:\\\/\\\/skaitytaknyga.lt\\\/wp-content\\\/uploads\\\/2024\\\/05\\\/cropped-cropped-cropped-02_00843_jt3bggkj1j3HLc7SyY6rEUpg.jpeg\",\"contentUrl\":\"https:\\\/\\\/skaitytaknyga.lt\\\/wp-content\\\/uploads\\\/2024\\\/05\\\/cropped-cropped-cropped-02_00843_jt3bggkj1j3HLc7SyY6rEUpg.jpeg\",\"width\":1600,\"height\":1600,\"caption\":\"skaitytaknyga.lt\"},\"image\":{\"@id\":\"https:\\\/\\\/skaitytaknyga.lt\\\/#\\\/schema\\\/logo\\\/image\\\/\"},\"sameAs\":[\"https:\\\/\\\/www.facebook.com\\\/skaitytaknyga\\\/\"]}]}<\/script>\n<!-- \/ Yoast SEO plugin. -->","yoast_head_json":{"title":"Vlasovas prie\u0161 Stalin\u0105: Rusijos i\u0161vadavimo armijos tragedija 1944-1945 m.","description":"Rusijoje \u0161ie kariai iki \u0161iol tebelaikomi i\u0161davikais. Jie vadinami prie\u0161 savo tautie\u010dius kovojusiais Hitlerio pakalikais, budeliais, s\u0105\u017ein\u0119 praradusiais","robots":{"index":"index","follow":"follow","max-snippet":"max-snippet:-1","max-image-preview":"max-image-preview:large","max-video-preview":"max-video-preview:-1"},"canonical":"https:\/\/skaitytaknyga.lt\/en\/produktas\/vlasovas-pries-stalina-rusijos-isvadavimo-armijos-tragedija-1944-1945-m\/","og_locale":"en_GB","og_type":"article","og_title":"[:lt]Vlasovas prie\u0161 Stalin\u0105: Rusijos i\u0161vadavimo armijos tragedija 1944-1945 m.[:] - Skaitytaknyga","og_description":"Rusijoje \u0161ie kariai iki \u0161iol tebelaikomi i\u0161davikais. Jie vadinami prie\u0161 savo tautie\u010dius kovojusiais Hitlerio pakalikais, budeliais, s\u0105\u017ein\u0119 praradusiais","og_url":"https:\/\/skaitytaknyga.lt\/en\/produktas\/vlasovas-pries-stalina-rusijos-isvadavimo-armijos-tragedija-1944-1945-m\/","og_site_name":"Skaitytaknyga","article_publisher":"https:\/\/www.facebook.com\/skaitytaknyga\/","article_modified_time":"2026-03-18T12:58:13+00:00","og_image":[{"width":351,"height":500,"url":"https:\/\/skaitytaknyga.lt\/wp-content\/uploads\/2025\/07\/Vlasovas-pries-Stalina-Rusijos-isvadavimo-armijos-tragedija-1944-1945-m.webp","type":"image\/webp"}],"twitter_card":"summary_large_image","twitter_misc":{"Estimated reading time":"1 minute"},"schema":{"@context":"https:\/\/schema.org","@graph":[{"@type":"WebPage","@id":"https:\/\/skaitytaknyga.lt\/produktas\/vlasovas-pries-stalina-rusijos-isvadavimo-armijos-tragedija-1944-1945-m\/","url":"https:\/\/skaitytaknyga.lt\/produktas\/vlasovas-pries-stalina-rusijos-isvadavimo-armijos-tragedija-1944-1945-m\/","name":"Vlasovas prie\u0161 Stalin\u0105: Rusijos i\u0161vadavimo armijos tragedija 1944-1945 m.","isPartOf":{"@id":"https:\/\/skaitytaknyga.lt\/#website"},"primaryImageOfPage":{"@id":"https:\/\/skaitytaknyga.lt\/produktas\/vlasovas-pries-stalina-rusijos-isvadavimo-armijos-tragedija-1944-1945-m\/#primaryimage"},"image":{"@id":"https:\/\/skaitytaknyga.lt\/produktas\/vlasovas-pries-stalina-rusijos-isvadavimo-armijos-tragedija-1944-1945-m\/#primaryimage"},"thumbnailUrl":"https:\/\/skaitytaknyga.lt\/wp-content\/uploads\/2025\/07\/Vlasovas-pries-Stalina-Rusijos-isvadavimo-armijos-tragedija-1944-1945-m.webp","datePublished":"2025-07-21T17:10:43+00:00","dateModified":"2026-03-18T12:58:13+00:00","description":"Rusijoje \u0161ie kariai iki \u0161iol tebelaikomi i\u0161davikais. Jie vadinami prie\u0161 savo tautie\u010dius kovojusiais Hitlerio pakalikais, budeliais, s\u0105\u017ein\u0119 praradusiais","breadcrumb":{"@id":"https:\/\/skaitytaknyga.lt\/produktas\/vlasovas-pries-stalina-rusijos-isvadavimo-armijos-tragedija-1944-1945-m\/#breadcrumb"},"inLanguage":"en-GB","potentialAction":[{"@type":"ReadAction","target":["https:\/\/skaitytaknyga.lt\/produktas\/vlasovas-pries-stalina-rusijos-isvadavimo-armijos-tragedija-1944-1945-m\/"]}]},{"@type":"ImageObject","inLanguage":"en-GB","@id":"https:\/\/skaitytaknyga.lt\/produktas\/vlasovas-pries-stalina-rusijos-isvadavimo-armijos-tragedija-1944-1945-m\/#primaryimage","url":"https:\/\/skaitytaknyga.lt\/wp-content\/uploads\/2025\/07\/Vlasovas-pries-Stalina-Rusijos-isvadavimo-armijos-tragedija-1944-1945-m.webp","contentUrl":"https:\/\/skaitytaknyga.lt\/wp-content\/uploads\/2025\/07\/Vlasovas-pries-Stalina-Rusijos-isvadavimo-armijos-tragedija-1944-1945-m.webp","width":351,"height":500},{"@type":"BreadcrumbList","@id":"https:\/\/skaitytaknyga.lt\/produktas\/vlasovas-pries-stalina-rusijos-isvadavimo-armijos-tragedija-1944-1945-m\/#breadcrumb","itemListElement":[{"@type":"ListItem","position":1,"name":"Home","item":"https:\/\/skaitytaknyga.lt\/"},{"@type":"ListItem","position":2,"name":"Parduotuv\u0117","item":"https:\/\/skaitytaknyga.lt\/knygu-parduotuve\/"},{"@type":"ListItem","position":3,"name":"Vlasovas prie\u0161 Stalin\u0105: Rusijos i\u0161vadavimo armijos tragedija 1944-1945 m."}]},{"@type":"WebSite","@id":"https:\/\/skaitytaknyga.lt\/#website","url":"https:\/\/skaitytaknyga.lt\/","name":"skaitytaknyga.lt","description":"Skaitytaknyga.lt \u2013 tai ma\u017eas \u0161eimos verslas, kuris prasid\u0117jo nuo meil\u0117s knygoms ir siekio i\u0161gelb\u0117ti knygas nuo likimo prie konteinerio. Kas vienam nereikalingas daiktas \u2013 kitam lobis, o mes esame tarpininkai, kurie padeda abiems tapti laimingesniems ???? \u017dinome kaip nelengva i\u0161gyventi ma\u017eiems verslams, tad nuo \u0161iol, \u010dia rasite ir kit\u0173, ma\u017e\u0173 \u0161eim\u0173 versl\u0173, rank\u0173 darbo, dovan\u0173 sau ir artimiesiems.","publisher":{"@id":"https:\/\/skaitytaknyga.lt\/#organization"},"potentialAction":[{"@type":"SearchAction","target":{"@type":"EntryPoint","urlTemplate":"https:\/\/skaitytaknyga.lt\/?s={search_term_string}"},"query-input":{"@type":"PropertyValueSpecification","valueRequired":true,"valueName":"search_term_string"}}],"inLanguage":"en-GB"},{"@type":"Organization","@id":"https:\/\/skaitytaknyga.lt\/#organization","name":"skaitytaknyga.lt","url":"https:\/\/skaitytaknyga.lt\/","logo":{"@type":"ImageObject","inLanguage":"en-GB","@id":"https:\/\/skaitytaknyga.lt\/#\/schema\/logo\/image\/","url":"https:\/\/skaitytaknyga.lt\/wp-content\/uploads\/2024\/05\/cropped-cropped-cropped-02_00843_jt3bggkj1j3HLc7SyY6rEUpg.jpeg","contentUrl":"https:\/\/skaitytaknyga.lt\/wp-content\/uploads\/2024\/05\/cropped-cropped-cropped-02_00843_jt3bggkj1j3HLc7SyY6rEUpg.jpeg","width":1600,"height":1600,"caption":"skaitytaknyga.lt"},"image":{"@id":"https:\/\/skaitytaknyga.lt\/#\/schema\/logo\/image\/"},"sameAs":["https:\/\/www.facebook.com\/skaitytaknyga\/"]}]}},"_links":{"self":[{"href":"https:\/\/skaitytaknyga.lt\/en\/wp-json\/wp\/v2\/product\/19628","targetHints":{"allow":["GET"]}}],"collection":[{"href":"https:\/\/skaitytaknyga.lt\/en\/wp-json\/wp\/v2\/product"}],"about":[{"href":"https:\/\/skaitytaknyga.lt\/en\/wp-json\/wp\/v2\/types\/product"}],"replies":[{"embeddable":true,"href":"https:\/\/skaitytaknyga.lt\/en\/wp-json\/wp\/v2\/comments?post=19628"}],"wp:featuredmedia":[{"embeddable":true,"href":"https:\/\/skaitytaknyga.lt\/en\/wp-json\/wp\/v2\/media\/19630"}],"wp:attachment":[{"href":"https:\/\/skaitytaknyga.lt\/en\/wp-json\/wp\/v2\/media?parent=19628"}],"wp:term":[{"taxonomy":"product_brand","embeddable":true,"href":"https:\/\/skaitytaknyga.lt\/en\/wp-json\/wp\/v2\/product_brand?post=19628"},{"taxonomy":"product_cat","embeddable":true,"href":"https:\/\/skaitytaknyga.lt\/en\/wp-json\/wp\/v2\/product_cat?post=19628"},{"taxonomy":"product_tag","embeddable":true,"href":"https:\/\/skaitytaknyga.lt\/en\/wp-json\/wp\/v2\/product_tag?post=19628"}],"curies":[{"name":"wp","href":"https:\/\/api.w.org\/{rel}","templated":true}]}}