{"id":19622,"date":"2025-07-21T20:04:42","date_gmt":"2025-07-21T17:04:42","guid":{"rendered":"https:\/\/skaitytaknyga.lt\/?post_type=product&#038;p=19622"},"modified":"2026-03-05T13:13:21","modified_gmt":"2026-03-05T11:13:21","slug":"pavojinga-tiesa","status":"publish","type":"product","link":"https:\/\/skaitytaknyga.lt\/en\/produktas\/pavojinga-tiesa\/","title":{"rendered":"Pavojinga tiesa"},"content":{"rendered":"<p>Kai ketvirt\u0105 valand\u0105 nakties Koneli\u0173 \u0161eimai priklausan\u010diame bald\u0173 fabrike ir \u0161alia esan\u010diame antikvarini\u0173 bald\u0173 muziejuje kyla gaisras, netrunka paai\u0161k\u0117ti, kad jo prie\u017eastis \u012fminti bus kur kas sud\u0117tingiau, nei b\u016bt\u0173 galima tik\u0117tis. Liepsnose aptinkamas buv\u0119s fabriko darbuotojas ir viena i\u0161 Koneli\u0173 \u0161eimos dukter\u0173 \u2013 Keit\u0117 Koneli. Kod\u0117l jiedu buvo susitik\u0119 ir k\u0105 fabrike bei muziejuje veik\u0117 nakt\u012f?<\/p>\n<p>Gasas \u017euvo, o Keit\u0117 paniro \u012f kom\u0105, tod\u0117l atsakymo ie\u0161koti imasi Keit\u0117s sesuo Hana. Prad\u0117jusi\u0105 gilintis \u012f tos keistos nakties \u012fvykius Han\u0105 u\u017egri\u016bva dar daugiau klausim\u0173 ir priblo\u0161kia netik\u0117tos s\u0105sajos su keliais paslaptingo nusikalt\u0117lio anks\u010diau \u012fvykdytais nusikaltimais. Hana greit supranta \u2013 lemtingos nakties \u012fvykius i\u0161siai\u0161kinti ji gal\u0117s tik prik\u0117lusi ilgai sl\u0117ptas praeities paslaptis. Bet ji dar ne\u017eino, kad kai kas pasiry\u017e\u0119s bet kam, kad tiesa niekada nepaai\u0161k\u0117t\u0173&#8230;<\/p>\n","protected":false},"excerpt":{"rendered":"<p>Kai ketvirt\u0105 valand\u0105 nakties Koneli\u0173 \u0161eimai priklausan\u010diame bald\u0173 fabrike ir \u0161alia esan\u010diame antikvarini\u0173 bald\u0173 muziejuje kyla gaisras, netrunka paai\u0161k\u0117ti, kad jo prie\u017eastis \u012fminti bus kur kas sud\u0117tingiau, nei b\u016bt\u0173 galima tik\u0117tis. Liepsnose aptinkamas buv\u0119s fabriko darbuotojas ir viena i\u0161 Koneli\u0173 \u0161eimos dukter\u0173 \u2013 Keit\u0117 Koneli. Kod\u0117l jiedu buvo susitik\u0119 ir k\u0105 fabrike bei muziejuje veik\u0117 nakt\u012f? Gasas \u017euvo, o Keit\u0117 paniro \u012f kom\u0105, tod\u0117l atsakymo ie\u0161koti imasi Keit\u0117s sesuo Hana. Prad\u0117jusi\u0105 gilintis \u012f tos keistos nakties \u012fvykius Han\u0105 u\u017egri\u016bva dar daugiau klausim\u0173 ir priblo\u0161kia netik\u0117tos s\u0105sajos su keliais paslaptingo nusikalt\u0117lio anks\u010diau \u012fvykdytais nusikaltimais. Hana greit supranta \u2013 lemtingos nakties \u012fvykius i\u0161siai\u0161kinti ji gal\u0117s tik prik\u0117lusi ilgai sl\u0117ptas praeities paslaptis. Bet ji dar ne\u017eino, kad kai kas pasiry\u017e\u0119s bet kam, kad tiesa niekada nepaai\u0161k\u0117t\u0173&#8230;<\/p>\n","protected":false},"featured_media":19627,"comment_status":"open","ping_status":"closed","template":"","meta":{"_acf_changed":false,"site-sidebar-layout":"default","site-content-layout":"","ast-site-content-layout":"default","site-content-style":"default","site-sidebar-style":"default","ast-global-header-display":"","ast-banner-title-visibility":"","ast-main-header-display":"","ast-hfb-above-header-display":"","ast-hfb-below-header-display":"","ast-hfb-mobile-header-display":"","site-post-title":"","ast-breadcrumbs-content":"","ast-featured-img":"","footer-sml-layout":"","ast-disable-related-posts":"","theme-transparent-header-meta":"","adv-header-id-meta":"","stick-header-meta":"","header-above-stick-meta":"","header-main-stick-meta":"","header-below-stick-meta":"","astra-migrate-meta-layouts":"default","ast-page-background-enabled":"default","ast-page-background-meta":{"desktop":{"background-color":"","background-image":"","background-repeat":"repeat","background-position":"center center","background-size":"auto","background-attachment":"scroll","background-type":"","background-media":"","overlay-type":"","overlay-color":"","overlay-opacity":"","overlay-gradient":""},"tablet":{"background-color":"","background-image":"","background-repeat":"repeat","background-position":"center center","background-size":"auto","background-attachment":"scroll","background-type":"","background-media":"","overlay-type":"","overlay-color":"","overlay-opacity":"","overlay-gradient":""},"mobile":{"background-color":"","background-image":"","background-repeat":"repeat","background-position":"center center","background-size":"auto","background-attachment":"scroll","background-type":"","background-media":"","overlay-type":"","overlay-color":"","overlay-opacity":"","overlay-gradient":""}},"ast-content-background-meta":{"desktop":{"background-color":"var(--ast-global-color-4)","background-image":"","background-repeat":"repeat","background-position":"center center","background-size":"auto","background-attachment":"scroll","background-type":"","background-media":"","overlay-type":"","overlay-color":"","overlay-opacity":"","overlay-gradient":""},"tablet":{"background-color":"var(--ast-global-color-4)","background-image":"","background-repeat":"repeat","background-position":"center center","background-size":"auto","background-attachment":"scroll","background-type":"","background-media":"","overlay-type":"","overlay-color":"","overlay-opacity":"","overlay-gradient":""},"mobile":{"background-color":"var(--ast-global-color-4)","background-image":"","background-repeat":"repeat","background-position":"center center","background-size":"auto","background-attachment":"scroll","background-type":"","background-media":"","overlay-type":"","overlay-color":"","overlay-opacity":"","overlay-gradient":""}}},"product_brand":[],"product_cat":[9581],"product_tag":[1476,6436,4637,1478,6438,1455,6437,1587],"class_list":{"0":"post-19622","1":"product","2":"type-product","3":"status-publish","4":"has-post-thumbnail","6":"product_cat-kriminaliniai-romanai","7":"product_tag-detektyvas","8":"product_tag-gaisras","9":"product_tag-nezinomas-autorius","10":"product_tag-paslaptys","11":"product_tag-pavojinga-tiesa","12":"product_tag-seimos-drama","13":"product_tag-seseru-rysys","14":"product_tag-trileris","15":"desktop-align-left","16":"tablet-align-left","17":"mobile-align-left","19":"first","20":"instock","21":"shipping-taxable","22":"purchasable","23":"product-type-simple"},"acf":[],"yoast_head":"<!-- This site is optimized with the Yoast SEO plugin v27.0 - https:\/\/yoast.com\/product\/yoast-seo-wordpress\/ -->\n<title>Pavojinga tiesa<\/title>\n<meta name=\"description\" content=\"Kai ketvirt\u0105 valand\u0105 nakties Koneli\u0173 \u0161eimai priklausan\u010diame bald\u0173 fabrike ir \u0161alia esan\u010diame antikvarini\u0173 bald\u0173 muziejuje kyla gaisras, netrunka\" \/>\n<meta name=\"robots\" content=\"index, follow, max-snippet:-1, max-image-preview:large, max-video-preview:-1\" \/>\n<link rel=\"canonical\" href=\"https:\/\/skaitytaknyga.lt\/en\/produktas\/pavojinga-tiesa\/\" \/>\n<meta property=\"og:locale\" content=\"en_GB\" \/>\n<meta property=\"og:locale:alternate\" content=\"lt_LT\" \/>\n<meta property=\"og:type\" content=\"article\" \/>\n<meta property=\"og:title\" content=\"Pavojinga tiesa\" \/>\n<meta property=\"og:description\" content=\"Kai ketvirt\u0105 valand\u0105 nakties Koneli\u0173 \u0161eimai priklausan\u010diame bald\u0173 fabrike ir \u0161alia esan\u010diame antikvarini\u0173 bald\u0173 muziejuje kyla gaisras, netrunka\" \/>\n<meta property=\"og:url\" content=\"https:\/\/skaitytaknyga.lt\/en\/produktas\/pavojinga-tiesa\/\" \/>\n<meta property=\"og:site_name\" content=\"Skaitytaknyga\" \/>\n<meta property=\"article:publisher\" content=\"https:\/\/www.facebook.com\/skaitytaknyga\/\" \/>\n<meta property=\"article:modified_time\" content=\"2026-03-05T11:13:21+00:00\" \/>\n<meta property=\"og:image\" content=\"https:\/\/skaitytaknyga.lt\/wp-content\/uploads\/2025\/07\/Pavojinga-tiesa.webp\" \/>\n\t<meta property=\"og:image:width\" content=\"366\" \/>\n\t<meta property=\"og:image:height\" content=\"600\" \/>\n\t<meta property=\"og:image:type\" content=\"image\/webp\" \/>\n<meta name=\"twitter:card\" content=\"summary_large_image\" \/>\n<meta name=\"twitter:label1\" content=\"Estimated reading time\" \/>\n\t<meta name=\"twitter:data1\" content=\"1 minute\" \/>\n<script type=\"application\/ld+json\" class=\"yoast-schema-graph\">{\"@context\":\"https:\/\/schema.org\",\"@graph\":[{\"@type\":\"WebPage\",\"@id\":\"https:\/\/skaitytaknyga.lt\/produktas\/pavojinga-tiesa\/\",\"url\":\"https:\/\/skaitytaknyga.lt\/produktas\/pavojinga-tiesa\/\",\"name\":\"Pavojinga tiesa\",\"isPartOf\":{\"@id\":\"https:\/\/skaitytaknyga.lt\/#website\"},\"primaryImageOfPage\":{\"@id\":\"https:\/\/skaitytaknyga.lt\/produktas\/pavojinga-tiesa\/#primaryimage\"},\"image\":{\"@id\":\"https:\/\/skaitytaknyga.lt\/produktas\/pavojinga-tiesa\/#primaryimage\"},\"thumbnailUrl\":\"https:\/\/skaitytaknyga.lt\/wp-content\/uploads\/2025\/07\/Pavojinga-tiesa.webp\",\"datePublished\":\"2025-07-21T17:04:42+00:00\",\"dateModified\":\"2026-03-05T11:13:21+00:00\",\"description\":\"Kai ketvirt\u0105 valand\u0105 nakties Koneli\u0173 \u0161eimai priklausan\u010diame bald\u0173 fabrike ir \u0161alia esan\u010diame antikvarini\u0173 bald\u0173 muziejuje kyla gaisras, netrunka\",\"breadcrumb\":{\"@id\":\"https:\/\/skaitytaknyga.lt\/produktas\/pavojinga-tiesa\/#breadcrumb\"},\"inLanguage\":\"en-GB\",\"potentialAction\":[{\"@type\":\"ReadAction\",\"target\":[\"https:\/\/skaitytaknyga.lt\/produktas\/pavojinga-tiesa\/\"]}]},{\"@type\":\"ImageObject\",\"inLanguage\":\"en-GB\",\"@id\":\"https:\/\/skaitytaknyga.lt\/produktas\/pavojinga-tiesa\/#primaryimage\",\"url\":\"https:\/\/skaitytaknyga.lt\/wp-content\/uploads\/2025\/07\/Pavojinga-tiesa.webp\",\"contentUrl\":\"https:\/\/skaitytaknyga.lt\/wp-content\/uploads\/2025\/07\/Pavojinga-tiesa.webp\",\"width\":366,\"height\":600,\"caption\":\"Pavojinga tiesa\"},{\"@type\":\"BreadcrumbList\",\"@id\":\"https:\/\/skaitytaknyga.lt\/produktas\/pavojinga-tiesa\/#breadcrumb\",\"itemListElement\":[{\"@type\":\"ListItem\",\"position\":1,\"name\":\"Home\",\"item\":\"https:\/\/skaitytaknyga.lt\/\"},{\"@type\":\"ListItem\",\"position\":2,\"name\":\"Parduotuv\u0117\",\"item\":\"https:\/\/skaitytaknyga.lt\/knygu-parduotuve\/\"},{\"@type\":\"ListItem\",\"position\":3,\"name\":\"Pavojinga tiesa\"}]},{\"@type\":\"WebSite\",\"@id\":\"https:\/\/skaitytaknyga.lt\/#website\",\"url\":\"https:\/\/skaitytaknyga.lt\/\",\"name\":\"skaitytaknyga.lt\",\"description\":\"Skaitytaknyga.lt \u2013 tai ma\u017eas \u0161eimos verslas, kuris prasid\u0117jo nuo meil\u0117s knygoms ir siekio i\u0161gelb\u0117ti knygas nuo likimo prie konteinerio. Kas vienam nereikalingas daiktas \u2013 kitam lobis, o mes esame tarpininkai, kurie padeda abiems tapti laimingesniems ???? \u017dinome kaip nelengva i\u0161gyventi ma\u017eiems verslams, tad nuo \u0161iol, \u010dia rasite ir kit\u0173, ma\u017e\u0173 \u0161eim\u0173 versl\u0173, rank\u0173 darbo, dovan\u0173 sau ir artimiesiems.\",\"publisher\":{\"@id\":\"https:\/\/skaitytaknyga.lt\/#organization\"},\"potentialAction\":[{\"@type\":\"SearchAction\",\"target\":{\"@type\":\"EntryPoint\",\"urlTemplate\":\"https:\/\/skaitytaknyga.lt\/?s={search_term_string}\"},\"query-input\":{\"@type\":\"PropertyValueSpecification\",\"valueRequired\":true,\"valueName\":\"search_term_string\"}}],\"inLanguage\":\"en-GB\"},{\"@type\":\"Organization\",\"@id\":\"https:\/\/skaitytaknyga.lt\/#organization\",\"name\":\"skaitytaknyga.lt\",\"url\":\"https:\/\/skaitytaknyga.lt\/\",\"logo\":{\"@type\":\"ImageObject\",\"inLanguage\":\"en-GB\",\"@id\":\"https:\/\/skaitytaknyga.lt\/#\/schema\/logo\/image\/\",\"url\":\"https:\/\/skaitytaknyga.lt\/wp-content\/uploads\/2024\/05\/cropped-cropped-cropped-02_00843_jt3bggkj1j3HLc7SyY6rEUpg.jpeg\",\"contentUrl\":\"https:\/\/skaitytaknyga.lt\/wp-content\/uploads\/2024\/05\/cropped-cropped-cropped-02_00843_jt3bggkj1j3HLc7SyY6rEUpg.jpeg\",\"width\":1600,\"height\":1600,\"caption\":\"skaitytaknyga.lt\"},\"image\":{\"@id\":\"https:\/\/skaitytaknyga.lt\/#\/schema\/logo\/image\/\"},\"sameAs\":[\"https:\/\/www.facebook.com\/skaitytaknyga\/\"]}]}<\/script>\n<!-- \/ Yoast SEO plugin. -->","yoast_head_json":{"title":"Pavojinga tiesa","description":"Kai ketvirt\u0105 valand\u0105 nakties Koneli\u0173 \u0161eimai priklausan\u010diame bald\u0173 fabrike ir \u0161alia esan\u010diame antikvarini\u0173 bald\u0173 muziejuje kyla gaisras, netrunka","robots":{"index":"index","follow":"follow","max-snippet":"max-snippet:-1","max-image-preview":"max-image-preview:large","max-video-preview":"max-video-preview:-1"},"canonical":"https:\/\/skaitytaknyga.lt\/en\/produktas\/pavojinga-tiesa\/","og_locale":"en_GB","og_type":"article","og_title":"[:lt]Pavojinga tiesa[:] - Skaitytaknyga","og_description":"Kai ketvirt\u0105 valand\u0105 nakties Koneli\u0173 \u0161eimai priklausan\u010diame bald\u0173 fabrike ir \u0161alia esan\u010diame antikvarini\u0173 bald\u0173 muziejuje kyla gaisras, netrunka","og_url":"https:\/\/skaitytaknyga.lt\/en\/produktas\/pavojinga-tiesa\/","og_site_name":"Skaitytaknyga","article_publisher":"https:\/\/www.facebook.com\/skaitytaknyga\/","article_modified_time":"2026-03-05T11:13:21+00:00","og_image":[{"width":366,"height":600,"url":"https:\/\/skaitytaknyga.lt\/wp-content\/uploads\/2025\/07\/Pavojinga-tiesa.webp","type":"image\/webp"}],"twitter_card":"summary_large_image","twitter_misc":{"Estimated reading time":"1 minute"},"schema":{"@context":"https:\/\/schema.org","@graph":[{"@type":"WebPage","@id":"https:\/\/skaitytaknyga.lt\/produktas\/pavojinga-tiesa\/","url":"https:\/\/skaitytaknyga.lt\/produktas\/pavojinga-tiesa\/","name":"Pavojinga tiesa","isPartOf":{"@id":"https:\/\/skaitytaknyga.lt\/#website"},"primaryImageOfPage":{"@id":"https:\/\/skaitytaknyga.lt\/produktas\/pavojinga-tiesa\/#primaryimage"},"image":{"@id":"https:\/\/skaitytaknyga.lt\/produktas\/pavojinga-tiesa\/#primaryimage"},"thumbnailUrl":"https:\/\/skaitytaknyga.lt\/wp-content\/uploads\/2025\/07\/Pavojinga-tiesa.webp","datePublished":"2025-07-21T17:04:42+00:00","dateModified":"2026-03-05T11:13:21+00:00","description":"Kai ketvirt\u0105 valand\u0105 nakties Koneli\u0173 \u0161eimai priklausan\u010diame bald\u0173 fabrike ir \u0161alia esan\u010diame antikvarini\u0173 bald\u0173 muziejuje kyla gaisras, netrunka","breadcrumb":{"@id":"https:\/\/skaitytaknyga.lt\/produktas\/pavojinga-tiesa\/#breadcrumb"},"inLanguage":"en-GB","potentialAction":[{"@type":"ReadAction","target":["https:\/\/skaitytaknyga.lt\/produktas\/pavojinga-tiesa\/"]}]},{"@type":"ImageObject","inLanguage":"en-GB","@id":"https:\/\/skaitytaknyga.lt\/produktas\/pavojinga-tiesa\/#primaryimage","url":"https:\/\/skaitytaknyga.lt\/wp-content\/uploads\/2025\/07\/Pavojinga-tiesa.webp","contentUrl":"https:\/\/skaitytaknyga.lt\/wp-content\/uploads\/2025\/07\/Pavojinga-tiesa.webp","width":366,"height":600,"caption":"Pavojinga tiesa"},{"@type":"BreadcrumbList","@id":"https:\/\/skaitytaknyga.lt\/produktas\/pavojinga-tiesa\/#breadcrumb","itemListElement":[{"@type":"ListItem","position":1,"name":"Home","item":"https:\/\/skaitytaknyga.lt\/"},{"@type":"ListItem","position":2,"name":"Parduotuv\u0117","item":"https:\/\/skaitytaknyga.lt\/knygu-parduotuve\/"},{"@type":"ListItem","position":3,"name":"Pavojinga tiesa"}]},{"@type":"WebSite","@id":"https:\/\/skaitytaknyga.lt\/#website","url":"https:\/\/skaitytaknyga.lt\/","name":"skaitytaknyga.lt","description":"Skaitytaknyga.lt \u2013 tai ma\u017eas \u0161eimos verslas, kuris prasid\u0117jo nuo meil\u0117s knygoms ir siekio i\u0161gelb\u0117ti knygas nuo likimo prie konteinerio. Kas vienam nereikalingas daiktas \u2013 kitam lobis, o mes esame tarpininkai, kurie padeda abiems tapti laimingesniems ???? \u017dinome kaip nelengva i\u0161gyventi ma\u017eiems verslams, tad nuo \u0161iol, \u010dia rasite ir kit\u0173, ma\u017e\u0173 \u0161eim\u0173 versl\u0173, rank\u0173 darbo, dovan\u0173 sau ir artimiesiems.","publisher":{"@id":"https:\/\/skaitytaknyga.lt\/#organization"},"potentialAction":[{"@type":"SearchAction","target":{"@type":"EntryPoint","urlTemplate":"https:\/\/skaitytaknyga.lt\/?s={search_term_string}"},"query-input":{"@type":"PropertyValueSpecification","valueRequired":true,"valueName":"search_term_string"}}],"inLanguage":"en-GB"},{"@type":"Organization","@id":"https:\/\/skaitytaknyga.lt\/#organization","name":"skaitytaknyga.lt","url":"https:\/\/skaitytaknyga.lt\/","logo":{"@type":"ImageObject","inLanguage":"en-GB","@id":"https:\/\/skaitytaknyga.lt\/#\/schema\/logo\/image\/","url":"https:\/\/skaitytaknyga.lt\/wp-content\/uploads\/2024\/05\/cropped-cropped-cropped-02_00843_jt3bggkj1j3HLc7SyY6rEUpg.jpeg","contentUrl":"https:\/\/skaitytaknyga.lt\/wp-content\/uploads\/2024\/05\/cropped-cropped-cropped-02_00843_jt3bggkj1j3HLc7SyY6rEUpg.jpeg","width":1600,"height":1600,"caption":"skaitytaknyga.lt"},"image":{"@id":"https:\/\/skaitytaknyga.lt\/#\/schema\/logo\/image\/"},"sameAs":["https:\/\/www.facebook.com\/skaitytaknyga\/"]}]}},"_links":{"self":[{"href":"https:\/\/skaitytaknyga.lt\/en\/wp-json\/wp\/v2\/product\/19622","targetHints":{"allow":["GET"]}}],"collection":[{"href":"https:\/\/skaitytaknyga.lt\/en\/wp-json\/wp\/v2\/product"}],"about":[{"href":"https:\/\/skaitytaknyga.lt\/en\/wp-json\/wp\/v2\/types\/product"}],"replies":[{"embeddable":true,"href":"https:\/\/skaitytaknyga.lt\/en\/wp-json\/wp\/v2\/comments?post=19622"}],"wp:featuredmedia":[{"embeddable":true,"href":"https:\/\/skaitytaknyga.lt\/en\/wp-json\/wp\/v2\/media\/19627"}],"wp:attachment":[{"href":"https:\/\/skaitytaknyga.lt\/en\/wp-json\/wp\/v2\/media?parent=19622"}],"wp:term":[{"taxonomy":"product_brand","embeddable":true,"href":"https:\/\/skaitytaknyga.lt\/en\/wp-json\/wp\/v2\/product_brand?post=19622"},{"taxonomy":"product_cat","embeddable":true,"href":"https:\/\/skaitytaknyga.lt\/en\/wp-json\/wp\/v2\/product_cat?post=19622"},{"taxonomy":"product_tag","embeddable":true,"href":"https:\/\/skaitytaknyga.lt\/en\/wp-json\/wp\/v2\/product_tag?post=19622"}],"curies":[{"name":"wp","href":"https:\/\/api.w.org\/{rel}","templated":true}]}}