{"id":19621,"date":"2025-07-21T20:04:42","date_gmt":"2025-07-21T17:04:42","guid":{"rendered":"https:\/\/skaitytaknyga.lt\/?post_type=product&#038;p=19621"},"modified":"2026-03-05T11:59:18","modified_gmt":"2026-03-05T09:59:18","slug":"miegok-grazuole-mano","status":"publish","type":"product","link":"https:\/\/skaitytaknyga.lt\/en\/produktas\/miegok-grazuole-mano\/","title":{"rendered":"Miegok, gra\u017euole mano"},"content":{"rendered":"<p>Etel\u0117s Lambston, ekscentri\u0161kos straipsni\u0173 apie garsenybes autor\u0117s, nu\u017eudymo byloje netr\u016bko \u012ftariam\u0173j\u0173, nes ji \u017einojo daug \u017eymi\u0173 \u017emoni\u0173 paslap\u010di\u0173.<\/p>\n<p>Madisono aveniu \u012fsik\u016brusios prabangios mading\u0173 drabu\u017ei\u0173 parduotuv\u0117s savininkei Nyvei Kerni geriausios klient\u0117s mirtis su\u017eadina ni\u016brius prisiminimus apie kadaise nu\u017eudyt\u0105 motin\u0105. Nyv\u0117 netik\u0117tai \u012fsitraukia \u012f paslap\u010di\u0173 kupin\u0105 Etel\u0117s Lambston nu\u017eudymo tyrim\u0105 ir sekdama p\u0117dsakais atsiduria ne tik spindin\u010diame Niujorko turtuoli\u0173 ir gra\u017ei\u0173 \u017emoni\u0173, bet ir mafijos nusikalt\u0117li\u0173 pasaulyje. Kaip ir kituose sukre\u010dian\u010diuose Mary Higgins Clark bestseleriuose, Nyv\u0117 Kerni yra moteris, pasiry\u017eusi su\u017einoti ties\u0105, o j\u0105, atsid\u016brusi\u0105 pinig\u0173 ir meil\u0117s s\u016bkuryje, persekioja \u017eudikas, kuris yra daug ar\u010diau, nei ji \u012fsivaizdavo.<\/p>\n<p>Mary Higgins Clark (Mer\u0117 Higins Klark, 1927\u20132020) \u2013 JAV ra\u0161ytoja, mil\u017eini\u0161ko populiarumo sulaukusi\u0173 detektyv\u0173 autor\u0117. Jos romanai, visame pasaulyje vertinami skaitytoj\u0173 ir kritik\u0173, nuolat patenka \u012f skaitomiausi\u0173 knyg\u0173 s\u0105ra\u0161us. Vien JAV \u0161ios autor\u0117s knyg\u0173 parduota daugiau kaip 80 milijon\u0173 egzempliori\u0173. Detektyv\u0173 karaliene vadinama Mary Higgins Clark buvo daugelio presti\u017eini\u0173 premij\u0173 laureat\u0117, jos vardu pavadintas vienas i\u0161 svarbiausi\u0173 apdovanojim\u0173 geriausiems \u0161io \u017eanro autoriams.<\/p>\n","protected":false},"excerpt":{"rendered":"<p>Etel\u0117s Lambston, ekscentri\u0161kos straipsni\u0173 apie garsenybes autor\u0117s, nu\u017eudymo byloje netr\u016bko \u012ftariam\u0173j\u0173, nes ji \u017einojo daug \u017eymi\u0173 \u017emoni\u0173 paslap\u010di\u0173. Madisono aveniu \u012fsik\u016brusios prabangios mading\u0173 drabu\u017ei\u0173 parduotuv\u0117s savininkei Nyvei Kerni geriausios klient\u0117s mirtis su\u017eadina ni\u016brius prisiminimus apie kadaise nu\u017eudyt\u0105 motin\u0105. Nyv\u0117 netik\u0117tai \u012fsitraukia \u012f paslap\u010di\u0173 kupin\u0105 Etel\u0117s Lambston nu\u017eudymo tyrim\u0105 ir sekdama p\u0117dsakais atsiduria ne tik spindin\u010diame Niujorko turtuoli\u0173 ir gra\u017ei\u0173 \u017emoni\u0173, bet ir mafijos nusikalt\u0117li\u0173 pasaulyje. Kaip ir kituose sukre\u010dian\u010diuose Mary Higgins Clark bestseleriuose, Nyv\u0117 Kerni yra moteris, pasiry\u017eusi su\u017einoti ties\u0105, o j\u0105, atsid\u016brusi\u0105 pinig\u0173 ir meil\u0117s s\u016bkuryje, persekioja \u017eudikas, kuris yra daug ar\u010diau, nei ji \u012fsivaizdavo. Mary Higgins Clark (Mer\u0117 Higins Klark, 1927\u20132020) \u2013 JAV ra\u0161ytoja, mil\u017eini\u0161ko populiarumo sulaukusi\u0173 detektyv\u0173 autor\u0117. Jos romanai, visame pasaulyje vertinami skaitytoj\u0173 ir kritik\u0173, nuolat patenka \u012f skaitomiausi\u0173 knyg\u0173 s\u0105ra\u0161us. Vien JAV \u0161ios autor\u0117s knyg\u0173 parduota daugiau kaip 80 milijon\u0173 egzempliori\u0173. Detektyv\u0173 karaliene vadinama Mary Higgins Clark buvo daugelio presti\u017eini\u0173 premij\u0173 laureat\u0117, jos vardu pavadintas vienas i\u0161 svarbiausi\u0173 apdovanojim\u0173 geriausiems \u0161io \u017eanro autoriams.<\/p>\n","protected":false},"featured_media":19626,"comment_status":"open","ping_status":"closed","template":"","meta":{"_acf_changed":false,"site-sidebar-layout":"default","site-content-layout":"","ast-site-content-layout":"default","site-content-style":"default","site-sidebar-style":"default","ast-global-header-display":"","ast-banner-title-visibility":"","ast-main-header-display":"","ast-hfb-above-header-display":"","ast-hfb-below-header-display":"","ast-hfb-mobile-header-display":"","site-post-title":"","ast-breadcrumbs-content":"","ast-featured-img":"","footer-sml-layout":"","ast-disable-related-posts":"","theme-transparent-header-meta":"","adv-header-id-meta":"","stick-header-meta":"","header-above-stick-meta":"","header-main-stick-meta":"","header-below-stick-meta":"","astra-migrate-meta-layouts":"default","ast-page-background-enabled":"default","ast-page-background-meta":{"desktop":{"background-color":"","background-image":"","background-repeat":"repeat","background-position":"center center","background-size":"auto","background-attachment":"scroll","background-type":"","background-media":"","overlay-type":"","overlay-color":"","overlay-opacity":"","overlay-gradient":""},"tablet":{"background-color":"","background-image":"","background-repeat":"repeat","background-position":"center center","background-size":"auto","background-attachment":"scroll","background-type":"","background-media":"","overlay-type":"","overlay-color":"","overlay-opacity":"","overlay-gradient":""},"mobile":{"background-color":"","background-image":"","background-repeat":"repeat","background-position":"center center","background-size":"auto","background-attachment":"scroll","background-type":"","background-media":"","overlay-type":"","overlay-color":"","overlay-opacity":"","overlay-gradient":""}},"ast-content-background-meta":{"desktop":{"background-color":"var(--ast-global-color-4)","background-image":"","background-repeat":"repeat","background-position":"center center","background-size":"auto","background-attachment":"scroll","background-type":"","background-media":"","overlay-type":"","overlay-color":"","overlay-opacity":"","overlay-gradient":""},"tablet":{"background-color":"var(--ast-global-color-4)","background-image":"","background-repeat":"repeat","background-position":"center center","background-size":"auto","background-attachment":"scroll","background-type":"","background-media":"","overlay-type":"","overlay-color":"","overlay-opacity":"","overlay-gradient":""},"mobile":{"background-color":"var(--ast-global-color-4)","background-image":"","background-repeat":"repeat","background-position":"center center","background-size":"auto","background-attachment":"scroll","background-type":"","background-media":"","overlay-type":"","overlay-color":"","overlay-opacity":"","overlay-gradient":""}}},"product_brand":[],"product_cat":[9581],"product_tag":[1476,6434,1728,2943,3204,6435,1705],"class_list":{"0":"post-19621","1":"product","2":"type-product","3":"status-publish","4":"has-post-thumbnail","6":"product_cat-kriminaliniai-romanai","7":"product_tag-detektyvas","8":"product_tag-garsenybiu-pasaulis","9":"product_tag-mafija","10":"product_tag-mary-higgins-clark","11":"product_tag-mirtis","12":"product_tag-motinos-praeitis","13":"product_tag-niujorkas","14":"desktop-align-left","15":"tablet-align-left","16":"mobile-align-left","18":"first","19":"instock","20":"shipping-taxable","21":"purchasable","22":"product-type-simple"},"acf":[],"yoast_head":"<!-- This site is optimized with the Yoast SEO plugin v27.4 - https:\/\/yoast.com\/product\/yoast-seo-wordpress\/ -->\n<title>Miegok, gra\u017euole mano<\/title>\n<meta name=\"description\" content=\"Etel\u0117s Lambston, ekscentri\u0161kos straipsni\u0173 apie garsenybes autor\u0117s, nu\u017eudymo byloje netr\u016bko \u012ftariam\u0173j\u0173, nes ji \u017einojo daug \u017eymi\u0173 \u017emoni\u0173 paslap\u010di\u0173. Madisono\" \/>\n<meta name=\"robots\" content=\"index, follow, max-snippet:-1, max-image-preview:large, max-video-preview:-1\" \/>\n<link rel=\"canonical\" href=\"https:\/\/skaitytaknyga.lt\/en\/produktas\/miegok-grazuole-mano\/\" \/>\n<meta property=\"og:locale\" content=\"en_GB\" \/>\n<meta property=\"og:locale:alternate\" content=\"lt_LT\" \/>\n<meta property=\"og:type\" content=\"article\" \/>\n<meta property=\"og:title\" content=\"Miegok, gra\u017euole mano\" \/>\n<meta property=\"og:description\" content=\"Etel\u0117s Lambston, ekscentri\u0161kos straipsni\u0173 apie garsenybes autor\u0117s, nu\u017eudymo byloje netr\u016bko \u012ftariam\u0173j\u0173, nes ji \u017einojo daug \u017eymi\u0173 \u017emoni\u0173 paslap\u010di\u0173. Madisono\" \/>\n<meta property=\"og:url\" content=\"https:\/\/skaitytaknyga.lt\/en\/produktas\/miegok-grazuole-mano\/\" \/>\n<meta property=\"og:site_name\" content=\"Skaitytaknyga\" \/>\n<meta property=\"article:publisher\" content=\"https:\/\/www.facebook.com\/skaitytaknyga\/\" \/>\n<meta property=\"article:modified_time\" content=\"2026-03-05T09:59:18+00:00\" \/>\n<meta property=\"og:image\" content=\"https:\/\/skaitytaknyga.lt\/wp-content\/uploads\/2025\/07\/Miegok-grazuole-mano.webp\" \/>\n\t<meta property=\"og:image:width\" content=\"366\" \/>\n\t<meta property=\"og:image:height\" content=\"600\" \/>\n\t<meta property=\"og:image:type\" content=\"image\/webp\" \/>\n<meta name=\"twitter:card\" content=\"summary_large_image\" \/>\n<meta name=\"twitter:label1\" content=\"Estimated reading time\" \/>\n\t<meta name=\"twitter:data1\" content=\"1 minute\" \/>\n<script type=\"application\/ld+json\" class=\"yoast-schema-graph\">{\"@context\":\"https:\\\/\\\/schema.org\",\"@graph\":[{\"@type\":\"WebPage\",\"@id\":\"https:\\\/\\\/skaitytaknyga.lt\\\/produktas\\\/miegok-grazuole-mano\\\/\",\"url\":\"https:\\\/\\\/skaitytaknyga.lt\\\/produktas\\\/miegok-grazuole-mano\\\/\",\"name\":\"Miegok, gra\u017euole mano\",\"isPartOf\":{\"@id\":\"https:\\\/\\\/skaitytaknyga.lt\\\/#website\"},\"primaryImageOfPage\":{\"@id\":\"https:\\\/\\\/skaitytaknyga.lt\\\/produktas\\\/miegok-grazuole-mano\\\/#primaryimage\"},\"image\":{\"@id\":\"https:\\\/\\\/skaitytaknyga.lt\\\/produktas\\\/miegok-grazuole-mano\\\/#primaryimage\"},\"thumbnailUrl\":\"https:\\\/\\\/skaitytaknyga.lt\\\/wp-content\\\/uploads\\\/2025\\\/07\\\/Miegok-grazuole-mano.webp\",\"datePublished\":\"2025-07-21T17:04:42+00:00\",\"dateModified\":\"2026-03-05T09:59:18+00:00\",\"description\":\"Etel\u0117s Lambston, ekscentri\u0161kos straipsni\u0173 apie garsenybes autor\u0117s, nu\u017eudymo byloje netr\u016bko \u012ftariam\u0173j\u0173, nes ji \u017einojo daug \u017eymi\u0173 \u017emoni\u0173 paslap\u010di\u0173. Madisono\",\"breadcrumb\":{\"@id\":\"https:\\\/\\\/skaitytaknyga.lt\\\/produktas\\\/miegok-grazuole-mano\\\/#breadcrumb\"},\"inLanguage\":\"en-GB\",\"potentialAction\":[{\"@type\":\"ReadAction\",\"target\":[\"https:\\\/\\\/skaitytaknyga.lt\\\/produktas\\\/miegok-grazuole-mano\\\/\"]}]},{\"@type\":\"ImageObject\",\"inLanguage\":\"en-GB\",\"@id\":\"https:\\\/\\\/skaitytaknyga.lt\\\/produktas\\\/miegok-grazuole-mano\\\/#primaryimage\",\"url\":\"https:\\\/\\\/skaitytaknyga.lt\\\/wp-content\\\/uploads\\\/2025\\\/07\\\/Miegok-grazuole-mano.webp\",\"contentUrl\":\"https:\\\/\\\/skaitytaknyga.lt\\\/wp-content\\\/uploads\\\/2025\\\/07\\\/Miegok-grazuole-mano.webp\",\"width\":366,\"height\":600},{\"@type\":\"BreadcrumbList\",\"@id\":\"https:\\\/\\\/skaitytaknyga.lt\\\/produktas\\\/miegok-grazuole-mano\\\/#breadcrumb\",\"itemListElement\":[{\"@type\":\"ListItem\",\"position\":1,\"name\":\"Home\",\"item\":\"https:\\\/\\\/skaitytaknyga.lt\\\/\"},{\"@type\":\"ListItem\",\"position\":2,\"name\":\"Parduotuv\u0117\",\"item\":\"https:\\\/\\\/skaitytaknyga.lt\\\/knygu-parduotuve\\\/\"},{\"@type\":\"ListItem\",\"position\":3,\"name\":\"Miegok, gra\u017euole mano\"}]},{\"@type\":\"WebSite\",\"@id\":\"https:\\\/\\\/skaitytaknyga.lt\\\/#website\",\"url\":\"https:\\\/\\\/skaitytaknyga.lt\\\/\",\"name\":\"skaitytaknyga.lt\",\"description\":\"Skaitytaknyga.lt \u2013 tai ma\u017eas \u0161eimos verslas, kuris prasid\u0117jo nuo meil\u0117s knygoms ir siekio i\u0161gelb\u0117ti knygas nuo likimo prie konteinerio. Kas vienam nereikalingas daiktas \u2013 kitam lobis, o mes esame tarpininkai, kurie padeda abiems tapti laimingesniems ???? \u017dinome kaip nelengva i\u0161gyventi ma\u017eiems verslams, tad nuo \u0161iol, \u010dia rasite ir kit\u0173, ma\u017e\u0173 \u0161eim\u0173 versl\u0173, rank\u0173 darbo, dovan\u0173 sau ir artimiesiems.\",\"publisher\":{\"@id\":\"https:\\\/\\\/skaitytaknyga.lt\\\/#organization\"},\"potentialAction\":[{\"@type\":\"SearchAction\",\"target\":{\"@type\":\"EntryPoint\",\"urlTemplate\":\"https:\\\/\\\/skaitytaknyga.lt\\\/?s={search_term_string}\"},\"query-input\":{\"@type\":\"PropertyValueSpecification\",\"valueRequired\":true,\"valueName\":\"search_term_string\"}}],\"inLanguage\":\"en-GB\"},{\"@type\":\"Organization\",\"@id\":\"https:\\\/\\\/skaitytaknyga.lt\\\/#organization\",\"name\":\"skaitytaknyga.lt\",\"url\":\"https:\\\/\\\/skaitytaknyga.lt\\\/\",\"logo\":{\"@type\":\"ImageObject\",\"inLanguage\":\"en-GB\",\"@id\":\"https:\\\/\\\/skaitytaknyga.lt\\\/#\\\/schema\\\/logo\\\/image\\\/\",\"url\":\"https:\\\/\\\/skaitytaknyga.lt\\\/wp-content\\\/uploads\\\/2024\\\/05\\\/cropped-cropped-cropped-02_00843_jt3bggkj1j3HLc7SyY6rEUpg.jpeg\",\"contentUrl\":\"https:\\\/\\\/skaitytaknyga.lt\\\/wp-content\\\/uploads\\\/2024\\\/05\\\/cropped-cropped-cropped-02_00843_jt3bggkj1j3HLc7SyY6rEUpg.jpeg\",\"width\":1600,\"height\":1600,\"caption\":\"skaitytaknyga.lt\"},\"image\":{\"@id\":\"https:\\\/\\\/skaitytaknyga.lt\\\/#\\\/schema\\\/logo\\\/image\\\/\"},\"sameAs\":[\"https:\\\/\\\/www.facebook.com\\\/skaitytaknyga\\\/\"]}]}<\/script>\n<!-- \/ Yoast SEO plugin. -->","yoast_head_json":{"title":"Miegok, gra\u017euole mano","description":"Etel\u0117s Lambston, ekscentri\u0161kos straipsni\u0173 apie garsenybes autor\u0117s, nu\u017eudymo byloje netr\u016bko \u012ftariam\u0173j\u0173, nes ji \u017einojo daug \u017eymi\u0173 \u017emoni\u0173 paslap\u010di\u0173. Madisono","robots":{"index":"index","follow":"follow","max-snippet":"max-snippet:-1","max-image-preview":"max-image-preview:large","max-video-preview":"max-video-preview:-1"},"canonical":"https:\/\/skaitytaknyga.lt\/en\/produktas\/miegok-grazuole-mano\/","og_locale":"en_GB","og_type":"article","og_title":"[:lt]Miegok, gra\u017euole mano[:] - Skaitytaknyga","og_description":"Etel\u0117s Lambston, ekscentri\u0161kos straipsni\u0173 apie garsenybes autor\u0117s, nu\u017eudymo byloje netr\u016bko \u012ftariam\u0173j\u0173, nes ji \u017einojo daug \u017eymi\u0173 \u017emoni\u0173 paslap\u010di\u0173. Madisono","og_url":"https:\/\/skaitytaknyga.lt\/en\/produktas\/miegok-grazuole-mano\/","og_site_name":"Skaitytaknyga","article_publisher":"https:\/\/www.facebook.com\/skaitytaknyga\/","article_modified_time":"2026-03-05T09:59:18+00:00","og_image":[{"width":366,"height":600,"url":"https:\/\/skaitytaknyga.lt\/wp-content\/uploads\/2025\/07\/Miegok-grazuole-mano.webp","type":"image\/webp"}],"twitter_card":"summary_large_image","twitter_misc":{"Estimated reading time":"1 minute"},"schema":{"@context":"https:\/\/schema.org","@graph":[{"@type":"WebPage","@id":"https:\/\/skaitytaknyga.lt\/produktas\/miegok-grazuole-mano\/","url":"https:\/\/skaitytaknyga.lt\/produktas\/miegok-grazuole-mano\/","name":"Miegok, gra\u017euole mano","isPartOf":{"@id":"https:\/\/skaitytaknyga.lt\/#website"},"primaryImageOfPage":{"@id":"https:\/\/skaitytaknyga.lt\/produktas\/miegok-grazuole-mano\/#primaryimage"},"image":{"@id":"https:\/\/skaitytaknyga.lt\/produktas\/miegok-grazuole-mano\/#primaryimage"},"thumbnailUrl":"https:\/\/skaitytaknyga.lt\/wp-content\/uploads\/2025\/07\/Miegok-grazuole-mano.webp","datePublished":"2025-07-21T17:04:42+00:00","dateModified":"2026-03-05T09:59:18+00:00","description":"Etel\u0117s Lambston, ekscentri\u0161kos straipsni\u0173 apie garsenybes autor\u0117s, nu\u017eudymo byloje netr\u016bko \u012ftariam\u0173j\u0173, nes ji \u017einojo daug \u017eymi\u0173 \u017emoni\u0173 paslap\u010di\u0173. Madisono","breadcrumb":{"@id":"https:\/\/skaitytaknyga.lt\/produktas\/miegok-grazuole-mano\/#breadcrumb"},"inLanguage":"en-GB","potentialAction":[{"@type":"ReadAction","target":["https:\/\/skaitytaknyga.lt\/produktas\/miegok-grazuole-mano\/"]}]},{"@type":"ImageObject","inLanguage":"en-GB","@id":"https:\/\/skaitytaknyga.lt\/produktas\/miegok-grazuole-mano\/#primaryimage","url":"https:\/\/skaitytaknyga.lt\/wp-content\/uploads\/2025\/07\/Miegok-grazuole-mano.webp","contentUrl":"https:\/\/skaitytaknyga.lt\/wp-content\/uploads\/2025\/07\/Miegok-grazuole-mano.webp","width":366,"height":600},{"@type":"BreadcrumbList","@id":"https:\/\/skaitytaknyga.lt\/produktas\/miegok-grazuole-mano\/#breadcrumb","itemListElement":[{"@type":"ListItem","position":1,"name":"Home","item":"https:\/\/skaitytaknyga.lt\/"},{"@type":"ListItem","position":2,"name":"Parduotuv\u0117","item":"https:\/\/skaitytaknyga.lt\/knygu-parduotuve\/"},{"@type":"ListItem","position":3,"name":"Miegok, gra\u017euole mano"}]},{"@type":"WebSite","@id":"https:\/\/skaitytaknyga.lt\/#website","url":"https:\/\/skaitytaknyga.lt\/","name":"skaitytaknyga.lt","description":"Skaitytaknyga.lt \u2013 tai ma\u017eas \u0161eimos verslas, kuris prasid\u0117jo nuo meil\u0117s knygoms ir siekio i\u0161gelb\u0117ti knygas nuo likimo prie konteinerio. Kas vienam nereikalingas daiktas \u2013 kitam lobis, o mes esame tarpininkai, kurie padeda abiems tapti laimingesniems ???? \u017dinome kaip nelengva i\u0161gyventi ma\u017eiems verslams, tad nuo \u0161iol, \u010dia rasite ir kit\u0173, ma\u017e\u0173 \u0161eim\u0173 versl\u0173, rank\u0173 darbo, dovan\u0173 sau ir artimiesiems.","publisher":{"@id":"https:\/\/skaitytaknyga.lt\/#organization"},"potentialAction":[{"@type":"SearchAction","target":{"@type":"EntryPoint","urlTemplate":"https:\/\/skaitytaknyga.lt\/?s={search_term_string}"},"query-input":{"@type":"PropertyValueSpecification","valueRequired":true,"valueName":"search_term_string"}}],"inLanguage":"en-GB"},{"@type":"Organization","@id":"https:\/\/skaitytaknyga.lt\/#organization","name":"skaitytaknyga.lt","url":"https:\/\/skaitytaknyga.lt\/","logo":{"@type":"ImageObject","inLanguage":"en-GB","@id":"https:\/\/skaitytaknyga.lt\/#\/schema\/logo\/image\/","url":"https:\/\/skaitytaknyga.lt\/wp-content\/uploads\/2024\/05\/cropped-cropped-cropped-02_00843_jt3bggkj1j3HLc7SyY6rEUpg.jpeg","contentUrl":"https:\/\/skaitytaknyga.lt\/wp-content\/uploads\/2024\/05\/cropped-cropped-cropped-02_00843_jt3bggkj1j3HLc7SyY6rEUpg.jpeg","width":1600,"height":1600,"caption":"skaitytaknyga.lt"},"image":{"@id":"https:\/\/skaitytaknyga.lt\/#\/schema\/logo\/image\/"},"sameAs":["https:\/\/www.facebook.com\/skaitytaknyga\/"]}]}},"_links":{"self":[{"href":"https:\/\/skaitytaknyga.lt\/en\/wp-json\/wp\/v2\/product\/19621","targetHints":{"allow":["GET"]}}],"collection":[{"href":"https:\/\/skaitytaknyga.lt\/en\/wp-json\/wp\/v2\/product"}],"about":[{"href":"https:\/\/skaitytaknyga.lt\/en\/wp-json\/wp\/v2\/types\/product"}],"replies":[{"embeddable":true,"href":"https:\/\/skaitytaknyga.lt\/en\/wp-json\/wp\/v2\/comments?post=19621"}],"wp:featuredmedia":[{"embeddable":true,"href":"https:\/\/skaitytaknyga.lt\/en\/wp-json\/wp\/v2\/media\/19626"}],"wp:attachment":[{"href":"https:\/\/skaitytaknyga.lt\/en\/wp-json\/wp\/v2\/media?parent=19621"}],"wp:term":[{"taxonomy":"product_brand","embeddable":true,"href":"https:\/\/skaitytaknyga.lt\/en\/wp-json\/wp\/v2\/product_brand?post=19621"},{"taxonomy":"product_cat","embeddable":true,"href":"https:\/\/skaitytaknyga.lt\/en\/wp-json\/wp\/v2\/product_cat?post=19621"},{"taxonomy":"product_tag","embeddable":true,"href":"https:\/\/skaitytaknyga.lt\/en\/wp-json\/wp\/v2\/product_tag?post=19621"}],"curies":[{"name":"wp","href":"https:\/\/api.w.org\/{rel}","templated":true}]}}