{"id":19620,"date":"2025-07-21T20:04:42","date_gmt":"2025-07-21T17:04:42","guid":{"rendered":"https:\/\/skaitytaknyga.lt\/?post_type=product&#038;p=19620"},"modified":"2026-03-05T11:59:17","modified_gmt":"2026-03-05T09:59:17","slug":"miegancioji-grazuole","status":"publish","type":"product","link":"https:\/\/skaitytaknyga.lt\/en\/produktas\/miegancioji-grazuole\/","title":{"rendered":"Miegan\u010dioji gra\u017euol\u0117"},"content":{"rendered":"<p>Mary Higgins Clark (Mer\u0117 Higins Klark, g. 1927 m.) \u2013 JAV ra\u0161ytoja, mil\u017eini\u0161ko populiarumo sulaukusi\u0173 detektyv\u0173 autor\u0117. Jos romanai, vertinami skaitytoj\u0173 ir kritik\u0173 visame pasaulyje, nuolat patenka \u012f skaitomiausi\u0173 knyg\u0173 s\u0105ra\u0161us. Vien JAV \u0161ios autor\u0117s knyg\u0173 parduota daugiau kaip 80 milijon\u0173 egzempliori\u0173. Detektyv\u0173 karaliene vadinama Mary Higgins Clark yra daugelio presti\u017eini\u0173 premij\u0173 laureat\u0117, JAV detektyv\u0173 ra\u0161ytoj\u0173 asociacijos prezident\u0117, jos vardu pavadintas vienas svarbiausi\u0173 apdovanojim\u0173 geriausiems \u0161io \u017eanro autoriams.<\/p>\n<p>Alafair Burke (Alafer Burk, g. 1969) yra populiari\u0173 detektyv\u0173 ir kriminalini\u0173 trileri\u0173 autor\u0117. Jos knygose da\u017enai galima atrasti reali\u0173 byl\u0173 p\u0117dsak\u0173, mat ra\u0161ytoja kadaise u\u017esi\u0117m\u0117 teisine veikla ir vis dar d\u0117sto kriminalin\u0119 teis\u0119.<\/p>\n<p>\u201eKaltinamoji. Tris savaites \u0161ioje teismo sal\u0117je visi j\u0105 vadino kaltinam\u0105ja. Ne Keise. Ne Katerina Karter. Ir, \u017einoma, ne ponia Hanter Roli III, kokia ji b\u016bt\u0173 tapusi, jeigu viskas b\u016bt\u0173 susiklost\u0119 kitaip.&#8221;<br \/>\nJauna ir gra\u017ei meno k\u016brini\u0173 \u017einov\u0117 Katerina Karter buvo pripa\u017einta kalta nety\u010dia nu\u017eud\u017eiusi savo su\u017ead\u0117tin\u012f, gars\u0173 filantrop\u0105 Hanter\u012f Rol\u012f III ir 15 met\u0173 praleido kal\u0117jime. Nors visada tvirtino esanti nekalta, visuomen\u0117s nuomon\u0117 buvo negailestinga. Net atlikusi bausm\u0119 ir i\u0161\u0117jusi \u012f laisv\u0119, Katerina neranda ramyb\u0117s. J\u0105 nuolat lydi smerkiantis aplinkini\u0173 d\u0117mesys, o bulvarin\u0117s \u017einiasklaidos puslapiuose ji linksniuojama kaip \u201ePakvai\u0161\u0117l\u0117 Keis\u0117&#8221; arba \u201e\u017dudik\u0117 Miegan\u010dioji Gra\u017euol\u0117&#8221;. Nor\u0117dama kart\u0105 ir visiems laikams \u012frodyti, kad n\u0117ra \u017eudik\u0117, Keis\u0117 kreipiasi \u012f televizijos laidos \u201e\u012etariamieji&#8221; prodiuser\u0119 Laur\u0105 Moran ir \u012ftikina j\u0105 dar kart\u0105 nagrin\u0117ti jos byl\u0105.<\/p>\n","protected":false},"excerpt":{"rendered":"<p>Mary Higgins Clark (Mer\u0117 Higins Klark, g. 1927 m.) \u2013 JAV ra\u0161ytoja, mil\u017eini\u0161ko populiarumo sulaukusi\u0173 detektyv\u0173 autor\u0117. Jos romanai, vertinami skaitytoj\u0173 ir kritik\u0173 visame pasaulyje, nuolat patenka \u012f skaitomiausi\u0173 knyg\u0173 s\u0105ra\u0161us. Vien JAV \u0161ios autor\u0117s knyg\u0173 parduota daugiau kaip 80 milijon\u0173 egzempliori\u0173. Detektyv\u0173 karaliene vadinama Mary Higgins Clark yra daugelio presti\u017eini\u0173 premij\u0173 laureat\u0117, JAV detektyv\u0173 ra\u0161ytoj\u0173 asociacijos prezident\u0117, jos vardu pavadintas vienas svarbiausi\u0173 apdovanojim\u0173 geriausiems \u0161io \u017eanro autoriams. Alafair Burke (Alafer Burk, g. 1969) yra populiari\u0173 detektyv\u0173 ir kriminalini\u0173 trileri\u0173 autor\u0117. Jos knygose da\u017enai galima atrasti reali\u0173 byl\u0173 p\u0117dsak\u0173, mat ra\u0161ytoja kadaise u\u017esi\u0117m\u0117 teisine veikla ir vis dar d\u0117sto kriminalin\u0119 teis\u0119. \u201eKaltinamoji. Tris savaites \u0161ioje teismo sal\u0117je visi j\u0105 vadino kaltinam\u0105ja. Ne Keise. Ne Katerina Karter. Ir, \u017einoma, ne ponia Hanter Roli III, kokia ji b\u016bt\u0173 tapusi, jeigu viskas b\u016bt\u0173 susiklost\u0119 kitaip.&#8221; Jauna ir gra\u017ei meno k\u016brini\u0173 \u017einov\u0117 Katerina Karter buvo pripa\u017einta kalta nety\u010dia nu\u017eud\u017eiusi savo su\u017ead\u0117tin\u012f, gars\u0173 filantrop\u0105 Hanter\u012f Rol\u012f III ir 15 met\u0173 praleido kal\u0117jime. Nors visada tvirtino esanti nekalta, visuomen\u0117s nuomon\u0117 buvo negailestinga. Net atlikusi bausm\u0119 ir i\u0161\u0117jusi \u012f laisv\u0119, Katerina neranda ramyb\u0117s. J\u0105 nuolat lydi smerkiantis aplinkini\u0173 d\u0117mesys, o bulvarin\u0117s \u017einiasklaidos puslapiuose ji linksniuojama kaip \u201ePakvai\u0161\u0117l\u0117 Keis\u0117&#8221; arba \u201e\u017dudik\u0117 Miegan\u010dioji Gra\u017euol\u0117&#8221;. Nor\u0117dama kart\u0105 ir visiems laikams \u012frodyti, kad n\u0117ra \u017eudik\u0117, Keis\u0117 kreipiasi \u012f televizijos laidos \u201e\u012etariamieji&#8221; prodiuser\u0119 Laur\u0105 Moran ir \u012ftikina j\u0105 dar kart\u0105 nagrin\u0117ti jos byl\u0105.<\/p>\n","protected":false},"featured_media":19625,"comment_status":"open","ping_status":"closed","template":"","meta":{"_acf_changed":false,"site-sidebar-layout":"default","site-content-layout":"","ast-site-content-layout":"default","site-content-style":"default","site-sidebar-style":"default","ast-global-header-display":"","ast-banner-title-visibility":"","ast-main-header-display":"","ast-hfb-above-header-display":"","ast-hfb-below-header-display":"","ast-hfb-mobile-header-display":"","site-post-title":"","ast-breadcrumbs-content":"","ast-featured-img":"","footer-sml-layout":"","ast-disable-related-posts":"","theme-transparent-header-meta":"","adv-header-id-meta":"","stick-header-meta":"","header-above-stick-meta":"","header-main-stick-meta":"","header-below-stick-meta":"","astra-migrate-meta-layouts":"default","ast-page-background-enabled":"default","ast-page-background-meta":{"desktop":{"background-color":"","background-image":"","background-repeat":"repeat","background-position":"center center","background-size":"auto","background-attachment":"scroll","background-type":"","background-media":"","overlay-type":"","overlay-color":"","overlay-opacity":"","overlay-gradient":""},"tablet":{"background-color":"","background-image":"","background-repeat":"repeat","background-position":"center center","background-size":"auto","background-attachment":"scroll","background-type":"","background-media":"","overlay-type":"","overlay-color":"","overlay-opacity":"","overlay-gradient":""},"mobile":{"background-color":"","background-image":"","background-repeat":"repeat","background-position":"center center","background-size":"auto","background-attachment":"scroll","background-type":"","background-media":"","overlay-type":"","overlay-color":"","overlay-opacity":"","overlay-gradient":""}},"ast-content-background-meta":{"desktop":{"background-color":"var(--ast-global-color-4)","background-image":"","background-repeat":"repeat","background-position":"center center","background-size":"auto","background-attachment":"scroll","background-type":"","background-media":"","overlay-type":"","overlay-color":"","overlay-opacity":"","overlay-gradient":""},"tablet":{"background-color":"var(--ast-global-color-4)","background-image":"","background-repeat":"repeat","background-position":"center center","background-size":"auto","background-attachment":"scroll","background-type":"","background-media":"","overlay-type":"","overlay-color":"","overlay-opacity":"","overlay-gradient":""},"mobile":{"background-color":"var(--ast-global-color-4)","background-image":"","background-repeat":"repeat","background-position":"center center","background-size":"auto","background-attachment":"scroll","background-type":"","background-media":"","overlay-type":"","overlay-color":"","overlay-opacity":"","overlay-gradient":""}}},"product_brand":[],"product_cat":[9581],"product_tag":[6427,1476,2943,6432,6433,6431,1587],"class_list":{"0":"post-19620","1":"product","2":"type-product","3":"status-publish","4":"has-post-thumbnail","6":"product_cat-kriminaliniai-romanai","7":"product_tag-alafair-burke","8":"product_tag-detektyvas","9":"product_tag-mary-higgins-clark","10":"product_tag-neteisingas-nuosprendis","11":"product_tag-socialine-stigma","12":"product_tag-teismo-byla","13":"product_tag-trileris","14":"desktop-align-left","15":"tablet-align-left","16":"mobile-align-left","18":"first","19":"instock","20":"shipping-taxable","21":"purchasable","22":"product-type-simple"},"acf":[],"yoast_head":"<!-- This site is optimized with the Yoast SEO plugin v27.0 - https:\/\/yoast.com\/product\/yoast-seo-wordpress\/ -->\n<title>Miegan\u010dioji gra\u017euol\u0117<\/title>\n<meta name=\"description\" content=\"Mary Higgins Clark (Mer\u0117 Higins Klark, g. 1927 m.) \u2013 JAV ra\u0161ytoja, mil\u017eini\u0161ko populiarumo sulaukusi\u0173 detektyv\u0173 autor\u0117. Jos romanai, vertinami skaitytoj\u0173\" \/>\n<meta name=\"robots\" content=\"index, follow, max-snippet:-1, max-image-preview:large, max-video-preview:-1\" \/>\n<link rel=\"canonical\" href=\"https:\/\/skaitytaknyga.lt\/en\/produktas\/miegancioji-grazuole\/\" \/>\n<meta property=\"og:locale\" content=\"en_GB\" \/>\n<meta property=\"og:locale:alternate\" content=\"lt_LT\" \/>\n<meta property=\"og:type\" content=\"article\" \/>\n<meta property=\"og:title\" content=\"Miegan\u010dioji gra\u017euol\u0117\" \/>\n<meta property=\"og:description\" content=\"Mary Higgins Clark (Mer\u0117 Higins Klark, g. 1927 m.) \u2013 JAV ra\u0161ytoja, mil\u017eini\u0161ko populiarumo sulaukusi\u0173 detektyv\u0173 autor\u0117. Jos romanai, vertinami skaitytoj\u0173\" \/>\n<meta property=\"og:url\" content=\"https:\/\/skaitytaknyga.lt\/en\/produktas\/miegancioji-grazuole\/\" \/>\n<meta property=\"og:site_name\" content=\"Skaitytaknyga\" \/>\n<meta property=\"article:publisher\" content=\"https:\/\/www.facebook.com\/skaitytaknyga\/\" \/>\n<meta property=\"article:modified_time\" content=\"2026-03-05T09:59:17+00:00\" \/>\n<meta property=\"og:image\" content=\"https:\/\/skaitytaknyga.lt\/wp-content\/uploads\/2025\/07\/Miegancioji-grazuole.webp\" \/>\n\t<meta property=\"og:image:width\" content=\"366\" \/>\n\t<meta property=\"og:image:height\" content=\"600\" \/>\n\t<meta property=\"og:image:type\" content=\"image\/webp\" \/>\n<meta name=\"twitter:card\" content=\"summary_large_image\" \/>\n<meta name=\"twitter:label1\" content=\"Estimated reading time\" \/>\n\t<meta name=\"twitter:data1\" content=\"1 minute\" \/>\n<script type=\"application\/ld+json\" class=\"yoast-schema-graph\">{\"@context\":\"https:\/\/schema.org\",\"@graph\":[{\"@type\":\"WebPage\",\"@id\":\"https:\/\/skaitytaknyga.lt\/produktas\/miegancioji-grazuole\/\",\"url\":\"https:\/\/skaitytaknyga.lt\/produktas\/miegancioji-grazuole\/\",\"name\":\"Miegan\u010dioji gra\u017euol\u0117\",\"isPartOf\":{\"@id\":\"https:\/\/skaitytaknyga.lt\/#website\"},\"primaryImageOfPage\":{\"@id\":\"https:\/\/skaitytaknyga.lt\/produktas\/miegancioji-grazuole\/#primaryimage\"},\"image\":{\"@id\":\"https:\/\/skaitytaknyga.lt\/produktas\/miegancioji-grazuole\/#primaryimage\"},\"thumbnailUrl\":\"https:\/\/skaitytaknyga.lt\/wp-content\/uploads\/2025\/07\/Miegancioji-grazuole.webp\",\"datePublished\":\"2025-07-21T17:04:42+00:00\",\"dateModified\":\"2026-03-05T09:59:17+00:00\",\"description\":\"Mary Higgins Clark (Mer\u0117 Higins Klark, g. 1927 m.) \u2013 JAV ra\u0161ytoja, mil\u017eini\u0161ko populiarumo sulaukusi\u0173 detektyv\u0173 autor\u0117. Jos romanai, vertinami skaitytoj\u0173\",\"breadcrumb\":{\"@id\":\"https:\/\/skaitytaknyga.lt\/produktas\/miegancioji-grazuole\/#breadcrumb\"},\"inLanguage\":\"en-GB\",\"potentialAction\":[{\"@type\":\"ReadAction\",\"target\":[\"https:\/\/skaitytaknyga.lt\/produktas\/miegancioji-grazuole\/\"]}]},{\"@type\":\"ImageObject\",\"inLanguage\":\"en-GB\",\"@id\":\"https:\/\/skaitytaknyga.lt\/produktas\/miegancioji-grazuole\/#primaryimage\",\"url\":\"https:\/\/skaitytaknyga.lt\/wp-content\/uploads\/2025\/07\/Miegancioji-grazuole.webp\",\"contentUrl\":\"https:\/\/skaitytaknyga.lt\/wp-content\/uploads\/2025\/07\/Miegancioji-grazuole.webp\",\"width\":366,\"height\":600,\"caption\":\"Miegan\u010dioji gra\u017euol\u0117\"},{\"@type\":\"BreadcrumbList\",\"@id\":\"https:\/\/skaitytaknyga.lt\/produktas\/miegancioji-grazuole\/#breadcrumb\",\"itemListElement\":[{\"@type\":\"ListItem\",\"position\":1,\"name\":\"Home\",\"item\":\"https:\/\/skaitytaknyga.lt\/\"},{\"@type\":\"ListItem\",\"position\":2,\"name\":\"Parduotuv\u0117\",\"item\":\"https:\/\/skaitytaknyga.lt\/knygu-parduotuve\/\"},{\"@type\":\"ListItem\",\"position\":3,\"name\":\"Miegan\u010dioji gra\u017euol\u0117\"}]},{\"@type\":\"WebSite\",\"@id\":\"https:\/\/skaitytaknyga.lt\/#website\",\"url\":\"https:\/\/skaitytaknyga.lt\/\",\"name\":\"skaitytaknyga.lt\",\"description\":\"Skaitytaknyga.lt \u2013 tai ma\u017eas \u0161eimos verslas, kuris prasid\u0117jo nuo meil\u0117s knygoms ir siekio i\u0161gelb\u0117ti knygas nuo likimo prie konteinerio. Kas vienam nereikalingas daiktas \u2013 kitam lobis, o mes esame tarpininkai, kurie padeda abiems tapti laimingesniems ???? \u017dinome kaip nelengva i\u0161gyventi ma\u017eiems verslams, tad nuo \u0161iol, \u010dia rasite ir kit\u0173, ma\u017e\u0173 \u0161eim\u0173 versl\u0173, rank\u0173 darbo, dovan\u0173 sau ir artimiesiems.\",\"publisher\":{\"@id\":\"https:\/\/skaitytaknyga.lt\/#organization\"},\"potentialAction\":[{\"@type\":\"SearchAction\",\"target\":{\"@type\":\"EntryPoint\",\"urlTemplate\":\"https:\/\/skaitytaknyga.lt\/?s={search_term_string}\"},\"query-input\":{\"@type\":\"PropertyValueSpecification\",\"valueRequired\":true,\"valueName\":\"search_term_string\"}}],\"inLanguage\":\"en-GB\"},{\"@type\":\"Organization\",\"@id\":\"https:\/\/skaitytaknyga.lt\/#organization\",\"name\":\"skaitytaknyga.lt\",\"url\":\"https:\/\/skaitytaknyga.lt\/\",\"logo\":{\"@type\":\"ImageObject\",\"inLanguage\":\"en-GB\",\"@id\":\"https:\/\/skaitytaknyga.lt\/#\/schema\/logo\/image\/\",\"url\":\"https:\/\/skaitytaknyga.lt\/wp-content\/uploads\/2024\/05\/cropped-cropped-cropped-02_00843_jt3bggkj1j3HLc7SyY6rEUpg.jpeg\",\"contentUrl\":\"https:\/\/skaitytaknyga.lt\/wp-content\/uploads\/2024\/05\/cropped-cropped-cropped-02_00843_jt3bggkj1j3HLc7SyY6rEUpg.jpeg\",\"width\":1600,\"height\":1600,\"caption\":\"skaitytaknyga.lt\"},\"image\":{\"@id\":\"https:\/\/skaitytaknyga.lt\/#\/schema\/logo\/image\/\"},\"sameAs\":[\"https:\/\/www.facebook.com\/skaitytaknyga\/\"]}]}<\/script>\n<!-- \/ Yoast SEO plugin. -->","yoast_head_json":{"title":"Miegan\u010dioji gra\u017euol\u0117","description":"Mary Higgins Clark (Mer\u0117 Higins Klark, g. 1927 m.) \u2013 JAV ra\u0161ytoja, mil\u017eini\u0161ko populiarumo sulaukusi\u0173 detektyv\u0173 autor\u0117. Jos romanai, vertinami skaitytoj\u0173","robots":{"index":"index","follow":"follow","max-snippet":"max-snippet:-1","max-image-preview":"max-image-preview:large","max-video-preview":"max-video-preview:-1"},"canonical":"https:\/\/skaitytaknyga.lt\/en\/produktas\/miegancioji-grazuole\/","og_locale":"en_GB","og_type":"article","og_title":"[:lt]Miegan\u010dioji gra\u017euol\u0117[:] - Skaitytaknyga","og_description":"Mary Higgins Clark (Mer\u0117 Higins Klark, g. 1927 m.) \u2013 JAV ra\u0161ytoja, mil\u017eini\u0161ko populiarumo sulaukusi\u0173 detektyv\u0173 autor\u0117. Jos romanai, vertinami skaitytoj\u0173","og_url":"https:\/\/skaitytaknyga.lt\/en\/produktas\/miegancioji-grazuole\/","og_site_name":"Skaitytaknyga","article_publisher":"https:\/\/www.facebook.com\/skaitytaknyga\/","article_modified_time":"2026-03-05T09:59:17+00:00","og_image":[{"width":366,"height":600,"url":"https:\/\/skaitytaknyga.lt\/wp-content\/uploads\/2025\/07\/Miegancioji-grazuole.webp","type":"image\/webp"}],"twitter_card":"summary_large_image","twitter_misc":{"Estimated reading time":"1 minute"},"schema":{"@context":"https:\/\/schema.org","@graph":[{"@type":"WebPage","@id":"https:\/\/skaitytaknyga.lt\/produktas\/miegancioji-grazuole\/","url":"https:\/\/skaitytaknyga.lt\/produktas\/miegancioji-grazuole\/","name":"Miegan\u010dioji gra\u017euol\u0117","isPartOf":{"@id":"https:\/\/skaitytaknyga.lt\/#website"},"primaryImageOfPage":{"@id":"https:\/\/skaitytaknyga.lt\/produktas\/miegancioji-grazuole\/#primaryimage"},"image":{"@id":"https:\/\/skaitytaknyga.lt\/produktas\/miegancioji-grazuole\/#primaryimage"},"thumbnailUrl":"https:\/\/skaitytaknyga.lt\/wp-content\/uploads\/2025\/07\/Miegancioji-grazuole.webp","datePublished":"2025-07-21T17:04:42+00:00","dateModified":"2026-03-05T09:59:17+00:00","description":"Mary Higgins Clark (Mer\u0117 Higins Klark, g. 1927 m.) \u2013 JAV ra\u0161ytoja, mil\u017eini\u0161ko populiarumo sulaukusi\u0173 detektyv\u0173 autor\u0117. Jos romanai, vertinami skaitytoj\u0173","breadcrumb":{"@id":"https:\/\/skaitytaknyga.lt\/produktas\/miegancioji-grazuole\/#breadcrumb"},"inLanguage":"en-GB","potentialAction":[{"@type":"ReadAction","target":["https:\/\/skaitytaknyga.lt\/produktas\/miegancioji-grazuole\/"]}]},{"@type":"ImageObject","inLanguage":"en-GB","@id":"https:\/\/skaitytaknyga.lt\/produktas\/miegancioji-grazuole\/#primaryimage","url":"https:\/\/skaitytaknyga.lt\/wp-content\/uploads\/2025\/07\/Miegancioji-grazuole.webp","contentUrl":"https:\/\/skaitytaknyga.lt\/wp-content\/uploads\/2025\/07\/Miegancioji-grazuole.webp","width":366,"height":600,"caption":"Miegan\u010dioji gra\u017euol\u0117"},{"@type":"BreadcrumbList","@id":"https:\/\/skaitytaknyga.lt\/produktas\/miegancioji-grazuole\/#breadcrumb","itemListElement":[{"@type":"ListItem","position":1,"name":"Home","item":"https:\/\/skaitytaknyga.lt\/"},{"@type":"ListItem","position":2,"name":"Parduotuv\u0117","item":"https:\/\/skaitytaknyga.lt\/knygu-parduotuve\/"},{"@type":"ListItem","position":3,"name":"Miegan\u010dioji gra\u017euol\u0117"}]},{"@type":"WebSite","@id":"https:\/\/skaitytaknyga.lt\/#website","url":"https:\/\/skaitytaknyga.lt\/","name":"skaitytaknyga.lt","description":"Skaitytaknyga.lt \u2013 tai ma\u017eas \u0161eimos verslas, kuris prasid\u0117jo nuo meil\u0117s knygoms ir siekio i\u0161gelb\u0117ti knygas nuo likimo prie konteinerio. Kas vienam nereikalingas daiktas \u2013 kitam lobis, o mes esame tarpininkai, kurie padeda abiems tapti laimingesniems ???? \u017dinome kaip nelengva i\u0161gyventi ma\u017eiems verslams, tad nuo \u0161iol, \u010dia rasite ir kit\u0173, ma\u017e\u0173 \u0161eim\u0173 versl\u0173, rank\u0173 darbo, dovan\u0173 sau ir artimiesiems.","publisher":{"@id":"https:\/\/skaitytaknyga.lt\/#organization"},"potentialAction":[{"@type":"SearchAction","target":{"@type":"EntryPoint","urlTemplate":"https:\/\/skaitytaknyga.lt\/?s={search_term_string}"},"query-input":{"@type":"PropertyValueSpecification","valueRequired":true,"valueName":"search_term_string"}}],"inLanguage":"en-GB"},{"@type":"Organization","@id":"https:\/\/skaitytaknyga.lt\/#organization","name":"skaitytaknyga.lt","url":"https:\/\/skaitytaknyga.lt\/","logo":{"@type":"ImageObject","inLanguage":"en-GB","@id":"https:\/\/skaitytaknyga.lt\/#\/schema\/logo\/image\/","url":"https:\/\/skaitytaknyga.lt\/wp-content\/uploads\/2024\/05\/cropped-cropped-cropped-02_00843_jt3bggkj1j3HLc7SyY6rEUpg.jpeg","contentUrl":"https:\/\/skaitytaknyga.lt\/wp-content\/uploads\/2024\/05\/cropped-cropped-cropped-02_00843_jt3bggkj1j3HLc7SyY6rEUpg.jpeg","width":1600,"height":1600,"caption":"skaitytaknyga.lt"},"image":{"@id":"https:\/\/skaitytaknyga.lt\/#\/schema\/logo\/image\/"},"sameAs":["https:\/\/www.facebook.com\/skaitytaknyga\/"]}]}},"_links":{"self":[{"href":"https:\/\/skaitytaknyga.lt\/en\/wp-json\/wp\/v2\/product\/19620","targetHints":{"allow":["GET"]}}],"collection":[{"href":"https:\/\/skaitytaknyga.lt\/en\/wp-json\/wp\/v2\/product"}],"about":[{"href":"https:\/\/skaitytaknyga.lt\/en\/wp-json\/wp\/v2\/types\/product"}],"replies":[{"embeddable":true,"href":"https:\/\/skaitytaknyga.lt\/en\/wp-json\/wp\/v2\/comments?post=19620"}],"wp:featuredmedia":[{"embeddable":true,"href":"https:\/\/skaitytaknyga.lt\/en\/wp-json\/wp\/v2\/media\/19625"}],"wp:attachment":[{"href":"https:\/\/skaitytaknyga.lt\/en\/wp-json\/wp\/v2\/media?parent=19620"}],"wp:term":[{"taxonomy":"product_brand","embeddable":true,"href":"https:\/\/skaitytaknyga.lt\/en\/wp-json\/wp\/v2\/product_brand?post=19620"},{"taxonomy":"product_cat","embeddable":true,"href":"https:\/\/skaitytaknyga.lt\/en\/wp-json\/wp\/v2\/product_cat?post=19620"},{"taxonomy":"product_tag","embeddable":true,"href":"https:\/\/skaitytaknyga.lt\/en\/wp-json\/wp\/v2\/product_tag?post=19620"}],"curies":[{"name":"wp","href":"https:\/\/api.w.org\/{rel}","templated":true}]}}