{"id":19618,"date":"2025-07-21T20:04:41","date_gmt":"2025-07-21T17:04:41","guid":{"rendered":"https:\/\/skaitytaknyga.lt\/?post_type=product&#038;p=19618"},"modified":"2026-03-05T11:59:18","modified_gmt":"2026-03-05T09:59:18","slug":"kaip-bega-laikas","status":"publish","type":"product","link":"https:\/\/skaitytaknyga.lt\/en\/produktas\/kaip-bega-laikas\/","title":{"rendered":"Kaip b\u0117ga laikas"},"content":{"rendered":"<p>Karjeros laiptais kylanti \u017eurnalist\u0117 Delan\u0117 Rait netrukus tur\u0117t\u0173 tapti Niujorko televizijos \u0161e\u0161tos \u017eini\u0173 ved\u0117ja, bet prie\u0161 tai jos laukia vienas rimtas i\u0161bandymas. Jai teks vie\u0161ai pristatyti Bets\u0117s Grant, kaltinamos savo vyro milijonieriaus Tedo Granto nu\u017eudymu, teismo proces\u0105. Intriguojanti byla sulauk\u0117 didelio \u017einiasklaidos d\u0117mesio. Buv\u0119s garsus gydytojas pastaruosius a\u0161tuonerius metus sirgo Alzheimerio liga, o vien\u0105 ryt\u0105 buvo rastas negyvas savo namuose. Pagrindine \u012ftariam\u0105ja tapo t\u0105 lemting\u0105 nakt\u012f viena namuose su Tedu buvusi jo \u017emona Bets\u0117. Nors ji kategori\u0161kai atmeta visus kaltinimus, bet \u017einia, kad paskutinius kelis metus ji susitikin\u0117jo su jaunyst\u0117s laik\u0173 meile, jos pad\u0117t\u012f dar labiau apsunkina.<\/p>\n<p>Vie\u0161oje erdv\u0117je vyrauja nuomon\u0117, kad Bets\u0117 prisid\u0117jo prie savo vyro mirties. Ta\u010diau Delan\u0117 steb\u0117dama teismo pos\u0117d\u017ei\u0173 eig\u0105, ima vis labiau tuo abejoti. Ar tai tik moteri\u0161ka nuojauta, o gal u\u017e tik\u0117jimo Bets\u0117s nekaltumu slypi kur kas gilesni i\u0161gyvenimai?<\/p>\n<p>Detektyvinis trileris \u201eKaip b\u0117ga laikas&#8221; atitinka visas \u0161io \u017eanro klasikos taisykles, pasi\u017eymi painiu ir daugiasluoksniu siu\u017eetu, kuriame puikiai dera psichologin\u0117 \u012ftampa ir \u0161il\u010diausi \u017emoni\u0173 jausmai.<\/p>\n<p>Mary Higgins Clark \u2013 JAV ra\u0161ytoja, mil\u017eini\u0161ko populiarumo sulaukusi\u0173 detektyv\u0173 autor\u0117. Jos romanai, vertinami skaitytoj\u0173 ir kritik\u0173 visame pasaulyje, nuolat patenka \u012f skaitomiausi\u0173 knyg\u0173 s\u0105ra\u0161us. Vien JAV \u0161ios autor\u0117s knyg\u0173 parduota daugiau kaip 80 milijon\u0173 egzempliori\u0173. Detektyv\u0173 karaliene vadinama Mary Higgins Clark yra daugelio presti\u017eini\u0173 premij\u0173 laureat\u0117, JAV detektyv\u0173 ra\u0161ytoj\u0173 asociacijos prezident\u0117, jos vardu pavadintas vienas svarbiausi\u0173 apdovanojim\u0173 geriausiems \u0161io \u017eanro autoriams.<\/p>\n","protected":false},"excerpt":{"rendered":"<p>Karjeros laiptais kylanti \u017eurnalist\u0117 Delan\u0117 Rait netrukus tur\u0117t\u0173 tapti Niujorko televizijos \u0161e\u0161tos \u017eini\u0173 ved\u0117ja, bet prie\u0161 tai jos laukia vienas rimtas i\u0161bandymas. Jai teks vie\u0161ai pristatyti Bets\u0117s Grant, kaltinamos savo vyro milijonieriaus Tedo Granto nu\u017eudymu, teismo proces\u0105. Intriguojanti byla sulauk\u0117 didelio \u017einiasklaidos d\u0117mesio. Buv\u0119s garsus gydytojas pastaruosius a\u0161tuonerius metus sirgo Alzheimerio liga, o vien\u0105 ryt\u0105 buvo rastas negyvas savo namuose. Pagrindine \u012ftariam\u0105ja tapo t\u0105 lemting\u0105 nakt\u012f viena namuose su Tedu buvusi jo \u017emona Bets\u0117. Nors ji kategori\u0161kai atmeta visus kaltinimus, bet \u017einia, kad paskutinius kelis metus ji susitikin\u0117jo su jaunyst\u0117s laik\u0173 meile, jos pad\u0117t\u012f dar labiau apsunkina. Vie\u0161oje erdv\u0117je vyrauja nuomon\u0117, kad Bets\u0117 prisid\u0117jo prie savo vyro mirties. Ta\u010diau Delan\u0117 steb\u0117dama teismo pos\u0117d\u017ei\u0173 eig\u0105, ima vis labiau tuo abejoti. Ar tai tik moteri\u0161ka nuojauta, o gal u\u017e tik\u0117jimo Bets\u0117s nekaltumu slypi kur kas gilesni i\u0161gyvenimai? Detektyvinis trileris \u201eKaip b\u0117ga laikas&#8221; atitinka visas \u0161io \u017eanro klasikos taisykles, pasi\u017eymi painiu ir daugiasluoksniu siu\u017eetu, kuriame puikiai dera psichologin\u0117 \u012ftampa ir \u0161il\u010diausi \u017emoni\u0173 jausmai. Mary Higgins Clark \u2013 JAV ra\u0161ytoja, mil\u017eini\u0161ko populiarumo sulaukusi\u0173 detektyv\u0173 autor\u0117. Jos romanai, vertinami skaitytoj\u0173 ir kritik\u0173 visame pasaulyje, nuolat patenka \u012f skaitomiausi\u0173 knyg\u0173 s\u0105ra\u0161us. Vien JAV \u0161ios autor\u0117s knyg\u0173 parduota daugiau kaip 80 milijon\u0173 egzempliori\u0173. Detektyv\u0173 karaliene vadinama Mary Higgins Clark yra daugelio presti\u017eini\u0173 premij\u0173 laureat\u0117, JAV detektyv\u0173 ra\u0161ytoj\u0173 asociacijos prezident\u0117, jos vardu pavadintas vienas svarbiausi\u0173 apdovanojim\u0173 geriausiems \u0161io \u017eanro autoriams.<\/p>\n","protected":false},"featured_media":19623,"comment_status":"open","ping_status":"closed","template":"","meta":{"_acf_changed":false,"site-sidebar-layout":"default","site-content-layout":"","ast-site-content-layout":"default","site-content-style":"default","site-sidebar-style":"default","ast-global-header-display":"","ast-banner-title-visibility":"","ast-main-header-display":"","ast-hfb-above-header-display":"","ast-hfb-below-header-display":"","ast-hfb-mobile-header-display":"","site-post-title":"","ast-breadcrumbs-content":"","ast-featured-img":"","footer-sml-layout":"","ast-disable-related-posts":"","theme-transparent-header-meta":"","adv-header-id-meta":"","stick-header-meta":"","header-above-stick-meta":"","header-main-stick-meta":"","header-below-stick-meta":"","astra-migrate-meta-layouts":"default","ast-page-background-enabled":"default","ast-page-background-meta":{"desktop":{"background-color":"","background-image":"","background-repeat":"repeat","background-position":"center center","background-size":"auto","background-attachment":"scroll","background-type":"","background-media":"","overlay-type":"","overlay-color":"","overlay-opacity":"","overlay-gradient":""},"tablet":{"background-color":"","background-image":"","background-repeat":"repeat","background-position":"center center","background-size":"auto","background-attachment":"scroll","background-type":"","background-media":"","overlay-type":"","overlay-color":"","overlay-opacity":"","overlay-gradient":""},"mobile":{"background-color":"","background-image":"","background-repeat":"repeat","background-position":"center center","background-size":"auto","background-attachment":"scroll","background-type":"","background-media":"","overlay-type":"","overlay-color":"","overlay-opacity":"","overlay-gradient":""}},"ast-content-background-meta":{"desktop":{"background-color":"var(--ast-global-color-4)","background-image":"","background-repeat":"repeat","background-position":"center center","background-size":"auto","background-attachment":"scroll","background-type":"","background-media":"","overlay-type":"","overlay-color":"","overlay-opacity":"","overlay-gradient":""},"tablet":{"background-color":"var(--ast-global-color-4)","background-image":"","background-repeat":"repeat","background-position":"center center","background-size":"auto","background-attachment":"scroll","background-type":"","background-media":"","overlay-type":"","overlay-color":"","overlay-opacity":"","overlay-gradient":""},"mobile":{"background-color":"var(--ast-global-color-4)","background-image":"","background-repeat":"repeat","background-position":"center center","background-size":"auto","background-attachment":"scroll","background-type":"","background-media":"","overlay-type":"","overlay-color":"","overlay-opacity":"","overlay-gradient":""}}},"product_brand":[],"product_cat":[9581],"product_tag":[6426,1476,2943,1707,6425,1587,2624],"class_list":{"0":"post-19618","1":"product","2":"type-product","3":"status-publish","4":"has-post-thumbnail","6":"product_cat-kriminaliniai-romanai","7":"product_tag-alzheimeris","8":"product_tag-detektyvas","9":"product_tag-mary-higgins-clark","10":"product_tag-seimos-santykiai","11":"product_tag-teismo-procesas","12":"product_tag-trileris","13":"product_tag-zurnalistika","14":"desktop-align-left","15":"tablet-align-left","16":"mobile-align-left","18":"first","19":"instock","20":"shipping-taxable","21":"purchasable","22":"product-type-simple"},"acf":[],"yoast_head":"<!-- This site is optimized with the Yoast SEO plugin v27.4 - https:\/\/yoast.com\/product\/yoast-seo-wordpress\/ -->\n<title>Kaip b\u0117ga laikas<\/title>\n<meta name=\"description\" content=\"Karjeros laiptais kylanti \u017eurnalist\u0117 Delan\u0117 Rait netrukus tur\u0117t\u0173 tapti Niujorko televizijos \u0161e\u0161tos \u017eini\u0173 ved\u0117ja, bet prie\u0161 tai jos laukia vienas rimtas\" \/>\n<meta name=\"robots\" content=\"index, follow, max-snippet:-1, max-image-preview:large, max-video-preview:-1\" \/>\n<link rel=\"canonical\" href=\"https:\/\/skaitytaknyga.lt\/en\/produktas\/kaip-bega-laikas\/\" \/>\n<meta property=\"og:locale\" content=\"en_GB\" \/>\n<meta property=\"og:locale:alternate\" content=\"lt_LT\" \/>\n<meta property=\"og:type\" content=\"article\" \/>\n<meta property=\"og:title\" content=\"Kaip b\u0117ga laikas\" \/>\n<meta property=\"og:description\" content=\"Karjeros laiptais kylanti \u017eurnalist\u0117 Delan\u0117 Rait netrukus tur\u0117t\u0173 tapti Niujorko televizijos \u0161e\u0161tos \u017eini\u0173 ved\u0117ja, bet prie\u0161 tai jos laukia vienas rimtas\" \/>\n<meta property=\"og:url\" content=\"https:\/\/skaitytaknyga.lt\/en\/produktas\/kaip-bega-laikas\/\" \/>\n<meta property=\"og:site_name\" content=\"Skaitytaknyga\" \/>\n<meta property=\"article:publisher\" content=\"https:\/\/www.facebook.com\/skaitytaknyga\/\" \/>\n<meta property=\"article:modified_time\" content=\"2026-03-05T09:59:18+00:00\" \/>\n<meta property=\"og:image\" content=\"https:\/\/skaitytaknyga.lt\/wp-content\/uploads\/2025\/07\/Kaip-bega-laikas.webp\" \/>\n\t<meta property=\"og:image:width\" content=\"285\" \/>\n\t<meta property=\"og:image:height\" content=\"467\" \/>\n\t<meta property=\"og:image:type\" content=\"image\/webp\" \/>\n<meta name=\"twitter:card\" content=\"summary_large_image\" \/>\n<meta name=\"twitter:label1\" content=\"Estimated reading time\" \/>\n\t<meta name=\"twitter:data1\" content=\"1 minute\" \/>\n<script type=\"application\/ld+json\" class=\"yoast-schema-graph\">{\"@context\":\"https:\\\/\\\/schema.org\",\"@graph\":[{\"@type\":\"WebPage\",\"@id\":\"https:\\\/\\\/skaitytaknyga.lt\\\/produktas\\\/kaip-bega-laikas\\\/\",\"url\":\"https:\\\/\\\/skaitytaknyga.lt\\\/produktas\\\/kaip-bega-laikas\\\/\",\"name\":\"Kaip b\u0117ga laikas\",\"isPartOf\":{\"@id\":\"https:\\\/\\\/skaitytaknyga.lt\\\/#website\"},\"primaryImageOfPage\":{\"@id\":\"https:\\\/\\\/skaitytaknyga.lt\\\/produktas\\\/kaip-bega-laikas\\\/#primaryimage\"},\"image\":{\"@id\":\"https:\\\/\\\/skaitytaknyga.lt\\\/produktas\\\/kaip-bega-laikas\\\/#primaryimage\"},\"thumbnailUrl\":\"https:\\\/\\\/skaitytaknyga.lt\\\/wp-content\\\/uploads\\\/2025\\\/07\\\/Kaip-bega-laikas.webp\",\"datePublished\":\"2025-07-21T17:04:41+00:00\",\"dateModified\":\"2026-03-05T09:59:18+00:00\",\"description\":\"Karjeros laiptais kylanti \u017eurnalist\u0117 Delan\u0117 Rait netrukus tur\u0117t\u0173 tapti Niujorko televizijos \u0161e\u0161tos \u017eini\u0173 ved\u0117ja, bet prie\u0161 tai jos laukia vienas rimtas\",\"breadcrumb\":{\"@id\":\"https:\\\/\\\/skaitytaknyga.lt\\\/produktas\\\/kaip-bega-laikas\\\/#breadcrumb\"},\"inLanguage\":\"en-GB\",\"potentialAction\":[{\"@type\":\"ReadAction\",\"target\":[\"https:\\\/\\\/skaitytaknyga.lt\\\/produktas\\\/kaip-bega-laikas\\\/\"]}]},{\"@type\":\"ImageObject\",\"inLanguage\":\"en-GB\",\"@id\":\"https:\\\/\\\/skaitytaknyga.lt\\\/produktas\\\/kaip-bega-laikas\\\/#primaryimage\",\"url\":\"https:\\\/\\\/skaitytaknyga.lt\\\/wp-content\\\/uploads\\\/2025\\\/07\\\/Kaip-bega-laikas.webp\",\"contentUrl\":\"https:\\\/\\\/skaitytaknyga.lt\\\/wp-content\\\/uploads\\\/2025\\\/07\\\/Kaip-bega-laikas.webp\",\"width\":285,\"height\":467,\"caption\":\"Kaip b\u0117ga laikas\"},{\"@type\":\"BreadcrumbList\",\"@id\":\"https:\\\/\\\/skaitytaknyga.lt\\\/produktas\\\/kaip-bega-laikas\\\/#breadcrumb\",\"itemListElement\":[{\"@type\":\"ListItem\",\"position\":1,\"name\":\"Home\",\"item\":\"https:\\\/\\\/skaitytaknyga.lt\\\/\"},{\"@type\":\"ListItem\",\"position\":2,\"name\":\"Parduotuv\u0117\",\"item\":\"https:\\\/\\\/skaitytaknyga.lt\\\/knygu-parduotuve\\\/\"},{\"@type\":\"ListItem\",\"position\":3,\"name\":\"Kaip b\u0117ga laikas\"}]},{\"@type\":\"WebSite\",\"@id\":\"https:\\\/\\\/skaitytaknyga.lt\\\/#website\",\"url\":\"https:\\\/\\\/skaitytaknyga.lt\\\/\",\"name\":\"skaitytaknyga.lt\",\"description\":\"Skaitytaknyga.lt \u2013 tai ma\u017eas \u0161eimos verslas, kuris prasid\u0117jo nuo meil\u0117s knygoms ir siekio i\u0161gelb\u0117ti knygas nuo likimo prie konteinerio. Kas vienam nereikalingas daiktas \u2013 kitam lobis, o mes esame tarpininkai, kurie padeda abiems tapti laimingesniems ???? \u017dinome kaip nelengva i\u0161gyventi ma\u017eiems verslams, tad nuo \u0161iol, \u010dia rasite ir kit\u0173, ma\u017e\u0173 \u0161eim\u0173 versl\u0173, rank\u0173 darbo, dovan\u0173 sau ir artimiesiems.\",\"publisher\":{\"@id\":\"https:\\\/\\\/skaitytaknyga.lt\\\/#organization\"},\"potentialAction\":[{\"@type\":\"SearchAction\",\"target\":{\"@type\":\"EntryPoint\",\"urlTemplate\":\"https:\\\/\\\/skaitytaknyga.lt\\\/?s={search_term_string}\"},\"query-input\":{\"@type\":\"PropertyValueSpecification\",\"valueRequired\":true,\"valueName\":\"search_term_string\"}}],\"inLanguage\":\"en-GB\"},{\"@type\":\"Organization\",\"@id\":\"https:\\\/\\\/skaitytaknyga.lt\\\/#organization\",\"name\":\"skaitytaknyga.lt\",\"url\":\"https:\\\/\\\/skaitytaknyga.lt\\\/\",\"logo\":{\"@type\":\"ImageObject\",\"inLanguage\":\"en-GB\",\"@id\":\"https:\\\/\\\/skaitytaknyga.lt\\\/#\\\/schema\\\/logo\\\/image\\\/\",\"url\":\"https:\\\/\\\/skaitytaknyga.lt\\\/wp-content\\\/uploads\\\/2024\\\/05\\\/cropped-cropped-cropped-02_00843_jt3bggkj1j3HLc7SyY6rEUpg.jpeg\",\"contentUrl\":\"https:\\\/\\\/skaitytaknyga.lt\\\/wp-content\\\/uploads\\\/2024\\\/05\\\/cropped-cropped-cropped-02_00843_jt3bggkj1j3HLc7SyY6rEUpg.jpeg\",\"width\":1600,\"height\":1600,\"caption\":\"skaitytaknyga.lt\"},\"image\":{\"@id\":\"https:\\\/\\\/skaitytaknyga.lt\\\/#\\\/schema\\\/logo\\\/image\\\/\"},\"sameAs\":[\"https:\\\/\\\/www.facebook.com\\\/skaitytaknyga\\\/\"]}]}<\/script>\n<!-- \/ Yoast SEO plugin. -->","yoast_head_json":{"title":"Kaip b\u0117ga laikas","description":"Karjeros laiptais kylanti \u017eurnalist\u0117 Delan\u0117 Rait netrukus tur\u0117t\u0173 tapti Niujorko televizijos \u0161e\u0161tos \u017eini\u0173 ved\u0117ja, bet prie\u0161 tai jos laukia vienas rimtas","robots":{"index":"index","follow":"follow","max-snippet":"max-snippet:-1","max-image-preview":"max-image-preview:large","max-video-preview":"max-video-preview:-1"},"canonical":"https:\/\/skaitytaknyga.lt\/en\/produktas\/kaip-bega-laikas\/","og_locale":"en_GB","og_type":"article","og_title":"[:lt]Kaip b\u0117ga laikas[:] - Skaitytaknyga","og_description":"Karjeros laiptais kylanti \u017eurnalist\u0117 Delan\u0117 Rait netrukus tur\u0117t\u0173 tapti Niujorko televizijos \u0161e\u0161tos \u017eini\u0173 ved\u0117ja, bet prie\u0161 tai jos laukia vienas rimtas","og_url":"https:\/\/skaitytaknyga.lt\/en\/produktas\/kaip-bega-laikas\/","og_site_name":"Skaitytaknyga","article_publisher":"https:\/\/www.facebook.com\/skaitytaknyga\/","article_modified_time":"2026-03-05T09:59:18+00:00","og_image":[{"width":285,"height":467,"url":"https:\/\/skaitytaknyga.lt\/wp-content\/uploads\/2025\/07\/Kaip-bega-laikas.webp","type":"image\/webp"}],"twitter_card":"summary_large_image","twitter_misc":{"Estimated reading time":"1 minute"},"schema":{"@context":"https:\/\/schema.org","@graph":[{"@type":"WebPage","@id":"https:\/\/skaitytaknyga.lt\/produktas\/kaip-bega-laikas\/","url":"https:\/\/skaitytaknyga.lt\/produktas\/kaip-bega-laikas\/","name":"Kaip b\u0117ga laikas","isPartOf":{"@id":"https:\/\/skaitytaknyga.lt\/#website"},"primaryImageOfPage":{"@id":"https:\/\/skaitytaknyga.lt\/produktas\/kaip-bega-laikas\/#primaryimage"},"image":{"@id":"https:\/\/skaitytaknyga.lt\/produktas\/kaip-bega-laikas\/#primaryimage"},"thumbnailUrl":"https:\/\/skaitytaknyga.lt\/wp-content\/uploads\/2025\/07\/Kaip-bega-laikas.webp","datePublished":"2025-07-21T17:04:41+00:00","dateModified":"2026-03-05T09:59:18+00:00","description":"Karjeros laiptais kylanti \u017eurnalist\u0117 Delan\u0117 Rait netrukus tur\u0117t\u0173 tapti Niujorko televizijos \u0161e\u0161tos \u017eini\u0173 ved\u0117ja, bet prie\u0161 tai jos laukia vienas rimtas","breadcrumb":{"@id":"https:\/\/skaitytaknyga.lt\/produktas\/kaip-bega-laikas\/#breadcrumb"},"inLanguage":"en-GB","potentialAction":[{"@type":"ReadAction","target":["https:\/\/skaitytaknyga.lt\/produktas\/kaip-bega-laikas\/"]}]},{"@type":"ImageObject","inLanguage":"en-GB","@id":"https:\/\/skaitytaknyga.lt\/produktas\/kaip-bega-laikas\/#primaryimage","url":"https:\/\/skaitytaknyga.lt\/wp-content\/uploads\/2025\/07\/Kaip-bega-laikas.webp","contentUrl":"https:\/\/skaitytaknyga.lt\/wp-content\/uploads\/2025\/07\/Kaip-bega-laikas.webp","width":285,"height":467,"caption":"Kaip b\u0117ga laikas"},{"@type":"BreadcrumbList","@id":"https:\/\/skaitytaknyga.lt\/produktas\/kaip-bega-laikas\/#breadcrumb","itemListElement":[{"@type":"ListItem","position":1,"name":"Home","item":"https:\/\/skaitytaknyga.lt\/"},{"@type":"ListItem","position":2,"name":"Parduotuv\u0117","item":"https:\/\/skaitytaknyga.lt\/knygu-parduotuve\/"},{"@type":"ListItem","position":3,"name":"Kaip b\u0117ga laikas"}]},{"@type":"WebSite","@id":"https:\/\/skaitytaknyga.lt\/#website","url":"https:\/\/skaitytaknyga.lt\/","name":"skaitytaknyga.lt","description":"Skaitytaknyga.lt \u2013 tai ma\u017eas \u0161eimos verslas, kuris prasid\u0117jo nuo meil\u0117s knygoms ir siekio i\u0161gelb\u0117ti knygas nuo likimo prie konteinerio. Kas vienam nereikalingas daiktas \u2013 kitam lobis, o mes esame tarpininkai, kurie padeda abiems tapti laimingesniems ???? \u017dinome kaip nelengva i\u0161gyventi ma\u017eiems verslams, tad nuo \u0161iol, \u010dia rasite ir kit\u0173, ma\u017e\u0173 \u0161eim\u0173 versl\u0173, rank\u0173 darbo, dovan\u0173 sau ir artimiesiems.","publisher":{"@id":"https:\/\/skaitytaknyga.lt\/#organization"},"potentialAction":[{"@type":"SearchAction","target":{"@type":"EntryPoint","urlTemplate":"https:\/\/skaitytaknyga.lt\/?s={search_term_string}"},"query-input":{"@type":"PropertyValueSpecification","valueRequired":true,"valueName":"search_term_string"}}],"inLanguage":"en-GB"},{"@type":"Organization","@id":"https:\/\/skaitytaknyga.lt\/#organization","name":"skaitytaknyga.lt","url":"https:\/\/skaitytaknyga.lt\/","logo":{"@type":"ImageObject","inLanguage":"en-GB","@id":"https:\/\/skaitytaknyga.lt\/#\/schema\/logo\/image\/","url":"https:\/\/skaitytaknyga.lt\/wp-content\/uploads\/2024\/05\/cropped-cropped-cropped-02_00843_jt3bggkj1j3HLc7SyY6rEUpg.jpeg","contentUrl":"https:\/\/skaitytaknyga.lt\/wp-content\/uploads\/2024\/05\/cropped-cropped-cropped-02_00843_jt3bggkj1j3HLc7SyY6rEUpg.jpeg","width":1600,"height":1600,"caption":"skaitytaknyga.lt"},"image":{"@id":"https:\/\/skaitytaknyga.lt\/#\/schema\/logo\/image\/"},"sameAs":["https:\/\/www.facebook.com\/skaitytaknyga\/"]}]}},"_links":{"self":[{"href":"https:\/\/skaitytaknyga.lt\/en\/wp-json\/wp\/v2\/product\/19618","targetHints":{"allow":["GET"]}}],"collection":[{"href":"https:\/\/skaitytaknyga.lt\/en\/wp-json\/wp\/v2\/product"}],"about":[{"href":"https:\/\/skaitytaknyga.lt\/en\/wp-json\/wp\/v2\/types\/product"}],"replies":[{"embeddable":true,"href":"https:\/\/skaitytaknyga.lt\/en\/wp-json\/wp\/v2\/comments?post=19618"}],"wp:featuredmedia":[{"embeddable":true,"href":"https:\/\/skaitytaknyga.lt\/en\/wp-json\/wp\/v2\/media\/19623"}],"wp:attachment":[{"href":"https:\/\/skaitytaknyga.lt\/en\/wp-json\/wp\/v2\/media?parent=19618"}],"wp:term":[{"taxonomy":"product_brand","embeddable":true,"href":"https:\/\/skaitytaknyga.lt\/en\/wp-json\/wp\/v2\/product_brand?post=19618"},{"taxonomy":"product_cat","embeddable":true,"href":"https:\/\/skaitytaknyga.lt\/en\/wp-json\/wp\/v2\/product_cat?post=19618"},{"taxonomy":"product_tag","embeddable":true,"href":"https:\/\/skaitytaknyga.lt\/en\/wp-json\/wp\/v2\/product_tag?post=19618"}],"curies":[{"name":"wp","href":"https:\/\/api.w.org\/{rel}","templated":true}]}}