{"id":19590,"date":"2025-07-12T10:23:22","date_gmt":"2025-07-12T07:23:22","guid":{"rendered":"https:\/\/skaitytaknyga.lt\/?post_type=product&#038;p=19590"},"modified":"2025-07-22T12:49:44","modified_gmt":"2025-07-22T09:49:44","slug":"kurybiskumas-ir-socialinis-kapitalas-ziniu-visuomeneje","status":"publish","type":"product","link":"https:\/\/skaitytaknyga.lt\/en\/produktas\/kurybiskumas-ir-socialinis-kapitalas-ziniu-visuomeneje\/","title":{"rendered":"K\u016brybi\u0161kumas ir socialinis kapitalas \u017eini\u0173 visuomen\u0117je"},"content":{"rendered":"<p>K\u016brybi\u0161kumo ir socialinio kapitalo bei j\u0173 rai\u0161k\u0173 \u017eini\u0173 visuomen\u0117je analizei skirtoje mokslo studijoje aptariami svarb\u016bs \u017eini\u0173 ekonomikos aspektai: \u0161iandien\u0117 mokslo lauko transformacija, globalizacijos ir lokalizacijos tendencijos, k\u016brybi\u0161kumas \u017eini\u0173 ekonomikoje, jo rai\u0161kos. Nema\u017eai d\u0117mesio skiriama k\u016brybin\u0117ms ir kult\u016brin\u0117ms industrijoms aptarti, i\u0161skiriant ir analizuojant kintan\u010di\u0105 bibliotekos samprat\u0105, vaidmen\u012f, viet\u0105, ypatumus. Mokslo studija tur\u0117t\u0173 b\u016bti \u012fdomi ir vertinga besidomintiems mokslo raida, k\u016brybi\u0161kumo rai\u0161komis, k\u016brybin\u0117mis ir kult\u016brin\u0117mis industrijomis, \u0161iandiene biblioteka.<\/p>\n","protected":false},"excerpt":{"rendered":"<p>K\u016brybi\u0161kumo ir socialinio kapitalo bei j\u0173 rai\u0161k\u0173 \u017eini\u0173 visuomen\u0117je analizei skirtoje mokslo studijoje aptariami svarb\u016bs \u017eini\u0173 ekonomikos aspektai: \u0161iandien\u0117 mokslo lauko transformacija, globalizacijos ir lokalizacijos tendencijos, k\u016brybi\u0161kumas \u017eini\u0173 ekonomikoje, jo rai\u0161kos. Nema\u017eai d\u0117mesio skiriama k\u016brybin\u0117ms ir kult\u016brin\u0117ms industrijoms aptarti, i\u0161skiriant ir analizuojant kintan\u010di\u0105 bibliotekos samprat\u0105, vaidmen\u012f, viet\u0105, ypatumus. Mokslo studija tur\u0117t\u0173 b\u016bti \u012fdomi ir vertinga besidomintiems mokslo raida, k\u016brybi\u0161kumo rai\u0161komis, k\u016brybin\u0117mis ir kult\u016brin\u0117mis industrijomis, \u0161iandiene biblioteka.<\/p>\n","protected":false},"featured_media":19596,"comment_status":"open","ping_status":"closed","template":"","meta":{"_acf_changed":false,"site-sidebar-layout":"default","site-content-layout":"","ast-site-content-layout":"default","site-content-style":"default","site-sidebar-style":"default","ast-global-header-display":"","ast-banner-title-visibility":"","ast-main-header-display":"","ast-hfb-above-header-display":"","ast-hfb-below-header-display":"","ast-hfb-mobile-header-display":"","site-post-title":"","ast-breadcrumbs-content":"","ast-featured-img":"","footer-sml-layout":"","ast-disable-related-posts":"","theme-transparent-header-meta":"","adv-header-id-meta":"","stick-header-meta":"","header-above-stick-meta":"","header-main-stick-meta":"","header-below-stick-meta":"","astra-migrate-meta-layouts":"default","ast-page-background-enabled":"default","ast-page-background-meta":{"desktop":{"background-color":"","background-image":"","background-repeat":"repeat","background-position":"center center","background-size":"auto","background-attachment":"scroll","background-type":"","background-media":"","overlay-type":"","overlay-color":"","overlay-opacity":"","overlay-gradient":""},"tablet":{"background-color":"","background-image":"","background-repeat":"repeat","background-position":"center center","background-size":"auto","background-attachment":"scroll","background-type":"","background-media":"","overlay-type":"","overlay-color":"","overlay-opacity":"","overlay-gradient":""},"mobile":{"background-color":"","background-image":"","background-repeat":"repeat","background-position":"center center","background-size":"auto","background-attachment":"scroll","background-type":"","background-media":"","overlay-type":"","overlay-color":"","overlay-opacity":"","overlay-gradient":""}},"ast-content-background-meta":{"desktop":{"background-color":"var(--ast-global-color-4)","background-image":"","background-repeat":"repeat","background-position":"center center","background-size":"auto","background-attachment":"scroll","background-type":"","background-media":"","overlay-type":"","overlay-color":"","overlay-opacity":"","overlay-gradient":""},"tablet":{"background-color":"var(--ast-global-color-4)","background-image":"","background-repeat":"repeat","background-position":"center center","background-size":"auto","background-attachment":"scroll","background-type":"","background-media":"","overlay-type":"","overlay-color":"","overlay-opacity":"","overlay-gradient":""},"mobile":{"background-color":"var(--ast-global-color-4)","background-image":"","background-repeat":"repeat","background-position":"center center","background-size":"auto","background-attachment":"scroll","background-type":"","background-media":"","overlay-type":"","overlay-color":"","overlay-opacity":"","overlay-gradient":""}}},"product_brand":[],"product_cat":[15],"product_tag":[6470,6469,6468,1560,4637,6466,6467],"class_list":{"0":"post-19590","1":"product","2":"type-product","3":"status-publish","4":"has-post-thumbnail","6":"product_cat-uncategorized","7":"product_tag-bibliotekos-vaidmuo","8":"product_tag-kulturines-industrijos","9":"product_tag-kurybines-industrijos","10":"product_tag-kurybiskumas","11":"product_tag-nezinomas-autorius","12":"product_tag-socialinis-kapitalas","13":"product_tag-ziniu-visuomene","14":"desktop-align-left","15":"tablet-align-left","16":"mobile-align-left","18":"first","19":"instock","20":"shipping-taxable","21":"purchasable","22":"product-type-simple"},"acf":[],"yoast_head":"<!-- This site is optimized with the Yoast SEO plugin v27.0 - https:\/\/yoast.com\/product\/yoast-seo-wordpress\/ -->\n<title>K\u016brybi\u0161kumas ir socialinis kapitalas \u017eini\u0173 visuomen\u0117je<\/title>\n<meta name=\"description\" content=\"K\u016brybi\u0161kumo ir socialinio kapitalo bei j\u0173 rai\u0161k\u0173 \u017eini\u0173 visuomen\u0117je analizei skirtoje mokslo studijoje aptariami svarb\u016bs \u017eini\u0173 ekonomikos aspektai:\" \/>\n<meta name=\"robots\" content=\"index, follow, max-snippet:-1, max-image-preview:large, max-video-preview:-1\" \/>\n<link rel=\"canonical\" href=\"https:\/\/skaitytaknyga.lt\/en\/produktas\/kurybiskumas-ir-socialinis-kapitalas-ziniu-visuomeneje\/\" \/>\n<meta property=\"og:locale\" content=\"en_GB\" \/>\n<meta property=\"og:locale:alternate\" content=\"lt_LT\" \/>\n<meta property=\"og:type\" content=\"article\" \/>\n<meta property=\"og:title\" content=\"K\u016brybi\u0161kumas ir socialinis kapitalas \u017eini\u0173 visuomen\u0117je\" \/>\n<meta property=\"og:description\" content=\"K\u016brybi\u0161kumo ir socialinio kapitalo bei j\u0173 rai\u0161k\u0173 \u017eini\u0173 visuomen\u0117je analizei skirtoje mokslo studijoje aptariami svarb\u016bs \u017eini\u0173 ekonomikos aspektai:\" \/>\n<meta property=\"og:url\" content=\"https:\/\/skaitytaknyga.lt\/en\/produktas\/kurybiskumas-ir-socialinis-kapitalas-ziniu-visuomeneje\/\" \/>\n<meta property=\"og:site_name\" content=\"Skaitytaknyga\" \/>\n<meta property=\"article:publisher\" content=\"https:\/\/www.facebook.com\/skaitytaknyga\/\" \/>\n<meta property=\"article:modified_time\" content=\"2025-07-22T09:49:44+00:00\" \/>\n<meta property=\"og:image\" content=\"https:\/\/skaitytaknyga.lt\/wp-content\/uploads\/2025\/07\/Kurybiskumas-ir-socialinis-kapitalas-ziniu-visuomeneje.jpg\" \/>\n\t<meta property=\"og:image:width\" content=\"228\" \/>\n\t<meta property=\"og:image:height\" content=\"331\" \/>\n\t<meta property=\"og:image:type\" content=\"image\/jpeg\" \/>\n<meta name=\"twitter:card\" content=\"summary_large_image\" \/>\n<script type=\"application\/ld+json\" class=\"yoast-schema-graph\">{\"@context\":\"https:\/\/schema.org\",\"@graph\":[{\"@type\":\"WebPage\",\"@id\":\"https:\/\/skaitytaknyga.lt\/produktas\/kurybiskumas-ir-socialinis-kapitalas-ziniu-visuomeneje\/\",\"url\":\"https:\/\/skaitytaknyga.lt\/produktas\/kurybiskumas-ir-socialinis-kapitalas-ziniu-visuomeneje\/\",\"name\":\"K\u016brybi\u0161kumas ir socialinis kapitalas \u017eini\u0173 visuomen\u0117je\",\"isPartOf\":{\"@id\":\"https:\/\/skaitytaknyga.lt\/#website\"},\"primaryImageOfPage\":{\"@id\":\"https:\/\/skaitytaknyga.lt\/produktas\/kurybiskumas-ir-socialinis-kapitalas-ziniu-visuomeneje\/#primaryimage\"},\"image\":{\"@id\":\"https:\/\/skaitytaknyga.lt\/produktas\/kurybiskumas-ir-socialinis-kapitalas-ziniu-visuomeneje\/#primaryimage\"},\"thumbnailUrl\":\"https:\/\/skaitytaknyga.lt\/wp-content\/uploads\/2025\/07\/Kurybiskumas-ir-socialinis-kapitalas-ziniu-visuomeneje.jpg\",\"datePublished\":\"2025-07-12T07:23:22+00:00\",\"dateModified\":\"2025-07-22T09:49:44+00:00\",\"description\":\"K\u016brybi\u0161kumo ir socialinio kapitalo bei j\u0173 rai\u0161k\u0173 \u017eini\u0173 visuomen\u0117je analizei skirtoje mokslo studijoje aptariami svarb\u016bs \u017eini\u0173 ekonomikos aspektai:\",\"breadcrumb\":{\"@id\":\"https:\/\/skaitytaknyga.lt\/produktas\/kurybiskumas-ir-socialinis-kapitalas-ziniu-visuomeneje\/#breadcrumb\"},\"inLanguage\":\"en-GB\",\"potentialAction\":[{\"@type\":\"ReadAction\",\"target\":[\"https:\/\/skaitytaknyga.lt\/produktas\/kurybiskumas-ir-socialinis-kapitalas-ziniu-visuomeneje\/\"]}]},{\"@type\":\"ImageObject\",\"inLanguage\":\"en-GB\",\"@id\":\"https:\/\/skaitytaknyga.lt\/produktas\/kurybiskumas-ir-socialinis-kapitalas-ziniu-visuomeneje\/#primaryimage\",\"url\":\"https:\/\/skaitytaknyga.lt\/wp-content\/uploads\/2025\/07\/Kurybiskumas-ir-socialinis-kapitalas-ziniu-visuomeneje.jpg\",\"contentUrl\":\"https:\/\/skaitytaknyga.lt\/wp-content\/uploads\/2025\/07\/Kurybiskumas-ir-socialinis-kapitalas-ziniu-visuomeneje.jpg\",\"width\":228,\"height\":331},{\"@type\":\"BreadcrumbList\",\"@id\":\"https:\/\/skaitytaknyga.lt\/produktas\/kurybiskumas-ir-socialinis-kapitalas-ziniu-visuomeneje\/#breadcrumb\",\"itemListElement\":[{\"@type\":\"ListItem\",\"position\":1,\"name\":\"Home\",\"item\":\"https:\/\/skaitytaknyga.lt\/\"},{\"@type\":\"ListItem\",\"position\":2,\"name\":\"Parduotuv\u0117\",\"item\":\"https:\/\/skaitytaknyga.lt\/knygu-parduotuve\/\"},{\"@type\":\"ListItem\",\"position\":3,\"name\":\"K\u016brybi\u0161kumas ir socialinis kapitalas \u017eini\u0173 visuomen\u0117je\"}]},{\"@type\":\"WebSite\",\"@id\":\"https:\/\/skaitytaknyga.lt\/#website\",\"url\":\"https:\/\/skaitytaknyga.lt\/\",\"name\":\"skaitytaknyga.lt\",\"description\":\"Skaitytaknyga.lt \u2013 tai ma\u017eas \u0161eimos verslas, kuris prasid\u0117jo nuo meil\u0117s knygoms ir siekio i\u0161gelb\u0117ti knygas nuo likimo prie konteinerio. Kas vienam nereikalingas daiktas \u2013 kitam lobis, o mes esame tarpininkai, kurie padeda abiems tapti laimingesniems ???? \u017dinome kaip nelengva i\u0161gyventi ma\u017eiems verslams, tad nuo \u0161iol, \u010dia rasite ir kit\u0173, ma\u017e\u0173 \u0161eim\u0173 versl\u0173, rank\u0173 darbo, dovan\u0173 sau ir artimiesiems.\",\"publisher\":{\"@id\":\"https:\/\/skaitytaknyga.lt\/#organization\"},\"potentialAction\":[{\"@type\":\"SearchAction\",\"target\":{\"@type\":\"EntryPoint\",\"urlTemplate\":\"https:\/\/skaitytaknyga.lt\/?s={search_term_string}\"},\"query-input\":{\"@type\":\"PropertyValueSpecification\",\"valueRequired\":true,\"valueName\":\"search_term_string\"}}],\"inLanguage\":\"en-GB\"},{\"@type\":\"Organization\",\"@id\":\"https:\/\/skaitytaknyga.lt\/#organization\",\"name\":\"skaitytaknyga.lt\",\"url\":\"https:\/\/skaitytaknyga.lt\/\",\"logo\":{\"@type\":\"ImageObject\",\"inLanguage\":\"en-GB\",\"@id\":\"https:\/\/skaitytaknyga.lt\/#\/schema\/logo\/image\/\",\"url\":\"https:\/\/skaitytaknyga.lt\/wp-content\/uploads\/2024\/05\/cropped-cropped-cropped-02_00843_jt3bggkj1j3HLc7SyY6rEUpg.jpeg\",\"contentUrl\":\"https:\/\/skaitytaknyga.lt\/wp-content\/uploads\/2024\/05\/cropped-cropped-cropped-02_00843_jt3bggkj1j3HLc7SyY6rEUpg.jpeg\",\"width\":1600,\"height\":1600,\"caption\":\"skaitytaknyga.lt\"},\"image\":{\"@id\":\"https:\/\/skaitytaknyga.lt\/#\/schema\/logo\/image\/\"},\"sameAs\":[\"https:\/\/www.facebook.com\/skaitytaknyga\/\"]}]}<\/script>\n<!-- \/ Yoast SEO plugin. -->","yoast_head_json":{"title":"K\u016brybi\u0161kumas ir socialinis kapitalas \u017eini\u0173 visuomen\u0117je","description":"K\u016brybi\u0161kumo ir socialinio kapitalo bei j\u0173 rai\u0161k\u0173 \u017eini\u0173 visuomen\u0117je analizei skirtoje mokslo studijoje aptariami svarb\u016bs \u017eini\u0173 ekonomikos aspektai:","robots":{"index":"index","follow":"follow","max-snippet":"max-snippet:-1","max-image-preview":"max-image-preview:large","max-video-preview":"max-video-preview:-1"},"canonical":"https:\/\/skaitytaknyga.lt\/en\/produktas\/kurybiskumas-ir-socialinis-kapitalas-ziniu-visuomeneje\/","og_locale":"en_GB","og_type":"article","og_title":"[:lt]K\u016brybi\u0161kumas ir socialinis kapitalas \u017eini\u0173 visuomen\u0117je[:] - Skaitytaknyga","og_description":"K\u016brybi\u0161kumo ir socialinio kapitalo bei j\u0173 rai\u0161k\u0173 \u017eini\u0173 visuomen\u0117je analizei skirtoje mokslo studijoje aptariami svarb\u016bs \u017eini\u0173 ekonomikos aspektai:","og_url":"https:\/\/skaitytaknyga.lt\/en\/produktas\/kurybiskumas-ir-socialinis-kapitalas-ziniu-visuomeneje\/","og_site_name":"Skaitytaknyga","article_publisher":"https:\/\/www.facebook.com\/skaitytaknyga\/","article_modified_time":"2025-07-22T09:49:44+00:00","og_image":[{"width":228,"height":331,"url":"https:\/\/skaitytaknyga.lt\/wp-content\/uploads\/2025\/07\/Kurybiskumas-ir-socialinis-kapitalas-ziniu-visuomeneje.jpg","type":"image\/jpeg"}],"twitter_card":"summary_large_image","schema":{"@context":"https:\/\/schema.org","@graph":[{"@type":"WebPage","@id":"https:\/\/skaitytaknyga.lt\/produktas\/kurybiskumas-ir-socialinis-kapitalas-ziniu-visuomeneje\/","url":"https:\/\/skaitytaknyga.lt\/produktas\/kurybiskumas-ir-socialinis-kapitalas-ziniu-visuomeneje\/","name":"K\u016brybi\u0161kumas ir socialinis kapitalas \u017eini\u0173 visuomen\u0117je","isPartOf":{"@id":"https:\/\/skaitytaknyga.lt\/#website"},"primaryImageOfPage":{"@id":"https:\/\/skaitytaknyga.lt\/produktas\/kurybiskumas-ir-socialinis-kapitalas-ziniu-visuomeneje\/#primaryimage"},"image":{"@id":"https:\/\/skaitytaknyga.lt\/produktas\/kurybiskumas-ir-socialinis-kapitalas-ziniu-visuomeneje\/#primaryimage"},"thumbnailUrl":"https:\/\/skaitytaknyga.lt\/wp-content\/uploads\/2025\/07\/Kurybiskumas-ir-socialinis-kapitalas-ziniu-visuomeneje.jpg","datePublished":"2025-07-12T07:23:22+00:00","dateModified":"2025-07-22T09:49:44+00:00","description":"K\u016brybi\u0161kumo ir socialinio kapitalo bei j\u0173 rai\u0161k\u0173 \u017eini\u0173 visuomen\u0117je analizei skirtoje mokslo studijoje aptariami svarb\u016bs \u017eini\u0173 ekonomikos aspektai:","breadcrumb":{"@id":"https:\/\/skaitytaknyga.lt\/produktas\/kurybiskumas-ir-socialinis-kapitalas-ziniu-visuomeneje\/#breadcrumb"},"inLanguage":"en-GB","potentialAction":[{"@type":"ReadAction","target":["https:\/\/skaitytaknyga.lt\/produktas\/kurybiskumas-ir-socialinis-kapitalas-ziniu-visuomeneje\/"]}]},{"@type":"ImageObject","inLanguage":"en-GB","@id":"https:\/\/skaitytaknyga.lt\/produktas\/kurybiskumas-ir-socialinis-kapitalas-ziniu-visuomeneje\/#primaryimage","url":"https:\/\/skaitytaknyga.lt\/wp-content\/uploads\/2025\/07\/Kurybiskumas-ir-socialinis-kapitalas-ziniu-visuomeneje.jpg","contentUrl":"https:\/\/skaitytaknyga.lt\/wp-content\/uploads\/2025\/07\/Kurybiskumas-ir-socialinis-kapitalas-ziniu-visuomeneje.jpg","width":228,"height":331},{"@type":"BreadcrumbList","@id":"https:\/\/skaitytaknyga.lt\/produktas\/kurybiskumas-ir-socialinis-kapitalas-ziniu-visuomeneje\/#breadcrumb","itemListElement":[{"@type":"ListItem","position":1,"name":"Home","item":"https:\/\/skaitytaknyga.lt\/"},{"@type":"ListItem","position":2,"name":"Parduotuv\u0117","item":"https:\/\/skaitytaknyga.lt\/knygu-parduotuve\/"},{"@type":"ListItem","position":3,"name":"K\u016brybi\u0161kumas ir socialinis kapitalas \u017eini\u0173 visuomen\u0117je"}]},{"@type":"WebSite","@id":"https:\/\/skaitytaknyga.lt\/#website","url":"https:\/\/skaitytaknyga.lt\/","name":"skaitytaknyga.lt","description":"Skaitytaknyga.lt \u2013 tai ma\u017eas \u0161eimos verslas, kuris prasid\u0117jo nuo meil\u0117s knygoms ir siekio i\u0161gelb\u0117ti knygas nuo likimo prie konteinerio. Kas vienam nereikalingas daiktas \u2013 kitam lobis, o mes esame tarpininkai, kurie padeda abiems tapti laimingesniems ???? \u017dinome kaip nelengva i\u0161gyventi ma\u017eiems verslams, tad nuo \u0161iol, \u010dia rasite ir kit\u0173, ma\u017e\u0173 \u0161eim\u0173 versl\u0173, rank\u0173 darbo, dovan\u0173 sau ir artimiesiems.","publisher":{"@id":"https:\/\/skaitytaknyga.lt\/#organization"},"potentialAction":[{"@type":"SearchAction","target":{"@type":"EntryPoint","urlTemplate":"https:\/\/skaitytaknyga.lt\/?s={search_term_string}"},"query-input":{"@type":"PropertyValueSpecification","valueRequired":true,"valueName":"search_term_string"}}],"inLanguage":"en-GB"},{"@type":"Organization","@id":"https:\/\/skaitytaknyga.lt\/#organization","name":"skaitytaknyga.lt","url":"https:\/\/skaitytaknyga.lt\/","logo":{"@type":"ImageObject","inLanguage":"en-GB","@id":"https:\/\/skaitytaknyga.lt\/#\/schema\/logo\/image\/","url":"https:\/\/skaitytaknyga.lt\/wp-content\/uploads\/2024\/05\/cropped-cropped-cropped-02_00843_jt3bggkj1j3HLc7SyY6rEUpg.jpeg","contentUrl":"https:\/\/skaitytaknyga.lt\/wp-content\/uploads\/2024\/05\/cropped-cropped-cropped-02_00843_jt3bggkj1j3HLc7SyY6rEUpg.jpeg","width":1600,"height":1600,"caption":"skaitytaknyga.lt"},"image":{"@id":"https:\/\/skaitytaknyga.lt\/#\/schema\/logo\/image\/"},"sameAs":["https:\/\/www.facebook.com\/skaitytaknyga\/"]}]}},"_links":{"self":[{"href":"https:\/\/skaitytaknyga.lt\/en\/wp-json\/wp\/v2\/product\/19590","targetHints":{"allow":["GET"]}}],"collection":[{"href":"https:\/\/skaitytaknyga.lt\/en\/wp-json\/wp\/v2\/product"}],"about":[{"href":"https:\/\/skaitytaknyga.lt\/en\/wp-json\/wp\/v2\/types\/product"}],"replies":[{"embeddable":true,"href":"https:\/\/skaitytaknyga.lt\/en\/wp-json\/wp\/v2\/comments?post=19590"}],"wp:featuredmedia":[{"embeddable":true,"href":"https:\/\/skaitytaknyga.lt\/en\/wp-json\/wp\/v2\/media\/19596"}],"wp:attachment":[{"href":"https:\/\/skaitytaknyga.lt\/en\/wp-json\/wp\/v2\/media?parent=19590"}],"wp:term":[{"taxonomy":"product_brand","embeddable":true,"href":"https:\/\/skaitytaknyga.lt\/en\/wp-json\/wp\/v2\/product_brand?post=19590"},{"taxonomy":"product_cat","embeddable":true,"href":"https:\/\/skaitytaknyga.lt\/en\/wp-json\/wp\/v2\/product_cat?post=19590"},{"taxonomy":"product_tag","embeddable":true,"href":"https:\/\/skaitytaknyga.lt\/en\/wp-json\/wp\/v2\/product_tag?post=19590"}],"curies":[{"name":"wp","href":"https:\/\/api.w.org\/{rel}","templated":true}]}}