{"id":19580,"date":"2025-07-11T20:31:52","date_gmt":"2025-07-11T17:31:52","guid":{"rendered":"https:\/\/skaitytaknyga.lt\/?post_type=product&#038;p=19580"},"modified":"2025-07-22T12:49:33","modified_gmt":"2025-07-22T09:49:33","slug":"musu-meile-yra-musu-jega","status":"publish","type":"product","link":"https:\/\/skaitytaknyga.lt\/en\/produktas\/musu-meile-yra-musu-jega\/","title":{"rendered":"M\u016bs\u0173 meil\u0117 yra m\u016bs\u0173 j\u0117ga"},"content":{"rendered":"<p>Knygoje &#8220;M\u016bs\u0173 meil\u0117 yra m\u016bs\u0173 j\u0117ga&#8221; amerikie\u010di\u0173 psichoterapeut\u0117 \u0160eron Makerlein (Sharon McErlane) toliau dalijasi dvasine patirtimi, kuri\u0105 ji sukaup\u0117 bendraudama su Senol\u0117mis. \u0160ios nepaprastos moterys kalba apie b\u016btinyb\u0119 suderinti moteri\u0161k\u0105j\u0105 ir vyri\u0161k\u0105j\u0105 energijas bei atkurti j\u0173 pusiausvyr\u0105. &#8220;M\u016bs\u0173 meil\u0117 yra m\u016bs\u0173 j\u0117ga&#8221; &#8211; tai pirmosios \u0161ios nuostabios autor\u0117s knygos &#8220;Kalba Senol\u0117&#8221; t\u0119sinys.<\/p>\n<p>\u0160eron Makerlein kelis kartus lank\u0117si Lietuvoje ir \u0161ioje knygoje atskleid\u017eia savo dvasin\u012f reg\u0117jim\u0105 apie m\u016bs\u0173 kra\u0161t\u0105.<\/p>\n<p>Senol\u0117s yra tarp m\u016bs\u0173. Did\u017eioji Taryba atvyko \u010dia, kad gr\u0105\u017eint\u0173 \u017demei pusiausvyr\u0105, atgaivint\u0173 moteri\u0161k\u0105j\u012f pradmen\u012f ir sukurt\u0173 in ir jang energij\u0173 harmonij\u0105. &#8220;Mes si\u0173sime savo \u017eini\u0105 per atskiras moteris, &#8211; sako Senol\u0117s. &#8211; At\u0117jo laikas parodyti moterims keli\u0105. Jos yra nat\u016bralios in talpyklos \u0161ioje planetoje.&#8221;<\/p>\n","protected":false},"excerpt":{"rendered":"<p>Knygoje &#8220;M\u016bs\u0173 meil\u0117 yra m\u016bs\u0173 j\u0117ga&#8221; amerikie\u010di\u0173 psichoterapeut\u0117 \u0160eron Makerlein (Sharon McErlane) toliau dalijasi dvasine patirtimi, kuri\u0105 ji sukaup\u0117 bendraudama su Senol\u0117mis. \u0160ios nepaprastos moterys kalba apie b\u016btinyb\u0119 suderinti moteri\u0161k\u0105j\u0105 ir vyri\u0161k\u0105j\u0105 energijas bei atkurti j\u0173 pusiausvyr\u0105. &#8220;M\u016bs\u0173 meil\u0117 yra m\u016bs\u0173 j\u0117ga&#8221; &#8211; tai pirmosios \u0161ios nuostabios autor\u0117s knygos &#8220;Kalba Senol\u0117&#8221; t\u0119sinys. \u0160eron Makerlein kelis kartus lank\u0117si Lietuvoje ir \u0161ioje knygoje atskleid\u017eia savo dvasin\u012f reg\u0117jim\u0105 apie m\u016bs\u0173 kra\u0161t\u0105. Senol\u0117s yra tarp m\u016bs\u0173. Did\u017eioji Taryba atvyko \u010dia, kad gr\u0105\u017eint\u0173 \u017demei pusiausvyr\u0105, atgaivint\u0173 moteri\u0161k\u0105j\u012f pradmen\u012f ir sukurt\u0173 in ir jang energij\u0173 harmonij\u0105. &#8220;Mes si\u0173sime savo \u017eini\u0105 per atskiras moteris, &#8211; sako Senol\u0117s. &#8211; At\u0117jo laikas parodyti moterims keli\u0105. Jos yra nat\u016bralios in talpyklos \u0161ioje planetoje.&#8221;<\/p>\n","protected":false},"featured_media":19585,"comment_status":"open","ping_status":"closed","template":"","meta":{"_acf_changed":false,"site-sidebar-layout":"default","site-content-layout":"","ast-site-content-layout":"default","site-content-style":"default","site-sidebar-style":"default","ast-global-header-display":"","ast-banner-title-visibility":"","ast-main-header-display":"","ast-hfb-above-header-display":"","ast-hfb-below-header-display":"","ast-hfb-mobile-header-display":"","site-post-title":"","ast-breadcrumbs-content":"","ast-featured-img":"","footer-sml-layout":"","ast-disable-related-posts":"","theme-transparent-header-meta":"","adv-header-id-meta":"","stick-header-meta":"","header-above-stick-meta":"","header-main-stick-meta":"","header-below-stick-meta":"","astra-migrate-meta-layouts":"default","ast-page-background-enabled":"default","ast-page-background-meta":{"desktop":{"background-color":"","background-image":"","background-repeat":"repeat","background-position":"center center","background-size":"auto","background-attachment":"scroll","background-type":"","background-media":"","overlay-type":"","overlay-color":"","overlay-opacity":"","overlay-gradient":""},"tablet":{"background-color":"","background-image":"","background-repeat":"repeat","background-position":"center center","background-size":"auto","background-attachment":"scroll","background-type":"","background-media":"","overlay-type":"","overlay-color":"","overlay-opacity":"","overlay-gradient":""},"mobile":{"background-color":"","background-image":"","background-repeat":"repeat","background-position":"center center","background-size":"auto","background-attachment":"scroll","background-type":"","background-media":"","overlay-type":"","overlay-color":"","overlay-opacity":"","overlay-gradient":""}},"ast-content-background-meta":{"desktop":{"background-color":"var(--ast-global-color-4)","background-image":"","background-repeat":"repeat","background-position":"center center","background-size":"auto","background-attachment":"scroll","background-type":"","background-media":"","overlay-type":"","overlay-color":"","overlay-opacity":"","overlay-gradient":""},"tablet":{"background-color":"var(--ast-global-color-4)","background-image":"","background-repeat":"repeat","background-position":"center center","background-size":"auto","background-attachment":"scroll","background-type":"","background-media":"","overlay-type":"","overlay-color":"","overlay-opacity":"","overlay-gradient":""},"mobile":{"background-color":"var(--ast-global-color-4)","background-image":"","background-repeat":"repeat","background-position":"center center","background-size":"auto","background-attachment":"scroll","background-type":"","background-media":"","overlay-type":"","overlay-color":"","overlay-opacity":"","overlay-gradient":""}}},"product_brand":[],"product_cat":[15],"product_tag":[1964,2270,6454,1392,6456,6455],"class_list":{"0":"post-19580","1":"product","2":"type-product","3":"status-publish","4":"has-post-thumbnail","6":"product_cat-uncategorized","7":"product_tag-dvasine-praktika","8":"product_tag-dvasinis-tobulejimas","9":"product_tag-moteriskoji-energija","10":"product_tag-psichologija","11":"product_tag-senoles","12":"product_tag-sharon-mcerlane","13":"desktop-align-left","14":"tablet-align-left","15":"mobile-align-left","17":"first","18":"instock","19":"shipping-taxable","20":"purchasable","21":"product-type-simple"},"acf":[],"yoast_head":"<!-- This site is optimized with the Yoast SEO plugin v27.4 - https:\/\/yoast.com\/product\/yoast-seo-wordpress\/ -->\n<title>M\u016bs\u0173 meil\u0117 yra m\u016bs\u0173 j\u0117ga<\/title>\n<meta name=\"description\" content=\"Knygoje &quot;M\u016bs\u0173 meil\u0117 yra m\u016bs\u0173 j\u0117ga&quot; amerikie\u010di\u0173 psichoterapeut\u0117 \u0160eron Makerlein (Sharon McErlane) toliau dalijasi dvasine patirtimi, kuri\u0105 ji sukaup\u0117\" \/>\n<meta name=\"robots\" content=\"index, follow, max-snippet:-1, max-image-preview:large, max-video-preview:-1\" \/>\n<link rel=\"canonical\" href=\"https:\/\/skaitytaknyga.lt\/en\/produktas\/musu-meile-yra-musu-jega\/\" \/>\n<meta property=\"og:locale\" content=\"en_GB\" \/>\n<meta property=\"og:locale:alternate\" content=\"lt_LT\" \/>\n<meta property=\"og:type\" content=\"article\" \/>\n<meta property=\"og:title\" content=\"M\u016bs\u0173 meil\u0117 yra m\u016bs\u0173 j\u0117ga\" \/>\n<meta property=\"og:description\" content=\"Knygoje &quot;M\u016bs\u0173 meil\u0117 yra m\u016bs\u0173 j\u0117ga&quot; amerikie\u010di\u0173 psichoterapeut\u0117 \u0160eron Makerlein (Sharon McErlane) toliau dalijasi dvasine patirtimi, kuri\u0105 ji sukaup\u0117\" \/>\n<meta property=\"og:url\" content=\"https:\/\/skaitytaknyga.lt\/en\/produktas\/musu-meile-yra-musu-jega\/\" \/>\n<meta property=\"og:site_name\" content=\"Skaitytaknyga\" \/>\n<meta property=\"article:publisher\" content=\"https:\/\/www.facebook.com\/skaitytaknyga\/\" \/>\n<meta property=\"article:modified_time\" content=\"2025-07-22T09:49:33+00:00\" \/>\n<meta property=\"og:image\" content=\"https:\/\/skaitytaknyga.lt\/wp-content\/uploads\/2025\/07\/Musu-meile-yra-musu-jega.webp\" \/>\n\t<meta property=\"og:image:width\" content=\"526\" \/>\n\t<meta property=\"og:image:height\" content=\"801\" \/>\n\t<meta property=\"og:image:type\" content=\"image\/webp\" \/>\n<meta name=\"twitter:card\" content=\"summary_large_image\" \/>\n<meta name=\"twitter:label1\" content=\"Estimated reading time\" \/>\n\t<meta name=\"twitter:data1\" content=\"1 minute\" \/>\n<script type=\"application\/ld+json\" class=\"yoast-schema-graph\">{\"@context\":\"https:\\\/\\\/schema.org\",\"@graph\":[{\"@type\":\"WebPage\",\"@id\":\"https:\\\/\\\/skaitytaknyga.lt\\\/produktas\\\/musu-meile-yra-musu-jega\\\/\",\"url\":\"https:\\\/\\\/skaitytaknyga.lt\\\/produktas\\\/musu-meile-yra-musu-jega\\\/\",\"name\":\"M\u016bs\u0173 meil\u0117 yra m\u016bs\u0173 j\u0117ga\",\"isPartOf\":{\"@id\":\"https:\\\/\\\/skaitytaknyga.lt\\\/#website\"},\"primaryImageOfPage\":{\"@id\":\"https:\\\/\\\/skaitytaknyga.lt\\\/produktas\\\/musu-meile-yra-musu-jega\\\/#primaryimage\"},\"image\":{\"@id\":\"https:\\\/\\\/skaitytaknyga.lt\\\/produktas\\\/musu-meile-yra-musu-jega\\\/#primaryimage\"},\"thumbnailUrl\":\"https:\\\/\\\/skaitytaknyga.lt\\\/wp-content\\\/uploads\\\/2025\\\/07\\\/Musu-meile-yra-musu-jega.webp\",\"datePublished\":\"2025-07-11T17:31:52+00:00\",\"dateModified\":\"2025-07-22T09:49:33+00:00\",\"description\":\"Knygoje \\\"M\u016bs\u0173 meil\u0117 yra m\u016bs\u0173 j\u0117ga\\\" amerikie\u010di\u0173 psichoterapeut\u0117 \u0160eron Makerlein (Sharon McErlane) toliau dalijasi dvasine patirtimi, kuri\u0105 ji sukaup\u0117\",\"breadcrumb\":{\"@id\":\"https:\\\/\\\/skaitytaknyga.lt\\\/produktas\\\/musu-meile-yra-musu-jega\\\/#breadcrumb\"},\"inLanguage\":\"en-GB\",\"potentialAction\":[{\"@type\":\"ReadAction\",\"target\":[\"https:\\\/\\\/skaitytaknyga.lt\\\/produktas\\\/musu-meile-yra-musu-jega\\\/\"]}]},{\"@type\":\"ImageObject\",\"inLanguage\":\"en-GB\",\"@id\":\"https:\\\/\\\/skaitytaknyga.lt\\\/produktas\\\/musu-meile-yra-musu-jega\\\/#primaryimage\",\"url\":\"https:\\\/\\\/skaitytaknyga.lt\\\/wp-content\\\/uploads\\\/2025\\\/07\\\/Musu-meile-yra-musu-jega.webp\",\"contentUrl\":\"https:\\\/\\\/skaitytaknyga.lt\\\/wp-content\\\/uploads\\\/2025\\\/07\\\/Musu-meile-yra-musu-jega.webp\",\"width\":526,\"height\":801,\"caption\":\"M\u016bs\u0173 meil\u0117 yra m\u016bs\u0173 j\u0117ga\"},{\"@type\":\"BreadcrumbList\",\"@id\":\"https:\\\/\\\/skaitytaknyga.lt\\\/produktas\\\/musu-meile-yra-musu-jega\\\/#breadcrumb\",\"itemListElement\":[{\"@type\":\"ListItem\",\"position\":1,\"name\":\"Home\",\"item\":\"https:\\\/\\\/skaitytaknyga.lt\\\/\"},{\"@type\":\"ListItem\",\"position\":2,\"name\":\"Parduotuv\u0117\",\"item\":\"https:\\\/\\\/skaitytaknyga.lt\\\/knygu-parduotuve\\\/\"},{\"@type\":\"ListItem\",\"position\":3,\"name\":\"M\u016bs\u0173 meil\u0117 yra m\u016bs\u0173 j\u0117ga\"}]},{\"@type\":\"WebSite\",\"@id\":\"https:\\\/\\\/skaitytaknyga.lt\\\/#website\",\"url\":\"https:\\\/\\\/skaitytaknyga.lt\\\/\",\"name\":\"skaitytaknyga.lt\",\"description\":\"Skaitytaknyga.lt \u2013 tai ma\u017eas \u0161eimos verslas, kuris prasid\u0117jo nuo meil\u0117s knygoms ir siekio i\u0161gelb\u0117ti knygas nuo likimo prie konteinerio. Kas vienam nereikalingas daiktas \u2013 kitam lobis, o mes esame tarpininkai, kurie padeda abiems tapti laimingesniems ???? \u017dinome kaip nelengva i\u0161gyventi ma\u017eiems verslams, tad nuo \u0161iol, \u010dia rasite ir kit\u0173, ma\u017e\u0173 \u0161eim\u0173 versl\u0173, rank\u0173 darbo, dovan\u0173 sau ir artimiesiems.\",\"publisher\":{\"@id\":\"https:\\\/\\\/skaitytaknyga.lt\\\/#organization\"},\"potentialAction\":[{\"@type\":\"SearchAction\",\"target\":{\"@type\":\"EntryPoint\",\"urlTemplate\":\"https:\\\/\\\/skaitytaknyga.lt\\\/?s={search_term_string}\"},\"query-input\":{\"@type\":\"PropertyValueSpecification\",\"valueRequired\":true,\"valueName\":\"search_term_string\"}}],\"inLanguage\":\"en-GB\"},{\"@type\":\"Organization\",\"@id\":\"https:\\\/\\\/skaitytaknyga.lt\\\/#organization\",\"name\":\"skaitytaknyga.lt\",\"url\":\"https:\\\/\\\/skaitytaknyga.lt\\\/\",\"logo\":{\"@type\":\"ImageObject\",\"inLanguage\":\"en-GB\",\"@id\":\"https:\\\/\\\/skaitytaknyga.lt\\\/#\\\/schema\\\/logo\\\/image\\\/\",\"url\":\"https:\\\/\\\/skaitytaknyga.lt\\\/wp-content\\\/uploads\\\/2024\\\/05\\\/cropped-cropped-cropped-02_00843_jt3bggkj1j3HLc7SyY6rEUpg.jpeg\",\"contentUrl\":\"https:\\\/\\\/skaitytaknyga.lt\\\/wp-content\\\/uploads\\\/2024\\\/05\\\/cropped-cropped-cropped-02_00843_jt3bggkj1j3HLc7SyY6rEUpg.jpeg\",\"width\":1600,\"height\":1600,\"caption\":\"skaitytaknyga.lt\"},\"image\":{\"@id\":\"https:\\\/\\\/skaitytaknyga.lt\\\/#\\\/schema\\\/logo\\\/image\\\/\"},\"sameAs\":[\"https:\\\/\\\/www.facebook.com\\\/skaitytaknyga\\\/\"]}]}<\/script>\n<!-- \/ Yoast SEO plugin. -->","yoast_head_json":{"title":"M\u016bs\u0173 meil\u0117 yra m\u016bs\u0173 j\u0117ga","description":"Knygoje \"M\u016bs\u0173 meil\u0117 yra m\u016bs\u0173 j\u0117ga\" amerikie\u010di\u0173 psichoterapeut\u0117 \u0160eron Makerlein (Sharon McErlane) toliau dalijasi dvasine patirtimi, kuri\u0105 ji sukaup\u0117","robots":{"index":"index","follow":"follow","max-snippet":"max-snippet:-1","max-image-preview":"max-image-preview:large","max-video-preview":"max-video-preview:-1"},"canonical":"https:\/\/skaitytaknyga.lt\/en\/produktas\/musu-meile-yra-musu-jega\/","og_locale":"en_GB","og_type":"article","og_title":"[:lt]M\u016bs\u0173 meil\u0117 yra m\u016bs\u0173 j\u0117ga[:] - Skaitytaknyga","og_description":"Knygoje \"M\u016bs\u0173 meil\u0117 yra m\u016bs\u0173 j\u0117ga\" amerikie\u010di\u0173 psichoterapeut\u0117 \u0160eron Makerlein (Sharon McErlane) toliau dalijasi dvasine patirtimi, kuri\u0105 ji sukaup\u0117","og_url":"https:\/\/skaitytaknyga.lt\/en\/produktas\/musu-meile-yra-musu-jega\/","og_site_name":"Skaitytaknyga","article_publisher":"https:\/\/www.facebook.com\/skaitytaknyga\/","article_modified_time":"2025-07-22T09:49:33+00:00","og_image":[{"width":526,"height":801,"url":"https:\/\/skaitytaknyga.lt\/wp-content\/uploads\/2025\/07\/Musu-meile-yra-musu-jega.webp","type":"image\/webp"}],"twitter_card":"summary_large_image","twitter_misc":{"Estimated reading time":"1 minute"},"schema":{"@context":"https:\/\/schema.org","@graph":[{"@type":"WebPage","@id":"https:\/\/skaitytaknyga.lt\/produktas\/musu-meile-yra-musu-jega\/","url":"https:\/\/skaitytaknyga.lt\/produktas\/musu-meile-yra-musu-jega\/","name":"M\u016bs\u0173 meil\u0117 yra m\u016bs\u0173 j\u0117ga","isPartOf":{"@id":"https:\/\/skaitytaknyga.lt\/#website"},"primaryImageOfPage":{"@id":"https:\/\/skaitytaknyga.lt\/produktas\/musu-meile-yra-musu-jega\/#primaryimage"},"image":{"@id":"https:\/\/skaitytaknyga.lt\/produktas\/musu-meile-yra-musu-jega\/#primaryimage"},"thumbnailUrl":"https:\/\/skaitytaknyga.lt\/wp-content\/uploads\/2025\/07\/Musu-meile-yra-musu-jega.webp","datePublished":"2025-07-11T17:31:52+00:00","dateModified":"2025-07-22T09:49:33+00:00","description":"Knygoje \"M\u016bs\u0173 meil\u0117 yra m\u016bs\u0173 j\u0117ga\" amerikie\u010di\u0173 psichoterapeut\u0117 \u0160eron Makerlein (Sharon McErlane) toliau dalijasi dvasine patirtimi, kuri\u0105 ji sukaup\u0117","breadcrumb":{"@id":"https:\/\/skaitytaknyga.lt\/produktas\/musu-meile-yra-musu-jega\/#breadcrumb"},"inLanguage":"en-GB","potentialAction":[{"@type":"ReadAction","target":["https:\/\/skaitytaknyga.lt\/produktas\/musu-meile-yra-musu-jega\/"]}]},{"@type":"ImageObject","inLanguage":"en-GB","@id":"https:\/\/skaitytaknyga.lt\/produktas\/musu-meile-yra-musu-jega\/#primaryimage","url":"https:\/\/skaitytaknyga.lt\/wp-content\/uploads\/2025\/07\/Musu-meile-yra-musu-jega.webp","contentUrl":"https:\/\/skaitytaknyga.lt\/wp-content\/uploads\/2025\/07\/Musu-meile-yra-musu-jega.webp","width":526,"height":801,"caption":"M\u016bs\u0173 meil\u0117 yra m\u016bs\u0173 j\u0117ga"},{"@type":"BreadcrumbList","@id":"https:\/\/skaitytaknyga.lt\/produktas\/musu-meile-yra-musu-jega\/#breadcrumb","itemListElement":[{"@type":"ListItem","position":1,"name":"Home","item":"https:\/\/skaitytaknyga.lt\/"},{"@type":"ListItem","position":2,"name":"Parduotuv\u0117","item":"https:\/\/skaitytaknyga.lt\/knygu-parduotuve\/"},{"@type":"ListItem","position":3,"name":"M\u016bs\u0173 meil\u0117 yra m\u016bs\u0173 j\u0117ga"}]},{"@type":"WebSite","@id":"https:\/\/skaitytaknyga.lt\/#website","url":"https:\/\/skaitytaknyga.lt\/","name":"skaitytaknyga.lt","description":"Skaitytaknyga.lt \u2013 tai ma\u017eas \u0161eimos verslas, kuris prasid\u0117jo nuo meil\u0117s knygoms ir siekio i\u0161gelb\u0117ti knygas nuo likimo prie konteinerio. Kas vienam nereikalingas daiktas \u2013 kitam lobis, o mes esame tarpininkai, kurie padeda abiems tapti laimingesniems ???? \u017dinome kaip nelengva i\u0161gyventi ma\u017eiems verslams, tad nuo \u0161iol, \u010dia rasite ir kit\u0173, ma\u017e\u0173 \u0161eim\u0173 versl\u0173, rank\u0173 darbo, dovan\u0173 sau ir artimiesiems.","publisher":{"@id":"https:\/\/skaitytaknyga.lt\/#organization"},"potentialAction":[{"@type":"SearchAction","target":{"@type":"EntryPoint","urlTemplate":"https:\/\/skaitytaknyga.lt\/?s={search_term_string}"},"query-input":{"@type":"PropertyValueSpecification","valueRequired":true,"valueName":"search_term_string"}}],"inLanguage":"en-GB"},{"@type":"Organization","@id":"https:\/\/skaitytaknyga.lt\/#organization","name":"skaitytaknyga.lt","url":"https:\/\/skaitytaknyga.lt\/","logo":{"@type":"ImageObject","inLanguage":"en-GB","@id":"https:\/\/skaitytaknyga.lt\/#\/schema\/logo\/image\/","url":"https:\/\/skaitytaknyga.lt\/wp-content\/uploads\/2024\/05\/cropped-cropped-cropped-02_00843_jt3bggkj1j3HLc7SyY6rEUpg.jpeg","contentUrl":"https:\/\/skaitytaknyga.lt\/wp-content\/uploads\/2024\/05\/cropped-cropped-cropped-02_00843_jt3bggkj1j3HLc7SyY6rEUpg.jpeg","width":1600,"height":1600,"caption":"skaitytaknyga.lt"},"image":{"@id":"https:\/\/skaitytaknyga.lt\/#\/schema\/logo\/image\/"},"sameAs":["https:\/\/www.facebook.com\/skaitytaknyga\/"]}]}},"_links":{"self":[{"href":"https:\/\/skaitytaknyga.lt\/en\/wp-json\/wp\/v2\/product\/19580","targetHints":{"allow":["GET"]}}],"collection":[{"href":"https:\/\/skaitytaknyga.lt\/en\/wp-json\/wp\/v2\/product"}],"about":[{"href":"https:\/\/skaitytaknyga.lt\/en\/wp-json\/wp\/v2\/types\/product"}],"replies":[{"embeddable":true,"href":"https:\/\/skaitytaknyga.lt\/en\/wp-json\/wp\/v2\/comments?post=19580"}],"wp:featuredmedia":[{"embeddable":true,"href":"https:\/\/skaitytaknyga.lt\/en\/wp-json\/wp\/v2\/media\/19585"}],"wp:attachment":[{"href":"https:\/\/skaitytaknyga.lt\/en\/wp-json\/wp\/v2\/media?parent=19580"}],"wp:term":[{"taxonomy":"product_brand","embeddable":true,"href":"https:\/\/skaitytaknyga.lt\/en\/wp-json\/wp\/v2\/product_brand?post=19580"},{"taxonomy":"product_cat","embeddable":true,"href":"https:\/\/skaitytaknyga.lt\/en\/wp-json\/wp\/v2\/product_cat?post=19580"},{"taxonomy":"product_tag","embeddable":true,"href":"https:\/\/skaitytaknyga.lt\/en\/wp-json\/wp\/v2\/product_tag?post=19580"}],"curies":[{"name":"wp","href":"https:\/\/api.w.org\/{rel}","templated":true}]}}