{"id":19579,"date":"2025-07-11T20:31:51","date_gmt":"2025-07-11T17:31:51","guid":{"rendered":"https:\/\/skaitytaknyga.lt\/?post_type=product&#038;p=19579"},"modified":"2025-07-22T12:49:33","modified_gmt":"2025-07-22T09:49:33","slug":"viskio-papludimys","status":"publish","type":"product","link":"https:\/\/skaitytaknyga.lt\/en\/produktas\/viskio-papludimys\/","title":{"rendered":"Viskio papl\u016bdimys"},"content":{"rendered":"<p>Daugiau nei tris \u0161imtme\u010dius Uolos namai st\u016bkso vir\u0161 Viskio Papl\u016bdimio. Vasar\u0105 supl\u016bstantiems turistams jie \u2014 tarsi kar\u016bnos brangakmenis stulbinamai gra\u017eiame miestelio gamtovaizdyje. Vietiniams gyventojams \u2014 tai garsus vietov\u0117s orientyras ir legenda, o Eliui Lendonui \u2014 gimtieji namai&#8230;<\/p>\n<p>Bostono advokatas Elis, apkaltintas \u017emonos, su kuria ketino skirtis, nu\u017eudymu, pastaruosius metus gyveno lydimas \u012fd\u0117maus visuomen\u0117s ir policijos \u017evilgsnio. Ir nors jo kalt\u0117s \u012frodym\u0173 nepakako, Elio reputacija ir gyvenimas buvo su\u017elugdyti. Jam reikia prieglobs\u010dio. Jam reikia Uolos nam\u0173.<\/p>\n<p>Kol Elio mylima senel\u0117 po pavojingos traumos sveiksta Bostone, Uolos namais r\u016bpinasi Abra Vol\u0161. Tai atvira\u0161ird\u0117 ir u\u017ejau\u010dianti jauna moteris, o jos ypatingos, kai kas pasakyt\u0173 \u2014 valdingos, globos nei\u0161vengia n\u0117 vienas, \u012fskaitant ir El\u012f.<\/p>\n<p>Lendonas ima vis labiau pasikliauti Abra, pama\u017eu pradeda pamir\u0161ti praeit\u012f ir pasiry\u017eta i\u0161siai\u0161kinti, kas nu\u017eud\u0117 jo \u017emon\u0105, bei atgauti savo ger\u0105 vard\u0105. Ta\u010diau daugyb\u0119 paslap\u010di\u0173 saugantys Uolos namai yra tarsi sirenos daina tam, kas pasiry\u017e\u0119s sunaikinti El\u012f ir pasiimti atlyg\u012f. El\u012f ir Abr\u0105 \u012ftrauks \u0161imtme\u010dio senumo gand\u0173 bei nepatvirtint\u0173 ties\u0173 tinklas, kuris gali nutempti juos \u012f audringus Viskio Papl\u016bdimio vandenis&#8230;<\/p>\n<p>Aistra ir pami\u0161imas, humoras ir nuo\u0161irdumas susilieja romane apie du \u017emones, atsiverian\u010dius tiesai ir vienas kitam.<\/p>\n","protected":false},"excerpt":{"rendered":"<p>Daugiau nei tris \u0161imtme\u010dius Uolos namai st\u016bkso vir\u0161 Viskio Papl\u016bdimio. Vasar\u0105 supl\u016bstantiems turistams jie \u2014 tarsi kar\u016bnos brangakmenis stulbinamai gra\u017eiame miestelio gamtovaizdyje. Vietiniams gyventojams \u2014 tai garsus vietov\u0117s orientyras ir legenda, o Eliui Lendonui \u2014 gimtieji namai&#8230; Bostono advokatas Elis, apkaltintas \u017emonos, su kuria ketino skirtis, nu\u017eudymu, pastaruosius metus gyveno lydimas \u012fd\u0117maus visuomen\u0117s ir policijos \u017evilgsnio. Ir nors jo kalt\u0117s \u012frodym\u0173 nepakako, Elio reputacija ir gyvenimas buvo su\u017elugdyti. Jam reikia prieglobs\u010dio. Jam reikia Uolos nam\u0173. Kol Elio mylima senel\u0117 po pavojingos traumos sveiksta Bostone, Uolos namais r\u016bpinasi Abra Vol\u0161. Tai atvira\u0161ird\u0117 ir u\u017ejau\u010dianti jauna moteris, o jos ypatingos, kai kas pasakyt\u0173 \u2014 valdingos, globos nei\u0161vengia n\u0117 vienas, \u012fskaitant ir El\u012f. Lendonas ima vis labiau pasikliauti Abra, pama\u017eu pradeda pamir\u0161ti praeit\u012f ir pasiry\u017eta i\u0161siai\u0161kinti, kas nu\u017eud\u0117 jo \u017emon\u0105, bei atgauti savo ger\u0105 vard\u0105. Ta\u010diau daugyb\u0119 paslap\u010di\u0173 saugantys Uolos namai yra tarsi sirenos daina tam, kas pasiry\u017e\u0119s sunaikinti El\u012f ir pasiimti atlyg\u012f. El\u012f ir Abr\u0105 \u012ftrauks \u0161imtme\u010dio senumo gand\u0173 bei nepatvirtint\u0173 ties\u0173 tinklas, kuris gali nutempti juos \u012f audringus Viskio Papl\u016bdimio vandenis&#8230; Aistra ir pami\u0161imas, humoras ir nuo\u0161irdumas susilieja romane apie du \u017emones, atsiverian\u010dius tiesai ir vienas kitam.<\/p>\n","protected":false},"featured_media":19584,"comment_status":"open","ping_status":"closed","template":"","meta":{"_acf_changed":false,"site-sidebar-layout":"default","site-content-layout":"","ast-site-content-layout":"default","site-content-style":"default","site-sidebar-style":"default","ast-global-header-display":"","ast-banner-title-visibility":"","ast-main-header-display":"","ast-hfb-above-header-display":"","ast-hfb-below-header-display":"","ast-hfb-mobile-header-display":"","site-post-title":"","ast-breadcrumbs-content":"","ast-featured-img":"","footer-sml-layout":"","ast-disable-related-posts":"","theme-transparent-header-meta":"","adv-header-id-meta":"","stick-header-meta":"","header-above-stick-meta":"","header-main-stick-meta":"","header-below-stick-meta":"","astra-migrate-meta-layouts":"default","ast-page-background-enabled":"default","ast-page-background-meta":{"desktop":{"background-color":"","background-image":"","background-repeat":"repeat","background-position":"center center","background-size":"auto","background-attachment":"scroll","background-type":"","background-media":"","overlay-type":"","overlay-color":"","overlay-opacity":"","overlay-gradient":""},"tablet":{"background-color":"","background-image":"","background-repeat":"repeat","background-position":"center center","background-size":"auto","background-attachment":"scroll","background-type":"","background-media":"","overlay-type":"","overlay-color":"","overlay-opacity":"","overlay-gradient":""},"mobile":{"background-color":"","background-image":"","background-repeat":"repeat","background-position":"center center","background-size":"auto","background-attachment":"scroll","background-type":"","background-media":"","overlay-type":"","overlay-color":"","overlay-opacity":"","overlay-gradient":""}},"ast-content-background-meta":{"desktop":{"background-color":"var(--ast-global-color-4)","background-image":"","background-repeat":"repeat","background-position":"center center","background-size":"auto","background-attachment":"scroll","background-type":"","background-media":"","overlay-type":"","overlay-color":"","overlay-opacity":"","overlay-gradient":""},"tablet":{"background-color":"var(--ast-global-color-4)","background-image":"","background-repeat":"repeat","background-position":"center center","background-size":"auto","background-attachment":"scroll","background-type":"","background-media":"","overlay-type":"","overlay-color":"","overlay-opacity":"","overlay-gradient":""},"mobile":{"background-color":"var(--ast-global-color-4)","background-image":"","background-repeat":"repeat","background-position":"center center","background-size":"auto","background-attachment":"scroll","background-type":"","background-media":"","overlay-type":"","overlay-color":"","overlay-opacity":"","overlay-gradient":""}}},"product_brand":[],"product_cat":[31],"product_tag":[2014,3060,2088,1587,6453],"class_list":{"0":"post-19579","1":"product","2":"type-product","3":"status-publish","4":"has-post-thumbnail","6":"product_cat-grozine-literatura","7":"product_tag-meiles-romanas","8":"product_tag-nora-roberts","9":"product_tag-seimos-paslaptys","10":"product_tag-trileris","11":"product_tag-viskio-papludimys","12":"desktop-align-left","13":"tablet-align-left","14":"mobile-align-left","16":"first","17":"instock","18":"shipping-taxable","19":"purchasable","20":"product-type-simple"},"acf":[],"yoast_head":"<!-- This site is optimized with the Yoast SEO plugin v27.4 - https:\/\/yoast.com\/product\/yoast-seo-wordpress\/ -->\n<title>Viskio papl\u016bdimys<\/title>\n<meta name=\"description\" content=\"Daugiau nei tris \u0161imtme\u010dius Uolos namai st\u016bkso vir\u0161 Viskio Papl\u016bdimio. Vasar\u0105 supl\u016bstantiems turistams jie \u2014 tarsi kar\u016bnos brangakmenis stulbinamai\" \/>\n<meta name=\"robots\" content=\"index, follow, max-snippet:-1, max-image-preview:large, max-video-preview:-1\" \/>\n<link rel=\"canonical\" href=\"https:\/\/skaitytaknyga.lt\/en\/produktas\/viskio-papludimys\/\" \/>\n<meta property=\"og:locale\" content=\"en_GB\" \/>\n<meta property=\"og:locale:alternate\" content=\"lt_LT\" \/>\n<meta property=\"og:type\" content=\"article\" \/>\n<meta property=\"og:title\" content=\"Viskio papl\u016bdimys\" \/>\n<meta property=\"og:description\" content=\"Daugiau nei tris \u0161imtme\u010dius Uolos namai st\u016bkso vir\u0161 Viskio Papl\u016bdimio. Vasar\u0105 supl\u016bstantiems turistams jie \u2014 tarsi kar\u016bnos brangakmenis stulbinamai\" \/>\n<meta property=\"og:url\" content=\"https:\/\/skaitytaknyga.lt\/en\/produktas\/viskio-papludimys\/\" \/>\n<meta property=\"og:site_name\" content=\"Skaitytaknyga\" \/>\n<meta property=\"article:publisher\" content=\"https:\/\/www.facebook.com\/skaitytaknyga\/\" \/>\n<meta property=\"article:modified_time\" content=\"2025-07-22T09:49:33+00:00\" \/>\n<meta property=\"og:image\" content=\"https:\/\/skaitytaknyga.lt\/wp-content\/uploads\/2025\/07\/Viskio-papludimys.webp\" \/>\n\t<meta property=\"og:image:width\" content=\"530\" \/>\n\t<meta property=\"og:image:height\" content=\"800\" \/>\n\t<meta property=\"og:image:type\" content=\"image\/webp\" \/>\n<meta name=\"twitter:card\" content=\"summary_large_image\" \/>\n<meta name=\"twitter:label1\" content=\"Estimated reading time\" \/>\n\t<meta name=\"twitter:data1\" content=\"1 minute\" \/>\n<script type=\"application\/ld+json\" class=\"yoast-schema-graph\">{\"@context\":\"https:\\\/\\\/schema.org\",\"@graph\":[{\"@type\":\"WebPage\",\"@id\":\"https:\\\/\\\/skaitytaknyga.lt\\\/produktas\\\/viskio-papludimys\\\/\",\"url\":\"https:\\\/\\\/skaitytaknyga.lt\\\/produktas\\\/viskio-papludimys\\\/\",\"name\":\"Viskio papl\u016bdimys\",\"isPartOf\":{\"@id\":\"https:\\\/\\\/skaitytaknyga.lt\\\/#website\"},\"primaryImageOfPage\":{\"@id\":\"https:\\\/\\\/skaitytaknyga.lt\\\/produktas\\\/viskio-papludimys\\\/#primaryimage\"},\"image\":{\"@id\":\"https:\\\/\\\/skaitytaknyga.lt\\\/produktas\\\/viskio-papludimys\\\/#primaryimage\"},\"thumbnailUrl\":\"https:\\\/\\\/skaitytaknyga.lt\\\/wp-content\\\/uploads\\\/2025\\\/07\\\/Viskio-papludimys.webp\",\"datePublished\":\"2025-07-11T17:31:51+00:00\",\"dateModified\":\"2025-07-22T09:49:33+00:00\",\"description\":\"Daugiau nei tris \u0161imtme\u010dius Uolos namai st\u016bkso vir\u0161 Viskio Papl\u016bdimio. Vasar\u0105 supl\u016bstantiems turistams jie \u2014 tarsi kar\u016bnos brangakmenis stulbinamai\",\"breadcrumb\":{\"@id\":\"https:\\\/\\\/skaitytaknyga.lt\\\/produktas\\\/viskio-papludimys\\\/#breadcrumb\"},\"inLanguage\":\"en-GB\",\"potentialAction\":[{\"@type\":\"ReadAction\",\"target\":[\"https:\\\/\\\/skaitytaknyga.lt\\\/produktas\\\/viskio-papludimys\\\/\"]}]},{\"@type\":\"ImageObject\",\"inLanguage\":\"en-GB\",\"@id\":\"https:\\\/\\\/skaitytaknyga.lt\\\/produktas\\\/viskio-papludimys\\\/#primaryimage\",\"url\":\"https:\\\/\\\/skaitytaknyga.lt\\\/wp-content\\\/uploads\\\/2025\\\/07\\\/Viskio-papludimys.webp\",\"contentUrl\":\"https:\\\/\\\/skaitytaknyga.lt\\\/wp-content\\\/uploads\\\/2025\\\/07\\\/Viskio-papludimys.webp\",\"width\":530,\"height\":800},{\"@type\":\"BreadcrumbList\",\"@id\":\"https:\\\/\\\/skaitytaknyga.lt\\\/produktas\\\/viskio-papludimys\\\/#breadcrumb\",\"itemListElement\":[{\"@type\":\"ListItem\",\"position\":1,\"name\":\"Home\",\"item\":\"https:\\\/\\\/skaitytaknyga.lt\\\/\"},{\"@type\":\"ListItem\",\"position\":2,\"name\":\"Parduotuv\u0117\",\"item\":\"https:\\\/\\\/skaitytaknyga.lt\\\/knygu-parduotuve\\\/\"},{\"@type\":\"ListItem\",\"position\":3,\"name\":\"Viskio papl\u016bdimys\"}]},{\"@type\":\"WebSite\",\"@id\":\"https:\\\/\\\/skaitytaknyga.lt\\\/#website\",\"url\":\"https:\\\/\\\/skaitytaknyga.lt\\\/\",\"name\":\"skaitytaknyga.lt\",\"description\":\"Skaitytaknyga.lt \u2013 tai ma\u017eas \u0161eimos verslas, kuris prasid\u0117jo nuo meil\u0117s knygoms ir siekio i\u0161gelb\u0117ti knygas nuo likimo prie konteinerio. Kas vienam nereikalingas daiktas \u2013 kitam lobis, o mes esame tarpininkai, kurie padeda abiems tapti laimingesniems ???? \u017dinome kaip nelengva i\u0161gyventi ma\u017eiems verslams, tad nuo \u0161iol, \u010dia rasite ir kit\u0173, ma\u017e\u0173 \u0161eim\u0173 versl\u0173, rank\u0173 darbo, dovan\u0173 sau ir artimiesiems.\",\"publisher\":{\"@id\":\"https:\\\/\\\/skaitytaknyga.lt\\\/#organization\"},\"potentialAction\":[{\"@type\":\"SearchAction\",\"target\":{\"@type\":\"EntryPoint\",\"urlTemplate\":\"https:\\\/\\\/skaitytaknyga.lt\\\/?s={search_term_string}\"},\"query-input\":{\"@type\":\"PropertyValueSpecification\",\"valueRequired\":true,\"valueName\":\"search_term_string\"}}],\"inLanguage\":\"en-GB\"},{\"@type\":\"Organization\",\"@id\":\"https:\\\/\\\/skaitytaknyga.lt\\\/#organization\",\"name\":\"skaitytaknyga.lt\",\"url\":\"https:\\\/\\\/skaitytaknyga.lt\\\/\",\"logo\":{\"@type\":\"ImageObject\",\"inLanguage\":\"en-GB\",\"@id\":\"https:\\\/\\\/skaitytaknyga.lt\\\/#\\\/schema\\\/logo\\\/image\\\/\",\"url\":\"https:\\\/\\\/skaitytaknyga.lt\\\/wp-content\\\/uploads\\\/2024\\\/05\\\/cropped-cropped-cropped-02_00843_jt3bggkj1j3HLc7SyY6rEUpg.jpeg\",\"contentUrl\":\"https:\\\/\\\/skaitytaknyga.lt\\\/wp-content\\\/uploads\\\/2024\\\/05\\\/cropped-cropped-cropped-02_00843_jt3bggkj1j3HLc7SyY6rEUpg.jpeg\",\"width\":1600,\"height\":1600,\"caption\":\"skaitytaknyga.lt\"},\"image\":{\"@id\":\"https:\\\/\\\/skaitytaknyga.lt\\\/#\\\/schema\\\/logo\\\/image\\\/\"},\"sameAs\":[\"https:\\\/\\\/www.facebook.com\\\/skaitytaknyga\\\/\"]}]}<\/script>\n<!-- \/ Yoast SEO plugin. -->","yoast_head_json":{"title":"Viskio papl\u016bdimys","description":"Daugiau nei tris \u0161imtme\u010dius Uolos namai st\u016bkso vir\u0161 Viskio Papl\u016bdimio. Vasar\u0105 supl\u016bstantiems turistams jie \u2014 tarsi kar\u016bnos brangakmenis stulbinamai","robots":{"index":"index","follow":"follow","max-snippet":"max-snippet:-1","max-image-preview":"max-image-preview:large","max-video-preview":"max-video-preview:-1"},"canonical":"https:\/\/skaitytaknyga.lt\/en\/produktas\/viskio-papludimys\/","og_locale":"en_GB","og_type":"article","og_title":"[:lt]Viskio papl\u016bdimys[:] - Skaitytaknyga","og_description":"Daugiau nei tris \u0161imtme\u010dius Uolos namai st\u016bkso vir\u0161 Viskio Papl\u016bdimio. Vasar\u0105 supl\u016bstantiems turistams jie \u2014 tarsi kar\u016bnos brangakmenis stulbinamai","og_url":"https:\/\/skaitytaknyga.lt\/en\/produktas\/viskio-papludimys\/","og_site_name":"Skaitytaknyga","article_publisher":"https:\/\/www.facebook.com\/skaitytaknyga\/","article_modified_time":"2025-07-22T09:49:33+00:00","og_image":[{"width":530,"height":800,"url":"https:\/\/skaitytaknyga.lt\/wp-content\/uploads\/2025\/07\/Viskio-papludimys.webp","type":"image\/webp"}],"twitter_card":"summary_large_image","twitter_misc":{"Estimated reading time":"1 minute"},"schema":{"@context":"https:\/\/schema.org","@graph":[{"@type":"WebPage","@id":"https:\/\/skaitytaknyga.lt\/produktas\/viskio-papludimys\/","url":"https:\/\/skaitytaknyga.lt\/produktas\/viskio-papludimys\/","name":"Viskio papl\u016bdimys","isPartOf":{"@id":"https:\/\/skaitytaknyga.lt\/#website"},"primaryImageOfPage":{"@id":"https:\/\/skaitytaknyga.lt\/produktas\/viskio-papludimys\/#primaryimage"},"image":{"@id":"https:\/\/skaitytaknyga.lt\/produktas\/viskio-papludimys\/#primaryimage"},"thumbnailUrl":"https:\/\/skaitytaknyga.lt\/wp-content\/uploads\/2025\/07\/Viskio-papludimys.webp","datePublished":"2025-07-11T17:31:51+00:00","dateModified":"2025-07-22T09:49:33+00:00","description":"Daugiau nei tris \u0161imtme\u010dius Uolos namai st\u016bkso vir\u0161 Viskio Papl\u016bdimio. Vasar\u0105 supl\u016bstantiems turistams jie \u2014 tarsi kar\u016bnos brangakmenis stulbinamai","breadcrumb":{"@id":"https:\/\/skaitytaknyga.lt\/produktas\/viskio-papludimys\/#breadcrumb"},"inLanguage":"en-GB","potentialAction":[{"@type":"ReadAction","target":["https:\/\/skaitytaknyga.lt\/produktas\/viskio-papludimys\/"]}]},{"@type":"ImageObject","inLanguage":"en-GB","@id":"https:\/\/skaitytaknyga.lt\/produktas\/viskio-papludimys\/#primaryimage","url":"https:\/\/skaitytaknyga.lt\/wp-content\/uploads\/2025\/07\/Viskio-papludimys.webp","contentUrl":"https:\/\/skaitytaknyga.lt\/wp-content\/uploads\/2025\/07\/Viskio-papludimys.webp","width":530,"height":800},{"@type":"BreadcrumbList","@id":"https:\/\/skaitytaknyga.lt\/produktas\/viskio-papludimys\/#breadcrumb","itemListElement":[{"@type":"ListItem","position":1,"name":"Home","item":"https:\/\/skaitytaknyga.lt\/"},{"@type":"ListItem","position":2,"name":"Parduotuv\u0117","item":"https:\/\/skaitytaknyga.lt\/knygu-parduotuve\/"},{"@type":"ListItem","position":3,"name":"Viskio papl\u016bdimys"}]},{"@type":"WebSite","@id":"https:\/\/skaitytaknyga.lt\/#website","url":"https:\/\/skaitytaknyga.lt\/","name":"skaitytaknyga.lt","description":"Skaitytaknyga.lt \u2013 tai ma\u017eas \u0161eimos verslas, kuris prasid\u0117jo nuo meil\u0117s knygoms ir siekio i\u0161gelb\u0117ti knygas nuo likimo prie konteinerio. Kas vienam nereikalingas daiktas \u2013 kitam lobis, o mes esame tarpininkai, kurie padeda abiems tapti laimingesniems ???? \u017dinome kaip nelengva i\u0161gyventi ma\u017eiems verslams, tad nuo \u0161iol, \u010dia rasite ir kit\u0173, ma\u017e\u0173 \u0161eim\u0173 versl\u0173, rank\u0173 darbo, dovan\u0173 sau ir artimiesiems.","publisher":{"@id":"https:\/\/skaitytaknyga.lt\/#organization"},"potentialAction":[{"@type":"SearchAction","target":{"@type":"EntryPoint","urlTemplate":"https:\/\/skaitytaknyga.lt\/?s={search_term_string}"},"query-input":{"@type":"PropertyValueSpecification","valueRequired":true,"valueName":"search_term_string"}}],"inLanguage":"en-GB"},{"@type":"Organization","@id":"https:\/\/skaitytaknyga.lt\/#organization","name":"skaitytaknyga.lt","url":"https:\/\/skaitytaknyga.lt\/","logo":{"@type":"ImageObject","inLanguage":"en-GB","@id":"https:\/\/skaitytaknyga.lt\/#\/schema\/logo\/image\/","url":"https:\/\/skaitytaknyga.lt\/wp-content\/uploads\/2024\/05\/cropped-cropped-cropped-02_00843_jt3bggkj1j3HLc7SyY6rEUpg.jpeg","contentUrl":"https:\/\/skaitytaknyga.lt\/wp-content\/uploads\/2024\/05\/cropped-cropped-cropped-02_00843_jt3bggkj1j3HLc7SyY6rEUpg.jpeg","width":1600,"height":1600,"caption":"skaitytaknyga.lt"},"image":{"@id":"https:\/\/skaitytaknyga.lt\/#\/schema\/logo\/image\/"},"sameAs":["https:\/\/www.facebook.com\/skaitytaknyga\/"]}]}},"_links":{"self":[{"href":"https:\/\/skaitytaknyga.lt\/en\/wp-json\/wp\/v2\/product\/19579","targetHints":{"allow":["GET"]}}],"collection":[{"href":"https:\/\/skaitytaknyga.lt\/en\/wp-json\/wp\/v2\/product"}],"about":[{"href":"https:\/\/skaitytaknyga.lt\/en\/wp-json\/wp\/v2\/types\/product"}],"replies":[{"embeddable":true,"href":"https:\/\/skaitytaknyga.lt\/en\/wp-json\/wp\/v2\/comments?post=19579"}],"wp:featuredmedia":[{"embeddable":true,"href":"https:\/\/skaitytaknyga.lt\/en\/wp-json\/wp\/v2\/media\/19584"}],"wp:attachment":[{"href":"https:\/\/skaitytaknyga.lt\/en\/wp-json\/wp\/v2\/media?parent=19579"}],"wp:term":[{"taxonomy":"product_brand","embeddable":true,"href":"https:\/\/skaitytaknyga.lt\/en\/wp-json\/wp\/v2\/product_brand?post=19579"},{"taxonomy":"product_cat","embeddable":true,"href":"https:\/\/skaitytaknyga.lt\/en\/wp-json\/wp\/v2\/product_cat?post=19579"},{"taxonomy":"product_tag","embeddable":true,"href":"https:\/\/skaitytaknyga.lt\/en\/wp-json\/wp\/v2\/product_tag?post=19579"}],"curies":[{"name":"wp","href":"https:\/\/api.w.org\/{rel}","templated":true}]}}