{"id":19571,"date":"2025-07-11T20:15:20","date_gmt":"2025-07-11T17:15:20","guid":{"rendered":"https:\/\/skaitytaknyga.lt\/?post_type=product&#038;p=19571"},"modified":"2025-07-22T12:49:33","modified_gmt":"2025-07-22T09:49:33","slug":"ekologinis-darzas-balkone","status":"publish","type":"product","link":"https:\/\/skaitytaknyga.lt\/en\/produktas\/ekologinis-darzas-balkone\/","title":{"rendered":"Ekologinis dar\u017eas balkone"},"content":{"rendered":"<p>Tam, kad gal\u0117tum\u0117te u\u017esiauginti dar\u017eovi\u0173, neb\u016btina tur\u0117ti dar\u017eo.<br \/>\nJeigu turite balkon\u0105, ten tikrai tilps keli vazonai ir d\u0117\u017eut\u0117s, kurie vis\u0105 vasar\u0105 jus apr\u016bpins \u0161vie\u017eiomis dar\u017eov\u0117mis ir prieskonin\u0117mis \u017eolel\u0117mis. Taikydami ekologin\u0117s dar\u017eininkyst\u0117s metodus, j\u016bs tur\u0117site sveik\u0173, skani\u0173 ir vitamining\u0173 produkt\u0173!\u012e k\u0105 reikia atkreipti d\u0117mes\u012f:<\/p>\n<p>\u012e balkono orientacij\u0105 saul\u0117s at\u017evilgiu. Netiks \u0161iaurinis balkonas.<br \/>\n\u012e pasirenkamas augal\u0173 veisles: geriau rinktis specialiai induose auginti pritaikytas veisles, nes jos grei\u010diau u\u017eauga ir smarkiai nesi\u0161aknija.<br \/>\n\u012e dr\u0117kinimo u\u017etikrinim\u0105, nes \u017eem\u0117 induose grei\u010diau i\u0161d\u017ei\u016bsta.<br \/>\n\u012e tinkamas tr\u0105\u0161as, kad dar\u017eov\u0117s ir prieskonin\u0117s \u017eol\u0117s b\u016bt\u0173 ekologi\u0161kos.<br \/>\n\u012e lig\u0173 ir kenk\u0117j\u0173, kurie gali niekais paversti vis\u0105 tri\u016bs\u0105, prevencij\u0105.<\/p>\n<p>Keli\u0173 kvadrat\u0173 balkone galima auginti:<\/p>\n<p>Bakla\u017eanus, bazilikus, lai\u0161kinius \u010desnakus, agurkus aguro\u010dius, peletr\u016bnus, \u017eemuoges, raudon\u017eiedes pupeles, s\u0117jam\u0105sias salotas, lauramed\u012f, melisas, m\u0117tas, raudon\u0117lius r\u016bg\u0161tynes, petra\u017eoles, paprikas, ridik\u0117lius, rozmarinus, da\u0161ius, \u0161alavijus, \u010diobrelius, pomidorus.<\/p>\n","protected":false},"excerpt":{"rendered":"<p>Tam, kad gal\u0117tum\u0117te u\u017esiauginti dar\u017eovi\u0173, neb\u016btina tur\u0117ti dar\u017eo. Jeigu turite balkon\u0105, ten tikrai tilps keli vazonai ir d\u0117\u017eut\u0117s, kurie vis\u0105 vasar\u0105 jus apr\u016bpins \u0161vie\u017eiomis dar\u017eov\u0117mis ir prieskonin\u0117mis \u017eolel\u0117mis. Taikydami ekologin\u0117s dar\u017eininkyst\u0117s metodus, j\u016bs tur\u0117site sveik\u0173, skani\u0173 ir vitamining\u0173 produkt\u0173!\u012e k\u0105 reikia atkreipti d\u0117mes\u012f: \u012e balkono orientacij\u0105 saul\u0117s at\u017evilgiu. Netiks \u0161iaurinis balkonas. \u012e pasirenkamas augal\u0173 veisles: geriau rinktis specialiai induose auginti pritaikytas veisles, nes jos grei\u010diau u\u017eauga ir smarkiai nesi\u0161aknija. \u012e dr\u0117kinimo u\u017etikrinim\u0105, nes \u017eem\u0117 induose grei\u010diau i\u0161d\u017ei\u016bsta. \u012e tinkamas tr\u0105\u0161as, kad dar\u017eov\u0117s ir prieskonin\u0117s \u017eol\u0117s b\u016bt\u0173 ekologi\u0161kos. \u012e lig\u0173 ir kenk\u0117j\u0173, kurie gali niekais paversti vis\u0105 tri\u016bs\u0105, prevencij\u0105. Keli\u0173 kvadrat\u0173 balkone galima auginti: Bakla\u017eanus, bazilikus, lai\u0161kinius \u010desnakus, agurkus aguro\u010dius, peletr\u016bnus, \u017eemuoges, raudon\u017eiedes pupeles, s\u0117jam\u0105sias salotas, lauramed\u012f, melisas, m\u0117tas, raudon\u0117lius r\u016bg\u0161tynes, petra\u017eoles, paprikas, ridik\u0117lius, rozmarinus, da\u0161ius, \u0161alavijus, \u010diobrelius, pomidorus.<\/p>\n","protected":false},"featured_media":19576,"comment_status":"open","ping_status":"closed","template":"","meta":{"_acf_changed":false,"site-sidebar-layout":"default","site-content-layout":"","ast-site-content-layout":"default","site-content-style":"default","site-sidebar-style":"default","ast-global-header-display":"","ast-banner-title-visibility":"","ast-main-header-display":"","ast-hfb-above-header-display":"","ast-hfb-below-header-display":"","ast-hfb-mobile-header-display":"","site-post-title":"","ast-breadcrumbs-content":"","ast-featured-img":"","footer-sml-layout":"","ast-disable-related-posts":"","theme-transparent-header-meta":"","adv-header-id-meta":"","stick-header-meta":"","header-above-stick-meta":"","header-main-stick-meta":"","header-below-stick-meta":"","astra-migrate-meta-layouts":"default","ast-page-background-enabled":"default","ast-page-background-meta":{"desktop":{"background-color":"","background-image":"","background-repeat":"repeat","background-position":"center center","background-size":"auto","background-attachment":"scroll","background-type":"","background-media":"","overlay-type":"","overlay-color":"","overlay-opacity":"","overlay-gradient":""},"tablet":{"background-color":"","background-image":"","background-repeat":"repeat","background-position":"center center","background-size":"auto","background-attachment":"scroll","background-type":"","background-media":"","overlay-type":"","overlay-color":"","overlay-opacity":"","overlay-gradient":""},"mobile":{"background-color":"","background-image":"","background-repeat":"repeat","background-position":"center center","background-size":"auto","background-attachment":"scroll","background-type":"","background-media":"","overlay-type":"","overlay-color":"","overlay-opacity":"","overlay-gradient":""}},"ast-content-background-meta":{"desktop":{"background-color":"var(--ast-global-color-4)","background-image":"","background-repeat":"repeat","background-position":"center center","background-size":"auto","background-attachment":"scroll","background-type":"","background-media":"","overlay-type":"","overlay-color":"","overlay-opacity":"","overlay-gradient":""},"tablet":{"background-color":"var(--ast-global-color-4)","background-image":"","background-repeat":"repeat","background-position":"center center","background-size":"auto","background-attachment":"scroll","background-type":"","background-media":"","overlay-type":"","overlay-color":"","overlay-opacity":"","overlay-gradient":""},"mobile":{"background-color":"var(--ast-global-color-4)","background-image":"","background-repeat":"repeat","background-position":"center center","background-size":"auto","background-attachment":"scroll","background-type":"","background-media":"","overlay-type":"","overlay-color":"","overlay-opacity":"","overlay-gradient":""}}},"product_brand":[],"product_cat":[15],"product_tag":[2552,6448,6447,3803,6450,6449],"class_list":{"0":"post-19571","1":"product","2":"type-product","3":"status-publish","4":"has-post-thumbnail","6":"product_cat-uncategorized","7":"product_tag-augalai","8":"product_tag-balkonas","9":"product_tag-darzininkyste","10":"product_tag-ekologija","11":"product_tag-ekologinis-gyvenimo-budas","12":"product_tag-odile-koenig","13":"desktop-align-left","14":"tablet-align-left","15":"mobile-align-left","17":"first","18":"instock","19":"shipping-taxable","20":"purchasable","21":"product-type-simple"},"acf":[],"yoast_head":"<!-- This site is optimized with the Yoast SEO plugin v27.0 - https:\/\/yoast.com\/product\/yoast-seo-wordpress\/ -->\n<title>Ekologinis dar\u017eas balkone<\/title>\n<meta name=\"description\" content=\"Tam, kad gal\u0117tum\u0117te u\u017esiauginti dar\u017eovi\u0173, neb\u016btina tur\u0117ti dar\u017eo. Jeigu turite balkon\u0105, ten tikrai tilps keli vazonai ir d\u0117\u017eut\u0117s, kurie vis\u0105 vasar\u0105 jus\" \/>\n<meta name=\"robots\" content=\"index, follow, max-snippet:-1, max-image-preview:large, max-video-preview:-1\" \/>\n<link rel=\"canonical\" href=\"https:\/\/skaitytaknyga.lt\/en\/produktas\/ekologinis-darzas-balkone\/\" \/>\n<meta property=\"og:locale\" content=\"en_GB\" \/>\n<meta property=\"og:locale:alternate\" content=\"lt_LT\" \/>\n<meta property=\"og:type\" content=\"article\" \/>\n<meta property=\"og:title\" content=\"Ekologinis dar\u017eas balkone\" \/>\n<meta property=\"og:description\" content=\"Tam, kad gal\u0117tum\u0117te u\u017esiauginti dar\u017eovi\u0173, neb\u016btina tur\u0117ti dar\u017eo. Jeigu turite balkon\u0105, ten tikrai tilps keli vazonai ir d\u0117\u017eut\u0117s, kurie vis\u0105 vasar\u0105 jus\" \/>\n<meta property=\"og:url\" content=\"https:\/\/skaitytaknyga.lt\/en\/produktas\/ekologinis-darzas-balkone\/\" \/>\n<meta property=\"og:site_name\" content=\"Skaitytaknyga\" \/>\n<meta property=\"article:publisher\" content=\"https:\/\/www.facebook.com\/skaitytaknyga\/\" \/>\n<meta property=\"article:modified_time\" content=\"2025-07-22T09:49:33+00:00\" \/>\n<meta property=\"og:image\" content=\"https:\/\/skaitytaknyga.lt\/wp-content\/uploads\/2025\/07\/Ekologinis-darzas-balkone.jpg\" \/>\n\t<meta property=\"og:image:width\" content=\"361\" \/>\n\t<meta property=\"og:image:height\" content=\"450\" \/>\n\t<meta property=\"og:image:type\" content=\"image\/jpeg\" \/>\n<meta name=\"twitter:card\" content=\"summary_large_image\" \/>\n<meta name=\"twitter:label1\" content=\"Estimated reading time\" \/>\n\t<meta name=\"twitter:data1\" content=\"1 minute\" \/>\n<script type=\"application\/ld+json\" class=\"yoast-schema-graph\">{\"@context\":\"https:\/\/schema.org\",\"@graph\":[{\"@type\":\"WebPage\",\"@id\":\"https:\/\/skaitytaknyga.lt\/produktas\/ekologinis-darzas-balkone\/\",\"url\":\"https:\/\/skaitytaknyga.lt\/produktas\/ekologinis-darzas-balkone\/\",\"name\":\"Ekologinis dar\u017eas balkone\",\"isPartOf\":{\"@id\":\"https:\/\/skaitytaknyga.lt\/#website\"},\"primaryImageOfPage\":{\"@id\":\"https:\/\/skaitytaknyga.lt\/produktas\/ekologinis-darzas-balkone\/#primaryimage\"},\"image\":{\"@id\":\"https:\/\/skaitytaknyga.lt\/produktas\/ekologinis-darzas-balkone\/#primaryimage\"},\"thumbnailUrl\":\"https:\/\/skaitytaknyga.lt\/wp-content\/uploads\/2025\/07\/Ekologinis-darzas-balkone.jpg\",\"datePublished\":\"2025-07-11T17:15:20+00:00\",\"dateModified\":\"2025-07-22T09:49:33+00:00\",\"description\":\"Tam, kad gal\u0117tum\u0117te u\u017esiauginti dar\u017eovi\u0173, neb\u016btina tur\u0117ti dar\u017eo. Jeigu turite balkon\u0105, ten tikrai tilps keli vazonai ir d\u0117\u017eut\u0117s, kurie vis\u0105 vasar\u0105 jus\",\"breadcrumb\":{\"@id\":\"https:\/\/skaitytaknyga.lt\/produktas\/ekologinis-darzas-balkone\/#breadcrumb\"},\"inLanguage\":\"en-GB\",\"potentialAction\":[{\"@type\":\"ReadAction\",\"target\":[\"https:\/\/skaitytaknyga.lt\/produktas\/ekologinis-darzas-balkone\/\"]}]},{\"@type\":\"ImageObject\",\"inLanguage\":\"en-GB\",\"@id\":\"https:\/\/skaitytaknyga.lt\/produktas\/ekologinis-darzas-balkone\/#primaryimage\",\"url\":\"https:\/\/skaitytaknyga.lt\/wp-content\/uploads\/2025\/07\/Ekologinis-darzas-balkone.jpg\",\"contentUrl\":\"https:\/\/skaitytaknyga.lt\/wp-content\/uploads\/2025\/07\/Ekologinis-darzas-balkone.jpg\",\"width\":361,\"height\":450},{\"@type\":\"BreadcrumbList\",\"@id\":\"https:\/\/skaitytaknyga.lt\/produktas\/ekologinis-darzas-balkone\/#breadcrumb\",\"itemListElement\":[{\"@type\":\"ListItem\",\"position\":1,\"name\":\"Home\",\"item\":\"https:\/\/skaitytaknyga.lt\/\"},{\"@type\":\"ListItem\",\"position\":2,\"name\":\"Parduotuv\u0117\",\"item\":\"https:\/\/skaitytaknyga.lt\/knygu-parduotuve\/\"},{\"@type\":\"ListItem\",\"position\":3,\"name\":\"Ekologinis dar\u017eas balkone\"}]},{\"@type\":\"WebSite\",\"@id\":\"https:\/\/skaitytaknyga.lt\/#website\",\"url\":\"https:\/\/skaitytaknyga.lt\/\",\"name\":\"skaitytaknyga.lt\",\"description\":\"Skaitytaknyga.lt \u2013 tai ma\u017eas \u0161eimos verslas, kuris prasid\u0117jo nuo meil\u0117s knygoms ir siekio i\u0161gelb\u0117ti knygas nuo likimo prie konteinerio. Kas vienam nereikalingas daiktas \u2013 kitam lobis, o mes esame tarpininkai, kurie padeda abiems tapti laimingesniems ???? \u017dinome kaip nelengva i\u0161gyventi ma\u017eiems verslams, tad nuo \u0161iol, \u010dia rasite ir kit\u0173, ma\u017e\u0173 \u0161eim\u0173 versl\u0173, rank\u0173 darbo, dovan\u0173 sau ir artimiesiems.\",\"publisher\":{\"@id\":\"https:\/\/skaitytaknyga.lt\/#organization\"},\"potentialAction\":[{\"@type\":\"SearchAction\",\"target\":{\"@type\":\"EntryPoint\",\"urlTemplate\":\"https:\/\/skaitytaknyga.lt\/?s={search_term_string}\"},\"query-input\":{\"@type\":\"PropertyValueSpecification\",\"valueRequired\":true,\"valueName\":\"search_term_string\"}}],\"inLanguage\":\"en-GB\"},{\"@type\":\"Organization\",\"@id\":\"https:\/\/skaitytaknyga.lt\/#organization\",\"name\":\"skaitytaknyga.lt\",\"url\":\"https:\/\/skaitytaknyga.lt\/\",\"logo\":{\"@type\":\"ImageObject\",\"inLanguage\":\"en-GB\",\"@id\":\"https:\/\/skaitytaknyga.lt\/#\/schema\/logo\/image\/\",\"url\":\"https:\/\/skaitytaknyga.lt\/wp-content\/uploads\/2024\/05\/cropped-cropped-cropped-02_00843_jt3bggkj1j3HLc7SyY6rEUpg.jpeg\",\"contentUrl\":\"https:\/\/skaitytaknyga.lt\/wp-content\/uploads\/2024\/05\/cropped-cropped-cropped-02_00843_jt3bggkj1j3HLc7SyY6rEUpg.jpeg\",\"width\":1600,\"height\":1600,\"caption\":\"skaitytaknyga.lt\"},\"image\":{\"@id\":\"https:\/\/skaitytaknyga.lt\/#\/schema\/logo\/image\/\"},\"sameAs\":[\"https:\/\/www.facebook.com\/skaitytaknyga\/\"]}]}<\/script>\n<!-- \/ Yoast SEO plugin. -->","yoast_head_json":{"title":"Ekologinis dar\u017eas balkone","description":"Tam, kad gal\u0117tum\u0117te u\u017esiauginti dar\u017eovi\u0173, neb\u016btina tur\u0117ti dar\u017eo. Jeigu turite balkon\u0105, ten tikrai tilps keli vazonai ir d\u0117\u017eut\u0117s, kurie vis\u0105 vasar\u0105 jus","robots":{"index":"index","follow":"follow","max-snippet":"max-snippet:-1","max-image-preview":"max-image-preview:large","max-video-preview":"max-video-preview:-1"},"canonical":"https:\/\/skaitytaknyga.lt\/en\/produktas\/ekologinis-darzas-balkone\/","og_locale":"en_GB","og_type":"article","og_title":"[:lt]Ekologinis dar\u017eas balkone[:] - Skaitytaknyga","og_description":"Tam, kad gal\u0117tum\u0117te u\u017esiauginti dar\u017eovi\u0173, neb\u016btina tur\u0117ti dar\u017eo. Jeigu turite balkon\u0105, ten tikrai tilps keli vazonai ir d\u0117\u017eut\u0117s, kurie vis\u0105 vasar\u0105 jus","og_url":"https:\/\/skaitytaknyga.lt\/en\/produktas\/ekologinis-darzas-balkone\/","og_site_name":"Skaitytaknyga","article_publisher":"https:\/\/www.facebook.com\/skaitytaknyga\/","article_modified_time":"2025-07-22T09:49:33+00:00","og_image":[{"width":361,"height":450,"url":"https:\/\/skaitytaknyga.lt\/wp-content\/uploads\/2025\/07\/Ekologinis-darzas-balkone.jpg","type":"image\/jpeg"}],"twitter_card":"summary_large_image","twitter_misc":{"Estimated reading time":"1 minute"},"schema":{"@context":"https:\/\/schema.org","@graph":[{"@type":"WebPage","@id":"https:\/\/skaitytaknyga.lt\/produktas\/ekologinis-darzas-balkone\/","url":"https:\/\/skaitytaknyga.lt\/produktas\/ekologinis-darzas-balkone\/","name":"Ekologinis dar\u017eas balkone","isPartOf":{"@id":"https:\/\/skaitytaknyga.lt\/#website"},"primaryImageOfPage":{"@id":"https:\/\/skaitytaknyga.lt\/produktas\/ekologinis-darzas-balkone\/#primaryimage"},"image":{"@id":"https:\/\/skaitytaknyga.lt\/produktas\/ekologinis-darzas-balkone\/#primaryimage"},"thumbnailUrl":"https:\/\/skaitytaknyga.lt\/wp-content\/uploads\/2025\/07\/Ekologinis-darzas-balkone.jpg","datePublished":"2025-07-11T17:15:20+00:00","dateModified":"2025-07-22T09:49:33+00:00","description":"Tam, kad gal\u0117tum\u0117te u\u017esiauginti dar\u017eovi\u0173, neb\u016btina tur\u0117ti dar\u017eo. Jeigu turite balkon\u0105, ten tikrai tilps keli vazonai ir d\u0117\u017eut\u0117s, kurie vis\u0105 vasar\u0105 jus","breadcrumb":{"@id":"https:\/\/skaitytaknyga.lt\/produktas\/ekologinis-darzas-balkone\/#breadcrumb"},"inLanguage":"en-GB","potentialAction":[{"@type":"ReadAction","target":["https:\/\/skaitytaknyga.lt\/produktas\/ekologinis-darzas-balkone\/"]}]},{"@type":"ImageObject","inLanguage":"en-GB","@id":"https:\/\/skaitytaknyga.lt\/produktas\/ekologinis-darzas-balkone\/#primaryimage","url":"https:\/\/skaitytaknyga.lt\/wp-content\/uploads\/2025\/07\/Ekologinis-darzas-balkone.jpg","contentUrl":"https:\/\/skaitytaknyga.lt\/wp-content\/uploads\/2025\/07\/Ekologinis-darzas-balkone.jpg","width":361,"height":450},{"@type":"BreadcrumbList","@id":"https:\/\/skaitytaknyga.lt\/produktas\/ekologinis-darzas-balkone\/#breadcrumb","itemListElement":[{"@type":"ListItem","position":1,"name":"Home","item":"https:\/\/skaitytaknyga.lt\/"},{"@type":"ListItem","position":2,"name":"Parduotuv\u0117","item":"https:\/\/skaitytaknyga.lt\/knygu-parduotuve\/"},{"@type":"ListItem","position":3,"name":"Ekologinis dar\u017eas balkone"}]},{"@type":"WebSite","@id":"https:\/\/skaitytaknyga.lt\/#website","url":"https:\/\/skaitytaknyga.lt\/","name":"skaitytaknyga.lt","description":"Skaitytaknyga.lt \u2013 tai ma\u017eas \u0161eimos verslas, kuris prasid\u0117jo nuo meil\u0117s knygoms ir siekio i\u0161gelb\u0117ti knygas nuo likimo prie konteinerio. Kas vienam nereikalingas daiktas \u2013 kitam lobis, o mes esame tarpininkai, kurie padeda abiems tapti laimingesniems ???? \u017dinome kaip nelengva i\u0161gyventi ma\u017eiems verslams, tad nuo \u0161iol, \u010dia rasite ir kit\u0173, ma\u017e\u0173 \u0161eim\u0173 versl\u0173, rank\u0173 darbo, dovan\u0173 sau ir artimiesiems.","publisher":{"@id":"https:\/\/skaitytaknyga.lt\/#organization"},"potentialAction":[{"@type":"SearchAction","target":{"@type":"EntryPoint","urlTemplate":"https:\/\/skaitytaknyga.lt\/?s={search_term_string}"},"query-input":{"@type":"PropertyValueSpecification","valueRequired":true,"valueName":"search_term_string"}}],"inLanguage":"en-GB"},{"@type":"Organization","@id":"https:\/\/skaitytaknyga.lt\/#organization","name":"skaitytaknyga.lt","url":"https:\/\/skaitytaknyga.lt\/","logo":{"@type":"ImageObject","inLanguage":"en-GB","@id":"https:\/\/skaitytaknyga.lt\/#\/schema\/logo\/image\/","url":"https:\/\/skaitytaknyga.lt\/wp-content\/uploads\/2024\/05\/cropped-cropped-cropped-02_00843_jt3bggkj1j3HLc7SyY6rEUpg.jpeg","contentUrl":"https:\/\/skaitytaknyga.lt\/wp-content\/uploads\/2024\/05\/cropped-cropped-cropped-02_00843_jt3bggkj1j3HLc7SyY6rEUpg.jpeg","width":1600,"height":1600,"caption":"skaitytaknyga.lt"},"image":{"@id":"https:\/\/skaitytaknyga.lt\/#\/schema\/logo\/image\/"},"sameAs":["https:\/\/www.facebook.com\/skaitytaknyga\/"]}]}},"_links":{"self":[{"href":"https:\/\/skaitytaknyga.lt\/en\/wp-json\/wp\/v2\/product\/19571","targetHints":{"allow":["GET"]}}],"collection":[{"href":"https:\/\/skaitytaknyga.lt\/en\/wp-json\/wp\/v2\/product"}],"about":[{"href":"https:\/\/skaitytaknyga.lt\/en\/wp-json\/wp\/v2\/types\/product"}],"replies":[{"embeddable":true,"href":"https:\/\/skaitytaknyga.lt\/en\/wp-json\/wp\/v2\/comments?post=19571"}],"wp:featuredmedia":[{"embeddable":true,"href":"https:\/\/skaitytaknyga.lt\/en\/wp-json\/wp\/v2\/media\/19576"}],"wp:attachment":[{"href":"https:\/\/skaitytaknyga.lt\/en\/wp-json\/wp\/v2\/media?parent=19571"}],"wp:term":[{"taxonomy":"product_brand","embeddable":true,"href":"https:\/\/skaitytaknyga.lt\/en\/wp-json\/wp\/v2\/product_brand?post=19571"},{"taxonomy":"product_cat","embeddable":true,"href":"https:\/\/skaitytaknyga.lt\/en\/wp-json\/wp\/v2\/product_cat?post=19571"},{"taxonomy":"product_tag","embeddable":true,"href":"https:\/\/skaitytaknyga.lt\/en\/wp-json\/wp\/v2\/product_tag?post=19571"}],"curies":[{"name":"wp","href":"https:\/\/api.w.org\/{rel}","templated":true}]}}