{"id":19570,"date":"2025-07-11T20:15:20","date_gmt":"2025-07-11T17:15:20","guid":{"rendered":"https:\/\/skaitytaknyga.lt\/?post_type=product&#038;p=19570"},"modified":"2026-03-18T12:42:16","modified_gmt":"2026-03-18T10:42:16","slug":"aukso-desniai","status":"publish","type":"product","link":"https:\/\/skaitytaknyga.lt\/en\/produktas\/aukso-desniai\/","title":{"rendered":"Aukso d\u0117sniai"},"content":{"rendered":"<p>Did\u017eiosios Dvasios Vedl\u0117s gyveno \u017dem\u0117je per vis\u0105 \u017emonijos istorij\u0105. Jos pasirodydavo Rytuose ir Vakaruose svarbiausiais \u017emonijos istorijos tarpsniais, kad paskatint\u0173 m\u016bs\u0173 dvasin\u012f vystym\u0105si. Tarp j\u0173 buvo Buda \u0160akjamunis, J\u0117zus Kristus, Konfucijus, Sokratas, Kri\u0161na, Mahometas.<\/p>\n<p>\u201eAukso D\u0117sniai&#8221; tyrin\u0117ja gili\u0105 \u017emonijos istorij\u0105 ir atskleid\u017eia, kaip laikui b\u0117gant \u017dem\u0117je skleid\u0117si Dievo planas. Kai suprasime tikr\u0105j\u0105 istorijos krypt\u012f, vedan\u010di\u0105 per praeit\u012f, dabart\u012f ir ateit\u012f, suvoksime savo dvasin\u0117s misijos reik\u0161m\u0119 dabartiniame am\u017eiuje.<\/p>\n<p>\u201eAukso D\u0117sniai&#8221; yra antroji Mokytojo Ryuho Okawos pamatin\u0117s trilogijos knyga. Kitos dvi trilogijos knygos yra \u201eSaul\u0117s D\u0117sniai&#8221; ir \u201eAm\u017einyb\u0117s D\u0117sniai&#8221;.<\/p>\n<p>RYUHO OKAWA gim\u0117 1956 metais Toku\u0161imoje, Japonijoje. Baig\u0119s Tokijo universiteto Teis\u0117s fakultet\u0105, jis prad\u0117jo dirbti tarptautin\u0117je prekybos kompanijoje bei studijuoti tarptautinius finansus Niujorko universitete.<\/p>\n<p>1981 metais Ryuho Okawa prad\u0117jo gauti dvasinius prane\u0161imus i\u0161 Danguje gyvenan\u010di\u0173 did\u017ei\u0173 istorini\u0173 b\u016btybi\u0173 ir tais pa\u010diais metais nubudo savo tikrajam pa\u0161aukimui \u2013 tapti dvasiniu lyderiu ir vesti \u012f laim\u0119 viso pasaulio \u017emones. 1986 metais jis nutrauk\u0117 daug \u017eadan\u010di\u0105 karjer\u0105 verslo pasaulyje, \u012fk\u016br\u0117 Happy Science ir tapo gerai \u017einomu \u012ftakingu dvasiniu vadovu.<\/p>\n<p>Ryuho Okawa i\u0161leido daugiau nei 2000 \u012fvairi\u0173 knyg\u0173 ir jau dvide\u0161imt penkerius metus i\u0161 eil\u0117s yra perkamiausias autorius Japonijoje.<\/p>\n<p>\u201e\u017dmonijos istorija n\u0117ra atsitiktini\u0173 \u012fvyki\u0173 rezultatas. Kiekviename jos periode buvo prana\u0161\u0173, kurie ne\u0161\u0117 auk\u0161t\u0173j\u0173 dangi\u0161k\u0173 sfer\u0173 \u017eini\u0105. Nesvarbu, ar tuo metu tos \u017einios buvo suprastos \u2013 svarbu yra tai, kad jos nepaliauja daryti \u012ftak\u0105 pasauliui jau daug \u0161imt\u0173 ar t\u016bkstan\u010di\u0173 met\u0173. Kitaip tariant, \u017emonijos civilizacij\u0173 ir kult\u016br\u0173 istorija yra gr\u012fsta nedidelio b\u016brio prana\u0161\u0173 veikla. Faktas toks, kad kas keli \u0161imtai ar t\u016bkstan\u010diai met\u0173 Dievas \u012f \u017dem\u0119 atsiun\u010dia prana\u0161\u0105, ir tai yra Jo didel\u0117s meil\u0117s mums \u017eenklas.&#8221;<\/p>\n","protected":false},"excerpt":{"rendered":"<p>Did\u017eiosios Dvasios Vedl\u0117s gyveno \u017dem\u0117je per vis\u0105 \u017emonijos istorij\u0105. Jos pasirodydavo Rytuose ir Vakaruose svarbiausiais \u017emonijos istorijos tarpsniais, kad paskatint\u0173 m\u016bs\u0173 dvasin\u012f vystym\u0105si. Tarp j\u0173 buvo Buda \u0160akjamunis, J\u0117zus Kristus, Konfucijus, Sokratas, Kri\u0161na, Mahometas. \u201eAukso D\u0117sniai&#8221; tyrin\u0117ja gili\u0105 \u017emonijos istorij\u0105 ir atskleid\u017eia, kaip laikui b\u0117gant \u017dem\u0117je skleid\u0117si Dievo planas. Kai suprasime tikr\u0105j\u0105 istorijos krypt\u012f, vedan\u010di\u0105 per praeit\u012f, dabart\u012f ir ateit\u012f, suvoksime savo dvasin\u0117s misijos reik\u0161m\u0119 dabartiniame am\u017eiuje. \u201eAukso D\u0117sniai&#8221; yra antroji Mokytojo Ryuho Okawos pamatin\u0117s trilogijos knyga. Kitos dvi trilogijos knygos yra \u201eSaul\u0117s D\u0117sniai&#8221; ir \u201eAm\u017einyb\u0117s D\u0117sniai&#8221;. RYUHO OKAWA gim\u0117 1956 metais Toku\u0161imoje, Japonijoje. Baig\u0119s Tokijo universiteto Teis\u0117s fakultet\u0105, jis prad\u0117jo dirbti tarptautin\u0117je prekybos kompanijoje bei studijuoti tarptautinius finansus Niujorko universitete. 1981 metais Ryuho Okawa prad\u0117jo gauti dvasinius prane\u0161imus i\u0161 Danguje gyvenan\u010di\u0173 did\u017ei\u0173 istorini\u0173 b\u016btybi\u0173 ir tais pa\u010diais metais nubudo savo tikrajam pa\u0161aukimui \u2013 tapti dvasiniu lyderiu ir vesti \u012f laim\u0119 viso pasaulio \u017emones. 1986 metais jis nutrauk\u0117 daug \u017eadan\u010di\u0105 karjer\u0105 verslo pasaulyje, \u012fk\u016br\u0117 Happy Science ir tapo gerai \u017einomu \u012ftakingu dvasiniu vadovu. Ryuho Okawa i\u0161leido daugiau nei 2000 \u012fvairi\u0173 knyg\u0173 ir jau dvide\u0161imt penkerius metus i\u0161 eil\u0117s yra perkamiausias autorius Japonijoje. \u201e\u017dmonijos istorija n\u0117ra atsitiktini\u0173 \u012fvyki\u0173 rezultatas. Kiekviename jos periode buvo prana\u0161\u0173, kurie ne\u0161\u0117 auk\u0161t\u0173j\u0173 dangi\u0161k\u0173 sfer\u0173 \u017eini\u0105. Nesvarbu, ar tuo metu tos \u017einios buvo suprastos \u2013 svarbu yra tai, kad jos nepaliauja daryti \u012ftak\u0105 pasauliui jau daug \u0161imt\u0173 ar t\u016bkstan\u010di\u0173 met\u0173. Kitaip tariant, \u017emonijos civilizacij\u0173 ir kult\u016br\u0173 istorija yra gr\u012fsta nedidelio b\u016brio prana\u0161\u0173 veikla. Faktas toks, kad kas keli \u0161imtai ar t\u016bkstan\u010diai met\u0173 Dievas \u012f \u017dem\u0119 atsiun\u010dia prana\u0161\u0105, ir tai yra Jo didel\u0117s meil\u0117s mums \u017eenklas.&#8221;<\/p>\n","protected":false},"featured_media":19575,"comment_status":"open","ping_status":"closed","template":"","meta":{"_acf_changed":false,"site-sidebar-layout":"default","site-content-layout":"","ast-site-content-layout":"default","site-content-style":"default","site-sidebar-style":"default","ast-global-header-display":"","ast-banner-title-visibility":"","ast-main-header-display":"","ast-hfb-above-header-display":"","ast-hfb-below-header-display":"","ast-hfb-mobile-header-display":"","site-post-title":"","ast-breadcrumbs-content":"","ast-featured-img":"","footer-sml-layout":"","ast-disable-related-posts":"","theme-transparent-header-meta":"","adv-header-id-meta":"","stick-header-meta":"","header-above-stick-meta":"","header-main-stick-meta":"","header-below-stick-meta":"","astra-migrate-meta-layouts":"default","ast-page-background-enabled":"default","ast-page-background-meta":{"desktop":{"background-color":"","background-image":"","background-repeat":"repeat","background-position":"center center","background-size":"auto","background-attachment":"scroll","background-type":"","background-media":"","overlay-type":"","overlay-color":"","overlay-opacity":"","overlay-gradient":""},"tablet":{"background-color":"","background-image":"","background-repeat":"repeat","background-position":"center center","background-size":"auto","background-attachment":"scroll","background-type":"","background-media":"","overlay-type":"","overlay-color":"","overlay-opacity":"","overlay-gradient":""},"mobile":{"background-color":"","background-image":"","background-repeat":"repeat","background-position":"center center","background-size":"auto","background-attachment":"scroll","background-type":"","background-media":"","overlay-type":"","overlay-color":"","overlay-opacity":"","overlay-gradient":""}},"ast-content-background-meta":{"desktop":{"background-color":"var(--ast-global-color-4)","background-image":"","background-repeat":"repeat","background-position":"center center","background-size":"auto","background-attachment":"scroll","background-type":"","background-media":"","overlay-type":"","overlay-color":"","overlay-opacity":"","overlay-gradient":""},"tablet":{"background-color":"var(--ast-global-color-4)","background-image":"","background-repeat":"repeat","background-position":"center center","background-size":"auto","background-attachment":"scroll","background-type":"","background-media":"","overlay-type":"","overlay-color":"","overlay-opacity":"","overlay-gradient":""},"mobile":{"background-color":"var(--ast-global-color-4)","background-image":"","background-repeat":"repeat","background-position":"center center","background-size":"auto","background-attachment":"scroll","background-type":"","background-media":"","overlay-type":"","overlay-color":"","overlay-opacity":"","overlay-gradient":""}}},"product_brand":[],"product_cat":[165],"product_tag":[6446,4785,2224,6444,6445],"class_list":{"0":"post-19570","1":"product","2":"type-product","3":"status-publish","4":"has-post-thumbnail","6":"product_cat-religija-filosofija-ir-ezoterika","7":"product_tag-aukso-desniai","8":"product_tag-dvasinis-mokymas","9":"product_tag-istorija","10":"product_tag-pasaulio-pranasai","11":"product_tag-ryuho-okawa","12":"desktop-align-left","13":"tablet-align-left","14":"mobile-align-left","16":"first","17":"instock","18":"shipping-taxable","19":"purchasable","20":"product-type-simple"},"acf":[],"yoast_head":"<!-- This site is optimized with the Yoast SEO plugin v27.4 - https:\/\/yoast.com\/product\/yoast-seo-wordpress\/ -->\n<title>Aukso d\u0117sniai<\/title>\n<meta name=\"description\" content=\"Did\u017eiosios Dvasios Vedl\u0117s gyveno \u017dem\u0117je per vis\u0105 \u017emonijos istorij\u0105. Jos pasirodydavo Rytuose ir Vakaruose svarbiausiais \u017emonijos istorijos tarpsniais, kad\" \/>\n<meta name=\"robots\" content=\"index, follow, max-snippet:-1, max-image-preview:large, max-video-preview:-1\" \/>\n<link rel=\"canonical\" href=\"https:\/\/skaitytaknyga.lt\/en\/produktas\/aukso-desniai\/\" \/>\n<meta property=\"og:locale\" content=\"en_GB\" \/>\n<meta property=\"og:locale:alternate\" content=\"lt_LT\" \/>\n<meta property=\"og:type\" content=\"article\" \/>\n<meta property=\"og:title\" content=\"Aukso d\u0117sniai\" \/>\n<meta property=\"og:description\" content=\"Did\u017eiosios Dvasios Vedl\u0117s gyveno \u017dem\u0117je per vis\u0105 \u017emonijos istorij\u0105. Jos pasirodydavo Rytuose ir Vakaruose svarbiausiais \u017emonijos istorijos tarpsniais, kad\" \/>\n<meta property=\"og:url\" content=\"https:\/\/skaitytaknyga.lt\/en\/produktas\/aukso-desniai\/\" \/>\n<meta property=\"og:site_name\" content=\"Skaitytaknyga\" \/>\n<meta property=\"article:publisher\" content=\"https:\/\/www.facebook.com\/skaitytaknyga\/\" \/>\n<meta property=\"article:modified_time\" content=\"2026-03-18T10:42:16+00:00\" \/>\n<meta property=\"og:image\" content=\"https:\/\/skaitytaknyga.lt\/wp-content\/uploads\/2025\/07\/Aukso-desniai.webp\" \/>\n\t<meta property=\"og:image:width\" content=\"530\" \/>\n\t<meta property=\"og:image:height\" content=\"755\" \/>\n\t<meta property=\"og:image:type\" content=\"image\/webp\" \/>\n<meta name=\"twitter:card\" content=\"summary_large_image\" \/>\n<meta name=\"twitter:label1\" content=\"Estimated reading time\" \/>\n\t<meta name=\"twitter:data1\" content=\"2 minutes\" \/>\n<script type=\"application\/ld+json\" class=\"yoast-schema-graph\">{\"@context\":\"https:\\\/\\\/schema.org\",\"@graph\":[{\"@type\":\"WebPage\",\"@id\":\"https:\\\/\\\/skaitytaknyga.lt\\\/produktas\\\/aukso-desniai\\\/\",\"url\":\"https:\\\/\\\/skaitytaknyga.lt\\\/produktas\\\/aukso-desniai\\\/\",\"name\":\"Aukso d\u0117sniai\",\"isPartOf\":{\"@id\":\"https:\\\/\\\/skaitytaknyga.lt\\\/#website\"},\"primaryImageOfPage\":{\"@id\":\"https:\\\/\\\/skaitytaknyga.lt\\\/produktas\\\/aukso-desniai\\\/#primaryimage\"},\"image\":{\"@id\":\"https:\\\/\\\/skaitytaknyga.lt\\\/produktas\\\/aukso-desniai\\\/#primaryimage\"},\"thumbnailUrl\":\"https:\\\/\\\/skaitytaknyga.lt\\\/wp-content\\\/uploads\\\/2025\\\/07\\\/Aukso-desniai.webp\",\"datePublished\":\"2025-07-11T17:15:20+00:00\",\"dateModified\":\"2026-03-18T10:42:16+00:00\",\"description\":\"Did\u017eiosios Dvasios Vedl\u0117s gyveno \u017dem\u0117je per vis\u0105 \u017emonijos istorij\u0105. Jos pasirodydavo Rytuose ir Vakaruose svarbiausiais \u017emonijos istorijos tarpsniais, kad\",\"breadcrumb\":{\"@id\":\"https:\\\/\\\/skaitytaknyga.lt\\\/produktas\\\/aukso-desniai\\\/#breadcrumb\"},\"inLanguage\":\"en-GB\",\"potentialAction\":[{\"@type\":\"ReadAction\",\"target\":[\"https:\\\/\\\/skaitytaknyga.lt\\\/produktas\\\/aukso-desniai\\\/\"]}]},{\"@type\":\"ImageObject\",\"inLanguage\":\"en-GB\",\"@id\":\"https:\\\/\\\/skaitytaknyga.lt\\\/produktas\\\/aukso-desniai\\\/#primaryimage\",\"url\":\"https:\\\/\\\/skaitytaknyga.lt\\\/wp-content\\\/uploads\\\/2025\\\/07\\\/Aukso-desniai.webp\",\"contentUrl\":\"https:\\\/\\\/skaitytaknyga.lt\\\/wp-content\\\/uploads\\\/2025\\\/07\\\/Aukso-desniai.webp\",\"width\":530,\"height\":755,\"caption\":\"Aukso d\u0117sniai\"},{\"@type\":\"BreadcrumbList\",\"@id\":\"https:\\\/\\\/skaitytaknyga.lt\\\/produktas\\\/aukso-desniai\\\/#breadcrumb\",\"itemListElement\":[{\"@type\":\"ListItem\",\"position\":1,\"name\":\"Home\",\"item\":\"https:\\\/\\\/skaitytaknyga.lt\\\/\"},{\"@type\":\"ListItem\",\"position\":2,\"name\":\"Parduotuv\u0117\",\"item\":\"https:\\\/\\\/skaitytaknyga.lt\\\/knygu-parduotuve\\\/\"},{\"@type\":\"ListItem\",\"position\":3,\"name\":\"Aukso d\u0117sniai\"}]},{\"@type\":\"WebSite\",\"@id\":\"https:\\\/\\\/skaitytaknyga.lt\\\/#website\",\"url\":\"https:\\\/\\\/skaitytaknyga.lt\\\/\",\"name\":\"skaitytaknyga.lt\",\"description\":\"Skaitytaknyga.lt \u2013 tai ma\u017eas \u0161eimos verslas, kuris prasid\u0117jo nuo meil\u0117s knygoms ir siekio i\u0161gelb\u0117ti knygas nuo likimo prie konteinerio. Kas vienam nereikalingas daiktas \u2013 kitam lobis, o mes esame tarpininkai, kurie padeda abiems tapti laimingesniems ???? \u017dinome kaip nelengva i\u0161gyventi ma\u017eiems verslams, tad nuo \u0161iol, \u010dia rasite ir kit\u0173, ma\u017e\u0173 \u0161eim\u0173 versl\u0173, rank\u0173 darbo, dovan\u0173 sau ir artimiesiems.\",\"publisher\":{\"@id\":\"https:\\\/\\\/skaitytaknyga.lt\\\/#organization\"},\"potentialAction\":[{\"@type\":\"SearchAction\",\"target\":{\"@type\":\"EntryPoint\",\"urlTemplate\":\"https:\\\/\\\/skaitytaknyga.lt\\\/?s={search_term_string}\"},\"query-input\":{\"@type\":\"PropertyValueSpecification\",\"valueRequired\":true,\"valueName\":\"search_term_string\"}}],\"inLanguage\":\"en-GB\"},{\"@type\":\"Organization\",\"@id\":\"https:\\\/\\\/skaitytaknyga.lt\\\/#organization\",\"name\":\"skaitytaknyga.lt\",\"url\":\"https:\\\/\\\/skaitytaknyga.lt\\\/\",\"logo\":{\"@type\":\"ImageObject\",\"inLanguage\":\"en-GB\",\"@id\":\"https:\\\/\\\/skaitytaknyga.lt\\\/#\\\/schema\\\/logo\\\/image\\\/\",\"url\":\"https:\\\/\\\/skaitytaknyga.lt\\\/wp-content\\\/uploads\\\/2024\\\/05\\\/cropped-cropped-cropped-02_00843_jt3bggkj1j3HLc7SyY6rEUpg.jpeg\",\"contentUrl\":\"https:\\\/\\\/skaitytaknyga.lt\\\/wp-content\\\/uploads\\\/2024\\\/05\\\/cropped-cropped-cropped-02_00843_jt3bggkj1j3HLc7SyY6rEUpg.jpeg\",\"width\":1600,\"height\":1600,\"caption\":\"skaitytaknyga.lt\"},\"image\":{\"@id\":\"https:\\\/\\\/skaitytaknyga.lt\\\/#\\\/schema\\\/logo\\\/image\\\/\"},\"sameAs\":[\"https:\\\/\\\/www.facebook.com\\\/skaitytaknyga\\\/\"]}]}<\/script>\n<!-- \/ Yoast SEO plugin. -->","yoast_head_json":{"title":"Aukso d\u0117sniai","description":"Did\u017eiosios Dvasios Vedl\u0117s gyveno \u017dem\u0117je per vis\u0105 \u017emonijos istorij\u0105. Jos pasirodydavo Rytuose ir Vakaruose svarbiausiais \u017emonijos istorijos tarpsniais, kad","robots":{"index":"index","follow":"follow","max-snippet":"max-snippet:-1","max-image-preview":"max-image-preview:large","max-video-preview":"max-video-preview:-1"},"canonical":"https:\/\/skaitytaknyga.lt\/en\/produktas\/aukso-desniai\/","og_locale":"en_GB","og_type":"article","og_title":"[:lt]Aukso d\u0117sniai[:] - Skaitytaknyga","og_description":"Did\u017eiosios Dvasios Vedl\u0117s gyveno \u017dem\u0117je per vis\u0105 \u017emonijos istorij\u0105. Jos pasirodydavo Rytuose ir Vakaruose svarbiausiais \u017emonijos istorijos tarpsniais, kad","og_url":"https:\/\/skaitytaknyga.lt\/en\/produktas\/aukso-desniai\/","og_site_name":"Skaitytaknyga","article_publisher":"https:\/\/www.facebook.com\/skaitytaknyga\/","article_modified_time":"2026-03-18T10:42:16+00:00","og_image":[{"width":530,"height":755,"url":"https:\/\/skaitytaknyga.lt\/wp-content\/uploads\/2025\/07\/Aukso-desniai.webp","type":"image\/webp"}],"twitter_card":"summary_large_image","twitter_misc":{"Estimated reading time":"2 minutes"},"schema":{"@context":"https:\/\/schema.org","@graph":[{"@type":"WebPage","@id":"https:\/\/skaitytaknyga.lt\/produktas\/aukso-desniai\/","url":"https:\/\/skaitytaknyga.lt\/produktas\/aukso-desniai\/","name":"Aukso d\u0117sniai","isPartOf":{"@id":"https:\/\/skaitytaknyga.lt\/#website"},"primaryImageOfPage":{"@id":"https:\/\/skaitytaknyga.lt\/produktas\/aukso-desniai\/#primaryimage"},"image":{"@id":"https:\/\/skaitytaknyga.lt\/produktas\/aukso-desniai\/#primaryimage"},"thumbnailUrl":"https:\/\/skaitytaknyga.lt\/wp-content\/uploads\/2025\/07\/Aukso-desniai.webp","datePublished":"2025-07-11T17:15:20+00:00","dateModified":"2026-03-18T10:42:16+00:00","description":"Did\u017eiosios Dvasios Vedl\u0117s gyveno \u017dem\u0117je per vis\u0105 \u017emonijos istorij\u0105. Jos pasirodydavo Rytuose ir Vakaruose svarbiausiais \u017emonijos istorijos tarpsniais, kad","breadcrumb":{"@id":"https:\/\/skaitytaknyga.lt\/produktas\/aukso-desniai\/#breadcrumb"},"inLanguage":"en-GB","potentialAction":[{"@type":"ReadAction","target":["https:\/\/skaitytaknyga.lt\/produktas\/aukso-desniai\/"]}]},{"@type":"ImageObject","inLanguage":"en-GB","@id":"https:\/\/skaitytaknyga.lt\/produktas\/aukso-desniai\/#primaryimage","url":"https:\/\/skaitytaknyga.lt\/wp-content\/uploads\/2025\/07\/Aukso-desniai.webp","contentUrl":"https:\/\/skaitytaknyga.lt\/wp-content\/uploads\/2025\/07\/Aukso-desniai.webp","width":530,"height":755,"caption":"Aukso d\u0117sniai"},{"@type":"BreadcrumbList","@id":"https:\/\/skaitytaknyga.lt\/produktas\/aukso-desniai\/#breadcrumb","itemListElement":[{"@type":"ListItem","position":1,"name":"Home","item":"https:\/\/skaitytaknyga.lt\/"},{"@type":"ListItem","position":2,"name":"Parduotuv\u0117","item":"https:\/\/skaitytaknyga.lt\/knygu-parduotuve\/"},{"@type":"ListItem","position":3,"name":"Aukso d\u0117sniai"}]},{"@type":"WebSite","@id":"https:\/\/skaitytaknyga.lt\/#website","url":"https:\/\/skaitytaknyga.lt\/","name":"skaitytaknyga.lt","description":"Skaitytaknyga.lt \u2013 tai ma\u017eas \u0161eimos verslas, kuris prasid\u0117jo nuo meil\u0117s knygoms ir siekio i\u0161gelb\u0117ti knygas nuo likimo prie konteinerio. Kas vienam nereikalingas daiktas \u2013 kitam lobis, o mes esame tarpininkai, kurie padeda abiems tapti laimingesniems ???? \u017dinome kaip nelengva i\u0161gyventi ma\u017eiems verslams, tad nuo \u0161iol, \u010dia rasite ir kit\u0173, ma\u017e\u0173 \u0161eim\u0173 versl\u0173, rank\u0173 darbo, dovan\u0173 sau ir artimiesiems.","publisher":{"@id":"https:\/\/skaitytaknyga.lt\/#organization"},"potentialAction":[{"@type":"SearchAction","target":{"@type":"EntryPoint","urlTemplate":"https:\/\/skaitytaknyga.lt\/?s={search_term_string}"},"query-input":{"@type":"PropertyValueSpecification","valueRequired":true,"valueName":"search_term_string"}}],"inLanguage":"en-GB"},{"@type":"Organization","@id":"https:\/\/skaitytaknyga.lt\/#organization","name":"skaitytaknyga.lt","url":"https:\/\/skaitytaknyga.lt\/","logo":{"@type":"ImageObject","inLanguage":"en-GB","@id":"https:\/\/skaitytaknyga.lt\/#\/schema\/logo\/image\/","url":"https:\/\/skaitytaknyga.lt\/wp-content\/uploads\/2024\/05\/cropped-cropped-cropped-02_00843_jt3bggkj1j3HLc7SyY6rEUpg.jpeg","contentUrl":"https:\/\/skaitytaknyga.lt\/wp-content\/uploads\/2024\/05\/cropped-cropped-cropped-02_00843_jt3bggkj1j3HLc7SyY6rEUpg.jpeg","width":1600,"height":1600,"caption":"skaitytaknyga.lt"},"image":{"@id":"https:\/\/skaitytaknyga.lt\/#\/schema\/logo\/image\/"},"sameAs":["https:\/\/www.facebook.com\/skaitytaknyga\/"]}]}},"_links":{"self":[{"href":"https:\/\/skaitytaknyga.lt\/en\/wp-json\/wp\/v2\/product\/19570","targetHints":{"allow":["GET"]}}],"collection":[{"href":"https:\/\/skaitytaknyga.lt\/en\/wp-json\/wp\/v2\/product"}],"about":[{"href":"https:\/\/skaitytaknyga.lt\/en\/wp-json\/wp\/v2\/types\/product"}],"replies":[{"embeddable":true,"href":"https:\/\/skaitytaknyga.lt\/en\/wp-json\/wp\/v2\/comments?post=19570"}],"wp:featuredmedia":[{"embeddable":true,"href":"https:\/\/skaitytaknyga.lt\/en\/wp-json\/wp\/v2\/media\/19575"}],"wp:attachment":[{"href":"https:\/\/skaitytaknyga.lt\/en\/wp-json\/wp\/v2\/media?parent=19570"}],"wp:term":[{"taxonomy":"product_brand","embeddable":true,"href":"https:\/\/skaitytaknyga.lt\/en\/wp-json\/wp\/v2\/product_brand?post=19570"},{"taxonomy":"product_cat","embeddable":true,"href":"https:\/\/skaitytaknyga.lt\/en\/wp-json\/wp\/v2\/product_cat?post=19570"},{"taxonomy":"product_tag","embeddable":true,"href":"https:\/\/skaitytaknyga.lt\/en\/wp-json\/wp\/v2\/product_tag?post=19570"}],"curies":[{"name":"wp","href":"https:\/\/api.w.org\/{rel}","templated":true}]}}