{"id":19561,"date":"2025-07-11T19:55:55","date_gmt":"2025-07-11T16:55:55","guid":{"rendered":"https:\/\/skaitytaknyga.lt\/?post_type=product&#038;p=19561"},"modified":"2025-10-09T20:29:46","modified_gmt":"2025-10-09T17:29:46","slug":"teta-gydymas-ivadas-i-unikalu-energinio-gydymo-metoda","status":"publish","type":"product","link":"https:\/\/skaitytaknyga.lt\/en\/produktas\/teta-gydymas-ivadas-i-unikalu-energinio-gydymo-metoda\/","title":{"rendered":"Teta gydymas: \u012fvadas \u012f unikal\u0173 energinio gydymo metod\u0105"},"content":{"rendered":"<p>SUSIPA\u017dINKITE SU VIENU VEIKSMINGIAUSI\u0172 ENERGINIO GYDYMO METOD\u0172!<\/p>\n<p>1995 metais Vianai Stibal, trij\u0173 ma\u017e\u0173 vaik\u0173 mamai, buvo diagnozuota sunki liga. I\u0161gyti nepad\u0117jo joks \u0161iuolaikin\u0117s ir alternatyviosios medicinos gydymo b\u016bdas, kol galiausiai ji nusprend\u0117 i\u0161bandyti vien\u0105 paprast\u0105 metod\u0105, kur\u012f naudodavo savo darbe, intuityviai nuskaitydama informacij\u0105 apie \u017emog\u0173. Apimta d\u017eiaugsmo, kad jai pavyko akimirksniu save i\u0161gydyti, Viana prad\u0117jo naudoti \u0161\u012f metod\u0105 seans\u0173 su klientais metu ir pamat\u0117, kaip \u017emon\u0117s vienas po kito stebuklingai i\u0161gyja.<\/p>\n<p>I\u0161gyd\u017eiusi t\u016bkstan\u010dius klient\u0173, Viana atrado dar vien\u0105 nuostab\u0173 dalyk\u0105 \u2013 tai, kad \u0161io metodo lengvai galima i\u0161mokyti kitus. Dabar ir j\u016bs galite i\u0161mokti pasinerti \u012f teta s\u0105mon\u0117s b\u016bsen\u0105 (4\u20137 Hz) ir susijungti su k\u016brybine energija, valdan\u010dia visk\u0105, kas egzistuoja. \u0160ioje knygoje rasite:<\/p>\n<p>Kaip pakeisti savo \u012fsitikinimus ir jausmus, kurie sukuria ligas.<br \/>\nSeptyni\u0173 b\u016bties plan\u0173 koncepcij\u0105, kuri pad\u0117s pakilti \u012f auk\u0161\u010diausi\u0105 meil\u0117s lygmen\u012f ir susijungti su Visko, kas yra, energija.<br \/>\nKaip dirbant kartu su Visko, kas yra, K\u016br\u0117ju i\u0161lavinti geb\u0117jim\u0105 kurti poky\u010dius visuose lygmenyse: fiziniame, mentaliniame, emociniame ir dvasiniame.<\/p>\n","protected":false},"excerpt":{"rendered":"<p>SUSIPA\u017dINKITE SU VIENU VEIKSMINGIAUSI\u0172 ENERGINIO GYDYMO METOD\u0172! 1995 metais Vianai Stibal, trij\u0173 ma\u017e\u0173 vaik\u0173 mamai, buvo diagnozuota sunki liga. I\u0161gyti nepad\u0117jo joks \u0161iuolaikin\u0117s ir alternatyviosios medicinos gydymo b\u016bdas, kol galiausiai ji nusprend\u0117 i\u0161bandyti vien\u0105 paprast\u0105 metod\u0105, kur\u012f naudodavo savo darbe, intuityviai nuskaitydama informacij\u0105 apie \u017emog\u0173. Apimta d\u017eiaugsmo, kad jai pavyko akimirksniu save i\u0161gydyti, Viana prad\u0117jo naudoti \u0161\u012f metod\u0105 seans\u0173 su klientais metu ir pamat\u0117, kaip \u017emon\u0117s vienas po kito stebuklingai i\u0161gyja. I\u0161gyd\u017eiusi t\u016bkstan\u010dius klient\u0173, Viana atrado dar vien\u0105 nuostab\u0173 dalyk\u0105 \u2013 tai, kad \u0161io metodo lengvai galima i\u0161mokyti kitus. Dabar ir j\u016bs galite i\u0161mokti pasinerti \u012f teta s\u0105mon\u0117s b\u016bsen\u0105 (4\u20137 Hz) ir susijungti su k\u016brybine energija, valdan\u010dia visk\u0105, kas egzistuoja. \u0160ioje knygoje rasite: Kaip pakeisti savo \u012fsitikinimus ir jausmus, kurie sukuria ligas. Septyni\u0173 b\u016bties plan\u0173 koncepcij\u0105, kuri pad\u0117s pakilti \u012f auk\u0161\u010diausi\u0105 meil\u0117s lygmen\u012f ir susijungti su Visko, kas yra, energija. Kaip dirbant kartu su Visko, kas yra, K\u016br\u0117ju i\u0161lavinti geb\u0117jim\u0105 kurti poky\u010dius visuose lygmenyse: fiziniame, mentaliniame, emociniame ir dvasiniame.<\/p>\n","protected":false},"featured_media":19566,"comment_status":"open","ping_status":"closed","template":"","meta":{"_acf_changed":false,"site-sidebar-layout":"default","site-content-layout":"","ast-site-content-layout":"default","site-content-style":"default","site-sidebar-style":"default","ast-global-header-display":"","ast-banner-title-visibility":"","ast-main-header-display":"","ast-hfb-above-header-display":"","ast-hfb-below-header-display":"","ast-hfb-mobile-header-display":"","site-post-title":"","ast-breadcrumbs-content":"","ast-featured-img":"","footer-sml-layout":"","ast-disable-related-posts":"","theme-transparent-header-meta":"","adv-header-id-meta":"","stick-header-meta":"","header-above-stick-meta":"","header-main-stick-meta":"","header-below-stick-meta":"","astra-migrate-meta-layouts":"default","ast-page-background-enabled":"default","ast-page-background-meta":{"desktop":{"background-color":"","background-image":"","background-repeat":"repeat","background-position":"center center","background-size":"auto","background-attachment":"scroll","background-type":"","background-media":"","overlay-type":"","overlay-color":"","overlay-opacity":"","overlay-gradient":""},"tablet":{"background-color":"","background-image":"","background-repeat":"repeat","background-position":"center center","background-size":"auto","background-attachment":"scroll","background-type":"","background-media":"","overlay-type":"","overlay-color":"","overlay-opacity":"","overlay-gradient":""},"mobile":{"background-color":"","background-image":"","background-repeat":"repeat","background-position":"center center","background-size":"auto","background-attachment":"scroll","background-type":"","background-media":"","overlay-type":"","overlay-color":"","overlay-opacity":"","overlay-gradient":""}},"ast-content-background-meta":{"desktop":{"background-color":"var(--ast-global-color-4)","background-image":"","background-repeat":"repeat","background-position":"center center","background-size":"auto","background-attachment":"scroll","background-type":"","background-media":"","overlay-type":"","overlay-color":"","overlay-opacity":"","overlay-gradient":""},"tablet":{"background-color":"var(--ast-global-color-4)","background-image":"","background-repeat":"repeat","background-position":"center center","background-size":"auto","background-attachment":"scroll","background-type":"","background-media":"","overlay-type":"","overlay-color":"","overlay-opacity":"","overlay-gradient":""},"mobile":{"background-color":"var(--ast-global-color-4)","background-image":"","background-repeat":"repeat","background-position":"center center","background-size":"auto","background-attachment":"scroll","background-type":"","background-media":"","overlay-type":"","overlay-color":"","overlay-opacity":"","overlay-gradient":""}}},"product_brand":[],"product_cat":[165],"product_tag":[6480,6482,6481,6483],"class_list":{"0":"post-19561","1":"product","2":"type-product","3":"status-publish","4":"has-post-thumbnail","6":"product_cat-religija-filosofija-ir-ezoterika","7":"product_tag-energijos-gydymas","8":"product_tag-samones-busena","9":"product_tag-teta-metodas","10":"product_tag-vianna-stibal","11":"desktop-align-left","12":"tablet-align-left","13":"mobile-align-left","15":"first","16":"instock","17":"shipping-taxable","18":"purchasable","19":"product-type-simple"},"acf":[],"yoast_head":"<!-- This site is optimized with the Yoast SEO plugin v27.4 - https:\/\/yoast.com\/product\/yoast-seo-wordpress\/ -->\n<title>Teta gydymas: \u012fvadas \u012f unikal\u0173 energinio gydymo metod\u0105<\/title>\n<meta name=\"description\" content=\"SUSIPA\u017dINKITE SU VIENU VEIKSMINGIAUSI\u0172 ENERGINIO GYDYMO METOD\u0172! 1995 metais Vianai Stibal, trij\u0173 ma\u017e\u0173 vaik\u0173 mamai, buvo diagnozuota sunki liga. I\u0161gyti\" \/>\n<meta name=\"robots\" content=\"index, follow, max-snippet:-1, max-image-preview:large, max-video-preview:-1\" \/>\n<link rel=\"canonical\" href=\"https:\/\/skaitytaknyga.lt\/en\/produktas\/teta-gydymas-ivadas-i-unikalu-energinio-gydymo-metoda\/\" \/>\n<meta property=\"og:locale\" content=\"en_GB\" \/>\n<meta property=\"og:locale:alternate\" content=\"lt_LT\" \/>\n<meta property=\"og:type\" content=\"article\" \/>\n<meta property=\"og:title\" content=\"Teta gydymas: \u012fvadas \u012f unikal\u0173 energinio gydymo metod\u0105\" \/>\n<meta property=\"og:description\" content=\"SUSIPA\u017dINKITE SU VIENU VEIKSMINGIAUSI\u0172 ENERGINIO GYDYMO METOD\u0172! 1995 metais Vianai Stibal, trij\u0173 ma\u017e\u0173 vaik\u0173 mamai, buvo diagnozuota sunki liga. I\u0161gyti\" \/>\n<meta property=\"og:url\" content=\"https:\/\/skaitytaknyga.lt\/en\/produktas\/teta-gydymas-ivadas-i-unikalu-energinio-gydymo-metoda\/\" \/>\n<meta property=\"og:site_name\" content=\"Skaitytaknyga\" \/>\n<meta property=\"article:publisher\" content=\"https:\/\/www.facebook.com\/skaitytaknyga\/\" \/>\n<meta property=\"article:modified_time\" content=\"2025-10-09T17:29:46+00:00\" \/>\n<meta property=\"og:image\" content=\"https:\/\/skaitytaknyga.lt\/wp-content\/uploads\/2025\/07\/Teta-gydymas-ivadas-i-unikalu-energinio-gydymo-metoda.webp\" \/>\n\t<meta property=\"og:image:width\" content=\"536\" \/>\n\t<meta property=\"og:image:height\" content=\"757\" \/>\n\t<meta property=\"og:image:type\" content=\"image\/webp\" \/>\n<meta name=\"twitter:card\" content=\"summary_large_image\" \/>\n<meta name=\"twitter:label1\" content=\"Estimated reading time\" \/>\n\t<meta name=\"twitter:data1\" content=\"1 minute\" \/>\n<script type=\"application\/ld+json\" class=\"yoast-schema-graph\">{\"@context\":\"https:\\\/\\\/schema.org\",\"@graph\":[{\"@type\":\"WebPage\",\"@id\":\"https:\\\/\\\/skaitytaknyga.lt\\\/produktas\\\/teta-gydymas-ivadas-i-unikalu-energinio-gydymo-metoda\\\/\",\"url\":\"https:\\\/\\\/skaitytaknyga.lt\\\/produktas\\\/teta-gydymas-ivadas-i-unikalu-energinio-gydymo-metoda\\\/\",\"name\":\"Teta gydymas: \u012fvadas \u012f unikal\u0173 energinio gydymo metod\u0105\",\"isPartOf\":{\"@id\":\"https:\\\/\\\/skaitytaknyga.lt\\\/#website\"},\"primaryImageOfPage\":{\"@id\":\"https:\\\/\\\/skaitytaknyga.lt\\\/produktas\\\/teta-gydymas-ivadas-i-unikalu-energinio-gydymo-metoda\\\/#primaryimage\"},\"image\":{\"@id\":\"https:\\\/\\\/skaitytaknyga.lt\\\/produktas\\\/teta-gydymas-ivadas-i-unikalu-energinio-gydymo-metoda\\\/#primaryimage\"},\"thumbnailUrl\":\"https:\\\/\\\/skaitytaknyga.lt\\\/wp-content\\\/uploads\\\/2025\\\/07\\\/Teta-gydymas-ivadas-i-unikalu-energinio-gydymo-metoda.webp\",\"datePublished\":\"2025-07-11T16:55:55+00:00\",\"dateModified\":\"2025-10-09T17:29:46+00:00\",\"description\":\"SUSIPA\u017dINKITE SU VIENU VEIKSMINGIAUSI\u0172 ENERGINIO GYDYMO METOD\u0172! 1995 metais Vianai Stibal, trij\u0173 ma\u017e\u0173 vaik\u0173 mamai, buvo diagnozuota sunki liga. I\u0161gyti\",\"breadcrumb\":{\"@id\":\"https:\\\/\\\/skaitytaknyga.lt\\\/produktas\\\/teta-gydymas-ivadas-i-unikalu-energinio-gydymo-metoda\\\/#breadcrumb\"},\"inLanguage\":\"en-GB\",\"potentialAction\":[{\"@type\":\"ReadAction\",\"target\":[\"https:\\\/\\\/skaitytaknyga.lt\\\/produktas\\\/teta-gydymas-ivadas-i-unikalu-energinio-gydymo-metoda\\\/\"]}]},{\"@type\":\"ImageObject\",\"inLanguage\":\"en-GB\",\"@id\":\"https:\\\/\\\/skaitytaknyga.lt\\\/produktas\\\/teta-gydymas-ivadas-i-unikalu-energinio-gydymo-metoda\\\/#primaryimage\",\"url\":\"https:\\\/\\\/skaitytaknyga.lt\\\/wp-content\\\/uploads\\\/2025\\\/07\\\/Teta-gydymas-ivadas-i-unikalu-energinio-gydymo-metoda.webp\",\"contentUrl\":\"https:\\\/\\\/skaitytaknyga.lt\\\/wp-content\\\/uploads\\\/2025\\\/07\\\/Teta-gydymas-ivadas-i-unikalu-energinio-gydymo-metoda.webp\",\"width\":536,\"height\":757},{\"@type\":\"BreadcrumbList\",\"@id\":\"https:\\\/\\\/skaitytaknyga.lt\\\/produktas\\\/teta-gydymas-ivadas-i-unikalu-energinio-gydymo-metoda\\\/#breadcrumb\",\"itemListElement\":[{\"@type\":\"ListItem\",\"position\":1,\"name\":\"Home\",\"item\":\"https:\\\/\\\/skaitytaknyga.lt\\\/\"},{\"@type\":\"ListItem\",\"position\":2,\"name\":\"Parduotuv\u0117\",\"item\":\"https:\\\/\\\/skaitytaknyga.lt\\\/knygu-parduotuve\\\/\"},{\"@type\":\"ListItem\",\"position\":3,\"name\":\"Teta gydymas: \u012fvadas \u012f unikal\u0173 energinio gydymo metod\u0105\"}]},{\"@type\":\"WebSite\",\"@id\":\"https:\\\/\\\/skaitytaknyga.lt\\\/#website\",\"url\":\"https:\\\/\\\/skaitytaknyga.lt\\\/\",\"name\":\"skaitytaknyga.lt\",\"description\":\"Skaitytaknyga.lt \u2013 tai ma\u017eas \u0161eimos verslas, kuris prasid\u0117jo nuo meil\u0117s knygoms ir siekio i\u0161gelb\u0117ti knygas nuo likimo prie konteinerio. Kas vienam nereikalingas daiktas \u2013 kitam lobis, o mes esame tarpininkai, kurie padeda abiems tapti laimingesniems ???? \u017dinome kaip nelengva i\u0161gyventi ma\u017eiems verslams, tad nuo \u0161iol, \u010dia rasite ir kit\u0173, ma\u017e\u0173 \u0161eim\u0173 versl\u0173, rank\u0173 darbo, dovan\u0173 sau ir artimiesiems.\",\"publisher\":{\"@id\":\"https:\\\/\\\/skaitytaknyga.lt\\\/#organization\"},\"potentialAction\":[{\"@type\":\"SearchAction\",\"target\":{\"@type\":\"EntryPoint\",\"urlTemplate\":\"https:\\\/\\\/skaitytaknyga.lt\\\/?s={search_term_string}\"},\"query-input\":{\"@type\":\"PropertyValueSpecification\",\"valueRequired\":true,\"valueName\":\"search_term_string\"}}],\"inLanguage\":\"en-GB\"},{\"@type\":\"Organization\",\"@id\":\"https:\\\/\\\/skaitytaknyga.lt\\\/#organization\",\"name\":\"skaitytaknyga.lt\",\"url\":\"https:\\\/\\\/skaitytaknyga.lt\\\/\",\"logo\":{\"@type\":\"ImageObject\",\"inLanguage\":\"en-GB\",\"@id\":\"https:\\\/\\\/skaitytaknyga.lt\\\/#\\\/schema\\\/logo\\\/image\\\/\",\"url\":\"https:\\\/\\\/skaitytaknyga.lt\\\/wp-content\\\/uploads\\\/2024\\\/05\\\/cropped-cropped-cropped-02_00843_jt3bggkj1j3HLc7SyY6rEUpg.jpeg\",\"contentUrl\":\"https:\\\/\\\/skaitytaknyga.lt\\\/wp-content\\\/uploads\\\/2024\\\/05\\\/cropped-cropped-cropped-02_00843_jt3bggkj1j3HLc7SyY6rEUpg.jpeg\",\"width\":1600,\"height\":1600,\"caption\":\"skaitytaknyga.lt\"},\"image\":{\"@id\":\"https:\\\/\\\/skaitytaknyga.lt\\\/#\\\/schema\\\/logo\\\/image\\\/\"},\"sameAs\":[\"https:\\\/\\\/www.facebook.com\\\/skaitytaknyga\\\/\"]}]}<\/script>\n<!-- \/ Yoast SEO plugin. -->","yoast_head_json":{"title":"Teta gydymas: \u012fvadas \u012f unikal\u0173 energinio gydymo metod\u0105","description":"SUSIPA\u017dINKITE SU VIENU VEIKSMINGIAUSI\u0172 ENERGINIO GYDYMO METOD\u0172! 1995 metais Vianai Stibal, trij\u0173 ma\u017e\u0173 vaik\u0173 mamai, buvo diagnozuota sunki liga. I\u0161gyti","robots":{"index":"index","follow":"follow","max-snippet":"max-snippet:-1","max-image-preview":"max-image-preview:large","max-video-preview":"max-video-preview:-1"},"canonical":"https:\/\/skaitytaknyga.lt\/en\/produktas\/teta-gydymas-ivadas-i-unikalu-energinio-gydymo-metoda\/","og_locale":"en_GB","og_type":"article","og_title":"[:lt]Teta gydymas: \u012fvadas \u012f unikal\u0173 energinio gydymo metod\u0105[:] - Skaitytaknyga","og_description":"SUSIPA\u017dINKITE SU VIENU VEIKSMINGIAUSI\u0172 ENERGINIO GYDYMO METOD\u0172! 1995 metais Vianai Stibal, trij\u0173 ma\u017e\u0173 vaik\u0173 mamai, buvo diagnozuota sunki liga. I\u0161gyti","og_url":"https:\/\/skaitytaknyga.lt\/en\/produktas\/teta-gydymas-ivadas-i-unikalu-energinio-gydymo-metoda\/","og_site_name":"Skaitytaknyga","article_publisher":"https:\/\/www.facebook.com\/skaitytaknyga\/","article_modified_time":"2025-10-09T17:29:46+00:00","og_image":[{"width":536,"height":757,"url":"https:\/\/skaitytaknyga.lt\/wp-content\/uploads\/2025\/07\/Teta-gydymas-ivadas-i-unikalu-energinio-gydymo-metoda.webp","type":"image\/webp"}],"twitter_card":"summary_large_image","twitter_misc":{"Estimated reading time":"1 minute"},"schema":{"@context":"https:\/\/schema.org","@graph":[{"@type":"WebPage","@id":"https:\/\/skaitytaknyga.lt\/produktas\/teta-gydymas-ivadas-i-unikalu-energinio-gydymo-metoda\/","url":"https:\/\/skaitytaknyga.lt\/produktas\/teta-gydymas-ivadas-i-unikalu-energinio-gydymo-metoda\/","name":"Teta gydymas: \u012fvadas \u012f unikal\u0173 energinio gydymo metod\u0105","isPartOf":{"@id":"https:\/\/skaitytaknyga.lt\/#website"},"primaryImageOfPage":{"@id":"https:\/\/skaitytaknyga.lt\/produktas\/teta-gydymas-ivadas-i-unikalu-energinio-gydymo-metoda\/#primaryimage"},"image":{"@id":"https:\/\/skaitytaknyga.lt\/produktas\/teta-gydymas-ivadas-i-unikalu-energinio-gydymo-metoda\/#primaryimage"},"thumbnailUrl":"https:\/\/skaitytaknyga.lt\/wp-content\/uploads\/2025\/07\/Teta-gydymas-ivadas-i-unikalu-energinio-gydymo-metoda.webp","datePublished":"2025-07-11T16:55:55+00:00","dateModified":"2025-10-09T17:29:46+00:00","description":"SUSIPA\u017dINKITE SU VIENU VEIKSMINGIAUSI\u0172 ENERGINIO GYDYMO METOD\u0172! 1995 metais Vianai Stibal, trij\u0173 ma\u017e\u0173 vaik\u0173 mamai, buvo diagnozuota sunki liga. I\u0161gyti","breadcrumb":{"@id":"https:\/\/skaitytaknyga.lt\/produktas\/teta-gydymas-ivadas-i-unikalu-energinio-gydymo-metoda\/#breadcrumb"},"inLanguage":"en-GB","potentialAction":[{"@type":"ReadAction","target":["https:\/\/skaitytaknyga.lt\/produktas\/teta-gydymas-ivadas-i-unikalu-energinio-gydymo-metoda\/"]}]},{"@type":"ImageObject","inLanguage":"en-GB","@id":"https:\/\/skaitytaknyga.lt\/produktas\/teta-gydymas-ivadas-i-unikalu-energinio-gydymo-metoda\/#primaryimage","url":"https:\/\/skaitytaknyga.lt\/wp-content\/uploads\/2025\/07\/Teta-gydymas-ivadas-i-unikalu-energinio-gydymo-metoda.webp","contentUrl":"https:\/\/skaitytaknyga.lt\/wp-content\/uploads\/2025\/07\/Teta-gydymas-ivadas-i-unikalu-energinio-gydymo-metoda.webp","width":536,"height":757},{"@type":"BreadcrumbList","@id":"https:\/\/skaitytaknyga.lt\/produktas\/teta-gydymas-ivadas-i-unikalu-energinio-gydymo-metoda\/#breadcrumb","itemListElement":[{"@type":"ListItem","position":1,"name":"Home","item":"https:\/\/skaitytaknyga.lt\/"},{"@type":"ListItem","position":2,"name":"Parduotuv\u0117","item":"https:\/\/skaitytaknyga.lt\/knygu-parduotuve\/"},{"@type":"ListItem","position":3,"name":"Teta gydymas: \u012fvadas \u012f unikal\u0173 energinio gydymo metod\u0105"}]},{"@type":"WebSite","@id":"https:\/\/skaitytaknyga.lt\/#website","url":"https:\/\/skaitytaknyga.lt\/","name":"skaitytaknyga.lt","description":"Skaitytaknyga.lt \u2013 tai ma\u017eas \u0161eimos verslas, kuris prasid\u0117jo nuo meil\u0117s knygoms ir siekio i\u0161gelb\u0117ti knygas nuo likimo prie konteinerio. Kas vienam nereikalingas daiktas \u2013 kitam lobis, o mes esame tarpininkai, kurie padeda abiems tapti laimingesniems ???? \u017dinome kaip nelengva i\u0161gyventi ma\u017eiems verslams, tad nuo \u0161iol, \u010dia rasite ir kit\u0173, ma\u017e\u0173 \u0161eim\u0173 versl\u0173, rank\u0173 darbo, dovan\u0173 sau ir artimiesiems.","publisher":{"@id":"https:\/\/skaitytaknyga.lt\/#organization"},"potentialAction":[{"@type":"SearchAction","target":{"@type":"EntryPoint","urlTemplate":"https:\/\/skaitytaknyga.lt\/?s={search_term_string}"},"query-input":{"@type":"PropertyValueSpecification","valueRequired":true,"valueName":"search_term_string"}}],"inLanguage":"en-GB"},{"@type":"Organization","@id":"https:\/\/skaitytaknyga.lt\/#organization","name":"skaitytaknyga.lt","url":"https:\/\/skaitytaknyga.lt\/","logo":{"@type":"ImageObject","inLanguage":"en-GB","@id":"https:\/\/skaitytaknyga.lt\/#\/schema\/logo\/image\/","url":"https:\/\/skaitytaknyga.lt\/wp-content\/uploads\/2024\/05\/cropped-cropped-cropped-02_00843_jt3bggkj1j3HLc7SyY6rEUpg.jpeg","contentUrl":"https:\/\/skaitytaknyga.lt\/wp-content\/uploads\/2024\/05\/cropped-cropped-cropped-02_00843_jt3bggkj1j3HLc7SyY6rEUpg.jpeg","width":1600,"height":1600,"caption":"skaitytaknyga.lt"},"image":{"@id":"https:\/\/skaitytaknyga.lt\/#\/schema\/logo\/image\/"},"sameAs":["https:\/\/www.facebook.com\/skaitytaknyga\/"]}]}},"_links":{"self":[{"href":"https:\/\/skaitytaknyga.lt\/en\/wp-json\/wp\/v2\/product\/19561","targetHints":{"allow":["GET"]}}],"collection":[{"href":"https:\/\/skaitytaknyga.lt\/en\/wp-json\/wp\/v2\/product"}],"about":[{"href":"https:\/\/skaitytaknyga.lt\/en\/wp-json\/wp\/v2\/types\/product"}],"replies":[{"embeddable":true,"href":"https:\/\/skaitytaknyga.lt\/en\/wp-json\/wp\/v2\/comments?post=19561"}],"wp:featuredmedia":[{"embeddable":true,"href":"https:\/\/skaitytaknyga.lt\/en\/wp-json\/wp\/v2\/media\/19566"}],"wp:attachment":[{"href":"https:\/\/skaitytaknyga.lt\/en\/wp-json\/wp\/v2\/media?parent=19561"}],"wp:term":[{"taxonomy":"product_brand","embeddable":true,"href":"https:\/\/skaitytaknyga.lt\/en\/wp-json\/wp\/v2\/product_brand?post=19561"},{"taxonomy":"product_cat","embeddable":true,"href":"https:\/\/skaitytaknyga.lt\/en\/wp-json\/wp\/v2\/product_cat?post=19561"},{"taxonomy":"product_tag","embeddable":true,"href":"https:\/\/skaitytaknyga.lt\/en\/wp-json\/wp\/v2\/product_tag?post=19561"}],"curies":[{"name":"wp","href":"https:\/\/api.w.org\/{rel}","templated":true}]}}