{"id":19560,"date":"2025-07-11T19:55:55","date_gmt":"2025-07-11T16:55:55","guid":{"rendered":"https:\/\/skaitytaknyga.lt\/?post_type=product&#038;p=19560"},"modified":"2025-07-22T13:26:47","modified_gmt":"2025-07-22T10:26:47","slug":"lt-4","status":"publish","type":"product","link":"https:\/\/skaitytaknyga.lt\/en\/produktas\/lt-4\/","title":{"rendered":"Gaono kodas"},"content":{"rendered":"<p>Breaking news: gim\u0117 naujas ra\u0161ytojas Rytis Sabas.<\/p>\n<p>Vilnietis komunikacijos profesionalas, daug keliav\u0119s po pasaul\u012f, aplank\u0119s kar\u0161tuosius ta\u0161kus Irake, Afganistane, Kosove ir Bosnijoje. Dirb\u0119s tarptautini\u0173 naujien\u0173 \u017eurnalistu. Lietuvos komunikacijos asociacijos tarybos narys.<\/p>\n<p>Jo aistra \u2013 istorija, kurios aidus galima gird\u0117ti \u0161iandien.<br \/>\nPrad\u0117j\u0119s skaityti \u201eGaono kod\u0105&#8221;, negali nuo jo atsipl\u0117\u0161ti tol, kol ra\u0161ytojo ranka neatveda iki paskutin\u0117s eilut\u0117s.<\/p>\n<p>Tai \u2013 ne vienintelis romano privalumas. Kvap\u0105 gniau\u017eiantis trileris, kuriame emigranto Pauliaus Meko \u2013 Polo Vilemseno \u2013 ir jo artim\u0173j\u0173 gyvenimas pinasi su \u201eMosado&#8221;, FSB ir GRU bei Lietuvos \u017evalgyb\u0173 ir keli\u0173 valstybi\u0173 mafijoz\u0173 kova d\u0117l Vilniaus \u017eyd\u0173 i\u0161min\u010diaus Gaono palikto ra\u0161telio su ne\u012ftik\u0117tinos galios kodu, turi dar ir ne\u012ftik\u0117tin\u0105 istorin\u012f fon\u0105.<\/p>\n<p>\u201eGaono kodo&#8221; pasakojimo epicentras \u2013 Ukmerg\u0117s rajono \u017delvos miestelis, i\u0161 kurio kil\u0119s Nobelio premijos laureatas Aaronas Klugas; jame gyveno ir Gaono brolis. N\u0117 sekundei nei\u0161leisdamas i\u0161 aki\u0173 romano veiksmo, pakeliui autorius skaitytoj\u0105 supa\u017eindina su Lietuvoje menkai \u017einomais ar net ne\u017einomais, bet pasaulyje i\u0161gars\u0117jusiais m\u016bs\u0173 t\u0117vynainiais.<\/p>\n<p>Nobelistas Klugas, \u0161ok\u0117ja Musia Daiches i\u0161 Vilniaus, Brazilijos multimilijonieriumi tap\u0119s Klabinas i\u0161 \u017delvos, \u017eurnalist\u0117 Bracha Habas i\u0161 Alytaus, 1831 m. sukil\u0117lis bajoras \u0160emeta, k\u016br\u0119s Belgijos kariuomen\u0119.<\/p>\n<p>Antras knygos planas daugybei lietuvi\u0173 ra\u0161ytoj\u0173 vis dar paki\u0161a koj\u0105. Rytis, prie\u0161ingai, veiksmo fon\u0105 tapo meistri\u0161kai.<\/p>\n<p>Tokio lengvo romano apie sunki\u0105 m\u016bs\u0173 praeit\u012f netur\u0117jom. Jo reik\u0117jo. Turim.<\/p>\n","protected":false},"excerpt":{"rendered":"<p>Breaking news: gim\u0117 naujas ra\u0161ytojas Rytis Sabas. Vilnietis komunikacijos profesionalas, daug keliav\u0119s po pasaul\u012f, aplank\u0119s kar\u0161tuosius ta\u0161kus Irake, Afganistane, Kosove ir Bosnijoje. Dirb\u0119s tarptautini\u0173 naujien\u0173 \u017eurnalistu. Lietuvos komunikacijos asociacijos tarybos narys. Jo aistra \u2013 istorija, kurios aidus galima gird\u0117ti \u0161iandien. Prad\u0117j\u0119s skaityti \u201eGaono kod\u0105&#8221;, negali nuo jo atsipl\u0117\u0161ti tol, kol ra\u0161ytojo ranka neatveda iki paskutin\u0117s eilut\u0117s. Tai \u2013 ne vienintelis romano privalumas. Kvap\u0105 gniau\u017eiantis trileris, kuriame emigranto Pauliaus Meko \u2013 Polo Vilemseno \u2013 ir jo artim\u0173j\u0173 gyvenimas pinasi su \u201eMosado&#8221;, FSB ir GRU bei Lietuvos \u017evalgyb\u0173 ir keli\u0173 valstybi\u0173 mafijoz\u0173 kova d\u0117l Vilniaus \u017eyd\u0173 i\u0161min\u010diaus Gaono palikto ra\u0161telio su ne\u012ftik\u0117tinos galios kodu, turi dar ir ne\u012ftik\u0117tin\u0105 istorin\u012f fon\u0105. \u201eGaono kodo&#8221; pasakojimo epicentras \u2013 Ukmerg\u0117s rajono \u017delvos miestelis, i\u0161 kurio kil\u0119s Nobelio premijos laureatas Aaronas Klugas; jame gyveno ir Gaono brolis. N\u0117 sekundei nei\u0161leisdamas i\u0161 aki\u0173 romano veiksmo, pakeliui autorius skaitytoj\u0105 supa\u017eindina su Lietuvoje menkai \u017einomais ar net ne\u017einomais, bet pasaulyje i\u0161gars\u0117jusiais m\u016bs\u0173 t\u0117vynainiais. Nobelistas Klugas, \u0161ok\u0117ja Musia Daiches i\u0161 Vilniaus, Brazilijos multimilijonieriumi tap\u0119s Klabinas i\u0161 \u017delvos, \u017eurnalist\u0117 Bracha Habas i\u0161 Alytaus, 1831 m. sukil\u0117lis bajoras \u0160emeta, k\u016br\u0119s Belgijos kariuomen\u0119. Antras knygos planas daugybei lietuvi\u0173 ra\u0161ytoj\u0173 vis dar paki\u0161a koj\u0105. Rytis, prie\u0161ingai, veiksmo fon\u0105 tapo meistri\u0161kai. Tokio lengvo romano apie sunki\u0105 m\u016bs\u0173 praeit\u012f netur\u0117jom. Jo reik\u0117jo. Turim.<\/p>\n","protected":false},"featured_media":19565,"comment_status":"open","ping_status":"closed","template":"","meta":{"_acf_changed":false,"site-sidebar-layout":"default","site-content-layout":"","ast-site-content-layout":"default","site-content-style":"default","site-sidebar-style":"default","ast-global-header-display":"","ast-banner-title-visibility":"","ast-main-header-display":"","ast-hfb-above-header-display":"","ast-hfb-below-header-display":"","ast-hfb-mobile-header-display":"","site-post-title":"","ast-breadcrumbs-content":"","ast-featured-img":"","footer-sml-layout":"","ast-disable-related-posts":"","theme-transparent-header-meta":"","adv-header-id-meta":"","stick-header-meta":"","header-above-stick-meta":"","header-main-stick-meta":"","header-below-stick-meta":"","astra-migrate-meta-layouts":"default","ast-page-background-enabled":"default","ast-page-background-meta":{"desktop":{"background-color":"","background-image":"","background-repeat":"repeat","background-position":"center center","background-size":"auto","background-attachment":"scroll","background-type":"","background-media":"","overlay-type":"","overlay-color":"","overlay-opacity":"","overlay-gradient":""},"tablet":{"background-color":"","background-image":"","background-repeat":"repeat","background-position":"center center","background-size":"auto","background-attachment":"scroll","background-type":"","background-media":"","overlay-type":"","overlay-color":"","overlay-opacity":"","overlay-gradient":""},"mobile":{"background-color":"","background-image":"","background-repeat":"repeat","background-position":"center center","background-size":"auto","background-attachment":"scroll","background-type":"","background-media":"","overlay-type":"","overlay-color":"","overlay-opacity":"","overlay-gradient":""}},"ast-content-background-meta":{"desktop":{"background-color":"var(--ast-global-color-4)","background-image":"","background-repeat":"repeat","background-position":"center center","background-size":"auto","background-attachment":"scroll","background-type":"","background-media":"","overlay-type":"","overlay-color":"","overlay-opacity":"","overlay-gradient":""},"tablet":{"background-color":"var(--ast-global-color-4)","background-image":"","background-repeat":"repeat","background-position":"center center","background-size":"auto","background-attachment":"scroll","background-type":"","background-media":"","overlay-type":"","overlay-color":"","overlay-opacity":"","overlay-gradient":""},"mobile":{"background-color":"var(--ast-global-color-4)","background-image":"","background-repeat":"repeat","background-position":"center center","background-size":"auto","background-attachment":"scroll","background-type":"","background-media":"","overlay-type":"","overlay-color":"","overlay-opacity":"","overlay-gradient":""}}},"product_brand":[],"product_cat":[31],"product_tag":[6478,3867,6479,2601,4942],"class_list":{"0":"post-19560","1":"product","2":"type-product","3":"status-publish","4":"has-post-thumbnail","6":"product_cat-grozine-literatura","7":"product_tag-gaonas","8":"product_tag-istorinis-trileris","9":"product_tag-rytis-sabas","10":"product_tag-vilnius","11":"product_tag-zvalgyba","12":"desktop-align-left","13":"tablet-align-left","14":"mobile-align-left","16":"first","17":"instock","18":"shipping-taxable","19":"purchasable","20":"product-type-simple"},"acf":[],"yoast_head":"<!-- This site is optimized with the Yoast SEO plugin v27.0 - https:\/\/yoast.com\/product\/yoast-seo-wordpress\/ -->\n<title>Gaono kodas<\/title>\n<meta name=\"description\" content=\"Breaking news: gim\u0117 naujas ra\u0161ytojas Rytis Sabas. Vilnietis komunikacijos profesionalas, daug keliav\u0119s po pasaul\u012f, aplank\u0119s kar\u0161tuosius ta\u0161kus Irake,\" \/>\n<meta name=\"robots\" content=\"index, follow, max-snippet:-1, max-image-preview:large, max-video-preview:-1\" \/>\n<link rel=\"canonical\" href=\"https:\/\/skaitytaknyga.lt\/en\/produktas\/lt-4\/\" \/>\n<meta property=\"og:locale\" content=\"en_GB\" \/>\n<meta property=\"og:locale:alternate\" content=\"lt_LT\" \/>\n<meta property=\"og:type\" content=\"article\" \/>\n<meta property=\"og:title\" content=\"Gaono kodas\" \/>\n<meta property=\"og:description\" content=\"Breaking news: gim\u0117 naujas ra\u0161ytojas Rytis Sabas. Vilnietis komunikacijos profesionalas, daug keliav\u0119s po pasaul\u012f, aplank\u0119s kar\u0161tuosius ta\u0161kus Irake,\" \/>\n<meta property=\"og:url\" content=\"https:\/\/skaitytaknyga.lt\/en\/produktas\/lt-4\/\" \/>\n<meta property=\"og:site_name\" content=\"Skaitytaknyga\" \/>\n<meta property=\"article:publisher\" content=\"https:\/\/www.facebook.com\/skaitytaknyga\/\" \/>\n<meta property=\"article:modified_time\" content=\"2025-07-22T10:26:47+00:00\" \/>\n<meta property=\"og:image\" content=\"https:\/\/skaitytaknyga.lt\/wp-content\/uploads\/2025\/07\/Gaono-kodas.webp\" \/>\n\t<meta property=\"og:image:width\" content=\"366\" \/>\n\t<meta property=\"og:image:height\" content=\"600\" \/>\n\t<meta property=\"og:image:type\" content=\"image\/webp\" \/>\n<meta name=\"twitter:card\" content=\"summary_large_image\" \/>\n<meta name=\"twitter:label1\" content=\"Estimated reading time\" \/>\n\t<meta name=\"twitter:data1\" content=\"1 minute\" \/>\n<script type=\"application\/ld+json\" class=\"yoast-schema-graph\">{\"@context\":\"https:\/\/schema.org\",\"@graph\":[{\"@type\":\"WebPage\",\"@id\":\"https:\/\/skaitytaknyga.lt\/produktas\/lt-4\/\",\"url\":\"https:\/\/skaitytaknyga.lt\/produktas\/lt-4\/\",\"name\":\"Gaono kodas\",\"isPartOf\":{\"@id\":\"https:\/\/skaitytaknyga.lt\/#website\"},\"primaryImageOfPage\":{\"@id\":\"https:\/\/skaitytaknyga.lt\/produktas\/lt-4\/#primaryimage\"},\"image\":{\"@id\":\"https:\/\/skaitytaknyga.lt\/produktas\/lt-4\/#primaryimage\"},\"thumbnailUrl\":\"https:\/\/skaitytaknyga.lt\/wp-content\/uploads\/2025\/07\/Gaono-kodas.webp\",\"datePublished\":\"2025-07-11T16:55:55+00:00\",\"dateModified\":\"2025-07-22T10:26:47+00:00\",\"description\":\"Breaking news: gim\u0117 naujas ra\u0161ytojas Rytis Sabas. Vilnietis komunikacijos profesionalas, daug keliav\u0119s po pasaul\u012f, aplank\u0119s kar\u0161tuosius ta\u0161kus Irake,\",\"breadcrumb\":{\"@id\":\"https:\/\/skaitytaknyga.lt\/produktas\/lt-4\/#breadcrumb\"},\"inLanguage\":\"en-GB\",\"potentialAction\":[{\"@type\":\"ReadAction\",\"target\":[\"https:\/\/skaitytaknyga.lt\/produktas\/lt-4\/\"]}]},{\"@type\":\"ImageObject\",\"inLanguage\":\"en-GB\",\"@id\":\"https:\/\/skaitytaknyga.lt\/produktas\/lt-4\/#primaryimage\",\"url\":\"https:\/\/skaitytaknyga.lt\/wp-content\/uploads\/2025\/07\/Gaono-kodas.webp\",\"contentUrl\":\"https:\/\/skaitytaknyga.lt\/wp-content\/uploads\/2025\/07\/Gaono-kodas.webp\",\"width\":366,\"height\":600,\"caption\":\"Gaono kodas\"},{\"@type\":\"BreadcrumbList\",\"@id\":\"https:\/\/skaitytaknyga.lt\/produktas\/lt-4\/#breadcrumb\",\"itemListElement\":[{\"@type\":\"ListItem\",\"position\":1,\"name\":\"Home\",\"item\":\"https:\/\/skaitytaknyga.lt\/\"},{\"@type\":\"ListItem\",\"position\":2,\"name\":\"Parduotuv\u0117\",\"item\":\"https:\/\/skaitytaknyga.lt\/knygu-parduotuve\/\"},{\"@type\":\"ListItem\",\"position\":3,\"name\":\"Gaono kodas\"}]},{\"@type\":\"WebSite\",\"@id\":\"https:\/\/skaitytaknyga.lt\/#website\",\"url\":\"https:\/\/skaitytaknyga.lt\/\",\"name\":\"skaitytaknyga.lt\",\"description\":\"Skaitytaknyga.lt \u2013 tai ma\u017eas \u0161eimos verslas, kuris prasid\u0117jo nuo meil\u0117s knygoms ir siekio i\u0161gelb\u0117ti knygas nuo likimo prie konteinerio. Kas vienam nereikalingas daiktas \u2013 kitam lobis, o mes esame tarpininkai, kurie padeda abiems tapti laimingesniems ???? \u017dinome kaip nelengva i\u0161gyventi ma\u017eiems verslams, tad nuo \u0161iol, \u010dia rasite ir kit\u0173, ma\u017e\u0173 \u0161eim\u0173 versl\u0173, rank\u0173 darbo, dovan\u0173 sau ir artimiesiems.\",\"publisher\":{\"@id\":\"https:\/\/skaitytaknyga.lt\/#organization\"},\"potentialAction\":[{\"@type\":\"SearchAction\",\"target\":{\"@type\":\"EntryPoint\",\"urlTemplate\":\"https:\/\/skaitytaknyga.lt\/?s={search_term_string}\"},\"query-input\":{\"@type\":\"PropertyValueSpecification\",\"valueRequired\":true,\"valueName\":\"search_term_string\"}}],\"inLanguage\":\"en-GB\"},{\"@type\":\"Organization\",\"@id\":\"https:\/\/skaitytaknyga.lt\/#organization\",\"name\":\"skaitytaknyga.lt\",\"url\":\"https:\/\/skaitytaknyga.lt\/\",\"logo\":{\"@type\":\"ImageObject\",\"inLanguage\":\"en-GB\",\"@id\":\"https:\/\/skaitytaknyga.lt\/#\/schema\/logo\/image\/\",\"url\":\"https:\/\/skaitytaknyga.lt\/wp-content\/uploads\/2024\/05\/cropped-cropped-cropped-02_00843_jt3bggkj1j3HLc7SyY6rEUpg.jpeg\",\"contentUrl\":\"https:\/\/skaitytaknyga.lt\/wp-content\/uploads\/2024\/05\/cropped-cropped-cropped-02_00843_jt3bggkj1j3HLc7SyY6rEUpg.jpeg\",\"width\":1600,\"height\":1600,\"caption\":\"skaitytaknyga.lt\"},\"image\":{\"@id\":\"https:\/\/skaitytaknyga.lt\/#\/schema\/logo\/image\/\"},\"sameAs\":[\"https:\/\/www.facebook.com\/skaitytaknyga\/\"]}]}<\/script>\n<!-- \/ Yoast SEO plugin. -->","yoast_head_json":{"title":"Gaono kodas","description":"Breaking news: gim\u0117 naujas ra\u0161ytojas Rytis Sabas. Vilnietis komunikacijos profesionalas, daug keliav\u0119s po pasaul\u012f, aplank\u0119s kar\u0161tuosius ta\u0161kus Irake,","robots":{"index":"index","follow":"follow","max-snippet":"max-snippet:-1","max-image-preview":"max-image-preview:large","max-video-preview":"max-video-preview:-1"},"canonical":"https:\/\/skaitytaknyga.lt\/en\/produktas\/lt-4\/","og_locale":"en_GB","og_type":"article","og_title":"[:lt]Gaono kodas[:] - Skaitytaknyga","og_description":"Breaking news: gim\u0117 naujas ra\u0161ytojas Rytis Sabas. Vilnietis komunikacijos profesionalas, daug keliav\u0119s po pasaul\u012f, aplank\u0119s kar\u0161tuosius ta\u0161kus Irake,","og_url":"https:\/\/skaitytaknyga.lt\/en\/produktas\/lt-4\/","og_site_name":"Skaitytaknyga","article_publisher":"https:\/\/www.facebook.com\/skaitytaknyga\/","article_modified_time":"2025-07-22T10:26:47+00:00","og_image":[{"width":366,"height":600,"url":"https:\/\/skaitytaknyga.lt\/wp-content\/uploads\/2025\/07\/Gaono-kodas.webp","type":"image\/webp"}],"twitter_card":"summary_large_image","twitter_misc":{"Estimated reading time":"1 minute"},"schema":{"@context":"https:\/\/schema.org","@graph":[{"@type":"WebPage","@id":"https:\/\/skaitytaknyga.lt\/produktas\/lt-4\/","url":"https:\/\/skaitytaknyga.lt\/produktas\/lt-4\/","name":"Gaono kodas","isPartOf":{"@id":"https:\/\/skaitytaknyga.lt\/#website"},"primaryImageOfPage":{"@id":"https:\/\/skaitytaknyga.lt\/produktas\/lt-4\/#primaryimage"},"image":{"@id":"https:\/\/skaitytaknyga.lt\/produktas\/lt-4\/#primaryimage"},"thumbnailUrl":"https:\/\/skaitytaknyga.lt\/wp-content\/uploads\/2025\/07\/Gaono-kodas.webp","datePublished":"2025-07-11T16:55:55+00:00","dateModified":"2025-07-22T10:26:47+00:00","description":"Breaking news: gim\u0117 naujas ra\u0161ytojas Rytis Sabas. Vilnietis komunikacijos profesionalas, daug keliav\u0119s po pasaul\u012f, aplank\u0119s kar\u0161tuosius ta\u0161kus Irake,","breadcrumb":{"@id":"https:\/\/skaitytaknyga.lt\/produktas\/lt-4\/#breadcrumb"},"inLanguage":"en-GB","potentialAction":[{"@type":"ReadAction","target":["https:\/\/skaitytaknyga.lt\/produktas\/lt-4\/"]}]},{"@type":"ImageObject","inLanguage":"en-GB","@id":"https:\/\/skaitytaknyga.lt\/produktas\/lt-4\/#primaryimage","url":"https:\/\/skaitytaknyga.lt\/wp-content\/uploads\/2025\/07\/Gaono-kodas.webp","contentUrl":"https:\/\/skaitytaknyga.lt\/wp-content\/uploads\/2025\/07\/Gaono-kodas.webp","width":366,"height":600,"caption":"Gaono kodas"},{"@type":"BreadcrumbList","@id":"https:\/\/skaitytaknyga.lt\/produktas\/lt-4\/#breadcrumb","itemListElement":[{"@type":"ListItem","position":1,"name":"Home","item":"https:\/\/skaitytaknyga.lt\/"},{"@type":"ListItem","position":2,"name":"Parduotuv\u0117","item":"https:\/\/skaitytaknyga.lt\/knygu-parduotuve\/"},{"@type":"ListItem","position":3,"name":"Gaono kodas"}]},{"@type":"WebSite","@id":"https:\/\/skaitytaknyga.lt\/#website","url":"https:\/\/skaitytaknyga.lt\/","name":"skaitytaknyga.lt","description":"Skaitytaknyga.lt \u2013 tai ma\u017eas \u0161eimos verslas, kuris prasid\u0117jo nuo meil\u0117s knygoms ir siekio i\u0161gelb\u0117ti knygas nuo likimo prie konteinerio. Kas vienam nereikalingas daiktas \u2013 kitam lobis, o mes esame tarpininkai, kurie padeda abiems tapti laimingesniems ???? \u017dinome kaip nelengva i\u0161gyventi ma\u017eiems verslams, tad nuo \u0161iol, \u010dia rasite ir kit\u0173, ma\u017e\u0173 \u0161eim\u0173 versl\u0173, rank\u0173 darbo, dovan\u0173 sau ir artimiesiems.","publisher":{"@id":"https:\/\/skaitytaknyga.lt\/#organization"},"potentialAction":[{"@type":"SearchAction","target":{"@type":"EntryPoint","urlTemplate":"https:\/\/skaitytaknyga.lt\/?s={search_term_string}"},"query-input":{"@type":"PropertyValueSpecification","valueRequired":true,"valueName":"search_term_string"}}],"inLanguage":"en-GB"},{"@type":"Organization","@id":"https:\/\/skaitytaknyga.lt\/#organization","name":"skaitytaknyga.lt","url":"https:\/\/skaitytaknyga.lt\/","logo":{"@type":"ImageObject","inLanguage":"en-GB","@id":"https:\/\/skaitytaknyga.lt\/#\/schema\/logo\/image\/","url":"https:\/\/skaitytaknyga.lt\/wp-content\/uploads\/2024\/05\/cropped-cropped-cropped-02_00843_jt3bggkj1j3HLc7SyY6rEUpg.jpeg","contentUrl":"https:\/\/skaitytaknyga.lt\/wp-content\/uploads\/2024\/05\/cropped-cropped-cropped-02_00843_jt3bggkj1j3HLc7SyY6rEUpg.jpeg","width":1600,"height":1600,"caption":"skaitytaknyga.lt"},"image":{"@id":"https:\/\/skaitytaknyga.lt\/#\/schema\/logo\/image\/"},"sameAs":["https:\/\/www.facebook.com\/skaitytaknyga\/"]}]}},"_links":{"self":[{"href":"https:\/\/skaitytaknyga.lt\/en\/wp-json\/wp\/v2\/product\/19560","targetHints":{"allow":["GET"]}}],"collection":[{"href":"https:\/\/skaitytaknyga.lt\/en\/wp-json\/wp\/v2\/product"}],"about":[{"href":"https:\/\/skaitytaknyga.lt\/en\/wp-json\/wp\/v2\/types\/product"}],"replies":[{"embeddable":true,"href":"https:\/\/skaitytaknyga.lt\/en\/wp-json\/wp\/v2\/comments?post=19560"}],"wp:featuredmedia":[{"embeddable":true,"href":"https:\/\/skaitytaknyga.lt\/en\/wp-json\/wp\/v2\/media\/19565"}],"wp:attachment":[{"href":"https:\/\/skaitytaknyga.lt\/en\/wp-json\/wp\/v2\/media?parent=19560"}],"wp:term":[{"taxonomy":"product_brand","embeddable":true,"href":"https:\/\/skaitytaknyga.lt\/en\/wp-json\/wp\/v2\/product_brand?post=19560"},{"taxonomy":"product_cat","embeddable":true,"href":"https:\/\/skaitytaknyga.lt\/en\/wp-json\/wp\/v2\/product_cat?post=19560"},{"taxonomy":"product_tag","embeddable":true,"href":"https:\/\/skaitytaknyga.lt\/en\/wp-json\/wp\/v2\/product_tag?post=19560"}],"curies":[{"name":"wp","href":"https:\/\/api.w.org\/{rel}","templated":true}]}}