{"id":19559,"date":"2025-07-11T19:55:55","date_gmt":"2025-07-11T16:55:55","guid":{"rendered":"https:\/\/skaitytaknyga.lt\/?post_type=product&#038;p=19559"},"modified":"2025-08-01T08:22:05","modified_gmt":"2025-08-01T05:22:05","slug":"7-samones-augimo-ciklai-3-knyga","status":"publish","type":"product","link":"https:\/\/skaitytaknyga.lt\/en\/produktas\/7-samones-augimo-ciklai-3-knyga\/","title":{"rendered":"7 s\u0105mon\u0117s augimo ciklai. 3 knyga"},"content":{"rendered":"<p>Violet\u0105 Petraitien\u0119 daug kas pa\u017e\u012fsta kaip knyg\u0173 serijos &#8220;Sav\u0119s ir visatos pa\u017einimo link&#8221; autor\u0119. &#8220;7 s\u0105mon\u0117s augimo ciklai&#8221; \u2013 tai tre\u010dia Violetos serija. Kaip ir ankstesn\u0117je, taip ir \u0161ioje, visos u\u017era\u0161ytos \u017einios buvo gautos i\u0161 subtiliojo pasaulio per s\u0105mon\u0117s kanal\u0105.<\/p>\n<p>&#8220;7 s\u0105mon\u0117s augimo ciklai&#8221; skatina pa\u017einti savo vidin\u012f pasaul\u012f bei subtil\u0173j\u012f pasaul\u012f, kad per savo asmenines patirtis skaitytojas gal\u0117t\u0173 susikurti tvirtas vertybes, kurios skatint\u0173 s\u0105mon\u0117s augim\u0105, o kartu ir pagarb\u0105 K\u016br\u0117jui.<\/p>\n<p>Autor\u0117 tikisi, kad \u0161ios \u017einios kiekvienam pad\u0117s suprasti savo gyvenimo ties\u0105, i\u0161mokys gyventi s\u0105moningai, o daugeliui patvirtins tai, k\u0105 jis jaut\u0117, \u017einojo, bet negal\u0117jo sau tiksliai \u012fvardyti, ir suteiks dr\u0105sos tik\u0117ti savimi ir K\u016br\u0117ju.<\/p>\n","protected":false},"excerpt":{"rendered":"<p>Violet\u0105 Petraitien\u0119 daug kas pa\u017e\u012fsta kaip knyg\u0173 serijos &#8220;Sav\u0119s ir visatos pa\u017einimo link&#8221; autor\u0119. &#8220;7 s\u0105mon\u0117s augimo ciklai&#8221; \u2013 tai tre\u010dia Violetos serija. Kaip ir ankstesn\u0117je, taip ir \u0161ioje, visos u\u017era\u0161ytos \u017einios buvo gautos i\u0161 subtiliojo pasaulio per s\u0105mon\u0117s kanal\u0105. &#8220;7 s\u0105mon\u0117s augimo ciklai&#8221; skatina pa\u017einti savo vidin\u012f pasaul\u012f bei subtil\u0173j\u012f pasaul\u012f, kad per savo asmenines patirtis skaitytojas gal\u0117t\u0173 susikurti tvirtas vertybes, kurios skatint\u0173 s\u0105mon\u0117s augim\u0105, o kartu ir pagarb\u0105 K\u016br\u0117jui. Autor\u0117 tikisi, kad \u0161ios \u017einios kiekvienam pad\u0117s suprasti savo gyvenimo ties\u0105, i\u0161mokys gyventi s\u0105moningai, o daugeliui patvirtins tai, k\u0105 jis jaut\u0117, \u017einojo, bet negal\u0117jo sau tiksliai \u012fvardyti, ir suteiks dr\u0105sos tik\u0117ti savimi ir K\u016br\u0117ju.<\/p>\n","protected":false},"featured_media":19564,"comment_status":"open","ping_status":"closed","template":"","meta":{"_acf_changed":false,"site-sidebar-layout":"default","site-content-layout":"","ast-site-content-layout":"default","site-content-style":"default","site-sidebar-style":"default","ast-global-header-display":"","ast-banner-title-visibility":"","ast-main-header-display":"","ast-hfb-above-header-display":"","ast-hfb-below-header-display":"","ast-hfb-mobile-header-display":"","site-post-title":"","ast-breadcrumbs-content":"","ast-featured-img":"","footer-sml-layout":"","ast-disable-related-posts":"","theme-transparent-header-meta":"","adv-header-id-meta":"","stick-header-meta":"","header-above-stick-meta":"","header-main-stick-meta":"","header-below-stick-meta":"","astra-migrate-meta-layouts":"default","ast-page-background-enabled":"default","ast-page-background-meta":{"desktop":{"background-color":"","background-image":"","background-repeat":"repeat","background-position":"center center","background-size":"auto","background-attachment":"scroll","background-type":"","background-media":"","overlay-type":"","overlay-color":"","overlay-opacity":"","overlay-gradient":""},"tablet":{"background-color":"","background-image":"","background-repeat":"repeat","background-position":"center center","background-size":"auto","background-attachment":"scroll","background-type":"","background-media":"","overlay-type":"","overlay-color":"","overlay-opacity":"","overlay-gradient":""},"mobile":{"background-color":"","background-image":"","background-repeat":"repeat","background-position":"center center","background-size":"auto","background-attachment":"scroll","background-type":"","background-media":"","overlay-type":"","overlay-color":"","overlay-opacity":"","overlay-gradient":""}},"ast-content-background-meta":{"desktop":{"background-color":"var(--ast-global-color-4)","background-image":"","background-repeat":"repeat","background-position":"center center","background-size":"auto","background-attachment":"scroll","background-type":"","background-media":"","overlay-type":"","overlay-color":"","overlay-opacity":"","overlay-gradient":""},"tablet":{"background-color":"var(--ast-global-color-4)","background-image":"","background-repeat":"repeat","background-position":"center center","background-size":"auto","background-attachment":"scroll","background-type":"","background-media":"","overlay-type":"","overlay-color":"","overlay-opacity":"","overlay-gradient":""},"mobile":{"background-color":"var(--ast-global-color-4)","background-image":"","background-repeat":"repeat","background-position":"center center","background-size":"auto","background-attachment":"scroll","background-type":"","background-media":"","overlay-type":"","overlay-color":"","overlay-opacity":"","overlay-gradient":""}}},"product_brand":[],"product_cat":[165],"product_tag":[2508,6475,6476,6477],"class_list":{"0":"post-19559","1":"product","2":"type-product","3":"status-publish","4":"has-post-thumbnail","6":"product_cat-religija-filosofija-ir-ezoterika","7":"product_tag-dvasine-raida","8":"product_tag-samones-augimas","9":"product_tag-subtilus-pasaulis","10":"product_tag-violeta-petraitiene","11":"desktop-align-left","12":"tablet-align-left","13":"mobile-align-left","15":"first","16":"instock","17":"shipping-taxable","18":"purchasable","19":"product-type-simple"},"acf":[],"yoast_head":"<!-- This site is optimized with the Yoast SEO plugin v27.0 - https:\/\/yoast.com\/product\/yoast-seo-wordpress\/ -->\n<title>7 s\u0105mon\u0117s augimo ciklai. 3 knyga<\/title>\n<meta name=\"description\" content=\"Violet\u0105 Petraitien\u0119 daug kas pa\u017e\u012fsta kaip knyg\u0173 serijos &quot;Sav\u0119s ir visatos pa\u017einimo link&quot; autor\u0119. &quot;7 s\u0105mon\u0117s augimo ciklai&quot; \u2013 tai tre\u010dia Violetos serija.\" \/>\n<meta name=\"robots\" content=\"index, follow, max-snippet:-1, max-image-preview:large, max-video-preview:-1\" \/>\n<link rel=\"canonical\" href=\"https:\/\/skaitytaknyga.lt\/en\/produktas\/7-samones-augimo-ciklai-3-knyga\/\" \/>\n<meta property=\"og:locale\" content=\"en_GB\" \/>\n<meta property=\"og:locale:alternate\" content=\"lt_LT\" \/>\n<meta property=\"og:type\" content=\"article\" \/>\n<meta property=\"og:title\" content=\"7 s\u0105mon\u0117s augimo ciklai. 3 knyga\" \/>\n<meta property=\"og:description\" content=\"Violet\u0105 Petraitien\u0119 daug kas pa\u017e\u012fsta kaip knyg\u0173 serijos &quot;Sav\u0119s ir visatos pa\u017einimo link&quot; autor\u0119. &quot;7 s\u0105mon\u0117s augimo ciklai&quot; \u2013 tai tre\u010dia Violetos serija.\" \/>\n<meta property=\"og:url\" content=\"https:\/\/skaitytaknyga.lt\/en\/produktas\/7-samones-augimo-ciklai-3-knyga\/\" \/>\n<meta property=\"og:site_name\" content=\"Skaitytaknyga\" \/>\n<meta property=\"article:publisher\" content=\"https:\/\/www.facebook.com\/skaitytaknyga\/\" \/>\n<meta property=\"article:modified_time\" content=\"2025-08-01T05:22:05+00:00\" \/>\n<meta property=\"og:image\" content=\"https:\/\/skaitytaknyga.lt\/wp-content\/uploads\/2025\/07\/7-samones-augimo-ciklai.-3-knyga.webp\" \/>\n\t<meta property=\"og:image:width\" content=\"528\" \/>\n\t<meta property=\"og:image:height\" content=\"778\" \/>\n\t<meta property=\"og:image:type\" content=\"image\/webp\" \/>\n<meta name=\"twitter:card\" content=\"summary_large_image\" \/>\n<meta name=\"twitter:label1\" content=\"Estimated reading time\" \/>\n\t<meta name=\"twitter:data1\" content=\"1 minute\" \/>\n<script type=\"application\/ld+json\" class=\"yoast-schema-graph\">{\"@context\":\"https:\/\/schema.org\",\"@graph\":[{\"@type\":\"WebPage\",\"@id\":\"https:\/\/skaitytaknyga.lt\/produktas\/7-samones-augimo-ciklai-3-knyga\/\",\"url\":\"https:\/\/skaitytaknyga.lt\/produktas\/7-samones-augimo-ciklai-3-knyga\/\",\"name\":\"7 s\u0105mon\u0117s augimo ciklai. 3 knyga\",\"isPartOf\":{\"@id\":\"https:\/\/skaitytaknyga.lt\/#website\"},\"primaryImageOfPage\":{\"@id\":\"https:\/\/skaitytaknyga.lt\/produktas\/7-samones-augimo-ciklai-3-knyga\/#primaryimage\"},\"image\":{\"@id\":\"https:\/\/skaitytaknyga.lt\/produktas\/7-samones-augimo-ciklai-3-knyga\/#primaryimage\"},\"thumbnailUrl\":\"https:\/\/skaitytaknyga.lt\/wp-content\/uploads\/2025\/07\/7-samones-augimo-ciklai.-3-knyga.webp\",\"datePublished\":\"2025-07-11T16:55:55+00:00\",\"dateModified\":\"2025-08-01T05:22:05+00:00\",\"description\":\"Violet\u0105 Petraitien\u0119 daug kas pa\u017e\u012fsta kaip knyg\u0173 serijos \\\"Sav\u0119s ir visatos pa\u017einimo link\\\" autor\u0119. \\\"7 s\u0105mon\u0117s augimo ciklai\\\" \u2013 tai tre\u010dia Violetos serija.\",\"breadcrumb\":{\"@id\":\"https:\/\/skaitytaknyga.lt\/produktas\/7-samones-augimo-ciklai-3-knyga\/#breadcrumb\"},\"inLanguage\":\"en-GB\",\"potentialAction\":[{\"@type\":\"ReadAction\",\"target\":[\"https:\/\/skaitytaknyga.lt\/produktas\/7-samones-augimo-ciklai-3-knyga\/\"]}]},{\"@type\":\"ImageObject\",\"inLanguage\":\"en-GB\",\"@id\":\"https:\/\/skaitytaknyga.lt\/produktas\/7-samones-augimo-ciklai-3-knyga\/#primaryimage\",\"url\":\"https:\/\/skaitytaknyga.lt\/wp-content\/uploads\/2025\/07\/7-samones-augimo-ciklai.-3-knyga.webp\",\"contentUrl\":\"https:\/\/skaitytaknyga.lt\/wp-content\/uploads\/2025\/07\/7-samones-augimo-ciklai.-3-knyga.webp\",\"width\":528,\"height\":778,\"caption\":\"7 s\u0105mon\u0117s augimo ciklai. 3 knyga\"},{\"@type\":\"BreadcrumbList\",\"@id\":\"https:\/\/skaitytaknyga.lt\/produktas\/7-samones-augimo-ciklai-3-knyga\/#breadcrumb\",\"itemListElement\":[{\"@type\":\"ListItem\",\"position\":1,\"name\":\"Home\",\"item\":\"https:\/\/skaitytaknyga.lt\/\"},{\"@type\":\"ListItem\",\"position\":2,\"name\":\"Parduotuv\u0117\",\"item\":\"https:\/\/skaitytaknyga.lt\/knygu-parduotuve\/\"},{\"@type\":\"ListItem\",\"position\":3,\"name\":\"7 s\u0105mon\u0117s augimo ciklai. 3 knyga\"}]},{\"@type\":\"WebSite\",\"@id\":\"https:\/\/skaitytaknyga.lt\/#website\",\"url\":\"https:\/\/skaitytaknyga.lt\/\",\"name\":\"skaitytaknyga.lt\",\"description\":\"Skaitytaknyga.lt \u2013 tai ma\u017eas \u0161eimos verslas, kuris prasid\u0117jo nuo meil\u0117s knygoms ir siekio i\u0161gelb\u0117ti knygas nuo likimo prie konteinerio. Kas vienam nereikalingas daiktas \u2013 kitam lobis, o mes esame tarpininkai, kurie padeda abiems tapti laimingesniems ???? \u017dinome kaip nelengva i\u0161gyventi ma\u017eiems verslams, tad nuo \u0161iol, \u010dia rasite ir kit\u0173, ma\u017e\u0173 \u0161eim\u0173 versl\u0173, rank\u0173 darbo, dovan\u0173 sau ir artimiesiems.\",\"publisher\":{\"@id\":\"https:\/\/skaitytaknyga.lt\/#organization\"},\"potentialAction\":[{\"@type\":\"SearchAction\",\"target\":{\"@type\":\"EntryPoint\",\"urlTemplate\":\"https:\/\/skaitytaknyga.lt\/?s={search_term_string}\"},\"query-input\":{\"@type\":\"PropertyValueSpecification\",\"valueRequired\":true,\"valueName\":\"search_term_string\"}}],\"inLanguage\":\"en-GB\"},{\"@type\":\"Organization\",\"@id\":\"https:\/\/skaitytaknyga.lt\/#organization\",\"name\":\"skaitytaknyga.lt\",\"url\":\"https:\/\/skaitytaknyga.lt\/\",\"logo\":{\"@type\":\"ImageObject\",\"inLanguage\":\"en-GB\",\"@id\":\"https:\/\/skaitytaknyga.lt\/#\/schema\/logo\/image\/\",\"url\":\"https:\/\/skaitytaknyga.lt\/wp-content\/uploads\/2024\/05\/cropped-cropped-cropped-02_00843_jt3bggkj1j3HLc7SyY6rEUpg.jpeg\",\"contentUrl\":\"https:\/\/skaitytaknyga.lt\/wp-content\/uploads\/2024\/05\/cropped-cropped-cropped-02_00843_jt3bggkj1j3HLc7SyY6rEUpg.jpeg\",\"width\":1600,\"height\":1600,\"caption\":\"skaitytaknyga.lt\"},\"image\":{\"@id\":\"https:\/\/skaitytaknyga.lt\/#\/schema\/logo\/image\/\"},\"sameAs\":[\"https:\/\/www.facebook.com\/skaitytaknyga\/\"]}]}<\/script>\n<!-- \/ Yoast SEO plugin. -->","yoast_head_json":{"title":"7 s\u0105mon\u0117s augimo ciklai. 3 knyga","description":"Violet\u0105 Petraitien\u0119 daug kas pa\u017e\u012fsta kaip knyg\u0173 serijos \"Sav\u0119s ir visatos pa\u017einimo link\" autor\u0119. \"7 s\u0105mon\u0117s augimo ciklai\" \u2013 tai tre\u010dia Violetos serija.","robots":{"index":"index","follow":"follow","max-snippet":"max-snippet:-1","max-image-preview":"max-image-preview:large","max-video-preview":"max-video-preview:-1"},"canonical":"https:\/\/skaitytaknyga.lt\/en\/produktas\/7-samones-augimo-ciklai-3-knyga\/","og_locale":"en_GB","og_type":"article","og_title":"[:lt]7 s\u0105mon\u0117s augimo ciklai. 3 knyga[:] - Skaitytaknyga","og_description":"Violet\u0105 Petraitien\u0119 daug kas pa\u017e\u012fsta kaip knyg\u0173 serijos \"Sav\u0119s ir visatos pa\u017einimo link\" autor\u0119. \"7 s\u0105mon\u0117s augimo ciklai\" \u2013 tai tre\u010dia Violetos serija.","og_url":"https:\/\/skaitytaknyga.lt\/en\/produktas\/7-samones-augimo-ciklai-3-knyga\/","og_site_name":"Skaitytaknyga","article_publisher":"https:\/\/www.facebook.com\/skaitytaknyga\/","article_modified_time":"2025-08-01T05:22:05+00:00","og_image":[{"width":528,"height":778,"url":"https:\/\/skaitytaknyga.lt\/wp-content\/uploads\/2025\/07\/7-samones-augimo-ciklai.-3-knyga.webp","type":"image\/webp"}],"twitter_card":"summary_large_image","twitter_misc":{"Estimated reading time":"1 minute"},"schema":{"@context":"https:\/\/schema.org","@graph":[{"@type":"WebPage","@id":"https:\/\/skaitytaknyga.lt\/produktas\/7-samones-augimo-ciklai-3-knyga\/","url":"https:\/\/skaitytaknyga.lt\/produktas\/7-samones-augimo-ciklai-3-knyga\/","name":"7 s\u0105mon\u0117s augimo ciklai. 3 knyga","isPartOf":{"@id":"https:\/\/skaitytaknyga.lt\/#website"},"primaryImageOfPage":{"@id":"https:\/\/skaitytaknyga.lt\/produktas\/7-samones-augimo-ciklai-3-knyga\/#primaryimage"},"image":{"@id":"https:\/\/skaitytaknyga.lt\/produktas\/7-samones-augimo-ciklai-3-knyga\/#primaryimage"},"thumbnailUrl":"https:\/\/skaitytaknyga.lt\/wp-content\/uploads\/2025\/07\/7-samones-augimo-ciklai.-3-knyga.webp","datePublished":"2025-07-11T16:55:55+00:00","dateModified":"2025-08-01T05:22:05+00:00","description":"Violet\u0105 Petraitien\u0119 daug kas pa\u017e\u012fsta kaip knyg\u0173 serijos \"Sav\u0119s ir visatos pa\u017einimo link\" autor\u0119. \"7 s\u0105mon\u0117s augimo ciklai\" \u2013 tai tre\u010dia Violetos serija.","breadcrumb":{"@id":"https:\/\/skaitytaknyga.lt\/produktas\/7-samones-augimo-ciklai-3-knyga\/#breadcrumb"},"inLanguage":"en-GB","potentialAction":[{"@type":"ReadAction","target":["https:\/\/skaitytaknyga.lt\/produktas\/7-samones-augimo-ciklai-3-knyga\/"]}]},{"@type":"ImageObject","inLanguage":"en-GB","@id":"https:\/\/skaitytaknyga.lt\/produktas\/7-samones-augimo-ciklai-3-knyga\/#primaryimage","url":"https:\/\/skaitytaknyga.lt\/wp-content\/uploads\/2025\/07\/7-samones-augimo-ciklai.-3-knyga.webp","contentUrl":"https:\/\/skaitytaknyga.lt\/wp-content\/uploads\/2025\/07\/7-samones-augimo-ciklai.-3-knyga.webp","width":528,"height":778,"caption":"7 s\u0105mon\u0117s augimo ciklai. 3 knyga"},{"@type":"BreadcrumbList","@id":"https:\/\/skaitytaknyga.lt\/produktas\/7-samones-augimo-ciklai-3-knyga\/#breadcrumb","itemListElement":[{"@type":"ListItem","position":1,"name":"Home","item":"https:\/\/skaitytaknyga.lt\/"},{"@type":"ListItem","position":2,"name":"Parduotuv\u0117","item":"https:\/\/skaitytaknyga.lt\/knygu-parduotuve\/"},{"@type":"ListItem","position":3,"name":"7 s\u0105mon\u0117s augimo ciklai. 3 knyga"}]},{"@type":"WebSite","@id":"https:\/\/skaitytaknyga.lt\/#website","url":"https:\/\/skaitytaknyga.lt\/","name":"skaitytaknyga.lt","description":"Skaitytaknyga.lt \u2013 tai ma\u017eas \u0161eimos verslas, kuris prasid\u0117jo nuo meil\u0117s knygoms ir siekio i\u0161gelb\u0117ti knygas nuo likimo prie konteinerio. Kas vienam nereikalingas daiktas \u2013 kitam lobis, o mes esame tarpininkai, kurie padeda abiems tapti laimingesniems ???? \u017dinome kaip nelengva i\u0161gyventi ma\u017eiems verslams, tad nuo \u0161iol, \u010dia rasite ir kit\u0173, ma\u017e\u0173 \u0161eim\u0173 versl\u0173, rank\u0173 darbo, dovan\u0173 sau ir artimiesiems.","publisher":{"@id":"https:\/\/skaitytaknyga.lt\/#organization"},"potentialAction":[{"@type":"SearchAction","target":{"@type":"EntryPoint","urlTemplate":"https:\/\/skaitytaknyga.lt\/?s={search_term_string}"},"query-input":{"@type":"PropertyValueSpecification","valueRequired":true,"valueName":"search_term_string"}}],"inLanguage":"en-GB"},{"@type":"Organization","@id":"https:\/\/skaitytaknyga.lt\/#organization","name":"skaitytaknyga.lt","url":"https:\/\/skaitytaknyga.lt\/","logo":{"@type":"ImageObject","inLanguage":"en-GB","@id":"https:\/\/skaitytaknyga.lt\/#\/schema\/logo\/image\/","url":"https:\/\/skaitytaknyga.lt\/wp-content\/uploads\/2024\/05\/cropped-cropped-cropped-02_00843_jt3bggkj1j3HLc7SyY6rEUpg.jpeg","contentUrl":"https:\/\/skaitytaknyga.lt\/wp-content\/uploads\/2024\/05\/cropped-cropped-cropped-02_00843_jt3bggkj1j3HLc7SyY6rEUpg.jpeg","width":1600,"height":1600,"caption":"skaitytaknyga.lt"},"image":{"@id":"https:\/\/skaitytaknyga.lt\/#\/schema\/logo\/image\/"},"sameAs":["https:\/\/www.facebook.com\/skaitytaknyga\/"]}]}},"_links":{"self":[{"href":"https:\/\/skaitytaknyga.lt\/en\/wp-json\/wp\/v2\/product\/19559","targetHints":{"allow":["GET"]}}],"collection":[{"href":"https:\/\/skaitytaknyga.lt\/en\/wp-json\/wp\/v2\/product"}],"about":[{"href":"https:\/\/skaitytaknyga.lt\/en\/wp-json\/wp\/v2\/types\/product"}],"replies":[{"embeddable":true,"href":"https:\/\/skaitytaknyga.lt\/en\/wp-json\/wp\/v2\/comments?post=19559"}],"wp:featuredmedia":[{"embeddable":true,"href":"https:\/\/skaitytaknyga.lt\/en\/wp-json\/wp\/v2\/media\/19564"}],"wp:attachment":[{"href":"https:\/\/skaitytaknyga.lt\/en\/wp-json\/wp\/v2\/media?parent=19559"}],"wp:term":[{"taxonomy":"product_brand","embeddable":true,"href":"https:\/\/skaitytaknyga.lt\/en\/wp-json\/wp\/v2\/product_brand?post=19559"},{"taxonomy":"product_cat","embeddable":true,"href":"https:\/\/skaitytaknyga.lt\/en\/wp-json\/wp\/v2\/product_cat?post=19559"},{"taxonomy":"product_tag","embeddable":true,"href":"https:\/\/skaitytaknyga.lt\/en\/wp-json\/wp\/v2\/product_tag?post=19559"}],"curies":[{"name":"wp","href":"https:\/\/api.w.org\/{rel}","templated":true}]}}