{"id":19558,"date":"2025-07-11T19:55:55","date_gmt":"2025-07-11T16:55:55","guid":{"rendered":"https:\/\/skaitytaknyga.lt\/?post_type=product&#038;p=19558"},"modified":"2025-08-01T08:22:05","modified_gmt":"2025-08-01T05:22:05","slug":"moters-magijos-mokykla","status":"publish","type":"product","link":"https:\/\/skaitytaknyga.lt\/en\/produktas\/moters-magijos-mokykla\/","title":{"rendered":"Moters magijos mokykla"},"content":{"rendered":"<p>Andr\u0117 Pabar\u010di\u016bt\u0117 14 met\u0173 profesionaliai tobul\u0117ja asmeninio augimo srityje. Autor\u0117 yra \u201eMoters magijos mokyklos\u201c \u012fk\u016br\u0117ja, mokytoja, emocinio intelekto lavinimo specialist\u0117.<\/p>\n<p>\u201eMoters magijos mokykla\u201c \u2013 unikali moters asmeninio tobul\u0117jimo mokykla, i\u0161laisvinanti ir padedanti atskleisti moteri\u0161k\u0105 prigimt\u012f, ypatingus talentus ir galias.<\/p>\n<p>\u201eMoters magijos mokykla\u201c yra tarsi autor\u0117s asmenin\u0117s, taip pat konkre\u010di\u0173 moter\u0173 patirties \u012fprasminimas. \u010cia atskleid\u017eiamos veiksmingos metodikos pad\u0117s kiekvienai atrasti rakt\u0105 \u012f savirai\u0161k\u0105, atskleisti stipri\u0105sias puses ir viduje snaud\u017eian\u010dius talentus, i\u0161mokys pasitik\u0117ti savimi, atsikratyti kompleks\u0173, ugdyti intuicij\u0105, perprasti erotikos meno ir santyki\u0173 subtilybes, sukurti harmoning\u0105 ry\u0161\u012f su savimi ir aplinka.<\/p>\n","protected":false},"excerpt":{"rendered":"<p>Andr\u0117 Pabar\u010di\u016bt\u0117 14 met\u0173 profesionaliai tobul\u0117ja asmeninio augimo srityje. Autor\u0117 yra \u201eMoters magijos mokyklos\u201c \u012fk\u016br\u0117ja, mokytoja, emocinio intelekto lavinimo specialist\u0117. \u201eMoters magijos mokykla\u201c \u2013 unikali moters asmeninio tobul\u0117jimo mokykla, i\u0161laisvinanti ir padedanti atskleisti moteri\u0161k\u0105 prigimt\u012f, ypatingus talentus ir galias. \u201eMoters magijos mokykla\u201c yra tarsi autor\u0117s asmenin\u0117s, taip pat konkre\u010di\u0173 moter\u0173 patirties \u012fprasminimas. \u010cia atskleid\u017eiamos veiksmingos metodikos pad\u0117s kiekvienai atrasti rakt\u0105 \u012f savirai\u0161k\u0105, atskleisti stipri\u0105sias puses ir viduje snaud\u017eian\u010dius talentus, i\u0161mokys pasitik\u0117ti savimi, atsikratyti kompleks\u0173, ugdyti intuicij\u0105, perprasti erotikos meno ir santyki\u0173 subtilybes, sukurti harmoning\u0105 ry\u0161\u012f su savimi ir aplinka.<\/p>\n","protected":false},"featured_media":19563,"comment_status":"open","ping_status":"closed","template":"","meta":{"_acf_changed":false,"site-sidebar-layout":"default","site-content-layout":"","ast-site-content-layout":"default","site-content-style":"default","site-sidebar-style":"default","ast-global-header-display":"","ast-banner-title-visibility":"","ast-main-header-display":"","ast-hfb-above-header-display":"","ast-hfb-below-header-display":"","ast-hfb-mobile-header-display":"","site-post-title":"","ast-breadcrumbs-content":"","ast-featured-img":"","footer-sml-layout":"","ast-disable-related-posts":"","theme-transparent-header-meta":"","adv-header-id-meta":"","stick-header-meta":"","header-above-stick-meta":"","header-main-stick-meta":"","header-below-stick-meta":"","astra-migrate-meta-layouts":"default","ast-page-background-enabled":"default","ast-page-background-meta":{"desktop":{"background-color":"","background-image":"","background-repeat":"repeat","background-position":"center center","background-size":"auto","background-attachment":"scroll","background-type":"","background-media":"","overlay-type":"","overlay-color":"","overlay-opacity":"","overlay-gradient":""},"tablet":{"background-color":"","background-image":"","background-repeat":"repeat","background-position":"center center","background-size":"auto","background-attachment":"scroll","background-type":"","background-media":"","overlay-type":"","overlay-color":"","overlay-opacity":"","overlay-gradient":""},"mobile":{"background-color":"","background-image":"","background-repeat":"repeat","background-position":"center center","background-size":"auto","background-attachment":"scroll","background-type":"","background-media":"","overlay-type":"","overlay-color":"","overlay-opacity":"","overlay-gradient":""}},"ast-content-background-meta":{"desktop":{"background-color":"var(--ast-global-color-4)","background-image":"","background-repeat":"repeat","background-position":"center center","background-size":"auto","background-attachment":"scroll","background-type":"","background-media":"","overlay-type":"","overlay-color":"","overlay-opacity":"","overlay-gradient":""},"tablet":{"background-color":"var(--ast-global-color-4)","background-image":"","background-repeat":"repeat","background-position":"center center","background-size":"auto","background-attachment":"scroll","background-type":"","background-media":"","overlay-type":"","overlay-color":"","overlay-opacity":"","overlay-gradient":""},"mobile":{"background-color":"var(--ast-global-color-4)","background-image":"","background-repeat":"repeat","background-position":"center center","background-size":"auto","background-attachment":"scroll","background-type":"","background-media":"","overlay-type":"","overlay-color":"","overlay-opacity":"","overlay-gradient":""}}},"product_brand":[],"product_cat":[165],"product_tag":[6506,1399,1397,5024],"class_list":{"0":"post-19558","1":"product","2":"type-product","3":"status-publish","4":"has-post-thumbnail","6":"product_cat-religija-filosofija-ir-ezoterika","7":"product_tag-andre-pabarciute","8":"product_tag-asmeninis-tobulejimas","9":"product_tag-emocinis-intelektas","10":"product_tag-moteriskumas","11":"desktop-align-left","12":"tablet-align-left","13":"mobile-align-left","15":"first","16":"instock","17":"shipping-taxable","18":"purchasable","19":"product-type-simple"},"acf":[],"yoast_head":"<!-- This site is optimized with the Yoast SEO plugin v27.0 - https:\/\/yoast.com\/product\/yoast-seo-wordpress\/ -->\n<title>Moters magijos mokykla<\/title>\n<meta name=\"description\" content=\"Andr\u0117 Pabar\u010di\u016bt\u0117 14 met\u0173 profesionaliai tobul\u0117ja asmeninio augimo srityje. Autor\u0117 yra \u201eMoters magijos mokyklos\u201c \u012fk\u016br\u0117ja, mokytoja, emocinio intelekto\" \/>\n<meta name=\"robots\" content=\"index, follow, max-snippet:-1, max-image-preview:large, max-video-preview:-1\" \/>\n<link rel=\"canonical\" href=\"https:\/\/skaitytaknyga.lt\/en\/produktas\/moters-magijos-mokykla\/\" \/>\n<meta property=\"og:locale\" content=\"en_GB\" \/>\n<meta property=\"og:locale:alternate\" content=\"lt_LT\" \/>\n<meta property=\"og:type\" content=\"article\" \/>\n<meta property=\"og:title\" content=\"Moters magijos mokykla\" \/>\n<meta property=\"og:description\" content=\"Andr\u0117 Pabar\u010di\u016bt\u0117 14 met\u0173 profesionaliai tobul\u0117ja asmeninio augimo srityje. Autor\u0117 yra \u201eMoters magijos mokyklos\u201c \u012fk\u016br\u0117ja, mokytoja, emocinio intelekto\" \/>\n<meta property=\"og:url\" content=\"https:\/\/skaitytaknyga.lt\/en\/produktas\/moters-magijos-mokykla\/\" \/>\n<meta property=\"og:site_name\" content=\"Skaitytaknyga\" \/>\n<meta property=\"article:publisher\" content=\"https:\/\/www.facebook.com\/skaitytaknyga\/\" \/>\n<meta property=\"article:modified_time\" content=\"2025-08-01T05:22:05+00:00\" \/>\n<meta property=\"og:image\" content=\"https:\/\/skaitytaknyga.lt\/wp-content\/uploads\/2025\/07\/Moters-magijos-mokykla.webp\" \/>\n\t<meta property=\"og:image:width\" content=\"500\" \/>\n\t<meta property=\"og:image:height\" content=\"745\" \/>\n\t<meta property=\"og:image:type\" content=\"image\/webp\" \/>\n<meta name=\"twitter:card\" content=\"summary_large_image\" \/>\n<meta name=\"twitter:label1\" content=\"Estimated reading time\" \/>\n\t<meta name=\"twitter:data1\" content=\"1 minute\" \/>\n<script type=\"application\/ld+json\" class=\"yoast-schema-graph\">{\"@context\":\"https:\/\/schema.org\",\"@graph\":[{\"@type\":\"WebPage\",\"@id\":\"https:\/\/skaitytaknyga.lt\/produktas\/moters-magijos-mokykla\/\",\"url\":\"https:\/\/skaitytaknyga.lt\/produktas\/moters-magijos-mokykla\/\",\"name\":\"Moters magijos mokykla\",\"isPartOf\":{\"@id\":\"https:\/\/skaitytaknyga.lt\/#website\"},\"primaryImageOfPage\":{\"@id\":\"https:\/\/skaitytaknyga.lt\/produktas\/moters-magijos-mokykla\/#primaryimage\"},\"image\":{\"@id\":\"https:\/\/skaitytaknyga.lt\/produktas\/moters-magijos-mokykla\/#primaryimage\"},\"thumbnailUrl\":\"https:\/\/skaitytaknyga.lt\/wp-content\/uploads\/2025\/07\/Moters-magijos-mokykla.webp\",\"datePublished\":\"2025-07-11T16:55:55+00:00\",\"dateModified\":\"2025-08-01T05:22:05+00:00\",\"description\":\"Andr\u0117 Pabar\u010di\u016bt\u0117 14 met\u0173 profesionaliai tobul\u0117ja asmeninio augimo srityje. Autor\u0117 yra \u201eMoters magijos mokyklos\u201c \u012fk\u016br\u0117ja, mokytoja, emocinio intelekto\",\"breadcrumb\":{\"@id\":\"https:\/\/skaitytaknyga.lt\/produktas\/moters-magijos-mokykla\/#breadcrumb\"},\"inLanguage\":\"en-GB\",\"potentialAction\":[{\"@type\":\"ReadAction\",\"target\":[\"https:\/\/skaitytaknyga.lt\/produktas\/moters-magijos-mokykla\/\"]}]},{\"@type\":\"ImageObject\",\"inLanguage\":\"en-GB\",\"@id\":\"https:\/\/skaitytaknyga.lt\/produktas\/moters-magijos-mokykla\/#primaryimage\",\"url\":\"https:\/\/skaitytaknyga.lt\/wp-content\/uploads\/2025\/07\/Moters-magijos-mokykla.webp\",\"contentUrl\":\"https:\/\/skaitytaknyga.lt\/wp-content\/uploads\/2025\/07\/Moters-magijos-mokykla.webp\",\"width\":500,\"height\":745,\"caption\":\"Moters magijos mokykla\"},{\"@type\":\"BreadcrumbList\",\"@id\":\"https:\/\/skaitytaknyga.lt\/produktas\/moters-magijos-mokykla\/#breadcrumb\",\"itemListElement\":[{\"@type\":\"ListItem\",\"position\":1,\"name\":\"Home\",\"item\":\"https:\/\/skaitytaknyga.lt\/\"},{\"@type\":\"ListItem\",\"position\":2,\"name\":\"Parduotuv\u0117\",\"item\":\"https:\/\/skaitytaknyga.lt\/knygu-parduotuve\/\"},{\"@type\":\"ListItem\",\"position\":3,\"name\":\"Moters magijos mokykla\"}]},{\"@type\":\"WebSite\",\"@id\":\"https:\/\/skaitytaknyga.lt\/#website\",\"url\":\"https:\/\/skaitytaknyga.lt\/\",\"name\":\"skaitytaknyga.lt\",\"description\":\"Skaitytaknyga.lt \u2013 tai ma\u017eas \u0161eimos verslas, kuris prasid\u0117jo nuo meil\u0117s knygoms ir siekio i\u0161gelb\u0117ti knygas nuo likimo prie konteinerio. Kas vienam nereikalingas daiktas \u2013 kitam lobis, o mes esame tarpininkai, kurie padeda abiems tapti laimingesniems ???? \u017dinome kaip nelengva i\u0161gyventi ma\u017eiems verslams, tad nuo \u0161iol, \u010dia rasite ir kit\u0173, ma\u017e\u0173 \u0161eim\u0173 versl\u0173, rank\u0173 darbo, dovan\u0173 sau ir artimiesiems.\",\"publisher\":{\"@id\":\"https:\/\/skaitytaknyga.lt\/#organization\"},\"potentialAction\":[{\"@type\":\"SearchAction\",\"target\":{\"@type\":\"EntryPoint\",\"urlTemplate\":\"https:\/\/skaitytaknyga.lt\/?s={search_term_string}\"},\"query-input\":{\"@type\":\"PropertyValueSpecification\",\"valueRequired\":true,\"valueName\":\"search_term_string\"}}],\"inLanguage\":\"en-GB\"},{\"@type\":\"Organization\",\"@id\":\"https:\/\/skaitytaknyga.lt\/#organization\",\"name\":\"skaitytaknyga.lt\",\"url\":\"https:\/\/skaitytaknyga.lt\/\",\"logo\":{\"@type\":\"ImageObject\",\"inLanguage\":\"en-GB\",\"@id\":\"https:\/\/skaitytaknyga.lt\/#\/schema\/logo\/image\/\",\"url\":\"https:\/\/skaitytaknyga.lt\/wp-content\/uploads\/2024\/05\/cropped-cropped-cropped-02_00843_jt3bggkj1j3HLc7SyY6rEUpg.jpeg\",\"contentUrl\":\"https:\/\/skaitytaknyga.lt\/wp-content\/uploads\/2024\/05\/cropped-cropped-cropped-02_00843_jt3bggkj1j3HLc7SyY6rEUpg.jpeg\",\"width\":1600,\"height\":1600,\"caption\":\"skaitytaknyga.lt\"},\"image\":{\"@id\":\"https:\/\/skaitytaknyga.lt\/#\/schema\/logo\/image\/\"},\"sameAs\":[\"https:\/\/www.facebook.com\/skaitytaknyga\/\"]}]}<\/script>\n<!-- \/ Yoast SEO plugin. -->","yoast_head_json":{"title":"Moters magijos mokykla","description":"Andr\u0117 Pabar\u010di\u016bt\u0117 14 met\u0173 profesionaliai tobul\u0117ja asmeninio augimo srityje. Autor\u0117 yra \u201eMoters magijos mokyklos\u201c \u012fk\u016br\u0117ja, mokytoja, emocinio intelekto","robots":{"index":"index","follow":"follow","max-snippet":"max-snippet:-1","max-image-preview":"max-image-preview:large","max-video-preview":"max-video-preview:-1"},"canonical":"https:\/\/skaitytaknyga.lt\/en\/produktas\/moters-magijos-mokykla\/","og_locale":"en_GB","og_type":"article","og_title":"[:lt]Moters magijos mokykla[:] - Skaitytaknyga","og_description":"Andr\u0117 Pabar\u010di\u016bt\u0117 14 met\u0173 profesionaliai tobul\u0117ja asmeninio augimo srityje. Autor\u0117 yra \u201eMoters magijos mokyklos\u201c \u012fk\u016br\u0117ja, mokytoja, emocinio intelekto","og_url":"https:\/\/skaitytaknyga.lt\/en\/produktas\/moters-magijos-mokykla\/","og_site_name":"Skaitytaknyga","article_publisher":"https:\/\/www.facebook.com\/skaitytaknyga\/","article_modified_time":"2025-08-01T05:22:05+00:00","og_image":[{"width":500,"height":745,"url":"https:\/\/skaitytaknyga.lt\/wp-content\/uploads\/2025\/07\/Moters-magijos-mokykla.webp","type":"image\/webp"}],"twitter_card":"summary_large_image","twitter_misc":{"Estimated reading time":"1 minute"},"schema":{"@context":"https:\/\/schema.org","@graph":[{"@type":"WebPage","@id":"https:\/\/skaitytaknyga.lt\/produktas\/moters-magijos-mokykla\/","url":"https:\/\/skaitytaknyga.lt\/produktas\/moters-magijos-mokykla\/","name":"Moters magijos mokykla","isPartOf":{"@id":"https:\/\/skaitytaknyga.lt\/#website"},"primaryImageOfPage":{"@id":"https:\/\/skaitytaknyga.lt\/produktas\/moters-magijos-mokykla\/#primaryimage"},"image":{"@id":"https:\/\/skaitytaknyga.lt\/produktas\/moters-magijos-mokykla\/#primaryimage"},"thumbnailUrl":"https:\/\/skaitytaknyga.lt\/wp-content\/uploads\/2025\/07\/Moters-magijos-mokykla.webp","datePublished":"2025-07-11T16:55:55+00:00","dateModified":"2025-08-01T05:22:05+00:00","description":"Andr\u0117 Pabar\u010di\u016bt\u0117 14 met\u0173 profesionaliai tobul\u0117ja asmeninio augimo srityje. Autor\u0117 yra \u201eMoters magijos mokyklos\u201c \u012fk\u016br\u0117ja, mokytoja, emocinio intelekto","breadcrumb":{"@id":"https:\/\/skaitytaknyga.lt\/produktas\/moters-magijos-mokykla\/#breadcrumb"},"inLanguage":"en-GB","potentialAction":[{"@type":"ReadAction","target":["https:\/\/skaitytaknyga.lt\/produktas\/moters-magijos-mokykla\/"]}]},{"@type":"ImageObject","inLanguage":"en-GB","@id":"https:\/\/skaitytaknyga.lt\/produktas\/moters-magijos-mokykla\/#primaryimage","url":"https:\/\/skaitytaknyga.lt\/wp-content\/uploads\/2025\/07\/Moters-magijos-mokykla.webp","contentUrl":"https:\/\/skaitytaknyga.lt\/wp-content\/uploads\/2025\/07\/Moters-magijos-mokykla.webp","width":500,"height":745,"caption":"Moters magijos mokykla"},{"@type":"BreadcrumbList","@id":"https:\/\/skaitytaknyga.lt\/produktas\/moters-magijos-mokykla\/#breadcrumb","itemListElement":[{"@type":"ListItem","position":1,"name":"Home","item":"https:\/\/skaitytaknyga.lt\/"},{"@type":"ListItem","position":2,"name":"Parduotuv\u0117","item":"https:\/\/skaitytaknyga.lt\/knygu-parduotuve\/"},{"@type":"ListItem","position":3,"name":"Moters magijos mokykla"}]},{"@type":"WebSite","@id":"https:\/\/skaitytaknyga.lt\/#website","url":"https:\/\/skaitytaknyga.lt\/","name":"skaitytaknyga.lt","description":"Skaitytaknyga.lt \u2013 tai ma\u017eas \u0161eimos verslas, kuris prasid\u0117jo nuo meil\u0117s knygoms ir siekio i\u0161gelb\u0117ti knygas nuo likimo prie konteinerio. Kas vienam nereikalingas daiktas \u2013 kitam lobis, o mes esame tarpininkai, kurie padeda abiems tapti laimingesniems ???? \u017dinome kaip nelengva i\u0161gyventi ma\u017eiems verslams, tad nuo \u0161iol, \u010dia rasite ir kit\u0173, ma\u017e\u0173 \u0161eim\u0173 versl\u0173, rank\u0173 darbo, dovan\u0173 sau ir artimiesiems.","publisher":{"@id":"https:\/\/skaitytaknyga.lt\/#organization"},"potentialAction":[{"@type":"SearchAction","target":{"@type":"EntryPoint","urlTemplate":"https:\/\/skaitytaknyga.lt\/?s={search_term_string}"},"query-input":{"@type":"PropertyValueSpecification","valueRequired":true,"valueName":"search_term_string"}}],"inLanguage":"en-GB"},{"@type":"Organization","@id":"https:\/\/skaitytaknyga.lt\/#organization","name":"skaitytaknyga.lt","url":"https:\/\/skaitytaknyga.lt\/","logo":{"@type":"ImageObject","inLanguage":"en-GB","@id":"https:\/\/skaitytaknyga.lt\/#\/schema\/logo\/image\/","url":"https:\/\/skaitytaknyga.lt\/wp-content\/uploads\/2024\/05\/cropped-cropped-cropped-02_00843_jt3bggkj1j3HLc7SyY6rEUpg.jpeg","contentUrl":"https:\/\/skaitytaknyga.lt\/wp-content\/uploads\/2024\/05\/cropped-cropped-cropped-02_00843_jt3bggkj1j3HLc7SyY6rEUpg.jpeg","width":1600,"height":1600,"caption":"skaitytaknyga.lt"},"image":{"@id":"https:\/\/skaitytaknyga.lt\/#\/schema\/logo\/image\/"},"sameAs":["https:\/\/www.facebook.com\/skaitytaknyga\/"]}]}},"_links":{"self":[{"href":"https:\/\/skaitytaknyga.lt\/en\/wp-json\/wp\/v2\/product\/19558","targetHints":{"allow":["GET"]}}],"collection":[{"href":"https:\/\/skaitytaknyga.lt\/en\/wp-json\/wp\/v2\/product"}],"about":[{"href":"https:\/\/skaitytaknyga.lt\/en\/wp-json\/wp\/v2\/types\/product"}],"replies":[{"embeddable":true,"href":"https:\/\/skaitytaknyga.lt\/en\/wp-json\/wp\/v2\/comments?post=19558"}],"wp:featuredmedia":[{"embeddable":true,"href":"https:\/\/skaitytaknyga.lt\/en\/wp-json\/wp\/v2\/media\/19563"}],"wp:attachment":[{"href":"https:\/\/skaitytaknyga.lt\/en\/wp-json\/wp\/v2\/media?parent=19558"}],"wp:term":[{"taxonomy":"product_brand","embeddable":true,"href":"https:\/\/skaitytaknyga.lt\/en\/wp-json\/wp\/v2\/product_brand?post=19558"},{"taxonomy":"product_cat","embeddable":true,"href":"https:\/\/skaitytaknyga.lt\/en\/wp-json\/wp\/v2\/product_cat?post=19558"},{"taxonomy":"product_tag","embeddable":true,"href":"https:\/\/skaitytaknyga.lt\/en\/wp-json\/wp\/v2\/product_tag?post=19558"}],"curies":[{"name":"wp","href":"https:\/\/api.w.org\/{rel}","templated":true}]}}