{"id":19557,"date":"2025-07-11T19:55:54","date_gmt":"2025-07-11T16:55:54","guid":{"rendered":"https:\/\/skaitytaknyga.lt\/?post_type=product&#038;p=19557"},"modified":"2025-08-01T08:22:06","modified_gmt":"2025-08-01T05:22:06","slug":"mistinis-jezaus-mokymas","status":"publish","type":"product","link":"https:\/\/skaitytaknyga.lt\/en\/produktas\/mistinis-jezaus-mokymas\/","title":{"rendered":"Mistinis J\u0117zaus mokymas"},"content":{"rendered":"<p>Knygoje \u201eMistinis J\u0117zaus mokymas\u201c esantys mokymai pad\u0117jo \u0161imtams t\u016bkstan\u010di\u0173 \u017emoni\u0173 giliau suvokti J\u0117zaus mokymus apie mistin\u012f keli\u0105, kurio jis mok\u0117 prie\u0161 2000 met\u0173 ir kurio jis vis dar tebemoko \u0161iandien \u2013 tiems, kurie sugeba u\u017emegzti vidin\u012f ry\u0161\u012f su juo.<\/p>\n<p>\u0160iandien daugelis \u017emoni\u0173 nesugeba atrasti tvirto pastovaus \u0161irdies ry\u0161io su tikruoju J\u0117zumi ir jo mokymais, kadangi, pasak daugumos krik\u0161\u010dioni\u0161k\u0173 ba\u017eny\u010di\u0173, J\u0117zus su mumis nebekalba. Ta\u010diau i\u0161 tikr\u0173j\u0173 J\u0117zus yra dvasin\u0117 b\u016btyb\u0117 ir jo tikslas yra pad\u0117ti visiems t\u0105 galintiems padaryti \u017emon\u0117ms pakyl\u0117ti savo s\u0105mon\u0119 ir susiderinti su jo Esatimi. Per pra\u0117jusius 2000 met\u0173 jis palaik\u0117 bendryst\u0117s ry\u0161\u012f per tuos, kurie buvo pasireng\u0119 tarnauti jo Gyvojo \u017dod\u017eio pasiuntiniais ir siek\u0117 suvokti jo tikr\u0105j\u0105 \u017eini\u0105, u\u017ego\u017et\u0105 oficialiosiomis krik\u0161\u010dioni\u0161komis doktrinomis.<\/p>\n<p>Knygoje \u201eMistinis J\u0117zaus mokymas\u201c pakyl\u0117tasis mokytojas J\u0117zus atskleid\u017eia mistinius mokymus, kuriuos dav\u0117 savo pa\u017eangiausiems mokiniams. Jis paai\u0161kina, kod\u0117l jo tikrieji mokymai \u0161iandien yra tokie pat svarb\u016bs kaip ir prie\u0161 2000 met\u0173, ir kaip jums u\u017emegzti asmenin\u012f ry\u0161\u012f su vienu \u012fstabiausiu vis\u0173 laik\u0173 dvasini\u0173 mokytoj\u0173.<\/p>\n<p>Jeigu suvok\u0117te, kad vyraujan\u010dios religin\u0117s tradicijos neatsak\u0117 \u012f j\u016bs\u0173 klausimus apie gyvenim\u0105, pasijusite i\u0161laisvinti gili\u0173 ir prasming\u0173 \u0161ioje knygoje duodam\u0173 atsakym\u0173. \u0160i dr\u0105sinanti, jaudinanti ir gili knyga pad\u0117s jums pasiekti vidin\u012f ry\u0161\u012f su J\u0117zumi, ir netgi mistin\u0119 vienyb\u0119 su juo.<\/p>\n<p>I\u0161moksite kaip:<br \/>\n\u2013 atpa\u017einti tyl\u0173, vidin\u012f Kristaus bals\u0105 savo \u0161irdyje<br \/>\n\u2013 pasiekti ilgalaik\u0119 vidin\u0119 ramyb\u0119 ir laim\u0119, u\u017emezgant ry\u0161\u012f su Kristaus s\u0105mone<br \/>\n\u2013 pagyti nuo emocini\u0173 \u017eaizd\u0173<br \/>\n\u2013 gauti J\u0117zaus vedim\u0105, kuris yra did\u017eiausias j\u016bs\u0173 mokytojas ir draugas<br \/>\n\u2013 bendrauti tiesiogiai su J\u0117zumi<\/p>\n","protected":false},"excerpt":{"rendered":"<p>Knygoje \u201eMistinis J\u0117zaus mokymas\u201c esantys mokymai pad\u0117jo \u0161imtams t\u016bkstan\u010di\u0173 \u017emoni\u0173 giliau suvokti J\u0117zaus mokymus apie mistin\u012f keli\u0105, kurio jis mok\u0117 prie\u0161 2000 met\u0173 ir kurio jis vis dar tebemoko \u0161iandien \u2013 tiems, kurie sugeba u\u017emegzti vidin\u012f ry\u0161\u012f su juo. \u0160iandien daugelis \u017emoni\u0173 nesugeba atrasti tvirto pastovaus \u0161irdies ry\u0161io su tikruoju J\u0117zumi ir jo mokymais, kadangi, pasak daugumos krik\u0161\u010dioni\u0161k\u0173 ba\u017eny\u010di\u0173, J\u0117zus su mumis nebekalba. Ta\u010diau i\u0161 tikr\u0173j\u0173 J\u0117zus yra dvasin\u0117 b\u016btyb\u0117 ir jo tikslas yra pad\u0117ti visiems t\u0105 galintiems padaryti \u017emon\u0117ms pakyl\u0117ti savo s\u0105mon\u0119 ir susiderinti su jo Esatimi. Per pra\u0117jusius 2000 met\u0173 jis palaik\u0117 bendryst\u0117s ry\u0161\u012f per tuos, kurie buvo pasireng\u0119 tarnauti jo Gyvojo \u017dod\u017eio pasiuntiniais ir siek\u0117 suvokti jo tikr\u0105j\u0105 \u017eini\u0105, u\u017ego\u017et\u0105 oficialiosiomis krik\u0161\u010dioni\u0161komis doktrinomis. Knygoje \u201eMistinis J\u0117zaus mokymas\u201c pakyl\u0117tasis mokytojas J\u0117zus atskleid\u017eia mistinius mokymus, kuriuos dav\u0117 savo pa\u017eangiausiems mokiniams. Jis paai\u0161kina, kod\u0117l jo tikrieji mokymai \u0161iandien yra tokie pat svarb\u016bs kaip ir prie\u0161 2000 met\u0173, ir kaip jums u\u017emegzti asmenin\u012f ry\u0161\u012f su vienu \u012fstabiausiu vis\u0173 laik\u0173 dvasini\u0173 mokytoj\u0173. Jeigu suvok\u0117te, kad vyraujan\u010dios religin\u0117s tradicijos neatsak\u0117 \u012f j\u016bs\u0173 klausimus apie gyvenim\u0105, pasijusite i\u0161laisvinti gili\u0173 ir prasming\u0173 \u0161ioje knygoje duodam\u0173 atsakym\u0173. \u0160i dr\u0105sinanti, jaudinanti ir gili knyga pad\u0117s jums pasiekti vidin\u012f ry\u0161\u012f su J\u0117zumi, ir netgi mistin\u0119 vienyb\u0119 su juo. I\u0161moksite kaip: \u2013 atpa\u017einti tyl\u0173, vidin\u012f Kristaus bals\u0105 savo \u0161irdyje \u2013 pasiekti ilgalaik\u0119 vidin\u0119 ramyb\u0119 ir laim\u0119, u\u017emezgant ry\u0161\u012f su Kristaus s\u0105mone \u2013 pagyti nuo emocini\u0173 \u017eaizd\u0173 \u2013 gauti J\u0117zaus vedim\u0105, kuris yra did\u017eiausias j\u016bs\u0173 mokytojas ir draugas \u2013 bendrauti tiesiogiai su J\u0117zumi<\/p>\n","protected":false},"featured_media":19562,"comment_status":"open","ping_status":"closed","template":"","meta":{"_acf_changed":false,"site-sidebar-layout":"default","site-content-layout":"","ast-site-content-layout":"default","site-content-style":"default","site-sidebar-style":"default","ast-global-header-display":"","ast-banner-title-visibility":"","ast-main-header-display":"","ast-hfb-above-header-display":"","ast-hfb-below-header-display":"","ast-hfb-mobile-header-display":"","site-post-title":"","ast-breadcrumbs-content":"","ast-featured-img":"","footer-sml-layout":"","ast-disable-related-posts":"","theme-transparent-header-meta":"","adv-header-id-meta":"","stick-header-meta":"","header-above-stick-meta":"","header-main-stick-meta":"","header-below-stick-meta":"","astra-migrate-meta-layouts":"default","ast-page-background-enabled":"default","ast-page-background-meta":{"desktop":{"background-color":"","background-image":"","background-repeat":"repeat","background-position":"center center","background-size":"auto","background-attachment":"scroll","background-type":"","background-media":"","overlay-type":"","overlay-color":"","overlay-opacity":"","overlay-gradient":""},"tablet":{"background-color":"","background-image":"","background-repeat":"repeat","background-position":"center center","background-size":"auto","background-attachment":"scroll","background-type":"","background-media":"","overlay-type":"","overlay-color":"","overlay-opacity":"","overlay-gradient":""},"mobile":{"background-color":"","background-image":"","background-repeat":"repeat","background-position":"center center","background-size":"auto","background-attachment":"scroll","background-type":"","background-media":"","overlay-type":"","overlay-color":"","overlay-opacity":"","overlay-gradient":""}},"ast-content-background-meta":{"desktop":{"background-color":"var(--ast-global-color-4)","background-image":"","background-repeat":"repeat","background-position":"center center","background-size":"auto","background-attachment":"scroll","background-type":"","background-media":"","overlay-type":"","overlay-color":"","overlay-opacity":"","overlay-gradient":""},"tablet":{"background-color":"var(--ast-global-color-4)","background-image":"","background-repeat":"repeat","background-position":"center center","background-size":"auto","background-attachment":"scroll","background-type":"","background-media":"","overlay-type":"","overlay-color":"","overlay-opacity":"","overlay-gradient":""},"mobile":{"background-color":"var(--ast-global-color-4)","background-image":"","background-repeat":"repeat","background-position":"center center","background-size":"auto","background-attachment":"scroll","background-type":"","background-media":"","overlay-type":"","overlay-color":"","overlay-opacity":"","overlay-gradient":""}}},"product_brand":[],"product_cat":[165],"product_tag":[1777,6504,6505,2944],"class_list":{"0":"post-19557","1":"product","2":"type-product","3":"status-publish","4":"has-post-thumbnail","6":"product_cat-religija-filosofija-ir-ezoterika","7":"product_tag-dvasinis-kelias","8":"product_tag-jezaus-mokymai","9":"product_tag-kim-michaels","10":"product_tag-mistika","11":"desktop-align-left","12":"tablet-align-left","13":"mobile-align-left","15":"first","16":"instock","17":"shipping-taxable","18":"purchasable","19":"product-type-simple"},"acf":[],"yoast_head":"<!-- This site is optimized with the Yoast SEO plugin v27.0 - https:\/\/yoast.com\/product\/yoast-seo-wordpress\/ -->\n<title>Mistinis J\u0117zaus mokymas<\/title>\n<meta name=\"description\" content=\"Knygoje \u201eMistinis J\u0117zaus mokymas\u201c esantys mokymai pad\u0117jo \u0161imtams t\u016bkstan\u010di\u0173 \u017emoni\u0173 giliau suvokti J\u0117zaus mokymus apie mistin\u012f keli\u0105, kurio jis mok\u0117 prie\u0161\" \/>\n<meta name=\"robots\" content=\"index, follow, max-snippet:-1, max-image-preview:large, max-video-preview:-1\" \/>\n<link rel=\"canonical\" href=\"https:\/\/skaitytaknyga.lt\/en\/produktas\/mistinis-jezaus-mokymas\/\" \/>\n<meta property=\"og:locale\" content=\"en_GB\" \/>\n<meta property=\"og:locale:alternate\" content=\"lt_LT\" \/>\n<meta property=\"og:type\" content=\"article\" \/>\n<meta property=\"og:title\" content=\"Mistinis J\u0117zaus mokymas\" \/>\n<meta property=\"og:description\" content=\"Knygoje \u201eMistinis J\u0117zaus mokymas\u201c esantys mokymai pad\u0117jo \u0161imtams t\u016bkstan\u010di\u0173 \u017emoni\u0173 giliau suvokti J\u0117zaus mokymus apie mistin\u012f keli\u0105, kurio jis mok\u0117 prie\u0161\" \/>\n<meta property=\"og:url\" content=\"https:\/\/skaitytaknyga.lt\/en\/produktas\/mistinis-jezaus-mokymas\/\" \/>\n<meta property=\"og:site_name\" content=\"Skaitytaknyga\" \/>\n<meta property=\"article:publisher\" content=\"https:\/\/www.facebook.com\/skaitytaknyga\/\" \/>\n<meta property=\"article:modified_time\" content=\"2025-08-01T05:22:06+00:00\" \/>\n<meta property=\"og:image\" content=\"https:\/\/skaitytaknyga.lt\/wp-content\/uploads\/2025\/07\/mid.webp\" \/>\n\t<meta property=\"og:image:width\" content=\"522\" \/>\n\t<meta property=\"og:image:height\" content=\"754\" \/>\n\t<meta property=\"og:image:type\" content=\"image\/webp\" \/>\n<meta name=\"twitter:card\" content=\"summary_large_image\" \/>\n<meta name=\"twitter:label1\" content=\"Estimated reading time\" \/>\n\t<meta name=\"twitter:data1\" content=\"1 minute\" \/>\n<script type=\"application\/ld+json\" class=\"yoast-schema-graph\">{\"@context\":\"https:\/\/schema.org\",\"@graph\":[{\"@type\":\"WebPage\",\"@id\":\"https:\/\/skaitytaknyga.lt\/produktas\/mistinis-jezaus-mokymas\/\",\"url\":\"https:\/\/skaitytaknyga.lt\/produktas\/mistinis-jezaus-mokymas\/\",\"name\":\"Mistinis J\u0117zaus mokymas\",\"isPartOf\":{\"@id\":\"https:\/\/skaitytaknyga.lt\/#website\"},\"primaryImageOfPage\":{\"@id\":\"https:\/\/skaitytaknyga.lt\/produktas\/mistinis-jezaus-mokymas\/#primaryimage\"},\"image\":{\"@id\":\"https:\/\/skaitytaknyga.lt\/produktas\/mistinis-jezaus-mokymas\/#primaryimage\"},\"thumbnailUrl\":\"https:\/\/skaitytaknyga.lt\/wp-content\/uploads\/2025\/07\/mid.webp\",\"datePublished\":\"2025-07-11T16:55:54+00:00\",\"dateModified\":\"2025-08-01T05:22:06+00:00\",\"description\":\"Knygoje \u201eMistinis J\u0117zaus mokymas\u201c esantys mokymai pad\u0117jo \u0161imtams t\u016bkstan\u010di\u0173 \u017emoni\u0173 giliau suvokti J\u0117zaus mokymus apie mistin\u012f keli\u0105, kurio jis mok\u0117 prie\u0161\",\"breadcrumb\":{\"@id\":\"https:\/\/skaitytaknyga.lt\/produktas\/mistinis-jezaus-mokymas\/#breadcrumb\"},\"inLanguage\":\"en-GB\",\"potentialAction\":[{\"@type\":\"ReadAction\",\"target\":[\"https:\/\/skaitytaknyga.lt\/produktas\/mistinis-jezaus-mokymas\/\"]}]},{\"@type\":\"ImageObject\",\"inLanguage\":\"en-GB\",\"@id\":\"https:\/\/skaitytaknyga.lt\/produktas\/mistinis-jezaus-mokymas\/#primaryimage\",\"url\":\"https:\/\/skaitytaknyga.lt\/wp-content\/uploads\/2025\/07\/mid.webp\",\"contentUrl\":\"https:\/\/skaitytaknyga.lt\/wp-content\/uploads\/2025\/07\/mid.webp\",\"width\":522,\"height\":754,\"caption\":\"Mistinis J\u0117zaus mokymas\"},{\"@type\":\"BreadcrumbList\",\"@id\":\"https:\/\/skaitytaknyga.lt\/produktas\/mistinis-jezaus-mokymas\/#breadcrumb\",\"itemListElement\":[{\"@type\":\"ListItem\",\"position\":1,\"name\":\"Home\",\"item\":\"https:\/\/skaitytaknyga.lt\/\"},{\"@type\":\"ListItem\",\"position\":2,\"name\":\"Parduotuv\u0117\",\"item\":\"https:\/\/skaitytaknyga.lt\/knygu-parduotuve\/\"},{\"@type\":\"ListItem\",\"position\":3,\"name\":\"Mistinis J\u0117zaus mokymas\"}]},{\"@type\":\"WebSite\",\"@id\":\"https:\/\/skaitytaknyga.lt\/#website\",\"url\":\"https:\/\/skaitytaknyga.lt\/\",\"name\":\"skaitytaknyga.lt\",\"description\":\"Skaitytaknyga.lt \u2013 tai ma\u017eas \u0161eimos verslas, kuris prasid\u0117jo nuo meil\u0117s knygoms ir siekio i\u0161gelb\u0117ti knygas nuo likimo prie konteinerio. Kas vienam nereikalingas daiktas \u2013 kitam lobis, o mes esame tarpininkai, kurie padeda abiems tapti laimingesniems ???? \u017dinome kaip nelengva i\u0161gyventi ma\u017eiems verslams, tad nuo \u0161iol, \u010dia rasite ir kit\u0173, ma\u017e\u0173 \u0161eim\u0173 versl\u0173, rank\u0173 darbo, dovan\u0173 sau ir artimiesiems.\",\"publisher\":{\"@id\":\"https:\/\/skaitytaknyga.lt\/#organization\"},\"potentialAction\":[{\"@type\":\"SearchAction\",\"target\":{\"@type\":\"EntryPoint\",\"urlTemplate\":\"https:\/\/skaitytaknyga.lt\/?s={search_term_string}\"},\"query-input\":{\"@type\":\"PropertyValueSpecification\",\"valueRequired\":true,\"valueName\":\"search_term_string\"}}],\"inLanguage\":\"en-GB\"},{\"@type\":\"Organization\",\"@id\":\"https:\/\/skaitytaknyga.lt\/#organization\",\"name\":\"skaitytaknyga.lt\",\"url\":\"https:\/\/skaitytaknyga.lt\/\",\"logo\":{\"@type\":\"ImageObject\",\"inLanguage\":\"en-GB\",\"@id\":\"https:\/\/skaitytaknyga.lt\/#\/schema\/logo\/image\/\",\"url\":\"https:\/\/skaitytaknyga.lt\/wp-content\/uploads\/2024\/05\/cropped-cropped-cropped-02_00843_jt3bggkj1j3HLc7SyY6rEUpg.jpeg\",\"contentUrl\":\"https:\/\/skaitytaknyga.lt\/wp-content\/uploads\/2024\/05\/cropped-cropped-cropped-02_00843_jt3bggkj1j3HLc7SyY6rEUpg.jpeg\",\"width\":1600,\"height\":1600,\"caption\":\"skaitytaknyga.lt\"},\"image\":{\"@id\":\"https:\/\/skaitytaknyga.lt\/#\/schema\/logo\/image\/\"},\"sameAs\":[\"https:\/\/www.facebook.com\/skaitytaknyga\/\"]}]}<\/script>\n<!-- \/ Yoast SEO plugin. -->","yoast_head_json":{"title":"Mistinis J\u0117zaus mokymas","description":"Knygoje \u201eMistinis J\u0117zaus mokymas\u201c esantys mokymai pad\u0117jo \u0161imtams t\u016bkstan\u010di\u0173 \u017emoni\u0173 giliau suvokti J\u0117zaus mokymus apie mistin\u012f keli\u0105, kurio jis mok\u0117 prie\u0161","robots":{"index":"index","follow":"follow","max-snippet":"max-snippet:-1","max-image-preview":"max-image-preview:large","max-video-preview":"max-video-preview:-1"},"canonical":"https:\/\/skaitytaknyga.lt\/en\/produktas\/mistinis-jezaus-mokymas\/","og_locale":"en_GB","og_type":"article","og_title":"[:lt]Mistinis J\u0117zaus mokymas[:] - Skaitytaknyga","og_description":"Knygoje \u201eMistinis J\u0117zaus mokymas\u201c esantys mokymai pad\u0117jo \u0161imtams t\u016bkstan\u010di\u0173 \u017emoni\u0173 giliau suvokti J\u0117zaus mokymus apie mistin\u012f keli\u0105, kurio jis mok\u0117 prie\u0161","og_url":"https:\/\/skaitytaknyga.lt\/en\/produktas\/mistinis-jezaus-mokymas\/","og_site_name":"Skaitytaknyga","article_publisher":"https:\/\/www.facebook.com\/skaitytaknyga\/","article_modified_time":"2025-08-01T05:22:06+00:00","og_image":[{"width":522,"height":754,"url":"https:\/\/skaitytaknyga.lt\/wp-content\/uploads\/2025\/07\/mid.webp","type":"image\/webp"}],"twitter_card":"summary_large_image","twitter_misc":{"Estimated reading time":"1 minute"},"schema":{"@context":"https:\/\/schema.org","@graph":[{"@type":"WebPage","@id":"https:\/\/skaitytaknyga.lt\/produktas\/mistinis-jezaus-mokymas\/","url":"https:\/\/skaitytaknyga.lt\/produktas\/mistinis-jezaus-mokymas\/","name":"Mistinis J\u0117zaus mokymas","isPartOf":{"@id":"https:\/\/skaitytaknyga.lt\/#website"},"primaryImageOfPage":{"@id":"https:\/\/skaitytaknyga.lt\/produktas\/mistinis-jezaus-mokymas\/#primaryimage"},"image":{"@id":"https:\/\/skaitytaknyga.lt\/produktas\/mistinis-jezaus-mokymas\/#primaryimage"},"thumbnailUrl":"https:\/\/skaitytaknyga.lt\/wp-content\/uploads\/2025\/07\/mid.webp","datePublished":"2025-07-11T16:55:54+00:00","dateModified":"2025-08-01T05:22:06+00:00","description":"Knygoje \u201eMistinis J\u0117zaus mokymas\u201c esantys mokymai pad\u0117jo \u0161imtams t\u016bkstan\u010di\u0173 \u017emoni\u0173 giliau suvokti J\u0117zaus mokymus apie mistin\u012f keli\u0105, kurio jis mok\u0117 prie\u0161","breadcrumb":{"@id":"https:\/\/skaitytaknyga.lt\/produktas\/mistinis-jezaus-mokymas\/#breadcrumb"},"inLanguage":"en-GB","potentialAction":[{"@type":"ReadAction","target":["https:\/\/skaitytaknyga.lt\/produktas\/mistinis-jezaus-mokymas\/"]}]},{"@type":"ImageObject","inLanguage":"en-GB","@id":"https:\/\/skaitytaknyga.lt\/produktas\/mistinis-jezaus-mokymas\/#primaryimage","url":"https:\/\/skaitytaknyga.lt\/wp-content\/uploads\/2025\/07\/mid.webp","contentUrl":"https:\/\/skaitytaknyga.lt\/wp-content\/uploads\/2025\/07\/mid.webp","width":522,"height":754,"caption":"Mistinis J\u0117zaus mokymas"},{"@type":"BreadcrumbList","@id":"https:\/\/skaitytaknyga.lt\/produktas\/mistinis-jezaus-mokymas\/#breadcrumb","itemListElement":[{"@type":"ListItem","position":1,"name":"Home","item":"https:\/\/skaitytaknyga.lt\/"},{"@type":"ListItem","position":2,"name":"Parduotuv\u0117","item":"https:\/\/skaitytaknyga.lt\/knygu-parduotuve\/"},{"@type":"ListItem","position":3,"name":"Mistinis J\u0117zaus mokymas"}]},{"@type":"WebSite","@id":"https:\/\/skaitytaknyga.lt\/#website","url":"https:\/\/skaitytaknyga.lt\/","name":"skaitytaknyga.lt","description":"Skaitytaknyga.lt \u2013 tai ma\u017eas \u0161eimos verslas, kuris prasid\u0117jo nuo meil\u0117s knygoms ir siekio i\u0161gelb\u0117ti knygas nuo likimo prie konteinerio. Kas vienam nereikalingas daiktas \u2013 kitam lobis, o mes esame tarpininkai, kurie padeda abiems tapti laimingesniems ???? \u017dinome kaip nelengva i\u0161gyventi ma\u017eiems verslams, tad nuo \u0161iol, \u010dia rasite ir kit\u0173, ma\u017e\u0173 \u0161eim\u0173 versl\u0173, rank\u0173 darbo, dovan\u0173 sau ir artimiesiems.","publisher":{"@id":"https:\/\/skaitytaknyga.lt\/#organization"},"potentialAction":[{"@type":"SearchAction","target":{"@type":"EntryPoint","urlTemplate":"https:\/\/skaitytaknyga.lt\/?s={search_term_string}"},"query-input":{"@type":"PropertyValueSpecification","valueRequired":true,"valueName":"search_term_string"}}],"inLanguage":"en-GB"},{"@type":"Organization","@id":"https:\/\/skaitytaknyga.lt\/#organization","name":"skaitytaknyga.lt","url":"https:\/\/skaitytaknyga.lt\/","logo":{"@type":"ImageObject","inLanguage":"en-GB","@id":"https:\/\/skaitytaknyga.lt\/#\/schema\/logo\/image\/","url":"https:\/\/skaitytaknyga.lt\/wp-content\/uploads\/2024\/05\/cropped-cropped-cropped-02_00843_jt3bggkj1j3HLc7SyY6rEUpg.jpeg","contentUrl":"https:\/\/skaitytaknyga.lt\/wp-content\/uploads\/2024\/05\/cropped-cropped-cropped-02_00843_jt3bggkj1j3HLc7SyY6rEUpg.jpeg","width":1600,"height":1600,"caption":"skaitytaknyga.lt"},"image":{"@id":"https:\/\/skaitytaknyga.lt\/#\/schema\/logo\/image\/"},"sameAs":["https:\/\/www.facebook.com\/skaitytaknyga\/"]}]}},"_links":{"self":[{"href":"https:\/\/skaitytaknyga.lt\/en\/wp-json\/wp\/v2\/product\/19557","targetHints":{"allow":["GET"]}}],"collection":[{"href":"https:\/\/skaitytaknyga.lt\/en\/wp-json\/wp\/v2\/product"}],"about":[{"href":"https:\/\/skaitytaknyga.lt\/en\/wp-json\/wp\/v2\/types\/product"}],"replies":[{"embeddable":true,"href":"https:\/\/skaitytaknyga.lt\/en\/wp-json\/wp\/v2\/comments?post=19557"}],"wp:featuredmedia":[{"embeddable":true,"href":"https:\/\/skaitytaknyga.lt\/en\/wp-json\/wp\/v2\/media\/19562"}],"wp:attachment":[{"href":"https:\/\/skaitytaknyga.lt\/en\/wp-json\/wp\/v2\/media?parent=19557"}],"wp:term":[{"taxonomy":"product_brand","embeddable":true,"href":"https:\/\/skaitytaknyga.lt\/en\/wp-json\/wp\/v2\/product_brand?post=19557"},{"taxonomy":"product_cat","embeddable":true,"href":"https:\/\/skaitytaknyga.lt\/en\/wp-json\/wp\/v2\/product_cat?post=19557"},{"taxonomy":"product_tag","embeddable":true,"href":"https:\/\/skaitytaknyga.lt\/en\/wp-json\/wp\/v2\/product_tag?post=19557"}],"curies":[{"name":"wp","href":"https:\/\/api.w.org\/{rel}","templated":true}]}}