{"id":19549,"date":"2025-07-10T10:28:18","date_gmt":"2025-07-10T07:28:18","guid":{"rendered":"https:\/\/skaitytaknyga.lt\/?post_type=product&#038;p=19549"},"modified":"2025-07-22T13:52:30","modified_gmt":"2025-07-22T10:52:30","slug":"vaiku-universitetas-mokslininkai-isaiskina-pasaulio-misles","status":"publish","type":"product","link":"https:\/\/skaitytaknyga.lt\/en\/produktas\/vaiku-universitetas-mokslininkai-isaiskina-pasaulio-misles\/","title":{"rendered":"Vaik\u0173 universitetas. Mokslininkai i\u0161ai\u0161kina pasaulio m\u012fsles"},"content":{"rendered":"<p>\u012edomi knyga ne tik jauniesiems skaitytojams. \u010cia rasite atsakymus \u012f sunkiausius pasaulio pa\u017einimo klausimus:<\/p>\n<p>Kod\u0117l i\u0161mir\u0117 dinozaurai?<br \/>\nKod\u0117l ugnikalniai sjaudosi ugnimi?<br \/>\nKod\u0117l vieni varg\u0161ai, o kiti turtingi?<br \/>\nKod\u0117l juokiam\u0117s i\u0161 anekdot\u0173?<br \/>\nKod\u0117l \u017emon\u0117s mir\u0161ta?<br \/>\nKod\u0117l \u017emon\u0117s kilo i\u0161 be\u017ed\u017eion\u0117s?<br \/>\nKod\u0117l musulmonai meld\u017eiasi ant kilim\u0117li\u0173?<br \/>\nKod\u0117l mokykla yra nuobodi?<\/p>\n","protected":false},"excerpt":{"rendered":"<p>\u012edomi knyga ne tik jauniesiems skaitytojams. \u010cia rasite atsakymus \u012f sunkiausius pasaulio pa\u017einimo klausimus: Kod\u0117l i\u0161mir\u0117 dinozaurai? Kod\u0117l ugnikalniai sjaudosi ugnimi? Kod\u0117l vieni varg\u0161ai, o kiti turtingi? Kod\u0117l juokiam\u0117s i\u0161 anekdot\u0173? Kod\u0117l \u017emon\u0117s mir\u0161ta? Kod\u0117l \u017emon\u0117s kilo i\u0161 be\u017ed\u017eion\u0117s? Kod\u0117l musulmonai meld\u017eiasi ant kilim\u0117li\u0173? Kod\u0117l mokykla yra nuobodi?<\/p>\n","protected":false},"featured_media":19551,"comment_status":"open","ping_status":"closed","template":"","meta":{"_acf_changed":false,"site-sidebar-layout":"default","site-content-layout":"","ast-site-content-layout":"default","site-content-style":"default","site-sidebar-style":"default","ast-global-header-display":"","ast-banner-title-visibility":"","ast-main-header-display":"","ast-hfb-above-header-display":"","ast-hfb-below-header-display":"","ast-hfb-mobile-header-display":"","site-post-title":"","ast-breadcrumbs-content":"","ast-featured-img":"","footer-sml-layout":"","ast-disable-related-posts":"","theme-transparent-header-meta":"","adv-header-id-meta":"","stick-header-meta":"","header-above-stick-meta":"","header-main-stick-meta":"","header-below-stick-meta":"","astra-migrate-meta-layouts":"default","ast-page-background-enabled":"default","ast-page-background-meta":{"desktop":{"background-color":"","background-image":"","background-repeat":"repeat","background-position":"center center","background-size":"auto","background-attachment":"scroll","background-type":"","background-media":"","overlay-type":"","overlay-color":"","overlay-opacity":"","overlay-gradient":""},"tablet":{"background-color":"","background-image":"","background-repeat":"repeat","background-position":"center center","background-size":"auto","background-attachment":"scroll","background-type":"","background-media":"","overlay-type":"","overlay-color":"","overlay-opacity":"","overlay-gradient":""},"mobile":{"background-color":"","background-image":"","background-repeat":"repeat","background-position":"center center","background-size":"auto","background-attachment":"scroll","background-type":"","background-media":"","overlay-type":"","overlay-color":"","overlay-opacity":"","overlay-gradient":""}},"ast-content-background-meta":{"desktop":{"background-color":"var(--ast-global-color-4)","background-image":"","background-repeat":"repeat","background-position":"center center","background-size":"auto","background-attachment":"scroll","background-type":"","background-media":"","overlay-type":"","overlay-color":"","overlay-opacity":"","overlay-gradient":""},"tablet":{"background-color":"var(--ast-global-color-4)","background-image":"","background-repeat":"repeat","background-position":"center center","background-size":"auto","background-attachment":"scroll","background-type":"","background-media":"","overlay-type":"","overlay-color":"","overlay-opacity":"","overlay-gradient":""},"mobile":{"background-color":"var(--ast-global-color-4)","background-image":"","background-repeat":"repeat","background-position":"center center","background-size":"auto","background-attachment":"scroll","background-type":"","background-media":"","overlay-type":"","overlay-color":"","overlay-opacity":"","overlay-gradient":""}}},"product_brand":[],"product_cat":[15],"product_tag":[6499,3342,6501,6500],"class_list":{"0":"post-19549","1":"product","2":"type-product","3":"status-publish","4":"has-post-thumbnail","6":"product_cat-uncategorized","7":"product_tag-be-autoriaus","8":"product_tag-edukacija","9":"product_tag-pasaulio-pazinimas","10":"product_tag-vaiku-mokslas","11":"desktop-align-left","12":"tablet-align-left","13":"mobile-align-left","15":"first","16":"instock","17":"shipping-taxable","18":"purchasable","19":"product-type-simple"},"acf":[],"yoast_head":"<!-- This site is optimized with the Yoast SEO plugin v27.0 - https:\/\/yoast.com\/product\/yoast-seo-wordpress\/ -->\n<title>Vaik\u0173 universitetas. Mokslininkai i\u0161ai\u0161kina pasaulio m\u012fsles<\/title>\n<meta name=\"description\" content=\"\u012edomi knyga ne tik jauniesiems skaitytojams. \u010cia rasite atsakymus \u012f sunkiausius pasaulio pa\u017einimo klausimus: Kod\u0117l i\u0161mir\u0117 dinozaurai? Kod\u0117l ugnikalniai\" \/>\n<meta name=\"robots\" content=\"index, follow, max-snippet:-1, max-image-preview:large, max-video-preview:-1\" \/>\n<link rel=\"canonical\" href=\"https:\/\/skaitytaknyga.lt\/en\/produktas\/vaiku-universitetas-mokslininkai-isaiskina-pasaulio-misles\/\" \/>\n<meta property=\"og:locale\" content=\"en_GB\" \/>\n<meta property=\"og:locale:alternate\" content=\"lt_LT\" \/>\n<meta property=\"og:type\" content=\"article\" \/>\n<meta property=\"og:title\" content=\"Vaik\u0173 universitetas. Mokslininkai i\u0161ai\u0161kina pasaulio m\u012fsles\" \/>\n<meta property=\"og:description\" content=\"\u012edomi knyga ne tik jauniesiems skaitytojams. \u010cia rasite atsakymus \u012f sunkiausius pasaulio pa\u017einimo klausimus: Kod\u0117l i\u0161mir\u0117 dinozaurai? Kod\u0117l ugnikalniai\" \/>\n<meta property=\"og:url\" content=\"https:\/\/skaitytaknyga.lt\/en\/produktas\/vaiku-universitetas-mokslininkai-isaiskina-pasaulio-misles\/\" \/>\n<meta property=\"og:site_name\" content=\"Skaitytaknyga\" \/>\n<meta property=\"article:publisher\" content=\"https:\/\/www.facebook.com\/skaitytaknyga\/\" \/>\n<meta property=\"article:modified_time\" content=\"2025-07-22T10:52:30+00:00\" \/>\n<meta property=\"og:image\" content=\"https:\/\/skaitytaknyga.lt\/wp-content\/uploads\/2025\/07\/Vaiku-universitetas.-Mokslininkai-isaiskina-pasaulio-misles.webp\" \/>\n\t<meta property=\"og:image:width\" content=\"548\" \/>\n\t<meta property=\"og:image:height\" content=\"800\" \/>\n\t<meta property=\"og:image:type\" content=\"image\/webp\" \/>\n<meta name=\"twitter:card\" content=\"summary_large_image\" \/>\n<script type=\"application\/ld+json\" class=\"yoast-schema-graph\">{\"@context\":\"https:\/\/schema.org\",\"@graph\":[{\"@type\":\"WebPage\",\"@id\":\"https:\/\/skaitytaknyga.lt\/produktas\/vaiku-universitetas-mokslininkai-isaiskina-pasaulio-misles\/\",\"url\":\"https:\/\/skaitytaknyga.lt\/produktas\/vaiku-universitetas-mokslininkai-isaiskina-pasaulio-misles\/\",\"name\":\"Vaik\u0173 universitetas. Mokslininkai i\u0161ai\u0161kina pasaulio m\u012fsles\",\"isPartOf\":{\"@id\":\"https:\/\/skaitytaknyga.lt\/#website\"},\"primaryImageOfPage\":{\"@id\":\"https:\/\/skaitytaknyga.lt\/produktas\/vaiku-universitetas-mokslininkai-isaiskina-pasaulio-misles\/#primaryimage\"},\"image\":{\"@id\":\"https:\/\/skaitytaknyga.lt\/produktas\/vaiku-universitetas-mokslininkai-isaiskina-pasaulio-misles\/#primaryimage\"},\"thumbnailUrl\":\"https:\/\/skaitytaknyga.lt\/wp-content\/uploads\/2025\/07\/Vaiku-universitetas.-Mokslininkai-isaiskina-pasaulio-misles.webp\",\"datePublished\":\"2025-07-10T07:28:18+00:00\",\"dateModified\":\"2025-07-22T10:52:30+00:00\",\"description\":\"\u012edomi knyga ne tik jauniesiems skaitytojams. \u010cia rasite atsakymus \u012f sunkiausius pasaulio pa\u017einimo klausimus: Kod\u0117l i\u0161mir\u0117 dinozaurai? Kod\u0117l ugnikalniai\",\"breadcrumb\":{\"@id\":\"https:\/\/skaitytaknyga.lt\/produktas\/vaiku-universitetas-mokslininkai-isaiskina-pasaulio-misles\/#breadcrumb\"},\"inLanguage\":\"en-GB\",\"potentialAction\":[{\"@type\":\"ReadAction\",\"target\":[\"https:\/\/skaitytaknyga.lt\/produktas\/vaiku-universitetas-mokslininkai-isaiskina-pasaulio-misles\/\"]}]},{\"@type\":\"ImageObject\",\"inLanguage\":\"en-GB\",\"@id\":\"https:\/\/skaitytaknyga.lt\/produktas\/vaiku-universitetas-mokslininkai-isaiskina-pasaulio-misles\/#primaryimage\",\"url\":\"https:\/\/skaitytaknyga.lt\/wp-content\/uploads\/2025\/07\/Vaiku-universitetas.-Mokslininkai-isaiskina-pasaulio-misles.webp\",\"contentUrl\":\"https:\/\/skaitytaknyga.lt\/wp-content\/uploads\/2025\/07\/Vaiku-universitetas.-Mokslininkai-isaiskina-pasaulio-misles.webp\",\"width\":548,\"height\":800},{\"@type\":\"BreadcrumbList\",\"@id\":\"https:\/\/skaitytaknyga.lt\/produktas\/vaiku-universitetas-mokslininkai-isaiskina-pasaulio-misles\/#breadcrumb\",\"itemListElement\":[{\"@type\":\"ListItem\",\"position\":1,\"name\":\"Home\",\"item\":\"https:\/\/skaitytaknyga.lt\/\"},{\"@type\":\"ListItem\",\"position\":2,\"name\":\"Parduotuv\u0117\",\"item\":\"https:\/\/skaitytaknyga.lt\/knygu-parduotuve\/\"},{\"@type\":\"ListItem\",\"position\":3,\"name\":\"Vaik\u0173 universitetas. Mokslininkai i\u0161ai\u0161kina pasaulio m\u012fsles\"}]},{\"@type\":\"WebSite\",\"@id\":\"https:\/\/skaitytaknyga.lt\/#website\",\"url\":\"https:\/\/skaitytaknyga.lt\/\",\"name\":\"skaitytaknyga.lt\",\"description\":\"Skaitytaknyga.lt \u2013 tai ma\u017eas \u0161eimos verslas, kuris prasid\u0117jo nuo meil\u0117s knygoms ir siekio i\u0161gelb\u0117ti knygas nuo likimo prie konteinerio. Kas vienam nereikalingas daiktas \u2013 kitam lobis, o mes esame tarpininkai, kurie padeda abiems tapti laimingesniems ???? \u017dinome kaip nelengva i\u0161gyventi ma\u017eiems verslams, tad nuo \u0161iol, \u010dia rasite ir kit\u0173, ma\u017e\u0173 \u0161eim\u0173 versl\u0173, rank\u0173 darbo, dovan\u0173 sau ir artimiesiems.\",\"publisher\":{\"@id\":\"https:\/\/skaitytaknyga.lt\/#organization\"},\"potentialAction\":[{\"@type\":\"SearchAction\",\"target\":{\"@type\":\"EntryPoint\",\"urlTemplate\":\"https:\/\/skaitytaknyga.lt\/?s={search_term_string}\"},\"query-input\":{\"@type\":\"PropertyValueSpecification\",\"valueRequired\":true,\"valueName\":\"search_term_string\"}}],\"inLanguage\":\"en-GB\"},{\"@type\":\"Organization\",\"@id\":\"https:\/\/skaitytaknyga.lt\/#organization\",\"name\":\"skaitytaknyga.lt\",\"url\":\"https:\/\/skaitytaknyga.lt\/\",\"logo\":{\"@type\":\"ImageObject\",\"inLanguage\":\"en-GB\",\"@id\":\"https:\/\/skaitytaknyga.lt\/#\/schema\/logo\/image\/\",\"url\":\"https:\/\/skaitytaknyga.lt\/wp-content\/uploads\/2024\/05\/cropped-cropped-cropped-02_00843_jt3bggkj1j3HLc7SyY6rEUpg.jpeg\",\"contentUrl\":\"https:\/\/skaitytaknyga.lt\/wp-content\/uploads\/2024\/05\/cropped-cropped-cropped-02_00843_jt3bggkj1j3HLc7SyY6rEUpg.jpeg\",\"width\":1600,\"height\":1600,\"caption\":\"skaitytaknyga.lt\"},\"image\":{\"@id\":\"https:\/\/skaitytaknyga.lt\/#\/schema\/logo\/image\/\"},\"sameAs\":[\"https:\/\/www.facebook.com\/skaitytaknyga\/\"]}]}<\/script>\n<!-- \/ Yoast SEO plugin. -->","yoast_head_json":{"title":"Vaik\u0173 universitetas. Mokslininkai i\u0161ai\u0161kina pasaulio m\u012fsles","description":"\u012edomi knyga ne tik jauniesiems skaitytojams. \u010cia rasite atsakymus \u012f sunkiausius pasaulio pa\u017einimo klausimus: Kod\u0117l i\u0161mir\u0117 dinozaurai? Kod\u0117l ugnikalniai","robots":{"index":"index","follow":"follow","max-snippet":"max-snippet:-1","max-image-preview":"max-image-preview:large","max-video-preview":"max-video-preview:-1"},"canonical":"https:\/\/skaitytaknyga.lt\/en\/produktas\/vaiku-universitetas-mokslininkai-isaiskina-pasaulio-misles\/","og_locale":"en_GB","og_type":"article","og_title":"[:lt]Vaik\u0173 universitetas. Mokslininkai i\u0161ai\u0161kina pasaulio m\u012fsles[:] - Skaitytaknyga","og_description":"\u012edomi knyga ne tik jauniesiems skaitytojams. \u010cia rasite atsakymus \u012f sunkiausius pasaulio pa\u017einimo klausimus: Kod\u0117l i\u0161mir\u0117 dinozaurai? Kod\u0117l ugnikalniai","og_url":"https:\/\/skaitytaknyga.lt\/en\/produktas\/vaiku-universitetas-mokslininkai-isaiskina-pasaulio-misles\/","og_site_name":"Skaitytaknyga","article_publisher":"https:\/\/www.facebook.com\/skaitytaknyga\/","article_modified_time":"2025-07-22T10:52:30+00:00","og_image":[{"width":548,"height":800,"url":"https:\/\/skaitytaknyga.lt\/wp-content\/uploads\/2025\/07\/Vaiku-universitetas.-Mokslininkai-isaiskina-pasaulio-misles.webp","type":"image\/webp"}],"twitter_card":"summary_large_image","schema":{"@context":"https:\/\/schema.org","@graph":[{"@type":"WebPage","@id":"https:\/\/skaitytaknyga.lt\/produktas\/vaiku-universitetas-mokslininkai-isaiskina-pasaulio-misles\/","url":"https:\/\/skaitytaknyga.lt\/produktas\/vaiku-universitetas-mokslininkai-isaiskina-pasaulio-misles\/","name":"Vaik\u0173 universitetas. Mokslininkai i\u0161ai\u0161kina pasaulio m\u012fsles","isPartOf":{"@id":"https:\/\/skaitytaknyga.lt\/#website"},"primaryImageOfPage":{"@id":"https:\/\/skaitytaknyga.lt\/produktas\/vaiku-universitetas-mokslininkai-isaiskina-pasaulio-misles\/#primaryimage"},"image":{"@id":"https:\/\/skaitytaknyga.lt\/produktas\/vaiku-universitetas-mokslininkai-isaiskina-pasaulio-misles\/#primaryimage"},"thumbnailUrl":"https:\/\/skaitytaknyga.lt\/wp-content\/uploads\/2025\/07\/Vaiku-universitetas.-Mokslininkai-isaiskina-pasaulio-misles.webp","datePublished":"2025-07-10T07:28:18+00:00","dateModified":"2025-07-22T10:52:30+00:00","description":"\u012edomi knyga ne tik jauniesiems skaitytojams. \u010cia rasite atsakymus \u012f sunkiausius pasaulio pa\u017einimo klausimus: Kod\u0117l i\u0161mir\u0117 dinozaurai? Kod\u0117l ugnikalniai","breadcrumb":{"@id":"https:\/\/skaitytaknyga.lt\/produktas\/vaiku-universitetas-mokslininkai-isaiskina-pasaulio-misles\/#breadcrumb"},"inLanguage":"en-GB","potentialAction":[{"@type":"ReadAction","target":["https:\/\/skaitytaknyga.lt\/produktas\/vaiku-universitetas-mokslininkai-isaiskina-pasaulio-misles\/"]}]},{"@type":"ImageObject","inLanguage":"en-GB","@id":"https:\/\/skaitytaknyga.lt\/produktas\/vaiku-universitetas-mokslininkai-isaiskina-pasaulio-misles\/#primaryimage","url":"https:\/\/skaitytaknyga.lt\/wp-content\/uploads\/2025\/07\/Vaiku-universitetas.-Mokslininkai-isaiskina-pasaulio-misles.webp","contentUrl":"https:\/\/skaitytaknyga.lt\/wp-content\/uploads\/2025\/07\/Vaiku-universitetas.-Mokslininkai-isaiskina-pasaulio-misles.webp","width":548,"height":800},{"@type":"BreadcrumbList","@id":"https:\/\/skaitytaknyga.lt\/produktas\/vaiku-universitetas-mokslininkai-isaiskina-pasaulio-misles\/#breadcrumb","itemListElement":[{"@type":"ListItem","position":1,"name":"Home","item":"https:\/\/skaitytaknyga.lt\/"},{"@type":"ListItem","position":2,"name":"Parduotuv\u0117","item":"https:\/\/skaitytaknyga.lt\/knygu-parduotuve\/"},{"@type":"ListItem","position":3,"name":"Vaik\u0173 universitetas. Mokslininkai i\u0161ai\u0161kina pasaulio m\u012fsles"}]},{"@type":"WebSite","@id":"https:\/\/skaitytaknyga.lt\/#website","url":"https:\/\/skaitytaknyga.lt\/","name":"skaitytaknyga.lt","description":"Skaitytaknyga.lt \u2013 tai ma\u017eas \u0161eimos verslas, kuris prasid\u0117jo nuo meil\u0117s knygoms ir siekio i\u0161gelb\u0117ti knygas nuo likimo prie konteinerio. Kas vienam nereikalingas daiktas \u2013 kitam lobis, o mes esame tarpininkai, kurie padeda abiems tapti laimingesniems ???? \u017dinome kaip nelengva i\u0161gyventi ma\u017eiems verslams, tad nuo \u0161iol, \u010dia rasite ir kit\u0173, ma\u017e\u0173 \u0161eim\u0173 versl\u0173, rank\u0173 darbo, dovan\u0173 sau ir artimiesiems.","publisher":{"@id":"https:\/\/skaitytaknyga.lt\/#organization"},"potentialAction":[{"@type":"SearchAction","target":{"@type":"EntryPoint","urlTemplate":"https:\/\/skaitytaknyga.lt\/?s={search_term_string}"},"query-input":{"@type":"PropertyValueSpecification","valueRequired":true,"valueName":"search_term_string"}}],"inLanguage":"en-GB"},{"@type":"Organization","@id":"https:\/\/skaitytaknyga.lt\/#organization","name":"skaitytaknyga.lt","url":"https:\/\/skaitytaknyga.lt\/","logo":{"@type":"ImageObject","inLanguage":"en-GB","@id":"https:\/\/skaitytaknyga.lt\/#\/schema\/logo\/image\/","url":"https:\/\/skaitytaknyga.lt\/wp-content\/uploads\/2024\/05\/cropped-cropped-cropped-02_00843_jt3bggkj1j3HLc7SyY6rEUpg.jpeg","contentUrl":"https:\/\/skaitytaknyga.lt\/wp-content\/uploads\/2024\/05\/cropped-cropped-cropped-02_00843_jt3bggkj1j3HLc7SyY6rEUpg.jpeg","width":1600,"height":1600,"caption":"skaitytaknyga.lt"},"image":{"@id":"https:\/\/skaitytaknyga.lt\/#\/schema\/logo\/image\/"},"sameAs":["https:\/\/www.facebook.com\/skaitytaknyga\/"]}]}},"_links":{"self":[{"href":"https:\/\/skaitytaknyga.lt\/en\/wp-json\/wp\/v2\/product\/19549","targetHints":{"allow":["GET"]}}],"collection":[{"href":"https:\/\/skaitytaknyga.lt\/en\/wp-json\/wp\/v2\/product"}],"about":[{"href":"https:\/\/skaitytaknyga.lt\/en\/wp-json\/wp\/v2\/types\/product"}],"replies":[{"embeddable":true,"href":"https:\/\/skaitytaknyga.lt\/en\/wp-json\/wp\/v2\/comments?post=19549"}],"wp:featuredmedia":[{"embeddable":true,"href":"https:\/\/skaitytaknyga.lt\/en\/wp-json\/wp\/v2\/media\/19551"}],"wp:attachment":[{"href":"https:\/\/skaitytaknyga.lt\/en\/wp-json\/wp\/v2\/media?parent=19549"}],"wp:term":[{"taxonomy":"product_brand","embeddable":true,"href":"https:\/\/skaitytaknyga.lt\/en\/wp-json\/wp\/v2\/product_brand?post=19549"},{"taxonomy":"product_cat","embeddable":true,"href":"https:\/\/skaitytaknyga.lt\/en\/wp-json\/wp\/v2\/product_cat?post=19549"},{"taxonomy":"product_tag","embeddable":true,"href":"https:\/\/skaitytaknyga.lt\/en\/wp-json\/wp\/v2\/product_tag?post=19549"}],"curies":[{"name":"wp","href":"https:\/\/api.w.org\/{rel}","templated":true}]}}