{"id":19542,"date":"2025-07-10T09:19:20","date_gmt":"2025-07-10T06:19:20","guid":{"rendered":"https:\/\/skaitytaknyga.lt\/?post_type=product&#038;p=19542"},"modified":"2025-07-22T09:49:00","modified_gmt":"2025-07-22T06:49:00","slug":"apie-zuvedra-ir-katina-kuris-ismoke-ja-skraidyti","status":"publish","type":"product","link":"https:\/\/skaitytaknyga.lt\/en\/produktas\/apie-zuvedra-ir-katina-kuris-ismoke-ja-skraidyti\/","title":{"rendered":"Apie \u017euv\u0117dr\u0105 ir katin\u0105, kuris i\u0161mok\u0117 j\u0105 skraidyti"},"content":{"rendered":"<p>Kaipgi i\u0161mokti skraidyti, kai tavo mama \u2013 katinas Zorbas?!<\/p>\n<p>Skaitytojus juokins ir graudins Hamburgo katin\u0173 gauja, globojanti \u017euv\u0117driuk\u0119, stebins nes\u0117kmingos skraidymo pamokos pagal&#8230; Leonardo da Vin\u010dio br\u0117\u017einius. Bet galiausiai jaunoji \u017euv\u0117dra pajus liet\u0173, giliai \u012fkv\u0117ps ir&#8230;<br \/>\nD\u0117l daugelio dalyk\u0173 gyvenime b\u016bsi laiminga\u2026 Vienas j\u0173 yra vanduo, kitas \u2013 v\u0117jas, o tre\u010dias \u2013 tai saul\u0117, \u2013 i\u0161tar\u0117 katinas Zorbas ma\u017eai \u017euv\u0117drai, bijan\u010diai i\u0161skleisti sparnus.<\/p>\n","protected":false},"excerpt":{"rendered":"<p>Kaipgi i\u0161mokti skraidyti, kai tavo mama \u2013 katinas Zorbas?! Skaitytojus juokins ir graudins Hamburgo katin\u0173 gauja, globojanti \u017euv\u0117driuk\u0119, stebins nes\u0117kmingos skraidymo pamokos pagal&#8230; Leonardo da Vin\u010dio br\u0117\u017einius. Bet galiausiai jaunoji \u017euv\u0117dra pajus liet\u0173, giliai \u012fkv\u0117ps ir&#8230; D\u0117l daugelio dalyk\u0173 gyvenime b\u016bsi laiminga\u2026 Vienas j\u0173 yra vanduo, kitas \u2013 v\u0117jas, o tre\u010dias \u2013 tai saul\u0117, \u2013 i\u0161tar\u0117 katinas Zorbas ma\u017eai \u017euv\u0117drai, bijan\u010diai i\u0161skleisti sparnus.<\/p>\n","protected":false},"featured_media":19544,"comment_status":"open","ping_status":"closed","template":"","meta":{"_acf_changed":false,"site-sidebar-layout":"default","site-content-layout":"","ast-site-content-layout":"default","site-content-style":"default","site-sidebar-style":"default","ast-global-header-display":"","ast-banner-title-visibility":"","ast-main-header-display":"","ast-hfb-above-header-display":"","ast-hfb-below-header-display":"","ast-hfb-mobile-header-display":"","site-post-title":"","ast-breadcrumbs-content":"","ast-featured-img":"","footer-sml-layout":"","ast-disable-related-posts":"","theme-transparent-header-meta":"","adv-header-id-meta":"","stick-header-meta":"","header-above-stick-meta":"","header-main-stick-meta":"","header-below-stick-meta":"","astra-migrate-meta-layouts":"default","ast-page-background-enabled":"default","ast-page-background-meta":{"desktop":{"background-color":"","background-image":"","background-repeat":"repeat","background-position":"center center","background-size":"auto","background-attachment":"scroll","background-type":"","background-media":"","overlay-type":"","overlay-color":"","overlay-opacity":"","overlay-gradient":""},"tablet":{"background-color":"","background-image":"","background-repeat":"repeat","background-position":"center center","background-size":"auto","background-attachment":"scroll","background-type":"","background-media":"","overlay-type":"","overlay-color":"","overlay-opacity":"","overlay-gradient":""},"mobile":{"background-color":"","background-image":"","background-repeat":"repeat","background-position":"center center","background-size":"auto","background-attachment":"scroll","background-type":"","background-media":"","overlay-type":"","overlay-color":"","overlay-opacity":"","overlay-gradient":""}},"ast-content-background-meta":{"desktop":{"background-color":"var(--ast-global-color-4)","background-image":"","background-repeat":"repeat","background-position":"center center","background-size":"auto","background-attachment":"scroll","background-type":"","background-media":"","overlay-type":"","overlay-color":"","overlay-opacity":"","overlay-gradient":""},"tablet":{"background-color":"var(--ast-global-color-4)","background-image":"","background-repeat":"repeat","background-position":"center center","background-size":"auto","background-attachment":"scroll","background-type":"","background-media":"","overlay-type":"","overlay-color":"","overlay-opacity":"","overlay-gradient":""},"mobile":{"background-color":"var(--ast-global-color-4)","background-image":"","background-repeat":"repeat","background-position":"center center","background-size":"auto","background-attachment":"scroll","background-type":"","background-media":"","overlay-type":"","overlay-color":"","overlay-opacity":"","overlay-gradient":""}}},"product_brand":[],"product_cat":[15],"product_tag":[1647,6265,6266,6268,4816,1785,6267,6264],"class_list":{"0":"post-19542","1":"product","2":"type-product","3":"status-publish","4":"has-post-thumbnail","6":"product_cat-uncategorized","7":"product_tag-draugyste","8":"product_tag-katinas","9":"product_tag-leonardo-da-vinci","10":"product_tag-luis-sepulveda","11":"product_tag-pasaka","12":"product_tag-vaikams","13":"product_tag-zorbas","14":"product_tag-zuvedra","15":"desktop-align-left","16":"tablet-align-left","17":"mobile-align-left","19":"first","20":"instock","21":"shipping-taxable","22":"purchasable","23":"product-type-simple"},"acf":[],"yoast_head":"<!-- This site is optimized with the Yoast SEO plugin v27.0 - https:\/\/yoast.com\/product\/yoast-seo-wordpress\/ -->\n<title>Apie \u017euv\u0117dr\u0105 ir katin\u0105, kuris i\u0161mok\u0117 j\u0105 skraidyti<\/title>\n<meta name=\"description\" content=\"Kaipgi i\u0161mokti skraidyti, kai tavo mama \u2013 katinas Zorbas?! Skaitytojus juokins ir graudins Hamburgo katin\u0173 gauja, globojanti \u017euv\u0117driuk\u0119, stebins\" \/>\n<meta name=\"robots\" content=\"index, follow, max-snippet:-1, max-image-preview:large, max-video-preview:-1\" \/>\n<link rel=\"canonical\" href=\"https:\/\/skaitytaknyga.lt\/en\/produktas\/apie-zuvedra-ir-katina-kuris-ismoke-ja-skraidyti\/\" \/>\n<meta property=\"og:locale\" content=\"en_GB\" \/>\n<meta property=\"og:locale:alternate\" content=\"lt_LT\" \/>\n<meta property=\"og:type\" content=\"article\" \/>\n<meta property=\"og:title\" content=\"Apie \u017euv\u0117dr\u0105 ir katin\u0105, kuris i\u0161mok\u0117 j\u0105 skraidyti\" \/>\n<meta property=\"og:description\" content=\"Kaipgi i\u0161mokti skraidyti, kai tavo mama \u2013 katinas Zorbas?! Skaitytojus juokins ir graudins Hamburgo katin\u0173 gauja, globojanti \u017euv\u0117driuk\u0119, stebins\" \/>\n<meta property=\"og:url\" content=\"https:\/\/skaitytaknyga.lt\/en\/produktas\/apie-zuvedra-ir-katina-kuris-ismoke-ja-skraidyti\/\" \/>\n<meta property=\"og:site_name\" content=\"Skaitytaknyga\" \/>\n<meta property=\"article:publisher\" content=\"https:\/\/www.facebook.com\/skaitytaknyga\/\" \/>\n<meta property=\"article:modified_time\" content=\"2025-07-22T06:49:00+00:00\" \/>\n<meta property=\"og:image\" content=\"https:\/\/skaitytaknyga.lt\/wp-content\/uploads\/2025\/07\/Apie-zuvedra-ir-katina-kuris-ismoke-ja-skraidyti.webp\" \/>\n\t<meta property=\"og:image:width\" content=\"367\" \/>\n\t<meta property=\"og:image:height\" content=\"400\" \/>\n\t<meta property=\"og:image:type\" content=\"image\/webp\" \/>\n<meta name=\"twitter:card\" content=\"summary_large_image\" \/>\n<script type=\"application\/ld+json\" class=\"yoast-schema-graph\">{\"@context\":\"https:\/\/schema.org\",\"@graph\":[{\"@type\":\"WebPage\",\"@id\":\"https:\/\/skaitytaknyga.lt\/produktas\/apie-zuvedra-ir-katina-kuris-ismoke-ja-skraidyti\/\",\"url\":\"https:\/\/skaitytaknyga.lt\/produktas\/apie-zuvedra-ir-katina-kuris-ismoke-ja-skraidyti\/\",\"name\":\"Apie \u017euv\u0117dr\u0105 ir katin\u0105, kuris i\u0161mok\u0117 j\u0105 skraidyti\",\"isPartOf\":{\"@id\":\"https:\/\/skaitytaknyga.lt\/#website\"},\"primaryImageOfPage\":{\"@id\":\"https:\/\/skaitytaknyga.lt\/produktas\/apie-zuvedra-ir-katina-kuris-ismoke-ja-skraidyti\/#primaryimage\"},\"image\":{\"@id\":\"https:\/\/skaitytaknyga.lt\/produktas\/apie-zuvedra-ir-katina-kuris-ismoke-ja-skraidyti\/#primaryimage\"},\"thumbnailUrl\":\"https:\/\/skaitytaknyga.lt\/wp-content\/uploads\/2025\/07\/Apie-zuvedra-ir-katina-kuris-ismoke-ja-skraidyti.webp\",\"datePublished\":\"2025-07-10T06:19:20+00:00\",\"dateModified\":\"2025-07-22T06:49:00+00:00\",\"description\":\"Kaipgi i\u0161mokti skraidyti, kai tavo mama \u2013 katinas Zorbas?! Skaitytojus juokins ir graudins Hamburgo katin\u0173 gauja, globojanti \u017euv\u0117driuk\u0119, stebins\",\"breadcrumb\":{\"@id\":\"https:\/\/skaitytaknyga.lt\/produktas\/apie-zuvedra-ir-katina-kuris-ismoke-ja-skraidyti\/#breadcrumb\"},\"inLanguage\":\"en-GB\",\"potentialAction\":[{\"@type\":\"ReadAction\",\"target\":[\"https:\/\/skaitytaknyga.lt\/produktas\/apie-zuvedra-ir-katina-kuris-ismoke-ja-skraidyti\/\"]}]},{\"@type\":\"ImageObject\",\"inLanguage\":\"en-GB\",\"@id\":\"https:\/\/skaitytaknyga.lt\/produktas\/apie-zuvedra-ir-katina-kuris-ismoke-ja-skraidyti\/#primaryimage\",\"url\":\"https:\/\/skaitytaknyga.lt\/wp-content\/uploads\/2025\/07\/Apie-zuvedra-ir-katina-kuris-ismoke-ja-skraidyti.webp\",\"contentUrl\":\"https:\/\/skaitytaknyga.lt\/wp-content\/uploads\/2025\/07\/Apie-zuvedra-ir-katina-kuris-ismoke-ja-skraidyti.webp\",\"width\":367,\"height\":400,\"caption\":\"Apie \u017euv\u0117dr\u0105 ir katin\u0105, kuris i\u0161mok\u0117 j\u0105 skraidyti\"},{\"@type\":\"BreadcrumbList\",\"@id\":\"https:\/\/skaitytaknyga.lt\/produktas\/apie-zuvedra-ir-katina-kuris-ismoke-ja-skraidyti\/#breadcrumb\",\"itemListElement\":[{\"@type\":\"ListItem\",\"position\":1,\"name\":\"Home\",\"item\":\"https:\/\/skaitytaknyga.lt\/\"},{\"@type\":\"ListItem\",\"position\":2,\"name\":\"Parduotuv\u0117\",\"item\":\"https:\/\/skaitytaknyga.lt\/knygu-parduotuve\/\"},{\"@type\":\"ListItem\",\"position\":3,\"name\":\"Apie \u017euv\u0117dr\u0105 ir katin\u0105, kuris i\u0161mok\u0117 j\u0105 skraidyti\"}]},{\"@type\":\"WebSite\",\"@id\":\"https:\/\/skaitytaknyga.lt\/#website\",\"url\":\"https:\/\/skaitytaknyga.lt\/\",\"name\":\"skaitytaknyga.lt\",\"description\":\"Skaitytaknyga.lt \u2013 tai ma\u017eas \u0161eimos verslas, kuris prasid\u0117jo nuo meil\u0117s knygoms ir siekio i\u0161gelb\u0117ti knygas nuo likimo prie konteinerio. Kas vienam nereikalingas daiktas \u2013 kitam lobis, o mes esame tarpininkai, kurie padeda abiems tapti laimingesniems ???? \u017dinome kaip nelengva i\u0161gyventi ma\u017eiems verslams, tad nuo \u0161iol, \u010dia rasite ir kit\u0173, ma\u017e\u0173 \u0161eim\u0173 versl\u0173, rank\u0173 darbo, dovan\u0173 sau ir artimiesiems.\",\"publisher\":{\"@id\":\"https:\/\/skaitytaknyga.lt\/#organization\"},\"potentialAction\":[{\"@type\":\"SearchAction\",\"target\":{\"@type\":\"EntryPoint\",\"urlTemplate\":\"https:\/\/skaitytaknyga.lt\/?s={search_term_string}\"},\"query-input\":{\"@type\":\"PropertyValueSpecification\",\"valueRequired\":true,\"valueName\":\"search_term_string\"}}],\"inLanguage\":\"en-GB\"},{\"@type\":\"Organization\",\"@id\":\"https:\/\/skaitytaknyga.lt\/#organization\",\"name\":\"skaitytaknyga.lt\",\"url\":\"https:\/\/skaitytaknyga.lt\/\",\"logo\":{\"@type\":\"ImageObject\",\"inLanguage\":\"en-GB\",\"@id\":\"https:\/\/skaitytaknyga.lt\/#\/schema\/logo\/image\/\",\"url\":\"https:\/\/skaitytaknyga.lt\/wp-content\/uploads\/2024\/05\/cropped-cropped-cropped-02_00843_jt3bggkj1j3HLc7SyY6rEUpg.jpeg\",\"contentUrl\":\"https:\/\/skaitytaknyga.lt\/wp-content\/uploads\/2024\/05\/cropped-cropped-cropped-02_00843_jt3bggkj1j3HLc7SyY6rEUpg.jpeg\",\"width\":1600,\"height\":1600,\"caption\":\"skaitytaknyga.lt\"},\"image\":{\"@id\":\"https:\/\/skaitytaknyga.lt\/#\/schema\/logo\/image\/\"},\"sameAs\":[\"https:\/\/www.facebook.com\/skaitytaknyga\/\"]}]}<\/script>\n<!-- \/ Yoast SEO plugin. -->","yoast_head_json":{"title":"Apie \u017euv\u0117dr\u0105 ir katin\u0105, kuris i\u0161mok\u0117 j\u0105 skraidyti","description":"Kaipgi i\u0161mokti skraidyti, kai tavo mama \u2013 katinas Zorbas?! Skaitytojus juokins ir graudins Hamburgo katin\u0173 gauja, globojanti \u017euv\u0117driuk\u0119, stebins","robots":{"index":"index","follow":"follow","max-snippet":"max-snippet:-1","max-image-preview":"max-image-preview:large","max-video-preview":"max-video-preview:-1"},"canonical":"https:\/\/skaitytaknyga.lt\/en\/produktas\/apie-zuvedra-ir-katina-kuris-ismoke-ja-skraidyti\/","og_locale":"en_GB","og_type":"article","og_title":"[:lt]Apie \u017euv\u0117dr\u0105 ir katin\u0105, kuris i\u0161mok\u0117 j\u0105 skraidyti[:] - Skaitytaknyga","og_description":"Kaipgi i\u0161mokti skraidyti, kai tavo mama \u2013 katinas Zorbas?! Skaitytojus juokins ir graudins Hamburgo katin\u0173 gauja, globojanti \u017euv\u0117driuk\u0119, stebins","og_url":"https:\/\/skaitytaknyga.lt\/en\/produktas\/apie-zuvedra-ir-katina-kuris-ismoke-ja-skraidyti\/","og_site_name":"Skaitytaknyga","article_publisher":"https:\/\/www.facebook.com\/skaitytaknyga\/","article_modified_time":"2025-07-22T06:49:00+00:00","og_image":[{"width":367,"height":400,"url":"https:\/\/skaitytaknyga.lt\/wp-content\/uploads\/2025\/07\/Apie-zuvedra-ir-katina-kuris-ismoke-ja-skraidyti.webp","type":"image\/webp"}],"twitter_card":"summary_large_image","schema":{"@context":"https:\/\/schema.org","@graph":[{"@type":"WebPage","@id":"https:\/\/skaitytaknyga.lt\/produktas\/apie-zuvedra-ir-katina-kuris-ismoke-ja-skraidyti\/","url":"https:\/\/skaitytaknyga.lt\/produktas\/apie-zuvedra-ir-katina-kuris-ismoke-ja-skraidyti\/","name":"Apie \u017euv\u0117dr\u0105 ir katin\u0105, kuris i\u0161mok\u0117 j\u0105 skraidyti","isPartOf":{"@id":"https:\/\/skaitytaknyga.lt\/#website"},"primaryImageOfPage":{"@id":"https:\/\/skaitytaknyga.lt\/produktas\/apie-zuvedra-ir-katina-kuris-ismoke-ja-skraidyti\/#primaryimage"},"image":{"@id":"https:\/\/skaitytaknyga.lt\/produktas\/apie-zuvedra-ir-katina-kuris-ismoke-ja-skraidyti\/#primaryimage"},"thumbnailUrl":"https:\/\/skaitytaknyga.lt\/wp-content\/uploads\/2025\/07\/Apie-zuvedra-ir-katina-kuris-ismoke-ja-skraidyti.webp","datePublished":"2025-07-10T06:19:20+00:00","dateModified":"2025-07-22T06:49:00+00:00","description":"Kaipgi i\u0161mokti skraidyti, kai tavo mama \u2013 katinas Zorbas?! Skaitytojus juokins ir graudins Hamburgo katin\u0173 gauja, globojanti \u017euv\u0117driuk\u0119, stebins","breadcrumb":{"@id":"https:\/\/skaitytaknyga.lt\/produktas\/apie-zuvedra-ir-katina-kuris-ismoke-ja-skraidyti\/#breadcrumb"},"inLanguage":"en-GB","potentialAction":[{"@type":"ReadAction","target":["https:\/\/skaitytaknyga.lt\/produktas\/apie-zuvedra-ir-katina-kuris-ismoke-ja-skraidyti\/"]}]},{"@type":"ImageObject","inLanguage":"en-GB","@id":"https:\/\/skaitytaknyga.lt\/produktas\/apie-zuvedra-ir-katina-kuris-ismoke-ja-skraidyti\/#primaryimage","url":"https:\/\/skaitytaknyga.lt\/wp-content\/uploads\/2025\/07\/Apie-zuvedra-ir-katina-kuris-ismoke-ja-skraidyti.webp","contentUrl":"https:\/\/skaitytaknyga.lt\/wp-content\/uploads\/2025\/07\/Apie-zuvedra-ir-katina-kuris-ismoke-ja-skraidyti.webp","width":367,"height":400,"caption":"Apie \u017euv\u0117dr\u0105 ir katin\u0105, kuris i\u0161mok\u0117 j\u0105 skraidyti"},{"@type":"BreadcrumbList","@id":"https:\/\/skaitytaknyga.lt\/produktas\/apie-zuvedra-ir-katina-kuris-ismoke-ja-skraidyti\/#breadcrumb","itemListElement":[{"@type":"ListItem","position":1,"name":"Home","item":"https:\/\/skaitytaknyga.lt\/"},{"@type":"ListItem","position":2,"name":"Parduotuv\u0117","item":"https:\/\/skaitytaknyga.lt\/knygu-parduotuve\/"},{"@type":"ListItem","position":3,"name":"Apie \u017euv\u0117dr\u0105 ir katin\u0105, kuris i\u0161mok\u0117 j\u0105 skraidyti"}]},{"@type":"WebSite","@id":"https:\/\/skaitytaknyga.lt\/#website","url":"https:\/\/skaitytaknyga.lt\/","name":"skaitytaknyga.lt","description":"Skaitytaknyga.lt \u2013 tai ma\u017eas \u0161eimos verslas, kuris prasid\u0117jo nuo meil\u0117s knygoms ir siekio i\u0161gelb\u0117ti knygas nuo likimo prie konteinerio. Kas vienam nereikalingas daiktas \u2013 kitam lobis, o mes esame tarpininkai, kurie padeda abiems tapti laimingesniems ???? \u017dinome kaip nelengva i\u0161gyventi ma\u017eiems verslams, tad nuo \u0161iol, \u010dia rasite ir kit\u0173, ma\u017e\u0173 \u0161eim\u0173 versl\u0173, rank\u0173 darbo, dovan\u0173 sau ir artimiesiems.","publisher":{"@id":"https:\/\/skaitytaknyga.lt\/#organization"},"potentialAction":[{"@type":"SearchAction","target":{"@type":"EntryPoint","urlTemplate":"https:\/\/skaitytaknyga.lt\/?s={search_term_string}"},"query-input":{"@type":"PropertyValueSpecification","valueRequired":true,"valueName":"search_term_string"}}],"inLanguage":"en-GB"},{"@type":"Organization","@id":"https:\/\/skaitytaknyga.lt\/#organization","name":"skaitytaknyga.lt","url":"https:\/\/skaitytaknyga.lt\/","logo":{"@type":"ImageObject","inLanguage":"en-GB","@id":"https:\/\/skaitytaknyga.lt\/#\/schema\/logo\/image\/","url":"https:\/\/skaitytaknyga.lt\/wp-content\/uploads\/2024\/05\/cropped-cropped-cropped-02_00843_jt3bggkj1j3HLc7SyY6rEUpg.jpeg","contentUrl":"https:\/\/skaitytaknyga.lt\/wp-content\/uploads\/2024\/05\/cropped-cropped-cropped-02_00843_jt3bggkj1j3HLc7SyY6rEUpg.jpeg","width":1600,"height":1600,"caption":"skaitytaknyga.lt"},"image":{"@id":"https:\/\/skaitytaknyga.lt\/#\/schema\/logo\/image\/"},"sameAs":["https:\/\/www.facebook.com\/skaitytaknyga\/"]}]}},"_links":{"self":[{"href":"https:\/\/skaitytaknyga.lt\/en\/wp-json\/wp\/v2\/product\/19542","targetHints":{"allow":["GET"]}}],"collection":[{"href":"https:\/\/skaitytaknyga.lt\/en\/wp-json\/wp\/v2\/product"}],"about":[{"href":"https:\/\/skaitytaknyga.lt\/en\/wp-json\/wp\/v2\/types\/product"}],"replies":[{"embeddable":true,"href":"https:\/\/skaitytaknyga.lt\/en\/wp-json\/wp\/v2\/comments?post=19542"}],"wp:featuredmedia":[{"embeddable":true,"href":"https:\/\/skaitytaknyga.lt\/en\/wp-json\/wp\/v2\/media\/19544"}],"wp:attachment":[{"href":"https:\/\/skaitytaknyga.lt\/en\/wp-json\/wp\/v2\/media?parent=19542"}],"wp:term":[{"taxonomy":"product_brand","embeddable":true,"href":"https:\/\/skaitytaknyga.lt\/en\/wp-json\/wp\/v2\/product_brand?post=19542"},{"taxonomy":"product_cat","embeddable":true,"href":"https:\/\/skaitytaknyga.lt\/en\/wp-json\/wp\/v2\/product_cat?post=19542"},{"taxonomy":"product_tag","embeddable":true,"href":"https:\/\/skaitytaknyga.lt\/en\/wp-json\/wp\/v2\/product_tag?post=19542"}],"curies":[{"name":"wp","href":"https:\/\/api.w.org\/{rel}","templated":true}]}}