{"id":19537,"date":"2025-07-09T15:38:50","date_gmt":"2025-07-09T12:38:50","guid":{"rendered":"https:\/\/skaitytaknyga.lt\/?post_type=product&#038;p=19537"},"modified":"2025-12-23T19:05:49","modified_gmt":"2025-12-23T17:05:49","slug":"fotografo-akis","status":"publish","type":"product","link":"https:\/\/skaitytaknyga.lt\/en\/produktas\/fotografo-akis\/","title":{"rendered":"Fotografo akis"},"content":{"rendered":"<p>Fotografijos akis \u2013 knyga apie skaitmenin\u0117s fotografijos kompozicij\u0105, kitaip tariant apie vizualin\u0119 fotografijos kalb\u0105, netgi savoti\u0161k\u0105 fotografijos gramatik\u0105 ar jos filosofij\u0105. K\u0105 \u201esako\u201c ar kod\u0117l \u201etyli\u201c j\u016bs\u0173 fotografijos? Kod\u0117l vienos fotografijos paveikios, ekspresyvios, emocingos, o kitos \u2013 ne? Kaip tai kei\u010dia objektyvo \u017eidinio nuotolis, ta\u0161kas i\u0161 kurio fotografuojate, vaizdo komponavimas, objekt\u0173 i\u0161d\u0117stymas kadre? Kokios yra kompozicijos fotografijoje taisykl\u0117s ir kod\u0117l bei kaip jos lau\u017eomos?<\/p>\n<p>Knyga skirta fotografijos entuziastams, studijuojantiems fotografij\u0105 ir vizualinius menus, visiems ketinantiems suvokti kaip konstruojamas vaizdas \u0161iuolaikin\u0117je fotografijoje ir kurti vizualiai \u201era\u0161tingas\u201c fotografijas. Tai viena i\u0161 perkamiausi\u0173 fotorgrafijos knyg\u0173, viena i\u0161 geriausi\u0173 vizualinio dizaino ir kompozicijos knyg\u0173, ai\u0161kiai ir suprantamai apra\u0161anti kaip veikia vizualiniai fenomenai fotografijoje.<\/p>\n<p>Kompozicija \u2013 vienas reik\u0161mingiausi\u0173 fotografijos s\u0117km\u0119 lemian\u010di\u0173 veiksni\u0173. Sugeb\u0117jimas \u012f\u017evelgti geros fotografijos potencial\u0105 ir sujungti grafinius elementus \u012f veiksming\u0105, d\u0117mes\u012f prikaustan\u010di\u0105 kompozicija visada bus vienas svarbiausi\u0173 fotograf\u0173 \u012fg\u016bd\u017ei\u0173. Skaitmenine fotografija kompozicijai padovanojo nauj\u0105 jaudinant\u012f aspekt\u0105 \u2013 momentin\u012f gr\u012f\u017etam\u0105j\u012f ry\u0161\u012f, nes skaitmeninis fotoaparatas leid\u017eia ta pa\u010di\u0105 akimirka vertinti ir taisyti kadr\u0105. Be to, vaizdo redagavimo \u012frankiai leid\u017eia keisti ir tobulinti kompozicija jau po to, kai u\u017erakto paleidimo mygtukas nuspaustas. \u0160ie dalykai labai paveik\u0117 fotografavimo skaitmeniniais fotoaparatais proces\u0105.<\/p>\n<p>Knygoje \u201eFotografo akis\u201c teigiama, kad bet kuris \u017emogus gali i\u0161siugdyti geb\u0117jim\u0105 pamatyti ir kurti puikias nuotraukas. Knygoje tyrin\u0117jami visi tadiciniai po\u017ei\u016briai \u012f kompozicij\u0105 ir dizain\u0105, ta\u010diau \u2013 ir tai labai svarbu \u2013 nepaliekami nuo\u0161alyje ir tokie skaitmeniniai metodai kaip kadr\u0173 sujungimas ir HDRI (auk\u0161to dinaminio diapazono vaizdai). Naujos technologijos i\u0161ple\u010dia fotografijos galimybes neversdamos fotografo ie\u0161koti kompromis\u0173.<\/p>\n","protected":false},"excerpt":{"rendered":"<p>Fotografijos akis \u2013 knyga apie skaitmenin\u0117s fotografijos kompozicij\u0105, kitaip tariant apie vizualin\u0119 fotografijos kalb\u0105, netgi savoti\u0161k\u0105 fotografijos gramatik\u0105 ar jos filosofij\u0105. K\u0105 \u201esako\u201c ar kod\u0117l \u201etyli\u201c j\u016bs\u0173 fotografijos? Kod\u0117l vienos fotografijos paveikios, ekspresyvios, emocingos, o kitos \u2013 ne? Kaip tai kei\u010dia objektyvo \u017eidinio nuotolis, ta\u0161kas i\u0161 kurio fotografuojate, vaizdo komponavimas, objekt\u0173 i\u0161d\u0117stymas kadre? Kokios yra kompozicijos fotografijoje taisykl\u0117s ir kod\u0117l bei kaip jos lau\u017eomos? Knyga skirta fotografijos entuziastams, studijuojantiems fotografij\u0105 ir vizualinius menus, visiems ketinantiems suvokti kaip konstruojamas vaizdas \u0161iuolaikin\u0117je fotografijoje ir kurti vizualiai \u201era\u0161tingas\u201c fotografijas. Tai viena i\u0161 perkamiausi\u0173 fotorgrafijos knyg\u0173, viena i\u0161 geriausi\u0173 vizualinio dizaino ir kompozicijos knyg\u0173, ai\u0161kiai ir suprantamai apra\u0161anti kaip veikia vizualiniai fenomenai fotografijoje. Kompozicija \u2013 vienas reik\u0161mingiausi\u0173 fotografijos s\u0117km\u0119 lemian\u010di\u0173 veiksni\u0173. Sugeb\u0117jimas \u012f\u017evelgti geros fotografijos potencial\u0105 ir sujungti grafinius elementus \u012f veiksming\u0105, d\u0117mes\u012f prikaustan\u010di\u0105 kompozicija visada bus vienas svarbiausi\u0173 fotograf\u0173 \u012fg\u016bd\u017ei\u0173. Skaitmenine fotografija kompozicijai padovanojo nauj\u0105 jaudinant\u012f aspekt\u0105 \u2013 momentin\u012f gr\u012f\u017etam\u0105j\u012f ry\u0161\u012f, nes skaitmeninis fotoaparatas leid\u017eia ta pa\u010di\u0105 akimirka vertinti ir taisyti kadr\u0105. Be to, vaizdo redagavimo \u012frankiai leid\u017eia keisti ir tobulinti kompozicija jau po to, kai u\u017erakto paleidimo mygtukas nuspaustas. \u0160ie dalykai labai paveik\u0117 fotografavimo skaitmeniniais fotoaparatais proces\u0105. Knygoje \u201eFotografo akis\u201c teigiama, kad bet kuris \u017emogus gali i\u0161siugdyti geb\u0117jim\u0105 pamatyti ir kurti puikias nuotraukas. Knygoje tyrin\u0117jami visi tadiciniai po\u017ei\u016briai \u012f kompozicij\u0105 ir dizain\u0105, ta\u010diau \u2013 ir tai labai svarbu \u2013 nepaliekami nuo\u0161alyje ir tokie skaitmeniniai metodai kaip kadr\u0173 sujungimas ir HDRI (auk\u0161to dinaminio diapazono vaizdai). Naujos technologijos i\u0161ple\u010dia fotografijos galimybes neversdamos fotografo ie\u0161koti kompromis\u0173.<\/p>\n","protected":false},"featured_media":19539,"comment_status":"open","ping_status":"closed","template":"","meta":{"_acf_changed":false,"site-sidebar-layout":"default","site-content-layout":"","ast-site-content-layout":"default","site-content-style":"default","site-sidebar-style":"default","ast-global-header-display":"","ast-banner-title-visibility":"","ast-main-header-display":"","ast-hfb-above-header-display":"","ast-hfb-below-header-display":"","ast-hfb-mobile-header-display":"","site-post-title":"","ast-breadcrumbs-content":"","ast-featured-img":"","footer-sml-layout":"","ast-disable-related-posts":"","theme-transparent-header-meta":"","adv-header-id-meta":"","stick-header-meta":"","header-above-stick-meta":"","header-main-stick-meta":"","header-below-stick-meta":"","astra-migrate-meta-layouts":"default","ast-page-background-enabled":"default","ast-page-background-meta":{"desktop":{"background-color":"","background-image":"","background-repeat":"repeat","background-position":"center center","background-size":"auto","background-attachment":"scroll","background-type":"","background-media":"","overlay-type":"","overlay-color":"","overlay-opacity":"","overlay-gradient":""},"tablet":{"background-color":"","background-image":"","background-repeat":"repeat","background-position":"center center","background-size":"auto","background-attachment":"scroll","background-type":"","background-media":"","overlay-type":"","overlay-color":"","overlay-opacity":"","overlay-gradient":""},"mobile":{"background-color":"","background-image":"","background-repeat":"repeat","background-position":"center center","background-size":"auto","background-attachment":"scroll","background-type":"","background-media":"","overlay-type":"","overlay-color":"","overlay-opacity":"","overlay-gradient":""}},"ast-content-background-meta":{"desktop":{"background-color":"var(--ast-global-color-4)","background-image":"","background-repeat":"repeat","background-position":"center center","background-size":"auto","background-attachment":"scroll","background-type":"","background-media":"","overlay-type":"","overlay-color":"","overlay-opacity":"","overlay-gradient":""},"tablet":{"background-color":"var(--ast-global-color-4)","background-image":"","background-repeat":"repeat","background-position":"center center","background-size":"auto","background-attachment":"scroll","background-type":"","background-media":"","overlay-type":"","overlay-color":"","overlay-opacity":"","overlay-gradient":""},"mobile":{"background-color":"var(--ast-global-color-4)","background-image":"","background-repeat":"repeat","background-position":"center center","background-size":"auto","background-attachment":"scroll","background-type":"","background-media":"","overlay-type":"","overlay-color":"","overlay-opacity":"","overlay-gradient":""}}},"product_brand":[],"product_cat":[15],"product_tag":[3147,6259,6258,6260,6261],"class_list":{"0":"post-19537","1":"product","2":"type-product","3":"status-publish","4":"has-post-thumbnail","6":"product_cat-uncategorized","7":"product_tag-fotografija","8":"product_tag-kompozicija","9":"product_tag-michael-freeman","10":"product_tag-skaitmenine-fotografija","11":"product_tag-vizualinis-menas","12":"desktop-align-left","13":"tablet-align-left","14":"mobile-align-left","16":"first","17":"outofstock","18":"shipping-taxable","19":"purchasable","20":"product-type-simple"},"acf":[],"yoast_head":"<!-- This site is optimized with the Yoast SEO plugin v27.0 - https:\/\/yoast.com\/product\/yoast-seo-wordpress\/ -->\n<title>Fotografo akis<\/title>\n<meta name=\"description\" content=\"Fotografijos akis \u2013 knyga apie skaitmenin\u0117s fotografijos kompozicij\u0105, kitaip tariant apie vizualin\u0119 fotografijos kalb\u0105, netgi savoti\u0161k\u0105 fotografijos\" \/>\n<meta name=\"robots\" content=\"index, follow, max-snippet:-1, max-image-preview:large, max-video-preview:-1\" \/>\n<link rel=\"canonical\" href=\"https:\/\/skaitytaknyga.lt\/en\/produktas\/fotografo-akis\/\" \/>\n<meta property=\"og:locale\" content=\"en_GB\" \/>\n<meta property=\"og:locale:alternate\" content=\"lt_LT\" \/>\n<meta property=\"og:type\" content=\"article\" \/>\n<meta property=\"og:title\" content=\"Fotografo akis\" \/>\n<meta property=\"og:description\" content=\"Fotografijos akis \u2013 knyga apie skaitmenin\u0117s fotografijos kompozicij\u0105, kitaip tariant apie vizualin\u0119 fotografijos kalb\u0105, netgi savoti\u0161k\u0105 fotografijos\" \/>\n<meta property=\"og:url\" content=\"https:\/\/skaitytaknyga.lt\/en\/produktas\/fotografo-akis\/\" \/>\n<meta property=\"og:site_name\" content=\"Skaitytaknyga\" \/>\n<meta property=\"article:publisher\" content=\"https:\/\/www.facebook.com\/skaitytaknyga\/\" \/>\n<meta property=\"article:modified_time\" content=\"2025-12-23T17:05:49+00:00\" \/>\n<meta property=\"og:image\" content=\"https:\/\/skaitytaknyga.lt\/wp-content\/uploads\/2025\/07\/Fotografo-akis.webp\" \/>\n\t<meta property=\"og:image:width\" content=\"561\" \/>\n\t<meta property=\"og:image:height\" content=\"600\" \/>\n\t<meta property=\"og:image:type\" content=\"image\/webp\" \/>\n<meta name=\"twitter:card\" content=\"summary_large_image\" \/>\n<meta name=\"twitter:label1\" content=\"Estimated reading time\" \/>\n\t<meta name=\"twitter:data1\" content=\"1 minute\" \/>\n<script type=\"application\/ld+json\" class=\"yoast-schema-graph\">{\"@context\":\"https:\/\/schema.org\",\"@graph\":[{\"@type\":\"WebPage\",\"@id\":\"https:\/\/skaitytaknyga.lt\/produktas\/fotografo-akis\/\",\"url\":\"https:\/\/skaitytaknyga.lt\/produktas\/fotografo-akis\/\",\"name\":\"Fotografo akis\",\"isPartOf\":{\"@id\":\"https:\/\/skaitytaknyga.lt\/#website\"},\"primaryImageOfPage\":{\"@id\":\"https:\/\/skaitytaknyga.lt\/produktas\/fotografo-akis\/#primaryimage\"},\"image\":{\"@id\":\"https:\/\/skaitytaknyga.lt\/produktas\/fotografo-akis\/#primaryimage\"},\"thumbnailUrl\":\"https:\/\/skaitytaknyga.lt\/wp-content\/uploads\/2025\/07\/Fotografo-akis.webp\",\"datePublished\":\"2025-07-09T12:38:50+00:00\",\"dateModified\":\"2025-12-23T17:05:49+00:00\",\"description\":\"Fotografijos akis \u2013 knyga apie skaitmenin\u0117s fotografijos kompozicij\u0105, kitaip tariant apie vizualin\u0119 fotografijos kalb\u0105, netgi savoti\u0161k\u0105 fotografijos\",\"breadcrumb\":{\"@id\":\"https:\/\/skaitytaknyga.lt\/produktas\/fotografo-akis\/#breadcrumb\"},\"inLanguage\":\"en-GB\",\"potentialAction\":[{\"@type\":\"ReadAction\",\"target\":[\"https:\/\/skaitytaknyga.lt\/produktas\/fotografo-akis\/\"]}]},{\"@type\":\"ImageObject\",\"inLanguage\":\"en-GB\",\"@id\":\"https:\/\/skaitytaknyga.lt\/produktas\/fotografo-akis\/#primaryimage\",\"url\":\"https:\/\/skaitytaknyga.lt\/wp-content\/uploads\/2025\/07\/Fotografo-akis.webp\",\"contentUrl\":\"https:\/\/skaitytaknyga.lt\/wp-content\/uploads\/2025\/07\/Fotografo-akis.webp\",\"width\":561,\"height\":600},{\"@type\":\"BreadcrumbList\",\"@id\":\"https:\/\/skaitytaknyga.lt\/produktas\/fotografo-akis\/#breadcrumb\",\"itemListElement\":[{\"@type\":\"ListItem\",\"position\":1,\"name\":\"Home\",\"item\":\"https:\/\/skaitytaknyga.lt\/\"},{\"@type\":\"ListItem\",\"position\":2,\"name\":\"Parduotuv\u0117\",\"item\":\"https:\/\/skaitytaknyga.lt\/knygu-parduotuve\/\"},{\"@type\":\"ListItem\",\"position\":3,\"name\":\"Fotografo akis\"}]},{\"@type\":\"WebSite\",\"@id\":\"https:\/\/skaitytaknyga.lt\/#website\",\"url\":\"https:\/\/skaitytaknyga.lt\/\",\"name\":\"skaitytaknyga.lt\",\"description\":\"Skaitytaknyga.lt \u2013 tai ma\u017eas \u0161eimos verslas, kuris prasid\u0117jo nuo meil\u0117s knygoms ir siekio i\u0161gelb\u0117ti knygas nuo likimo prie konteinerio. Kas vienam nereikalingas daiktas \u2013 kitam lobis, o mes esame tarpininkai, kurie padeda abiems tapti laimingesniems ???? \u017dinome kaip nelengva i\u0161gyventi ma\u017eiems verslams, tad nuo \u0161iol, \u010dia rasite ir kit\u0173, ma\u017e\u0173 \u0161eim\u0173 versl\u0173, rank\u0173 darbo, dovan\u0173 sau ir artimiesiems.\",\"publisher\":{\"@id\":\"https:\/\/skaitytaknyga.lt\/#organization\"},\"potentialAction\":[{\"@type\":\"SearchAction\",\"target\":{\"@type\":\"EntryPoint\",\"urlTemplate\":\"https:\/\/skaitytaknyga.lt\/?s={search_term_string}\"},\"query-input\":{\"@type\":\"PropertyValueSpecification\",\"valueRequired\":true,\"valueName\":\"search_term_string\"}}],\"inLanguage\":\"en-GB\"},{\"@type\":\"Organization\",\"@id\":\"https:\/\/skaitytaknyga.lt\/#organization\",\"name\":\"skaitytaknyga.lt\",\"url\":\"https:\/\/skaitytaknyga.lt\/\",\"logo\":{\"@type\":\"ImageObject\",\"inLanguage\":\"en-GB\",\"@id\":\"https:\/\/skaitytaknyga.lt\/#\/schema\/logo\/image\/\",\"url\":\"https:\/\/skaitytaknyga.lt\/wp-content\/uploads\/2024\/05\/cropped-cropped-cropped-02_00843_jt3bggkj1j3HLc7SyY6rEUpg.jpeg\",\"contentUrl\":\"https:\/\/skaitytaknyga.lt\/wp-content\/uploads\/2024\/05\/cropped-cropped-cropped-02_00843_jt3bggkj1j3HLc7SyY6rEUpg.jpeg\",\"width\":1600,\"height\":1600,\"caption\":\"skaitytaknyga.lt\"},\"image\":{\"@id\":\"https:\/\/skaitytaknyga.lt\/#\/schema\/logo\/image\/\"},\"sameAs\":[\"https:\/\/www.facebook.com\/skaitytaknyga\/\"]}]}<\/script>\n<!-- \/ Yoast SEO plugin. -->","yoast_head_json":{"title":"Fotografo akis","description":"Fotografijos akis \u2013 knyga apie skaitmenin\u0117s fotografijos kompozicij\u0105, kitaip tariant apie vizualin\u0119 fotografijos kalb\u0105, netgi savoti\u0161k\u0105 fotografijos","robots":{"index":"index","follow":"follow","max-snippet":"max-snippet:-1","max-image-preview":"max-image-preview:large","max-video-preview":"max-video-preview:-1"},"canonical":"https:\/\/skaitytaknyga.lt\/en\/produktas\/fotografo-akis\/","og_locale":"en_GB","og_type":"article","og_title":"[:lt]Fotografo akis[:] - Skaitytaknyga","og_description":"Fotografijos akis \u2013 knyga apie skaitmenin\u0117s fotografijos kompozicij\u0105, kitaip tariant apie vizualin\u0119 fotografijos kalb\u0105, netgi savoti\u0161k\u0105 fotografijos","og_url":"https:\/\/skaitytaknyga.lt\/en\/produktas\/fotografo-akis\/","og_site_name":"Skaitytaknyga","article_publisher":"https:\/\/www.facebook.com\/skaitytaknyga\/","article_modified_time":"2025-12-23T17:05:49+00:00","og_image":[{"width":561,"height":600,"url":"https:\/\/skaitytaknyga.lt\/wp-content\/uploads\/2025\/07\/Fotografo-akis.webp","type":"image\/webp"}],"twitter_card":"summary_large_image","twitter_misc":{"Estimated reading time":"1 minute"},"schema":{"@context":"https:\/\/schema.org","@graph":[{"@type":"WebPage","@id":"https:\/\/skaitytaknyga.lt\/produktas\/fotografo-akis\/","url":"https:\/\/skaitytaknyga.lt\/produktas\/fotografo-akis\/","name":"Fotografo akis","isPartOf":{"@id":"https:\/\/skaitytaknyga.lt\/#website"},"primaryImageOfPage":{"@id":"https:\/\/skaitytaknyga.lt\/produktas\/fotografo-akis\/#primaryimage"},"image":{"@id":"https:\/\/skaitytaknyga.lt\/produktas\/fotografo-akis\/#primaryimage"},"thumbnailUrl":"https:\/\/skaitytaknyga.lt\/wp-content\/uploads\/2025\/07\/Fotografo-akis.webp","datePublished":"2025-07-09T12:38:50+00:00","dateModified":"2025-12-23T17:05:49+00:00","description":"Fotografijos akis \u2013 knyga apie skaitmenin\u0117s fotografijos kompozicij\u0105, kitaip tariant apie vizualin\u0119 fotografijos kalb\u0105, netgi savoti\u0161k\u0105 fotografijos","breadcrumb":{"@id":"https:\/\/skaitytaknyga.lt\/produktas\/fotografo-akis\/#breadcrumb"},"inLanguage":"en-GB","potentialAction":[{"@type":"ReadAction","target":["https:\/\/skaitytaknyga.lt\/produktas\/fotografo-akis\/"]}]},{"@type":"ImageObject","inLanguage":"en-GB","@id":"https:\/\/skaitytaknyga.lt\/produktas\/fotografo-akis\/#primaryimage","url":"https:\/\/skaitytaknyga.lt\/wp-content\/uploads\/2025\/07\/Fotografo-akis.webp","contentUrl":"https:\/\/skaitytaknyga.lt\/wp-content\/uploads\/2025\/07\/Fotografo-akis.webp","width":561,"height":600},{"@type":"BreadcrumbList","@id":"https:\/\/skaitytaknyga.lt\/produktas\/fotografo-akis\/#breadcrumb","itemListElement":[{"@type":"ListItem","position":1,"name":"Home","item":"https:\/\/skaitytaknyga.lt\/"},{"@type":"ListItem","position":2,"name":"Parduotuv\u0117","item":"https:\/\/skaitytaknyga.lt\/knygu-parduotuve\/"},{"@type":"ListItem","position":3,"name":"Fotografo akis"}]},{"@type":"WebSite","@id":"https:\/\/skaitytaknyga.lt\/#website","url":"https:\/\/skaitytaknyga.lt\/","name":"skaitytaknyga.lt","description":"Skaitytaknyga.lt \u2013 tai ma\u017eas \u0161eimos verslas, kuris prasid\u0117jo nuo meil\u0117s knygoms ir siekio i\u0161gelb\u0117ti knygas nuo likimo prie konteinerio. Kas vienam nereikalingas daiktas \u2013 kitam lobis, o mes esame tarpininkai, kurie padeda abiems tapti laimingesniems ???? \u017dinome kaip nelengva i\u0161gyventi ma\u017eiems verslams, tad nuo \u0161iol, \u010dia rasite ir kit\u0173, ma\u017e\u0173 \u0161eim\u0173 versl\u0173, rank\u0173 darbo, dovan\u0173 sau ir artimiesiems.","publisher":{"@id":"https:\/\/skaitytaknyga.lt\/#organization"},"potentialAction":[{"@type":"SearchAction","target":{"@type":"EntryPoint","urlTemplate":"https:\/\/skaitytaknyga.lt\/?s={search_term_string}"},"query-input":{"@type":"PropertyValueSpecification","valueRequired":true,"valueName":"search_term_string"}}],"inLanguage":"en-GB"},{"@type":"Organization","@id":"https:\/\/skaitytaknyga.lt\/#organization","name":"skaitytaknyga.lt","url":"https:\/\/skaitytaknyga.lt\/","logo":{"@type":"ImageObject","inLanguage":"en-GB","@id":"https:\/\/skaitytaknyga.lt\/#\/schema\/logo\/image\/","url":"https:\/\/skaitytaknyga.lt\/wp-content\/uploads\/2024\/05\/cropped-cropped-cropped-02_00843_jt3bggkj1j3HLc7SyY6rEUpg.jpeg","contentUrl":"https:\/\/skaitytaknyga.lt\/wp-content\/uploads\/2024\/05\/cropped-cropped-cropped-02_00843_jt3bggkj1j3HLc7SyY6rEUpg.jpeg","width":1600,"height":1600,"caption":"skaitytaknyga.lt"},"image":{"@id":"https:\/\/skaitytaknyga.lt\/#\/schema\/logo\/image\/"},"sameAs":["https:\/\/www.facebook.com\/skaitytaknyga\/"]}]}},"_links":{"self":[{"href":"https:\/\/skaitytaknyga.lt\/en\/wp-json\/wp\/v2\/product\/19537","targetHints":{"allow":["GET"]}}],"collection":[{"href":"https:\/\/skaitytaknyga.lt\/en\/wp-json\/wp\/v2\/product"}],"about":[{"href":"https:\/\/skaitytaknyga.lt\/en\/wp-json\/wp\/v2\/types\/product"}],"replies":[{"embeddable":true,"href":"https:\/\/skaitytaknyga.lt\/en\/wp-json\/wp\/v2\/comments?post=19537"}],"wp:featuredmedia":[{"embeddable":true,"href":"https:\/\/skaitytaknyga.lt\/en\/wp-json\/wp\/v2\/media\/19539"}],"wp:attachment":[{"href":"https:\/\/skaitytaknyga.lt\/en\/wp-json\/wp\/v2\/media?parent=19537"}],"wp:term":[{"taxonomy":"product_brand","embeddable":true,"href":"https:\/\/skaitytaknyga.lt\/en\/wp-json\/wp\/v2\/product_brand?post=19537"},{"taxonomy":"product_cat","embeddable":true,"href":"https:\/\/skaitytaknyga.lt\/en\/wp-json\/wp\/v2\/product_cat?post=19537"},{"taxonomy":"product_tag","embeddable":true,"href":"https:\/\/skaitytaknyga.lt\/en\/wp-json\/wp\/v2\/product_tag?post=19537"}],"curies":[{"name":"wp","href":"https:\/\/api.w.org\/{rel}","templated":true}]}}