{"id":19536,"date":"2025-07-09T15:38:49","date_gmt":"2025-07-09T12:38:49","guid":{"rendered":"https:\/\/skaitytaknyga.lt\/?post_type=product&#038;p=19536"},"modified":"2025-12-14T16:11:34","modified_gmt":"2025-12-14T14:11:34","slug":"fotografo-mintis","status":"publish","type":"product","link":"https:\/\/skaitytaknyga.lt\/en\/produktas\/fotografo-mintis\/","title":{"rendered":"Fotografo mintis"},"content":{"rendered":"<p>Geresn\u0117s skaitmenin\u0117s fotografijos: k\u016brybinis po\u017ei\u016bris.<\/p>\n<p>Bet kurios fotografijos prad\u017eia &#8211; ne fotoaparatas ir netgi ne vaizdas, matomas per vaizdo ie\u0161kikl\u012f: vaizdo reikia ie\u0161koti fotografo mintyse. Ten jis sukuriamas ir tik v\u0117liau u\u017efiksuojamas atminties kortel\u0117je ar juostel\u0117je.<\/p>\n<p>Fotografo minties, tarptautinio pripa\u017einimo sulaukusio Fotografo akies t\u0119sinio, autorius ir fotografas Michaelas Freemanas pakelia u\u017edang\u0105, slepian\u010di\u0105 fotografij\u0173 k\u016brimo paslapt\u012f.<\/p>\n<p>Fotografijos, labiau nei kurios kitos meno formos, prigimtis reikalauja nuolat stebinti ir intriguoti \u017ei\u016brov\u0105 naujais vaizdais ir \u012fvairesn\u0117mis j\u0173 interpretacijomis. \u0160ioje knygoje siekiama paai\u0161kinti, i\u0161 ko susideda geros nuotraukos, i\u0161tirti, kas \u017eymiausiems pasaulio fotografams padeda tokias sukurti.<\/p>\n<p>Fotografo mintis suteiks ne\u012fkainojam\u0173 \u017eini\u0173 apie mados cikli\u0161kum\u0105, stilius, manierizm\u0105 ir ap\u0161vietim\u0105 ir patars, kaip i\u0161vengti kli\u0161i\u0173 bei susidoroti su netik\u0117tumais.<\/p>\n","protected":false},"excerpt":{"rendered":"<p>Geresn\u0117s skaitmenin\u0117s fotografijos: k\u016brybinis po\u017ei\u016bris. Bet kurios fotografijos prad\u017eia &#8211; ne fotoaparatas ir netgi ne vaizdas, matomas per vaizdo ie\u0161kikl\u012f: vaizdo reikia ie\u0161koti fotografo mintyse. Ten jis sukuriamas ir tik v\u0117liau u\u017efiksuojamas atminties kortel\u0117je ar juostel\u0117je. Fotografo minties, tarptautinio pripa\u017einimo sulaukusio Fotografo akies t\u0119sinio, autorius ir fotografas Michaelas Freemanas pakelia u\u017edang\u0105, slepian\u010di\u0105 fotografij\u0173 k\u016brimo paslapt\u012f. Fotografijos, labiau nei kurios kitos meno formos, prigimtis reikalauja nuolat stebinti ir intriguoti \u017ei\u016brov\u0105 naujais vaizdais ir \u012fvairesn\u0117mis j\u0173 interpretacijomis. \u0160ioje knygoje siekiama paai\u0161kinti, i\u0161 ko susideda geros nuotraukos, i\u0161tirti, kas \u017eymiausiems pasaulio fotografams padeda tokias sukurti. Fotografo mintis suteiks ne\u012fkainojam\u0173 \u017eini\u0173 apie mados cikli\u0161kum\u0105, stilius, manierizm\u0105 ir ap\u0161vietim\u0105 ir patars, kaip i\u0161vengti kli\u0161i\u0173 bei susidoroti su netik\u0117tumais.<\/p>\n","protected":false},"featured_media":19538,"comment_status":"open","ping_status":"closed","template":"","meta":{"_acf_changed":false,"site-sidebar-layout":"default","site-content-layout":"","ast-site-content-layout":"default","site-content-style":"default","site-sidebar-style":"default","ast-global-header-display":"","ast-banner-title-visibility":"","ast-main-header-display":"","ast-hfb-above-header-display":"","ast-hfb-below-header-display":"","ast-hfb-mobile-header-display":"","site-post-title":"","ast-breadcrumbs-content":"","ast-featured-img":"","footer-sml-layout":"","ast-disable-related-posts":"","theme-transparent-header-meta":"","adv-header-id-meta":"","stick-header-meta":"","header-above-stick-meta":"","header-main-stick-meta":"","header-below-stick-meta":"","astra-migrate-meta-layouts":"default","ast-page-background-enabled":"default","ast-page-background-meta":{"desktop":{"background-color":"","background-image":"","background-repeat":"repeat","background-position":"center center","background-size":"auto","background-attachment":"scroll","background-type":"","background-media":"","overlay-type":"","overlay-color":"","overlay-opacity":"","overlay-gradient":""},"tablet":{"background-color":"","background-image":"","background-repeat":"repeat","background-position":"center center","background-size":"auto","background-attachment":"scroll","background-type":"","background-media":"","overlay-type":"","overlay-color":"","overlay-opacity":"","overlay-gradient":""},"mobile":{"background-color":"","background-image":"","background-repeat":"repeat","background-position":"center center","background-size":"auto","background-attachment":"scroll","background-type":"","background-media":"","overlay-type":"","overlay-color":"","overlay-opacity":"","overlay-gradient":""}},"ast-content-background-meta":{"desktop":{"background-color":"var(--ast-global-color-4)","background-image":"","background-repeat":"repeat","background-position":"center center","background-size":"auto","background-attachment":"scroll","background-type":"","background-media":"","overlay-type":"","overlay-color":"","overlay-opacity":"","overlay-gradient":""},"tablet":{"background-color":"var(--ast-global-color-4)","background-image":"","background-repeat":"repeat","background-position":"center center","background-size":"auto","background-attachment":"scroll","background-type":"","background-media":"","overlay-type":"","overlay-color":"","overlay-opacity":"","overlay-gradient":""},"mobile":{"background-color":"var(--ast-global-color-4)","background-image":"","background-repeat":"repeat","background-position":"center center","background-size":"auto","background-attachment":"scroll","background-type":"","background-media":"","overlay-type":"","overlay-color":"","overlay-opacity":"","overlay-gradient":""}}},"product_brand":[],"product_cat":[15],"product_tag":[6255,3147,6256,3007,6257,6258],"class_list":{"0":"post-19536","1":"product","2":"type-product","3":"status-publish","4":"has-post-thumbnail","6":"product_cat-uncategorized","7":"product_tag-apsvietimas","8":"product_tag-fotografija","9":"product_tag-interpretacija","10":"product_tag-kuryba","11":"product_tag-meno-suvokimas","12":"product_tag-michael-freeman","13":"desktop-align-left","14":"tablet-align-left","15":"mobile-align-left","17":"first","18":"outofstock","19":"shipping-taxable","20":"purchasable","21":"product-type-simple"},"acf":[],"yoast_head":"<!-- This site is optimized with the Yoast SEO plugin v27.0 - https:\/\/yoast.com\/product\/yoast-seo-wordpress\/ -->\n<title>Fotografo mintis<\/title>\n<meta name=\"description\" content=\"Geresn\u0117s skaitmenin\u0117s fotografijos: k\u016brybinis po\u017ei\u016bris. Bet kurios fotografijos prad\u017eia - ne fotoaparatas ir netgi ne vaizdas, matomas per vaizdo\" \/>\n<meta name=\"robots\" content=\"index, follow, max-snippet:-1, max-image-preview:large, max-video-preview:-1\" \/>\n<link rel=\"canonical\" href=\"https:\/\/skaitytaknyga.lt\/en\/produktas\/fotografo-mintis\/\" \/>\n<meta property=\"og:locale\" content=\"en_GB\" \/>\n<meta property=\"og:locale:alternate\" content=\"lt_LT\" \/>\n<meta property=\"og:type\" content=\"article\" \/>\n<meta property=\"og:title\" content=\"Fotografo mintis\" \/>\n<meta property=\"og:description\" content=\"Geresn\u0117s skaitmenin\u0117s fotografijos: k\u016brybinis po\u017ei\u016bris. Bet kurios fotografijos prad\u017eia - ne fotoaparatas ir netgi ne vaizdas, matomas per vaizdo\" \/>\n<meta property=\"og:url\" content=\"https:\/\/skaitytaknyga.lt\/en\/produktas\/fotografo-mintis\/\" \/>\n<meta property=\"og:site_name\" content=\"Skaitytaknyga\" \/>\n<meta property=\"article:publisher\" content=\"https:\/\/www.facebook.com\/skaitytaknyga\/\" \/>\n<meta property=\"article:modified_time\" content=\"2025-12-14T14:11:34+00:00\" \/>\n<meta property=\"og:image\" content=\"https:\/\/skaitytaknyga.lt\/wp-content\/uploads\/2025\/07\/Fotografo-mintis.webp\" \/>\n\t<meta property=\"og:image:width\" content=\"663\" \/>\n\t<meta property=\"og:image:height\" content=\"801\" \/>\n\t<meta property=\"og:image:type\" content=\"image\/webp\" \/>\n<meta name=\"twitter:card\" content=\"summary_large_image\" \/>\n<meta name=\"twitter:label1\" content=\"Estimated reading time\" \/>\n\t<meta name=\"twitter:data1\" content=\"1 minute\" \/>\n<script type=\"application\/ld+json\" class=\"yoast-schema-graph\">{\"@context\":\"https:\/\/schema.org\",\"@graph\":[{\"@type\":\"WebPage\",\"@id\":\"https:\/\/skaitytaknyga.lt\/produktas\/fotografo-mintis\/\",\"url\":\"https:\/\/skaitytaknyga.lt\/produktas\/fotografo-mintis\/\",\"name\":\"Fotografo mintis\",\"isPartOf\":{\"@id\":\"https:\/\/skaitytaknyga.lt\/#website\"},\"primaryImageOfPage\":{\"@id\":\"https:\/\/skaitytaknyga.lt\/produktas\/fotografo-mintis\/#primaryimage\"},\"image\":{\"@id\":\"https:\/\/skaitytaknyga.lt\/produktas\/fotografo-mintis\/#primaryimage\"},\"thumbnailUrl\":\"https:\/\/skaitytaknyga.lt\/wp-content\/uploads\/2025\/07\/Fotografo-mintis.webp\",\"datePublished\":\"2025-07-09T12:38:49+00:00\",\"dateModified\":\"2025-12-14T14:11:34+00:00\",\"description\":\"Geresn\u0117s skaitmenin\u0117s fotografijos: k\u016brybinis po\u017ei\u016bris. Bet kurios fotografijos prad\u017eia - ne fotoaparatas ir netgi ne vaizdas, matomas per vaizdo\",\"breadcrumb\":{\"@id\":\"https:\/\/skaitytaknyga.lt\/produktas\/fotografo-mintis\/#breadcrumb\"},\"inLanguage\":\"en-GB\",\"potentialAction\":[{\"@type\":\"ReadAction\",\"target\":[\"https:\/\/skaitytaknyga.lt\/produktas\/fotografo-mintis\/\"]}]},{\"@type\":\"ImageObject\",\"inLanguage\":\"en-GB\",\"@id\":\"https:\/\/skaitytaknyga.lt\/produktas\/fotografo-mintis\/#primaryimage\",\"url\":\"https:\/\/skaitytaknyga.lt\/wp-content\/uploads\/2025\/07\/Fotografo-mintis.webp\",\"contentUrl\":\"https:\/\/skaitytaknyga.lt\/wp-content\/uploads\/2025\/07\/Fotografo-mintis.webp\",\"width\":663,\"height\":801},{\"@type\":\"BreadcrumbList\",\"@id\":\"https:\/\/skaitytaknyga.lt\/produktas\/fotografo-mintis\/#breadcrumb\",\"itemListElement\":[{\"@type\":\"ListItem\",\"position\":1,\"name\":\"Home\",\"item\":\"https:\/\/skaitytaknyga.lt\/\"},{\"@type\":\"ListItem\",\"position\":2,\"name\":\"Parduotuv\u0117\",\"item\":\"https:\/\/skaitytaknyga.lt\/knygu-parduotuve\/\"},{\"@type\":\"ListItem\",\"position\":3,\"name\":\"Fotografo mintis\"}]},{\"@type\":\"WebSite\",\"@id\":\"https:\/\/skaitytaknyga.lt\/#website\",\"url\":\"https:\/\/skaitytaknyga.lt\/\",\"name\":\"skaitytaknyga.lt\",\"description\":\"Skaitytaknyga.lt \u2013 tai ma\u017eas \u0161eimos verslas, kuris prasid\u0117jo nuo meil\u0117s knygoms ir siekio i\u0161gelb\u0117ti knygas nuo likimo prie konteinerio. Kas vienam nereikalingas daiktas \u2013 kitam lobis, o mes esame tarpininkai, kurie padeda abiems tapti laimingesniems ???? \u017dinome kaip nelengva i\u0161gyventi ma\u017eiems verslams, tad nuo \u0161iol, \u010dia rasite ir kit\u0173, ma\u017e\u0173 \u0161eim\u0173 versl\u0173, rank\u0173 darbo, dovan\u0173 sau ir artimiesiems.\",\"publisher\":{\"@id\":\"https:\/\/skaitytaknyga.lt\/#organization\"},\"potentialAction\":[{\"@type\":\"SearchAction\",\"target\":{\"@type\":\"EntryPoint\",\"urlTemplate\":\"https:\/\/skaitytaknyga.lt\/?s={search_term_string}\"},\"query-input\":{\"@type\":\"PropertyValueSpecification\",\"valueRequired\":true,\"valueName\":\"search_term_string\"}}],\"inLanguage\":\"en-GB\"},{\"@type\":\"Organization\",\"@id\":\"https:\/\/skaitytaknyga.lt\/#organization\",\"name\":\"skaitytaknyga.lt\",\"url\":\"https:\/\/skaitytaknyga.lt\/\",\"logo\":{\"@type\":\"ImageObject\",\"inLanguage\":\"en-GB\",\"@id\":\"https:\/\/skaitytaknyga.lt\/#\/schema\/logo\/image\/\",\"url\":\"https:\/\/skaitytaknyga.lt\/wp-content\/uploads\/2024\/05\/cropped-cropped-cropped-02_00843_jt3bggkj1j3HLc7SyY6rEUpg.jpeg\",\"contentUrl\":\"https:\/\/skaitytaknyga.lt\/wp-content\/uploads\/2024\/05\/cropped-cropped-cropped-02_00843_jt3bggkj1j3HLc7SyY6rEUpg.jpeg\",\"width\":1600,\"height\":1600,\"caption\":\"skaitytaknyga.lt\"},\"image\":{\"@id\":\"https:\/\/skaitytaknyga.lt\/#\/schema\/logo\/image\/\"},\"sameAs\":[\"https:\/\/www.facebook.com\/skaitytaknyga\/\"]}]}<\/script>\n<!-- \/ Yoast SEO plugin. -->","yoast_head_json":{"title":"Fotografo mintis","description":"Geresn\u0117s skaitmenin\u0117s fotografijos: k\u016brybinis po\u017ei\u016bris. Bet kurios fotografijos prad\u017eia - ne fotoaparatas ir netgi ne vaizdas, matomas per vaizdo","robots":{"index":"index","follow":"follow","max-snippet":"max-snippet:-1","max-image-preview":"max-image-preview:large","max-video-preview":"max-video-preview:-1"},"canonical":"https:\/\/skaitytaknyga.lt\/en\/produktas\/fotografo-mintis\/","og_locale":"en_GB","og_type":"article","og_title":"[:lt]Fotografo mintis[:] - Skaitytaknyga","og_description":"Geresn\u0117s skaitmenin\u0117s fotografijos: k\u016brybinis po\u017ei\u016bris. Bet kurios fotografijos prad\u017eia - ne fotoaparatas ir netgi ne vaizdas, matomas per vaizdo","og_url":"https:\/\/skaitytaknyga.lt\/en\/produktas\/fotografo-mintis\/","og_site_name":"Skaitytaknyga","article_publisher":"https:\/\/www.facebook.com\/skaitytaknyga\/","article_modified_time":"2025-12-14T14:11:34+00:00","og_image":[{"width":663,"height":801,"url":"https:\/\/skaitytaknyga.lt\/wp-content\/uploads\/2025\/07\/Fotografo-mintis.webp","type":"image\/webp"}],"twitter_card":"summary_large_image","twitter_misc":{"Estimated reading time":"1 minute"},"schema":{"@context":"https:\/\/schema.org","@graph":[{"@type":"WebPage","@id":"https:\/\/skaitytaknyga.lt\/produktas\/fotografo-mintis\/","url":"https:\/\/skaitytaknyga.lt\/produktas\/fotografo-mintis\/","name":"Fotografo mintis","isPartOf":{"@id":"https:\/\/skaitytaknyga.lt\/#website"},"primaryImageOfPage":{"@id":"https:\/\/skaitytaknyga.lt\/produktas\/fotografo-mintis\/#primaryimage"},"image":{"@id":"https:\/\/skaitytaknyga.lt\/produktas\/fotografo-mintis\/#primaryimage"},"thumbnailUrl":"https:\/\/skaitytaknyga.lt\/wp-content\/uploads\/2025\/07\/Fotografo-mintis.webp","datePublished":"2025-07-09T12:38:49+00:00","dateModified":"2025-12-14T14:11:34+00:00","description":"Geresn\u0117s skaitmenin\u0117s fotografijos: k\u016brybinis po\u017ei\u016bris. Bet kurios fotografijos prad\u017eia - ne fotoaparatas ir netgi ne vaizdas, matomas per vaizdo","breadcrumb":{"@id":"https:\/\/skaitytaknyga.lt\/produktas\/fotografo-mintis\/#breadcrumb"},"inLanguage":"en-GB","potentialAction":[{"@type":"ReadAction","target":["https:\/\/skaitytaknyga.lt\/produktas\/fotografo-mintis\/"]}]},{"@type":"ImageObject","inLanguage":"en-GB","@id":"https:\/\/skaitytaknyga.lt\/produktas\/fotografo-mintis\/#primaryimage","url":"https:\/\/skaitytaknyga.lt\/wp-content\/uploads\/2025\/07\/Fotografo-mintis.webp","contentUrl":"https:\/\/skaitytaknyga.lt\/wp-content\/uploads\/2025\/07\/Fotografo-mintis.webp","width":663,"height":801},{"@type":"BreadcrumbList","@id":"https:\/\/skaitytaknyga.lt\/produktas\/fotografo-mintis\/#breadcrumb","itemListElement":[{"@type":"ListItem","position":1,"name":"Home","item":"https:\/\/skaitytaknyga.lt\/"},{"@type":"ListItem","position":2,"name":"Parduotuv\u0117","item":"https:\/\/skaitytaknyga.lt\/knygu-parduotuve\/"},{"@type":"ListItem","position":3,"name":"Fotografo mintis"}]},{"@type":"WebSite","@id":"https:\/\/skaitytaknyga.lt\/#website","url":"https:\/\/skaitytaknyga.lt\/","name":"skaitytaknyga.lt","description":"Skaitytaknyga.lt \u2013 tai ma\u017eas \u0161eimos verslas, kuris prasid\u0117jo nuo meil\u0117s knygoms ir siekio i\u0161gelb\u0117ti knygas nuo likimo prie konteinerio. Kas vienam nereikalingas daiktas \u2013 kitam lobis, o mes esame tarpininkai, kurie padeda abiems tapti laimingesniems ???? \u017dinome kaip nelengva i\u0161gyventi ma\u017eiems verslams, tad nuo \u0161iol, \u010dia rasite ir kit\u0173, ma\u017e\u0173 \u0161eim\u0173 versl\u0173, rank\u0173 darbo, dovan\u0173 sau ir artimiesiems.","publisher":{"@id":"https:\/\/skaitytaknyga.lt\/#organization"},"potentialAction":[{"@type":"SearchAction","target":{"@type":"EntryPoint","urlTemplate":"https:\/\/skaitytaknyga.lt\/?s={search_term_string}"},"query-input":{"@type":"PropertyValueSpecification","valueRequired":true,"valueName":"search_term_string"}}],"inLanguage":"en-GB"},{"@type":"Organization","@id":"https:\/\/skaitytaknyga.lt\/#organization","name":"skaitytaknyga.lt","url":"https:\/\/skaitytaknyga.lt\/","logo":{"@type":"ImageObject","inLanguage":"en-GB","@id":"https:\/\/skaitytaknyga.lt\/#\/schema\/logo\/image\/","url":"https:\/\/skaitytaknyga.lt\/wp-content\/uploads\/2024\/05\/cropped-cropped-cropped-02_00843_jt3bggkj1j3HLc7SyY6rEUpg.jpeg","contentUrl":"https:\/\/skaitytaknyga.lt\/wp-content\/uploads\/2024\/05\/cropped-cropped-cropped-02_00843_jt3bggkj1j3HLc7SyY6rEUpg.jpeg","width":1600,"height":1600,"caption":"skaitytaknyga.lt"},"image":{"@id":"https:\/\/skaitytaknyga.lt\/#\/schema\/logo\/image\/"},"sameAs":["https:\/\/www.facebook.com\/skaitytaknyga\/"]}]}},"_links":{"self":[{"href":"https:\/\/skaitytaknyga.lt\/en\/wp-json\/wp\/v2\/product\/19536","targetHints":{"allow":["GET"]}}],"collection":[{"href":"https:\/\/skaitytaknyga.lt\/en\/wp-json\/wp\/v2\/product"}],"about":[{"href":"https:\/\/skaitytaknyga.lt\/en\/wp-json\/wp\/v2\/types\/product"}],"replies":[{"embeddable":true,"href":"https:\/\/skaitytaknyga.lt\/en\/wp-json\/wp\/v2\/comments?post=19536"}],"wp:featuredmedia":[{"embeddable":true,"href":"https:\/\/skaitytaknyga.lt\/en\/wp-json\/wp\/v2\/media\/19538"}],"wp:attachment":[{"href":"https:\/\/skaitytaknyga.lt\/en\/wp-json\/wp\/v2\/media?parent=19536"}],"wp:term":[{"taxonomy":"product_brand","embeddable":true,"href":"https:\/\/skaitytaknyga.lt\/en\/wp-json\/wp\/v2\/product_brand?post=19536"},{"taxonomy":"product_cat","embeddable":true,"href":"https:\/\/skaitytaknyga.lt\/en\/wp-json\/wp\/v2\/product_cat?post=19536"},{"taxonomy":"product_tag","embeddable":true,"href":"https:\/\/skaitytaknyga.lt\/en\/wp-json\/wp\/v2\/product_tag?post=19536"}],"curies":[{"name":"wp","href":"https:\/\/api.w.org\/{rel}","templated":true}]}}