{"id":19531,"date":"2025-07-09T15:31:40","date_gmt":"2025-07-09T12:31:40","guid":{"rendered":"https:\/\/skaitytaknyga.lt\/?post_type=product&#038;p=19531"},"modified":"2025-07-22T09:48:52","modified_gmt":"2025-07-22T06:48:52","slug":"mile-ir-trys-gustai","status":"publish","type":"product","link":"https:\/\/skaitytaknyga.lt\/en\/produktas\/mile-ir-trys-gustai\/","title":{"rendered":"Mil\u0117 ir trys Gustai"},"content":{"rendered":"<p>Milei tr\u016bksta draugo. Ji \u017ei\u016bri \u012f mamos pilvel\u012f ir klausia: \u201eAr \u010dia yra l\u0117liukas?\u201c<\/p>\n<p>Kadangi l\u0117liuko n\u0117ra ir nebus, Mil\u0117 u\u017esimano \u0161uns. \u201ePakalb\u0117kime apie tai po valandos\u201c, \u2013 sako t\u0117tis ir mama. Kai t\u0117vai, rodos, pamir\u0161ta vis\u0105 t\u0105 reikal\u0105 su \u0161unimis, Mil\u0117 nusprend\u017eia pati imtis paie\u0161k\u0173.<\/p>\n<p>Ie\u0161kodama \u0161uns ji susipa\u017e\u012fsta su trimis Gustais. Ar ma\u017easis Gustas, vidurinysis Gustas ir didysis Gustas pad\u0117s Milei b\u0117doje?<\/p>\n","protected":false},"excerpt":{"rendered":"<p>Milei tr\u016bksta draugo. Ji \u017ei\u016bri \u012f mamos pilvel\u012f ir klausia: \u201eAr \u010dia yra l\u0117liukas?\u201c Kadangi l\u0117liuko n\u0117ra ir nebus, Mil\u0117 u\u017esimano \u0161uns. \u201ePakalb\u0117kime apie tai po valandos\u201c, \u2013 sako t\u0117tis ir mama. Kai t\u0117vai, rodos, pamir\u0161ta vis\u0105 t\u0105 reikal\u0105 su \u0161unimis, Mil\u0117 nusprend\u017eia pati imtis paie\u0161k\u0173. Ie\u0161kodama \u0161uns ji susipa\u017e\u012fsta su trimis Gustais. Ar ma\u017easis Gustas, vidurinysis Gustas ir didysis Gustas pad\u0117s Milei b\u0117doje?<\/p>\n","protected":false},"featured_media":19533,"comment_status":"open","ping_status":"closed","template":"","meta":{"_acf_changed":false,"site-sidebar-layout":"default","site-content-layout":"","ast-site-content-layout":"default","site-content-style":"default","site-sidebar-style":"default","ast-global-header-display":"","ast-banner-title-visibility":"","ast-main-header-display":"","ast-hfb-above-header-display":"","ast-hfb-below-header-display":"","ast-hfb-mobile-header-display":"","site-post-title":"","ast-breadcrumbs-content":"","ast-featured-img":"","footer-sml-layout":"","ast-disable-related-posts":"","theme-transparent-header-meta":"","adv-header-id-meta":"","stick-header-meta":"","header-above-stick-meta":"","header-main-stick-meta":"","header-below-stick-meta":"","astra-migrate-meta-layouts":"default","ast-page-background-enabled":"default","ast-page-background-meta":{"desktop":{"background-color":"","background-image":"","background-repeat":"repeat","background-position":"center center","background-size":"auto","background-attachment":"scroll","background-type":"","background-media":"","overlay-type":"","overlay-color":"","overlay-opacity":"","overlay-gradient":""},"tablet":{"background-color":"","background-image":"","background-repeat":"repeat","background-position":"center center","background-size":"auto","background-attachment":"scroll","background-type":"","background-media":"","overlay-type":"","overlay-color":"","overlay-opacity":"","overlay-gradient":""},"mobile":{"background-color":"","background-image":"","background-repeat":"repeat","background-position":"center center","background-size":"auto","background-attachment":"scroll","background-type":"","background-media":"","overlay-type":"","overlay-color":"","overlay-opacity":"","overlay-gradient":""}},"ast-content-background-meta":{"desktop":{"background-color":"var(--ast-global-color-4)","background-image":"","background-repeat":"repeat","background-position":"center center","background-size":"auto","background-attachment":"scroll","background-type":"","background-media":"","overlay-type":"","overlay-color":"","overlay-opacity":"","overlay-gradient":""},"tablet":{"background-color":"var(--ast-global-color-4)","background-image":"","background-repeat":"repeat","background-position":"center center","background-size":"auto","background-attachment":"scroll","background-type":"","background-media":"","overlay-type":"","overlay-color":"","overlay-opacity":"","overlay-gradient":""},"mobile":{"background-color":"var(--ast-global-color-4)","background-image":"","background-repeat":"repeat","background-position":"center center","background-size":"auto","background-attachment":"scroll","background-type":"","background-media":"","overlay-type":"","overlay-color":"","overlay-opacity":"","overlay-gradient":""}}},"product_brand":[],"product_cat":[15],"product_tag":[1647,6249,6250,6248,1646,6234,1785],"class_list":{"0":"post-19531","1":"product","2":"type-product","3":"status-publish","4":"has-post-thumbnail","6":"product_cat-uncategorized","7":"product_tag-draugyste","8":"product_tag-gustas","9":"product_tag-mile","10":"product_tag-paieskos","11":"product_tag-seima","12":"product_tag-suo","13":"product_tag-vaikams","14":"desktop-align-left","15":"tablet-align-left","16":"mobile-align-left","18":"first","19":"instock","20":"shipping-taxable","21":"purchasable","22":"product-type-simple"},"acf":[],"yoast_head":"<!-- This site is optimized with the Yoast SEO plugin v27.0 - https:\/\/yoast.com\/product\/yoast-seo-wordpress\/ -->\n<title>Mil\u0117 ir trys Gustai<\/title>\n<meta name=\"description\" content=\"Milei tr\u016bksta draugo. Ji \u017ei\u016bri \u012f mamos pilvel\u012f ir klausia: \u201eAr \u010dia yra l\u0117liukas?\u201c Kadangi l\u0117liuko n\u0117ra ir nebus, Mil\u0117 u\u017esimano \u0161uns. \u201ePakalb\u0117kime apie tai\" \/>\n<meta name=\"robots\" content=\"index, follow, max-snippet:-1, max-image-preview:large, max-video-preview:-1\" \/>\n<link rel=\"canonical\" href=\"https:\/\/skaitytaknyga.lt\/en\/produktas\/mile-ir-trys-gustai\/\" \/>\n<meta property=\"og:locale\" content=\"en_GB\" \/>\n<meta property=\"og:locale:alternate\" content=\"lt_LT\" \/>\n<meta property=\"og:type\" content=\"article\" \/>\n<meta property=\"og:title\" content=\"Mil\u0117 ir trys Gustai\" \/>\n<meta property=\"og:description\" content=\"Milei tr\u016bksta draugo. Ji \u017ei\u016bri \u012f mamos pilvel\u012f ir klausia: \u201eAr \u010dia yra l\u0117liukas?\u201c Kadangi l\u0117liuko n\u0117ra ir nebus, Mil\u0117 u\u017esimano \u0161uns. \u201ePakalb\u0117kime apie tai\" \/>\n<meta property=\"og:url\" content=\"https:\/\/skaitytaknyga.lt\/en\/produktas\/mile-ir-trys-gustai\/\" \/>\n<meta property=\"og:site_name\" content=\"Skaitytaknyga\" \/>\n<meta property=\"article:publisher\" content=\"https:\/\/www.facebook.com\/skaitytaknyga\/\" \/>\n<meta property=\"article:modified_time\" content=\"2025-07-22T06:48:52+00:00\" \/>\n<meta property=\"og:image\" content=\"https:\/\/skaitytaknyga.lt\/wp-content\/uploads\/2025\/07\/Mile-ir-trys-Gustai.webp\" \/>\n\t<meta property=\"og:image:width\" content=\"600\" \/>\n\t<meta property=\"og:image:height\" content=\"801\" \/>\n\t<meta property=\"og:image:type\" content=\"image\/webp\" \/>\n<meta name=\"twitter:card\" content=\"summary_large_image\" \/>\n<script type=\"application\/ld+json\" class=\"yoast-schema-graph\">{\"@context\":\"https:\/\/schema.org\",\"@graph\":[{\"@type\":\"WebPage\",\"@id\":\"https:\/\/skaitytaknyga.lt\/produktas\/mile-ir-trys-gustai\/\",\"url\":\"https:\/\/skaitytaknyga.lt\/produktas\/mile-ir-trys-gustai\/\",\"name\":\"Mil\u0117 ir trys Gustai\",\"isPartOf\":{\"@id\":\"https:\/\/skaitytaknyga.lt\/#website\"},\"primaryImageOfPage\":{\"@id\":\"https:\/\/skaitytaknyga.lt\/produktas\/mile-ir-trys-gustai\/#primaryimage\"},\"image\":{\"@id\":\"https:\/\/skaitytaknyga.lt\/produktas\/mile-ir-trys-gustai\/#primaryimage\"},\"thumbnailUrl\":\"https:\/\/skaitytaknyga.lt\/wp-content\/uploads\/2025\/07\/Mile-ir-trys-Gustai.webp\",\"datePublished\":\"2025-07-09T12:31:40+00:00\",\"dateModified\":\"2025-07-22T06:48:52+00:00\",\"description\":\"Milei tr\u016bksta draugo. Ji \u017ei\u016bri \u012f mamos pilvel\u012f ir klausia: \u201eAr \u010dia yra l\u0117liukas?\u201c Kadangi l\u0117liuko n\u0117ra ir nebus, Mil\u0117 u\u017esimano \u0161uns. \u201ePakalb\u0117kime apie tai\",\"breadcrumb\":{\"@id\":\"https:\/\/skaitytaknyga.lt\/produktas\/mile-ir-trys-gustai\/#breadcrumb\"},\"inLanguage\":\"en-GB\",\"potentialAction\":[{\"@type\":\"ReadAction\",\"target\":[\"https:\/\/skaitytaknyga.lt\/produktas\/mile-ir-trys-gustai\/\"]}]},{\"@type\":\"ImageObject\",\"inLanguage\":\"en-GB\",\"@id\":\"https:\/\/skaitytaknyga.lt\/produktas\/mile-ir-trys-gustai\/#primaryimage\",\"url\":\"https:\/\/skaitytaknyga.lt\/wp-content\/uploads\/2025\/07\/Mile-ir-trys-Gustai.webp\",\"contentUrl\":\"https:\/\/skaitytaknyga.lt\/wp-content\/uploads\/2025\/07\/Mile-ir-trys-Gustai.webp\",\"width\":600,\"height\":801,\"caption\":\"Mil\u0117 ir trys Gustai\"},{\"@type\":\"BreadcrumbList\",\"@id\":\"https:\/\/skaitytaknyga.lt\/produktas\/mile-ir-trys-gustai\/#breadcrumb\",\"itemListElement\":[{\"@type\":\"ListItem\",\"position\":1,\"name\":\"Home\",\"item\":\"https:\/\/skaitytaknyga.lt\/\"},{\"@type\":\"ListItem\",\"position\":2,\"name\":\"Parduotuv\u0117\",\"item\":\"https:\/\/skaitytaknyga.lt\/knygu-parduotuve\/\"},{\"@type\":\"ListItem\",\"position\":3,\"name\":\"Mil\u0117 ir trys Gustai\"}]},{\"@type\":\"WebSite\",\"@id\":\"https:\/\/skaitytaknyga.lt\/#website\",\"url\":\"https:\/\/skaitytaknyga.lt\/\",\"name\":\"skaitytaknyga.lt\",\"description\":\"Skaitytaknyga.lt \u2013 tai ma\u017eas \u0161eimos verslas, kuris prasid\u0117jo nuo meil\u0117s knygoms ir siekio i\u0161gelb\u0117ti knygas nuo likimo prie konteinerio. Kas vienam nereikalingas daiktas \u2013 kitam lobis, o mes esame tarpininkai, kurie padeda abiems tapti laimingesniems ???? \u017dinome kaip nelengva i\u0161gyventi ma\u017eiems verslams, tad nuo \u0161iol, \u010dia rasite ir kit\u0173, ma\u017e\u0173 \u0161eim\u0173 versl\u0173, rank\u0173 darbo, dovan\u0173 sau ir artimiesiems.\",\"publisher\":{\"@id\":\"https:\/\/skaitytaknyga.lt\/#organization\"},\"potentialAction\":[{\"@type\":\"SearchAction\",\"target\":{\"@type\":\"EntryPoint\",\"urlTemplate\":\"https:\/\/skaitytaknyga.lt\/?s={search_term_string}\"},\"query-input\":{\"@type\":\"PropertyValueSpecification\",\"valueRequired\":true,\"valueName\":\"search_term_string\"}}],\"inLanguage\":\"en-GB\"},{\"@type\":\"Organization\",\"@id\":\"https:\/\/skaitytaknyga.lt\/#organization\",\"name\":\"skaitytaknyga.lt\",\"url\":\"https:\/\/skaitytaknyga.lt\/\",\"logo\":{\"@type\":\"ImageObject\",\"inLanguage\":\"en-GB\",\"@id\":\"https:\/\/skaitytaknyga.lt\/#\/schema\/logo\/image\/\",\"url\":\"https:\/\/skaitytaknyga.lt\/wp-content\/uploads\/2024\/05\/cropped-cropped-cropped-02_00843_jt3bggkj1j3HLc7SyY6rEUpg.jpeg\",\"contentUrl\":\"https:\/\/skaitytaknyga.lt\/wp-content\/uploads\/2024\/05\/cropped-cropped-cropped-02_00843_jt3bggkj1j3HLc7SyY6rEUpg.jpeg\",\"width\":1600,\"height\":1600,\"caption\":\"skaitytaknyga.lt\"},\"image\":{\"@id\":\"https:\/\/skaitytaknyga.lt\/#\/schema\/logo\/image\/\"},\"sameAs\":[\"https:\/\/www.facebook.com\/skaitytaknyga\/\"]}]}<\/script>\n<!-- \/ Yoast SEO plugin. -->","yoast_head_json":{"title":"Mil\u0117 ir trys Gustai","description":"Milei tr\u016bksta draugo. Ji \u017ei\u016bri \u012f mamos pilvel\u012f ir klausia: \u201eAr \u010dia yra l\u0117liukas?\u201c Kadangi l\u0117liuko n\u0117ra ir nebus, Mil\u0117 u\u017esimano \u0161uns. \u201ePakalb\u0117kime apie tai","robots":{"index":"index","follow":"follow","max-snippet":"max-snippet:-1","max-image-preview":"max-image-preview:large","max-video-preview":"max-video-preview:-1"},"canonical":"https:\/\/skaitytaknyga.lt\/en\/produktas\/mile-ir-trys-gustai\/","og_locale":"en_GB","og_type":"article","og_title":"[:lt]Mil\u0117 ir trys Gustai[:] - Skaitytaknyga","og_description":"Milei tr\u016bksta draugo. Ji \u017ei\u016bri \u012f mamos pilvel\u012f ir klausia: \u201eAr \u010dia yra l\u0117liukas?\u201c Kadangi l\u0117liuko n\u0117ra ir nebus, Mil\u0117 u\u017esimano \u0161uns. \u201ePakalb\u0117kime apie tai","og_url":"https:\/\/skaitytaknyga.lt\/en\/produktas\/mile-ir-trys-gustai\/","og_site_name":"Skaitytaknyga","article_publisher":"https:\/\/www.facebook.com\/skaitytaknyga\/","article_modified_time":"2025-07-22T06:48:52+00:00","og_image":[{"width":600,"height":801,"url":"https:\/\/skaitytaknyga.lt\/wp-content\/uploads\/2025\/07\/Mile-ir-trys-Gustai.webp","type":"image\/webp"}],"twitter_card":"summary_large_image","schema":{"@context":"https:\/\/schema.org","@graph":[{"@type":"WebPage","@id":"https:\/\/skaitytaknyga.lt\/produktas\/mile-ir-trys-gustai\/","url":"https:\/\/skaitytaknyga.lt\/produktas\/mile-ir-trys-gustai\/","name":"Mil\u0117 ir trys Gustai","isPartOf":{"@id":"https:\/\/skaitytaknyga.lt\/#website"},"primaryImageOfPage":{"@id":"https:\/\/skaitytaknyga.lt\/produktas\/mile-ir-trys-gustai\/#primaryimage"},"image":{"@id":"https:\/\/skaitytaknyga.lt\/produktas\/mile-ir-trys-gustai\/#primaryimage"},"thumbnailUrl":"https:\/\/skaitytaknyga.lt\/wp-content\/uploads\/2025\/07\/Mile-ir-trys-Gustai.webp","datePublished":"2025-07-09T12:31:40+00:00","dateModified":"2025-07-22T06:48:52+00:00","description":"Milei tr\u016bksta draugo. Ji \u017ei\u016bri \u012f mamos pilvel\u012f ir klausia: \u201eAr \u010dia yra l\u0117liukas?\u201c Kadangi l\u0117liuko n\u0117ra ir nebus, Mil\u0117 u\u017esimano \u0161uns. \u201ePakalb\u0117kime apie tai","breadcrumb":{"@id":"https:\/\/skaitytaknyga.lt\/produktas\/mile-ir-trys-gustai\/#breadcrumb"},"inLanguage":"en-GB","potentialAction":[{"@type":"ReadAction","target":["https:\/\/skaitytaknyga.lt\/produktas\/mile-ir-trys-gustai\/"]}]},{"@type":"ImageObject","inLanguage":"en-GB","@id":"https:\/\/skaitytaknyga.lt\/produktas\/mile-ir-trys-gustai\/#primaryimage","url":"https:\/\/skaitytaknyga.lt\/wp-content\/uploads\/2025\/07\/Mile-ir-trys-Gustai.webp","contentUrl":"https:\/\/skaitytaknyga.lt\/wp-content\/uploads\/2025\/07\/Mile-ir-trys-Gustai.webp","width":600,"height":801,"caption":"Mil\u0117 ir trys Gustai"},{"@type":"BreadcrumbList","@id":"https:\/\/skaitytaknyga.lt\/produktas\/mile-ir-trys-gustai\/#breadcrumb","itemListElement":[{"@type":"ListItem","position":1,"name":"Home","item":"https:\/\/skaitytaknyga.lt\/"},{"@type":"ListItem","position":2,"name":"Parduotuv\u0117","item":"https:\/\/skaitytaknyga.lt\/knygu-parduotuve\/"},{"@type":"ListItem","position":3,"name":"Mil\u0117 ir trys Gustai"}]},{"@type":"WebSite","@id":"https:\/\/skaitytaknyga.lt\/#website","url":"https:\/\/skaitytaknyga.lt\/","name":"skaitytaknyga.lt","description":"Skaitytaknyga.lt \u2013 tai ma\u017eas \u0161eimos verslas, kuris prasid\u0117jo nuo meil\u0117s knygoms ir siekio i\u0161gelb\u0117ti knygas nuo likimo prie konteinerio. Kas vienam nereikalingas daiktas \u2013 kitam lobis, o mes esame tarpininkai, kurie padeda abiems tapti laimingesniems ???? \u017dinome kaip nelengva i\u0161gyventi ma\u017eiems verslams, tad nuo \u0161iol, \u010dia rasite ir kit\u0173, ma\u017e\u0173 \u0161eim\u0173 versl\u0173, rank\u0173 darbo, dovan\u0173 sau ir artimiesiems.","publisher":{"@id":"https:\/\/skaitytaknyga.lt\/#organization"},"potentialAction":[{"@type":"SearchAction","target":{"@type":"EntryPoint","urlTemplate":"https:\/\/skaitytaknyga.lt\/?s={search_term_string}"},"query-input":{"@type":"PropertyValueSpecification","valueRequired":true,"valueName":"search_term_string"}}],"inLanguage":"en-GB"},{"@type":"Organization","@id":"https:\/\/skaitytaknyga.lt\/#organization","name":"skaitytaknyga.lt","url":"https:\/\/skaitytaknyga.lt\/","logo":{"@type":"ImageObject","inLanguage":"en-GB","@id":"https:\/\/skaitytaknyga.lt\/#\/schema\/logo\/image\/","url":"https:\/\/skaitytaknyga.lt\/wp-content\/uploads\/2024\/05\/cropped-cropped-cropped-02_00843_jt3bggkj1j3HLc7SyY6rEUpg.jpeg","contentUrl":"https:\/\/skaitytaknyga.lt\/wp-content\/uploads\/2024\/05\/cropped-cropped-cropped-02_00843_jt3bggkj1j3HLc7SyY6rEUpg.jpeg","width":1600,"height":1600,"caption":"skaitytaknyga.lt"},"image":{"@id":"https:\/\/skaitytaknyga.lt\/#\/schema\/logo\/image\/"},"sameAs":["https:\/\/www.facebook.com\/skaitytaknyga\/"]}]}},"_links":{"self":[{"href":"https:\/\/skaitytaknyga.lt\/en\/wp-json\/wp\/v2\/product\/19531","targetHints":{"allow":["GET"]}}],"collection":[{"href":"https:\/\/skaitytaknyga.lt\/en\/wp-json\/wp\/v2\/product"}],"about":[{"href":"https:\/\/skaitytaknyga.lt\/en\/wp-json\/wp\/v2\/types\/product"}],"replies":[{"embeddable":true,"href":"https:\/\/skaitytaknyga.lt\/en\/wp-json\/wp\/v2\/comments?post=19531"}],"wp:featuredmedia":[{"embeddable":true,"href":"https:\/\/skaitytaknyga.lt\/en\/wp-json\/wp\/v2\/media\/19533"}],"wp:attachment":[{"href":"https:\/\/skaitytaknyga.lt\/en\/wp-json\/wp\/v2\/media?parent=19531"}],"wp:term":[{"taxonomy":"product_brand","embeddable":true,"href":"https:\/\/skaitytaknyga.lt\/en\/wp-json\/wp\/v2\/product_brand?post=19531"},{"taxonomy":"product_cat","embeddable":true,"href":"https:\/\/skaitytaknyga.lt\/en\/wp-json\/wp\/v2\/product_cat?post=19531"},{"taxonomy":"product_tag","embeddable":true,"href":"https:\/\/skaitytaknyga.lt\/en\/wp-json\/wp\/v2\/product_tag?post=19531"}],"curies":[{"name":"wp","href":"https:\/\/api.w.org\/{rel}","templated":true}]}}