{"id":19530,"date":"2025-07-09T15:31:40","date_gmt":"2025-07-09T12:31:40","guid":{"rendered":"https:\/\/skaitytaknyga.lt\/?post_type=product&#038;p=19530"},"modified":"2025-07-22T09:48:52","modified_gmt":"2025-07-22T06:48:52","slug":"tai-nutiko-ir-man","status":"publish","type":"product","link":"https:\/\/skaitytaknyga.lt\/en\/produktas\/tai-nutiko-ir-man\/","title":{"rendered":"Tai nutiko ir man"},"content":{"rendered":"<p>Svenjai dvylika, ji ma\u017eiausia mokin\u0117 klas\u0117je ir negali pak\u0119sti, kai kas nors j\u0105 pavadina skruzd\u0117lyte. Kai vitrinoje Svenja pamato storapad\u017eius batus, jai ima r\u016bp\u0117ti tik viena: kaip prasimanyti jiems pinig\u0173. D\u0117l \u201edangolie\u010di\u0173\u201c ji pasiry\u017eusi viskam, netgi \u0161nipin\u0117ti Paskal\u012f, kur\u012f be proto \u012fsimyl\u0117jo jos pusseser\u0117 Mona.<\/p>\n<p>Bet staiga nutinka \u0161is tas ne\u012ftik\u0117tino: Svenja, kuriai vaikinai atrodo nuobod\u017eiausios b\u016btyb\u0117s pasaulyje, pati \u012fsimyli Paskal\u012f. K\u0105 pasirinks Paskalis, ar pavyks Svenjai nusipirkti \u201edangolie\u010dius\u201c &#8211; vis tai su\u017einosite perskait\u0119 nuotaiking\u0105 ir \u0161maik\u0161\u010di\u0105 Kristijano Bynyko knyg\u0105 \u201eTai nutiko ir man\u201c.<\/p>\n","protected":false},"excerpt":{"rendered":"<p>Svenjai dvylika, ji ma\u017eiausia mokin\u0117 klas\u0117je ir negali pak\u0119sti, kai kas nors j\u0105 pavadina skruzd\u0117lyte. Kai vitrinoje Svenja pamato storapad\u017eius batus, jai ima r\u016bp\u0117ti tik viena: kaip prasimanyti jiems pinig\u0173. D\u0117l \u201edangolie\u010di\u0173\u201c ji pasiry\u017eusi viskam, netgi \u0161nipin\u0117ti Paskal\u012f, kur\u012f be proto \u012fsimyl\u0117jo jos pusseser\u0117 Mona. Bet staiga nutinka \u0161is tas ne\u012ftik\u0117tino: Svenja, kuriai vaikinai atrodo nuobod\u017eiausios b\u016btyb\u0117s pasaulyje, pati \u012fsimyli Paskal\u012f. K\u0105 pasirinks Paskalis, ar pavyks Svenjai nusipirkti \u201edangolie\u010dius\u201c &#8211; vis tai su\u017einosite perskait\u0119 nuotaiking\u0105 ir \u0161maik\u0161\u010di\u0105 Kristijano Bynyko knyg\u0105 \u201eTai nutiko ir man\u201c.<\/p>\n","protected":false},"featured_media":19532,"comment_status":"open","ping_status":"closed","template":"","meta":{"_acf_changed":false,"site-sidebar-layout":"default","site-content-layout":"","ast-site-content-layout":"default","site-content-style":"default","site-sidebar-style":"default","ast-global-header-display":"","ast-banner-title-visibility":"","ast-main-header-display":"","ast-hfb-above-header-display":"","ast-hfb-below-header-display":"","ast-hfb-mobile-header-display":"","site-post-title":"","ast-breadcrumbs-content":"","ast-featured-img":"","footer-sml-layout":"","ast-disable-related-posts":"","theme-transparent-header-meta":"","adv-header-id-meta":"","stick-header-meta":"","header-above-stick-meta":"","header-main-stick-meta":"","header-below-stick-meta":"","astra-migrate-meta-layouts":"default","ast-page-background-enabled":"default","ast-page-background-meta":{"desktop":{"background-color":"","background-image":"","background-repeat":"repeat","background-position":"center center","background-size":"auto","background-attachment":"scroll","background-type":"","background-media":"","overlay-type":"","overlay-color":"","overlay-opacity":"","overlay-gradient":""},"tablet":{"background-color":"","background-image":"","background-repeat":"repeat","background-position":"center center","background-size":"auto","background-attachment":"scroll","background-type":"","background-media":"","overlay-type":"","overlay-color":"","overlay-opacity":"","overlay-gradient":""},"mobile":{"background-color":"","background-image":"","background-repeat":"repeat","background-position":"center center","background-size":"auto","background-attachment":"scroll","background-type":"","background-media":"","overlay-type":"","overlay-color":"","overlay-opacity":"","overlay-gradient":""}},"ast-content-background-meta":{"desktop":{"background-color":"var(--ast-global-color-4)","background-image":"","background-repeat":"repeat","background-position":"center center","background-size":"auto","background-attachment":"scroll","background-type":"","background-media":"","overlay-type":"","overlay-color":"","overlay-opacity":"","overlay-gradient":""},"tablet":{"background-color":"var(--ast-global-color-4)","background-image":"","background-repeat":"repeat","background-position":"center center","background-size":"auto","background-attachment":"scroll","background-type":"","background-media":"","overlay-type":"","overlay-color":"","overlay-opacity":"","overlay-gradient":""},"mobile":{"background-color":"var(--ast-global-color-4)","background-image":"","background-repeat":"repeat","background-position":"center center","background-size":"auto","background-attachment":"scroll","background-type":"","background-media":"","overlay-type":"","overlay-color":"","overlay-opacity":"","overlay-gradient":""}}},"product_brand":[],"product_cat":[15],"product_tag":[6246,6247,1980,1796,1451,4046,3665],"class_list":{"0":"post-19530","1":"product","2":"type-product","3":"status-publish","4":"has-post-thumbnail","6":"product_cat-uncategorized","7":"product_tag-batu-mada","8":"product_tag-christian-bieniek","9":"product_tag-humoras","10":"product_tag-meile","11":"product_tag-nuotykiai","12":"product_tag-paaugliams","13":"product_tag-paauglyste","14":"desktop-align-left","15":"tablet-align-left","16":"mobile-align-left","18":"first","19":"instock","20":"shipping-taxable","21":"purchasable","22":"product-type-simple"},"acf":[],"yoast_head":"<!-- This site is optimized with the Yoast SEO plugin v27.0 - https:\/\/yoast.com\/product\/yoast-seo-wordpress\/ -->\n<title>Tai nutiko ir man<\/title>\n<meta name=\"description\" content=\"Svenjai dvylika, ji ma\u017eiausia mokin\u0117 klas\u0117je ir negali pak\u0119sti, kai kas nors j\u0105 pavadina skruzd\u0117lyte. Kai vitrinoje Svenja pamato storapad\u017eius batus, jai\" \/>\n<meta name=\"robots\" content=\"index, follow, max-snippet:-1, max-image-preview:large, max-video-preview:-1\" \/>\n<link rel=\"canonical\" href=\"https:\/\/skaitytaknyga.lt\/en\/produktas\/tai-nutiko-ir-man\/\" \/>\n<meta property=\"og:locale\" content=\"en_GB\" \/>\n<meta property=\"og:locale:alternate\" content=\"lt_LT\" \/>\n<meta property=\"og:type\" content=\"article\" \/>\n<meta property=\"og:title\" content=\"Tai nutiko ir man\" \/>\n<meta property=\"og:description\" content=\"Svenjai dvylika, ji ma\u017eiausia mokin\u0117 klas\u0117je ir negali pak\u0119sti, kai kas nors j\u0105 pavadina skruzd\u0117lyte. Kai vitrinoje Svenja pamato storapad\u017eius batus, jai\" \/>\n<meta property=\"og:url\" content=\"https:\/\/skaitytaknyga.lt\/en\/produktas\/tai-nutiko-ir-man\/\" \/>\n<meta property=\"og:site_name\" content=\"Skaitytaknyga\" \/>\n<meta property=\"article:publisher\" content=\"https:\/\/www.facebook.com\/skaitytaknyga\/\" \/>\n<meta property=\"article:modified_time\" content=\"2025-07-22T06:48:52+00:00\" \/>\n<meta property=\"og:image\" content=\"https:\/\/skaitytaknyga.lt\/wp-content\/uploads\/2025\/07\/Tai-nutiko-ir-man.webp\" \/>\n\t<meta property=\"og:image:width\" content=\"489\" \/>\n\t<meta property=\"og:image:height\" content=\"800\" \/>\n\t<meta property=\"og:image:type\" content=\"image\/webp\" \/>\n<meta name=\"twitter:card\" content=\"summary_large_image\" \/>\n<meta name=\"twitter:label1\" content=\"Estimated reading time\" \/>\n\t<meta name=\"twitter:data1\" content=\"1 minute\" \/>\n<script type=\"application\/ld+json\" class=\"yoast-schema-graph\">{\"@context\":\"https:\/\/schema.org\",\"@graph\":[{\"@type\":\"WebPage\",\"@id\":\"https:\/\/skaitytaknyga.lt\/produktas\/tai-nutiko-ir-man\/\",\"url\":\"https:\/\/skaitytaknyga.lt\/produktas\/tai-nutiko-ir-man\/\",\"name\":\"Tai nutiko ir man\",\"isPartOf\":{\"@id\":\"https:\/\/skaitytaknyga.lt\/#website\"},\"primaryImageOfPage\":{\"@id\":\"https:\/\/skaitytaknyga.lt\/produktas\/tai-nutiko-ir-man\/#primaryimage\"},\"image\":{\"@id\":\"https:\/\/skaitytaknyga.lt\/produktas\/tai-nutiko-ir-man\/#primaryimage\"},\"thumbnailUrl\":\"https:\/\/skaitytaknyga.lt\/wp-content\/uploads\/2025\/07\/Tai-nutiko-ir-man.webp\",\"datePublished\":\"2025-07-09T12:31:40+00:00\",\"dateModified\":\"2025-07-22T06:48:52+00:00\",\"description\":\"Svenjai dvylika, ji ma\u017eiausia mokin\u0117 klas\u0117je ir negali pak\u0119sti, kai kas nors j\u0105 pavadina skruzd\u0117lyte. Kai vitrinoje Svenja pamato storapad\u017eius batus, jai\",\"breadcrumb\":{\"@id\":\"https:\/\/skaitytaknyga.lt\/produktas\/tai-nutiko-ir-man\/#breadcrumb\"},\"inLanguage\":\"en-GB\",\"potentialAction\":[{\"@type\":\"ReadAction\",\"target\":[\"https:\/\/skaitytaknyga.lt\/produktas\/tai-nutiko-ir-man\/\"]}]},{\"@type\":\"ImageObject\",\"inLanguage\":\"en-GB\",\"@id\":\"https:\/\/skaitytaknyga.lt\/produktas\/tai-nutiko-ir-man\/#primaryimage\",\"url\":\"https:\/\/skaitytaknyga.lt\/wp-content\/uploads\/2025\/07\/Tai-nutiko-ir-man.webp\",\"contentUrl\":\"https:\/\/skaitytaknyga.lt\/wp-content\/uploads\/2025\/07\/Tai-nutiko-ir-man.webp\",\"width\":489,\"height\":800,\"caption\":\"Tai nutiko ir man\"},{\"@type\":\"BreadcrumbList\",\"@id\":\"https:\/\/skaitytaknyga.lt\/produktas\/tai-nutiko-ir-man\/#breadcrumb\",\"itemListElement\":[{\"@type\":\"ListItem\",\"position\":1,\"name\":\"Home\",\"item\":\"https:\/\/skaitytaknyga.lt\/\"},{\"@type\":\"ListItem\",\"position\":2,\"name\":\"Parduotuv\u0117\",\"item\":\"https:\/\/skaitytaknyga.lt\/knygu-parduotuve\/\"},{\"@type\":\"ListItem\",\"position\":3,\"name\":\"Tai nutiko ir man\"}]},{\"@type\":\"WebSite\",\"@id\":\"https:\/\/skaitytaknyga.lt\/#website\",\"url\":\"https:\/\/skaitytaknyga.lt\/\",\"name\":\"skaitytaknyga.lt\",\"description\":\"Skaitytaknyga.lt \u2013 tai ma\u017eas \u0161eimos verslas, kuris prasid\u0117jo nuo meil\u0117s knygoms ir siekio i\u0161gelb\u0117ti knygas nuo likimo prie konteinerio. Kas vienam nereikalingas daiktas \u2013 kitam lobis, o mes esame tarpininkai, kurie padeda abiems tapti laimingesniems ???? \u017dinome kaip nelengva i\u0161gyventi ma\u017eiems verslams, tad nuo \u0161iol, \u010dia rasite ir kit\u0173, ma\u017e\u0173 \u0161eim\u0173 versl\u0173, rank\u0173 darbo, dovan\u0173 sau ir artimiesiems.\",\"publisher\":{\"@id\":\"https:\/\/skaitytaknyga.lt\/#organization\"},\"potentialAction\":[{\"@type\":\"SearchAction\",\"target\":{\"@type\":\"EntryPoint\",\"urlTemplate\":\"https:\/\/skaitytaknyga.lt\/?s={search_term_string}\"},\"query-input\":{\"@type\":\"PropertyValueSpecification\",\"valueRequired\":true,\"valueName\":\"search_term_string\"}}],\"inLanguage\":\"en-GB\"},{\"@type\":\"Organization\",\"@id\":\"https:\/\/skaitytaknyga.lt\/#organization\",\"name\":\"skaitytaknyga.lt\",\"url\":\"https:\/\/skaitytaknyga.lt\/\",\"logo\":{\"@type\":\"ImageObject\",\"inLanguage\":\"en-GB\",\"@id\":\"https:\/\/skaitytaknyga.lt\/#\/schema\/logo\/image\/\",\"url\":\"https:\/\/skaitytaknyga.lt\/wp-content\/uploads\/2024\/05\/cropped-cropped-cropped-02_00843_jt3bggkj1j3HLc7SyY6rEUpg.jpeg\",\"contentUrl\":\"https:\/\/skaitytaknyga.lt\/wp-content\/uploads\/2024\/05\/cropped-cropped-cropped-02_00843_jt3bggkj1j3HLc7SyY6rEUpg.jpeg\",\"width\":1600,\"height\":1600,\"caption\":\"skaitytaknyga.lt\"},\"image\":{\"@id\":\"https:\/\/skaitytaknyga.lt\/#\/schema\/logo\/image\/\"},\"sameAs\":[\"https:\/\/www.facebook.com\/skaitytaknyga\/\"]}]}<\/script>\n<!-- \/ Yoast SEO plugin. -->","yoast_head_json":{"title":"Tai nutiko ir man","description":"Svenjai dvylika, ji ma\u017eiausia mokin\u0117 klas\u0117je ir negali pak\u0119sti, kai kas nors j\u0105 pavadina skruzd\u0117lyte. Kai vitrinoje Svenja pamato storapad\u017eius batus, jai","robots":{"index":"index","follow":"follow","max-snippet":"max-snippet:-1","max-image-preview":"max-image-preview:large","max-video-preview":"max-video-preview:-1"},"canonical":"https:\/\/skaitytaknyga.lt\/en\/produktas\/tai-nutiko-ir-man\/","og_locale":"en_GB","og_type":"article","og_title":"[:lt]Tai nutiko ir man[:] - Skaitytaknyga","og_description":"Svenjai dvylika, ji ma\u017eiausia mokin\u0117 klas\u0117je ir negali pak\u0119sti, kai kas nors j\u0105 pavadina skruzd\u0117lyte. Kai vitrinoje Svenja pamato storapad\u017eius batus, jai","og_url":"https:\/\/skaitytaknyga.lt\/en\/produktas\/tai-nutiko-ir-man\/","og_site_name":"Skaitytaknyga","article_publisher":"https:\/\/www.facebook.com\/skaitytaknyga\/","article_modified_time":"2025-07-22T06:48:52+00:00","og_image":[{"width":489,"height":800,"url":"https:\/\/skaitytaknyga.lt\/wp-content\/uploads\/2025\/07\/Tai-nutiko-ir-man.webp","type":"image\/webp"}],"twitter_card":"summary_large_image","twitter_misc":{"Estimated reading time":"1 minute"},"schema":{"@context":"https:\/\/schema.org","@graph":[{"@type":"WebPage","@id":"https:\/\/skaitytaknyga.lt\/produktas\/tai-nutiko-ir-man\/","url":"https:\/\/skaitytaknyga.lt\/produktas\/tai-nutiko-ir-man\/","name":"Tai nutiko ir man","isPartOf":{"@id":"https:\/\/skaitytaknyga.lt\/#website"},"primaryImageOfPage":{"@id":"https:\/\/skaitytaknyga.lt\/produktas\/tai-nutiko-ir-man\/#primaryimage"},"image":{"@id":"https:\/\/skaitytaknyga.lt\/produktas\/tai-nutiko-ir-man\/#primaryimage"},"thumbnailUrl":"https:\/\/skaitytaknyga.lt\/wp-content\/uploads\/2025\/07\/Tai-nutiko-ir-man.webp","datePublished":"2025-07-09T12:31:40+00:00","dateModified":"2025-07-22T06:48:52+00:00","description":"Svenjai dvylika, ji ma\u017eiausia mokin\u0117 klas\u0117je ir negali pak\u0119sti, kai kas nors j\u0105 pavadina skruzd\u0117lyte. Kai vitrinoje Svenja pamato storapad\u017eius batus, jai","breadcrumb":{"@id":"https:\/\/skaitytaknyga.lt\/produktas\/tai-nutiko-ir-man\/#breadcrumb"},"inLanguage":"en-GB","potentialAction":[{"@type":"ReadAction","target":["https:\/\/skaitytaknyga.lt\/produktas\/tai-nutiko-ir-man\/"]}]},{"@type":"ImageObject","inLanguage":"en-GB","@id":"https:\/\/skaitytaknyga.lt\/produktas\/tai-nutiko-ir-man\/#primaryimage","url":"https:\/\/skaitytaknyga.lt\/wp-content\/uploads\/2025\/07\/Tai-nutiko-ir-man.webp","contentUrl":"https:\/\/skaitytaknyga.lt\/wp-content\/uploads\/2025\/07\/Tai-nutiko-ir-man.webp","width":489,"height":800,"caption":"Tai nutiko ir man"},{"@type":"BreadcrumbList","@id":"https:\/\/skaitytaknyga.lt\/produktas\/tai-nutiko-ir-man\/#breadcrumb","itemListElement":[{"@type":"ListItem","position":1,"name":"Home","item":"https:\/\/skaitytaknyga.lt\/"},{"@type":"ListItem","position":2,"name":"Parduotuv\u0117","item":"https:\/\/skaitytaknyga.lt\/knygu-parduotuve\/"},{"@type":"ListItem","position":3,"name":"Tai nutiko ir man"}]},{"@type":"WebSite","@id":"https:\/\/skaitytaknyga.lt\/#website","url":"https:\/\/skaitytaknyga.lt\/","name":"skaitytaknyga.lt","description":"Skaitytaknyga.lt \u2013 tai ma\u017eas \u0161eimos verslas, kuris prasid\u0117jo nuo meil\u0117s knygoms ir siekio i\u0161gelb\u0117ti knygas nuo likimo prie konteinerio. Kas vienam nereikalingas daiktas \u2013 kitam lobis, o mes esame tarpininkai, kurie padeda abiems tapti laimingesniems ???? \u017dinome kaip nelengva i\u0161gyventi ma\u017eiems verslams, tad nuo \u0161iol, \u010dia rasite ir kit\u0173, ma\u017e\u0173 \u0161eim\u0173 versl\u0173, rank\u0173 darbo, dovan\u0173 sau ir artimiesiems.","publisher":{"@id":"https:\/\/skaitytaknyga.lt\/#organization"},"potentialAction":[{"@type":"SearchAction","target":{"@type":"EntryPoint","urlTemplate":"https:\/\/skaitytaknyga.lt\/?s={search_term_string}"},"query-input":{"@type":"PropertyValueSpecification","valueRequired":true,"valueName":"search_term_string"}}],"inLanguage":"en-GB"},{"@type":"Organization","@id":"https:\/\/skaitytaknyga.lt\/#organization","name":"skaitytaknyga.lt","url":"https:\/\/skaitytaknyga.lt\/","logo":{"@type":"ImageObject","inLanguage":"en-GB","@id":"https:\/\/skaitytaknyga.lt\/#\/schema\/logo\/image\/","url":"https:\/\/skaitytaknyga.lt\/wp-content\/uploads\/2024\/05\/cropped-cropped-cropped-02_00843_jt3bggkj1j3HLc7SyY6rEUpg.jpeg","contentUrl":"https:\/\/skaitytaknyga.lt\/wp-content\/uploads\/2024\/05\/cropped-cropped-cropped-02_00843_jt3bggkj1j3HLc7SyY6rEUpg.jpeg","width":1600,"height":1600,"caption":"skaitytaknyga.lt"},"image":{"@id":"https:\/\/skaitytaknyga.lt\/#\/schema\/logo\/image\/"},"sameAs":["https:\/\/www.facebook.com\/skaitytaknyga\/"]}]}},"_links":{"self":[{"href":"https:\/\/skaitytaknyga.lt\/en\/wp-json\/wp\/v2\/product\/19530","targetHints":{"allow":["GET"]}}],"collection":[{"href":"https:\/\/skaitytaknyga.lt\/en\/wp-json\/wp\/v2\/product"}],"about":[{"href":"https:\/\/skaitytaknyga.lt\/en\/wp-json\/wp\/v2\/types\/product"}],"replies":[{"embeddable":true,"href":"https:\/\/skaitytaknyga.lt\/en\/wp-json\/wp\/v2\/comments?post=19530"}],"wp:featuredmedia":[{"embeddable":true,"href":"https:\/\/skaitytaknyga.lt\/en\/wp-json\/wp\/v2\/media\/19532"}],"wp:attachment":[{"href":"https:\/\/skaitytaknyga.lt\/en\/wp-json\/wp\/v2\/media?parent=19530"}],"wp:term":[{"taxonomy":"product_brand","embeddable":true,"href":"https:\/\/skaitytaknyga.lt\/en\/wp-json\/wp\/v2\/product_brand?post=19530"},{"taxonomy":"product_cat","embeddable":true,"href":"https:\/\/skaitytaknyga.lt\/en\/wp-json\/wp\/v2\/product_cat?post=19530"},{"taxonomy":"product_tag","embeddable":true,"href":"https:\/\/skaitytaknyga.lt\/en\/wp-json\/wp\/v2\/product_tag?post=19530"}],"curies":[{"name":"wp","href":"https:\/\/api.w.org\/{rel}","templated":true}]}}