{"id":19518,"date":"2025-07-09T15:21:34","date_gmt":"2025-07-09T12:21:34","guid":{"rendered":"https:\/\/skaitytaknyga.lt\/?post_type=product&#038;p=19518"},"modified":"2025-07-22T10:11:11","modified_gmt":"2025-07-22T07:11:11","slug":"ar-prisiminsi-mane-vilniau","status":"publish","type":"product","link":"https:\/\/skaitytaknyga.lt\/en\/produktas\/ar-prisiminsi-mane-vilniau\/","title":{"rendered":"Ar prisiminsi mane, Vilniau?"},"content":{"rendered":"<p>\u0160i knyga &#8220;Ar prisiminsi mane, Vilniau?&#8221; \u2013 tai \u0161imtme\u010dio ilgumo tiltas, susiejantis dabartin\u012f ir XX am\u017eiaus prad\u017eios Vilni\u0173. Unikalus leidinys, jungiantis fotografij\u0105 ir popieriaus karpinius.<\/p>\n<p>\u0160iandienos Vilniaus nuotraukose \u2013 gatv\u0117s, aik\u0161t\u0117s, istoriniai architekt\u016bros paminklai, kelet\u0105 \u0161imtme\u010di\u0173 formav\u0119 miesto veid\u0105, visos \u0161alies dvasi\u0105.<\/p>\n<p>\u0160alia \u2013 popieriaus karpiniai. Tai vilnie\u010di\u0173 siluetai, nu\u017eeng\u0119 i\u0161 XX am\u017eiaus prad\u017eios fotografij\u0173. Daugelis v\u0117l atsid\u016br\u0119 tose pa\u010diose miesto vietose, kur kadaise buvo nufotografuoti.<\/p>\n","protected":false},"excerpt":{"rendered":"<p>\u0160i knyga &#8220;Ar prisiminsi mane, Vilniau?&#8221; \u2013 tai \u0161imtme\u010dio ilgumo tiltas, susiejantis dabartin\u012f ir XX am\u017eiaus prad\u017eios Vilni\u0173. Unikalus leidinys, jungiantis fotografij\u0105 ir popieriaus karpinius. \u0160iandienos Vilniaus nuotraukose \u2013 gatv\u0117s, aik\u0161t\u0117s, istoriniai architekt\u016bros paminklai, kelet\u0105 \u0161imtme\u010di\u0173 formav\u0119 miesto veid\u0105, visos \u0161alies dvasi\u0105. \u0160alia \u2013 popieriaus karpiniai. Tai vilnie\u010di\u0173 siluetai, nu\u017eeng\u0119 i\u0161 XX am\u017eiaus prad\u017eios fotografij\u0173. Daugelis v\u0117l atsid\u016br\u0119 tose pa\u010diose miesto vietose, kur kadaise buvo nufotografuoti.<\/p>\n","protected":false},"featured_media":19523,"comment_status":"open","ping_status":"closed","template":"","meta":{"_acf_changed":false,"site-sidebar-layout":"default","site-content-layout":"","ast-site-content-layout":"default","site-content-style":"default","site-sidebar-style":"default","ast-global-header-display":"","ast-banner-title-visibility":"","ast-main-header-display":"","ast-hfb-above-header-display":"","ast-hfb-below-header-display":"","ast-hfb-mobile-header-display":"","site-post-title":"","ast-breadcrumbs-content":"","ast-featured-img":"","footer-sml-layout":"","ast-disable-related-posts":"","theme-transparent-header-meta":"","adv-header-id-meta":"","stick-header-meta":"","header-above-stick-meta":"","header-main-stick-meta":"","header-below-stick-meta":"","astra-migrate-meta-layouts":"default","ast-page-background-enabled":"default","ast-page-background-meta":{"desktop":{"background-color":"","background-image":"","background-repeat":"repeat","background-position":"center center","background-size":"auto","background-attachment":"scroll","background-type":"","background-media":"","overlay-type":"","overlay-color":"","overlay-opacity":"","overlay-gradient":""},"tablet":{"background-color":"","background-image":"","background-repeat":"repeat","background-position":"center center","background-size":"auto","background-attachment":"scroll","background-type":"","background-media":"","overlay-type":"","overlay-color":"","overlay-opacity":"","overlay-gradient":""},"mobile":{"background-color":"","background-image":"","background-repeat":"repeat","background-position":"center center","background-size":"auto","background-attachment":"scroll","background-type":"","background-media":"","overlay-type":"","overlay-color":"","overlay-opacity":"","overlay-gradient":""}},"ast-content-background-meta":{"desktop":{"background-color":"var(--ast-global-color-4)","background-image":"","background-repeat":"repeat","background-position":"center center","background-size":"auto","background-attachment":"scroll","background-type":"","background-media":"","overlay-type":"","overlay-color":"","overlay-opacity":"","overlay-gradient":""},"tablet":{"background-color":"var(--ast-global-color-4)","background-image":"","background-repeat":"repeat","background-position":"center center","background-size":"auto","background-attachment":"scroll","background-type":"","background-media":"","overlay-type":"","overlay-color":"","overlay-opacity":"","overlay-gradient":""},"mobile":{"background-color":"var(--ast-global-color-4)","background-image":"","background-repeat":"repeat","background-position":"center center","background-size":"auto","background-attachment":"scroll","background-type":"","background-media":"","overlay-type":"","overlay-color":"","overlay-opacity":"","overlay-gradient":""}}},"product_brand":[],"product_cat":[15],"product_tag":[3147,2224,6319,6318,2376,2601,5903],"class_list":{"0":"post-19518","1":"product","2":"type-product","3":"status-publish","4":"has-post-thumbnail","6":"product_cat-uncategorized","7":"product_tag-fotografija","8":"product_tag-istorija","9":"product_tag-juventa-mudeniene","10":"product_tag-karpiniai","11":"product_tag-kultura","12":"product_tag-vilnius","13":"product_tag-xx-a-pradzia","14":"desktop-align-left","15":"tablet-align-left","16":"mobile-align-left","18":"first","19":"instock","20":"shipping-taxable","21":"purchasable","22":"product-type-simple"},"acf":[],"yoast_head":"<!-- This site is optimized with the Yoast SEO plugin v27.0 - https:\/\/yoast.com\/product\/yoast-seo-wordpress\/ -->\n<title>Ar prisiminsi mane, Vilniau?<\/title>\n<meta name=\"description\" content=\"\u0160i knyga &quot;Ar prisiminsi mane, Vilniau?&quot; \u2013 tai \u0161imtme\u010dio ilgumo tiltas, susiejantis dabartin\u012f ir XX am\u017eiaus prad\u017eios Vilni\u0173. Unikalus leidinys, jungiantis\" \/>\n<meta name=\"robots\" content=\"index, follow, max-snippet:-1, max-image-preview:large, max-video-preview:-1\" \/>\n<link rel=\"canonical\" href=\"https:\/\/skaitytaknyga.lt\/en\/produktas\/ar-prisiminsi-mane-vilniau\/\" \/>\n<meta property=\"og:locale\" content=\"en_GB\" \/>\n<meta property=\"og:locale:alternate\" content=\"lt_LT\" \/>\n<meta property=\"og:type\" content=\"article\" \/>\n<meta property=\"og:title\" content=\"Ar prisiminsi mane, Vilniau?\" \/>\n<meta property=\"og:description\" content=\"\u0160i knyga &quot;Ar prisiminsi mane, Vilniau?&quot; \u2013 tai \u0161imtme\u010dio ilgumo tiltas, susiejantis dabartin\u012f ir XX am\u017eiaus prad\u017eios Vilni\u0173. Unikalus leidinys, jungiantis\" \/>\n<meta property=\"og:url\" content=\"https:\/\/skaitytaknyga.lt\/en\/produktas\/ar-prisiminsi-mane-vilniau\/\" \/>\n<meta property=\"og:site_name\" content=\"Skaitytaknyga\" \/>\n<meta property=\"article:publisher\" content=\"https:\/\/www.facebook.com\/skaitytaknyga\/\" \/>\n<meta property=\"article:modified_time\" content=\"2025-07-22T07:11:11+00:00\" \/>\n<meta property=\"og:image\" content=\"https:\/\/skaitytaknyga.lt\/wp-content\/uploads\/2025\/07\/Ar-prisiminsi-mane-Vilniau.jpg\" \/>\n\t<meta property=\"og:image:width\" content=\"600\" \/>\n\t<meta property=\"og:image:height\" content=\"655\" \/>\n\t<meta property=\"og:image:type\" content=\"image\/jpeg\" \/>\n<meta name=\"twitter:card\" content=\"summary_large_image\" \/>\n<script type=\"application\/ld+json\" class=\"yoast-schema-graph\">{\"@context\":\"https:\/\/schema.org\",\"@graph\":[{\"@type\":\"WebPage\",\"@id\":\"https:\/\/skaitytaknyga.lt\/produktas\/ar-prisiminsi-mane-vilniau\/\",\"url\":\"https:\/\/skaitytaknyga.lt\/produktas\/ar-prisiminsi-mane-vilniau\/\",\"name\":\"Ar prisiminsi mane, Vilniau?\",\"isPartOf\":{\"@id\":\"https:\/\/skaitytaknyga.lt\/#website\"},\"primaryImageOfPage\":{\"@id\":\"https:\/\/skaitytaknyga.lt\/produktas\/ar-prisiminsi-mane-vilniau\/#primaryimage\"},\"image\":{\"@id\":\"https:\/\/skaitytaknyga.lt\/produktas\/ar-prisiminsi-mane-vilniau\/#primaryimage\"},\"thumbnailUrl\":\"https:\/\/skaitytaknyga.lt\/wp-content\/uploads\/2025\/07\/Ar-prisiminsi-mane-Vilniau.jpg\",\"datePublished\":\"2025-07-09T12:21:34+00:00\",\"dateModified\":\"2025-07-22T07:11:11+00:00\",\"description\":\"\u0160i knyga \\\"Ar prisiminsi mane, Vilniau?\\\" \u2013 tai \u0161imtme\u010dio ilgumo tiltas, susiejantis dabartin\u012f ir XX am\u017eiaus prad\u017eios Vilni\u0173. Unikalus leidinys, jungiantis\",\"breadcrumb\":{\"@id\":\"https:\/\/skaitytaknyga.lt\/produktas\/ar-prisiminsi-mane-vilniau\/#breadcrumb\"},\"inLanguage\":\"en-GB\",\"potentialAction\":[{\"@type\":\"ReadAction\",\"target\":[\"https:\/\/skaitytaknyga.lt\/produktas\/ar-prisiminsi-mane-vilniau\/\"]}]},{\"@type\":\"ImageObject\",\"inLanguage\":\"en-GB\",\"@id\":\"https:\/\/skaitytaknyga.lt\/produktas\/ar-prisiminsi-mane-vilniau\/#primaryimage\",\"url\":\"https:\/\/skaitytaknyga.lt\/wp-content\/uploads\/2025\/07\/Ar-prisiminsi-mane-Vilniau.jpg\",\"contentUrl\":\"https:\/\/skaitytaknyga.lt\/wp-content\/uploads\/2025\/07\/Ar-prisiminsi-mane-Vilniau.jpg\",\"width\":600,\"height\":655,\"caption\":\"Ar prisiminsi mane, Vilniau\"},{\"@type\":\"BreadcrumbList\",\"@id\":\"https:\/\/skaitytaknyga.lt\/produktas\/ar-prisiminsi-mane-vilniau\/#breadcrumb\",\"itemListElement\":[{\"@type\":\"ListItem\",\"position\":1,\"name\":\"Home\",\"item\":\"https:\/\/skaitytaknyga.lt\/\"},{\"@type\":\"ListItem\",\"position\":2,\"name\":\"Parduotuv\u0117\",\"item\":\"https:\/\/skaitytaknyga.lt\/knygu-parduotuve\/\"},{\"@type\":\"ListItem\",\"position\":3,\"name\":\"Ar prisiminsi mane, Vilniau?\"}]},{\"@type\":\"WebSite\",\"@id\":\"https:\/\/skaitytaknyga.lt\/#website\",\"url\":\"https:\/\/skaitytaknyga.lt\/\",\"name\":\"skaitytaknyga.lt\",\"description\":\"Skaitytaknyga.lt \u2013 tai ma\u017eas \u0161eimos verslas, kuris prasid\u0117jo nuo meil\u0117s knygoms ir siekio i\u0161gelb\u0117ti knygas nuo likimo prie konteinerio. Kas vienam nereikalingas daiktas \u2013 kitam lobis, o mes esame tarpininkai, kurie padeda abiems tapti laimingesniems ???? \u017dinome kaip nelengva i\u0161gyventi ma\u017eiems verslams, tad nuo \u0161iol, \u010dia rasite ir kit\u0173, ma\u017e\u0173 \u0161eim\u0173 versl\u0173, rank\u0173 darbo, dovan\u0173 sau ir artimiesiems.\",\"publisher\":{\"@id\":\"https:\/\/skaitytaknyga.lt\/#organization\"},\"potentialAction\":[{\"@type\":\"SearchAction\",\"target\":{\"@type\":\"EntryPoint\",\"urlTemplate\":\"https:\/\/skaitytaknyga.lt\/?s={search_term_string}\"},\"query-input\":{\"@type\":\"PropertyValueSpecification\",\"valueRequired\":true,\"valueName\":\"search_term_string\"}}],\"inLanguage\":\"en-GB\"},{\"@type\":\"Organization\",\"@id\":\"https:\/\/skaitytaknyga.lt\/#organization\",\"name\":\"skaitytaknyga.lt\",\"url\":\"https:\/\/skaitytaknyga.lt\/\",\"logo\":{\"@type\":\"ImageObject\",\"inLanguage\":\"en-GB\",\"@id\":\"https:\/\/skaitytaknyga.lt\/#\/schema\/logo\/image\/\",\"url\":\"https:\/\/skaitytaknyga.lt\/wp-content\/uploads\/2024\/05\/cropped-cropped-cropped-02_00843_jt3bggkj1j3HLc7SyY6rEUpg.jpeg\",\"contentUrl\":\"https:\/\/skaitytaknyga.lt\/wp-content\/uploads\/2024\/05\/cropped-cropped-cropped-02_00843_jt3bggkj1j3HLc7SyY6rEUpg.jpeg\",\"width\":1600,\"height\":1600,\"caption\":\"skaitytaknyga.lt\"},\"image\":{\"@id\":\"https:\/\/skaitytaknyga.lt\/#\/schema\/logo\/image\/\"},\"sameAs\":[\"https:\/\/www.facebook.com\/skaitytaknyga\/\"]}]}<\/script>\n<!-- \/ Yoast SEO plugin. -->","yoast_head_json":{"title":"Ar prisiminsi mane, Vilniau?","description":"\u0160i knyga \"Ar prisiminsi mane, Vilniau?\" \u2013 tai \u0161imtme\u010dio ilgumo tiltas, susiejantis dabartin\u012f ir XX am\u017eiaus prad\u017eios Vilni\u0173. Unikalus leidinys, jungiantis","robots":{"index":"index","follow":"follow","max-snippet":"max-snippet:-1","max-image-preview":"max-image-preview:large","max-video-preview":"max-video-preview:-1"},"canonical":"https:\/\/skaitytaknyga.lt\/en\/produktas\/ar-prisiminsi-mane-vilniau\/","og_locale":"en_GB","og_type":"article","og_title":"[:lt]Ar prisiminsi mane, Vilniau?[:] - Skaitytaknyga","og_description":"\u0160i knyga \"Ar prisiminsi mane, Vilniau?\" \u2013 tai \u0161imtme\u010dio ilgumo tiltas, susiejantis dabartin\u012f ir XX am\u017eiaus prad\u017eios Vilni\u0173. Unikalus leidinys, jungiantis","og_url":"https:\/\/skaitytaknyga.lt\/en\/produktas\/ar-prisiminsi-mane-vilniau\/","og_site_name":"Skaitytaknyga","article_publisher":"https:\/\/www.facebook.com\/skaitytaknyga\/","article_modified_time":"2025-07-22T07:11:11+00:00","og_image":[{"width":600,"height":655,"url":"https:\/\/skaitytaknyga.lt\/wp-content\/uploads\/2025\/07\/Ar-prisiminsi-mane-Vilniau.jpg","type":"image\/jpeg"}],"twitter_card":"summary_large_image","schema":{"@context":"https:\/\/schema.org","@graph":[{"@type":"WebPage","@id":"https:\/\/skaitytaknyga.lt\/produktas\/ar-prisiminsi-mane-vilniau\/","url":"https:\/\/skaitytaknyga.lt\/produktas\/ar-prisiminsi-mane-vilniau\/","name":"Ar prisiminsi mane, Vilniau?","isPartOf":{"@id":"https:\/\/skaitytaknyga.lt\/#website"},"primaryImageOfPage":{"@id":"https:\/\/skaitytaknyga.lt\/produktas\/ar-prisiminsi-mane-vilniau\/#primaryimage"},"image":{"@id":"https:\/\/skaitytaknyga.lt\/produktas\/ar-prisiminsi-mane-vilniau\/#primaryimage"},"thumbnailUrl":"https:\/\/skaitytaknyga.lt\/wp-content\/uploads\/2025\/07\/Ar-prisiminsi-mane-Vilniau.jpg","datePublished":"2025-07-09T12:21:34+00:00","dateModified":"2025-07-22T07:11:11+00:00","description":"\u0160i knyga \"Ar prisiminsi mane, Vilniau?\" \u2013 tai \u0161imtme\u010dio ilgumo tiltas, susiejantis dabartin\u012f ir XX am\u017eiaus prad\u017eios Vilni\u0173. Unikalus leidinys, jungiantis","breadcrumb":{"@id":"https:\/\/skaitytaknyga.lt\/produktas\/ar-prisiminsi-mane-vilniau\/#breadcrumb"},"inLanguage":"en-GB","potentialAction":[{"@type":"ReadAction","target":["https:\/\/skaitytaknyga.lt\/produktas\/ar-prisiminsi-mane-vilniau\/"]}]},{"@type":"ImageObject","inLanguage":"en-GB","@id":"https:\/\/skaitytaknyga.lt\/produktas\/ar-prisiminsi-mane-vilniau\/#primaryimage","url":"https:\/\/skaitytaknyga.lt\/wp-content\/uploads\/2025\/07\/Ar-prisiminsi-mane-Vilniau.jpg","contentUrl":"https:\/\/skaitytaknyga.lt\/wp-content\/uploads\/2025\/07\/Ar-prisiminsi-mane-Vilniau.jpg","width":600,"height":655,"caption":"Ar prisiminsi mane, Vilniau"},{"@type":"BreadcrumbList","@id":"https:\/\/skaitytaknyga.lt\/produktas\/ar-prisiminsi-mane-vilniau\/#breadcrumb","itemListElement":[{"@type":"ListItem","position":1,"name":"Home","item":"https:\/\/skaitytaknyga.lt\/"},{"@type":"ListItem","position":2,"name":"Parduotuv\u0117","item":"https:\/\/skaitytaknyga.lt\/knygu-parduotuve\/"},{"@type":"ListItem","position":3,"name":"Ar prisiminsi mane, Vilniau?"}]},{"@type":"WebSite","@id":"https:\/\/skaitytaknyga.lt\/#website","url":"https:\/\/skaitytaknyga.lt\/","name":"skaitytaknyga.lt","description":"Skaitytaknyga.lt \u2013 tai ma\u017eas \u0161eimos verslas, kuris prasid\u0117jo nuo meil\u0117s knygoms ir siekio i\u0161gelb\u0117ti knygas nuo likimo prie konteinerio. Kas vienam nereikalingas daiktas \u2013 kitam lobis, o mes esame tarpininkai, kurie padeda abiems tapti laimingesniems ???? \u017dinome kaip nelengva i\u0161gyventi ma\u017eiems verslams, tad nuo \u0161iol, \u010dia rasite ir kit\u0173, ma\u017e\u0173 \u0161eim\u0173 versl\u0173, rank\u0173 darbo, dovan\u0173 sau ir artimiesiems.","publisher":{"@id":"https:\/\/skaitytaknyga.lt\/#organization"},"potentialAction":[{"@type":"SearchAction","target":{"@type":"EntryPoint","urlTemplate":"https:\/\/skaitytaknyga.lt\/?s={search_term_string}"},"query-input":{"@type":"PropertyValueSpecification","valueRequired":true,"valueName":"search_term_string"}}],"inLanguage":"en-GB"},{"@type":"Organization","@id":"https:\/\/skaitytaknyga.lt\/#organization","name":"skaitytaknyga.lt","url":"https:\/\/skaitytaknyga.lt\/","logo":{"@type":"ImageObject","inLanguage":"en-GB","@id":"https:\/\/skaitytaknyga.lt\/#\/schema\/logo\/image\/","url":"https:\/\/skaitytaknyga.lt\/wp-content\/uploads\/2024\/05\/cropped-cropped-cropped-02_00843_jt3bggkj1j3HLc7SyY6rEUpg.jpeg","contentUrl":"https:\/\/skaitytaknyga.lt\/wp-content\/uploads\/2024\/05\/cropped-cropped-cropped-02_00843_jt3bggkj1j3HLc7SyY6rEUpg.jpeg","width":1600,"height":1600,"caption":"skaitytaknyga.lt"},"image":{"@id":"https:\/\/skaitytaknyga.lt\/#\/schema\/logo\/image\/"},"sameAs":["https:\/\/www.facebook.com\/skaitytaknyga\/"]}]}},"_links":{"self":[{"href":"https:\/\/skaitytaknyga.lt\/en\/wp-json\/wp\/v2\/product\/19518","targetHints":{"allow":["GET"]}}],"collection":[{"href":"https:\/\/skaitytaknyga.lt\/en\/wp-json\/wp\/v2\/product"}],"about":[{"href":"https:\/\/skaitytaknyga.lt\/en\/wp-json\/wp\/v2\/types\/product"}],"replies":[{"embeddable":true,"href":"https:\/\/skaitytaknyga.lt\/en\/wp-json\/wp\/v2\/comments?post=19518"}],"wp:featuredmedia":[{"embeddable":true,"href":"https:\/\/skaitytaknyga.lt\/en\/wp-json\/wp\/v2\/media\/19523"}],"wp:attachment":[{"href":"https:\/\/skaitytaknyga.lt\/en\/wp-json\/wp\/v2\/media?parent=19518"}],"wp:term":[{"taxonomy":"product_brand","embeddable":true,"href":"https:\/\/skaitytaknyga.lt\/en\/wp-json\/wp\/v2\/product_brand?post=19518"},{"taxonomy":"product_cat","embeddable":true,"href":"https:\/\/skaitytaknyga.lt\/en\/wp-json\/wp\/v2\/product_cat?post=19518"},{"taxonomy":"product_tag","embeddable":true,"href":"https:\/\/skaitytaknyga.lt\/en\/wp-json\/wp\/v2\/product_tag?post=19518"}],"curies":[{"name":"wp","href":"https:\/\/api.w.org\/{rel}","templated":true}]}}