{"id":19510,"date":"2025-07-09T10:38:08","date_gmt":"2025-07-09T07:38:08","guid":{"rendered":"https:\/\/skaitytaknyga.lt\/?post_type=product&#038;p=19510"},"modified":"2025-07-22T10:11:11","modified_gmt":"2025-07-22T07:11:11","slug":"devyni-katino-diujo-gyvenimai","status":"publish","type":"product","link":"https:\/\/skaitytaknyga.lt\/en\/produktas\/devyni-katino-diujo-gyvenimai\/","title":{"rendered":"Devyni katino Diujo gyvenimai"},"content":{"rendered":"<p>Vicki Myron ir Bret Witter dovanoja dar vien\u0105 jauki\u0105, \u0161ilt\u0105 ir kupin\u0105 katini\u0161k\u0173 nuotyki\u0173 knyg\u0105 \u201eDevyni katino Diujo gyvenimai\u201c.<\/p>\n<p>Mieli skaitytojai ir Diujo gerb\u0117jai,<\/p>\n<p>A\u010di\u016b, kad atsivert\u0117te mano nauj\u0105 knyg\u0105 \u201eDevyni katino Diujo gyvenimai\u201c. Kaip gera v\u0117l ra\u0161yti! Ypa\u010d turint galvoje, kad, para\u0161iusi pirm\u0105j\u0105 knyg\u0105, kitos imtis neketinau. Bet, keliaudama po pasaul\u012f ir bendraudama su t\u016bkstan\u010diais mano mielo draugo, Spenserio Ajovos valstijoje mylimiausio bibliotekos katino Diujo Ridmoro Bukso gerb\u0117j\u0173, kuo ai\u0161kiausiai supratau, kad dar yra k\u0105 papasakoti.<\/p>\n<p>Pirmiausia liko istorij\u0173 apie Diuj\u012f, kurios nepakliuvo \u012f pirm\u0105j\u0105 knyg\u0105. Taip pat buvo mano pastar\u0173j\u0173 met\u0173 nuotyki\u0173, jie kupini Diujo dvasios \u2013 ypa\u010d tie du \u201epriklyd\u0119 katinai\u201c, kurie at\u0117jo \u012f mano pasaul\u012f ir pakeit\u0117 mano gyvenim\u0105. Galiausiai mane sujaudino nuo\u0161ird\u017eios istorijos, kurias gerb\u0117jai man pasakojo apie savo kates, ir supratau, kad jos sugraudint\u0173 ir jus. Kai suvokiau, kad visos \u0161ios istorijos yra Diujo Stebuklai, mano \u0161irdyje subrendo \u201eDevyni katino Diujo gyvenimai\u201c.<\/p>\n","protected":false},"excerpt":{"rendered":"<p>Vicki Myron ir Bret Witter dovanoja dar vien\u0105 jauki\u0105, \u0161ilt\u0105 ir kupin\u0105 katini\u0161k\u0173 nuotyki\u0173 knyg\u0105 \u201eDevyni katino Diujo gyvenimai\u201c. Mieli skaitytojai ir Diujo gerb\u0117jai, A\u010di\u016b, kad atsivert\u0117te mano nauj\u0105 knyg\u0105 \u201eDevyni katino Diujo gyvenimai\u201c. Kaip gera v\u0117l ra\u0161yti! Ypa\u010d turint galvoje, kad, para\u0161iusi pirm\u0105j\u0105 knyg\u0105, kitos imtis neketinau. Bet, keliaudama po pasaul\u012f ir bendraudama su t\u016bkstan\u010diais mano mielo draugo, Spenserio Ajovos valstijoje mylimiausio bibliotekos katino Diujo Ridmoro Bukso gerb\u0117j\u0173, kuo ai\u0161kiausiai supratau, kad dar yra k\u0105 papasakoti. Pirmiausia liko istorij\u0173 apie Diuj\u012f, kurios nepakliuvo \u012f pirm\u0105j\u0105 knyg\u0105. Taip pat buvo mano pastar\u0173j\u0173 met\u0173 nuotyki\u0173, jie kupini Diujo dvasios \u2013 ypa\u010d tie du \u201epriklyd\u0119 katinai\u201c, kurie at\u0117jo \u012f mano pasaul\u012f ir pakeit\u0117 mano gyvenim\u0105. Galiausiai mane sujaudino nuo\u0161ird\u017eios istorijos, kurias gerb\u0117jai man pasakojo apie savo kates, ir supratau, kad jos sugraudint\u0173 ir jus. Kai suvokiau, kad visos \u0161ios istorijos yra Diujo Stebuklai, mano \u0161irdyje subrendo \u201eDevyni katino Diujo gyvenimai\u201c.<\/p>\n","protected":false},"featured_media":19513,"comment_status":"open","ping_status":"closed","template":"","meta":{"_acf_changed":false,"site-sidebar-layout":"default","site-content-layout":"","ast-site-content-layout":"default","site-content-style":"default","site-sidebar-style":"default","ast-global-header-display":"","ast-banner-title-visibility":"","ast-main-header-display":"","ast-hfb-above-header-display":"","ast-hfb-below-header-display":"","ast-hfb-mobile-header-display":"","site-post-title":"","ast-breadcrumbs-content":"","ast-featured-img":"","footer-sml-layout":"","ast-disable-related-posts":"","theme-transparent-header-meta":"","adv-header-id-meta":"","stick-header-meta":"","header-above-stick-meta":"","header-main-stick-meta":"","header-below-stick-meta":"","astra-migrate-meta-layouts":"default","ast-page-background-enabled":"default","ast-page-background-meta":{"desktop":{"background-color":"","background-image":"","background-repeat":"repeat","background-position":"center center","background-size":"auto","background-attachment":"scroll","background-type":"","background-media":"","overlay-type":"","overlay-color":"","overlay-opacity":"","overlay-gradient":""},"tablet":{"background-color":"","background-image":"","background-repeat":"repeat","background-position":"center center","background-size":"auto","background-attachment":"scroll","background-type":"","background-media":"","overlay-type":"","overlay-color":"","overlay-opacity":"","overlay-gradient":""},"mobile":{"background-color":"","background-image":"","background-repeat":"repeat","background-position":"center center","background-size":"auto","background-attachment":"scroll","background-type":"","background-media":"","overlay-type":"","overlay-color":"","overlay-opacity":"","overlay-gradient":""}},"ast-content-background-meta":{"desktop":{"background-color":"var(--ast-global-color-4)","background-image":"","background-repeat":"repeat","background-position":"center center","background-size":"auto","background-attachment":"scroll","background-type":"","background-media":"","overlay-type":"","overlay-color":"","overlay-opacity":"","overlay-gradient":""},"tablet":{"background-color":"var(--ast-global-color-4)","background-image":"","background-repeat":"repeat","background-position":"center center","background-size":"auto","background-attachment":"scroll","background-type":"","background-media":"","overlay-type":"","overlay-color":"","overlay-opacity":"","overlay-gradient":""},"mobile":{"background-color":"var(--ast-global-color-4)","background-image":"","background-repeat":"repeat","background-position":"center center","background-size":"auto","background-attachment":"scroll","background-type":"","background-media":"","overlay-type":"","overlay-color":"","overlay-opacity":"","overlay-gradient":""}}},"product_brand":[],"product_cat":[15],"product_tag":[2692,6310,6313,6311,2054,6309,6312],"class_list":{"0":"post-19510","1":"product","2":"type-product","3":"status-publish","4":"has-post-thumbnail","6":"product_cat-uncategorized","7":"product_tag-autobiografija","8":"product_tag-biblioteka","9":"product_tag-bret-witter","10":"product_tag-diujo","11":"product_tag-gyvunai","12":"product_tag-kates","13":"product_tag-vicki-myron","14":"desktop-align-left","15":"tablet-align-left","16":"mobile-align-left","18":"first","19":"instock","20":"shipping-taxable","21":"purchasable","22":"product-type-simple"},"acf":[],"yoast_head":"<!-- This site is optimized with the Yoast SEO plugin v27.0 - https:\/\/yoast.com\/product\/yoast-seo-wordpress\/ -->\n<title>Devyni katino Diujo gyvenimai<\/title>\n<meta name=\"description\" content=\"Vicki Myron ir Bret Witter dovanoja dar vien\u0105 jauki\u0105, \u0161ilt\u0105 ir kupin\u0105 katini\u0161k\u0173 nuotyki\u0173 knyg\u0105 \u201eDevyni katino Diujo gyvenimai\u201c. Mieli skaitytojai ir Diujo\" \/>\n<meta name=\"robots\" content=\"index, follow, max-snippet:-1, max-image-preview:large, max-video-preview:-1\" \/>\n<link rel=\"canonical\" href=\"https:\/\/skaitytaknyga.lt\/en\/produktas\/devyni-katino-diujo-gyvenimai\/\" \/>\n<meta property=\"og:locale\" content=\"en_GB\" \/>\n<meta property=\"og:locale:alternate\" content=\"lt_LT\" \/>\n<meta property=\"og:type\" content=\"article\" \/>\n<meta property=\"og:title\" content=\"Devyni katino Diujo gyvenimai\" \/>\n<meta property=\"og:description\" content=\"Vicki Myron ir Bret Witter dovanoja dar vien\u0105 jauki\u0105, \u0161ilt\u0105 ir kupin\u0105 katini\u0161k\u0173 nuotyki\u0173 knyg\u0105 \u201eDevyni katino Diujo gyvenimai\u201c. Mieli skaitytojai ir Diujo\" \/>\n<meta property=\"og:url\" content=\"https:\/\/skaitytaknyga.lt\/en\/produktas\/devyni-katino-diujo-gyvenimai\/\" \/>\n<meta property=\"og:site_name\" content=\"Skaitytaknyga\" \/>\n<meta property=\"article:publisher\" content=\"https:\/\/www.facebook.com\/skaitytaknyga\/\" \/>\n<meta property=\"article:modified_time\" content=\"2025-07-22T07:11:11+00:00\" \/>\n<meta property=\"og:image\" content=\"https:\/\/skaitytaknyga.lt\/wp-content\/uploads\/2025\/07\/Devyni-katino-Diujo-gyvenimai.webp\" \/>\n\t<meta property=\"og:image:width\" content=\"407\" \/>\n\t<meta property=\"og:image:height\" content=\"647\" \/>\n\t<meta property=\"og:image:type\" content=\"image\/webp\" \/>\n<meta name=\"twitter:card\" content=\"summary_large_image\" \/>\n<meta name=\"twitter:label1\" content=\"Estimated reading time\" \/>\n\t<meta name=\"twitter:data1\" content=\"1 minute\" \/>\n<script type=\"application\/ld+json\" class=\"yoast-schema-graph\">{\"@context\":\"https:\/\/schema.org\",\"@graph\":[{\"@type\":\"WebPage\",\"@id\":\"https:\/\/skaitytaknyga.lt\/produktas\/devyni-katino-diujo-gyvenimai\/\",\"url\":\"https:\/\/skaitytaknyga.lt\/produktas\/devyni-katino-diujo-gyvenimai\/\",\"name\":\"Devyni katino Diujo gyvenimai\",\"isPartOf\":{\"@id\":\"https:\/\/skaitytaknyga.lt\/#website\"},\"primaryImageOfPage\":{\"@id\":\"https:\/\/skaitytaknyga.lt\/produktas\/devyni-katino-diujo-gyvenimai\/#primaryimage\"},\"image\":{\"@id\":\"https:\/\/skaitytaknyga.lt\/produktas\/devyni-katino-diujo-gyvenimai\/#primaryimage\"},\"thumbnailUrl\":\"https:\/\/skaitytaknyga.lt\/wp-content\/uploads\/2025\/07\/Devyni-katino-Diujo-gyvenimai.webp\",\"datePublished\":\"2025-07-09T07:38:08+00:00\",\"dateModified\":\"2025-07-22T07:11:11+00:00\",\"description\":\"Vicki Myron ir Bret Witter dovanoja dar vien\u0105 jauki\u0105, \u0161ilt\u0105 ir kupin\u0105 katini\u0161k\u0173 nuotyki\u0173 knyg\u0105 \u201eDevyni katino Diujo gyvenimai\u201c. Mieli skaitytojai ir Diujo\",\"breadcrumb\":{\"@id\":\"https:\/\/skaitytaknyga.lt\/produktas\/devyni-katino-diujo-gyvenimai\/#breadcrumb\"},\"inLanguage\":\"en-GB\",\"potentialAction\":[{\"@type\":\"ReadAction\",\"target\":[\"https:\/\/skaitytaknyga.lt\/produktas\/devyni-katino-diujo-gyvenimai\/\"]}]},{\"@type\":\"ImageObject\",\"inLanguage\":\"en-GB\",\"@id\":\"https:\/\/skaitytaknyga.lt\/produktas\/devyni-katino-diujo-gyvenimai\/#primaryimage\",\"url\":\"https:\/\/skaitytaknyga.lt\/wp-content\/uploads\/2025\/07\/Devyni-katino-Diujo-gyvenimai.webp\",\"contentUrl\":\"https:\/\/skaitytaknyga.lt\/wp-content\/uploads\/2025\/07\/Devyni-katino-Diujo-gyvenimai.webp\",\"width\":407,\"height\":647,\"caption\":\"Devyni katino Diujo gyvenimai\"},{\"@type\":\"BreadcrumbList\",\"@id\":\"https:\/\/skaitytaknyga.lt\/produktas\/devyni-katino-diujo-gyvenimai\/#breadcrumb\",\"itemListElement\":[{\"@type\":\"ListItem\",\"position\":1,\"name\":\"Home\",\"item\":\"https:\/\/skaitytaknyga.lt\/\"},{\"@type\":\"ListItem\",\"position\":2,\"name\":\"Parduotuv\u0117\",\"item\":\"https:\/\/skaitytaknyga.lt\/knygu-parduotuve\/\"},{\"@type\":\"ListItem\",\"position\":3,\"name\":\"Devyni katino Diujo gyvenimai\"}]},{\"@type\":\"WebSite\",\"@id\":\"https:\/\/skaitytaknyga.lt\/#website\",\"url\":\"https:\/\/skaitytaknyga.lt\/\",\"name\":\"skaitytaknyga.lt\",\"description\":\"Skaitytaknyga.lt \u2013 tai ma\u017eas \u0161eimos verslas, kuris prasid\u0117jo nuo meil\u0117s knygoms ir siekio i\u0161gelb\u0117ti knygas nuo likimo prie konteinerio. Kas vienam nereikalingas daiktas \u2013 kitam lobis, o mes esame tarpininkai, kurie padeda abiems tapti laimingesniems ???? \u017dinome kaip nelengva i\u0161gyventi ma\u017eiems verslams, tad nuo \u0161iol, \u010dia rasite ir kit\u0173, ma\u017e\u0173 \u0161eim\u0173 versl\u0173, rank\u0173 darbo, dovan\u0173 sau ir artimiesiems.\",\"publisher\":{\"@id\":\"https:\/\/skaitytaknyga.lt\/#organization\"},\"potentialAction\":[{\"@type\":\"SearchAction\",\"target\":{\"@type\":\"EntryPoint\",\"urlTemplate\":\"https:\/\/skaitytaknyga.lt\/?s={search_term_string}\"},\"query-input\":{\"@type\":\"PropertyValueSpecification\",\"valueRequired\":true,\"valueName\":\"search_term_string\"}}],\"inLanguage\":\"en-GB\"},{\"@type\":\"Organization\",\"@id\":\"https:\/\/skaitytaknyga.lt\/#organization\",\"name\":\"skaitytaknyga.lt\",\"url\":\"https:\/\/skaitytaknyga.lt\/\",\"logo\":{\"@type\":\"ImageObject\",\"inLanguage\":\"en-GB\",\"@id\":\"https:\/\/skaitytaknyga.lt\/#\/schema\/logo\/image\/\",\"url\":\"https:\/\/skaitytaknyga.lt\/wp-content\/uploads\/2024\/05\/cropped-cropped-cropped-02_00843_jt3bggkj1j3HLc7SyY6rEUpg.jpeg\",\"contentUrl\":\"https:\/\/skaitytaknyga.lt\/wp-content\/uploads\/2024\/05\/cropped-cropped-cropped-02_00843_jt3bggkj1j3HLc7SyY6rEUpg.jpeg\",\"width\":1600,\"height\":1600,\"caption\":\"skaitytaknyga.lt\"},\"image\":{\"@id\":\"https:\/\/skaitytaknyga.lt\/#\/schema\/logo\/image\/\"},\"sameAs\":[\"https:\/\/www.facebook.com\/skaitytaknyga\/\"]}]}<\/script>\n<!-- \/ Yoast SEO plugin. -->","yoast_head_json":{"title":"Devyni katino Diujo gyvenimai","description":"Vicki Myron ir Bret Witter dovanoja dar vien\u0105 jauki\u0105, \u0161ilt\u0105 ir kupin\u0105 katini\u0161k\u0173 nuotyki\u0173 knyg\u0105 \u201eDevyni katino Diujo gyvenimai\u201c. Mieli skaitytojai ir Diujo","robots":{"index":"index","follow":"follow","max-snippet":"max-snippet:-1","max-image-preview":"max-image-preview:large","max-video-preview":"max-video-preview:-1"},"canonical":"https:\/\/skaitytaknyga.lt\/en\/produktas\/devyni-katino-diujo-gyvenimai\/","og_locale":"en_GB","og_type":"article","og_title":"[:lt]Devyni katino Diujo gyvenimai[:] - Skaitytaknyga","og_description":"Vicki Myron ir Bret Witter dovanoja dar vien\u0105 jauki\u0105, \u0161ilt\u0105 ir kupin\u0105 katini\u0161k\u0173 nuotyki\u0173 knyg\u0105 \u201eDevyni katino Diujo gyvenimai\u201c. Mieli skaitytojai ir Diujo","og_url":"https:\/\/skaitytaknyga.lt\/en\/produktas\/devyni-katino-diujo-gyvenimai\/","og_site_name":"Skaitytaknyga","article_publisher":"https:\/\/www.facebook.com\/skaitytaknyga\/","article_modified_time":"2025-07-22T07:11:11+00:00","og_image":[{"width":407,"height":647,"url":"https:\/\/skaitytaknyga.lt\/wp-content\/uploads\/2025\/07\/Devyni-katino-Diujo-gyvenimai.webp","type":"image\/webp"}],"twitter_card":"summary_large_image","twitter_misc":{"Estimated reading time":"1 minute"},"schema":{"@context":"https:\/\/schema.org","@graph":[{"@type":"WebPage","@id":"https:\/\/skaitytaknyga.lt\/produktas\/devyni-katino-diujo-gyvenimai\/","url":"https:\/\/skaitytaknyga.lt\/produktas\/devyni-katino-diujo-gyvenimai\/","name":"Devyni katino Diujo gyvenimai","isPartOf":{"@id":"https:\/\/skaitytaknyga.lt\/#website"},"primaryImageOfPage":{"@id":"https:\/\/skaitytaknyga.lt\/produktas\/devyni-katino-diujo-gyvenimai\/#primaryimage"},"image":{"@id":"https:\/\/skaitytaknyga.lt\/produktas\/devyni-katino-diujo-gyvenimai\/#primaryimage"},"thumbnailUrl":"https:\/\/skaitytaknyga.lt\/wp-content\/uploads\/2025\/07\/Devyni-katino-Diujo-gyvenimai.webp","datePublished":"2025-07-09T07:38:08+00:00","dateModified":"2025-07-22T07:11:11+00:00","description":"Vicki Myron ir Bret Witter dovanoja dar vien\u0105 jauki\u0105, \u0161ilt\u0105 ir kupin\u0105 katini\u0161k\u0173 nuotyki\u0173 knyg\u0105 \u201eDevyni katino Diujo gyvenimai\u201c. Mieli skaitytojai ir Diujo","breadcrumb":{"@id":"https:\/\/skaitytaknyga.lt\/produktas\/devyni-katino-diujo-gyvenimai\/#breadcrumb"},"inLanguage":"en-GB","potentialAction":[{"@type":"ReadAction","target":["https:\/\/skaitytaknyga.lt\/produktas\/devyni-katino-diujo-gyvenimai\/"]}]},{"@type":"ImageObject","inLanguage":"en-GB","@id":"https:\/\/skaitytaknyga.lt\/produktas\/devyni-katino-diujo-gyvenimai\/#primaryimage","url":"https:\/\/skaitytaknyga.lt\/wp-content\/uploads\/2025\/07\/Devyni-katino-Diujo-gyvenimai.webp","contentUrl":"https:\/\/skaitytaknyga.lt\/wp-content\/uploads\/2025\/07\/Devyni-katino-Diujo-gyvenimai.webp","width":407,"height":647,"caption":"Devyni katino Diujo gyvenimai"},{"@type":"BreadcrumbList","@id":"https:\/\/skaitytaknyga.lt\/produktas\/devyni-katino-diujo-gyvenimai\/#breadcrumb","itemListElement":[{"@type":"ListItem","position":1,"name":"Home","item":"https:\/\/skaitytaknyga.lt\/"},{"@type":"ListItem","position":2,"name":"Parduotuv\u0117","item":"https:\/\/skaitytaknyga.lt\/knygu-parduotuve\/"},{"@type":"ListItem","position":3,"name":"Devyni katino Diujo gyvenimai"}]},{"@type":"WebSite","@id":"https:\/\/skaitytaknyga.lt\/#website","url":"https:\/\/skaitytaknyga.lt\/","name":"skaitytaknyga.lt","description":"Skaitytaknyga.lt \u2013 tai ma\u017eas \u0161eimos verslas, kuris prasid\u0117jo nuo meil\u0117s knygoms ir siekio i\u0161gelb\u0117ti knygas nuo likimo prie konteinerio. Kas vienam nereikalingas daiktas \u2013 kitam lobis, o mes esame tarpininkai, kurie padeda abiems tapti laimingesniems ???? \u017dinome kaip nelengva i\u0161gyventi ma\u017eiems verslams, tad nuo \u0161iol, \u010dia rasite ir kit\u0173, ma\u017e\u0173 \u0161eim\u0173 versl\u0173, rank\u0173 darbo, dovan\u0173 sau ir artimiesiems.","publisher":{"@id":"https:\/\/skaitytaknyga.lt\/#organization"},"potentialAction":[{"@type":"SearchAction","target":{"@type":"EntryPoint","urlTemplate":"https:\/\/skaitytaknyga.lt\/?s={search_term_string}"},"query-input":{"@type":"PropertyValueSpecification","valueRequired":true,"valueName":"search_term_string"}}],"inLanguage":"en-GB"},{"@type":"Organization","@id":"https:\/\/skaitytaknyga.lt\/#organization","name":"skaitytaknyga.lt","url":"https:\/\/skaitytaknyga.lt\/","logo":{"@type":"ImageObject","inLanguage":"en-GB","@id":"https:\/\/skaitytaknyga.lt\/#\/schema\/logo\/image\/","url":"https:\/\/skaitytaknyga.lt\/wp-content\/uploads\/2024\/05\/cropped-cropped-cropped-02_00843_jt3bggkj1j3HLc7SyY6rEUpg.jpeg","contentUrl":"https:\/\/skaitytaknyga.lt\/wp-content\/uploads\/2024\/05\/cropped-cropped-cropped-02_00843_jt3bggkj1j3HLc7SyY6rEUpg.jpeg","width":1600,"height":1600,"caption":"skaitytaknyga.lt"},"image":{"@id":"https:\/\/skaitytaknyga.lt\/#\/schema\/logo\/image\/"},"sameAs":["https:\/\/www.facebook.com\/skaitytaknyga\/"]}]}},"_links":{"self":[{"href":"https:\/\/skaitytaknyga.lt\/en\/wp-json\/wp\/v2\/product\/19510","targetHints":{"allow":["GET"]}}],"collection":[{"href":"https:\/\/skaitytaknyga.lt\/en\/wp-json\/wp\/v2\/product"}],"about":[{"href":"https:\/\/skaitytaknyga.lt\/en\/wp-json\/wp\/v2\/types\/product"}],"replies":[{"embeddable":true,"href":"https:\/\/skaitytaknyga.lt\/en\/wp-json\/wp\/v2\/comments?post=19510"}],"wp:featuredmedia":[{"embeddable":true,"href":"https:\/\/skaitytaknyga.lt\/en\/wp-json\/wp\/v2\/media\/19513"}],"wp:attachment":[{"href":"https:\/\/skaitytaknyga.lt\/en\/wp-json\/wp\/v2\/media?parent=19510"}],"wp:term":[{"taxonomy":"product_brand","embeddable":true,"href":"https:\/\/skaitytaknyga.lt\/en\/wp-json\/wp\/v2\/product_brand?post=19510"},{"taxonomy":"product_cat","embeddable":true,"href":"https:\/\/skaitytaknyga.lt\/en\/wp-json\/wp\/v2\/product_cat?post=19510"},{"taxonomy":"product_tag","embeddable":true,"href":"https:\/\/skaitytaknyga.lt\/en\/wp-json\/wp\/v2\/product_tag?post=19510"}],"curies":[{"name":"wp","href":"https:\/\/api.w.org\/{rel}","templated":true}]}}