{"id":19509,"date":"2025-07-09T10:38:08","date_gmt":"2025-07-09T07:38:08","guid":{"rendered":"https:\/\/skaitytaknyga.lt\/?post_type=product&#038;p=19509"},"modified":"2025-07-22T10:11:11","modified_gmt":"2025-07-22T07:11:11","slug":"isgydyk-mane-viespatie-jezus-gydo-siandien","status":"publish","type":"product","link":"https:\/\/skaitytaknyga.lt\/en\/produktas\/isgydyk-mane-viespatie-jezus-gydo-siandien\/","title":{"rendered":"I\u0161gydyk mane, Vie\u0161patie. J\u0117zus gydo \u0161iandien"},"content":{"rendered":"<p>J\u0117zus prad\u0117jo did\u012f evangelizacijos darb\u0105 gydydamas savo laikme\u010dio ligas. \u0160iais medicinos pa\u017eangos laikais dauguma k\u016bno negali\u0173 yra pagydomos. Ta\u010diau esant \u0161iuolaikinio gyvenimo \u012ftampai, vidin\u0117s negalios palieka vis skaudesnius padarinius. \u017dmogus vis labiau tampa dvasi\u0161kai ir fizi\u0161kai pa\u017eeid\u017eiamas.<\/p>\n<p>\u0160i knyga pad\u0117s atskleisti kai kuri\u0173 susirgim\u0173 prie\u017eastis, patars kaip j\u0173 i\u0161vengti ir kaip, padedant Mesijui, juos gydyti, nes visi gimstame tur\u0117dami daugyb\u0119 teigiamos ir neigiamos informacijos, kuri yra \u012fra\u0161yta m\u016bs\u0173 viduje. Ji ir nulemia vis\u0105 m\u016bs\u0173 egzistencij\u0105 \u017eem\u0117je.<\/p>\n<p>Ir \u0161iais laikais J\u0117zus gydo, tik reikia tvirtai tik\u0117ti Jo gydom\u0105ja galia, nes Dievas yra Meil\u0117.<\/p>\n","protected":false},"excerpt":{"rendered":"<p>J\u0117zus prad\u0117jo did\u012f evangelizacijos darb\u0105 gydydamas savo laikme\u010dio ligas. \u0160iais medicinos pa\u017eangos laikais dauguma k\u016bno negali\u0173 yra pagydomos. Ta\u010diau esant \u0161iuolaikinio gyvenimo \u012ftampai, vidin\u0117s negalios palieka vis skaudesnius padarinius. \u017dmogus vis labiau tampa dvasi\u0161kai ir fizi\u0161kai pa\u017eeid\u017eiamas. \u0160i knyga pad\u0117s atskleisti kai kuri\u0173 susirgim\u0173 prie\u017eastis, patars kaip j\u0173 i\u0161vengti ir kaip, padedant Mesijui, juos gydyti, nes visi gimstame tur\u0117dami daugyb\u0119 teigiamos ir neigiamos informacijos, kuri yra \u012fra\u0161yta m\u016bs\u0173 viduje. Ji ir nulemia vis\u0105 m\u016bs\u0173 egzistencij\u0105 \u017eem\u0117je. Ir \u0161iais laikais J\u0117zus gydo, tik reikia tvirtai tik\u0117ti Jo gydom\u0105ja galia, nes Dievas yra Meil\u0117.<\/p>\n","protected":false},"featured_media":19512,"comment_status":"open","ping_status":"closed","template":"","meta":{"_acf_changed":false,"site-sidebar-layout":"default","site-content-layout":"","ast-site-content-layout":"default","site-content-style":"default","site-sidebar-style":"default","ast-global-header-display":"","ast-banner-title-visibility":"","ast-main-header-display":"","ast-hfb-above-header-display":"","ast-hfb-below-header-display":"","ast-hfb-mobile-header-display":"","site-post-title":"","ast-breadcrumbs-content":"","ast-featured-img":"","footer-sml-layout":"","ast-disable-related-posts":"","theme-transparent-header-meta":"","adv-header-id-meta":"","stick-header-meta":"","header-above-stick-meta":"","header-main-stick-meta":"","header-below-stick-meta":"","astra-migrate-meta-layouts":"default","ast-page-background-enabled":"default","ast-page-background-meta":{"desktop":{"background-color":"","background-image":"","background-repeat":"repeat","background-position":"center center","background-size":"auto","background-attachment":"scroll","background-type":"","background-media":"","overlay-type":"","overlay-color":"","overlay-opacity":"","overlay-gradient":""},"tablet":{"background-color":"","background-image":"","background-repeat":"repeat","background-position":"center center","background-size":"auto","background-attachment":"scroll","background-type":"","background-media":"","overlay-type":"","overlay-color":"","overlay-opacity":"","overlay-gradient":""},"mobile":{"background-color":"","background-image":"","background-repeat":"repeat","background-position":"center center","background-size":"auto","background-attachment":"scroll","background-type":"","background-media":"","overlay-type":"","overlay-color":"","overlay-opacity":"","overlay-gradient":""}},"ast-content-background-meta":{"desktop":{"background-color":"var(--ast-global-color-4)","background-image":"","background-repeat":"repeat","background-position":"center center","background-size":"auto","background-attachment":"scroll","background-type":"","background-media":"","overlay-type":"","overlay-color":"","overlay-opacity":"","overlay-gradient":""},"tablet":{"background-color":"var(--ast-global-color-4)","background-image":"","background-repeat":"repeat","background-position":"center center","background-size":"auto","background-attachment":"scroll","background-type":"","background-media":"","overlay-type":"","overlay-color":"","overlay-opacity":"","overlay-gradient":""},"mobile":{"background-color":"var(--ast-global-color-4)","background-image":"","background-repeat":"repeat","background-position":"center center","background-size":"auto","background-attachment":"scroll","background-type":"","background-media":"","overlay-type":"","overlay-color":"","overlay-opacity":"","overlay-gradient":""}}},"product_brand":[],"product_cat":[15],"product_tag":[2270,1700,6308,1942,2277,1995],"class_list":{"0":"post-19509","1":"product","2":"type-product","3":"status-publish","4":"has-post-thumbnail","6":"product_cat-uncategorized","7":"product_tag-dvasinis-tobulejimas","8":"product_tag-gydymas","9":"product_tag-jezus","10":"product_tag-krikscionybe","11":"product_tag-religija","12":"product_tag-vidine-ramybe","13":"desktop-align-left","14":"tablet-align-left","15":"mobile-align-left","17":"first","18":"instock","19":"shipping-taxable","20":"purchasable","21":"product-type-simple"},"acf":[],"yoast_head":"<!-- This site is optimized with the Yoast SEO plugin v27.4 - https:\/\/yoast.com\/product\/yoast-seo-wordpress\/ -->\n<title>I\u0161gydyk mane, Vie\u0161patie. J\u0117zus gydo \u0161iandien<\/title>\n<meta name=\"description\" content=\"J\u0117zus prad\u0117jo did\u012f evangelizacijos darb\u0105 gydydamas savo laikme\u010dio ligas. \u0160iais medicinos pa\u017eangos laikais dauguma k\u016bno negali\u0173 yra pagydomos. Ta\u010diau esant\" \/>\n<meta name=\"robots\" content=\"index, follow, max-snippet:-1, max-image-preview:large, max-video-preview:-1\" \/>\n<link rel=\"canonical\" href=\"https:\/\/skaitytaknyga.lt\/en\/produktas\/isgydyk-mane-viespatie-jezus-gydo-siandien\/\" \/>\n<meta property=\"og:locale\" content=\"en_GB\" \/>\n<meta property=\"og:locale:alternate\" content=\"lt_LT\" \/>\n<meta property=\"og:type\" content=\"article\" \/>\n<meta property=\"og:title\" content=\"I\u0161gydyk mane, Vie\u0161patie. J\u0117zus gydo \u0161iandien\" \/>\n<meta property=\"og:description\" content=\"J\u0117zus prad\u0117jo did\u012f evangelizacijos darb\u0105 gydydamas savo laikme\u010dio ligas. \u0160iais medicinos pa\u017eangos laikais dauguma k\u016bno negali\u0173 yra pagydomos. Ta\u010diau esant\" \/>\n<meta property=\"og:url\" content=\"https:\/\/skaitytaknyga.lt\/en\/produktas\/isgydyk-mane-viespatie-jezus-gydo-siandien\/\" \/>\n<meta property=\"og:site_name\" content=\"Skaitytaknyga\" \/>\n<meta property=\"article:publisher\" content=\"https:\/\/www.facebook.com\/skaitytaknyga\/\" \/>\n<meta property=\"article:modified_time\" content=\"2025-07-22T07:11:11+00:00\" \/>\n<meta property=\"og:image\" content=\"https:\/\/skaitytaknyga.lt\/wp-content\/uploads\/2025\/07\/Isgydyk-mane-Viespatie.-Jezus-gydo-siandien.webp\" \/>\n\t<meta property=\"og:image:width\" content=\"502\" \/>\n\t<meta property=\"og:image:height\" content=\"800\" \/>\n\t<meta property=\"og:image:type\" content=\"image\/webp\" \/>\n<meta name=\"twitter:card\" content=\"summary_large_image\" \/>\n<meta name=\"twitter:label1\" content=\"Estimated reading time\" \/>\n\t<meta name=\"twitter:data1\" content=\"1 minute\" \/>\n<script type=\"application\/ld+json\" class=\"yoast-schema-graph\">{\"@context\":\"https:\\\/\\\/schema.org\",\"@graph\":[{\"@type\":\"WebPage\",\"@id\":\"https:\\\/\\\/skaitytaknyga.lt\\\/produktas\\\/isgydyk-mane-viespatie-jezus-gydo-siandien\\\/\",\"url\":\"https:\\\/\\\/skaitytaknyga.lt\\\/produktas\\\/isgydyk-mane-viespatie-jezus-gydo-siandien\\\/\",\"name\":\"I\u0161gydyk mane, Vie\u0161patie. J\u0117zus gydo \u0161iandien\",\"isPartOf\":{\"@id\":\"https:\\\/\\\/skaitytaknyga.lt\\\/#website\"},\"primaryImageOfPage\":{\"@id\":\"https:\\\/\\\/skaitytaknyga.lt\\\/produktas\\\/isgydyk-mane-viespatie-jezus-gydo-siandien\\\/#primaryimage\"},\"image\":{\"@id\":\"https:\\\/\\\/skaitytaknyga.lt\\\/produktas\\\/isgydyk-mane-viespatie-jezus-gydo-siandien\\\/#primaryimage\"},\"thumbnailUrl\":\"https:\\\/\\\/skaitytaknyga.lt\\\/wp-content\\\/uploads\\\/2025\\\/07\\\/Isgydyk-mane-Viespatie.-Jezus-gydo-siandien.webp\",\"datePublished\":\"2025-07-09T07:38:08+00:00\",\"dateModified\":\"2025-07-22T07:11:11+00:00\",\"description\":\"J\u0117zus prad\u0117jo did\u012f evangelizacijos darb\u0105 gydydamas savo laikme\u010dio ligas. \u0160iais medicinos pa\u017eangos laikais dauguma k\u016bno negali\u0173 yra pagydomos. Ta\u010diau esant\",\"breadcrumb\":{\"@id\":\"https:\\\/\\\/skaitytaknyga.lt\\\/produktas\\\/isgydyk-mane-viespatie-jezus-gydo-siandien\\\/#breadcrumb\"},\"inLanguage\":\"en-GB\",\"potentialAction\":[{\"@type\":\"ReadAction\",\"target\":[\"https:\\\/\\\/skaitytaknyga.lt\\\/produktas\\\/isgydyk-mane-viespatie-jezus-gydo-siandien\\\/\"]}]},{\"@type\":\"ImageObject\",\"inLanguage\":\"en-GB\",\"@id\":\"https:\\\/\\\/skaitytaknyga.lt\\\/produktas\\\/isgydyk-mane-viespatie-jezus-gydo-siandien\\\/#primaryimage\",\"url\":\"https:\\\/\\\/skaitytaknyga.lt\\\/wp-content\\\/uploads\\\/2025\\\/07\\\/Isgydyk-mane-Viespatie.-Jezus-gydo-siandien.webp\",\"contentUrl\":\"https:\\\/\\\/skaitytaknyga.lt\\\/wp-content\\\/uploads\\\/2025\\\/07\\\/Isgydyk-mane-Viespatie.-Jezus-gydo-siandien.webp\",\"width\":502,\"height\":800},{\"@type\":\"BreadcrumbList\",\"@id\":\"https:\\\/\\\/skaitytaknyga.lt\\\/produktas\\\/isgydyk-mane-viespatie-jezus-gydo-siandien\\\/#breadcrumb\",\"itemListElement\":[{\"@type\":\"ListItem\",\"position\":1,\"name\":\"Home\",\"item\":\"https:\\\/\\\/skaitytaknyga.lt\\\/\"},{\"@type\":\"ListItem\",\"position\":2,\"name\":\"Parduotuv\u0117\",\"item\":\"https:\\\/\\\/skaitytaknyga.lt\\\/knygu-parduotuve\\\/\"},{\"@type\":\"ListItem\",\"position\":3,\"name\":\"I\u0161gydyk mane, Vie\u0161patie. J\u0117zus gydo \u0161iandien\"}]},{\"@type\":\"WebSite\",\"@id\":\"https:\\\/\\\/skaitytaknyga.lt\\\/#website\",\"url\":\"https:\\\/\\\/skaitytaknyga.lt\\\/\",\"name\":\"skaitytaknyga.lt\",\"description\":\"Skaitytaknyga.lt \u2013 tai ma\u017eas \u0161eimos verslas, kuris prasid\u0117jo nuo meil\u0117s knygoms ir siekio i\u0161gelb\u0117ti knygas nuo likimo prie konteinerio. Kas vienam nereikalingas daiktas \u2013 kitam lobis, o mes esame tarpininkai, kurie padeda abiems tapti laimingesniems ???? \u017dinome kaip nelengva i\u0161gyventi ma\u017eiems verslams, tad nuo \u0161iol, \u010dia rasite ir kit\u0173, ma\u017e\u0173 \u0161eim\u0173 versl\u0173, rank\u0173 darbo, dovan\u0173 sau ir artimiesiems.\",\"publisher\":{\"@id\":\"https:\\\/\\\/skaitytaknyga.lt\\\/#organization\"},\"potentialAction\":[{\"@type\":\"SearchAction\",\"target\":{\"@type\":\"EntryPoint\",\"urlTemplate\":\"https:\\\/\\\/skaitytaknyga.lt\\\/?s={search_term_string}\"},\"query-input\":{\"@type\":\"PropertyValueSpecification\",\"valueRequired\":true,\"valueName\":\"search_term_string\"}}],\"inLanguage\":\"en-GB\"},{\"@type\":\"Organization\",\"@id\":\"https:\\\/\\\/skaitytaknyga.lt\\\/#organization\",\"name\":\"skaitytaknyga.lt\",\"url\":\"https:\\\/\\\/skaitytaknyga.lt\\\/\",\"logo\":{\"@type\":\"ImageObject\",\"inLanguage\":\"en-GB\",\"@id\":\"https:\\\/\\\/skaitytaknyga.lt\\\/#\\\/schema\\\/logo\\\/image\\\/\",\"url\":\"https:\\\/\\\/skaitytaknyga.lt\\\/wp-content\\\/uploads\\\/2024\\\/05\\\/cropped-cropped-cropped-02_00843_jt3bggkj1j3HLc7SyY6rEUpg.jpeg\",\"contentUrl\":\"https:\\\/\\\/skaitytaknyga.lt\\\/wp-content\\\/uploads\\\/2024\\\/05\\\/cropped-cropped-cropped-02_00843_jt3bggkj1j3HLc7SyY6rEUpg.jpeg\",\"width\":1600,\"height\":1600,\"caption\":\"skaitytaknyga.lt\"},\"image\":{\"@id\":\"https:\\\/\\\/skaitytaknyga.lt\\\/#\\\/schema\\\/logo\\\/image\\\/\"},\"sameAs\":[\"https:\\\/\\\/www.facebook.com\\\/skaitytaknyga\\\/\"]}]}<\/script>\n<!-- \/ Yoast SEO plugin. -->","yoast_head_json":{"title":"I\u0161gydyk mane, Vie\u0161patie. J\u0117zus gydo \u0161iandien","description":"J\u0117zus prad\u0117jo did\u012f evangelizacijos darb\u0105 gydydamas savo laikme\u010dio ligas. \u0160iais medicinos pa\u017eangos laikais dauguma k\u016bno negali\u0173 yra pagydomos. Ta\u010diau esant","robots":{"index":"index","follow":"follow","max-snippet":"max-snippet:-1","max-image-preview":"max-image-preview:large","max-video-preview":"max-video-preview:-1"},"canonical":"https:\/\/skaitytaknyga.lt\/en\/produktas\/isgydyk-mane-viespatie-jezus-gydo-siandien\/","og_locale":"en_GB","og_type":"article","og_title":"[:lt]I\u0161gydyk mane, Vie\u0161patie. J\u0117zus gydo \u0161iandien[:] - Skaitytaknyga","og_description":"J\u0117zus prad\u0117jo did\u012f evangelizacijos darb\u0105 gydydamas savo laikme\u010dio ligas. \u0160iais medicinos pa\u017eangos laikais dauguma k\u016bno negali\u0173 yra pagydomos. Ta\u010diau esant","og_url":"https:\/\/skaitytaknyga.lt\/en\/produktas\/isgydyk-mane-viespatie-jezus-gydo-siandien\/","og_site_name":"Skaitytaknyga","article_publisher":"https:\/\/www.facebook.com\/skaitytaknyga\/","article_modified_time":"2025-07-22T07:11:11+00:00","og_image":[{"width":502,"height":800,"url":"https:\/\/skaitytaknyga.lt\/wp-content\/uploads\/2025\/07\/Isgydyk-mane-Viespatie.-Jezus-gydo-siandien.webp","type":"image\/webp"}],"twitter_card":"summary_large_image","twitter_misc":{"Estimated reading time":"1 minute"},"schema":{"@context":"https:\/\/schema.org","@graph":[{"@type":"WebPage","@id":"https:\/\/skaitytaknyga.lt\/produktas\/isgydyk-mane-viespatie-jezus-gydo-siandien\/","url":"https:\/\/skaitytaknyga.lt\/produktas\/isgydyk-mane-viespatie-jezus-gydo-siandien\/","name":"I\u0161gydyk mane, Vie\u0161patie. J\u0117zus gydo \u0161iandien","isPartOf":{"@id":"https:\/\/skaitytaknyga.lt\/#website"},"primaryImageOfPage":{"@id":"https:\/\/skaitytaknyga.lt\/produktas\/isgydyk-mane-viespatie-jezus-gydo-siandien\/#primaryimage"},"image":{"@id":"https:\/\/skaitytaknyga.lt\/produktas\/isgydyk-mane-viespatie-jezus-gydo-siandien\/#primaryimage"},"thumbnailUrl":"https:\/\/skaitytaknyga.lt\/wp-content\/uploads\/2025\/07\/Isgydyk-mane-Viespatie.-Jezus-gydo-siandien.webp","datePublished":"2025-07-09T07:38:08+00:00","dateModified":"2025-07-22T07:11:11+00:00","description":"J\u0117zus prad\u0117jo did\u012f evangelizacijos darb\u0105 gydydamas savo laikme\u010dio ligas. \u0160iais medicinos pa\u017eangos laikais dauguma k\u016bno negali\u0173 yra pagydomos. Ta\u010diau esant","breadcrumb":{"@id":"https:\/\/skaitytaknyga.lt\/produktas\/isgydyk-mane-viespatie-jezus-gydo-siandien\/#breadcrumb"},"inLanguage":"en-GB","potentialAction":[{"@type":"ReadAction","target":["https:\/\/skaitytaknyga.lt\/produktas\/isgydyk-mane-viespatie-jezus-gydo-siandien\/"]}]},{"@type":"ImageObject","inLanguage":"en-GB","@id":"https:\/\/skaitytaknyga.lt\/produktas\/isgydyk-mane-viespatie-jezus-gydo-siandien\/#primaryimage","url":"https:\/\/skaitytaknyga.lt\/wp-content\/uploads\/2025\/07\/Isgydyk-mane-Viespatie.-Jezus-gydo-siandien.webp","contentUrl":"https:\/\/skaitytaknyga.lt\/wp-content\/uploads\/2025\/07\/Isgydyk-mane-Viespatie.-Jezus-gydo-siandien.webp","width":502,"height":800},{"@type":"BreadcrumbList","@id":"https:\/\/skaitytaknyga.lt\/produktas\/isgydyk-mane-viespatie-jezus-gydo-siandien\/#breadcrumb","itemListElement":[{"@type":"ListItem","position":1,"name":"Home","item":"https:\/\/skaitytaknyga.lt\/"},{"@type":"ListItem","position":2,"name":"Parduotuv\u0117","item":"https:\/\/skaitytaknyga.lt\/knygu-parduotuve\/"},{"@type":"ListItem","position":3,"name":"I\u0161gydyk mane, Vie\u0161patie. J\u0117zus gydo \u0161iandien"}]},{"@type":"WebSite","@id":"https:\/\/skaitytaknyga.lt\/#website","url":"https:\/\/skaitytaknyga.lt\/","name":"skaitytaknyga.lt","description":"Skaitytaknyga.lt \u2013 tai ma\u017eas \u0161eimos verslas, kuris prasid\u0117jo nuo meil\u0117s knygoms ir siekio i\u0161gelb\u0117ti knygas nuo likimo prie konteinerio. Kas vienam nereikalingas daiktas \u2013 kitam lobis, o mes esame tarpininkai, kurie padeda abiems tapti laimingesniems ???? \u017dinome kaip nelengva i\u0161gyventi ma\u017eiems verslams, tad nuo \u0161iol, \u010dia rasite ir kit\u0173, ma\u017e\u0173 \u0161eim\u0173 versl\u0173, rank\u0173 darbo, dovan\u0173 sau ir artimiesiems.","publisher":{"@id":"https:\/\/skaitytaknyga.lt\/#organization"},"potentialAction":[{"@type":"SearchAction","target":{"@type":"EntryPoint","urlTemplate":"https:\/\/skaitytaknyga.lt\/?s={search_term_string}"},"query-input":{"@type":"PropertyValueSpecification","valueRequired":true,"valueName":"search_term_string"}}],"inLanguage":"en-GB"},{"@type":"Organization","@id":"https:\/\/skaitytaknyga.lt\/#organization","name":"skaitytaknyga.lt","url":"https:\/\/skaitytaknyga.lt\/","logo":{"@type":"ImageObject","inLanguage":"en-GB","@id":"https:\/\/skaitytaknyga.lt\/#\/schema\/logo\/image\/","url":"https:\/\/skaitytaknyga.lt\/wp-content\/uploads\/2024\/05\/cropped-cropped-cropped-02_00843_jt3bggkj1j3HLc7SyY6rEUpg.jpeg","contentUrl":"https:\/\/skaitytaknyga.lt\/wp-content\/uploads\/2024\/05\/cropped-cropped-cropped-02_00843_jt3bggkj1j3HLc7SyY6rEUpg.jpeg","width":1600,"height":1600,"caption":"skaitytaknyga.lt"},"image":{"@id":"https:\/\/skaitytaknyga.lt\/#\/schema\/logo\/image\/"},"sameAs":["https:\/\/www.facebook.com\/skaitytaknyga\/"]}]}},"_links":{"self":[{"href":"https:\/\/skaitytaknyga.lt\/en\/wp-json\/wp\/v2\/product\/19509","targetHints":{"allow":["GET"]}}],"collection":[{"href":"https:\/\/skaitytaknyga.lt\/en\/wp-json\/wp\/v2\/product"}],"about":[{"href":"https:\/\/skaitytaknyga.lt\/en\/wp-json\/wp\/v2\/types\/product"}],"replies":[{"embeddable":true,"href":"https:\/\/skaitytaknyga.lt\/en\/wp-json\/wp\/v2\/comments?post=19509"}],"wp:featuredmedia":[{"embeddable":true,"href":"https:\/\/skaitytaknyga.lt\/en\/wp-json\/wp\/v2\/media\/19512"}],"wp:attachment":[{"href":"https:\/\/skaitytaknyga.lt\/en\/wp-json\/wp\/v2\/media?parent=19509"}],"wp:term":[{"taxonomy":"product_brand","embeddable":true,"href":"https:\/\/skaitytaknyga.lt\/en\/wp-json\/wp\/v2\/product_brand?post=19509"},{"taxonomy":"product_cat","embeddable":true,"href":"https:\/\/skaitytaknyga.lt\/en\/wp-json\/wp\/v2\/product_cat?post=19509"},{"taxonomy":"product_tag","embeddable":true,"href":"https:\/\/skaitytaknyga.lt\/en\/wp-json\/wp\/v2\/product_tag?post=19509"}],"curies":[{"name":"wp","href":"https:\/\/api.w.org\/{rel}","templated":true}]}}