{"id":19500,"date":"2025-07-08T14:06:24","date_gmt":"2025-07-08T11:06:24","guid":{"rendered":"https:\/\/skaitytaknyga.lt\/?post_type=product&#038;p=19500"},"modified":"2025-07-22T10:11:01","modified_gmt":"2025-07-22T07:11:01","slug":"protas-turi-sirdi-neurolingvistinis-programavimas","status":"publish","type":"product","link":"https:\/\/skaitytaknyga.lt\/en\/produktas\/protas-turi-sirdi-neurolingvistinis-programavimas\/","title":{"rendered":"Protas turi \u0161ird\u012f. Neurolingvistinis programavimas"},"content":{"rendered":"<p>Neurolingvistinis programavimas, arba NLP, yra mokslas, nagrin\u0117jantis proto veikl\u0105 ir pateikiantis ap\u010diuopiam\u0173, kartais \u2013 tiesiog stulbinan\u010di\u0173 rezultat\u0173. NLP si\u016blo veiksmingas priemones, galin\u010dias pad\u0117ti i\u0161spr\u0119sti \u012fvairiausias problemas: atsikratyti \u017ealing\u0173 \u012fpro\u010di\u0173, numal\u0161inti jau\u010diam\u0105 kalt\u0119, sielvart\u0105, g\u0117d\u0105, scenos baim\u0119 ir fobijas, numesti svorio, tinkamai reaguoti \u012f prievart\u0105 ir kritik\u0105. NLP taip pat aptaria b\u016bdus, kaip padidinti pasitik\u0117jim\u0105 savimi, pagerinti santykius su aplinkiniais, tapti labiau nepriklausomu, susikurti teigiam\u0105 motyvacij\u0105, numal\u0161inti alergijas maisto produktams.<\/p>\n<p>Daktar\u0117 Connirae Andreas  ir magistras Steve Andreas yra tarptautiniu mastu pripa\u017einti NLP treneriai ir tyrin\u0117tojai, \u017einom\u0173 knyg\u0173 apie NLP autoriai, \u017eymiausi\u0173 \u0161ios srities veikal\u0173 redaktoriai (Richard Bandler \u201eUsing Your Brain for a CHANGE\u201c; Richard Bandler, John Grinder, \u201eFrogs into Princes\u201c,\u201eRefr aming: Neuro-Linguistic Programming and the transformation of meaning\u201c ir kt.).<\/p>\n<p>Su \u201eNLP Comprehensive\u201c organizacija jie rengia \u012fvairius seminarus ir ruo\u0161ia NLP sertifikatus suteikian\u010dias programas, aktyviai dalyvauja kuriant naujus NLP modelius, toliau studijuoja \u017emoni\u0173, turin\u010di\u0173 nepaprast\u0173 sugeb\u0117jim\u0173, m\u0105stymo procesus, kad gal\u0117t\u0173 sukurti nauj\u0173 \u017emogaus s\u0117km\u0117s siekimo modeli\u0173.<\/p>\n","protected":false},"excerpt":{"rendered":"<p>Neurolingvistinis programavimas, arba NLP, yra mokslas, nagrin\u0117jantis proto veikl\u0105 ir pateikiantis ap\u010diuopiam\u0173, kartais \u2013 tiesiog stulbinan\u010di\u0173 rezultat\u0173. NLP si\u016blo veiksmingas priemones, galin\u010dias pad\u0117ti i\u0161spr\u0119sti \u012fvairiausias problemas: atsikratyti \u017ealing\u0173 \u012fpro\u010di\u0173, numal\u0161inti jau\u010diam\u0105 kalt\u0119, sielvart\u0105, g\u0117d\u0105, scenos baim\u0119 ir fobijas, numesti svorio, tinkamai reaguoti \u012f prievart\u0105 ir kritik\u0105. NLP taip pat aptaria b\u016bdus, kaip padidinti pasitik\u0117jim\u0105 savimi, pagerinti santykius su aplinkiniais, tapti labiau nepriklausomu, susikurti teigiam\u0105 motyvacij\u0105, numal\u0161inti alergijas maisto produktams. Daktar\u0117 Connirae Andreas ir magistras Steve Andreas yra tarptautiniu mastu pripa\u017einti NLP treneriai ir tyrin\u0117tojai, \u017einom\u0173 knyg\u0173 apie NLP autoriai, \u017eymiausi\u0173 \u0161ios srities veikal\u0173 redaktoriai (Richard Bandler \u201eUsing Your Brain for a CHANGE\u201c; Richard Bandler, John Grinder, \u201eFrogs into Princes\u201c,\u201eRefr aming: Neuro-Linguistic Programming and the transformation of meaning\u201c ir kt.). Su \u201eNLP Comprehensive\u201c organizacija jie rengia \u012fvairius seminarus ir ruo\u0161ia NLP sertifikatus suteikian\u010dias programas, aktyviai dalyvauja kuriant naujus NLP modelius, toliau studijuoja \u017emoni\u0173, turin\u010di\u0173 nepaprast\u0173 sugeb\u0117jim\u0173, m\u0105stymo procesus, kad gal\u0117t\u0173 sukurti nauj\u0173 \u017emogaus s\u0117km\u0117s siekimo modeli\u0173.<\/p>\n","protected":false},"featured_media":19507,"comment_status":"open","ping_status":"closed","template":"","meta":{"_acf_changed":false,"site-sidebar-layout":"default","site-content-layout":"","ast-site-content-layout":"default","site-content-style":"default","site-sidebar-style":"default","ast-global-header-display":"","ast-banner-title-visibility":"","ast-main-header-display":"","ast-hfb-above-header-display":"","ast-hfb-below-header-display":"","ast-hfb-mobile-header-display":"","site-post-title":"","ast-breadcrumbs-content":"","ast-featured-img":"","footer-sml-layout":"","ast-disable-related-posts":"","theme-transparent-header-meta":"","adv-header-id-meta":"","stick-header-meta":"","header-above-stick-meta":"","header-main-stick-meta":"","header-below-stick-meta":"","astra-migrate-meta-layouts":"default","ast-page-background-enabled":"default","ast-page-background-meta":{"desktop":{"background-color":"","background-image":"","background-repeat":"repeat","background-position":"center center","background-size":"auto","background-attachment":"scroll","background-type":"","background-media":"","overlay-type":"","overlay-color":"","overlay-opacity":"","overlay-gradient":""},"tablet":{"background-color":"","background-image":"","background-repeat":"repeat","background-position":"center center","background-size":"auto","background-attachment":"scroll","background-type":"","background-media":"","overlay-type":"","overlay-color":"","overlay-opacity":"","overlay-gradient":""},"mobile":{"background-color":"","background-image":"","background-repeat":"repeat","background-position":"center center","background-size":"auto","background-attachment":"scroll","background-type":"","background-media":"","overlay-type":"","overlay-color":"","overlay-opacity":"","overlay-gradient":""}},"ast-content-background-meta":{"desktop":{"background-color":"var(--ast-global-color-4)","background-image":"","background-repeat":"repeat","background-position":"center center","background-size":"auto","background-attachment":"scroll","background-type":"","background-media":"","overlay-type":"","overlay-color":"","overlay-opacity":"","overlay-gradient":""},"tablet":{"background-color":"var(--ast-global-color-4)","background-image":"","background-repeat":"repeat","background-position":"center center","background-size":"auto","background-attachment":"scroll","background-type":"","background-media":"","overlay-type":"","overlay-color":"","overlay-opacity":"","overlay-gradient":""},"mobile":{"background-color":"var(--ast-global-color-4)","background-image":"","background-repeat":"repeat","background-position":"center center","background-size":"auto","background-attachment":"scroll","background-type":"","background-media":"","overlay-type":"","overlay-color":"","overlay-opacity":"","overlay-gradient":""}}},"product_brand":[],"product_cat":[15],"product_tag":[6302,6301,6300,1392,1396,6303],"class_list":{"0":"post-19500","1":"product","2":"type-product","3":"status-publish","4":"has-post-thumbnail","6":"product_cat-uncategorized","7":"product_tag-connirae-andreas","8":"product_tag-neurolingvistinis-programavimas","9":"product_tag-nlp","10":"product_tag-psichologija","11":"product_tag-saviugda","12":"product_tag-steve-andreas","13":"desktop-align-left","14":"tablet-align-left","15":"mobile-align-left","17":"first","18":"instock","19":"shipping-taxable","20":"purchasable","21":"product-type-simple"},"acf":[],"yoast_head":"<!-- This site is optimized with the Yoast SEO plugin v27.0 - https:\/\/yoast.com\/product\/yoast-seo-wordpress\/ -->\n<title>Protas turi \u0161ird\u012f. Neurolingvistinis programavimas<\/title>\n<meta name=\"description\" content=\"Neurolingvistinis programavimas, arba NLP, yra mokslas, nagrin\u0117jantis proto veikl\u0105 ir pateikiantis ap\u010diuopiam\u0173, kartais \u2013 tiesiog stulbinan\u010di\u0173 rezultat\u0173.\" \/>\n<meta name=\"robots\" content=\"index, follow, max-snippet:-1, max-image-preview:large, max-video-preview:-1\" \/>\n<link rel=\"canonical\" href=\"https:\/\/skaitytaknyga.lt\/en\/produktas\/protas-turi-sirdi-neurolingvistinis-programavimas\/\" \/>\n<meta property=\"og:locale\" content=\"en_GB\" \/>\n<meta property=\"og:locale:alternate\" content=\"lt_LT\" \/>\n<meta property=\"og:type\" content=\"article\" \/>\n<meta property=\"og:title\" content=\"Protas turi \u0161ird\u012f. Neurolingvistinis programavimas\" \/>\n<meta property=\"og:description\" content=\"Neurolingvistinis programavimas, arba NLP, yra mokslas, nagrin\u0117jantis proto veikl\u0105 ir pateikiantis ap\u010diuopiam\u0173, kartais \u2013 tiesiog stulbinan\u010di\u0173 rezultat\u0173.\" \/>\n<meta property=\"og:url\" content=\"https:\/\/skaitytaknyga.lt\/en\/produktas\/protas-turi-sirdi-neurolingvistinis-programavimas\/\" \/>\n<meta property=\"og:site_name\" content=\"Skaitytaknyga\" \/>\n<meta property=\"article:publisher\" content=\"https:\/\/www.facebook.com\/skaitytaknyga\/\" \/>\n<meta property=\"article:modified_time\" content=\"2025-07-22T07:11:01+00:00\" \/>\n<meta property=\"og:image\" content=\"https:\/\/skaitytaknyga.lt\/wp-content\/uploads\/2025\/07\/Protas-turi-sirdi.-Neurolingvistinis-programavimas.webp\" \/>\n\t<meta property=\"og:image:width\" content=\"487\" \/>\n\t<meta property=\"og:image:height\" content=\"800\" \/>\n\t<meta property=\"og:image:type\" content=\"image\/webp\" \/>\n<meta name=\"twitter:card\" content=\"summary_large_image\" \/>\n<meta name=\"twitter:label1\" content=\"Estimated reading time\" \/>\n\t<meta name=\"twitter:data1\" content=\"1 minute\" \/>\n<script type=\"application\/ld+json\" class=\"yoast-schema-graph\">{\"@context\":\"https:\/\/schema.org\",\"@graph\":[{\"@type\":\"WebPage\",\"@id\":\"https:\/\/skaitytaknyga.lt\/produktas\/protas-turi-sirdi-neurolingvistinis-programavimas\/\",\"url\":\"https:\/\/skaitytaknyga.lt\/produktas\/protas-turi-sirdi-neurolingvistinis-programavimas\/\",\"name\":\"Protas turi \u0161ird\u012f. Neurolingvistinis programavimas\",\"isPartOf\":{\"@id\":\"https:\/\/skaitytaknyga.lt\/#website\"},\"primaryImageOfPage\":{\"@id\":\"https:\/\/skaitytaknyga.lt\/produktas\/protas-turi-sirdi-neurolingvistinis-programavimas\/#primaryimage\"},\"image\":{\"@id\":\"https:\/\/skaitytaknyga.lt\/produktas\/protas-turi-sirdi-neurolingvistinis-programavimas\/#primaryimage\"},\"thumbnailUrl\":\"https:\/\/skaitytaknyga.lt\/wp-content\/uploads\/2025\/07\/Protas-turi-sirdi.-Neurolingvistinis-programavimas.webp\",\"datePublished\":\"2025-07-08T11:06:24+00:00\",\"dateModified\":\"2025-07-22T07:11:01+00:00\",\"description\":\"Neurolingvistinis programavimas, arba NLP, yra mokslas, nagrin\u0117jantis proto veikl\u0105 ir pateikiantis ap\u010diuopiam\u0173, kartais \u2013 tiesiog stulbinan\u010di\u0173 rezultat\u0173.\",\"breadcrumb\":{\"@id\":\"https:\/\/skaitytaknyga.lt\/produktas\/protas-turi-sirdi-neurolingvistinis-programavimas\/#breadcrumb\"},\"inLanguage\":\"en-GB\",\"potentialAction\":[{\"@type\":\"ReadAction\",\"target\":[\"https:\/\/skaitytaknyga.lt\/produktas\/protas-turi-sirdi-neurolingvistinis-programavimas\/\"]}]},{\"@type\":\"ImageObject\",\"inLanguage\":\"en-GB\",\"@id\":\"https:\/\/skaitytaknyga.lt\/produktas\/protas-turi-sirdi-neurolingvistinis-programavimas\/#primaryimage\",\"url\":\"https:\/\/skaitytaknyga.lt\/wp-content\/uploads\/2025\/07\/Protas-turi-sirdi.-Neurolingvistinis-programavimas.webp\",\"contentUrl\":\"https:\/\/skaitytaknyga.lt\/wp-content\/uploads\/2025\/07\/Protas-turi-sirdi.-Neurolingvistinis-programavimas.webp\",\"width\":487,\"height\":800,\"caption\":\"Protas turi \u0161ird\u012f. Neurolingvistinis programavimas\"},{\"@type\":\"BreadcrumbList\",\"@id\":\"https:\/\/skaitytaknyga.lt\/produktas\/protas-turi-sirdi-neurolingvistinis-programavimas\/#breadcrumb\",\"itemListElement\":[{\"@type\":\"ListItem\",\"position\":1,\"name\":\"Home\",\"item\":\"https:\/\/skaitytaknyga.lt\/\"},{\"@type\":\"ListItem\",\"position\":2,\"name\":\"Parduotuv\u0117\",\"item\":\"https:\/\/skaitytaknyga.lt\/knygu-parduotuve\/\"},{\"@type\":\"ListItem\",\"position\":3,\"name\":\"Protas turi \u0161ird\u012f. Neurolingvistinis programavimas\"}]},{\"@type\":\"WebSite\",\"@id\":\"https:\/\/skaitytaknyga.lt\/#website\",\"url\":\"https:\/\/skaitytaknyga.lt\/\",\"name\":\"skaitytaknyga.lt\",\"description\":\"Skaitytaknyga.lt \u2013 tai ma\u017eas \u0161eimos verslas, kuris prasid\u0117jo nuo meil\u0117s knygoms ir siekio i\u0161gelb\u0117ti knygas nuo likimo prie konteinerio. Kas vienam nereikalingas daiktas \u2013 kitam lobis, o mes esame tarpininkai, kurie padeda abiems tapti laimingesniems ???? \u017dinome kaip nelengva i\u0161gyventi ma\u017eiems verslams, tad nuo \u0161iol, \u010dia rasite ir kit\u0173, ma\u017e\u0173 \u0161eim\u0173 versl\u0173, rank\u0173 darbo, dovan\u0173 sau ir artimiesiems.\",\"publisher\":{\"@id\":\"https:\/\/skaitytaknyga.lt\/#organization\"},\"potentialAction\":[{\"@type\":\"SearchAction\",\"target\":{\"@type\":\"EntryPoint\",\"urlTemplate\":\"https:\/\/skaitytaknyga.lt\/?s={search_term_string}\"},\"query-input\":{\"@type\":\"PropertyValueSpecification\",\"valueRequired\":true,\"valueName\":\"search_term_string\"}}],\"inLanguage\":\"en-GB\"},{\"@type\":\"Organization\",\"@id\":\"https:\/\/skaitytaknyga.lt\/#organization\",\"name\":\"skaitytaknyga.lt\",\"url\":\"https:\/\/skaitytaknyga.lt\/\",\"logo\":{\"@type\":\"ImageObject\",\"inLanguage\":\"en-GB\",\"@id\":\"https:\/\/skaitytaknyga.lt\/#\/schema\/logo\/image\/\",\"url\":\"https:\/\/skaitytaknyga.lt\/wp-content\/uploads\/2024\/05\/cropped-cropped-cropped-02_00843_jt3bggkj1j3HLc7SyY6rEUpg.jpeg\",\"contentUrl\":\"https:\/\/skaitytaknyga.lt\/wp-content\/uploads\/2024\/05\/cropped-cropped-cropped-02_00843_jt3bggkj1j3HLc7SyY6rEUpg.jpeg\",\"width\":1600,\"height\":1600,\"caption\":\"skaitytaknyga.lt\"},\"image\":{\"@id\":\"https:\/\/skaitytaknyga.lt\/#\/schema\/logo\/image\/\"},\"sameAs\":[\"https:\/\/www.facebook.com\/skaitytaknyga\/\"]}]}<\/script>\n<!-- \/ Yoast SEO plugin. -->","yoast_head_json":{"title":"Protas turi \u0161ird\u012f. Neurolingvistinis programavimas","description":"Neurolingvistinis programavimas, arba NLP, yra mokslas, nagrin\u0117jantis proto veikl\u0105 ir pateikiantis ap\u010diuopiam\u0173, kartais \u2013 tiesiog stulbinan\u010di\u0173 rezultat\u0173.","robots":{"index":"index","follow":"follow","max-snippet":"max-snippet:-1","max-image-preview":"max-image-preview:large","max-video-preview":"max-video-preview:-1"},"canonical":"https:\/\/skaitytaknyga.lt\/en\/produktas\/protas-turi-sirdi-neurolingvistinis-programavimas\/","og_locale":"en_GB","og_type":"article","og_title":"[:lt]Protas turi \u0161ird\u012f. Neurolingvistinis programavimas[:] - Skaitytaknyga","og_description":"Neurolingvistinis programavimas, arba NLP, yra mokslas, nagrin\u0117jantis proto veikl\u0105 ir pateikiantis ap\u010diuopiam\u0173, kartais \u2013 tiesiog stulbinan\u010di\u0173 rezultat\u0173.","og_url":"https:\/\/skaitytaknyga.lt\/en\/produktas\/protas-turi-sirdi-neurolingvistinis-programavimas\/","og_site_name":"Skaitytaknyga","article_publisher":"https:\/\/www.facebook.com\/skaitytaknyga\/","article_modified_time":"2025-07-22T07:11:01+00:00","og_image":[{"width":487,"height":800,"url":"https:\/\/skaitytaknyga.lt\/wp-content\/uploads\/2025\/07\/Protas-turi-sirdi.-Neurolingvistinis-programavimas.webp","type":"image\/webp"}],"twitter_card":"summary_large_image","twitter_misc":{"Estimated reading time":"1 minute"},"schema":{"@context":"https:\/\/schema.org","@graph":[{"@type":"WebPage","@id":"https:\/\/skaitytaknyga.lt\/produktas\/protas-turi-sirdi-neurolingvistinis-programavimas\/","url":"https:\/\/skaitytaknyga.lt\/produktas\/protas-turi-sirdi-neurolingvistinis-programavimas\/","name":"Protas turi \u0161ird\u012f. Neurolingvistinis programavimas","isPartOf":{"@id":"https:\/\/skaitytaknyga.lt\/#website"},"primaryImageOfPage":{"@id":"https:\/\/skaitytaknyga.lt\/produktas\/protas-turi-sirdi-neurolingvistinis-programavimas\/#primaryimage"},"image":{"@id":"https:\/\/skaitytaknyga.lt\/produktas\/protas-turi-sirdi-neurolingvistinis-programavimas\/#primaryimage"},"thumbnailUrl":"https:\/\/skaitytaknyga.lt\/wp-content\/uploads\/2025\/07\/Protas-turi-sirdi.-Neurolingvistinis-programavimas.webp","datePublished":"2025-07-08T11:06:24+00:00","dateModified":"2025-07-22T07:11:01+00:00","description":"Neurolingvistinis programavimas, arba NLP, yra mokslas, nagrin\u0117jantis proto veikl\u0105 ir pateikiantis ap\u010diuopiam\u0173, kartais \u2013 tiesiog stulbinan\u010di\u0173 rezultat\u0173.","breadcrumb":{"@id":"https:\/\/skaitytaknyga.lt\/produktas\/protas-turi-sirdi-neurolingvistinis-programavimas\/#breadcrumb"},"inLanguage":"en-GB","potentialAction":[{"@type":"ReadAction","target":["https:\/\/skaitytaknyga.lt\/produktas\/protas-turi-sirdi-neurolingvistinis-programavimas\/"]}]},{"@type":"ImageObject","inLanguage":"en-GB","@id":"https:\/\/skaitytaknyga.lt\/produktas\/protas-turi-sirdi-neurolingvistinis-programavimas\/#primaryimage","url":"https:\/\/skaitytaknyga.lt\/wp-content\/uploads\/2025\/07\/Protas-turi-sirdi.-Neurolingvistinis-programavimas.webp","contentUrl":"https:\/\/skaitytaknyga.lt\/wp-content\/uploads\/2025\/07\/Protas-turi-sirdi.-Neurolingvistinis-programavimas.webp","width":487,"height":800,"caption":"Protas turi \u0161ird\u012f. Neurolingvistinis programavimas"},{"@type":"BreadcrumbList","@id":"https:\/\/skaitytaknyga.lt\/produktas\/protas-turi-sirdi-neurolingvistinis-programavimas\/#breadcrumb","itemListElement":[{"@type":"ListItem","position":1,"name":"Home","item":"https:\/\/skaitytaknyga.lt\/"},{"@type":"ListItem","position":2,"name":"Parduotuv\u0117","item":"https:\/\/skaitytaknyga.lt\/knygu-parduotuve\/"},{"@type":"ListItem","position":3,"name":"Protas turi \u0161ird\u012f. Neurolingvistinis programavimas"}]},{"@type":"WebSite","@id":"https:\/\/skaitytaknyga.lt\/#website","url":"https:\/\/skaitytaknyga.lt\/","name":"skaitytaknyga.lt","description":"Skaitytaknyga.lt \u2013 tai ma\u017eas \u0161eimos verslas, kuris prasid\u0117jo nuo meil\u0117s knygoms ir siekio i\u0161gelb\u0117ti knygas nuo likimo prie konteinerio. Kas vienam nereikalingas daiktas \u2013 kitam lobis, o mes esame tarpininkai, kurie padeda abiems tapti laimingesniems ???? \u017dinome kaip nelengva i\u0161gyventi ma\u017eiems verslams, tad nuo \u0161iol, \u010dia rasite ir kit\u0173, ma\u017e\u0173 \u0161eim\u0173 versl\u0173, rank\u0173 darbo, dovan\u0173 sau ir artimiesiems.","publisher":{"@id":"https:\/\/skaitytaknyga.lt\/#organization"},"potentialAction":[{"@type":"SearchAction","target":{"@type":"EntryPoint","urlTemplate":"https:\/\/skaitytaknyga.lt\/?s={search_term_string}"},"query-input":{"@type":"PropertyValueSpecification","valueRequired":true,"valueName":"search_term_string"}}],"inLanguage":"en-GB"},{"@type":"Organization","@id":"https:\/\/skaitytaknyga.lt\/#organization","name":"skaitytaknyga.lt","url":"https:\/\/skaitytaknyga.lt\/","logo":{"@type":"ImageObject","inLanguage":"en-GB","@id":"https:\/\/skaitytaknyga.lt\/#\/schema\/logo\/image\/","url":"https:\/\/skaitytaknyga.lt\/wp-content\/uploads\/2024\/05\/cropped-cropped-cropped-02_00843_jt3bggkj1j3HLc7SyY6rEUpg.jpeg","contentUrl":"https:\/\/skaitytaknyga.lt\/wp-content\/uploads\/2024\/05\/cropped-cropped-cropped-02_00843_jt3bggkj1j3HLc7SyY6rEUpg.jpeg","width":1600,"height":1600,"caption":"skaitytaknyga.lt"},"image":{"@id":"https:\/\/skaitytaknyga.lt\/#\/schema\/logo\/image\/"},"sameAs":["https:\/\/www.facebook.com\/skaitytaknyga\/"]}]}},"_links":{"self":[{"href":"https:\/\/skaitytaknyga.lt\/en\/wp-json\/wp\/v2\/product\/19500","targetHints":{"allow":["GET"]}}],"collection":[{"href":"https:\/\/skaitytaknyga.lt\/en\/wp-json\/wp\/v2\/product"}],"about":[{"href":"https:\/\/skaitytaknyga.lt\/en\/wp-json\/wp\/v2\/types\/product"}],"replies":[{"embeddable":true,"href":"https:\/\/skaitytaknyga.lt\/en\/wp-json\/wp\/v2\/comments?post=19500"}],"wp:featuredmedia":[{"embeddable":true,"href":"https:\/\/skaitytaknyga.lt\/en\/wp-json\/wp\/v2\/media\/19507"}],"wp:attachment":[{"href":"https:\/\/skaitytaknyga.lt\/en\/wp-json\/wp\/v2\/media?parent=19500"}],"wp:term":[{"taxonomy":"product_brand","embeddable":true,"href":"https:\/\/skaitytaknyga.lt\/en\/wp-json\/wp\/v2\/product_brand?post=19500"},{"taxonomy":"product_cat","embeddable":true,"href":"https:\/\/skaitytaknyga.lt\/en\/wp-json\/wp\/v2\/product_cat?post=19500"},{"taxonomy":"product_tag","embeddable":true,"href":"https:\/\/skaitytaknyga.lt\/en\/wp-json\/wp\/v2\/product_tag?post=19500"}],"curies":[{"name":"wp","href":"https:\/\/api.w.org\/{rel}","templated":true}]}}