{"id":19491,"date":"2025-07-08T14:02:37","date_gmt":"2025-07-08T11:02:37","guid":{"rendered":"https:\/\/skaitytaknyga.lt\/?post_type=product&#038;p=19491"},"modified":"2025-07-22T10:11:01","modified_gmt":"2025-07-22T07:11:01","slug":"soklys","status":"publish","type":"product","link":"https:\/\/skaitytaknyga.lt\/en\/produktas\/soklys\/","title":{"rendered":"\u0160oklys"},"content":{"rendered":"<p>Bet kur&#8230; Bet kada&#8230; Akimirksniu&#8230;<\/p>\n<p>Pirm\u0105 kart\u0105 taip nutiko, kai Grifinui O&#8217;Koneriui tebuvo penkeri. Pa\u0161oko nustebusios turist\u0173 minios akyse ir dingo kaip \u012f vanden\u012f. \u0160eimai teko visam laikui palikti Anglij\u0105. Kai esi \u0161oklys, nieko n\u0117ra blogiau kaip \u0161okti kitiems matant. Ta\u010diau Grifinas vis d\u0117lto sulau\u017e\u0117 taisykles. Stryktel\u0117jo nor\u0117damas apsisaugoti nuo mu\u0161eikos mokykloje ir atsid\u016br\u0117 toliau nei reik\u0117jo. T\u0105 pa\u010di\u0105 nakt\u012f Grifin\u0105 susirado Jie.<\/p>\n<p>Dar n\u0117 nei\u0161au\u0161us berniuko t\u0117vai gul\u0117jo nebegyvi, o jis pats su\u017eeistas pl\u016bdo krauju Kalifornijos dykumoje, tolim\u0173j\u0173 ir \u017emoni\u0173 nelankomoje vietoje. J\u012f nuolat persekios d\u0117l jo ne\u012ftik\u0117tin\u0173 geb\u0117jim\u0173. Iki tos lemtingos nakties j\u012f steng\u0117si apsaugoti t\u0117vai, bet dabar Grifinas liko vienas kaip pir\u0161tas. Tik sugeb\u0117jimas teleportuotis gelbsti ir teikia vilties i\u0161gyventi&#8230; Ta\u010diau prie\u0161ai gali pajusti kiekvien\u0105 Grifino \u0161uol\u012f.<\/p>\n","protected":false},"excerpt":{"rendered":"<p>Bet kur&#8230; Bet kada&#8230; Akimirksniu&#8230; Pirm\u0105 kart\u0105 taip nutiko, kai Grifinui O&#8217;Koneriui tebuvo penkeri. Pa\u0161oko nustebusios turist\u0173 minios akyse ir dingo kaip \u012f vanden\u012f. \u0160eimai teko visam laikui palikti Anglij\u0105. Kai esi \u0161oklys, nieko n\u0117ra blogiau kaip \u0161okti kitiems matant. Ta\u010diau Grifinas vis d\u0117lto sulau\u017e\u0117 taisykles. Stryktel\u0117jo nor\u0117damas apsisaugoti nuo mu\u0161eikos mokykloje ir atsid\u016br\u0117 toliau nei reik\u0117jo. T\u0105 pa\u010di\u0105 nakt\u012f Grifin\u0105 susirado Jie. Dar n\u0117 nei\u0161au\u0161us berniuko t\u0117vai gul\u0117jo nebegyvi, o jis pats su\u017eeistas pl\u016bdo krauju Kalifornijos dykumoje, tolim\u0173j\u0173 ir \u017emoni\u0173 nelankomoje vietoje. J\u012f nuolat persekios d\u0117l jo ne\u012ftik\u0117tin\u0173 geb\u0117jim\u0173. Iki tos lemtingos nakties j\u012f steng\u0117si apsaugoti t\u0117vai, bet dabar Grifinas liko vienas kaip pir\u0161tas. Tik sugeb\u0117jimas teleportuotis gelbsti ir teikia vilties i\u0161gyventi&#8230; Ta\u010diau prie\u0161ai gali pajusti kiekvien\u0105 Grifino \u0161uol\u012f.<\/p>\n","protected":false},"featured_media":19496,"comment_status":"open","ping_status":"closed","template":"","meta":{"_acf_changed":false,"site-sidebar-layout":"default","site-content-layout":"","ast-site-content-layout":"default","site-content-style":"default","site-sidebar-style":"default","ast-global-header-display":"","ast-banner-title-visibility":"","ast-main-header-display":"","ast-hfb-above-header-display":"","ast-hfb-below-header-display":"","ast-hfb-mobile-header-display":"","site-post-title":"","ast-breadcrumbs-content":"","ast-featured-img":"","footer-sml-layout":"","ast-disable-related-posts":"","theme-transparent-header-meta":"","adv-header-id-meta":"","stick-header-meta":"","header-above-stick-meta":"","header-main-stick-meta":"","header-below-stick-meta":"","astra-migrate-meta-layouts":"default","ast-page-background-enabled":"default","ast-page-background-meta":{"desktop":{"background-color":"","background-image":"","background-repeat":"repeat","background-position":"center center","background-size":"auto","background-attachment":"scroll","background-type":"","background-media":"","overlay-type":"","overlay-color":"","overlay-opacity":"","overlay-gradient":""},"tablet":{"background-color":"","background-image":"","background-repeat":"repeat","background-position":"center center","background-size":"auto","background-attachment":"scroll","background-type":"","background-media":"","overlay-type":"","overlay-color":"","overlay-opacity":"","overlay-gradient":""},"mobile":{"background-color":"","background-image":"","background-repeat":"repeat","background-position":"center center","background-size":"auto","background-attachment":"scroll","background-type":"","background-media":"","overlay-type":"","overlay-color":"","overlay-opacity":"","overlay-gradient":""}},"ast-content-background-meta":{"desktop":{"background-color":"var(--ast-global-color-4)","background-image":"","background-repeat":"repeat","background-position":"center center","background-size":"auto","background-attachment":"scroll","background-type":"","background-media":"","overlay-type":"","overlay-color":"","overlay-opacity":"","overlay-gradient":""},"tablet":{"background-color":"var(--ast-global-color-4)","background-image":"","background-repeat":"repeat","background-position":"center center","background-size":"auto","background-attachment":"scroll","background-type":"","background-media":"","overlay-type":"","overlay-color":"","overlay-opacity":"","overlay-gradient":""},"mobile":{"background-color":"var(--ast-global-color-4)","background-image":"","background-repeat":"repeat","background-position":"center center","background-size":"auto","background-attachment":"scroll","background-type":"","background-media":"","overlay-type":"","overlay-color":"","overlay-opacity":"","overlay-gradient":""}}},"product_brand":[],"product_cat":[15],"product_tag":[1504,1451,4046,6289,1620],"class_list":{"0":"post-19491","1":"product","2":"type-product","3":"status-publish","4":"has-post-thumbnail","6":"product_cat-uncategorized","7":"product_tag-fantastika","8":"product_tag-nuotykiai","9":"product_tag-paaugliams","10":"product_tag-steven-gould","11":"product_tag-teleportacija","12":"desktop-align-left","13":"tablet-align-left","14":"mobile-align-left","16":"first","17":"instock","18":"shipping-taxable","19":"purchasable","20":"product-type-simple"},"acf":[],"yoast_head":"<!-- This site is optimized with the Yoast SEO plugin v27.0 - https:\/\/yoast.com\/product\/yoast-seo-wordpress\/ -->\n<title>\u0160oklys<\/title>\n<meta name=\"description\" content=\"Bet kur... Bet kada... Akimirksniu... Pirm\u0105 kart\u0105 taip nutiko, kai Grifinui O&#039;Koneriui tebuvo penkeri. Pa\u0161oko nustebusios turist\u0173 minios akyse ir dingo\" \/>\n<meta name=\"robots\" content=\"index, follow, max-snippet:-1, max-image-preview:large, max-video-preview:-1\" \/>\n<link rel=\"canonical\" href=\"https:\/\/skaitytaknyga.lt\/en\/produktas\/soklys\/\" \/>\n<meta property=\"og:locale\" content=\"en_GB\" \/>\n<meta property=\"og:locale:alternate\" content=\"lt_LT\" \/>\n<meta property=\"og:type\" content=\"article\" \/>\n<meta property=\"og:title\" content=\"\u0160oklys\" \/>\n<meta property=\"og:description\" content=\"Bet kur... Bet kada... Akimirksniu... Pirm\u0105 kart\u0105 taip nutiko, kai Grifinui O&#039;Koneriui tebuvo penkeri. Pa\u0161oko nustebusios turist\u0173 minios akyse ir dingo\" \/>\n<meta property=\"og:url\" content=\"https:\/\/skaitytaknyga.lt\/en\/produktas\/soklys\/\" \/>\n<meta property=\"og:site_name\" content=\"Skaitytaknyga\" \/>\n<meta property=\"article:publisher\" content=\"https:\/\/www.facebook.com\/skaitytaknyga\/\" \/>\n<meta property=\"article:modified_time\" content=\"2025-07-22T07:11:01+00:00\" \/>\n<meta property=\"og:image\" content=\"https:\/\/skaitytaknyga.lt\/wp-content\/uploads\/2025\/07\/Soklys.webp\" \/>\n\t<meta property=\"og:image:width\" content=\"565\" \/>\n\t<meta property=\"og:image:height\" content=\"801\" \/>\n\t<meta property=\"og:image:type\" content=\"image\/webp\" \/>\n<meta name=\"twitter:card\" content=\"summary_large_image\" \/>\n<meta name=\"twitter:label1\" content=\"Estimated reading time\" \/>\n\t<meta name=\"twitter:data1\" content=\"1 minute\" \/>\n<script type=\"application\/ld+json\" class=\"yoast-schema-graph\">{\"@context\":\"https:\/\/schema.org\",\"@graph\":[{\"@type\":\"WebPage\",\"@id\":\"https:\/\/skaitytaknyga.lt\/produktas\/soklys\/\",\"url\":\"https:\/\/skaitytaknyga.lt\/produktas\/soklys\/\",\"name\":\"\u0160oklys\",\"isPartOf\":{\"@id\":\"https:\/\/skaitytaknyga.lt\/#website\"},\"primaryImageOfPage\":{\"@id\":\"https:\/\/skaitytaknyga.lt\/produktas\/soklys\/#primaryimage\"},\"image\":{\"@id\":\"https:\/\/skaitytaknyga.lt\/produktas\/soklys\/#primaryimage\"},\"thumbnailUrl\":\"https:\/\/skaitytaknyga.lt\/wp-content\/uploads\/2025\/07\/Soklys.webp\",\"datePublished\":\"2025-07-08T11:02:37+00:00\",\"dateModified\":\"2025-07-22T07:11:01+00:00\",\"description\":\"Bet kur... Bet kada... Akimirksniu... Pirm\u0105 kart\u0105 taip nutiko, kai Grifinui O'Koneriui tebuvo penkeri. Pa\u0161oko nustebusios turist\u0173 minios akyse ir dingo\",\"breadcrumb\":{\"@id\":\"https:\/\/skaitytaknyga.lt\/produktas\/soklys\/#breadcrumb\"},\"inLanguage\":\"en-GB\",\"potentialAction\":[{\"@type\":\"ReadAction\",\"target\":[\"https:\/\/skaitytaknyga.lt\/produktas\/soklys\/\"]}]},{\"@type\":\"ImageObject\",\"inLanguage\":\"en-GB\",\"@id\":\"https:\/\/skaitytaknyga.lt\/produktas\/soklys\/#primaryimage\",\"url\":\"https:\/\/skaitytaknyga.lt\/wp-content\/uploads\/2025\/07\/Soklys.webp\",\"contentUrl\":\"https:\/\/skaitytaknyga.lt\/wp-content\/uploads\/2025\/07\/Soklys.webp\",\"width\":565,\"height\":801},{\"@type\":\"BreadcrumbList\",\"@id\":\"https:\/\/skaitytaknyga.lt\/produktas\/soklys\/#breadcrumb\",\"itemListElement\":[{\"@type\":\"ListItem\",\"position\":1,\"name\":\"Home\",\"item\":\"https:\/\/skaitytaknyga.lt\/\"},{\"@type\":\"ListItem\",\"position\":2,\"name\":\"Parduotuv\u0117\",\"item\":\"https:\/\/skaitytaknyga.lt\/knygu-parduotuve\/\"},{\"@type\":\"ListItem\",\"position\":3,\"name\":\"\u0160oklys\"}]},{\"@type\":\"WebSite\",\"@id\":\"https:\/\/skaitytaknyga.lt\/#website\",\"url\":\"https:\/\/skaitytaknyga.lt\/\",\"name\":\"skaitytaknyga.lt\",\"description\":\"Skaitytaknyga.lt \u2013 tai ma\u017eas \u0161eimos verslas, kuris prasid\u0117jo nuo meil\u0117s knygoms ir siekio i\u0161gelb\u0117ti knygas nuo likimo prie konteinerio. Kas vienam nereikalingas daiktas \u2013 kitam lobis, o mes esame tarpininkai, kurie padeda abiems tapti laimingesniems ???? \u017dinome kaip nelengva i\u0161gyventi ma\u017eiems verslams, tad nuo \u0161iol, \u010dia rasite ir kit\u0173, ma\u017e\u0173 \u0161eim\u0173 versl\u0173, rank\u0173 darbo, dovan\u0173 sau ir artimiesiems.\",\"publisher\":{\"@id\":\"https:\/\/skaitytaknyga.lt\/#organization\"},\"potentialAction\":[{\"@type\":\"SearchAction\",\"target\":{\"@type\":\"EntryPoint\",\"urlTemplate\":\"https:\/\/skaitytaknyga.lt\/?s={search_term_string}\"},\"query-input\":{\"@type\":\"PropertyValueSpecification\",\"valueRequired\":true,\"valueName\":\"search_term_string\"}}],\"inLanguage\":\"en-GB\"},{\"@type\":\"Organization\",\"@id\":\"https:\/\/skaitytaknyga.lt\/#organization\",\"name\":\"skaitytaknyga.lt\",\"url\":\"https:\/\/skaitytaknyga.lt\/\",\"logo\":{\"@type\":\"ImageObject\",\"inLanguage\":\"en-GB\",\"@id\":\"https:\/\/skaitytaknyga.lt\/#\/schema\/logo\/image\/\",\"url\":\"https:\/\/skaitytaknyga.lt\/wp-content\/uploads\/2024\/05\/cropped-cropped-cropped-02_00843_jt3bggkj1j3HLc7SyY6rEUpg.jpeg\",\"contentUrl\":\"https:\/\/skaitytaknyga.lt\/wp-content\/uploads\/2024\/05\/cropped-cropped-cropped-02_00843_jt3bggkj1j3HLc7SyY6rEUpg.jpeg\",\"width\":1600,\"height\":1600,\"caption\":\"skaitytaknyga.lt\"},\"image\":{\"@id\":\"https:\/\/skaitytaknyga.lt\/#\/schema\/logo\/image\/\"},\"sameAs\":[\"https:\/\/www.facebook.com\/skaitytaknyga\/\"]}]}<\/script>\n<!-- \/ Yoast SEO plugin. -->","yoast_head_json":{"title":"\u0160oklys","description":"Bet kur... Bet kada... Akimirksniu... Pirm\u0105 kart\u0105 taip nutiko, kai Grifinui O'Koneriui tebuvo penkeri. Pa\u0161oko nustebusios turist\u0173 minios akyse ir dingo","robots":{"index":"index","follow":"follow","max-snippet":"max-snippet:-1","max-image-preview":"max-image-preview:large","max-video-preview":"max-video-preview:-1"},"canonical":"https:\/\/skaitytaknyga.lt\/en\/produktas\/soklys\/","og_locale":"en_GB","og_type":"article","og_title":"[:lt]\u0160oklys[:] - Skaitytaknyga","og_description":"Bet kur... Bet kada... Akimirksniu... Pirm\u0105 kart\u0105 taip nutiko, kai Grifinui O'Koneriui tebuvo penkeri. Pa\u0161oko nustebusios turist\u0173 minios akyse ir dingo","og_url":"https:\/\/skaitytaknyga.lt\/en\/produktas\/soklys\/","og_site_name":"Skaitytaknyga","article_publisher":"https:\/\/www.facebook.com\/skaitytaknyga\/","article_modified_time":"2025-07-22T07:11:01+00:00","og_image":[{"width":565,"height":801,"url":"https:\/\/skaitytaknyga.lt\/wp-content\/uploads\/2025\/07\/Soklys.webp","type":"image\/webp"}],"twitter_card":"summary_large_image","twitter_misc":{"Estimated reading time":"1 minute"},"schema":{"@context":"https:\/\/schema.org","@graph":[{"@type":"WebPage","@id":"https:\/\/skaitytaknyga.lt\/produktas\/soklys\/","url":"https:\/\/skaitytaknyga.lt\/produktas\/soklys\/","name":"\u0160oklys","isPartOf":{"@id":"https:\/\/skaitytaknyga.lt\/#website"},"primaryImageOfPage":{"@id":"https:\/\/skaitytaknyga.lt\/produktas\/soklys\/#primaryimage"},"image":{"@id":"https:\/\/skaitytaknyga.lt\/produktas\/soklys\/#primaryimage"},"thumbnailUrl":"https:\/\/skaitytaknyga.lt\/wp-content\/uploads\/2025\/07\/Soklys.webp","datePublished":"2025-07-08T11:02:37+00:00","dateModified":"2025-07-22T07:11:01+00:00","description":"Bet kur... Bet kada... Akimirksniu... Pirm\u0105 kart\u0105 taip nutiko, kai Grifinui O'Koneriui tebuvo penkeri. Pa\u0161oko nustebusios turist\u0173 minios akyse ir dingo","breadcrumb":{"@id":"https:\/\/skaitytaknyga.lt\/produktas\/soklys\/#breadcrumb"},"inLanguage":"en-GB","potentialAction":[{"@type":"ReadAction","target":["https:\/\/skaitytaknyga.lt\/produktas\/soklys\/"]}]},{"@type":"ImageObject","inLanguage":"en-GB","@id":"https:\/\/skaitytaknyga.lt\/produktas\/soklys\/#primaryimage","url":"https:\/\/skaitytaknyga.lt\/wp-content\/uploads\/2025\/07\/Soklys.webp","contentUrl":"https:\/\/skaitytaknyga.lt\/wp-content\/uploads\/2025\/07\/Soklys.webp","width":565,"height":801},{"@type":"BreadcrumbList","@id":"https:\/\/skaitytaknyga.lt\/produktas\/soklys\/#breadcrumb","itemListElement":[{"@type":"ListItem","position":1,"name":"Home","item":"https:\/\/skaitytaknyga.lt\/"},{"@type":"ListItem","position":2,"name":"Parduotuv\u0117","item":"https:\/\/skaitytaknyga.lt\/knygu-parduotuve\/"},{"@type":"ListItem","position":3,"name":"\u0160oklys"}]},{"@type":"WebSite","@id":"https:\/\/skaitytaknyga.lt\/#website","url":"https:\/\/skaitytaknyga.lt\/","name":"skaitytaknyga.lt","description":"Skaitytaknyga.lt \u2013 tai ma\u017eas \u0161eimos verslas, kuris prasid\u0117jo nuo meil\u0117s knygoms ir siekio i\u0161gelb\u0117ti knygas nuo likimo prie konteinerio. Kas vienam nereikalingas daiktas \u2013 kitam lobis, o mes esame tarpininkai, kurie padeda abiems tapti laimingesniems ???? \u017dinome kaip nelengva i\u0161gyventi ma\u017eiems verslams, tad nuo \u0161iol, \u010dia rasite ir kit\u0173, ma\u017e\u0173 \u0161eim\u0173 versl\u0173, rank\u0173 darbo, dovan\u0173 sau ir artimiesiems.","publisher":{"@id":"https:\/\/skaitytaknyga.lt\/#organization"},"potentialAction":[{"@type":"SearchAction","target":{"@type":"EntryPoint","urlTemplate":"https:\/\/skaitytaknyga.lt\/?s={search_term_string}"},"query-input":{"@type":"PropertyValueSpecification","valueRequired":true,"valueName":"search_term_string"}}],"inLanguage":"en-GB"},{"@type":"Organization","@id":"https:\/\/skaitytaknyga.lt\/#organization","name":"skaitytaknyga.lt","url":"https:\/\/skaitytaknyga.lt\/","logo":{"@type":"ImageObject","inLanguage":"en-GB","@id":"https:\/\/skaitytaknyga.lt\/#\/schema\/logo\/image\/","url":"https:\/\/skaitytaknyga.lt\/wp-content\/uploads\/2024\/05\/cropped-cropped-cropped-02_00843_jt3bggkj1j3HLc7SyY6rEUpg.jpeg","contentUrl":"https:\/\/skaitytaknyga.lt\/wp-content\/uploads\/2024\/05\/cropped-cropped-cropped-02_00843_jt3bggkj1j3HLc7SyY6rEUpg.jpeg","width":1600,"height":1600,"caption":"skaitytaknyga.lt"},"image":{"@id":"https:\/\/skaitytaknyga.lt\/#\/schema\/logo\/image\/"},"sameAs":["https:\/\/www.facebook.com\/skaitytaknyga\/"]}]}},"_links":{"self":[{"href":"https:\/\/skaitytaknyga.lt\/en\/wp-json\/wp\/v2\/product\/19491","targetHints":{"allow":["GET"]}}],"collection":[{"href":"https:\/\/skaitytaknyga.lt\/en\/wp-json\/wp\/v2\/product"}],"about":[{"href":"https:\/\/skaitytaknyga.lt\/en\/wp-json\/wp\/v2\/types\/product"}],"replies":[{"embeddable":true,"href":"https:\/\/skaitytaknyga.lt\/en\/wp-json\/wp\/v2\/comments?post=19491"}],"wp:featuredmedia":[{"embeddable":true,"href":"https:\/\/skaitytaknyga.lt\/en\/wp-json\/wp\/v2\/media\/19496"}],"wp:attachment":[{"href":"https:\/\/skaitytaknyga.lt\/en\/wp-json\/wp\/v2\/media?parent=19491"}],"wp:term":[{"taxonomy":"product_brand","embeddable":true,"href":"https:\/\/skaitytaknyga.lt\/en\/wp-json\/wp\/v2\/product_brand?post=19491"},{"taxonomy":"product_cat","embeddable":true,"href":"https:\/\/skaitytaknyga.lt\/en\/wp-json\/wp\/v2\/product_cat?post=19491"},{"taxonomy":"product_tag","embeddable":true,"href":"https:\/\/skaitytaknyga.lt\/en\/wp-json\/wp\/v2\/product_tag?post=19491"}],"curies":[{"name":"wp","href":"https:\/\/api.w.org\/{rel}","templated":true}]}}