{"id":19481,"date":"2025-07-08T13:50:47","date_gmt":"2025-07-08T10:50:47","guid":{"rendered":"https:\/\/skaitytaknyga.lt\/?post_type=product&#038;p=19481"},"modified":"2025-07-22T10:10:50","modified_gmt":"2025-07-22T07:10:50","slug":"prarastosios-lietuvos-pedsaku-beieskant","status":"publish","type":"product","link":"https:\/\/skaitytaknyga.lt\/en\/produktas\/prarastosios-lietuvos-pedsaku-beieskant\/","title":{"rendered":"Prarastosios Lietuvos p\u0117dsak\u0173 beie\u0161kant"},"content":{"rendered":"<p>TURINYS<br \/>\nVidmantas Jankauskas Povilas R\u0117klaitis ir jo darbai;<br \/>\nDAIL\u0116S IR ARCHITEKT\u016aROS ISTORIJA<br \/>\nMoksliniai darbai apie viduram\u017ei\u0173 m\u016bro architekt\u016br\u0105 Lietuvoje;<br \/>\nGotikos architekt\u016bros rytin\u0117 riba ir Lietuva;<br \/>\nKeturi Vilniaus katedros paveikslai;<br \/>\nM\u0117ginimai atsp\u0117ti \u0160v. Onos ba\u017eny\u010dios Vilniuje architekt\u0105;<br \/>\nNarvos-Ivangorodo pilis ir jos architekto lietuvio klausimas;<br \/>\nGotikinio perk\u016bno namo Kaune kilm\u0117s klausimas;<br \/>\n\u0160v. Kazimiero koply\u010dia Vilniuje;<br \/>\nPetras Danckersas de Rij Vilniaus meno istorijoje;<br \/>\nMykolas Arkangelas Palloni. Ital\u0173 freskininkas Lietuvoje XVII a;<br \/>\nPrie \u0161v. Kazimiero ikonografijos. Pagrindiniai ir nauji duomenys;<br \/>\n\u0160ventasis Kazimieras karys. \u0160v. Kazimiero militariniai paveikslai;<br \/>\n\u0160v. Kazimiero paveikslo Vidukl\u0117s ba\u017eny\u010dioje ikonografin\u0117 kilm\u0117;<br \/>\nLietuvos gyventoj\u0173 tipai XVI a. grafikoje: Adelhauser-Heldt-Vecellio;<br \/>\nNe\u017einomas XVII am\u017eiaus vario rai\u017einys su lietuvi\u0161ku u\u017era\u0161;<br \/>\nDu Vilniaus vaizdai XVI-XIX am\u017ei\u0173 grafikoje;<br \/>\nAugsburgas, jo grafikai Lietuvos temomis XVII am\u017eiuje;<br \/>\nLietuvos Brastos 1657 met\u0173 apgulimo vaizdas ir jo autorius \u0161ved\u0173 mar\u0161alas Erik Dahlbergh;<br \/>\nTrys Radvilos: j\u0173 \u0161arvai, buv\u0119 Ambraso pilyje Tirolyje;<br \/>\nVargon\u0173 dirb\u0117jai ir vargonai Lietuvoje XVIII-XIX a.;<br \/>\nKeistenyb\u0117s Lietuvos ikonografijos senov\u0117je;<br \/>\nLietuvos pranci\u0161kon\u0173 &#8211; bernardin\u0173 meno istorijos programa XVIII am\u017eiaus \u201eProvincia Lituana&#8221; \u017eem\u0117lapio perspektyvoje;<br \/>\nMintaujos vario rai\u017eytojas Samuelis Gottlobas K\u016btneris ir jo \u201eKaraliaus Stanislovo Augusto Poniatovskio 1784 met\u0173 portretas&#8221;;<br \/>\nChristian Wilhem von Faber du Faur ir jo 1812 met\u0173 karo veiksm\u0173 Lietuvoje vaizdai;<br \/>\nPasitraukimas per Lietuv\u0105. Paskutiniai Christian Wilhem von Faber du Faur 1812 met\u0173 karo \u017eygio vaizdai Lietuvoje;<br \/>\nLietuvio valstie\u010dio Ma\u017eojoje Lietuvoje ikonografija;<br \/>\nLikimo pakirstas talentas \u2014 Aleksandras Pilsudskis (1836\u20141866);<br \/>\nPirmoji lietuvi\u0161ka iliustruota knyga vaikams;<br \/>\nFidus &#8211; Vyd\u016bno iliustratorius;<br \/>\nAlbertas Ves\u010di\u016bnas. Jo tapybos ir pie\u0161ini\u0173 parod\u0173 Europoje proga;<br \/>\n\u017dibuntas Mik\u0161ys;<br \/>\nPranas Gailius;<br \/>\nKARTOGRAFIJA<br \/>\nLietuvos senoji kartografija;<br \/>\nDu Kasparo Hennenbergerio senosios Pr\u016bsijos \u017eem\u0117lapiai;<br \/>\nMa\u017eosios Lietuvos kartografijos prad\u017eia XVII-XVIII am\u017ei\u0173 s\u0105vartoje;<br \/>\nMa\u017eoji Lietuva ir jos pasienis Pr\u016bsijos karin\u0117je kartografijoje &#8211; XVIII am\u017e. pabaigoje;<br \/>\nLietuvos lietuvi\u0161kosios kartografijos prad\u017eia: 1898\u20141917;<br \/>\nKULT\u016aROS ISTORIJA<br \/>\nLietuvyb\u0117s p\u0117dsakai Karaliau\u010diuje XVI\u2014XIX am\u017eiuose;<br \/>\nDokumentai apie K. Donelai\u010dio prot\u0117v\u012f;<br \/>\nMa\u017eosios Lietuvos drag\u016bn\u0173 pulkas;<br \/>\nLietuvos studentai Marburge XVII ir XVIII am\u017eiuose;<br \/>\nPirmoji Vilniaus universiteto istorija ir jos autorius j\u0117zuitas J. A. Preuschhoffas;<br \/>\nAntanas Tamo\u0161ius Bukota &#8211; lietuvis filosofas, Pary\u017eiuje mir\u0119s prie\u0161 \u0161imt\u0105 met\u0173;<br \/>\nSusitikimas su Vyd\u016bnu Til\u017e\u0117je;<br \/>\nP. R\u0117klai\u010dio bibliografija<\/p>\n","protected":false},"excerpt":{"rendered":"<p>TURINYS Vidmantas Jankauskas Povilas R\u0117klaitis ir jo darbai; DAIL\u0116S IR ARCHITEKT\u016aROS ISTORIJA Moksliniai darbai apie viduram\u017ei\u0173 m\u016bro architekt\u016br\u0105 Lietuvoje; Gotikos architekt\u016bros rytin\u0117 riba ir Lietuva; Keturi Vilniaus katedros paveikslai; M\u0117ginimai atsp\u0117ti \u0160v. Onos ba\u017eny\u010dios Vilniuje architekt\u0105; Narvos-Ivangorodo pilis ir jos architekto lietuvio klausimas; Gotikinio perk\u016bno namo Kaune kilm\u0117s klausimas; \u0160v. Kazimiero koply\u010dia Vilniuje; Petras Danckersas de Rij Vilniaus meno istorijoje; Mykolas Arkangelas Palloni. Ital\u0173 freskininkas Lietuvoje XVII a; Prie \u0161v. Kazimiero ikonografijos. Pagrindiniai ir nauji duomenys; \u0160ventasis Kazimieras karys. \u0160v. Kazimiero militariniai paveikslai; \u0160v. Kazimiero paveikslo Vidukl\u0117s ba\u017eny\u010dioje ikonografin\u0117 kilm\u0117; Lietuvos gyventoj\u0173 tipai XVI a. grafikoje: Adelhauser-Heldt-Vecellio; Ne\u017einomas XVII am\u017eiaus vario rai\u017einys su lietuvi\u0161ku u\u017era\u0161; Du Vilniaus vaizdai XVI-XIX am\u017ei\u0173 grafikoje; Augsburgas, jo grafikai Lietuvos temomis XVII am\u017eiuje; Lietuvos Brastos 1657 met\u0173 apgulimo vaizdas ir jo autorius \u0161ved\u0173 mar\u0161alas Erik Dahlbergh; Trys Radvilos: j\u0173 \u0161arvai, buv\u0119 Ambraso pilyje Tirolyje; Vargon\u0173 dirb\u0117jai ir vargonai Lietuvoje XVIII-XIX a.; Keistenyb\u0117s Lietuvos ikonografijos senov\u0117je; Lietuvos pranci\u0161kon\u0173 &#8211; bernardin\u0173 meno istorijos programa XVIII am\u017eiaus \u201eProvincia Lituana&#8221; \u017eem\u0117lapio perspektyvoje; Mintaujos vario rai\u017eytojas Samuelis Gottlobas K\u016btneris ir jo \u201eKaraliaus Stanislovo Augusto Poniatovskio 1784 met\u0173 portretas&#8221;; Christian Wilhem von Faber du Faur ir jo 1812 met\u0173 karo veiksm\u0173 Lietuvoje vaizdai; Pasitraukimas per Lietuv\u0105. Paskutiniai Christian Wilhem von Faber du Faur 1812 met\u0173 karo \u017eygio vaizdai Lietuvoje; Lietuvio valstie\u010dio Ma\u017eojoje Lietuvoje ikonografija; Likimo pakirstas talentas \u2014 Aleksandras Pilsudskis (1836\u20141866); Pirmoji lietuvi\u0161ka iliustruota knyga vaikams; Fidus &#8211; Vyd\u016bno iliustratorius; Albertas Ves\u010di\u016bnas. Jo tapybos ir pie\u0161ini\u0173 parod\u0173 Europoje proga; \u017dibuntas Mik\u0161ys; Pranas Gailius; KARTOGRAFIJA Lietuvos senoji kartografija; Du Kasparo Hennenbergerio senosios Pr\u016bsijos \u017eem\u0117lapiai; Ma\u017eosios Lietuvos kartografijos prad\u017eia XVII-XVIII am\u017ei\u0173 s\u0105vartoje; Ma\u017eoji Lietuva ir jos pasienis Pr\u016bsijos karin\u0117je kartografijoje &#8211; XVIII am\u017e. pabaigoje; Lietuvos lietuvi\u0161kosios kartografijos prad\u017eia: 1898\u20141917; KULT\u016aROS ISTORIJA Lietuvyb\u0117s p\u0117dsakai Karaliau\u010diuje XVI\u2014XIX am\u017eiuose; Dokumentai apie K. Donelai\u010dio prot\u0117v\u012f; Ma\u017eosios Lietuvos drag\u016bn\u0173 pulkas; Lietuvos studentai Marburge XVII ir XVIII am\u017eiuose; Pirmoji Vilniaus universiteto istorija ir jos autorius j\u0117zuitas J. A. Preuschhoffas; Antanas Tamo\u0161ius Bukota &#8211; lietuvis filosofas, Pary\u017eiuje mir\u0119s prie\u0161 \u0161imt\u0105 met\u0173; Susitikimas su Vyd\u016bnu Til\u017e\u0117je; P. R\u0117klai\u010dio bibliografija<\/p>\n","protected":false},"featured_media":19487,"comment_status":"open","ping_status":"closed","template":"","meta":{"_acf_changed":false,"site-sidebar-layout":"default","site-content-layout":"","ast-site-content-layout":"default","site-content-style":"default","site-sidebar-style":"default","ast-global-header-display":"","ast-banner-title-visibility":"","ast-main-header-display":"","ast-hfb-above-header-display":"","ast-hfb-below-header-display":"","ast-hfb-mobile-header-display":"","site-post-title":"","ast-breadcrumbs-content":"","ast-featured-img":"","footer-sml-layout":"","ast-disable-related-posts":"","theme-transparent-header-meta":"","adv-header-id-meta":"","stick-header-meta":"","header-above-stick-meta":"","header-main-stick-meta":"","header-below-stick-meta":"","astra-migrate-meta-layouts":"default","ast-page-background-enabled":"default","ast-page-background-meta":{"desktop":{"background-color":"","background-image":"","background-repeat":"repeat","background-position":"center center","background-size":"auto","background-attachment":"scroll","background-type":"","background-media":"","overlay-type":"","overlay-color":"","overlay-opacity":"","overlay-gradient":""},"tablet":{"background-color":"","background-image":"","background-repeat":"repeat","background-position":"center center","background-size":"auto","background-attachment":"scroll","background-type":"","background-media":"","overlay-type":"","overlay-color":"","overlay-opacity":"","overlay-gradient":""},"mobile":{"background-color":"","background-image":"","background-repeat":"repeat","background-position":"center center","background-size":"auto","background-attachment":"scroll","background-type":"","background-media":"","overlay-type":"","overlay-color":"","overlay-opacity":"","overlay-gradient":""}},"ast-content-background-meta":{"desktop":{"background-color":"var(--ast-global-color-4)","background-image":"","background-repeat":"repeat","background-position":"center center","background-size":"auto","background-attachment":"scroll","background-type":"","background-media":"","overlay-type":"","overlay-color":"","overlay-opacity":"","overlay-gradient":""},"tablet":{"background-color":"var(--ast-global-color-4)","background-image":"","background-repeat":"repeat","background-position":"center center","background-size":"auto","background-attachment":"scroll","background-type":"","background-media":"","overlay-type":"","overlay-color":"","overlay-opacity":"","overlay-gradient":""},"mobile":{"background-color":"var(--ast-global-color-4)","background-image":"","background-repeat":"repeat","background-position":"center center","background-size":"auto","background-attachment":"scroll","background-type":"","background-media":"","overlay-type":"","overlay-color":"","overlay-opacity":"","overlay-gradient":""}}},"product_brand":[],"product_cat":[15],"product_tag":[3410,2224,6279,2376,2625,6280],"class_list":{"0":"post-19481","1":"product","2":"type-product","3":"status-publish","4":"has-post-thumbnail","6":"product_cat-uncategorized","7":"product_tag-architektura","8":"product_tag-istorija","9":"product_tag-kartografija","10":"product_tag-kultura","11":"product_tag-lietuva","12":"product_tag-povilas-reklaitis","13":"desktop-align-left","14":"tablet-align-left","15":"mobile-align-left","17":"first","18":"instock","19":"shipping-taxable","20":"purchasable","21":"product-type-simple"},"acf":[],"yoast_head":"<!-- This site is optimized with the Yoast SEO plugin v27.4 - https:\/\/yoast.com\/product\/yoast-seo-wordpress\/ -->\n<title>Prarastosios Lietuvos p\u0117dsak\u0173 beie\u0161kant<\/title>\n<meta name=\"description\" content=\"TURINYS Vidmantas Jankauskas Povilas R\u0117klaitis ir jo darbai; DAIL\u0116S IR ARCHITEKT\u016aROS ISTORIJA Moksliniai darbai apie viduram\u017ei\u0173 m\u016bro architekt\u016br\u0105\" \/>\n<meta name=\"robots\" content=\"index, follow, max-snippet:-1, max-image-preview:large, max-video-preview:-1\" \/>\n<link rel=\"canonical\" href=\"https:\/\/skaitytaknyga.lt\/en\/produktas\/prarastosios-lietuvos-pedsaku-beieskant\/\" \/>\n<meta property=\"og:locale\" content=\"en_GB\" \/>\n<meta property=\"og:locale:alternate\" content=\"lt_LT\" \/>\n<meta property=\"og:type\" content=\"article\" \/>\n<meta property=\"og:title\" content=\"Prarastosios Lietuvos p\u0117dsak\u0173 beie\u0161kant\" \/>\n<meta property=\"og:description\" content=\"TURINYS Vidmantas Jankauskas Povilas R\u0117klaitis ir jo darbai; DAIL\u0116S IR ARCHITEKT\u016aROS ISTORIJA Moksliniai darbai apie viduram\u017ei\u0173 m\u016bro architekt\u016br\u0105\" \/>\n<meta property=\"og:url\" content=\"https:\/\/skaitytaknyga.lt\/en\/produktas\/prarastosios-lietuvos-pedsaku-beieskant\/\" \/>\n<meta property=\"og:site_name\" content=\"Skaitytaknyga\" \/>\n<meta property=\"article:publisher\" content=\"https:\/\/www.facebook.com\/skaitytaknyga\/\" \/>\n<meta property=\"article:modified_time\" content=\"2025-07-22T07:10:50+00:00\" \/>\n<meta property=\"og:image\" content=\"https:\/\/skaitytaknyga.lt\/wp-content\/uploads\/2025\/07\/Prarastosios-Lietuvos-pedsaku-beieskant-e1751972127107.jpg\" \/>\n\t<meta property=\"og:image:width\" content=\"290\" \/>\n\t<meta property=\"og:image:height\" content=\"428\" \/>\n\t<meta property=\"og:image:type\" content=\"image\/jpeg\" \/>\n<meta name=\"twitter:card\" content=\"summary_large_image\" \/>\n<meta name=\"twitter:label1\" content=\"Estimated reading time\" \/>\n\t<meta name=\"twitter:data1\" content=\"2 minutes\" \/>\n<script type=\"application\/ld+json\" class=\"yoast-schema-graph\">{\"@context\":\"https:\\\/\\\/schema.org\",\"@graph\":[{\"@type\":\"WebPage\",\"@id\":\"https:\\\/\\\/skaitytaknyga.lt\\\/produktas\\\/prarastosios-lietuvos-pedsaku-beieskant\\\/\",\"url\":\"https:\\\/\\\/skaitytaknyga.lt\\\/produktas\\\/prarastosios-lietuvos-pedsaku-beieskant\\\/\",\"name\":\"Prarastosios Lietuvos p\u0117dsak\u0173 beie\u0161kant\",\"isPartOf\":{\"@id\":\"https:\\\/\\\/skaitytaknyga.lt\\\/#website\"},\"primaryImageOfPage\":{\"@id\":\"https:\\\/\\\/skaitytaknyga.lt\\\/produktas\\\/prarastosios-lietuvos-pedsaku-beieskant\\\/#primaryimage\"},\"image\":{\"@id\":\"https:\\\/\\\/skaitytaknyga.lt\\\/produktas\\\/prarastosios-lietuvos-pedsaku-beieskant\\\/#primaryimage\"},\"thumbnailUrl\":\"https:\\\/\\\/skaitytaknyga.lt\\\/wp-content\\\/uploads\\\/2025\\\/07\\\/Prarastosios-Lietuvos-pedsaku-beieskant-e1751972127107.jpg\",\"datePublished\":\"2025-07-08T10:50:47+00:00\",\"dateModified\":\"2025-07-22T07:10:50+00:00\",\"description\":\"TURINYS Vidmantas Jankauskas Povilas R\u0117klaitis ir jo darbai; DAIL\u0116S IR ARCHITEKT\u016aROS ISTORIJA Moksliniai darbai apie viduram\u017ei\u0173 m\u016bro architekt\u016br\u0105\",\"breadcrumb\":{\"@id\":\"https:\\\/\\\/skaitytaknyga.lt\\\/produktas\\\/prarastosios-lietuvos-pedsaku-beieskant\\\/#breadcrumb\"},\"inLanguage\":\"en-GB\",\"potentialAction\":[{\"@type\":\"ReadAction\",\"target\":[\"https:\\\/\\\/skaitytaknyga.lt\\\/produktas\\\/prarastosios-lietuvos-pedsaku-beieskant\\\/\"]}]},{\"@type\":\"ImageObject\",\"inLanguage\":\"en-GB\",\"@id\":\"https:\\\/\\\/skaitytaknyga.lt\\\/produktas\\\/prarastosios-lietuvos-pedsaku-beieskant\\\/#primaryimage\",\"url\":\"https:\\\/\\\/skaitytaknyga.lt\\\/wp-content\\\/uploads\\\/2025\\\/07\\\/Prarastosios-Lietuvos-pedsaku-beieskant-e1751972127107.jpg\",\"contentUrl\":\"https:\\\/\\\/skaitytaknyga.lt\\\/wp-content\\\/uploads\\\/2025\\\/07\\\/Prarastosios-Lietuvos-pedsaku-beieskant-e1751972127107.jpg\",\"width\":290,\"height\":428,\"caption\":\"Prarastosios Lietuvos p\u0117dsak\u0173 beie\u0161kant\"},{\"@type\":\"BreadcrumbList\",\"@id\":\"https:\\\/\\\/skaitytaknyga.lt\\\/produktas\\\/prarastosios-lietuvos-pedsaku-beieskant\\\/#breadcrumb\",\"itemListElement\":[{\"@type\":\"ListItem\",\"position\":1,\"name\":\"Home\",\"item\":\"https:\\\/\\\/skaitytaknyga.lt\\\/\"},{\"@type\":\"ListItem\",\"position\":2,\"name\":\"Parduotuv\u0117\",\"item\":\"https:\\\/\\\/skaitytaknyga.lt\\\/knygu-parduotuve\\\/\"},{\"@type\":\"ListItem\",\"position\":3,\"name\":\"Prarastosios Lietuvos p\u0117dsak\u0173 beie\u0161kant\"}]},{\"@type\":\"WebSite\",\"@id\":\"https:\\\/\\\/skaitytaknyga.lt\\\/#website\",\"url\":\"https:\\\/\\\/skaitytaknyga.lt\\\/\",\"name\":\"skaitytaknyga.lt\",\"description\":\"Skaitytaknyga.lt \u2013 tai ma\u017eas \u0161eimos verslas, kuris prasid\u0117jo nuo meil\u0117s knygoms ir siekio i\u0161gelb\u0117ti knygas nuo likimo prie konteinerio. Kas vienam nereikalingas daiktas \u2013 kitam lobis, o mes esame tarpininkai, kurie padeda abiems tapti laimingesniems ???? \u017dinome kaip nelengva i\u0161gyventi ma\u017eiems verslams, tad nuo \u0161iol, \u010dia rasite ir kit\u0173, ma\u017e\u0173 \u0161eim\u0173 versl\u0173, rank\u0173 darbo, dovan\u0173 sau ir artimiesiems.\",\"publisher\":{\"@id\":\"https:\\\/\\\/skaitytaknyga.lt\\\/#organization\"},\"potentialAction\":[{\"@type\":\"SearchAction\",\"target\":{\"@type\":\"EntryPoint\",\"urlTemplate\":\"https:\\\/\\\/skaitytaknyga.lt\\\/?s={search_term_string}\"},\"query-input\":{\"@type\":\"PropertyValueSpecification\",\"valueRequired\":true,\"valueName\":\"search_term_string\"}}],\"inLanguage\":\"en-GB\"},{\"@type\":\"Organization\",\"@id\":\"https:\\\/\\\/skaitytaknyga.lt\\\/#organization\",\"name\":\"skaitytaknyga.lt\",\"url\":\"https:\\\/\\\/skaitytaknyga.lt\\\/\",\"logo\":{\"@type\":\"ImageObject\",\"inLanguage\":\"en-GB\",\"@id\":\"https:\\\/\\\/skaitytaknyga.lt\\\/#\\\/schema\\\/logo\\\/image\\\/\",\"url\":\"https:\\\/\\\/skaitytaknyga.lt\\\/wp-content\\\/uploads\\\/2024\\\/05\\\/cropped-cropped-cropped-02_00843_jt3bggkj1j3HLc7SyY6rEUpg.jpeg\",\"contentUrl\":\"https:\\\/\\\/skaitytaknyga.lt\\\/wp-content\\\/uploads\\\/2024\\\/05\\\/cropped-cropped-cropped-02_00843_jt3bggkj1j3HLc7SyY6rEUpg.jpeg\",\"width\":1600,\"height\":1600,\"caption\":\"skaitytaknyga.lt\"},\"image\":{\"@id\":\"https:\\\/\\\/skaitytaknyga.lt\\\/#\\\/schema\\\/logo\\\/image\\\/\"},\"sameAs\":[\"https:\\\/\\\/www.facebook.com\\\/skaitytaknyga\\\/\"]}]}<\/script>\n<!-- \/ Yoast SEO plugin. -->","yoast_head_json":{"title":"Prarastosios Lietuvos p\u0117dsak\u0173 beie\u0161kant","description":"TURINYS Vidmantas Jankauskas Povilas R\u0117klaitis ir jo darbai; DAIL\u0116S IR ARCHITEKT\u016aROS ISTORIJA Moksliniai darbai apie viduram\u017ei\u0173 m\u016bro architekt\u016br\u0105","robots":{"index":"index","follow":"follow","max-snippet":"max-snippet:-1","max-image-preview":"max-image-preview:large","max-video-preview":"max-video-preview:-1"},"canonical":"https:\/\/skaitytaknyga.lt\/en\/produktas\/prarastosios-lietuvos-pedsaku-beieskant\/","og_locale":"en_GB","og_type":"article","og_title":"[:lt]Prarastosios Lietuvos p\u0117dsak\u0173 beie\u0161kant[:] - Skaitytaknyga","og_description":"TURINYS Vidmantas Jankauskas Povilas R\u0117klaitis ir jo darbai; DAIL\u0116S IR ARCHITEKT\u016aROS ISTORIJA Moksliniai darbai apie viduram\u017ei\u0173 m\u016bro architekt\u016br\u0105","og_url":"https:\/\/skaitytaknyga.lt\/en\/produktas\/prarastosios-lietuvos-pedsaku-beieskant\/","og_site_name":"Skaitytaknyga","article_publisher":"https:\/\/www.facebook.com\/skaitytaknyga\/","article_modified_time":"2025-07-22T07:10:50+00:00","og_image":[{"width":290,"height":428,"url":"https:\/\/skaitytaknyga.lt\/wp-content\/uploads\/2025\/07\/Prarastosios-Lietuvos-pedsaku-beieskant-e1751972127107.jpg","type":"image\/jpeg"}],"twitter_card":"summary_large_image","twitter_misc":{"Estimated reading time":"2 minutes"},"schema":{"@context":"https:\/\/schema.org","@graph":[{"@type":"WebPage","@id":"https:\/\/skaitytaknyga.lt\/produktas\/prarastosios-lietuvos-pedsaku-beieskant\/","url":"https:\/\/skaitytaknyga.lt\/produktas\/prarastosios-lietuvos-pedsaku-beieskant\/","name":"Prarastosios Lietuvos p\u0117dsak\u0173 beie\u0161kant","isPartOf":{"@id":"https:\/\/skaitytaknyga.lt\/#website"},"primaryImageOfPage":{"@id":"https:\/\/skaitytaknyga.lt\/produktas\/prarastosios-lietuvos-pedsaku-beieskant\/#primaryimage"},"image":{"@id":"https:\/\/skaitytaknyga.lt\/produktas\/prarastosios-lietuvos-pedsaku-beieskant\/#primaryimage"},"thumbnailUrl":"https:\/\/skaitytaknyga.lt\/wp-content\/uploads\/2025\/07\/Prarastosios-Lietuvos-pedsaku-beieskant-e1751972127107.jpg","datePublished":"2025-07-08T10:50:47+00:00","dateModified":"2025-07-22T07:10:50+00:00","description":"TURINYS Vidmantas Jankauskas Povilas R\u0117klaitis ir jo darbai; DAIL\u0116S IR ARCHITEKT\u016aROS ISTORIJA Moksliniai darbai apie viduram\u017ei\u0173 m\u016bro architekt\u016br\u0105","breadcrumb":{"@id":"https:\/\/skaitytaknyga.lt\/produktas\/prarastosios-lietuvos-pedsaku-beieskant\/#breadcrumb"},"inLanguage":"en-GB","potentialAction":[{"@type":"ReadAction","target":["https:\/\/skaitytaknyga.lt\/produktas\/prarastosios-lietuvos-pedsaku-beieskant\/"]}]},{"@type":"ImageObject","inLanguage":"en-GB","@id":"https:\/\/skaitytaknyga.lt\/produktas\/prarastosios-lietuvos-pedsaku-beieskant\/#primaryimage","url":"https:\/\/skaitytaknyga.lt\/wp-content\/uploads\/2025\/07\/Prarastosios-Lietuvos-pedsaku-beieskant-e1751972127107.jpg","contentUrl":"https:\/\/skaitytaknyga.lt\/wp-content\/uploads\/2025\/07\/Prarastosios-Lietuvos-pedsaku-beieskant-e1751972127107.jpg","width":290,"height":428,"caption":"Prarastosios Lietuvos p\u0117dsak\u0173 beie\u0161kant"},{"@type":"BreadcrumbList","@id":"https:\/\/skaitytaknyga.lt\/produktas\/prarastosios-lietuvos-pedsaku-beieskant\/#breadcrumb","itemListElement":[{"@type":"ListItem","position":1,"name":"Home","item":"https:\/\/skaitytaknyga.lt\/"},{"@type":"ListItem","position":2,"name":"Parduotuv\u0117","item":"https:\/\/skaitytaknyga.lt\/knygu-parduotuve\/"},{"@type":"ListItem","position":3,"name":"Prarastosios Lietuvos p\u0117dsak\u0173 beie\u0161kant"}]},{"@type":"WebSite","@id":"https:\/\/skaitytaknyga.lt\/#website","url":"https:\/\/skaitytaknyga.lt\/","name":"skaitytaknyga.lt","description":"Skaitytaknyga.lt \u2013 tai ma\u017eas \u0161eimos verslas, kuris prasid\u0117jo nuo meil\u0117s knygoms ir siekio i\u0161gelb\u0117ti knygas nuo likimo prie konteinerio. Kas vienam nereikalingas daiktas \u2013 kitam lobis, o mes esame tarpininkai, kurie padeda abiems tapti laimingesniems ???? \u017dinome kaip nelengva i\u0161gyventi ma\u017eiems verslams, tad nuo \u0161iol, \u010dia rasite ir kit\u0173, ma\u017e\u0173 \u0161eim\u0173 versl\u0173, rank\u0173 darbo, dovan\u0173 sau ir artimiesiems.","publisher":{"@id":"https:\/\/skaitytaknyga.lt\/#organization"},"potentialAction":[{"@type":"SearchAction","target":{"@type":"EntryPoint","urlTemplate":"https:\/\/skaitytaknyga.lt\/?s={search_term_string}"},"query-input":{"@type":"PropertyValueSpecification","valueRequired":true,"valueName":"search_term_string"}}],"inLanguage":"en-GB"},{"@type":"Organization","@id":"https:\/\/skaitytaknyga.lt\/#organization","name":"skaitytaknyga.lt","url":"https:\/\/skaitytaknyga.lt\/","logo":{"@type":"ImageObject","inLanguage":"en-GB","@id":"https:\/\/skaitytaknyga.lt\/#\/schema\/logo\/image\/","url":"https:\/\/skaitytaknyga.lt\/wp-content\/uploads\/2024\/05\/cropped-cropped-cropped-02_00843_jt3bggkj1j3HLc7SyY6rEUpg.jpeg","contentUrl":"https:\/\/skaitytaknyga.lt\/wp-content\/uploads\/2024\/05\/cropped-cropped-cropped-02_00843_jt3bggkj1j3HLc7SyY6rEUpg.jpeg","width":1600,"height":1600,"caption":"skaitytaknyga.lt"},"image":{"@id":"https:\/\/skaitytaknyga.lt\/#\/schema\/logo\/image\/"},"sameAs":["https:\/\/www.facebook.com\/skaitytaknyga\/"]}]}},"_links":{"self":[{"href":"https:\/\/skaitytaknyga.lt\/en\/wp-json\/wp\/v2\/product\/19481","targetHints":{"allow":["GET"]}}],"collection":[{"href":"https:\/\/skaitytaknyga.lt\/en\/wp-json\/wp\/v2\/product"}],"about":[{"href":"https:\/\/skaitytaknyga.lt\/en\/wp-json\/wp\/v2\/types\/product"}],"replies":[{"embeddable":true,"href":"https:\/\/skaitytaknyga.lt\/en\/wp-json\/wp\/v2\/comments?post=19481"}],"wp:featuredmedia":[{"embeddable":true,"href":"https:\/\/skaitytaknyga.lt\/en\/wp-json\/wp\/v2\/media\/19487"}],"wp:attachment":[{"href":"https:\/\/skaitytaknyga.lt\/en\/wp-json\/wp\/v2\/media?parent=19481"}],"wp:term":[{"taxonomy":"product_brand","embeddable":true,"href":"https:\/\/skaitytaknyga.lt\/en\/wp-json\/wp\/v2\/product_brand?post=19481"},{"taxonomy":"product_cat","embeddable":true,"href":"https:\/\/skaitytaknyga.lt\/en\/wp-json\/wp\/v2\/product_cat?post=19481"},{"taxonomy":"product_tag","embeddable":true,"href":"https:\/\/skaitytaknyga.lt\/en\/wp-json\/wp\/v2\/product_tag?post=19481"}],"curies":[{"name":"wp","href":"https:\/\/api.w.org\/{rel}","templated":true}]}}