{"id":19480,"date":"2025-07-08T13:50:46","date_gmt":"2025-07-08T10:50:46","guid":{"rendered":"https:\/\/skaitytaknyga.lt\/?post_type=product&#038;p=19480"},"modified":"2025-07-25T12:18:22","modified_gmt":"2025-07-25T09:18:22","slug":"7-efektyviu-paaugliu-iprociai","status":"publish","type":"product","link":"https:\/\/skaitytaknyga.lt\/en\/produktas\/7-efektyviu-paaugliu-iprociai\/","title":{"rendered":"7 efektyvi\u0173 paaugli\u0173 \u012fpro\u010diai"},"content":{"rendered":"<p>\u201e7 efektyvi\u0173 paaugli\u0173 \u012fpro\u010diai\u201c &#8211; pagrindinis paaugli\u0173 s\u0117km\u0117s vadovas.<br \/>\nGausiai iliustruotoje knygoje pateikiamas priemoni\u0173 rinkinys, kaip susidoroti su da\u017eniausiai paaugli\u0173 sutinkamais psichologiniais sunkumais.<br \/>\nKokios tos priemon\u0117s?<\/p>\n<p>Tai septyni \u012fpro\u010diai arba, kitaip tariant, septynios savyb\u0117s, kuriomis pasi\u017eymi laimingi ir s\u0117km\u0117s lydimi paaugliai visame pasaulyje.<\/p>\n<p>\u201eSveiki! Mano vardas Synas. A\u0161 para\u0161iau \u0161i\u0105 knyg\u0105. Pa\u017ead\u0117k, kad j\u0105 perskaitysi, o a\u0161 tau pa\u017eadu, kad tai bus tikras nuotykis&#8230; su staigmenomis. Tai k\u0105, pabandysi? Gerai? Gerai!<br \/>\nKod\u0117l para\u0161iau \u0161i\u0105 knyg\u0105? Para\u0161iau, kadangi gyvenimas paaugliams jau n\u0117ra \u017eaidimas. Tai tikros d\u017eiungl\u0117s. Jeigu man pavyko, \u0161i knyga tur\u0117t\u0173 tau tapti kompasu gyvenimo d\u017eiungl\u0117se.&#8221;<\/p>\n<p>Synas Kovis<\/p>\n","protected":false},"excerpt":{"rendered":"<p>\u201e7 efektyvi\u0173 paaugli\u0173 \u012fpro\u010diai\u201c &#8211; pagrindinis paaugli\u0173 s\u0117km\u0117s vadovas. Gausiai iliustruotoje knygoje pateikiamas priemoni\u0173 rinkinys, kaip susidoroti su da\u017eniausiai paaugli\u0173 sutinkamais psichologiniais sunkumais. Kokios tos priemon\u0117s? Tai septyni \u012fpro\u010diai arba, kitaip tariant, septynios savyb\u0117s, kuriomis pasi\u017eymi laimingi ir s\u0117km\u0117s lydimi paaugliai visame pasaulyje. \u201eSveiki! Mano vardas Synas. A\u0161 para\u0161iau \u0161i\u0105 knyg\u0105. Pa\u017ead\u0117k, kad j\u0105 perskaitysi, o a\u0161 tau pa\u017eadu, kad tai bus tikras nuotykis&#8230; su staigmenomis. Tai k\u0105, pabandysi? Gerai? Gerai! Kod\u0117l para\u0161iau \u0161i\u0105 knyg\u0105? Para\u0161iau, kadangi gyvenimas paaugliams jau n\u0117ra \u017eaidimas. Tai tikros d\u017eiungl\u0117s. Jeigu man pavyko, \u0161i knyga tur\u0117t\u0173 tau tapti kompasu gyvenimo d\u017eiungl\u0117se.&#8221; Synas Kovis<\/p>\n","protected":false},"featured_media":19486,"comment_status":"open","ping_status":"closed","template":"","meta":{"_acf_changed":false,"site-sidebar-layout":"default","site-content-layout":"","ast-site-content-layout":"default","site-content-style":"default","site-sidebar-style":"default","ast-global-header-display":"","ast-banner-title-visibility":"","ast-main-header-display":"","ast-hfb-above-header-display":"","ast-hfb-below-header-display":"","ast-hfb-mobile-header-display":"","site-post-title":"","ast-breadcrumbs-content":"","ast-featured-img":"","footer-sml-layout":"","ast-disable-related-posts":"","theme-transparent-header-meta":"","adv-header-id-meta":"","stick-header-meta":"","header-above-stick-meta":"","header-main-stick-meta":"","header-below-stick-meta":"","astra-migrate-meta-layouts":"default","ast-page-background-enabled":"default","ast-page-background-meta":{"desktop":{"background-color":"","background-image":"","background-repeat":"repeat","background-position":"center center","background-size":"auto","background-attachment":"scroll","background-type":"","background-media":"","overlay-type":"","overlay-color":"","overlay-opacity":"","overlay-gradient":""},"tablet":{"background-color":"","background-image":"","background-repeat":"repeat","background-position":"center center","background-size":"auto","background-attachment":"scroll","background-type":"","background-media":"","overlay-type":"","overlay-color":"","overlay-opacity":"","overlay-gradient":""},"mobile":{"background-color":"","background-image":"","background-repeat":"repeat","background-position":"center center","background-size":"auto","background-attachment":"scroll","background-type":"","background-media":"","overlay-type":"","overlay-color":"","overlay-opacity":"","overlay-gradient":""}},"ast-content-background-meta":{"desktop":{"background-color":"var(--ast-global-color-4)","background-image":"","background-repeat":"repeat","background-position":"center center","background-size":"auto","background-attachment":"scroll","background-type":"","background-media":"","overlay-type":"","overlay-color":"","overlay-opacity":"","overlay-gradient":""},"tablet":{"background-color":"var(--ast-global-color-4)","background-image":"","background-repeat":"repeat","background-position":"center center","background-size":"auto","background-attachment":"scroll","background-type":"","background-media":"","overlay-type":"","overlay-color":"","overlay-opacity":"","overlay-gradient":""},"mobile":{"background-color":"var(--ast-global-color-4)","background-image":"","background-repeat":"repeat","background-position":"center center","background-size":"auto","background-attachment":"scroll","background-type":"","background-media":"","overlay-type":"","overlay-color":"","overlay-opacity":"","overlay-gradient":""}}},"product_brand":[],"product_cat":[15],"product_tag":[2481,3614,1392,1396,6278,2411],"class_list":{"0":"post-19480","1":"product","2":"type-product","3":"status-publish","4":"has-post-thumbnail","6":"product_cat-uncategorized","7":"product_tag-iprociai","8":"product_tag-paaugliai","9":"product_tag-psichologija","10":"product_tag-saviugda","11":"product_tag-sean-covey","12":"product_tag-sekme","13":"desktop-align-left","14":"tablet-align-left","15":"mobile-align-left","17":"first","18":"outofstock","19":"shipping-taxable","20":"purchasable","21":"product-type-simple"},"acf":[],"yoast_head":"<!-- This site is optimized with the Yoast SEO plugin v27.0 - https:\/\/yoast.com\/product\/yoast-seo-wordpress\/ -->\n<title>7 efektyvi\u0173 paaugli\u0173 \u012fpro\u010diai<\/title>\n<meta name=\"description\" content=\"\u201e7 efektyvi\u0173 paaugli\u0173 \u012fpro\u010diai\u201c - pagrindinis paaugli\u0173 s\u0117km\u0117s vadovas. Gausiai iliustruotoje knygoje pateikiamas priemoni\u0173 rinkinys, kaip susidoroti su\" \/>\n<meta name=\"robots\" content=\"index, follow, max-snippet:-1, max-image-preview:large, max-video-preview:-1\" \/>\n<link rel=\"canonical\" href=\"https:\/\/skaitytaknyga.lt\/en\/produktas\/7-efektyviu-paaugliu-iprociai\/\" \/>\n<meta property=\"og:locale\" content=\"en_GB\" \/>\n<meta property=\"og:locale:alternate\" content=\"lt_LT\" \/>\n<meta property=\"og:type\" content=\"article\" \/>\n<meta property=\"og:title\" content=\"7 efektyvi\u0173 paaugli\u0173 \u012fpro\u010diai\" \/>\n<meta property=\"og:description\" content=\"\u201e7 efektyvi\u0173 paaugli\u0173 \u012fpro\u010diai\u201c - pagrindinis paaugli\u0173 s\u0117km\u0117s vadovas. Gausiai iliustruotoje knygoje pateikiamas priemoni\u0173 rinkinys, kaip susidoroti su\" \/>\n<meta property=\"og:url\" content=\"https:\/\/skaitytaknyga.lt\/en\/produktas\/7-efektyviu-paaugliu-iprociai\/\" \/>\n<meta property=\"og:site_name\" content=\"Skaitytaknyga\" \/>\n<meta property=\"article:publisher\" content=\"https:\/\/www.facebook.com\/skaitytaknyga\/\" \/>\n<meta property=\"article:modified_time\" content=\"2025-07-25T09:18:22+00:00\" \/>\n<meta property=\"og:image\" content=\"https:\/\/skaitytaknyga.lt\/wp-content\/uploads\/2025\/07\/7-efektyviu-paaugliu-iprociai.webp\" \/>\n\t<meta property=\"og:image:width\" content=\"524\" \/>\n\t<meta property=\"og:image:height\" content=\"801\" \/>\n\t<meta property=\"og:image:type\" content=\"image\/webp\" \/>\n<meta name=\"twitter:card\" content=\"summary_large_image\" \/>\n<meta name=\"twitter:label1\" content=\"Estimated reading time\" \/>\n\t<meta name=\"twitter:data1\" content=\"1 minute\" \/>\n<script type=\"application\/ld+json\" class=\"yoast-schema-graph\">{\"@context\":\"https:\/\/schema.org\",\"@graph\":[{\"@type\":\"WebPage\",\"@id\":\"https:\/\/skaitytaknyga.lt\/produktas\/7-efektyviu-paaugliu-iprociai\/\",\"url\":\"https:\/\/skaitytaknyga.lt\/produktas\/7-efektyviu-paaugliu-iprociai\/\",\"name\":\"7 efektyvi\u0173 paaugli\u0173 \u012fpro\u010diai\",\"isPartOf\":{\"@id\":\"https:\/\/skaitytaknyga.lt\/#website\"},\"primaryImageOfPage\":{\"@id\":\"https:\/\/skaitytaknyga.lt\/produktas\/7-efektyviu-paaugliu-iprociai\/#primaryimage\"},\"image\":{\"@id\":\"https:\/\/skaitytaknyga.lt\/produktas\/7-efektyviu-paaugliu-iprociai\/#primaryimage\"},\"thumbnailUrl\":\"https:\/\/skaitytaknyga.lt\/wp-content\/uploads\/2025\/07\/7-efektyviu-paaugliu-iprociai.webp\",\"datePublished\":\"2025-07-08T10:50:46+00:00\",\"dateModified\":\"2025-07-25T09:18:22+00:00\",\"description\":\"\u201e7 efektyvi\u0173 paaugli\u0173 \u012fpro\u010diai\u201c - pagrindinis paaugli\u0173 s\u0117km\u0117s vadovas. Gausiai iliustruotoje knygoje pateikiamas priemoni\u0173 rinkinys, kaip susidoroti su\",\"breadcrumb\":{\"@id\":\"https:\/\/skaitytaknyga.lt\/produktas\/7-efektyviu-paaugliu-iprociai\/#breadcrumb\"},\"inLanguage\":\"en-GB\",\"potentialAction\":[{\"@type\":\"ReadAction\",\"target\":[\"https:\/\/skaitytaknyga.lt\/produktas\/7-efektyviu-paaugliu-iprociai\/\"]}]},{\"@type\":\"ImageObject\",\"inLanguage\":\"en-GB\",\"@id\":\"https:\/\/skaitytaknyga.lt\/produktas\/7-efektyviu-paaugliu-iprociai\/#primaryimage\",\"url\":\"https:\/\/skaitytaknyga.lt\/wp-content\/uploads\/2025\/07\/7-efektyviu-paaugliu-iprociai.webp\",\"contentUrl\":\"https:\/\/skaitytaknyga.lt\/wp-content\/uploads\/2025\/07\/7-efektyviu-paaugliu-iprociai.webp\",\"width\":524,\"height\":801,\"caption\":\"7 efektyvi\u0173 paaugli\u0173 \u012fpro\u010diai\"},{\"@type\":\"BreadcrumbList\",\"@id\":\"https:\/\/skaitytaknyga.lt\/produktas\/7-efektyviu-paaugliu-iprociai\/#breadcrumb\",\"itemListElement\":[{\"@type\":\"ListItem\",\"position\":1,\"name\":\"Home\",\"item\":\"https:\/\/skaitytaknyga.lt\/\"},{\"@type\":\"ListItem\",\"position\":2,\"name\":\"Parduotuv\u0117\",\"item\":\"https:\/\/skaitytaknyga.lt\/knygu-parduotuve\/\"},{\"@type\":\"ListItem\",\"position\":3,\"name\":\"7 efektyvi\u0173 paaugli\u0173 \u012fpro\u010diai\"}]},{\"@type\":\"WebSite\",\"@id\":\"https:\/\/skaitytaknyga.lt\/#website\",\"url\":\"https:\/\/skaitytaknyga.lt\/\",\"name\":\"skaitytaknyga.lt\",\"description\":\"Skaitytaknyga.lt \u2013 tai ma\u017eas \u0161eimos verslas, kuris prasid\u0117jo nuo meil\u0117s knygoms ir siekio i\u0161gelb\u0117ti knygas nuo likimo prie konteinerio. Kas vienam nereikalingas daiktas \u2013 kitam lobis, o mes esame tarpininkai, kurie padeda abiems tapti laimingesniems ???? \u017dinome kaip nelengva i\u0161gyventi ma\u017eiems verslams, tad nuo \u0161iol, \u010dia rasite ir kit\u0173, ma\u017e\u0173 \u0161eim\u0173 versl\u0173, rank\u0173 darbo, dovan\u0173 sau ir artimiesiems.\",\"publisher\":{\"@id\":\"https:\/\/skaitytaknyga.lt\/#organization\"},\"potentialAction\":[{\"@type\":\"SearchAction\",\"target\":{\"@type\":\"EntryPoint\",\"urlTemplate\":\"https:\/\/skaitytaknyga.lt\/?s={search_term_string}\"},\"query-input\":{\"@type\":\"PropertyValueSpecification\",\"valueRequired\":true,\"valueName\":\"search_term_string\"}}],\"inLanguage\":\"en-GB\"},{\"@type\":\"Organization\",\"@id\":\"https:\/\/skaitytaknyga.lt\/#organization\",\"name\":\"skaitytaknyga.lt\",\"url\":\"https:\/\/skaitytaknyga.lt\/\",\"logo\":{\"@type\":\"ImageObject\",\"inLanguage\":\"en-GB\",\"@id\":\"https:\/\/skaitytaknyga.lt\/#\/schema\/logo\/image\/\",\"url\":\"https:\/\/skaitytaknyga.lt\/wp-content\/uploads\/2024\/05\/cropped-cropped-cropped-02_00843_jt3bggkj1j3HLc7SyY6rEUpg.jpeg\",\"contentUrl\":\"https:\/\/skaitytaknyga.lt\/wp-content\/uploads\/2024\/05\/cropped-cropped-cropped-02_00843_jt3bggkj1j3HLc7SyY6rEUpg.jpeg\",\"width\":1600,\"height\":1600,\"caption\":\"skaitytaknyga.lt\"},\"image\":{\"@id\":\"https:\/\/skaitytaknyga.lt\/#\/schema\/logo\/image\/\"},\"sameAs\":[\"https:\/\/www.facebook.com\/skaitytaknyga\/\"]}]}<\/script>\n<!-- \/ Yoast SEO plugin. -->","yoast_head_json":{"title":"7 efektyvi\u0173 paaugli\u0173 \u012fpro\u010diai","description":"\u201e7 efektyvi\u0173 paaugli\u0173 \u012fpro\u010diai\u201c - pagrindinis paaugli\u0173 s\u0117km\u0117s vadovas. Gausiai iliustruotoje knygoje pateikiamas priemoni\u0173 rinkinys, kaip susidoroti su","robots":{"index":"index","follow":"follow","max-snippet":"max-snippet:-1","max-image-preview":"max-image-preview:large","max-video-preview":"max-video-preview:-1"},"canonical":"https:\/\/skaitytaknyga.lt\/en\/produktas\/7-efektyviu-paaugliu-iprociai\/","og_locale":"en_GB","og_type":"article","og_title":"[:lt]7 efektyvi\u0173 paaugli\u0173 \u012fpro\u010diai[:] - Skaitytaknyga","og_description":"\u201e7 efektyvi\u0173 paaugli\u0173 \u012fpro\u010diai\u201c - pagrindinis paaugli\u0173 s\u0117km\u0117s vadovas. Gausiai iliustruotoje knygoje pateikiamas priemoni\u0173 rinkinys, kaip susidoroti su","og_url":"https:\/\/skaitytaknyga.lt\/en\/produktas\/7-efektyviu-paaugliu-iprociai\/","og_site_name":"Skaitytaknyga","article_publisher":"https:\/\/www.facebook.com\/skaitytaknyga\/","article_modified_time":"2025-07-25T09:18:22+00:00","og_image":[{"width":524,"height":801,"url":"https:\/\/skaitytaknyga.lt\/wp-content\/uploads\/2025\/07\/7-efektyviu-paaugliu-iprociai.webp","type":"image\/webp"}],"twitter_card":"summary_large_image","twitter_misc":{"Estimated reading time":"1 minute"},"schema":{"@context":"https:\/\/schema.org","@graph":[{"@type":"WebPage","@id":"https:\/\/skaitytaknyga.lt\/produktas\/7-efektyviu-paaugliu-iprociai\/","url":"https:\/\/skaitytaknyga.lt\/produktas\/7-efektyviu-paaugliu-iprociai\/","name":"7 efektyvi\u0173 paaugli\u0173 \u012fpro\u010diai","isPartOf":{"@id":"https:\/\/skaitytaknyga.lt\/#website"},"primaryImageOfPage":{"@id":"https:\/\/skaitytaknyga.lt\/produktas\/7-efektyviu-paaugliu-iprociai\/#primaryimage"},"image":{"@id":"https:\/\/skaitytaknyga.lt\/produktas\/7-efektyviu-paaugliu-iprociai\/#primaryimage"},"thumbnailUrl":"https:\/\/skaitytaknyga.lt\/wp-content\/uploads\/2025\/07\/7-efektyviu-paaugliu-iprociai.webp","datePublished":"2025-07-08T10:50:46+00:00","dateModified":"2025-07-25T09:18:22+00:00","description":"\u201e7 efektyvi\u0173 paaugli\u0173 \u012fpro\u010diai\u201c - pagrindinis paaugli\u0173 s\u0117km\u0117s vadovas. Gausiai iliustruotoje knygoje pateikiamas priemoni\u0173 rinkinys, kaip susidoroti su","breadcrumb":{"@id":"https:\/\/skaitytaknyga.lt\/produktas\/7-efektyviu-paaugliu-iprociai\/#breadcrumb"},"inLanguage":"en-GB","potentialAction":[{"@type":"ReadAction","target":["https:\/\/skaitytaknyga.lt\/produktas\/7-efektyviu-paaugliu-iprociai\/"]}]},{"@type":"ImageObject","inLanguage":"en-GB","@id":"https:\/\/skaitytaknyga.lt\/produktas\/7-efektyviu-paaugliu-iprociai\/#primaryimage","url":"https:\/\/skaitytaknyga.lt\/wp-content\/uploads\/2025\/07\/7-efektyviu-paaugliu-iprociai.webp","contentUrl":"https:\/\/skaitytaknyga.lt\/wp-content\/uploads\/2025\/07\/7-efektyviu-paaugliu-iprociai.webp","width":524,"height":801,"caption":"7 efektyvi\u0173 paaugli\u0173 \u012fpro\u010diai"},{"@type":"BreadcrumbList","@id":"https:\/\/skaitytaknyga.lt\/produktas\/7-efektyviu-paaugliu-iprociai\/#breadcrumb","itemListElement":[{"@type":"ListItem","position":1,"name":"Home","item":"https:\/\/skaitytaknyga.lt\/"},{"@type":"ListItem","position":2,"name":"Parduotuv\u0117","item":"https:\/\/skaitytaknyga.lt\/knygu-parduotuve\/"},{"@type":"ListItem","position":3,"name":"7 efektyvi\u0173 paaugli\u0173 \u012fpro\u010diai"}]},{"@type":"WebSite","@id":"https:\/\/skaitytaknyga.lt\/#website","url":"https:\/\/skaitytaknyga.lt\/","name":"skaitytaknyga.lt","description":"Skaitytaknyga.lt \u2013 tai ma\u017eas \u0161eimos verslas, kuris prasid\u0117jo nuo meil\u0117s knygoms ir siekio i\u0161gelb\u0117ti knygas nuo likimo prie konteinerio. Kas vienam nereikalingas daiktas \u2013 kitam lobis, o mes esame tarpininkai, kurie padeda abiems tapti laimingesniems ???? \u017dinome kaip nelengva i\u0161gyventi ma\u017eiems verslams, tad nuo \u0161iol, \u010dia rasite ir kit\u0173, ma\u017e\u0173 \u0161eim\u0173 versl\u0173, rank\u0173 darbo, dovan\u0173 sau ir artimiesiems.","publisher":{"@id":"https:\/\/skaitytaknyga.lt\/#organization"},"potentialAction":[{"@type":"SearchAction","target":{"@type":"EntryPoint","urlTemplate":"https:\/\/skaitytaknyga.lt\/?s={search_term_string}"},"query-input":{"@type":"PropertyValueSpecification","valueRequired":true,"valueName":"search_term_string"}}],"inLanguage":"en-GB"},{"@type":"Organization","@id":"https:\/\/skaitytaknyga.lt\/#organization","name":"skaitytaknyga.lt","url":"https:\/\/skaitytaknyga.lt\/","logo":{"@type":"ImageObject","inLanguage":"en-GB","@id":"https:\/\/skaitytaknyga.lt\/#\/schema\/logo\/image\/","url":"https:\/\/skaitytaknyga.lt\/wp-content\/uploads\/2024\/05\/cropped-cropped-cropped-02_00843_jt3bggkj1j3HLc7SyY6rEUpg.jpeg","contentUrl":"https:\/\/skaitytaknyga.lt\/wp-content\/uploads\/2024\/05\/cropped-cropped-cropped-02_00843_jt3bggkj1j3HLc7SyY6rEUpg.jpeg","width":1600,"height":1600,"caption":"skaitytaknyga.lt"},"image":{"@id":"https:\/\/skaitytaknyga.lt\/#\/schema\/logo\/image\/"},"sameAs":["https:\/\/www.facebook.com\/skaitytaknyga\/"]}]}},"_links":{"self":[{"href":"https:\/\/skaitytaknyga.lt\/en\/wp-json\/wp\/v2\/product\/19480","targetHints":{"allow":["GET"]}}],"collection":[{"href":"https:\/\/skaitytaknyga.lt\/en\/wp-json\/wp\/v2\/product"}],"about":[{"href":"https:\/\/skaitytaknyga.lt\/en\/wp-json\/wp\/v2\/types\/product"}],"replies":[{"embeddable":true,"href":"https:\/\/skaitytaknyga.lt\/en\/wp-json\/wp\/v2\/comments?post=19480"}],"wp:featuredmedia":[{"embeddable":true,"href":"https:\/\/skaitytaknyga.lt\/en\/wp-json\/wp\/v2\/media\/19486"}],"wp:attachment":[{"href":"https:\/\/skaitytaknyga.lt\/en\/wp-json\/wp\/v2\/media?parent=19480"}],"wp:term":[{"taxonomy":"product_brand","embeddable":true,"href":"https:\/\/skaitytaknyga.lt\/en\/wp-json\/wp\/v2\/product_brand?post=19480"},{"taxonomy":"product_cat","embeddable":true,"href":"https:\/\/skaitytaknyga.lt\/en\/wp-json\/wp\/v2\/product_cat?post=19480"},{"taxonomy":"product_tag","embeddable":true,"href":"https:\/\/skaitytaknyga.lt\/en\/wp-json\/wp\/v2\/product_tag?post=19480"}],"curies":[{"name":"wp","href":"https:\/\/api.w.org\/{rel}","templated":true}]}}