{"id":19463,"date":"2025-07-08T09:01:11","date_gmt":"2025-07-08T06:01:11","guid":{"rendered":"https:\/\/skaitytaknyga.lt\/?post_type=product&#038;p=19463"},"modified":"2025-07-22T10:14:12","modified_gmt":"2025-07-22T07:14:12","slug":"basas-ir-laimingas","status":"publish","type":"product","link":"https:\/\/skaitytaknyga.lt\/en\/produktas\/basas-ir-laimingas\/","title":{"rendered":"Basas ir laimingas"},"content":{"rendered":"<p>Saulius \u0160ALTENIS (g. 1945) \u2013 prozininkas, dramaturgas, kino scenaristas. Populiariausi k\u016briniai \u2013 apysakos ir novel\u0117s \u201eRie\u0161ut\u0173 duona&#8221;, \u201eDuoki\u0161kis&#8221;, \u201eAm\u017einai \u017ealiuojantis klevas&#8221;, romanai \u201eKal\u0117s vaikai&#8221;, \u201eDemon\u0173 am\u017eius&#8221;, \u201e\u017dyd\u0173 karalait\u0117s dienora\u0161tis&#8221;, pjes\u0117s \u201e\u0160kac, mirtie, visados \u0161kac&#8221;, \u201eJasonas&#8221;, \u201eLituanica&#8221;.<\/p>\n<p>\u201eBasas ir laimingas&#8221; \u2013 \u012ftaigiai papasakota istorija apie arkivyskupo \u0161v. Brunono Bonifaco Kverfurtie\u010dio paskutin\u0119 misij\u0105 \u012f tolimas, ma\u017eai \u017einomas lietuvi\u0173 \u017eemes, apie skirting\u0173 \u2013 krik\u0161\u010dioni\u0161kojo ir balt\u0173 pagoni\u0161kojo \u2013 pasauli\u0173 susid\u016brim\u0105. Apie vien\u0105 kontroversi\u0161kiausi\u0173 m\u016bs\u0173 tolimos praeities epizod\u0173 ra\u0161ytojas kalba itin subtiliai, neteisdamas ir neteisindamas. Tiesa yra ten, kur tik\u0117jimas, istorij\u0105 kuria laikas, o laikas visada esamasis.<\/p>\n<p>Gal beveik prie\u0161 ketverius metus i\u0161 \u010cikagos atvyk\u0119s aktorius Petras Steponavi\u010dius pasak\u0117, kad privalau para\u0161yti apie \u0161v. Brunon\u0105. Labai nustebau. Paai\u0161kino, kad tik a\u0161, girdi, galiu para\u0161yti. Vaik\u0161\u010diojau apie \u0161v. Brunon\u0105 kaip apie kaln\u0105 ir ilgai ne\u017einojau, kaip j\u012f pakelti. Kelis pirmuosius romano skyrius pagaliau nusiun\u010diau aktoriui, perskait\u0117, buvo laimingas. Ir netik\u0117tai mir\u0117 po m\u0117nesio&#8230; Per laidotuves pa\u017ead\u0117jau jo vaikams, kad tikrai para\u0161ysiu, nes kai prie romano atsiranda kapin\u0117s, tai jau ne vien literat\u016bros reikalas. Jaunyst\u0117j, kai dar nieko ne\u017einojau apie \u0161v. Brunon\u0105, basakoj\u012f arkivyskup\u0105, kaime, iki u\u017e\u0161aldavo e\u017eeras ir nebegal\u0117davau maudytis, vaik\u0161\u010diodavau basas. Tas nepamir\u0161tamas nuo \u0161alnos pak\u0105stos \u017eol\u0117s per padus iki sielos persmelkiantis jausmas staiga lyg nu\u0161viet\u0117 1009\u02d7\u0173j\u0173 keli\u0105 \u012f nekrik\u0161tyt\u0173 lietuvi\u0173 \u017eemes&#8230;<\/p>\n<p>Saulius \u0160altenis<\/p>\n","protected":false},"excerpt":{"rendered":"<p>Saulius \u0160ALTENIS (g. 1945) \u2013 prozininkas, dramaturgas, kino scenaristas. Populiariausi k\u016briniai \u2013 apysakos ir novel\u0117s \u201eRie\u0161ut\u0173 duona&#8221;, \u201eDuoki\u0161kis&#8221;, \u201eAm\u017einai \u017ealiuojantis klevas&#8221;, romanai \u201eKal\u0117s vaikai&#8221;, \u201eDemon\u0173 am\u017eius&#8221;, \u201e\u017dyd\u0173 karalait\u0117s dienora\u0161tis&#8221;, pjes\u0117s \u201e\u0160kac, mirtie, visados \u0161kac&#8221;, \u201eJasonas&#8221;, \u201eLituanica&#8221;. \u201eBasas ir laimingas&#8221; \u2013 \u012ftaigiai papasakota istorija apie arkivyskupo \u0161v. Brunono Bonifaco Kverfurtie\u010dio paskutin\u0119 misij\u0105 \u012f tolimas, ma\u017eai \u017einomas lietuvi\u0173 \u017eemes, apie skirting\u0173 \u2013 krik\u0161\u010dioni\u0161kojo ir balt\u0173 pagoni\u0161kojo \u2013 pasauli\u0173 susid\u016brim\u0105. Apie vien\u0105 kontroversi\u0161kiausi\u0173 m\u016bs\u0173 tolimos praeities epizod\u0173 ra\u0161ytojas kalba itin subtiliai, neteisdamas ir neteisindamas. Tiesa yra ten, kur tik\u0117jimas, istorij\u0105 kuria laikas, o laikas visada esamasis. Gal beveik prie\u0161 ketverius metus i\u0161 \u010cikagos atvyk\u0119s aktorius Petras Steponavi\u010dius pasak\u0117, kad privalau para\u0161yti apie \u0161v. Brunon\u0105. Labai nustebau. Paai\u0161kino, kad tik a\u0161, girdi, galiu para\u0161yti. Vaik\u0161\u010diojau apie \u0161v. Brunon\u0105 kaip apie kaln\u0105 ir ilgai ne\u017einojau, kaip j\u012f pakelti. Kelis pirmuosius romano skyrius pagaliau nusiun\u010diau aktoriui, perskait\u0117, buvo laimingas. Ir netik\u0117tai mir\u0117 po m\u0117nesio&#8230; Per laidotuves pa\u017ead\u0117jau jo vaikams, kad tikrai para\u0161ysiu, nes kai prie romano atsiranda kapin\u0117s, tai jau ne vien literat\u016bros reikalas. Jaunyst\u0117j, kai dar nieko ne\u017einojau apie \u0161v. Brunon\u0105, basakoj\u012f arkivyskup\u0105, kaime, iki u\u017e\u0161aldavo e\u017eeras ir nebegal\u0117davau maudytis, vaik\u0161\u010diodavau basas. Tas nepamir\u0161tamas nuo \u0161alnos pak\u0105stos \u017eol\u0117s per padus iki sielos persmelkiantis jausmas staiga lyg nu\u0161viet\u0117 1009\u02d7\u0173j\u0173 keli\u0105 \u012f nekrik\u0161tyt\u0173 lietuvi\u0173 \u017eemes&#8230; Saulius \u0160altenis<\/p>\n","protected":false},"featured_media":19468,"comment_status":"open","ping_status":"closed","template":"","meta":{"_acf_changed":false,"site-sidebar-layout":"default","site-content-layout":"","ast-site-content-layout":"default","site-content-style":"default","site-sidebar-style":"default","ast-global-header-display":"","ast-banner-title-visibility":"","ast-main-header-display":"","ast-hfb-above-header-display":"","ast-hfb-below-header-display":"","ast-hfb-mobile-header-display":"","site-post-title":"","ast-breadcrumbs-content":"","ast-featured-img":"","footer-sml-layout":"","ast-disable-related-posts":"","theme-transparent-header-meta":"","adv-header-id-meta":"","stick-header-meta":"","header-above-stick-meta":"","header-main-stick-meta":"","header-below-stick-meta":"","astra-migrate-meta-layouts":"default","ast-page-background-enabled":"default","ast-page-background-meta":{"desktop":{"background-color":"","background-image":"","background-repeat":"repeat","background-position":"center center","background-size":"auto","background-attachment":"scroll","background-type":"","background-media":"","overlay-type":"","overlay-color":"","overlay-opacity":"","overlay-gradient":""},"tablet":{"background-color":"","background-image":"","background-repeat":"repeat","background-position":"center center","background-size":"auto","background-attachment":"scroll","background-type":"","background-media":"","overlay-type":"","overlay-color":"","overlay-opacity":"","overlay-gradient":""},"mobile":{"background-color":"","background-image":"","background-repeat":"repeat","background-position":"center center","background-size":"auto","background-attachment":"scroll","background-type":"","background-media":"","overlay-type":"","overlay-color":"","overlay-opacity":"","overlay-gradient":""}},"ast-content-background-meta":{"desktop":{"background-color":"var(--ast-global-color-4)","background-image":"","background-repeat":"repeat","background-position":"center center","background-size":"auto","background-attachment":"scroll","background-type":"","background-media":"","overlay-type":"","overlay-color":"","overlay-opacity":"","overlay-gradient":""},"tablet":{"background-color":"var(--ast-global-color-4)","background-image":"","background-repeat":"repeat","background-position":"center center","background-size":"auto","background-attachment":"scroll","background-type":"","background-media":"","overlay-type":"","overlay-color":"","overlay-opacity":"","overlay-gradient":""},"mobile":{"background-color":"var(--ast-global-color-4)","background-image":"","background-repeat":"repeat","background-position":"center center","background-size":"auto","background-attachment":"scroll","background-type":"","background-media":"","overlay-type":"","overlay-color":"","overlay-opacity":"","overlay-gradient":""}}},"product_brand":[],"product_cat":[31],"product_tag":[6326,2224,1942,6325,1745,6327],"class_list":{"0":"post-19463","1":"product","2":"type-product","3":"status-publish","4":"has-post-thumbnail","6":"product_cat-grozine-literatura","7":"product_tag-brunonas","8":"product_tag-istorija","9":"product_tag-krikscionybe","10":"product_tag-pagonybe","11":"product_tag-romanas","12":"product_tag-saulius-saltenis","13":"desktop-align-left","14":"tablet-align-left","15":"mobile-align-left","17":"first","18":"instock","19":"shipping-taxable","20":"purchasable","21":"product-type-simple"},"acf":[],"yoast_head":"<!-- This site is optimized with the Yoast SEO plugin v27.0 - https:\/\/yoast.com\/product\/yoast-seo-wordpress\/ -->\n<title>Basas ir laimingas<\/title>\n<meta name=\"description\" content=\"Saulius \u0160ALTENIS (g. 1945) \u2013 prozininkas, dramaturgas, kino scenaristas. Populiariausi k\u016briniai \u2013 apysakos ir novel\u0117s \u201eRie\u0161ut\u0173 duona&quot;, \u201eDuoki\u0161kis&quot;,\" \/>\n<meta name=\"robots\" content=\"index, follow, max-snippet:-1, max-image-preview:large, max-video-preview:-1\" \/>\n<link rel=\"canonical\" href=\"https:\/\/skaitytaknyga.lt\/en\/produktas\/basas-ir-laimingas\/\" \/>\n<meta property=\"og:locale\" content=\"en_GB\" \/>\n<meta property=\"og:locale:alternate\" content=\"lt_LT\" \/>\n<meta property=\"og:type\" content=\"article\" \/>\n<meta property=\"og:title\" content=\"Basas ir laimingas\" \/>\n<meta property=\"og:description\" content=\"Saulius \u0160ALTENIS (g. 1945) \u2013 prozininkas, dramaturgas, kino scenaristas. Populiariausi k\u016briniai \u2013 apysakos ir novel\u0117s \u201eRie\u0161ut\u0173 duona&quot;, \u201eDuoki\u0161kis&quot;,\" \/>\n<meta property=\"og:url\" content=\"https:\/\/skaitytaknyga.lt\/en\/produktas\/basas-ir-laimingas\/\" \/>\n<meta property=\"og:site_name\" content=\"Skaitytaknyga\" \/>\n<meta property=\"article:publisher\" content=\"https:\/\/www.facebook.com\/skaitytaknyga\/\" \/>\n<meta property=\"article:modified_time\" content=\"2025-07-22T07:14:12+00:00\" \/>\n<meta property=\"og:image\" content=\"https:\/\/skaitytaknyga.lt\/wp-content\/uploads\/2025\/07\/Basas-ir-laimingas.webp\" \/>\n\t<meta property=\"og:image:width\" content=\"534\" \/>\n\t<meta property=\"og:image:height\" content=\"801\" \/>\n\t<meta property=\"og:image:type\" content=\"image\/webp\" \/>\n<meta name=\"twitter:card\" content=\"summary_large_image\" \/>\n<meta name=\"twitter:label1\" content=\"Estimated reading time\" \/>\n\t<meta name=\"twitter:data1\" content=\"1 minute\" \/>\n<script type=\"application\/ld+json\" class=\"yoast-schema-graph\">{\"@context\":\"https:\/\/schema.org\",\"@graph\":[{\"@type\":\"WebPage\",\"@id\":\"https:\/\/skaitytaknyga.lt\/produktas\/basas-ir-laimingas\/\",\"url\":\"https:\/\/skaitytaknyga.lt\/produktas\/basas-ir-laimingas\/\",\"name\":\"Basas ir laimingas\",\"isPartOf\":{\"@id\":\"https:\/\/skaitytaknyga.lt\/#website\"},\"primaryImageOfPage\":{\"@id\":\"https:\/\/skaitytaknyga.lt\/produktas\/basas-ir-laimingas\/#primaryimage\"},\"image\":{\"@id\":\"https:\/\/skaitytaknyga.lt\/produktas\/basas-ir-laimingas\/#primaryimage\"},\"thumbnailUrl\":\"https:\/\/skaitytaknyga.lt\/wp-content\/uploads\/2025\/07\/Basas-ir-laimingas.webp\",\"datePublished\":\"2025-07-08T06:01:11+00:00\",\"dateModified\":\"2025-07-22T07:14:12+00:00\",\"description\":\"Saulius \u0160ALTENIS (g. 1945) \u2013 prozininkas, dramaturgas, kino scenaristas. Populiariausi k\u016briniai \u2013 apysakos ir novel\u0117s \u201eRie\u0161ut\u0173 duona\\\", \u201eDuoki\u0161kis\\\",\",\"breadcrumb\":{\"@id\":\"https:\/\/skaitytaknyga.lt\/produktas\/basas-ir-laimingas\/#breadcrumb\"},\"inLanguage\":\"en-GB\",\"potentialAction\":[{\"@type\":\"ReadAction\",\"target\":[\"https:\/\/skaitytaknyga.lt\/produktas\/basas-ir-laimingas\/\"]}]},{\"@type\":\"ImageObject\",\"inLanguage\":\"en-GB\",\"@id\":\"https:\/\/skaitytaknyga.lt\/produktas\/basas-ir-laimingas\/#primaryimage\",\"url\":\"https:\/\/skaitytaknyga.lt\/wp-content\/uploads\/2025\/07\/Basas-ir-laimingas.webp\",\"contentUrl\":\"https:\/\/skaitytaknyga.lt\/wp-content\/uploads\/2025\/07\/Basas-ir-laimingas.webp\",\"width\":534,\"height\":801,\"caption\":\"Basas ir laimingas\"},{\"@type\":\"BreadcrumbList\",\"@id\":\"https:\/\/skaitytaknyga.lt\/produktas\/basas-ir-laimingas\/#breadcrumb\",\"itemListElement\":[{\"@type\":\"ListItem\",\"position\":1,\"name\":\"Home\",\"item\":\"https:\/\/skaitytaknyga.lt\/\"},{\"@type\":\"ListItem\",\"position\":2,\"name\":\"Parduotuv\u0117\",\"item\":\"https:\/\/skaitytaknyga.lt\/knygu-parduotuve\/\"},{\"@type\":\"ListItem\",\"position\":3,\"name\":\"Basas ir laimingas\"}]},{\"@type\":\"WebSite\",\"@id\":\"https:\/\/skaitytaknyga.lt\/#website\",\"url\":\"https:\/\/skaitytaknyga.lt\/\",\"name\":\"skaitytaknyga.lt\",\"description\":\"Skaitytaknyga.lt \u2013 tai ma\u017eas \u0161eimos verslas, kuris prasid\u0117jo nuo meil\u0117s knygoms ir siekio i\u0161gelb\u0117ti knygas nuo likimo prie konteinerio. Kas vienam nereikalingas daiktas \u2013 kitam lobis, o mes esame tarpininkai, kurie padeda abiems tapti laimingesniems ???? \u017dinome kaip nelengva i\u0161gyventi ma\u017eiems verslams, tad nuo \u0161iol, \u010dia rasite ir kit\u0173, ma\u017e\u0173 \u0161eim\u0173 versl\u0173, rank\u0173 darbo, dovan\u0173 sau ir artimiesiems.\",\"publisher\":{\"@id\":\"https:\/\/skaitytaknyga.lt\/#organization\"},\"potentialAction\":[{\"@type\":\"SearchAction\",\"target\":{\"@type\":\"EntryPoint\",\"urlTemplate\":\"https:\/\/skaitytaknyga.lt\/?s={search_term_string}\"},\"query-input\":{\"@type\":\"PropertyValueSpecification\",\"valueRequired\":true,\"valueName\":\"search_term_string\"}}],\"inLanguage\":\"en-GB\"},{\"@type\":\"Organization\",\"@id\":\"https:\/\/skaitytaknyga.lt\/#organization\",\"name\":\"skaitytaknyga.lt\",\"url\":\"https:\/\/skaitytaknyga.lt\/\",\"logo\":{\"@type\":\"ImageObject\",\"inLanguage\":\"en-GB\",\"@id\":\"https:\/\/skaitytaknyga.lt\/#\/schema\/logo\/image\/\",\"url\":\"https:\/\/skaitytaknyga.lt\/wp-content\/uploads\/2024\/05\/cropped-cropped-cropped-02_00843_jt3bggkj1j3HLc7SyY6rEUpg.jpeg\",\"contentUrl\":\"https:\/\/skaitytaknyga.lt\/wp-content\/uploads\/2024\/05\/cropped-cropped-cropped-02_00843_jt3bggkj1j3HLc7SyY6rEUpg.jpeg\",\"width\":1600,\"height\":1600,\"caption\":\"skaitytaknyga.lt\"},\"image\":{\"@id\":\"https:\/\/skaitytaknyga.lt\/#\/schema\/logo\/image\/\"},\"sameAs\":[\"https:\/\/www.facebook.com\/skaitytaknyga\/\"]}]}<\/script>\n<!-- \/ Yoast SEO plugin. -->","yoast_head_json":{"title":"Basas ir laimingas","description":"Saulius \u0160ALTENIS (g. 1945) \u2013 prozininkas, dramaturgas, kino scenaristas. Populiariausi k\u016briniai \u2013 apysakos ir novel\u0117s \u201eRie\u0161ut\u0173 duona\", \u201eDuoki\u0161kis\",","robots":{"index":"index","follow":"follow","max-snippet":"max-snippet:-1","max-image-preview":"max-image-preview:large","max-video-preview":"max-video-preview:-1"},"canonical":"https:\/\/skaitytaknyga.lt\/en\/produktas\/basas-ir-laimingas\/","og_locale":"en_GB","og_type":"article","og_title":"[:lt]Basas ir laimingas[:] - Skaitytaknyga","og_description":"Saulius \u0160ALTENIS (g. 1945) \u2013 prozininkas, dramaturgas, kino scenaristas. Populiariausi k\u016briniai \u2013 apysakos ir novel\u0117s \u201eRie\u0161ut\u0173 duona\", \u201eDuoki\u0161kis\",","og_url":"https:\/\/skaitytaknyga.lt\/en\/produktas\/basas-ir-laimingas\/","og_site_name":"Skaitytaknyga","article_publisher":"https:\/\/www.facebook.com\/skaitytaknyga\/","article_modified_time":"2025-07-22T07:14:12+00:00","og_image":[{"width":534,"height":801,"url":"https:\/\/skaitytaknyga.lt\/wp-content\/uploads\/2025\/07\/Basas-ir-laimingas.webp","type":"image\/webp"}],"twitter_card":"summary_large_image","twitter_misc":{"Estimated reading time":"1 minute"},"schema":{"@context":"https:\/\/schema.org","@graph":[{"@type":"WebPage","@id":"https:\/\/skaitytaknyga.lt\/produktas\/basas-ir-laimingas\/","url":"https:\/\/skaitytaknyga.lt\/produktas\/basas-ir-laimingas\/","name":"Basas ir laimingas","isPartOf":{"@id":"https:\/\/skaitytaknyga.lt\/#website"},"primaryImageOfPage":{"@id":"https:\/\/skaitytaknyga.lt\/produktas\/basas-ir-laimingas\/#primaryimage"},"image":{"@id":"https:\/\/skaitytaknyga.lt\/produktas\/basas-ir-laimingas\/#primaryimage"},"thumbnailUrl":"https:\/\/skaitytaknyga.lt\/wp-content\/uploads\/2025\/07\/Basas-ir-laimingas.webp","datePublished":"2025-07-08T06:01:11+00:00","dateModified":"2025-07-22T07:14:12+00:00","description":"Saulius \u0160ALTENIS (g. 1945) \u2013 prozininkas, dramaturgas, kino scenaristas. Populiariausi k\u016briniai \u2013 apysakos ir novel\u0117s \u201eRie\u0161ut\u0173 duona\", \u201eDuoki\u0161kis\",","breadcrumb":{"@id":"https:\/\/skaitytaknyga.lt\/produktas\/basas-ir-laimingas\/#breadcrumb"},"inLanguage":"en-GB","potentialAction":[{"@type":"ReadAction","target":["https:\/\/skaitytaknyga.lt\/produktas\/basas-ir-laimingas\/"]}]},{"@type":"ImageObject","inLanguage":"en-GB","@id":"https:\/\/skaitytaknyga.lt\/produktas\/basas-ir-laimingas\/#primaryimage","url":"https:\/\/skaitytaknyga.lt\/wp-content\/uploads\/2025\/07\/Basas-ir-laimingas.webp","contentUrl":"https:\/\/skaitytaknyga.lt\/wp-content\/uploads\/2025\/07\/Basas-ir-laimingas.webp","width":534,"height":801,"caption":"Basas ir laimingas"},{"@type":"BreadcrumbList","@id":"https:\/\/skaitytaknyga.lt\/produktas\/basas-ir-laimingas\/#breadcrumb","itemListElement":[{"@type":"ListItem","position":1,"name":"Home","item":"https:\/\/skaitytaknyga.lt\/"},{"@type":"ListItem","position":2,"name":"Parduotuv\u0117","item":"https:\/\/skaitytaknyga.lt\/knygu-parduotuve\/"},{"@type":"ListItem","position":3,"name":"Basas ir laimingas"}]},{"@type":"WebSite","@id":"https:\/\/skaitytaknyga.lt\/#website","url":"https:\/\/skaitytaknyga.lt\/","name":"skaitytaknyga.lt","description":"Skaitytaknyga.lt \u2013 tai ma\u017eas \u0161eimos verslas, kuris prasid\u0117jo nuo meil\u0117s knygoms ir siekio i\u0161gelb\u0117ti knygas nuo likimo prie konteinerio. Kas vienam nereikalingas daiktas \u2013 kitam lobis, o mes esame tarpininkai, kurie padeda abiems tapti laimingesniems ???? \u017dinome kaip nelengva i\u0161gyventi ma\u017eiems verslams, tad nuo \u0161iol, \u010dia rasite ir kit\u0173, ma\u017e\u0173 \u0161eim\u0173 versl\u0173, rank\u0173 darbo, dovan\u0173 sau ir artimiesiems.","publisher":{"@id":"https:\/\/skaitytaknyga.lt\/#organization"},"potentialAction":[{"@type":"SearchAction","target":{"@type":"EntryPoint","urlTemplate":"https:\/\/skaitytaknyga.lt\/?s={search_term_string}"},"query-input":{"@type":"PropertyValueSpecification","valueRequired":true,"valueName":"search_term_string"}}],"inLanguage":"en-GB"},{"@type":"Organization","@id":"https:\/\/skaitytaknyga.lt\/#organization","name":"skaitytaknyga.lt","url":"https:\/\/skaitytaknyga.lt\/","logo":{"@type":"ImageObject","inLanguage":"en-GB","@id":"https:\/\/skaitytaknyga.lt\/#\/schema\/logo\/image\/","url":"https:\/\/skaitytaknyga.lt\/wp-content\/uploads\/2024\/05\/cropped-cropped-cropped-02_00843_jt3bggkj1j3HLc7SyY6rEUpg.jpeg","contentUrl":"https:\/\/skaitytaknyga.lt\/wp-content\/uploads\/2024\/05\/cropped-cropped-cropped-02_00843_jt3bggkj1j3HLc7SyY6rEUpg.jpeg","width":1600,"height":1600,"caption":"skaitytaknyga.lt"},"image":{"@id":"https:\/\/skaitytaknyga.lt\/#\/schema\/logo\/image\/"},"sameAs":["https:\/\/www.facebook.com\/skaitytaknyga\/"]}]}},"_links":{"self":[{"href":"https:\/\/skaitytaknyga.lt\/en\/wp-json\/wp\/v2\/product\/19463","targetHints":{"allow":["GET"]}}],"collection":[{"href":"https:\/\/skaitytaknyga.lt\/en\/wp-json\/wp\/v2\/product"}],"about":[{"href":"https:\/\/skaitytaknyga.lt\/en\/wp-json\/wp\/v2\/types\/product"}],"replies":[{"embeddable":true,"href":"https:\/\/skaitytaknyga.lt\/en\/wp-json\/wp\/v2\/comments?post=19463"}],"wp:featuredmedia":[{"embeddable":true,"href":"https:\/\/skaitytaknyga.lt\/en\/wp-json\/wp\/v2\/media\/19468"}],"wp:attachment":[{"href":"https:\/\/skaitytaknyga.lt\/en\/wp-json\/wp\/v2\/media?parent=19463"}],"wp:term":[{"taxonomy":"product_brand","embeddable":true,"href":"https:\/\/skaitytaknyga.lt\/en\/wp-json\/wp\/v2\/product_brand?post=19463"},{"taxonomy":"product_cat","embeddable":true,"href":"https:\/\/skaitytaknyga.lt\/en\/wp-json\/wp\/v2\/product_cat?post=19463"},{"taxonomy":"product_tag","embeddable":true,"href":"https:\/\/skaitytaknyga.lt\/en\/wp-json\/wp\/v2\/product_tag?post=19463"}],"curies":[{"name":"wp","href":"https:\/\/api.w.org\/{rel}","templated":true}]}}