{"id":19462,"date":"2025-07-08T09:01:10","date_gmt":"2025-07-08T06:01:10","guid":{"rendered":"https:\/\/skaitytaknyga.lt\/?post_type=product&#038;p=19462"},"modified":"2025-07-22T10:14:12","modified_gmt":"2025-07-22T07:14:12","slug":"micmanas-hornbloueris","status":"publish","type":"product","link":"https:\/\/skaitytaknyga.lt\/en\/produktas\/micmanas-hornbloueris\/","title":{"rendered":"Mi\u010dmanas Hornbloueris"},"content":{"rendered":"<p>Visiems, kas pasiilgo j\u016brin\u0117s romantikos, laiv\u0173, m\u016b\u0161i\u0173, \u017eygi\u0173 ir dvikov\u0173: Horacijus Hornbloueris atplauk\u0117 \u012f Lietuv\u0105!<\/p>\n<p>Ne\u012ftik\u0117tinai \u012fdomi istorija prasideda 1794 m., kai liesas, nedr\u0105sus, i\u0161bly\u0161k\u0119s, ai\u0161kiai sergantis j\u016bros liga Horacijus Hornbloueris atvyksta \u012f pirm\u0105j\u012f savo laiv\u0105. Niekas \u0161iame septyniolikmetyje neb\u016bt\u0173 \u012f\u017evelg\u0119s b\u016bsimojo j\u016bros didvyrio. Ta\u010diau jaunuolis pasirodo bes\u0105s ir protingas, ir anaiptol ne bailys. Jis gerai i\u0161mano navigacij\u0105, yra garbingas ir gindamas savo garb\u0117s supratim\u0105, dr\u0105siai \u012fsivelia \u012f gyvybei pavojing\u0105 dvikov\u0105. O vis\u0173 svarbiausia \u2013 jam sekasi.<\/p>\n<p>Proga parodyti savo sugeb\u0117jimus pasitaiko greitai: septyniolikos met\u0173 jauniklis su keturiais patyrusiais j\u016breiviais, klausan\u010diais jo \u012fsakym\u0173, gauna u\u017eduot\u012f \u012f angl\u0173 uost\u0105 nuplukdyti apgadint\u0105 pranc\u016bz\u0173 brig\u0105 su belaisviais.<\/p>\n<p>Situacijos, kur reikalinga daug didesn\u0117 patirtis, daug didesnis autoritetas ir garsesnis balsas, tiesiog persekioja jaun\u0105j\u012f mi\u010dman\u0105. O tuo metu Anglija veliasi \u012f Napoleono karus ir niekas n\u0117ra tikras nei d\u0117l savo dabarties, nei d\u0117l ateities: per valand\u0105 nugal\u0117tojai gali virsti belaisviais ir atvirk\u0161\u010diai. Ta\u010diau \u0161is Fort\u016bnos numyl\u0117tinis \u012frodo, kad jo laukia \u0161viesi ateitis. Net tuomet, kai patenka \u012f ispan\u0173 nelaisv\u0119: ir ten jo garb\u0117 bei dr\u0105sa nelieka nepasteb\u0117ta\u2026<\/p>\n","protected":false},"excerpt":{"rendered":"<p>Visiems, kas pasiilgo j\u016brin\u0117s romantikos, laiv\u0173, m\u016b\u0161i\u0173, \u017eygi\u0173 ir dvikov\u0173: Horacijus Hornbloueris atplauk\u0117 \u012f Lietuv\u0105! Ne\u012ftik\u0117tinai \u012fdomi istorija prasideda 1794 m., kai liesas, nedr\u0105sus, i\u0161bly\u0161k\u0119s, ai\u0161kiai sergantis j\u016bros liga Horacijus Hornbloueris atvyksta \u012f pirm\u0105j\u012f savo laiv\u0105. Niekas \u0161iame septyniolikmetyje neb\u016bt\u0173 \u012f\u017evelg\u0119s b\u016bsimojo j\u016bros didvyrio. Ta\u010diau jaunuolis pasirodo bes\u0105s ir protingas, ir anaiptol ne bailys. Jis gerai i\u0161mano navigacij\u0105, yra garbingas ir gindamas savo garb\u0117s supratim\u0105, dr\u0105siai \u012fsivelia \u012f gyvybei pavojing\u0105 dvikov\u0105. O vis\u0173 svarbiausia \u2013 jam sekasi. Proga parodyti savo sugeb\u0117jimus pasitaiko greitai: septyniolikos met\u0173 jauniklis su keturiais patyrusiais j\u016breiviais, klausan\u010diais jo \u012fsakym\u0173, gauna u\u017eduot\u012f \u012f angl\u0173 uost\u0105 nuplukdyti apgadint\u0105 pranc\u016bz\u0173 brig\u0105 su belaisviais. Situacijos, kur reikalinga daug didesn\u0117 patirtis, daug didesnis autoritetas ir garsesnis balsas, tiesiog persekioja jaun\u0105j\u012f mi\u010dman\u0105. O tuo metu Anglija veliasi \u012f Napoleono karus ir niekas n\u0117ra tikras nei d\u0117l savo dabarties, nei d\u0117l ateities: per valand\u0105 nugal\u0117tojai gali virsti belaisviais ir atvirk\u0161\u010diai. Ta\u010diau \u0161is Fort\u016bnos numyl\u0117tinis \u012frodo, kad jo laukia \u0161viesi ateitis. Net tuomet, kai patenka \u012f ispan\u0173 nelaisv\u0119: ir ten jo garb\u0117 bei dr\u0105sa nelieka nepasteb\u0117ta\u2026<\/p>\n","protected":false},"featured_media":19467,"comment_status":"open","ping_status":"closed","template":"","meta":{"_acf_changed":false,"site-sidebar-layout":"default","site-content-layout":"","ast-site-content-layout":"default","site-content-style":"default","site-sidebar-style":"default","ast-global-header-display":"","ast-banner-title-visibility":"","ast-main-header-display":"","ast-hfb-above-header-display":"","ast-hfb-below-header-display":"","ast-hfb-mobile-header-display":"","site-post-title":"","ast-breadcrumbs-content":"","ast-featured-img":"","footer-sml-layout":"","ast-disable-related-posts":"","theme-transparent-header-meta":"","adv-header-id-meta":"","stick-header-meta":"","header-above-stick-meta":"","header-main-stick-meta":"","header-below-stick-meta":"","astra-migrate-meta-layouts":"default","ast-page-background-enabled":"default","ast-page-background-meta":{"desktop":{"background-color":"","background-image":"","background-repeat":"repeat","background-position":"center center","background-size":"auto","background-attachment":"scroll","background-type":"","background-media":"","overlay-type":"","overlay-color":"","overlay-opacity":"","overlay-gradient":""},"tablet":{"background-color":"","background-image":"","background-repeat":"repeat","background-position":"center center","background-size":"auto","background-attachment":"scroll","background-type":"","background-media":"","overlay-type":"","overlay-color":"","overlay-opacity":"","overlay-gradient":""},"mobile":{"background-color":"","background-image":"","background-repeat":"repeat","background-position":"center center","background-size":"auto","background-attachment":"scroll","background-type":"","background-media":"","overlay-type":"","overlay-color":"","overlay-opacity":"","overlay-gradient":""}},"ast-content-background-meta":{"desktop":{"background-color":"var(--ast-global-color-4)","background-image":"","background-repeat":"repeat","background-position":"center center","background-size":"auto","background-attachment":"scroll","background-type":"","background-media":"","overlay-type":"","overlay-color":"","overlay-opacity":"","overlay-gradient":""},"tablet":{"background-color":"var(--ast-global-color-4)","background-image":"","background-repeat":"repeat","background-position":"center center","background-size":"auto","background-attachment":"scroll","background-type":"","background-media":"","overlay-type":"","overlay-color":"","overlay-opacity":"","overlay-gradient":""},"mobile":{"background-color":"var(--ast-global-color-4)","background-image":"","background-repeat":"repeat","background-position":"center center","background-size":"auto","background-attachment":"scroll","background-type":"","background-media":"","overlay-type":"","overlay-color":"","overlay-opacity":"","overlay-gradient":""}}},"product_brand":[],"product_cat":[31],"product_tag":[6324,2224,4031,6323,5521],"class_list":{"0":"post-19462","1":"product","2":"type-product","3":"status-publish","4":"has-post-thumbnail","6":"product_cat-grozine-literatura","7":"product_tag-cecil-scott-forester","8":"product_tag-istorija","9":"product_tag-jura","10":"product_tag-juriniai-nuotykiai","11":"product_tag-karai","12":"desktop-align-left","13":"tablet-align-left","14":"mobile-align-left","16":"first","17":"instock","18":"shipping-taxable","19":"purchasable","20":"product-type-simple"},"acf":[],"yoast_head":"<!-- This site is optimized with the Yoast SEO plugin v27.0 - https:\/\/yoast.com\/product\/yoast-seo-wordpress\/ -->\n<title>Mi\u010dmanas Hornbloueris<\/title>\n<meta name=\"description\" content=\"Visiems, kas pasiilgo j\u016brin\u0117s romantikos, laiv\u0173, m\u016b\u0161i\u0173, \u017eygi\u0173 ir dvikov\u0173: Horacijus Hornbloueris atplauk\u0117 \u012f Lietuv\u0105! Ne\u012ftik\u0117tinai \u012fdomi istorija prasideda\" \/>\n<meta name=\"robots\" content=\"index, follow, max-snippet:-1, max-image-preview:large, max-video-preview:-1\" \/>\n<link rel=\"canonical\" href=\"https:\/\/skaitytaknyga.lt\/en\/produktas\/micmanas-hornbloueris\/\" \/>\n<meta property=\"og:locale\" content=\"en_GB\" \/>\n<meta property=\"og:locale:alternate\" content=\"lt_LT\" \/>\n<meta property=\"og:type\" content=\"article\" \/>\n<meta property=\"og:title\" content=\"Mi\u010dmanas Hornbloueris\" \/>\n<meta property=\"og:description\" content=\"Visiems, kas pasiilgo j\u016brin\u0117s romantikos, laiv\u0173, m\u016b\u0161i\u0173, \u017eygi\u0173 ir dvikov\u0173: Horacijus Hornbloueris atplauk\u0117 \u012f Lietuv\u0105! Ne\u012ftik\u0117tinai \u012fdomi istorija prasideda\" \/>\n<meta property=\"og:url\" content=\"https:\/\/skaitytaknyga.lt\/en\/produktas\/micmanas-hornbloueris\/\" \/>\n<meta property=\"og:site_name\" content=\"Skaitytaknyga\" \/>\n<meta property=\"article:publisher\" content=\"https:\/\/www.facebook.com\/skaitytaknyga\/\" \/>\n<meta property=\"article:modified_time\" content=\"2025-07-22T07:14:12+00:00\" \/>\n<meta property=\"og:image\" content=\"https:\/\/skaitytaknyga.lt\/wp-content\/uploads\/2025\/07\/Micmanas-Hornbloueris.webp\" \/>\n\t<meta property=\"og:image:width\" content=\"341\" \/>\n\t<meta property=\"og:image:height\" content=\"550\" \/>\n\t<meta property=\"og:image:type\" content=\"image\/webp\" \/>\n<meta name=\"twitter:card\" content=\"summary_large_image\" \/>\n<meta name=\"twitter:label1\" content=\"Estimated reading time\" \/>\n\t<meta name=\"twitter:data1\" content=\"1 minute\" \/>\n<script type=\"application\/ld+json\" class=\"yoast-schema-graph\">{\"@context\":\"https:\/\/schema.org\",\"@graph\":[{\"@type\":\"WebPage\",\"@id\":\"https:\/\/skaitytaknyga.lt\/produktas\/micmanas-hornbloueris\/\",\"url\":\"https:\/\/skaitytaknyga.lt\/produktas\/micmanas-hornbloueris\/\",\"name\":\"Mi\u010dmanas Hornbloueris\",\"isPartOf\":{\"@id\":\"https:\/\/skaitytaknyga.lt\/#website\"},\"primaryImageOfPage\":{\"@id\":\"https:\/\/skaitytaknyga.lt\/produktas\/micmanas-hornbloueris\/#primaryimage\"},\"image\":{\"@id\":\"https:\/\/skaitytaknyga.lt\/produktas\/micmanas-hornbloueris\/#primaryimage\"},\"thumbnailUrl\":\"https:\/\/skaitytaknyga.lt\/wp-content\/uploads\/2025\/07\/Micmanas-Hornbloueris.webp\",\"datePublished\":\"2025-07-08T06:01:10+00:00\",\"dateModified\":\"2025-07-22T07:14:12+00:00\",\"description\":\"Visiems, kas pasiilgo j\u016brin\u0117s romantikos, laiv\u0173, m\u016b\u0161i\u0173, \u017eygi\u0173 ir dvikov\u0173: Horacijus Hornbloueris atplauk\u0117 \u012f Lietuv\u0105! Ne\u012ftik\u0117tinai \u012fdomi istorija prasideda\",\"breadcrumb\":{\"@id\":\"https:\/\/skaitytaknyga.lt\/produktas\/micmanas-hornbloueris\/#breadcrumb\"},\"inLanguage\":\"en-GB\",\"potentialAction\":[{\"@type\":\"ReadAction\",\"target\":[\"https:\/\/skaitytaknyga.lt\/produktas\/micmanas-hornbloueris\/\"]}]},{\"@type\":\"ImageObject\",\"inLanguage\":\"en-GB\",\"@id\":\"https:\/\/skaitytaknyga.lt\/produktas\/micmanas-hornbloueris\/#primaryimage\",\"url\":\"https:\/\/skaitytaknyga.lt\/wp-content\/uploads\/2025\/07\/Micmanas-Hornbloueris.webp\",\"contentUrl\":\"https:\/\/skaitytaknyga.lt\/wp-content\/uploads\/2025\/07\/Micmanas-Hornbloueris.webp\",\"width\":341,\"height\":550,\"caption\":\"Mi\u010dmanas Hornbloueris\"},{\"@type\":\"BreadcrumbList\",\"@id\":\"https:\/\/skaitytaknyga.lt\/produktas\/micmanas-hornbloueris\/#breadcrumb\",\"itemListElement\":[{\"@type\":\"ListItem\",\"position\":1,\"name\":\"Home\",\"item\":\"https:\/\/skaitytaknyga.lt\/\"},{\"@type\":\"ListItem\",\"position\":2,\"name\":\"Parduotuv\u0117\",\"item\":\"https:\/\/skaitytaknyga.lt\/knygu-parduotuve\/\"},{\"@type\":\"ListItem\",\"position\":3,\"name\":\"Mi\u010dmanas Hornbloueris\"}]},{\"@type\":\"WebSite\",\"@id\":\"https:\/\/skaitytaknyga.lt\/#website\",\"url\":\"https:\/\/skaitytaknyga.lt\/\",\"name\":\"skaitytaknyga.lt\",\"description\":\"Skaitytaknyga.lt \u2013 tai ma\u017eas \u0161eimos verslas, kuris prasid\u0117jo nuo meil\u0117s knygoms ir siekio i\u0161gelb\u0117ti knygas nuo likimo prie konteinerio. Kas vienam nereikalingas daiktas \u2013 kitam lobis, o mes esame tarpininkai, kurie padeda abiems tapti laimingesniems ???? \u017dinome kaip nelengva i\u0161gyventi ma\u017eiems verslams, tad nuo \u0161iol, \u010dia rasite ir kit\u0173, ma\u017e\u0173 \u0161eim\u0173 versl\u0173, rank\u0173 darbo, dovan\u0173 sau ir artimiesiems.\",\"publisher\":{\"@id\":\"https:\/\/skaitytaknyga.lt\/#organization\"},\"potentialAction\":[{\"@type\":\"SearchAction\",\"target\":{\"@type\":\"EntryPoint\",\"urlTemplate\":\"https:\/\/skaitytaknyga.lt\/?s={search_term_string}\"},\"query-input\":{\"@type\":\"PropertyValueSpecification\",\"valueRequired\":true,\"valueName\":\"search_term_string\"}}],\"inLanguage\":\"en-GB\"},{\"@type\":\"Organization\",\"@id\":\"https:\/\/skaitytaknyga.lt\/#organization\",\"name\":\"skaitytaknyga.lt\",\"url\":\"https:\/\/skaitytaknyga.lt\/\",\"logo\":{\"@type\":\"ImageObject\",\"inLanguage\":\"en-GB\",\"@id\":\"https:\/\/skaitytaknyga.lt\/#\/schema\/logo\/image\/\",\"url\":\"https:\/\/skaitytaknyga.lt\/wp-content\/uploads\/2024\/05\/cropped-cropped-cropped-02_00843_jt3bggkj1j3HLc7SyY6rEUpg.jpeg\",\"contentUrl\":\"https:\/\/skaitytaknyga.lt\/wp-content\/uploads\/2024\/05\/cropped-cropped-cropped-02_00843_jt3bggkj1j3HLc7SyY6rEUpg.jpeg\",\"width\":1600,\"height\":1600,\"caption\":\"skaitytaknyga.lt\"},\"image\":{\"@id\":\"https:\/\/skaitytaknyga.lt\/#\/schema\/logo\/image\/\"},\"sameAs\":[\"https:\/\/www.facebook.com\/skaitytaknyga\/\"]}]}<\/script>\n<!-- \/ Yoast SEO plugin. -->","yoast_head_json":{"title":"Mi\u010dmanas Hornbloueris","description":"Visiems, kas pasiilgo j\u016brin\u0117s romantikos, laiv\u0173, m\u016b\u0161i\u0173, \u017eygi\u0173 ir dvikov\u0173: Horacijus Hornbloueris atplauk\u0117 \u012f Lietuv\u0105! Ne\u012ftik\u0117tinai \u012fdomi istorija prasideda","robots":{"index":"index","follow":"follow","max-snippet":"max-snippet:-1","max-image-preview":"max-image-preview:large","max-video-preview":"max-video-preview:-1"},"canonical":"https:\/\/skaitytaknyga.lt\/en\/produktas\/micmanas-hornbloueris\/","og_locale":"en_GB","og_type":"article","og_title":"[:lt]Mi\u010dmanas Hornbloueris[:] - Skaitytaknyga","og_description":"Visiems, kas pasiilgo j\u016brin\u0117s romantikos, laiv\u0173, m\u016b\u0161i\u0173, \u017eygi\u0173 ir dvikov\u0173: Horacijus Hornbloueris atplauk\u0117 \u012f Lietuv\u0105! Ne\u012ftik\u0117tinai \u012fdomi istorija prasideda","og_url":"https:\/\/skaitytaknyga.lt\/en\/produktas\/micmanas-hornbloueris\/","og_site_name":"Skaitytaknyga","article_publisher":"https:\/\/www.facebook.com\/skaitytaknyga\/","article_modified_time":"2025-07-22T07:14:12+00:00","og_image":[{"width":341,"height":550,"url":"https:\/\/skaitytaknyga.lt\/wp-content\/uploads\/2025\/07\/Micmanas-Hornbloueris.webp","type":"image\/webp"}],"twitter_card":"summary_large_image","twitter_misc":{"Estimated reading time":"1 minute"},"schema":{"@context":"https:\/\/schema.org","@graph":[{"@type":"WebPage","@id":"https:\/\/skaitytaknyga.lt\/produktas\/micmanas-hornbloueris\/","url":"https:\/\/skaitytaknyga.lt\/produktas\/micmanas-hornbloueris\/","name":"Mi\u010dmanas Hornbloueris","isPartOf":{"@id":"https:\/\/skaitytaknyga.lt\/#website"},"primaryImageOfPage":{"@id":"https:\/\/skaitytaknyga.lt\/produktas\/micmanas-hornbloueris\/#primaryimage"},"image":{"@id":"https:\/\/skaitytaknyga.lt\/produktas\/micmanas-hornbloueris\/#primaryimage"},"thumbnailUrl":"https:\/\/skaitytaknyga.lt\/wp-content\/uploads\/2025\/07\/Micmanas-Hornbloueris.webp","datePublished":"2025-07-08T06:01:10+00:00","dateModified":"2025-07-22T07:14:12+00:00","description":"Visiems, kas pasiilgo j\u016brin\u0117s romantikos, laiv\u0173, m\u016b\u0161i\u0173, \u017eygi\u0173 ir dvikov\u0173: Horacijus Hornbloueris atplauk\u0117 \u012f Lietuv\u0105! Ne\u012ftik\u0117tinai \u012fdomi istorija prasideda","breadcrumb":{"@id":"https:\/\/skaitytaknyga.lt\/produktas\/micmanas-hornbloueris\/#breadcrumb"},"inLanguage":"en-GB","potentialAction":[{"@type":"ReadAction","target":["https:\/\/skaitytaknyga.lt\/produktas\/micmanas-hornbloueris\/"]}]},{"@type":"ImageObject","inLanguage":"en-GB","@id":"https:\/\/skaitytaknyga.lt\/produktas\/micmanas-hornbloueris\/#primaryimage","url":"https:\/\/skaitytaknyga.lt\/wp-content\/uploads\/2025\/07\/Micmanas-Hornbloueris.webp","contentUrl":"https:\/\/skaitytaknyga.lt\/wp-content\/uploads\/2025\/07\/Micmanas-Hornbloueris.webp","width":341,"height":550,"caption":"Mi\u010dmanas Hornbloueris"},{"@type":"BreadcrumbList","@id":"https:\/\/skaitytaknyga.lt\/produktas\/micmanas-hornbloueris\/#breadcrumb","itemListElement":[{"@type":"ListItem","position":1,"name":"Home","item":"https:\/\/skaitytaknyga.lt\/"},{"@type":"ListItem","position":2,"name":"Parduotuv\u0117","item":"https:\/\/skaitytaknyga.lt\/knygu-parduotuve\/"},{"@type":"ListItem","position":3,"name":"Mi\u010dmanas Hornbloueris"}]},{"@type":"WebSite","@id":"https:\/\/skaitytaknyga.lt\/#website","url":"https:\/\/skaitytaknyga.lt\/","name":"skaitytaknyga.lt","description":"Skaitytaknyga.lt \u2013 tai ma\u017eas \u0161eimos verslas, kuris prasid\u0117jo nuo meil\u0117s knygoms ir siekio i\u0161gelb\u0117ti knygas nuo likimo prie konteinerio. Kas vienam nereikalingas daiktas \u2013 kitam lobis, o mes esame tarpininkai, kurie padeda abiems tapti laimingesniems ???? \u017dinome kaip nelengva i\u0161gyventi ma\u017eiems verslams, tad nuo \u0161iol, \u010dia rasite ir kit\u0173, ma\u017e\u0173 \u0161eim\u0173 versl\u0173, rank\u0173 darbo, dovan\u0173 sau ir artimiesiems.","publisher":{"@id":"https:\/\/skaitytaknyga.lt\/#organization"},"potentialAction":[{"@type":"SearchAction","target":{"@type":"EntryPoint","urlTemplate":"https:\/\/skaitytaknyga.lt\/?s={search_term_string}"},"query-input":{"@type":"PropertyValueSpecification","valueRequired":true,"valueName":"search_term_string"}}],"inLanguage":"en-GB"},{"@type":"Organization","@id":"https:\/\/skaitytaknyga.lt\/#organization","name":"skaitytaknyga.lt","url":"https:\/\/skaitytaknyga.lt\/","logo":{"@type":"ImageObject","inLanguage":"en-GB","@id":"https:\/\/skaitytaknyga.lt\/#\/schema\/logo\/image\/","url":"https:\/\/skaitytaknyga.lt\/wp-content\/uploads\/2024\/05\/cropped-cropped-cropped-02_00843_jt3bggkj1j3HLc7SyY6rEUpg.jpeg","contentUrl":"https:\/\/skaitytaknyga.lt\/wp-content\/uploads\/2024\/05\/cropped-cropped-cropped-02_00843_jt3bggkj1j3HLc7SyY6rEUpg.jpeg","width":1600,"height":1600,"caption":"skaitytaknyga.lt"},"image":{"@id":"https:\/\/skaitytaknyga.lt\/#\/schema\/logo\/image\/"},"sameAs":["https:\/\/www.facebook.com\/skaitytaknyga\/"]}]}},"_links":{"self":[{"href":"https:\/\/skaitytaknyga.lt\/en\/wp-json\/wp\/v2\/product\/19462","targetHints":{"allow":["GET"]}}],"collection":[{"href":"https:\/\/skaitytaknyga.lt\/en\/wp-json\/wp\/v2\/product"}],"about":[{"href":"https:\/\/skaitytaknyga.lt\/en\/wp-json\/wp\/v2\/types\/product"}],"replies":[{"embeddable":true,"href":"https:\/\/skaitytaknyga.lt\/en\/wp-json\/wp\/v2\/comments?post=19462"}],"wp:featuredmedia":[{"embeddable":true,"href":"https:\/\/skaitytaknyga.lt\/en\/wp-json\/wp\/v2\/media\/19467"}],"wp:attachment":[{"href":"https:\/\/skaitytaknyga.lt\/en\/wp-json\/wp\/v2\/media?parent=19462"}],"wp:term":[{"taxonomy":"product_brand","embeddable":true,"href":"https:\/\/skaitytaknyga.lt\/en\/wp-json\/wp\/v2\/product_brand?post=19462"},{"taxonomy":"product_cat","embeddable":true,"href":"https:\/\/skaitytaknyga.lt\/en\/wp-json\/wp\/v2\/product_cat?post=19462"},{"taxonomy":"product_tag","embeddable":true,"href":"https:\/\/skaitytaknyga.lt\/en\/wp-json\/wp\/v2\/product_tag?post=19462"}],"curies":[{"name":"wp","href":"https:\/\/api.w.org\/{rel}","templated":true}]}}