{"id":19460,"date":"2025-07-08T09:01:10","date_gmt":"2025-07-08T06:01:10","guid":{"rendered":"https:\/\/skaitytaknyga.lt\/?post_type=product&#038;p=19460"},"modified":"2025-07-22T10:14:12","modified_gmt":"2025-07-22T07:14:12","slug":"kazkas-su-manimi-ne-taip","status":"publish","type":"product","link":"https:\/\/skaitytaknyga.lt\/en\/produktas\/kazkas-su-manimi-ne-taip\/","title":{"rendered":"Ka\u017ekas su manimi ne taip"},"content":{"rendered":"<p>Tai es\u0117 rinktin\u0117, tikr\u0173 istorij\u0173 ir autobiografini\u0173 praman\u0173 knyga. Kartais ji absurdi\u0161ka, bet<br \/>\ninformatyvi, sykiais melancholi\u0161ka, bet juokinga. Autorius m\u0105sto apie kult\u016brin\u012f ir istorin\u012f<br \/>\n\u017emonijos paveld\u0105, nemalonius netobulumo pasirei\u0161kimus. Jis siekia ka\u017eko pamokyti ir<br \/>\nparodyti kai k\u0105 naujo, kitokio. Ra\u0161ytojas veda skaitytoj\u0105 \u012f \u017einomas ir ne\u017einomas erdves,<br \/>\nvietas, \u201ekurios gali be tav\u0119s gyventi, o tu be j\u0173 \u2013 ne.\u201c Niekuo neypatingos, net, rodos, menkos<br \/>\ndetal\u0117s u\u017epildo m\u016bs\u0173 gyvenimus. Viskas apie mus visus. Kiekviename tekste galime<br \/>\natpa\u017einti, rasti save, kaip sav\u0119s jame ie\u0161ko pats autorius. \u201eKas su manimi ne taip? \u2013 klausia<br \/>\nAndrijus Liubka ir atsako: \u2013 Galb\u016bt tik tai, kad gebu laisvai jausti gyvenim\u0105 ir pasteb\u0117ti<br \/>\ngyvenimo dalykus.&#8221; Knyga para\u0161yta dar prie\u0161 kar\u0105, dar \u201ebe svorio ant pe\u010di\u0173\u201c. Joje gali<br \/>\npasisl\u0117pti, \u012fsivaizduoti, kad esi 2022-\u0173j\u0173 saugume. Po vasario 24-osios viskas pasikeit\u0117.<br \/>\nRamyb\u0117 trunka 192 knygos puslapius, tada i\u0161nyksta. \u201eTenka i\u0161 naujo i\u0161mokti gird\u0117ti, matyti,<br \/>\njausti kiekvien\u0105 smulkmen\u0105, nes i\u0161 j\u0173 susideda m\u016bs\u0173 buvimas.\u201c<\/p>\n","protected":false},"excerpt":{"rendered":"<p>Tai es\u0117 rinktin\u0117, tikr\u0173 istorij\u0173 ir autobiografini\u0173 praman\u0173 knyga. Kartais ji absurdi\u0161ka, bet informatyvi, sykiais melancholi\u0161ka, bet juokinga. Autorius m\u0105sto apie kult\u016brin\u012f ir istorin\u012f \u017emonijos paveld\u0105, nemalonius netobulumo pasirei\u0161kimus. Jis siekia ka\u017eko pamokyti ir parodyti kai k\u0105 naujo, kitokio. Ra\u0161ytojas veda skaitytoj\u0105 \u012f \u017einomas ir ne\u017einomas erdves, vietas, \u201ekurios gali be tav\u0119s gyventi, o tu be j\u0173 \u2013 ne.\u201c Niekuo neypatingos, net, rodos, menkos detal\u0117s u\u017epildo m\u016bs\u0173 gyvenimus. Viskas apie mus visus. Kiekviename tekste galime atpa\u017einti, rasti save, kaip sav\u0119s jame ie\u0161ko pats autorius. \u201eKas su manimi ne taip? \u2013 klausia Andrijus Liubka ir atsako: \u2013 Galb\u016bt tik tai, kad gebu laisvai jausti gyvenim\u0105 ir pasteb\u0117ti gyvenimo dalykus.&#8221; Knyga para\u0161yta dar prie\u0161 kar\u0105, dar \u201ebe svorio ant pe\u010di\u0173\u201c. Joje gali pasisl\u0117pti, \u012fsivaizduoti, kad esi 2022-\u0173j\u0173 saugume. Po vasario 24-osios viskas pasikeit\u0117. Ramyb\u0117 trunka 192 knygos puslapius, tada i\u0161nyksta. \u201eTenka i\u0161 naujo i\u0161mokti gird\u0117ti, matyti, jausti kiekvien\u0105 smulkmen\u0105, nes i\u0161 j\u0173 susideda m\u016bs\u0173 buvimas.\u201c<\/p>\n","protected":false},"featured_media":19465,"comment_status":"open","ping_status":"closed","template":"","meta":{"_acf_changed":false,"site-sidebar-layout":"default","site-content-layout":"","ast-site-content-layout":"default","site-content-style":"default","site-sidebar-style":"default","ast-global-header-display":"","ast-banner-title-visibility":"","ast-main-header-display":"","ast-hfb-above-header-display":"","ast-hfb-below-header-display":"","ast-hfb-mobile-header-display":"","site-post-title":"","ast-breadcrumbs-content":"","ast-featured-img":"","footer-sml-layout":"","ast-disable-related-posts":"","theme-transparent-header-meta":"","adv-header-id-meta":"","stick-header-meta":"","header-above-stick-meta":"","header-main-stick-meta":"","header-below-stick-meta":"","astra-migrate-meta-layouts":"default","ast-page-background-enabled":"default","ast-page-background-meta":{"desktop":{"background-color":"","background-image":"","background-repeat":"repeat","background-position":"center center","background-size":"auto","background-attachment":"scroll","background-type":"","background-media":"","overlay-type":"","overlay-color":"","overlay-opacity":"","overlay-gradient":""},"tablet":{"background-color":"","background-image":"","background-repeat":"repeat","background-position":"center center","background-size":"auto","background-attachment":"scroll","background-type":"","background-media":"","overlay-type":"","overlay-color":"","overlay-opacity":"","overlay-gradient":""},"mobile":{"background-color":"","background-image":"","background-repeat":"repeat","background-position":"center center","background-size":"auto","background-attachment":"scroll","background-type":"","background-media":"","overlay-type":"","overlay-color":"","overlay-opacity":"","overlay-gradient":""}},"ast-content-background-meta":{"desktop":{"background-color":"var(--ast-global-color-4)","background-image":"","background-repeat":"repeat","background-position":"center center","background-size":"auto","background-attachment":"scroll","background-type":"","background-media":"","overlay-type":"","overlay-color":"","overlay-opacity":"","overlay-gradient":""},"tablet":{"background-color":"var(--ast-global-color-4)","background-image":"","background-repeat":"repeat","background-position":"center center","background-size":"auto","background-attachment":"scroll","background-type":"","background-media":"","overlay-type":"","overlay-color":"","overlay-opacity":"","overlay-gradient":""},"mobile":{"background-color":"var(--ast-global-color-4)","background-image":"","background-repeat":"repeat","background-position":"center center","background-size":"auto","background-attachment":"scroll","background-type":"","background-media":"","overlay-type":"","overlay-color":"","overlay-opacity":"","overlay-gradient":""}}},"product_brand":[],"product_cat":[31],"product_tag":[6322,2692,2033,1627,2376],"class_list":{"0":"post-19460","1":"product","2":"type-product","3":"status-publish","4":"has-post-thumbnail","6":"product_cat-grozine-literatura","7":"product_tag-andrij-liubka","8":"product_tag-autobiografija","9":"product_tag-ese","10":"product_tag-gyvenimo-prasme","11":"product_tag-kultura","12":"desktop-align-left","13":"tablet-align-left","14":"mobile-align-left","16":"first","17":"instock","18":"shipping-taxable","19":"purchasable","20":"product-type-simple"},"acf":[],"yoast_head":"<!-- This site is optimized with the Yoast SEO plugin v27.0 - https:\/\/yoast.com\/product\/yoast-seo-wordpress\/ -->\n<title>Ka\u017ekas su manimi ne taip<\/title>\n<meta name=\"description\" content=\"Tai es\u0117 rinktin\u0117, tikr\u0173 istorij\u0173 ir autobiografini\u0173 praman\u0173 knyga. Kartais ji absurdi\u0161ka, bet informatyvi, sykiais melancholi\u0161ka, bet juokinga. Autorius\" \/>\n<meta name=\"robots\" content=\"index, follow, max-snippet:-1, max-image-preview:large, max-video-preview:-1\" \/>\n<link rel=\"canonical\" href=\"https:\/\/skaitytaknyga.lt\/en\/produktas\/kazkas-su-manimi-ne-taip\/\" \/>\n<meta property=\"og:locale\" content=\"en_GB\" \/>\n<meta property=\"og:locale:alternate\" content=\"lt_LT\" \/>\n<meta property=\"og:type\" content=\"article\" \/>\n<meta property=\"og:title\" content=\"Ka\u017ekas su manimi ne taip\" \/>\n<meta property=\"og:description\" content=\"Tai es\u0117 rinktin\u0117, tikr\u0173 istorij\u0173 ir autobiografini\u0173 praman\u0173 knyga. Kartais ji absurdi\u0161ka, bet informatyvi, sykiais melancholi\u0161ka, bet juokinga. Autorius\" \/>\n<meta property=\"og:url\" content=\"https:\/\/skaitytaknyga.lt\/en\/produktas\/kazkas-su-manimi-ne-taip\/\" \/>\n<meta property=\"og:site_name\" content=\"Skaitytaknyga\" \/>\n<meta property=\"article:publisher\" content=\"https:\/\/www.facebook.com\/skaitytaknyga\/\" \/>\n<meta property=\"article:modified_time\" content=\"2025-07-22T07:14:12+00:00\" \/>\n<meta property=\"og:image\" content=\"https:\/\/skaitytaknyga.lt\/wp-content\/uploads\/2025\/07\/Kazkas-su-manimi-ne-taip.webp\" \/>\n\t<meta property=\"og:image:width\" content=\"534\" \/>\n\t<meta property=\"og:image:height\" content=\"801\" \/>\n\t<meta property=\"og:image:type\" content=\"image\/webp\" \/>\n<meta name=\"twitter:card\" content=\"summary_large_image\" \/>\n<meta name=\"twitter:label1\" content=\"Estimated reading time\" \/>\n\t<meta name=\"twitter:data1\" content=\"1 minute\" \/>\n<script type=\"application\/ld+json\" class=\"yoast-schema-graph\">{\"@context\":\"https:\/\/schema.org\",\"@graph\":[{\"@type\":\"WebPage\",\"@id\":\"https:\/\/skaitytaknyga.lt\/produktas\/kazkas-su-manimi-ne-taip\/\",\"url\":\"https:\/\/skaitytaknyga.lt\/produktas\/kazkas-su-manimi-ne-taip\/\",\"name\":\"Ka\u017ekas su manimi ne taip\",\"isPartOf\":{\"@id\":\"https:\/\/skaitytaknyga.lt\/#website\"},\"primaryImageOfPage\":{\"@id\":\"https:\/\/skaitytaknyga.lt\/produktas\/kazkas-su-manimi-ne-taip\/#primaryimage\"},\"image\":{\"@id\":\"https:\/\/skaitytaknyga.lt\/produktas\/kazkas-su-manimi-ne-taip\/#primaryimage\"},\"thumbnailUrl\":\"https:\/\/skaitytaknyga.lt\/wp-content\/uploads\/2025\/07\/Kazkas-su-manimi-ne-taip.webp\",\"datePublished\":\"2025-07-08T06:01:10+00:00\",\"dateModified\":\"2025-07-22T07:14:12+00:00\",\"description\":\"Tai es\u0117 rinktin\u0117, tikr\u0173 istorij\u0173 ir autobiografini\u0173 praman\u0173 knyga. Kartais ji absurdi\u0161ka, bet informatyvi, sykiais melancholi\u0161ka, bet juokinga. Autorius\",\"breadcrumb\":{\"@id\":\"https:\/\/skaitytaknyga.lt\/produktas\/kazkas-su-manimi-ne-taip\/#breadcrumb\"},\"inLanguage\":\"en-GB\",\"potentialAction\":[{\"@type\":\"ReadAction\",\"target\":[\"https:\/\/skaitytaknyga.lt\/produktas\/kazkas-su-manimi-ne-taip\/\"]}]},{\"@type\":\"ImageObject\",\"inLanguage\":\"en-GB\",\"@id\":\"https:\/\/skaitytaknyga.lt\/produktas\/kazkas-su-manimi-ne-taip\/#primaryimage\",\"url\":\"https:\/\/skaitytaknyga.lt\/wp-content\/uploads\/2025\/07\/Kazkas-su-manimi-ne-taip.webp\",\"contentUrl\":\"https:\/\/skaitytaknyga.lt\/wp-content\/uploads\/2025\/07\/Kazkas-su-manimi-ne-taip.webp\",\"width\":534,\"height\":801,\"caption\":\"Ka\u017ekas su manimi ne taip\"},{\"@type\":\"BreadcrumbList\",\"@id\":\"https:\/\/skaitytaknyga.lt\/produktas\/kazkas-su-manimi-ne-taip\/#breadcrumb\",\"itemListElement\":[{\"@type\":\"ListItem\",\"position\":1,\"name\":\"Home\",\"item\":\"https:\/\/skaitytaknyga.lt\/\"},{\"@type\":\"ListItem\",\"position\":2,\"name\":\"Parduotuv\u0117\",\"item\":\"https:\/\/skaitytaknyga.lt\/knygu-parduotuve\/\"},{\"@type\":\"ListItem\",\"position\":3,\"name\":\"Ka\u017ekas su manimi ne taip\"}]},{\"@type\":\"WebSite\",\"@id\":\"https:\/\/skaitytaknyga.lt\/#website\",\"url\":\"https:\/\/skaitytaknyga.lt\/\",\"name\":\"skaitytaknyga.lt\",\"description\":\"Skaitytaknyga.lt \u2013 tai ma\u017eas \u0161eimos verslas, kuris prasid\u0117jo nuo meil\u0117s knygoms ir siekio i\u0161gelb\u0117ti knygas nuo likimo prie konteinerio. Kas vienam nereikalingas daiktas \u2013 kitam lobis, o mes esame tarpininkai, kurie padeda abiems tapti laimingesniems ???? \u017dinome kaip nelengva i\u0161gyventi ma\u017eiems verslams, tad nuo \u0161iol, \u010dia rasite ir kit\u0173, ma\u017e\u0173 \u0161eim\u0173 versl\u0173, rank\u0173 darbo, dovan\u0173 sau ir artimiesiems.\",\"publisher\":{\"@id\":\"https:\/\/skaitytaknyga.lt\/#organization\"},\"potentialAction\":[{\"@type\":\"SearchAction\",\"target\":{\"@type\":\"EntryPoint\",\"urlTemplate\":\"https:\/\/skaitytaknyga.lt\/?s={search_term_string}\"},\"query-input\":{\"@type\":\"PropertyValueSpecification\",\"valueRequired\":true,\"valueName\":\"search_term_string\"}}],\"inLanguage\":\"en-GB\"},{\"@type\":\"Organization\",\"@id\":\"https:\/\/skaitytaknyga.lt\/#organization\",\"name\":\"skaitytaknyga.lt\",\"url\":\"https:\/\/skaitytaknyga.lt\/\",\"logo\":{\"@type\":\"ImageObject\",\"inLanguage\":\"en-GB\",\"@id\":\"https:\/\/skaitytaknyga.lt\/#\/schema\/logo\/image\/\",\"url\":\"https:\/\/skaitytaknyga.lt\/wp-content\/uploads\/2024\/05\/cropped-cropped-cropped-02_00843_jt3bggkj1j3HLc7SyY6rEUpg.jpeg\",\"contentUrl\":\"https:\/\/skaitytaknyga.lt\/wp-content\/uploads\/2024\/05\/cropped-cropped-cropped-02_00843_jt3bggkj1j3HLc7SyY6rEUpg.jpeg\",\"width\":1600,\"height\":1600,\"caption\":\"skaitytaknyga.lt\"},\"image\":{\"@id\":\"https:\/\/skaitytaknyga.lt\/#\/schema\/logo\/image\/\"},\"sameAs\":[\"https:\/\/www.facebook.com\/skaitytaknyga\/\"]}]}<\/script>\n<!-- \/ Yoast SEO plugin. -->","yoast_head_json":{"title":"Ka\u017ekas su manimi ne taip","description":"Tai es\u0117 rinktin\u0117, tikr\u0173 istorij\u0173 ir autobiografini\u0173 praman\u0173 knyga. Kartais ji absurdi\u0161ka, bet informatyvi, sykiais melancholi\u0161ka, bet juokinga. Autorius","robots":{"index":"index","follow":"follow","max-snippet":"max-snippet:-1","max-image-preview":"max-image-preview:large","max-video-preview":"max-video-preview:-1"},"canonical":"https:\/\/skaitytaknyga.lt\/en\/produktas\/kazkas-su-manimi-ne-taip\/","og_locale":"en_GB","og_type":"article","og_title":"[:lt]Ka\u017ekas su manimi ne taip[:] - Skaitytaknyga","og_description":"Tai es\u0117 rinktin\u0117, tikr\u0173 istorij\u0173 ir autobiografini\u0173 praman\u0173 knyga. Kartais ji absurdi\u0161ka, bet informatyvi, sykiais melancholi\u0161ka, bet juokinga. Autorius","og_url":"https:\/\/skaitytaknyga.lt\/en\/produktas\/kazkas-su-manimi-ne-taip\/","og_site_name":"Skaitytaknyga","article_publisher":"https:\/\/www.facebook.com\/skaitytaknyga\/","article_modified_time":"2025-07-22T07:14:12+00:00","og_image":[{"width":534,"height":801,"url":"https:\/\/skaitytaknyga.lt\/wp-content\/uploads\/2025\/07\/Kazkas-su-manimi-ne-taip.webp","type":"image\/webp"}],"twitter_card":"summary_large_image","twitter_misc":{"Estimated reading time":"1 minute"},"schema":{"@context":"https:\/\/schema.org","@graph":[{"@type":"WebPage","@id":"https:\/\/skaitytaknyga.lt\/produktas\/kazkas-su-manimi-ne-taip\/","url":"https:\/\/skaitytaknyga.lt\/produktas\/kazkas-su-manimi-ne-taip\/","name":"Ka\u017ekas su manimi ne taip","isPartOf":{"@id":"https:\/\/skaitytaknyga.lt\/#website"},"primaryImageOfPage":{"@id":"https:\/\/skaitytaknyga.lt\/produktas\/kazkas-su-manimi-ne-taip\/#primaryimage"},"image":{"@id":"https:\/\/skaitytaknyga.lt\/produktas\/kazkas-su-manimi-ne-taip\/#primaryimage"},"thumbnailUrl":"https:\/\/skaitytaknyga.lt\/wp-content\/uploads\/2025\/07\/Kazkas-su-manimi-ne-taip.webp","datePublished":"2025-07-08T06:01:10+00:00","dateModified":"2025-07-22T07:14:12+00:00","description":"Tai es\u0117 rinktin\u0117, tikr\u0173 istorij\u0173 ir autobiografini\u0173 praman\u0173 knyga. Kartais ji absurdi\u0161ka, bet informatyvi, sykiais melancholi\u0161ka, bet juokinga. Autorius","breadcrumb":{"@id":"https:\/\/skaitytaknyga.lt\/produktas\/kazkas-su-manimi-ne-taip\/#breadcrumb"},"inLanguage":"en-GB","potentialAction":[{"@type":"ReadAction","target":["https:\/\/skaitytaknyga.lt\/produktas\/kazkas-su-manimi-ne-taip\/"]}]},{"@type":"ImageObject","inLanguage":"en-GB","@id":"https:\/\/skaitytaknyga.lt\/produktas\/kazkas-su-manimi-ne-taip\/#primaryimage","url":"https:\/\/skaitytaknyga.lt\/wp-content\/uploads\/2025\/07\/Kazkas-su-manimi-ne-taip.webp","contentUrl":"https:\/\/skaitytaknyga.lt\/wp-content\/uploads\/2025\/07\/Kazkas-su-manimi-ne-taip.webp","width":534,"height":801,"caption":"Ka\u017ekas su manimi ne taip"},{"@type":"BreadcrumbList","@id":"https:\/\/skaitytaknyga.lt\/produktas\/kazkas-su-manimi-ne-taip\/#breadcrumb","itemListElement":[{"@type":"ListItem","position":1,"name":"Home","item":"https:\/\/skaitytaknyga.lt\/"},{"@type":"ListItem","position":2,"name":"Parduotuv\u0117","item":"https:\/\/skaitytaknyga.lt\/knygu-parduotuve\/"},{"@type":"ListItem","position":3,"name":"Ka\u017ekas su manimi ne taip"}]},{"@type":"WebSite","@id":"https:\/\/skaitytaknyga.lt\/#website","url":"https:\/\/skaitytaknyga.lt\/","name":"skaitytaknyga.lt","description":"Skaitytaknyga.lt \u2013 tai ma\u017eas \u0161eimos verslas, kuris prasid\u0117jo nuo meil\u0117s knygoms ir siekio i\u0161gelb\u0117ti knygas nuo likimo prie konteinerio. Kas vienam nereikalingas daiktas \u2013 kitam lobis, o mes esame tarpininkai, kurie padeda abiems tapti laimingesniems ???? \u017dinome kaip nelengva i\u0161gyventi ma\u017eiems verslams, tad nuo \u0161iol, \u010dia rasite ir kit\u0173, ma\u017e\u0173 \u0161eim\u0173 versl\u0173, rank\u0173 darbo, dovan\u0173 sau ir artimiesiems.","publisher":{"@id":"https:\/\/skaitytaknyga.lt\/#organization"},"potentialAction":[{"@type":"SearchAction","target":{"@type":"EntryPoint","urlTemplate":"https:\/\/skaitytaknyga.lt\/?s={search_term_string}"},"query-input":{"@type":"PropertyValueSpecification","valueRequired":true,"valueName":"search_term_string"}}],"inLanguage":"en-GB"},{"@type":"Organization","@id":"https:\/\/skaitytaknyga.lt\/#organization","name":"skaitytaknyga.lt","url":"https:\/\/skaitytaknyga.lt\/","logo":{"@type":"ImageObject","inLanguage":"en-GB","@id":"https:\/\/skaitytaknyga.lt\/#\/schema\/logo\/image\/","url":"https:\/\/skaitytaknyga.lt\/wp-content\/uploads\/2024\/05\/cropped-cropped-cropped-02_00843_jt3bggkj1j3HLc7SyY6rEUpg.jpeg","contentUrl":"https:\/\/skaitytaknyga.lt\/wp-content\/uploads\/2024\/05\/cropped-cropped-cropped-02_00843_jt3bggkj1j3HLc7SyY6rEUpg.jpeg","width":1600,"height":1600,"caption":"skaitytaknyga.lt"},"image":{"@id":"https:\/\/skaitytaknyga.lt\/#\/schema\/logo\/image\/"},"sameAs":["https:\/\/www.facebook.com\/skaitytaknyga\/"]}]}},"_links":{"self":[{"href":"https:\/\/skaitytaknyga.lt\/en\/wp-json\/wp\/v2\/product\/19460","targetHints":{"allow":["GET"]}}],"collection":[{"href":"https:\/\/skaitytaknyga.lt\/en\/wp-json\/wp\/v2\/product"}],"about":[{"href":"https:\/\/skaitytaknyga.lt\/en\/wp-json\/wp\/v2\/types\/product"}],"replies":[{"embeddable":true,"href":"https:\/\/skaitytaknyga.lt\/en\/wp-json\/wp\/v2\/comments?post=19460"}],"wp:featuredmedia":[{"embeddable":true,"href":"https:\/\/skaitytaknyga.lt\/en\/wp-json\/wp\/v2\/media\/19465"}],"wp:attachment":[{"href":"https:\/\/skaitytaknyga.lt\/en\/wp-json\/wp\/v2\/media?parent=19460"}],"wp:term":[{"taxonomy":"product_brand","embeddable":true,"href":"https:\/\/skaitytaknyga.lt\/en\/wp-json\/wp\/v2\/product_brand?post=19460"},{"taxonomy":"product_cat","embeddable":true,"href":"https:\/\/skaitytaknyga.lt\/en\/wp-json\/wp\/v2\/product_cat?post=19460"},{"taxonomy":"product_tag","embeddable":true,"href":"https:\/\/skaitytaknyga.lt\/en\/wp-json\/wp\/v2\/product_tag?post=19460"}],"curies":[{"name":"wp","href":"https:\/\/api.w.org\/{rel}","templated":true}]}}