{"id":19441,"date":"2025-07-08T08:37:53","date_gmt":"2025-07-08T05:37:53","guid":{"rendered":"https:\/\/skaitytaknyga.lt\/?post_type=product&#038;p=19441"},"modified":"2025-08-01T08:24:16","modified_gmt":"2025-08-01T05:24:16","slug":"on-brand-prekes-zenklas","status":"publish","type":"product","link":"https:\/\/skaitytaknyga.lt\/en\/produktas\/on-brand-prekes-zenklas\/","title":{"rendered":"On Brand. Prek\u0117s \u017denklas"},"content":{"rendered":"<p>Prek\u0117s \u017eenklai ir \u017eenklodara &#8211; svarbiausias verslo ind\u0117lis \u012f populiari\u0105j\u0105 kult\u016br\u0105. \u017denkodara smarkiai nutolo nuo savo komercini\u0173 i\u0161tak\u0173, o vartotojo \u012ftaka prek\u0117s \u017eenklo likimui \u012f\u017eeng\u0117 \u012f ne\u017einom\u0105 \u017eem\u0119.<\/p>\n<p>Wally Olinsas atskleid\u017eia pagrindines XXI am\u017eiaus \u017eenklodaros s\u0117km\u0117s prielaidas, ai\u0161kina, koki\u0105 lemiam\u0105 reik\u0161m\u0119 komercijos s\u0117kmei turi verslo, prek\u0117s \u017eenklo ir vartotojo tarpusavio ry\u0161iai. \u0160is veikalas yra tap\u0119s stalo knyga marketingo ir reklamos specialistams ir verslininkams, tiesiog privalantiems \u017einoti, kaip vis\u0105 pasaul\u012f pergalingai u\u017ekariav\u0119 prek\u0117s \u017eenklai pelno su j\u0173 v\u0117liava dirban\u010di\u0173 \u017emoni\u0173 pasitik\u0117jim\u0105 ir \u012ftikina vartotojus \u012fsigyti jais pa\u017eym\u0117tas materialias ir nematerialias vertybes.<\/p>\n","protected":false},"excerpt":{"rendered":"<p>Prek\u0117s \u017eenklai ir \u017eenklodara &#8211; svarbiausias verslo ind\u0117lis \u012f populiari\u0105j\u0105 kult\u016br\u0105. \u017denkodara smarkiai nutolo nuo savo komercini\u0173 i\u0161tak\u0173, o vartotojo \u012ftaka prek\u0117s \u017eenklo likimui \u012f\u017eeng\u0117 \u012f ne\u017einom\u0105 \u017eem\u0119. Wally Olinsas atskleid\u017eia pagrindines XXI am\u017eiaus \u017eenklodaros s\u0117km\u0117s prielaidas, ai\u0161kina, koki\u0105 lemiam\u0105 reik\u0161m\u0119 komercijos s\u0117kmei turi verslo, prek\u0117s \u017eenklo ir vartotojo tarpusavio ry\u0161iai. \u0160is veikalas yra tap\u0119s stalo knyga marketingo ir reklamos specialistams ir verslininkams, tiesiog privalantiems \u017einoti, kaip vis\u0105 pasaul\u012f pergalingai u\u017ekariav\u0119 prek\u0117s \u017eenklai pelno su j\u0173 v\u0117liava dirban\u010di\u0173 \u017emoni\u0173 pasitik\u0117jim\u0105 ir \u012ftikina vartotojus \u012fsigyti jais pa\u017eym\u0117tas materialias ir nematerialias vertybes.<\/p>\n","protected":false},"featured_media":19446,"comment_status":"open","ping_status":"closed","template":"","meta":{"_acf_changed":false,"site-sidebar-layout":"default","site-content-layout":"","ast-site-content-layout":"default","site-content-style":"default","site-sidebar-style":"default","ast-global-header-display":"","ast-banner-title-visibility":"","ast-main-header-display":"","ast-hfb-above-header-display":"","ast-hfb-below-header-display":"","ast-hfb-mobile-header-display":"","site-post-title":"","ast-breadcrumbs-content":"","ast-featured-img":"","footer-sml-layout":"","ast-disable-related-posts":"","theme-transparent-header-meta":"","adv-header-id-meta":"","stick-header-meta":"","header-above-stick-meta":"","header-main-stick-meta":"","header-below-stick-meta":"","astra-migrate-meta-layouts":"default","ast-page-background-enabled":"default","ast-page-background-meta":{"desktop":{"background-color":"","background-image":"","background-repeat":"repeat","background-position":"center center","background-size":"auto","background-attachment":"scroll","background-type":"","background-media":"","overlay-type":"","overlay-color":"","overlay-opacity":"","overlay-gradient":""},"tablet":{"background-color":"","background-image":"","background-repeat":"repeat","background-position":"center center","background-size":"auto","background-attachment":"scroll","background-type":"","background-media":"","overlay-type":"","overlay-color":"","overlay-opacity":"","overlay-gradient":""},"mobile":{"background-color":"","background-image":"","background-repeat":"repeat","background-position":"center center","background-size":"auto","background-attachment":"scroll","background-type":"","background-media":"","overlay-type":"","overlay-color":"","overlay-opacity":"","overlay-gradient":""}},"ast-content-background-meta":{"desktop":{"background-color":"var(--ast-global-color-4)","background-image":"","background-repeat":"repeat","background-position":"center center","background-size":"auto","background-attachment":"scroll","background-type":"","background-media":"","overlay-type":"","overlay-color":"","overlay-opacity":"","overlay-gradient":""},"tablet":{"background-color":"var(--ast-global-color-4)","background-image":"","background-repeat":"repeat","background-position":"center center","background-size":"auto","background-attachment":"scroll","background-type":"","background-media":"","overlay-type":"","overlay-color":"","overlay-opacity":"","overlay-gradient":""},"mobile":{"background-color":"var(--ast-global-color-4)","background-image":"","background-repeat":"repeat","background-position":"center center","background-size":"auto","background-attachment":"scroll","background-type":"","background-media":"","overlay-type":"","overlay-color":"","overlay-opacity":"","overlay-gradient":""}}},"product_brand":[],"product_cat":[26],"product_tag":[],"class_list":{"0":"post-19441","1":"product","2":"type-product","3":"status-publish","4":"has-post-thumbnail","6":"product_cat-verslas-vadyba-ir-finansai","7":"desktop-align-left","8":"tablet-align-left","9":"mobile-align-left","11":"first","12":"instock","13":"shipping-taxable","14":"purchasable","15":"product-type-simple"},"acf":[],"yoast_head":"<!-- This site is optimized with the Yoast SEO plugin v27.4 - https:\/\/yoast.com\/product\/yoast-seo-wordpress\/ -->\n<title>On Brand. Prek\u0117s \u017denklas<\/title>\n<meta name=\"description\" content=\"Prek\u0117s \u017eenklai ir \u017eenklodara - svarbiausias verslo ind\u0117lis \u012f populiari\u0105j\u0105 kult\u016br\u0105. \u017denkodara smarkiai nutolo nuo savo komercini\u0173 i\u0161tak\u0173, o vartotojo \u012ftaka\" \/>\n<meta name=\"robots\" content=\"index, follow, max-snippet:-1, max-image-preview:large, max-video-preview:-1\" \/>\n<link rel=\"canonical\" href=\"https:\/\/skaitytaknyga.lt\/en\/produktas\/on-brand-prekes-zenklas\/\" \/>\n<meta property=\"og:locale\" content=\"en_GB\" \/>\n<meta property=\"og:locale:alternate\" content=\"lt_LT\" \/>\n<meta property=\"og:type\" content=\"article\" \/>\n<meta property=\"og:title\" content=\"On Brand. Prek\u0117s \u017denklas\" \/>\n<meta property=\"og:description\" content=\"Prek\u0117s \u017eenklai ir \u017eenklodara - svarbiausias verslo ind\u0117lis \u012f populiari\u0105j\u0105 kult\u016br\u0105. \u017denkodara smarkiai nutolo nuo savo komercini\u0173 i\u0161tak\u0173, o vartotojo \u012ftaka\" \/>\n<meta property=\"og:url\" content=\"https:\/\/skaitytaknyga.lt\/en\/produktas\/on-brand-prekes-zenklas\/\" \/>\n<meta property=\"og:site_name\" content=\"Skaitytaknyga\" \/>\n<meta property=\"article:publisher\" content=\"https:\/\/www.facebook.com\/skaitytaknyga\/\" \/>\n<meta property=\"article:modified_time\" content=\"2025-08-01T05:24:16+00:00\" \/>\n<meta property=\"og:image\" content=\"https:\/\/skaitytaknyga.lt\/wp-content\/uploads\/2025\/07\/On-Brand.-Prekes-Zenklas.webp\" \/>\n\t<meta property=\"og:image:width\" content=\"468\" \/>\n\t<meta property=\"og:image:height\" content=\"649\" \/>\n\t<meta property=\"og:image:type\" content=\"image\/webp\" \/>\n<meta name=\"twitter:card\" content=\"summary_large_image\" \/>\n<meta name=\"twitter:label1\" content=\"Estimated reading time\" \/>\n\t<meta name=\"twitter:data1\" content=\"1 minute\" \/>\n<script type=\"application\/ld+json\" class=\"yoast-schema-graph\">{\"@context\":\"https:\\\/\\\/schema.org\",\"@graph\":[{\"@type\":\"WebPage\",\"@id\":\"https:\\\/\\\/skaitytaknyga.lt\\\/produktas\\\/on-brand-prekes-zenklas\\\/\",\"url\":\"https:\\\/\\\/skaitytaknyga.lt\\\/produktas\\\/on-brand-prekes-zenklas\\\/\",\"name\":\"On Brand. Prek\u0117s \u017denklas\",\"isPartOf\":{\"@id\":\"https:\\\/\\\/skaitytaknyga.lt\\\/#website\"},\"primaryImageOfPage\":{\"@id\":\"https:\\\/\\\/skaitytaknyga.lt\\\/produktas\\\/on-brand-prekes-zenklas\\\/#primaryimage\"},\"image\":{\"@id\":\"https:\\\/\\\/skaitytaknyga.lt\\\/produktas\\\/on-brand-prekes-zenklas\\\/#primaryimage\"},\"thumbnailUrl\":\"https:\\\/\\\/skaitytaknyga.lt\\\/wp-content\\\/uploads\\\/2025\\\/07\\\/On-Brand.-Prekes-Zenklas.webp\",\"datePublished\":\"2025-07-08T05:37:53+00:00\",\"dateModified\":\"2025-08-01T05:24:16+00:00\",\"description\":\"Prek\u0117s \u017eenklai ir \u017eenklodara - svarbiausias verslo ind\u0117lis \u012f populiari\u0105j\u0105 kult\u016br\u0105. \u017denkodara smarkiai nutolo nuo savo komercini\u0173 i\u0161tak\u0173, o vartotojo \u012ftaka\",\"breadcrumb\":{\"@id\":\"https:\\\/\\\/skaitytaknyga.lt\\\/produktas\\\/on-brand-prekes-zenklas\\\/#breadcrumb\"},\"inLanguage\":\"en-GB\",\"potentialAction\":[{\"@type\":\"ReadAction\",\"target\":[\"https:\\\/\\\/skaitytaknyga.lt\\\/produktas\\\/on-brand-prekes-zenklas\\\/\"]}]},{\"@type\":\"ImageObject\",\"inLanguage\":\"en-GB\",\"@id\":\"https:\\\/\\\/skaitytaknyga.lt\\\/produktas\\\/on-brand-prekes-zenklas\\\/#primaryimage\",\"url\":\"https:\\\/\\\/skaitytaknyga.lt\\\/wp-content\\\/uploads\\\/2025\\\/07\\\/On-Brand.-Prekes-Zenklas.webp\",\"contentUrl\":\"https:\\\/\\\/skaitytaknyga.lt\\\/wp-content\\\/uploads\\\/2025\\\/07\\\/On-Brand.-Prekes-Zenklas.webp\",\"width\":468,\"height\":649,\"caption\":\"On Brand. Prek\u0117s \u017denklas\"},{\"@type\":\"BreadcrumbList\",\"@id\":\"https:\\\/\\\/skaitytaknyga.lt\\\/produktas\\\/on-brand-prekes-zenklas\\\/#breadcrumb\",\"itemListElement\":[{\"@type\":\"ListItem\",\"position\":1,\"name\":\"Home\",\"item\":\"https:\\\/\\\/skaitytaknyga.lt\\\/\"},{\"@type\":\"ListItem\",\"position\":2,\"name\":\"Parduotuv\u0117\",\"item\":\"https:\\\/\\\/skaitytaknyga.lt\\\/knygu-parduotuve\\\/\"},{\"@type\":\"ListItem\",\"position\":3,\"name\":\"On Brand. Prek\u0117s \u017denklas\"}]},{\"@type\":\"WebSite\",\"@id\":\"https:\\\/\\\/skaitytaknyga.lt\\\/#website\",\"url\":\"https:\\\/\\\/skaitytaknyga.lt\\\/\",\"name\":\"skaitytaknyga.lt\",\"description\":\"Skaitytaknyga.lt \u2013 tai ma\u017eas \u0161eimos verslas, kuris prasid\u0117jo nuo meil\u0117s knygoms ir siekio i\u0161gelb\u0117ti knygas nuo likimo prie konteinerio. Kas vienam nereikalingas daiktas \u2013 kitam lobis, o mes esame tarpininkai, kurie padeda abiems tapti laimingesniems ???? \u017dinome kaip nelengva i\u0161gyventi ma\u017eiems verslams, tad nuo \u0161iol, \u010dia rasite ir kit\u0173, ma\u017e\u0173 \u0161eim\u0173 versl\u0173, rank\u0173 darbo, dovan\u0173 sau ir artimiesiems.\",\"publisher\":{\"@id\":\"https:\\\/\\\/skaitytaknyga.lt\\\/#organization\"},\"potentialAction\":[{\"@type\":\"SearchAction\",\"target\":{\"@type\":\"EntryPoint\",\"urlTemplate\":\"https:\\\/\\\/skaitytaknyga.lt\\\/?s={search_term_string}\"},\"query-input\":{\"@type\":\"PropertyValueSpecification\",\"valueRequired\":true,\"valueName\":\"search_term_string\"}}],\"inLanguage\":\"en-GB\"},{\"@type\":\"Organization\",\"@id\":\"https:\\\/\\\/skaitytaknyga.lt\\\/#organization\",\"name\":\"skaitytaknyga.lt\",\"url\":\"https:\\\/\\\/skaitytaknyga.lt\\\/\",\"logo\":{\"@type\":\"ImageObject\",\"inLanguage\":\"en-GB\",\"@id\":\"https:\\\/\\\/skaitytaknyga.lt\\\/#\\\/schema\\\/logo\\\/image\\\/\",\"url\":\"https:\\\/\\\/skaitytaknyga.lt\\\/wp-content\\\/uploads\\\/2024\\\/05\\\/cropped-cropped-cropped-02_00843_jt3bggkj1j3HLc7SyY6rEUpg.jpeg\",\"contentUrl\":\"https:\\\/\\\/skaitytaknyga.lt\\\/wp-content\\\/uploads\\\/2024\\\/05\\\/cropped-cropped-cropped-02_00843_jt3bggkj1j3HLc7SyY6rEUpg.jpeg\",\"width\":1600,\"height\":1600,\"caption\":\"skaitytaknyga.lt\"},\"image\":{\"@id\":\"https:\\\/\\\/skaitytaknyga.lt\\\/#\\\/schema\\\/logo\\\/image\\\/\"},\"sameAs\":[\"https:\\\/\\\/www.facebook.com\\\/skaitytaknyga\\\/\"]}]}<\/script>\n<!-- \/ Yoast SEO plugin. -->","yoast_head_json":{"title":"On Brand. Prek\u0117s \u017denklas","description":"Prek\u0117s \u017eenklai ir \u017eenklodara - svarbiausias verslo ind\u0117lis \u012f populiari\u0105j\u0105 kult\u016br\u0105. \u017denkodara smarkiai nutolo nuo savo komercini\u0173 i\u0161tak\u0173, o vartotojo \u012ftaka","robots":{"index":"index","follow":"follow","max-snippet":"max-snippet:-1","max-image-preview":"max-image-preview:large","max-video-preview":"max-video-preview:-1"},"canonical":"https:\/\/skaitytaknyga.lt\/en\/produktas\/on-brand-prekes-zenklas\/","og_locale":"en_GB","og_type":"article","og_title":"[:lt]On Brand. Prek\u0117s \u017denklas[:] - Skaitytaknyga","og_description":"Prek\u0117s \u017eenklai ir \u017eenklodara - svarbiausias verslo ind\u0117lis \u012f populiari\u0105j\u0105 kult\u016br\u0105. \u017denkodara smarkiai nutolo nuo savo komercini\u0173 i\u0161tak\u0173, o vartotojo \u012ftaka","og_url":"https:\/\/skaitytaknyga.lt\/en\/produktas\/on-brand-prekes-zenklas\/","og_site_name":"Skaitytaknyga","article_publisher":"https:\/\/www.facebook.com\/skaitytaknyga\/","article_modified_time":"2025-08-01T05:24:16+00:00","og_image":[{"width":468,"height":649,"url":"https:\/\/skaitytaknyga.lt\/wp-content\/uploads\/2025\/07\/On-Brand.-Prekes-Zenklas.webp","type":"image\/webp"}],"twitter_card":"summary_large_image","twitter_misc":{"Estimated reading time":"1 minute"},"schema":{"@context":"https:\/\/schema.org","@graph":[{"@type":"WebPage","@id":"https:\/\/skaitytaknyga.lt\/produktas\/on-brand-prekes-zenklas\/","url":"https:\/\/skaitytaknyga.lt\/produktas\/on-brand-prekes-zenklas\/","name":"On Brand. Prek\u0117s \u017denklas","isPartOf":{"@id":"https:\/\/skaitytaknyga.lt\/#website"},"primaryImageOfPage":{"@id":"https:\/\/skaitytaknyga.lt\/produktas\/on-brand-prekes-zenklas\/#primaryimage"},"image":{"@id":"https:\/\/skaitytaknyga.lt\/produktas\/on-brand-prekes-zenklas\/#primaryimage"},"thumbnailUrl":"https:\/\/skaitytaknyga.lt\/wp-content\/uploads\/2025\/07\/On-Brand.-Prekes-Zenklas.webp","datePublished":"2025-07-08T05:37:53+00:00","dateModified":"2025-08-01T05:24:16+00:00","description":"Prek\u0117s \u017eenklai ir \u017eenklodara - svarbiausias verslo ind\u0117lis \u012f populiari\u0105j\u0105 kult\u016br\u0105. \u017denkodara smarkiai nutolo nuo savo komercini\u0173 i\u0161tak\u0173, o vartotojo \u012ftaka","breadcrumb":{"@id":"https:\/\/skaitytaknyga.lt\/produktas\/on-brand-prekes-zenklas\/#breadcrumb"},"inLanguage":"en-GB","potentialAction":[{"@type":"ReadAction","target":["https:\/\/skaitytaknyga.lt\/produktas\/on-brand-prekes-zenklas\/"]}]},{"@type":"ImageObject","inLanguage":"en-GB","@id":"https:\/\/skaitytaknyga.lt\/produktas\/on-brand-prekes-zenklas\/#primaryimage","url":"https:\/\/skaitytaknyga.lt\/wp-content\/uploads\/2025\/07\/On-Brand.-Prekes-Zenklas.webp","contentUrl":"https:\/\/skaitytaknyga.lt\/wp-content\/uploads\/2025\/07\/On-Brand.-Prekes-Zenklas.webp","width":468,"height":649,"caption":"On Brand. Prek\u0117s \u017denklas"},{"@type":"BreadcrumbList","@id":"https:\/\/skaitytaknyga.lt\/produktas\/on-brand-prekes-zenklas\/#breadcrumb","itemListElement":[{"@type":"ListItem","position":1,"name":"Home","item":"https:\/\/skaitytaknyga.lt\/"},{"@type":"ListItem","position":2,"name":"Parduotuv\u0117","item":"https:\/\/skaitytaknyga.lt\/knygu-parduotuve\/"},{"@type":"ListItem","position":3,"name":"On Brand. Prek\u0117s \u017denklas"}]},{"@type":"WebSite","@id":"https:\/\/skaitytaknyga.lt\/#website","url":"https:\/\/skaitytaknyga.lt\/","name":"skaitytaknyga.lt","description":"Skaitytaknyga.lt \u2013 tai ma\u017eas \u0161eimos verslas, kuris prasid\u0117jo nuo meil\u0117s knygoms ir siekio i\u0161gelb\u0117ti knygas nuo likimo prie konteinerio. Kas vienam nereikalingas daiktas \u2013 kitam lobis, o mes esame tarpininkai, kurie padeda abiems tapti laimingesniems ???? \u017dinome kaip nelengva i\u0161gyventi ma\u017eiems verslams, tad nuo \u0161iol, \u010dia rasite ir kit\u0173, ma\u017e\u0173 \u0161eim\u0173 versl\u0173, rank\u0173 darbo, dovan\u0173 sau ir artimiesiems.","publisher":{"@id":"https:\/\/skaitytaknyga.lt\/#organization"},"potentialAction":[{"@type":"SearchAction","target":{"@type":"EntryPoint","urlTemplate":"https:\/\/skaitytaknyga.lt\/?s={search_term_string}"},"query-input":{"@type":"PropertyValueSpecification","valueRequired":true,"valueName":"search_term_string"}}],"inLanguage":"en-GB"},{"@type":"Organization","@id":"https:\/\/skaitytaknyga.lt\/#organization","name":"skaitytaknyga.lt","url":"https:\/\/skaitytaknyga.lt\/","logo":{"@type":"ImageObject","inLanguage":"en-GB","@id":"https:\/\/skaitytaknyga.lt\/#\/schema\/logo\/image\/","url":"https:\/\/skaitytaknyga.lt\/wp-content\/uploads\/2024\/05\/cropped-cropped-cropped-02_00843_jt3bggkj1j3HLc7SyY6rEUpg.jpeg","contentUrl":"https:\/\/skaitytaknyga.lt\/wp-content\/uploads\/2024\/05\/cropped-cropped-cropped-02_00843_jt3bggkj1j3HLc7SyY6rEUpg.jpeg","width":1600,"height":1600,"caption":"skaitytaknyga.lt"},"image":{"@id":"https:\/\/skaitytaknyga.lt\/#\/schema\/logo\/image\/"},"sameAs":["https:\/\/www.facebook.com\/skaitytaknyga\/"]}]}},"_links":{"self":[{"href":"https:\/\/skaitytaknyga.lt\/en\/wp-json\/wp\/v2\/product\/19441","targetHints":{"allow":["GET"]}}],"collection":[{"href":"https:\/\/skaitytaknyga.lt\/en\/wp-json\/wp\/v2\/product"}],"about":[{"href":"https:\/\/skaitytaknyga.lt\/en\/wp-json\/wp\/v2\/types\/product"}],"replies":[{"embeddable":true,"href":"https:\/\/skaitytaknyga.lt\/en\/wp-json\/wp\/v2\/comments?post=19441"}],"wp:featuredmedia":[{"embeddable":true,"href":"https:\/\/skaitytaknyga.lt\/en\/wp-json\/wp\/v2\/media\/19446"}],"wp:attachment":[{"href":"https:\/\/skaitytaknyga.lt\/en\/wp-json\/wp\/v2\/media?parent=19441"}],"wp:term":[{"taxonomy":"product_brand","embeddable":true,"href":"https:\/\/skaitytaknyga.lt\/en\/wp-json\/wp\/v2\/product_brand?post=19441"},{"taxonomy":"product_cat","embeddable":true,"href":"https:\/\/skaitytaknyga.lt\/en\/wp-json\/wp\/v2\/product_cat?post=19441"},{"taxonomy":"product_tag","embeddable":true,"href":"https:\/\/skaitytaknyga.lt\/en\/wp-json\/wp\/v2\/product_tag?post=19441"}],"curies":[{"name":"wp","href":"https:\/\/api.w.org\/{rel}","templated":true}]}}