{"id":19432,"date":"2025-07-08T08:23:52","date_gmt":"2025-07-08T05:23:52","guid":{"rendered":"https:\/\/skaitytaknyga.lt\/?post_type=product&#038;p=19432"},"modified":"2025-08-01T08:24:16","modified_gmt":"2025-08-01T05:24:16","slug":"protinga-rinkodara","status":"publish","type":"product","link":"https:\/\/skaitytaknyga.lt\/en\/produktas\/protinga-rinkodara\/","title":{"rendered":"Protinga rinkodara"},"content":{"rendered":"<p>Daugelis mano, kad rinkodara \u012f\u017eeng\u0117 \u012f nauj\u0105 er\u0105 d\u0117l interneto, elektronin\u0117s komercijos ir komunikacij\u0173 bei kompiuteri\u0173 infrastrukt\u016bros bumo visame pasaulyje. Ko gero, jie teis\u016bs, bet protingi rinkodaros vadybininkai \u017eino, jog net ir naujojoje ekonomikoje rinkodaros pagrindai lieka tvirti kaip niekada.<\/p>\n<p>Svarbiausia yra \u017einoti, kad klientai \u2013 tai \u017emon\u0117s su savo motyvacija, emocijomis, poreikiais ir tro\u0161kimais, ir patyr\u0119 rinkodaros specialistai palaiko su jais nuolatinius glaud\u017eius ry\u0161ius.<\/p>\n<p>Jei norite b\u016bti puik\u016bs rinkodaros vadybininkai, pasirinkote teising\u0105 knyg\u0105. Protinga rinkodara pateikia visk\u0105, ko jums reikia, kad i\u0161saugotum\u0117te lyderi\u0173 pozicijas. Perskait\u0119 j\u0105, suprasite penkis protingiausius dalykus, kuriuos verta \u017einoti apie rinkodar\u0105:<\/p>\n<p>\u2022 Privalote tur\u0117ti plan\u0105;<\/p>\n<p>\u2022 Palaikykite glaud\u017eius santykius su savo klientais;<\/p>\n<p>\u2022 Atlikite nam\u0173 darbus;<\/p>\n<p>\u2022 Nepamir\u0161kite bendrauti;<\/p>\n<p>\u2022 Pasinaudokite technologij\u0173 pasiekiamumu ir sparta.<\/p>\n","protected":false},"excerpt":{"rendered":"<p>Daugelis mano, kad rinkodara \u012f\u017eeng\u0117 \u012f nauj\u0105 er\u0105 d\u0117l interneto, elektronin\u0117s komercijos ir komunikacij\u0173 bei kompiuteri\u0173 infrastrukt\u016bros bumo visame pasaulyje. Ko gero, jie teis\u016bs, bet protingi rinkodaros vadybininkai \u017eino, jog net ir naujojoje ekonomikoje rinkodaros pagrindai lieka tvirti kaip niekada. Svarbiausia yra \u017einoti, kad klientai \u2013 tai \u017emon\u0117s su savo motyvacija, emocijomis, poreikiais ir tro\u0161kimais, ir patyr\u0119 rinkodaros specialistai palaiko su jais nuolatinius glaud\u017eius ry\u0161ius. Jei norite b\u016bti puik\u016bs rinkodaros vadybininkai, pasirinkote teising\u0105 knyg\u0105. Protinga rinkodara pateikia visk\u0105, ko jums reikia, kad i\u0161saugotum\u0117te lyderi\u0173 pozicijas. Perskait\u0119 j\u0105, suprasite penkis protingiausius dalykus, kuriuos verta \u017einoti apie rinkodar\u0105: \u2022 Privalote tur\u0117ti plan\u0105; \u2022 Palaikykite glaud\u017eius santykius su savo klientais; \u2022 Atlikite nam\u0173 darbus; \u2022 Nepamir\u0161kite bendrauti; \u2022 Pasinaudokite technologij\u0173 pasiekiamumu ir sparta.<\/p>\n","protected":false},"featured_media":0,"comment_status":"open","ping_status":"closed","template":"","meta":{"_acf_changed":false,"site-sidebar-layout":"default","site-content-layout":"","ast-site-content-layout":"default","site-content-style":"default","site-sidebar-style":"default","ast-global-header-display":"","ast-banner-title-visibility":"","ast-main-header-display":"","ast-hfb-above-header-display":"","ast-hfb-below-header-display":"","ast-hfb-mobile-header-display":"","site-post-title":"","ast-breadcrumbs-content":"","ast-featured-img":"","footer-sml-layout":"","ast-disable-related-posts":"","theme-transparent-header-meta":"","adv-header-id-meta":"","stick-header-meta":"","header-above-stick-meta":"","header-main-stick-meta":"","header-below-stick-meta":"","astra-migrate-meta-layouts":"default","ast-page-background-enabled":"default","ast-page-background-meta":{"desktop":{"background-color":"","background-image":"","background-repeat":"repeat","background-position":"center center","background-size":"auto","background-attachment":"scroll","background-type":"","background-media":"","overlay-type":"","overlay-color":"","overlay-opacity":"","overlay-gradient":""},"tablet":{"background-color":"","background-image":"","background-repeat":"repeat","background-position":"center center","background-size":"auto","background-attachment":"scroll","background-type":"","background-media":"","overlay-type":"","overlay-color":"","overlay-opacity":"","overlay-gradient":""},"mobile":{"background-color":"","background-image":"","background-repeat":"repeat","background-position":"center center","background-size":"auto","background-attachment":"scroll","background-type":"","background-media":"","overlay-type":"","overlay-color":"","overlay-opacity":"","overlay-gradient":""}},"ast-content-background-meta":{"desktop":{"background-color":"var(--ast-global-color-4)","background-image":"","background-repeat":"repeat","background-position":"center center","background-size":"auto","background-attachment":"scroll","background-type":"","background-media":"","overlay-type":"","overlay-color":"","overlay-opacity":"","overlay-gradient":""},"tablet":{"background-color":"var(--ast-global-color-4)","background-image":"","background-repeat":"repeat","background-position":"center center","background-size":"auto","background-attachment":"scroll","background-type":"","background-media":"","overlay-type":"","overlay-color":"","overlay-opacity":"","overlay-gradient":""},"mobile":{"background-color":"var(--ast-global-color-4)","background-image":"","background-repeat":"repeat","background-position":"center center","background-size":"auto","background-attachment":"scroll","background-type":"","background-media":"","overlay-type":"","overlay-color":"","overlay-opacity":"","overlay-gradient":""}}},"product_brand":[],"product_cat":[26],"product_tag":[],"class_list":{"0":"post-19432","1":"product","2":"type-product","3":"status-publish","5":"product_cat-verslas-vadyba-ir-finansai","6":"desktop-align-left","7":"tablet-align-left","8":"mobile-align-left","10":"first","11":"instock","12":"shipping-taxable","13":"purchasable","14":"product-type-simple"},"acf":[],"yoast_head":"<!-- This site is optimized with the Yoast SEO plugin v27.4 - https:\/\/yoast.com\/product\/yoast-seo-wordpress\/ -->\n<title>Protinga rinkodara<\/title>\n<meta name=\"description\" content=\"Daugelis mano, kad rinkodara \u012f\u017eeng\u0117 \u012f nauj\u0105 er\u0105 d\u0117l interneto, elektronin\u0117s komercijos ir komunikacij\u0173 bei kompiuteri\u0173 infrastrukt\u016bros bumo visame\" \/>\n<meta name=\"robots\" content=\"index, follow, max-snippet:-1, max-image-preview:large, max-video-preview:-1\" \/>\n<link rel=\"canonical\" href=\"https:\/\/skaitytaknyga.lt\/en\/produktas\/protinga-rinkodara\/\" \/>\n<meta property=\"og:locale\" content=\"en_GB\" \/>\n<meta property=\"og:locale:alternate\" content=\"lt_LT\" \/>\n<meta property=\"og:type\" content=\"article\" \/>\n<meta property=\"og:title\" content=\"Protinga rinkodara\" \/>\n<meta property=\"og:description\" content=\"Daugelis mano, kad rinkodara \u012f\u017eeng\u0117 \u012f nauj\u0105 er\u0105 d\u0117l interneto, elektronin\u0117s komercijos ir komunikacij\u0173 bei kompiuteri\u0173 infrastrukt\u016bros bumo visame\" \/>\n<meta property=\"og:url\" content=\"https:\/\/skaitytaknyga.lt\/en\/produktas\/protinga-rinkodara\/\" \/>\n<meta property=\"og:site_name\" content=\"Skaitytaknyga\" \/>\n<meta property=\"article:publisher\" content=\"https:\/\/www.facebook.com\/skaitytaknyga\/\" \/>\n<meta property=\"article:modified_time\" content=\"2025-08-01T05:24:16+00:00\" \/>\n<meta property=\"og:image\" content=\"https:\/\/skaitytaknyga.lt\/wp-content\/uploads\/2024\/07\/skaitytaknyga.png\" \/>\n\t<meta property=\"og:image:width\" content=\"747\" \/>\n\t<meta property=\"og:image:height\" content=\"496\" \/>\n\t<meta property=\"og:image:type\" content=\"image\/png\" \/>\n<meta name=\"twitter:card\" content=\"summary_large_image\" \/>\n<meta name=\"twitter:label1\" content=\"Estimated reading time\" \/>\n\t<meta name=\"twitter:data1\" content=\"1 minute\" \/>\n<script type=\"application\/ld+json\" class=\"yoast-schema-graph\">{\"@context\":\"https:\\\/\\\/schema.org\",\"@graph\":[{\"@type\":\"WebPage\",\"@id\":\"https:\\\/\\\/skaitytaknyga.lt\\\/produktas\\\/protinga-rinkodara\\\/\",\"url\":\"https:\\\/\\\/skaitytaknyga.lt\\\/produktas\\\/protinga-rinkodara\\\/\",\"name\":\"Protinga rinkodara\",\"isPartOf\":{\"@id\":\"https:\\\/\\\/skaitytaknyga.lt\\\/#website\"},\"datePublished\":\"2025-07-08T05:23:52+00:00\",\"dateModified\":\"2025-08-01T05:24:16+00:00\",\"description\":\"Daugelis mano, kad rinkodara \u012f\u017eeng\u0117 \u012f nauj\u0105 er\u0105 d\u0117l interneto, elektronin\u0117s komercijos ir komunikacij\u0173 bei kompiuteri\u0173 infrastrukt\u016bros bumo visame\",\"breadcrumb\":{\"@id\":\"https:\\\/\\\/skaitytaknyga.lt\\\/produktas\\\/protinga-rinkodara\\\/#breadcrumb\"},\"inLanguage\":\"en-GB\",\"potentialAction\":[{\"@type\":\"ReadAction\",\"target\":[\"https:\\\/\\\/skaitytaknyga.lt\\\/produktas\\\/protinga-rinkodara\\\/\"]}]},{\"@type\":\"BreadcrumbList\",\"@id\":\"https:\\\/\\\/skaitytaknyga.lt\\\/produktas\\\/protinga-rinkodara\\\/#breadcrumb\",\"itemListElement\":[{\"@type\":\"ListItem\",\"position\":1,\"name\":\"Home\",\"item\":\"https:\\\/\\\/skaitytaknyga.lt\\\/\"},{\"@type\":\"ListItem\",\"position\":2,\"name\":\"Parduotuv\u0117\",\"item\":\"https:\\\/\\\/skaitytaknyga.lt\\\/knygu-parduotuve\\\/\"},{\"@type\":\"ListItem\",\"position\":3,\"name\":\"Protinga rinkodara\"}]},{\"@type\":\"WebSite\",\"@id\":\"https:\\\/\\\/skaitytaknyga.lt\\\/#website\",\"url\":\"https:\\\/\\\/skaitytaknyga.lt\\\/\",\"name\":\"skaitytaknyga.lt\",\"description\":\"Skaitytaknyga.lt \u2013 tai ma\u017eas \u0161eimos verslas, kuris prasid\u0117jo nuo meil\u0117s knygoms ir siekio i\u0161gelb\u0117ti knygas nuo likimo prie konteinerio. Kas vienam nereikalingas daiktas \u2013 kitam lobis, o mes esame tarpininkai, kurie padeda abiems tapti laimingesniems ???? \u017dinome kaip nelengva i\u0161gyventi ma\u017eiems verslams, tad nuo \u0161iol, \u010dia rasite ir kit\u0173, ma\u017e\u0173 \u0161eim\u0173 versl\u0173, rank\u0173 darbo, dovan\u0173 sau ir artimiesiems.\",\"publisher\":{\"@id\":\"https:\\\/\\\/skaitytaknyga.lt\\\/#organization\"},\"potentialAction\":[{\"@type\":\"SearchAction\",\"target\":{\"@type\":\"EntryPoint\",\"urlTemplate\":\"https:\\\/\\\/skaitytaknyga.lt\\\/?s={search_term_string}\"},\"query-input\":{\"@type\":\"PropertyValueSpecification\",\"valueRequired\":true,\"valueName\":\"search_term_string\"}}],\"inLanguage\":\"en-GB\"},{\"@type\":\"Organization\",\"@id\":\"https:\\\/\\\/skaitytaknyga.lt\\\/#organization\",\"name\":\"skaitytaknyga.lt\",\"url\":\"https:\\\/\\\/skaitytaknyga.lt\\\/\",\"logo\":{\"@type\":\"ImageObject\",\"inLanguage\":\"en-GB\",\"@id\":\"https:\\\/\\\/skaitytaknyga.lt\\\/#\\\/schema\\\/logo\\\/image\\\/\",\"url\":\"https:\\\/\\\/skaitytaknyga.lt\\\/wp-content\\\/uploads\\\/2024\\\/05\\\/cropped-cropped-cropped-02_00843_jt3bggkj1j3HLc7SyY6rEUpg.jpeg\",\"contentUrl\":\"https:\\\/\\\/skaitytaknyga.lt\\\/wp-content\\\/uploads\\\/2024\\\/05\\\/cropped-cropped-cropped-02_00843_jt3bggkj1j3HLc7SyY6rEUpg.jpeg\",\"width\":1600,\"height\":1600,\"caption\":\"skaitytaknyga.lt\"},\"image\":{\"@id\":\"https:\\\/\\\/skaitytaknyga.lt\\\/#\\\/schema\\\/logo\\\/image\\\/\"},\"sameAs\":[\"https:\\\/\\\/www.facebook.com\\\/skaitytaknyga\\\/\"]}]}<\/script>\n<!-- \/ Yoast SEO plugin. -->","yoast_head_json":{"title":"Protinga rinkodara","description":"Daugelis mano, kad rinkodara \u012f\u017eeng\u0117 \u012f nauj\u0105 er\u0105 d\u0117l interneto, elektronin\u0117s komercijos ir komunikacij\u0173 bei kompiuteri\u0173 infrastrukt\u016bros bumo visame","robots":{"index":"index","follow":"follow","max-snippet":"max-snippet:-1","max-image-preview":"max-image-preview:large","max-video-preview":"max-video-preview:-1"},"canonical":"https:\/\/skaitytaknyga.lt\/en\/produktas\/protinga-rinkodara\/","og_locale":"en_GB","og_type":"article","og_title":"[:lt]Protinga rinkodara[:] - Skaitytaknyga","og_description":"Daugelis mano, kad rinkodara \u012f\u017eeng\u0117 \u012f nauj\u0105 er\u0105 d\u0117l interneto, elektronin\u0117s komercijos ir komunikacij\u0173 bei kompiuteri\u0173 infrastrukt\u016bros bumo visame","og_url":"https:\/\/skaitytaknyga.lt\/en\/produktas\/protinga-rinkodara\/","og_site_name":"Skaitytaknyga","article_publisher":"https:\/\/www.facebook.com\/skaitytaknyga\/","article_modified_time":"2025-08-01T05:24:16+00:00","og_image":[{"width":747,"height":496,"url":"https:\/\/skaitytaknyga.lt\/wp-content\/uploads\/2024\/07\/skaitytaknyga.png","type":"image\/png"}],"twitter_card":"summary_large_image","twitter_misc":{"Estimated reading time":"1 minute"},"schema":{"@context":"https:\/\/schema.org","@graph":[{"@type":"WebPage","@id":"https:\/\/skaitytaknyga.lt\/produktas\/protinga-rinkodara\/","url":"https:\/\/skaitytaknyga.lt\/produktas\/protinga-rinkodara\/","name":"Protinga rinkodara","isPartOf":{"@id":"https:\/\/skaitytaknyga.lt\/#website"},"datePublished":"2025-07-08T05:23:52+00:00","dateModified":"2025-08-01T05:24:16+00:00","description":"Daugelis mano, kad rinkodara \u012f\u017eeng\u0117 \u012f nauj\u0105 er\u0105 d\u0117l interneto, elektronin\u0117s komercijos ir komunikacij\u0173 bei kompiuteri\u0173 infrastrukt\u016bros bumo visame","breadcrumb":{"@id":"https:\/\/skaitytaknyga.lt\/produktas\/protinga-rinkodara\/#breadcrumb"},"inLanguage":"en-GB","potentialAction":[{"@type":"ReadAction","target":["https:\/\/skaitytaknyga.lt\/produktas\/protinga-rinkodara\/"]}]},{"@type":"BreadcrumbList","@id":"https:\/\/skaitytaknyga.lt\/produktas\/protinga-rinkodara\/#breadcrumb","itemListElement":[{"@type":"ListItem","position":1,"name":"Home","item":"https:\/\/skaitytaknyga.lt\/"},{"@type":"ListItem","position":2,"name":"Parduotuv\u0117","item":"https:\/\/skaitytaknyga.lt\/knygu-parduotuve\/"},{"@type":"ListItem","position":3,"name":"Protinga rinkodara"}]},{"@type":"WebSite","@id":"https:\/\/skaitytaknyga.lt\/#website","url":"https:\/\/skaitytaknyga.lt\/","name":"skaitytaknyga.lt","description":"Skaitytaknyga.lt \u2013 tai ma\u017eas \u0161eimos verslas, kuris prasid\u0117jo nuo meil\u0117s knygoms ir siekio i\u0161gelb\u0117ti knygas nuo likimo prie konteinerio. Kas vienam nereikalingas daiktas \u2013 kitam lobis, o mes esame tarpininkai, kurie padeda abiems tapti laimingesniems ???? \u017dinome kaip nelengva i\u0161gyventi ma\u017eiems verslams, tad nuo \u0161iol, \u010dia rasite ir kit\u0173, ma\u017e\u0173 \u0161eim\u0173 versl\u0173, rank\u0173 darbo, dovan\u0173 sau ir artimiesiems.","publisher":{"@id":"https:\/\/skaitytaknyga.lt\/#organization"},"potentialAction":[{"@type":"SearchAction","target":{"@type":"EntryPoint","urlTemplate":"https:\/\/skaitytaknyga.lt\/?s={search_term_string}"},"query-input":{"@type":"PropertyValueSpecification","valueRequired":true,"valueName":"search_term_string"}}],"inLanguage":"en-GB"},{"@type":"Organization","@id":"https:\/\/skaitytaknyga.lt\/#organization","name":"skaitytaknyga.lt","url":"https:\/\/skaitytaknyga.lt\/","logo":{"@type":"ImageObject","inLanguage":"en-GB","@id":"https:\/\/skaitytaknyga.lt\/#\/schema\/logo\/image\/","url":"https:\/\/skaitytaknyga.lt\/wp-content\/uploads\/2024\/05\/cropped-cropped-cropped-02_00843_jt3bggkj1j3HLc7SyY6rEUpg.jpeg","contentUrl":"https:\/\/skaitytaknyga.lt\/wp-content\/uploads\/2024\/05\/cropped-cropped-cropped-02_00843_jt3bggkj1j3HLc7SyY6rEUpg.jpeg","width":1600,"height":1600,"caption":"skaitytaknyga.lt"},"image":{"@id":"https:\/\/skaitytaknyga.lt\/#\/schema\/logo\/image\/"},"sameAs":["https:\/\/www.facebook.com\/skaitytaknyga\/"]}]}},"_links":{"self":[{"href":"https:\/\/skaitytaknyga.lt\/en\/wp-json\/wp\/v2\/product\/19432","targetHints":{"allow":["GET"]}}],"collection":[{"href":"https:\/\/skaitytaknyga.lt\/en\/wp-json\/wp\/v2\/product"}],"about":[{"href":"https:\/\/skaitytaknyga.lt\/en\/wp-json\/wp\/v2\/types\/product"}],"replies":[{"embeddable":true,"href":"https:\/\/skaitytaknyga.lt\/en\/wp-json\/wp\/v2\/comments?post=19432"}],"wp:attachment":[{"href":"https:\/\/skaitytaknyga.lt\/en\/wp-json\/wp\/v2\/media?parent=19432"}],"wp:term":[{"taxonomy":"product_brand","embeddable":true,"href":"https:\/\/skaitytaknyga.lt\/en\/wp-json\/wp\/v2\/product_brand?post=19432"},{"taxonomy":"product_cat","embeddable":true,"href":"https:\/\/skaitytaknyga.lt\/en\/wp-json\/wp\/v2\/product_cat?post=19432"},{"taxonomy":"product_tag","embeddable":true,"href":"https:\/\/skaitytaknyga.lt\/en\/wp-json\/wp\/v2\/product_tag?post=19432"}],"curies":[{"name":"wp","href":"https:\/\/api.w.org\/{rel}","templated":true}]}}