{"id":19318,"date":"2025-07-05T20:16:29","date_gmt":"2025-07-05T17:16:29","guid":{"rendered":"https:\/\/skaitytaknyga.lt\/?post_type=product&#038;p=19318"},"modified":"2026-03-05T11:59:18","modified_gmt":"2026-03-05T09:59:18","slug":"neisvengiamas-blogis-kalkutos-detektyvas-antroji-semo-vindemo-byla","status":"publish","type":"product","link":"https:\/\/skaitytaknyga.lt\/en\/produktas\/neisvengiamas-blogis-kalkutos-detektyvas-antroji-semo-vindemo-byla\/","title":{"rendered":"Nei\u0161vengiamas blogis. Kalkutos detektyvas. Antroji Semo Vindemo byla"},"content":{"rendered":"<p>Kelet\u0105 sekund\u017ei\u0173 jis dar pastov\u0117jo, tarsi i\u0161 ties\u0173 b\u016bt\u0173 dievyb\u0117, kurios neima kulkos. Bet paskui pro munduro \u0161ilk\u0105 \u0117m\u0117 sunktis skais\u010diai raudono kraujo d\u0117m\u0117s, ir princas suzmeko tarsi popierinis puodelis, paliktas lauke per musonin\u0119 li\u016bt\u012f.<\/p>\n<p>Abir Mukherjee (Abiras Mukerd\u017ei) \u2013 Vakar\u0173 \u0160kotijoje u\u017eaug\u0119s imigrant\u0173 i\u0161 Indijos s\u016bnus, su \u0161eima gyvenantis Londone. Jo detektyv\u0173 serija apie brit\u0173 valdom\u0105 Indij\u0105 1920-aisiais i\u0161kart sulauk\u0117 did\u017eiulio skaitytoj\u0173 d\u0117mesio (lietuvi\u0161kai 2018 m. i\u0161leista pirmoji knyga \u201eKalkutos detektyvas&#8221;). \u0160i kelion\u0117 laiku \u012f praeit\u012f, \u012f Brit\u0173 Indij\u0105, nebeegzistuojan\u010di\u0105 valstyb\u0119, visu gro\u017eiu atveria kolonijinio pasaulio prabang\u0105 ir pragai\u0161t\u012f. Detektyv\u0173 veiksmas vyksta Kalkutoje, mieste, \u012f kur\u012f buv\u0119s Skotland Jardo detektyvas Semas Vindemas atvyko tik\u0117damasis i\u0161 naujo prad\u0117ti gyvenim\u0105. Ta\u010diau vietoj to jis neria tiesiai \u012f tams\u0173, politini\u0173 ir asmenini\u0173 intrig\u0173 kupin\u0105 Brit\u0173 Indijos pasaul\u012f.<\/p>\n<p>Antroji serijos knyga \u201eNei\u0161vengiamas blogis&#8221; Sem\u0105 priver\u010dia palikti Kalkut\u0105. Joje detektyvo akivaizdoje nu\u017eudomas Sambalpuro maharad\u017eos s\u016bnus, ir Semas su i\u0161tikimuoju ser\u017eantu Banerd\u017eiu vyksta \u012f princo laidotuves, slapta tik\u0117damiesi i\u0161siai\u0161kinti ties\u0105. Sambalpuras \u2013 ma\u017eut\u0117 kunigaik\u0161tyst\u0117, ta\u010diau joje vyksta dideli dalykai: maharad\u017eos \u017emonos kovoja d\u0117l \u012ftakos, religin\u0117s grupuot\u0117s d\u017ei\u016bgauja d\u0117l princo Adhiro mirties, gra\u017euol\u0117 mokytoja agituoja prie\u0161 maharad\u017eos vald\u017ei\u0105, o ministras pirmininkas slepia tikr\u0105j\u0105 pad\u0117t\u012f deimant\u0173 kasyklose&#8230; Ir princo mirtis \u2013 tik prad\u017eia nusikaltim\u0173, kuriuos teks i\u0161narplioti sarkasti\u0161kajam sekliui. Deimantai, mirties bausm\u0119 vykdantys drambliai, melas, s\u0105mokslai, nuobod\u017eiaujantys brit\u0173 diplomatai ir religiniai fanatikai, lydintys dievo D\u017eaganatho ve\u017eim\u0105 \u2013 viskas susipina \u012f pavojais, opiumu ir kar\u0161\u010diu alsuojant\u012f raizgin\u012f, kurio gilumoje slypi tiesa.<\/p>\n<p>\u201eNei\u0161vengiamas blogis&#8221; \u2013 ironi\u0161kas, tir\u0161tas ir \u012ftraukiantis pasakojimas apie Brit\u0173 Indij\u0105. Atrodo, kad skaitant kakta i\u0161rasoja nuo prakaito.<\/p>\n","protected":false},"excerpt":{"rendered":"<p>Kelet\u0105 sekund\u017ei\u0173 jis dar pastov\u0117jo, tarsi i\u0161 ties\u0173 b\u016bt\u0173 dievyb\u0117, kurios neima kulkos. Bet paskui pro munduro \u0161ilk\u0105 \u0117m\u0117 sunktis skais\u010diai raudono kraujo d\u0117m\u0117s, ir princas suzmeko tarsi popierinis puodelis, paliktas lauke per musonin\u0119 li\u016bt\u012f. Abir Mukherjee (Abiras Mukerd\u017ei) \u2013 Vakar\u0173 \u0160kotijoje u\u017eaug\u0119s imigrant\u0173 i\u0161 Indijos s\u016bnus, su \u0161eima gyvenantis Londone. Jo detektyv\u0173 serija apie brit\u0173 valdom\u0105 Indij\u0105 1920-aisiais i\u0161kart sulauk\u0117 did\u017eiulio skaitytoj\u0173 d\u0117mesio (lietuvi\u0161kai 2018 m. i\u0161leista pirmoji knyga \u201eKalkutos detektyvas&#8221;). \u0160i kelion\u0117 laiku \u012f praeit\u012f, \u012f Brit\u0173 Indij\u0105, nebeegzistuojan\u010di\u0105 valstyb\u0119, visu gro\u017eiu atveria kolonijinio pasaulio prabang\u0105 ir pragai\u0161t\u012f. Detektyv\u0173 veiksmas vyksta Kalkutoje, mieste, \u012f kur\u012f buv\u0119s Skotland Jardo detektyvas Semas Vindemas atvyko tik\u0117damasis i\u0161 naujo prad\u0117ti gyvenim\u0105. Ta\u010diau vietoj to jis neria tiesiai \u012f tams\u0173, politini\u0173 ir asmenini\u0173 intrig\u0173 kupin\u0105 Brit\u0173 Indijos pasaul\u012f. Antroji serijos knyga \u201eNei\u0161vengiamas blogis&#8221; Sem\u0105 priver\u010dia palikti Kalkut\u0105. Joje detektyvo akivaizdoje nu\u017eudomas Sambalpuro maharad\u017eos s\u016bnus, ir Semas su i\u0161tikimuoju ser\u017eantu Banerd\u017eiu vyksta \u012f princo laidotuves, slapta tik\u0117damiesi i\u0161siai\u0161kinti ties\u0105. Sambalpuras \u2013 ma\u017eut\u0117 kunigaik\u0161tyst\u0117, ta\u010diau joje vyksta dideli dalykai: maharad\u017eos \u017emonos kovoja d\u0117l \u012ftakos, religin\u0117s grupuot\u0117s d\u017ei\u016bgauja d\u0117l princo Adhiro mirties, gra\u017euol\u0117 mokytoja agituoja prie\u0161 maharad\u017eos vald\u017ei\u0105, o ministras pirmininkas slepia tikr\u0105j\u0105 pad\u0117t\u012f deimant\u0173 kasyklose&#8230; Ir princo mirtis \u2013 tik prad\u017eia nusikaltim\u0173, kuriuos teks i\u0161narplioti sarkasti\u0161kajam sekliui. Deimantai, mirties bausm\u0119 vykdantys drambliai, melas, s\u0105mokslai, nuobod\u017eiaujantys brit\u0173 diplomatai ir religiniai fanatikai, lydintys dievo D\u017eaganatho ve\u017eim\u0105 \u2013 viskas susipina \u012f pavojais, opiumu ir kar\u0161\u010diu alsuojant\u012f raizgin\u012f, kurio gilumoje slypi tiesa. \u201eNei\u0161vengiamas blogis&#8221; \u2013 ironi\u0161kas, tir\u0161tas ir \u012ftraukiantis pasakojimas apie Brit\u0173 Indij\u0105. Atrodo, kad skaitant kakta i\u0161rasoja nuo prakaito.<\/p>\n","protected":false},"featured_media":19324,"comment_status":"open","ping_status":"closed","template":"","meta":{"_acf_changed":false,"site-sidebar-layout":"default","site-content-layout":"","ast-site-content-layout":"default","site-content-style":"default","site-sidebar-style":"default","ast-global-header-display":"","ast-banner-title-visibility":"","ast-main-header-display":"","ast-hfb-above-header-display":"","ast-hfb-below-header-display":"","ast-hfb-mobile-header-display":"","site-post-title":"","ast-breadcrumbs-content":"","ast-featured-img":"","footer-sml-layout":"","ast-disable-related-posts":"","theme-transparent-header-meta":"","adv-header-id-meta":"","stick-header-meta":"","header-above-stick-meta":"","header-main-stick-meta":"","header-below-stick-meta":"","astra-migrate-meta-layouts":"default","ast-page-background-enabled":"default","ast-page-background-meta":{"desktop":{"background-color":"","background-image":"","background-repeat":"repeat","background-position":"center center","background-size":"auto","background-attachment":"scroll","background-type":"","background-media":"","overlay-type":"","overlay-color":"","overlay-opacity":"","overlay-gradient":""},"tablet":{"background-color":"","background-image":"","background-repeat":"repeat","background-position":"center center","background-size":"auto","background-attachment":"scroll","background-type":"","background-media":"","overlay-type":"","overlay-color":"","overlay-opacity":"","overlay-gradient":""},"mobile":{"background-color":"","background-image":"","background-repeat":"repeat","background-position":"center center","background-size":"auto","background-attachment":"scroll","background-type":"","background-media":"","overlay-type":"","overlay-color":"","overlay-opacity":"","overlay-gradient":""}},"ast-content-background-meta":{"desktop":{"background-color":"var(--ast-global-color-4)","background-image":"","background-repeat":"repeat","background-position":"center center","background-size":"auto","background-attachment":"scroll","background-type":"","background-media":"","overlay-type":"","overlay-color":"","overlay-opacity":"","overlay-gradient":""},"tablet":{"background-color":"var(--ast-global-color-4)","background-image":"","background-repeat":"repeat","background-position":"center center","background-size":"auto","background-attachment":"scroll","background-type":"","background-media":"","overlay-type":"","overlay-color":"","overlay-opacity":"","overlay-gradient":""},"mobile":{"background-color":"var(--ast-global-color-4)","background-image":"","background-repeat":"repeat","background-position":"center center","background-size":"auto","background-attachment":"scroll","background-type":"","background-media":"","overlay-type":"","overlay-color":"","overlay-opacity":"","overlay-gradient":""}}},"product_brand":[],"product_cat":[9581],"product_tag":[9510],"class_list":{"0":"post-19318","1":"product","2":"type-product","3":"status-publish","4":"has-post-thumbnail","6":"product_cat-kriminaliniai-romanai","7":"product_tag-ltabir-mukherjee","8":"desktop-align-left","9":"tablet-align-left","10":"mobile-align-left","12":"first","13":"instock","14":"shipping-taxable","15":"purchasable","16":"product-type-simple"},"acf":[],"yoast_head":"<!-- This site is optimized with the Yoast SEO plugin v27.4 - https:\/\/yoast.com\/product\/yoast-seo-wordpress\/ -->\n<title>Nei\u0161vengiamas blogis. Kalkutos detektyvas. Antroji Semo Vindemo byla<\/title>\n<meta name=\"description\" content=\"Kelet\u0105 sekund\u017ei\u0173 jis dar pastov\u0117jo, tarsi i\u0161 ties\u0173 b\u016bt\u0173 dievyb\u0117, kurios neima kulkos. Bet paskui pro munduro \u0161ilk\u0105 \u0117m\u0117 sunktis skais\u010diai raudono kraujo\" \/>\n<meta name=\"robots\" content=\"index, follow, max-snippet:-1, max-image-preview:large, max-video-preview:-1\" \/>\n<link rel=\"canonical\" href=\"https:\/\/skaitytaknyga.lt\/en\/produktas\/neisvengiamas-blogis-kalkutos-detektyvas-antroji-semo-vindemo-byla\/\" \/>\n<meta property=\"og:locale\" content=\"en_GB\" \/>\n<meta property=\"og:locale:alternate\" content=\"lt_LT\" \/>\n<meta property=\"og:type\" content=\"article\" \/>\n<meta property=\"og:title\" content=\"Nei\u0161vengiamas blogis. Kalkutos detektyvas. Antroji Semo Vindemo byla\" \/>\n<meta property=\"og:description\" content=\"Kelet\u0105 sekund\u017ei\u0173 jis dar pastov\u0117jo, tarsi i\u0161 ties\u0173 b\u016bt\u0173 dievyb\u0117, kurios neima kulkos. Bet paskui pro munduro \u0161ilk\u0105 \u0117m\u0117 sunktis skais\u010diai raudono kraujo\" \/>\n<meta property=\"og:url\" content=\"https:\/\/skaitytaknyga.lt\/en\/produktas\/neisvengiamas-blogis-kalkutos-detektyvas-antroji-semo-vindemo-byla\/\" \/>\n<meta property=\"og:site_name\" content=\"Skaitytaknyga\" \/>\n<meta property=\"article:publisher\" content=\"https:\/\/www.facebook.com\/skaitytaknyga\/\" \/>\n<meta property=\"article:modified_time\" content=\"2026-03-05T09:59:18+00:00\" \/>\n<meta property=\"og:image\" content=\"https:\/\/skaitytaknyga.lt\/wp-content\/uploads\/2025\/07\/Neisvengiamas-blogis.-Kalkutos-detektyvas.-Antroji-Semo-Vindemo-byla.webp\" \/>\n\t<meta property=\"og:image:width\" content=\"423\" \/>\n\t<meta property=\"og:image:height\" content=\"635\" \/>\n\t<meta property=\"og:image:type\" content=\"image\/webp\" \/>\n<meta name=\"twitter:card\" content=\"summary_large_image\" \/>\n<meta name=\"twitter:label1\" content=\"Estimated reading time\" \/>\n\t<meta name=\"twitter:data1\" content=\"2 minutes\" \/>\n<script type=\"application\/ld+json\" class=\"yoast-schema-graph\">{\"@context\":\"https:\\\/\\\/schema.org\",\"@graph\":[{\"@type\":\"WebPage\",\"@id\":\"https:\\\/\\\/skaitytaknyga.lt\\\/produktas\\\/neisvengiamas-blogis-kalkutos-detektyvas-antroji-semo-vindemo-byla\\\/\",\"url\":\"https:\\\/\\\/skaitytaknyga.lt\\\/produktas\\\/neisvengiamas-blogis-kalkutos-detektyvas-antroji-semo-vindemo-byla\\\/\",\"name\":\"Nei\u0161vengiamas blogis. Kalkutos detektyvas. Antroji Semo Vindemo byla\",\"isPartOf\":{\"@id\":\"https:\\\/\\\/skaitytaknyga.lt\\\/#website\"},\"primaryImageOfPage\":{\"@id\":\"https:\\\/\\\/skaitytaknyga.lt\\\/produktas\\\/neisvengiamas-blogis-kalkutos-detektyvas-antroji-semo-vindemo-byla\\\/#primaryimage\"},\"image\":{\"@id\":\"https:\\\/\\\/skaitytaknyga.lt\\\/produktas\\\/neisvengiamas-blogis-kalkutos-detektyvas-antroji-semo-vindemo-byla\\\/#primaryimage\"},\"thumbnailUrl\":\"https:\\\/\\\/skaitytaknyga.lt\\\/wp-content\\\/uploads\\\/2025\\\/07\\\/Neisvengiamas-blogis.-Kalkutos-detektyvas.-Antroji-Semo-Vindemo-byla.webp\",\"datePublished\":\"2025-07-05T17:16:29+00:00\",\"dateModified\":\"2026-03-05T09:59:18+00:00\",\"description\":\"Kelet\u0105 sekund\u017ei\u0173 jis dar pastov\u0117jo, tarsi i\u0161 ties\u0173 b\u016bt\u0173 dievyb\u0117, kurios neima kulkos. Bet paskui pro munduro \u0161ilk\u0105 \u0117m\u0117 sunktis skais\u010diai raudono kraujo\",\"breadcrumb\":{\"@id\":\"https:\\\/\\\/skaitytaknyga.lt\\\/produktas\\\/neisvengiamas-blogis-kalkutos-detektyvas-antroji-semo-vindemo-byla\\\/#breadcrumb\"},\"inLanguage\":\"en-GB\",\"potentialAction\":[{\"@type\":\"ReadAction\",\"target\":[\"https:\\\/\\\/skaitytaknyga.lt\\\/produktas\\\/neisvengiamas-blogis-kalkutos-detektyvas-antroji-semo-vindemo-byla\\\/\"]}]},{\"@type\":\"ImageObject\",\"inLanguage\":\"en-GB\",\"@id\":\"https:\\\/\\\/skaitytaknyga.lt\\\/produktas\\\/neisvengiamas-blogis-kalkutos-detektyvas-antroji-semo-vindemo-byla\\\/#primaryimage\",\"url\":\"https:\\\/\\\/skaitytaknyga.lt\\\/wp-content\\\/uploads\\\/2025\\\/07\\\/Neisvengiamas-blogis.-Kalkutos-detektyvas.-Antroji-Semo-Vindemo-byla.webp\",\"contentUrl\":\"https:\\\/\\\/skaitytaknyga.lt\\\/wp-content\\\/uploads\\\/2025\\\/07\\\/Neisvengiamas-blogis.-Kalkutos-detektyvas.-Antroji-Semo-Vindemo-byla.webp\",\"width\":423,\"height\":635,\"caption\":\"Nei\u0161vengiamas blogis. Kalkutos detektyvas. Antroji Semo Vindemo byla\"},{\"@type\":\"BreadcrumbList\",\"@id\":\"https:\\\/\\\/skaitytaknyga.lt\\\/produktas\\\/neisvengiamas-blogis-kalkutos-detektyvas-antroji-semo-vindemo-byla\\\/#breadcrumb\",\"itemListElement\":[{\"@type\":\"ListItem\",\"position\":1,\"name\":\"Home\",\"item\":\"https:\\\/\\\/skaitytaknyga.lt\\\/\"},{\"@type\":\"ListItem\",\"position\":2,\"name\":\"Parduotuv\u0117\",\"item\":\"https:\\\/\\\/skaitytaknyga.lt\\\/knygu-parduotuve\\\/\"},{\"@type\":\"ListItem\",\"position\":3,\"name\":\"Nei\u0161vengiamas blogis. Kalkutos detektyvas. Antroji Semo Vindemo byla\"}]},{\"@type\":\"WebSite\",\"@id\":\"https:\\\/\\\/skaitytaknyga.lt\\\/#website\",\"url\":\"https:\\\/\\\/skaitytaknyga.lt\\\/\",\"name\":\"skaitytaknyga.lt\",\"description\":\"Skaitytaknyga.lt \u2013 tai ma\u017eas \u0161eimos verslas, kuris prasid\u0117jo nuo meil\u0117s knygoms ir siekio i\u0161gelb\u0117ti knygas nuo likimo prie konteinerio. Kas vienam nereikalingas daiktas \u2013 kitam lobis, o mes esame tarpininkai, kurie padeda abiems tapti laimingesniems ???? \u017dinome kaip nelengva i\u0161gyventi ma\u017eiems verslams, tad nuo \u0161iol, \u010dia rasite ir kit\u0173, ma\u017e\u0173 \u0161eim\u0173 versl\u0173, rank\u0173 darbo, dovan\u0173 sau ir artimiesiems.\",\"publisher\":{\"@id\":\"https:\\\/\\\/skaitytaknyga.lt\\\/#organization\"},\"potentialAction\":[{\"@type\":\"SearchAction\",\"target\":{\"@type\":\"EntryPoint\",\"urlTemplate\":\"https:\\\/\\\/skaitytaknyga.lt\\\/?s={search_term_string}\"},\"query-input\":{\"@type\":\"PropertyValueSpecification\",\"valueRequired\":true,\"valueName\":\"search_term_string\"}}],\"inLanguage\":\"en-GB\"},{\"@type\":\"Organization\",\"@id\":\"https:\\\/\\\/skaitytaknyga.lt\\\/#organization\",\"name\":\"skaitytaknyga.lt\",\"url\":\"https:\\\/\\\/skaitytaknyga.lt\\\/\",\"logo\":{\"@type\":\"ImageObject\",\"inLanguage\":\"en-GB\",\"@id\":\"https:\\\/\\\/skaitytaknyga.lt\\\/#\\\/schema\\\/logo\\\/image\\\/\",\"url\":\"https:\\\/\\\/skaitytaknyga.lt\\\/wp-content\\\/uploads\\\/2024\\\/05\\\/cropped-cropped-cropped-02_00843_jt3bggkj1j3HLc7SyY6rEUpg.jpeg\",\"contentUrl\":\"https:\\\/\\\/skaitytaknyga.lt\\\/wp-content\\\/uploads\\\/2024\\\/05\\\/cropped-cropped-cropped-02_00843_jt3bggkj1j3HLc7SyY6rEUpg.jpeg\",\"width\":1600,\"height\":1600,\"caption\":\"skaitytaknyga.lt\"},\"image\":{\"@id\":\"https:\\\/\\\/skaitytaknyga.lt\\\/#\\\/schema\\\/logo\\\/image\\\/\"},\"sameAs\":[\"https:\\\/\\\/www.facebook.com\\\/skaitytaknyga\\\/\"]}]}<\/script>\n<!-- \/ Yoast SEO plugin. -->","yoast_head_json":{"title":"Nei\u0161vengiamas blogis. Kalkutos detektyvas. Antroji Semo Vindemo byla","description":"Kelet\u0105 sekund\u017ei\u0173 jis dar pastov\u0117jo, tarsi i\u0161 ties\u0173 b\u016bt\u0173 dievyb\u0117, kurios neima kulkos. Bet paskui pro munduro \u0161ilk\u0105 \u0117m\u0117 sunktis skais\u010diai raudono kraujo","robots":{"index":"index","follow":"follow","max-snippet":"max-snippet:-1","max-image-preview":"max-image-preview:large","max-video-preview":"max-video-preview:-1"},"canonical":"https:\/\/skaitytaknyga.lt\/en\/produktas\/neisvengiamas-blogis-kalkutos-detektyvas-antroji-semo-vindemo-byla\/","og_locale":"en_GB","og_type":"article","og_title":"[:lt]Nei\u0161vengiamas blogis. Kalkutos detektyvas. Antroji Semo Vindemo byla[:] - Skaitytaknyga","og_description":"Kelet\u0105 sekund\u017ei\u0173 jis dar pastov\u0117jo, tarsi i\u0161 ties\u0173 b\u016bt\u0173 dievyb\u0117, kurios neima kulkos. Bet paskui pro munduro \u0161ilk\u0105 \u0117m\u0117 sunktis skais\u010diai raudono kraujo","og_url":"https:\/\/skaitytaknyga.lt\/en\/produktas\/neisvengiamas-blogis-kalkutos-detektyvas-antroji-semo-vindemo-byla\/","og_site_name":"Skaitytaknyga","article_publisher":"https:\/\/www.facebook.com\/skaitytaknyga\/","article_modified_time":"2026-03-05T09:59:18+00:00","og_image":[{"width":423,"height":635,"url":"https:\/\/skaitytaknyga.lt\/wp-content\/uploads\/2025\/07\/Neisvengiamas-blogis.-Kalkutos-detektyvas.-Antroji-Semo-Vindemo-byla.webp","type":"image\/webp"}],"twitter_card":"summary_large_image","twitter_misc":{"Estimated reading time":"2 minutes"},"schema":{"@context":"https:\/\/schema.org","@graph":[{"@type":"WebPage","@id":"https:\/\/skaitytaknyga.lt\/produktas\/neisvengiamas-blogis-kalkutos-detektyvas-antroji-semo-vindemo-byla\/","url":"https:\/\/skaitytaknyga.lt\/produktas\/neisvengiamas-blogis-kalkutos-detektyvas-antroji-semo-vindemo-byla\/","name":"Nei\u0161vengiamas blogis. Kalkutos detektyvas. Antroji Semo Vindemo byla","isPartOf":{"@id":"https:\/\/skaitytaknyga.lt\/#website"},"primaryImageOfPage":{"@id":"https:\/\/skaitytaknyga.lt\/produktas\/neisvengiamas-blogis-kalkutos-detektyvas-antroji-semo-vindemo-byla\/#primaryimage"},"image":{"@id":"https:\/\/skaitytaknyga.lt\/produktas\/neisvengiamas-blogis-kalkutos-detektyvas-antroji-semo-vindemo-byla\/#primaryimage"},"thumbnailUrl":"https:\/\/skaitytaknyga.lt\/wp-content\/uploads\/2025\/07\/Neisvengiamas-blogis.-Kalkutos-detektyvas.-Antroji-Semo-Vindemo-byla.webp","datePublished":"2025-07-05T17:16:29+00:00","dateModified":"2026-03-05T09:59:18+00:00","description":"Kelet\u0105 sekund\u017ei\u0173 jis dar pastov\u0117jo, tarsi i\u0161 ties\u0173 b\u016bt\u0173 dievyb\u0117, kurios neima kulkos. Bet paskui pro munduro \u0161ilk\u0105 \u0117m\u0117 sunktis skais\u010diai raudono kraujo","breadcrumb":{"@id":"https:\/\/skaitytaknyga.lt\/produktas\/neisvengiamas-blogis-kalkutos-detektyvas-antroji-semo-vindemo-byla\/#breadcrumb"},"inLanguage":"en-GB","potentialAction":[{"@type":"ReadAction","target":["https:\/\/skaitytaknyga.lt\/produktas\/neisvengiamas-blogis-kalkutos-detektyvas-antroji-semo-vindemo-byla\/"]}]},{"@type":"ImageObject","inLanguage":"en-GB","@id":"https:\/\/skaitytaknyga.lt\/produktas\/neisvengiamas-blogis-kalkutos-detektyvas-antroji-semo-vindemo-byla\/#primaryimage","url":"https:\/\/skaitytaknyga.lt\/wp-content\/uploads\/2025\/07\/Neisvengiamas-blogis.-Kalkutos-detektyvas.-Antroji-Semo-Vindemo-byla.webp","contentUrl":"https:\/\/skaitytaknyga.lt\/wp-content\/uploads\/2025\/07\/Neisvengiamas-blogis.-Kalkutos-detektyvas.-Antroji-Semo-Vindemo-byla.webp","width":423,"height":635,"caption":"Nei\u0161vengiamas blogis. Kalkutos detektyvas. Antroji Semo Vindemo byla"},{"@type":"BreadcrumbList","@id":"https:\/\/skaitytaknyga.lt\/produktas\/neisvengiamas-blogis-kalkutos-detektyvas-antroji-semo-vindemo-byla\/#breadcrumb","itemListElement":[{"@type":"ListItem","position":1,"name":"Home","item":"https:\/\/skaitytaknyga.lt\/"},{"@type":"ListItem","position":2,"name":"Parduotuv\u0117","item":"https:\/\/skaitytaknyga.lt\/knygu-parduotuve\/"},{"@type":"ListItem","position":3,"name":"Nei\u0161vengiamas blogis. Kalkutos detektyvas. Antroji Semo Vindemo byla"}]},{"@type":"WebSite","@id":"https:\/\/skaitytaknyga.lt\/#website","url":"https:\/\/skaitytaknyga.lt\/","name":"skaitytaknyga.lt","description":"Skaitytaknyga.lt \u2013 tai ma\u017eas \u0161eimos verslas, kuris prasid\u0117jo nuo meil\u0117s knygoms ir siekio i\u0161gelb\u0117ti knygas nuo likimo prie konteinerio. Kas vienam nereikalingas daiktas \u2013 kitam lobis, o mes esame tarpininkai, kurie padeda abiems tapti laimingesniems ???? \u017dinome kaip nelengva i\u0161gyventi ma\u017eiems verslams, tad nuo \u0161iol, \u010dia rasite ir kit\u0173, ma\u017e\u0173 \u0161eim\u0173 versl\u0173, rank\u0173 darbo, dovan\u0173 sau ir artimiesiems.","publisher":{"@id":"https:\/\/skaitytaknyga.lt\/#organization"},"potentialAction":[{"@type":"SearchAction","target":{"@type":"EntryPoint","urlTemplate":"https:\/\/skaitytaknyga.lt\/?s={search_term_string}"},"query-input":{"@type":"PropertyValueSpecification","valueRequired":true,"valueName":"search_term_string"}}],"inLanguage":"en-GB"},{"@type":"Organization","@id":"https:\/\/skaitytaknyga.lt\/#organization","name":"skaitytaknyga.lt","url":"https:\/\/skaitytaknyga.lt\/","logo":{"@type":"ImageObject","inLanguage":"en-GB","@id":"https:\/\/skaitytaknyga.lt\/#\/schema\/logo\/image\/","url":"https:\/\/skaitytaknyga.lt\/wp-content\/uploads\/2024\/05\/cropped-cropped-cropped-02_00843_jt3bggkj1j3HLc7SyY6rEUpg.jpeg","contentUrl":"https:\/\/skaitytaknyga.lt\/wp-content\/uploads\/2024\/05\/cropped-cropped-cropped-02_00843_jt3bggkj1j3HLc7SyY6rEUpg.jpeg","width":1600,"height":1600,"caption":"skaitytaknyga.lt"},"image":{"@id":"https:\/\/skaitytaknyga.lt\/#\/schema\/logo\/image\/"},"sameAs":["https:\/\/www.facebook.com\/skaitytaknyga\/"]}]}},"_links":{"self":[{"href":"https:\/\/skaitytaknyga.lt\/en\/wp-json\/wp\/v2\/product\/19318","targetHints":{"allow":["GET"]}}],"collection":[{"href":"https:\/\/skaitytaknyga.lt\/en\/wp-json\/wp\/v2\/product"}],"about":[{"href":"https:\/\/skaitytaknyga.lt\/en\/wp-json\/wp\/v2\/types\/product"}],"replies":[{"embeddable":true,"href":"https:\/\/skaitytaknyga.lt\/en\/wp-json\/wp\/v2\/comments?post=19318"}],"wp:featuredmedia":[{"embeddable":true,"href":"https:\/\/skaitytaknyga.lt\/en\/wp-json\/wp\/v2\/media\/19324"}],"wp:attachment":[{"href":"https:\/\/skaitytaknyga.lt\/en\/wp-json\/wp\/v2\/media?parent=19318"}],"wp:term":[{"taxonomy":"product_brand","embeddable":true,"href":"https:\/\/skaitytaknyga.lt\/en\/wp-json\/wp\/v2\/product_brand?post=19318"},{"taxonomy":"product_cat","embeddable":true,"href":"https:\/\/skaitytaknyga.lt\/en\/wp-json\/wp\/v2\/product_cat?post=19318"},{"taxonomy":"product_tag","embeddable":true,"href":"https:\/\/skaitytaknyga.lt\/en\/wp-json\/wp\/v2\/product_tag?post=19318"}],"curies":[{"name":"wp","href":"https:\/\/api.w.org\/{rel}","templated":true}]}}