{"id":19317,"date":"2025-07-05T20:16:29","date_gmt":"2025-07-05T17:16:29","guid":{"rendered":"https:\/\/skaitytaknyga.lt\/?post_type=product&#038;p=19317"},"modified":"2026-03-05T11:59:18","modified_gmt":"2026-03-05T09:59:18","slug":"kalkutos-detektyvas","status":"publish","type":"product","link":"https:\/\/skaitytaknyga.lt\/en\/produktas\/kalkutos-detektyvas\/","title":{"rendered":"Kalkutos detektyvas"},"content":{"rendered":"<p>Abir Mukherjee (Abiras Mukerd\u017ei) \u2013 Vakar\u0173 \u0160kotijoje u\u017eaug\u0119s imigrant\u0173 i\u0161 Indijos s\u016bnus, \u0161iuo metu su \u0161eima gyvenantis Londone. Jo debiutin\u0117 knyga \u201eKalkutos detektyvas&#8221; laim\u0117jo presti\u017ein\u012f Harvill Secker \/ Daily Telegraph detektyv\u0173 konkurs\u0105 ir i\u0161 karto susilauk\u0117 skaitytoj\u0173 d\u0117mesio. Tai kelion\u0117 laiku \u012f praeit\u012f, \u012f Brit\u0173 Indij\u0105 \u2013 valstyb\u0119, kuri nebeegzistuoja, \u012f kolonijinio pasaulio prabang\u0105 ir pragai\u0161t\u012f.<\/p>\n<p>Kalkuta, 1919 metai. Buv\u0119s Skotland Jardo detektyvas Semas Vindemas atvyksta \u012f \u0161\u012f miest\u0105 tik\u0117damasis \u010dia prad\u0117ti visk\u0105 i\u0161 naujo ir atsikratyti kankinam\u0173 prisiminim\u0173 apie kar\u0105. Ta\u010diau nesp\u0117j\u0119s apsiprasti nei su nauja vieta, nei su savo vidiniais demonais, Vindemas i\u0161kart neria tiesiai \u012f \u017emog\u017eudyst\u0117s tyrimo s\u016bkur\u012f. \u017dmog\u017eudyst\u0117s, kuri privers j\u012f leistis \u012f tamsiausias Brit\u0173 Indijos gelmes.<\/p>\n<p>Reikalas rimtas: nu\u017eudytas auk\u0161tas valstyb\u0117s tarnautojas. Negana to, \u012f jo burn\u0105 \u012fgr\u016bstas popiergalis su raginimu britams ne\u0161dintis i\u0161 Indijos. Politin\u0117 pad\u0117tis darosi vis nestabilesn\u0117, neramum\u0173 daug\u0117ja, valstybei ima gr\u0117sti rimtas pavojus, o sarkasti\u0161kasis detektyvas Vindemas drauge su aroganti\u0161ku savo kolega inspektoriumi Digbiu ir Indijoje gimusiu, ta\u010diau briti\u0161kai aukl\u0117tu ser\u017eantu Banerd\u017eiu narplioja tyrimo gijas, vedan\u010dias juos nuo klestin\u010di\u0173 brit\u0173 salon\u0173 iki gundan\u010di\u0173 opijaus landyni\u0173.<\/p>\n<p>Nepakartojama Kalkutos atmosfera, kolonij\u0173 \u017eavesys ir skurdas, tikras briti\u0161kas sarkazmas, revoliuciniai idealai ir nusikaltimo tyrimas \u2013 visa tai u\u017eburia, suvilioja ir nepaleid\u017eia.<\/p>\n","protected":false},"excerpt":{"rendered":"<p>Abir Mukherjee (Abiras Mukerd\u017ei) \u2013 Vakar\u0173 \u0160kotijoje u\u017eaug\u0119s imigrant\u0173 i\u0161 Indijos s\u016bnus, \u0161iuo metu su \u0161eima gyvenantis Londone. Jo debiutin\u0117 knyga \u201eKalkutos detektyvas&#8221; laim\u0117jo presti\u017ein\u012f Harvill Secker \/ Daily Telegraph detektyv\u0173 konkurs\u0105 ir i\u0161 karto susilauk\u0117 skaitytoj\u0173 d\u0117mesio. Tai kelion\u0117 laiku \u012f praeit\u012f, \u012f Brit\u0173 Indij\u0105 \u2013 valstyb\u0119, kuri nebeegzistuoja, \u012f kolonijinio pasaulio prabang\u0105 ir pragai\u0161t\u012f. Kalkuta, 1919 metai. Buv\u0119s Skotland Jardo detektyvas Semas Vindemas atvyksta \u012f \u0161\u012f miest\u0105 tik\u0117damasis \u010dia prad\u0117ti visk\u0105 i\u0161 naujo ir atsikratyti kankinam\u0173 prisiminim\u0173 apie kar\u0105. Ta\u010diau nesp\u0117j\u0119s apsiprasti nei su nauja vieta, nei su savo vidiniais demonais, Vindemas i\u0161kart neria tiesiai \u012f \u017emog\u017eudyst\u0117s tyrimo s\u016bkur\u012f. \u017dmog\u017eudyst\u0117s, kuri privers j\u012f leistis \u012f tamsiausias Brit\u0173 Indijos gelmes. Reikalas rimtas: nu\u017eudytas auk\u0161tas valstyb\u0117s tarnautojas. Negana to, \u012f jo burn\u0105 \u012fgr\u016bstas popiergalis su raginimu britams ne\u0161dintis i\u0161 Indijos. Politin\u0117 pad\u0117tis darosi vis nestabilesn\u0117, neramum\u0173 daug\u0117ja, valstybei ima gr\u0117sti rimtas pavojus, o sarkasti\u0161kasis detektyvas Vindemas drauge su aroganti\u0161ku savo kolega inspektoriumi Digbiu ir Indijoje gimusiu, ta\u010diau briti\u0161kai aukl\u0117tu ser\u017eantu Banerd\u017eiu narplioja tyrimo gijas, vedan\u010dias juos nuo klestin\u010di\u0173 brit\u0173 salon\u0173 iki gundan\u010di\u0173 opijaus landyni\u0173. Nepakartojama Kalkutos atmosfera, kolonij\u0173 \u017eavesys ir skurdas, tikras briti\u0161kas sarkazmas, revoliuciniai idealai ir nusikaltimo tyrimas \u2013 visa tai u\u017eburia, suvilioja ir nepaleid\u017eia.<\/p>\n","protected":false},"featured_media":19323,"comment_status":"open","ping_status":"closed","template":"","meta":{"_acf_changed":false,"site-sidebar-layout":"default","site-content-layout":"","ast-site-content-layout":"default","site-content-style":"default","site-sidebar-style":"default","ast-global-header-display":"","ast-banner-title-visibility":"","ast-main-header-display":"","ast-hfb-above-header-display":"","ast-hfb-below-header-display":"","ast-hfb-mobile-header-display":"","site-post-title":"","ast-breadcrumbs-content":"","ast-featured-img":"","footer-sml-layout":"","ast-disable-related-posts":"","theme-transparent-header-meta":"","adv-header-id-meta":"","stick-header-meta":"","header-above-stick-meta":"","header-main-stick-meta":"","header-below-stick-meta":"","astra-migrate-meta-layouts":"default","ast-page-background-enabled":"default","ast-page-background-meta":{"desktop":{"background-color":"","background-image":"","background-repeat":"repeat","background-position":"center center","background-size":"auto","background-attachment":"scroll","background-type":"","background-media":"","overlay-type":"","overlay-color":"","overlay-opacity":"","overlay-gradient":""},"tablet":{"background-color":"","background-image":"","background-repeat":"repeat","background-position":"center center","background-size":"auto","background-attachment":"scroll","background-type":"","background-media":"","overlay-type":"","overlay-color":"","overlay-opacity":"","overlay-gradient":""},"mobile":{"background-color":"","background-image":"","background-repeat":"repeat","background-position":"center center","background-size":"auto","background-attachment":"scroll","background-type":"","background-media":"","overlay-type":"","overlay-color":"","overlay-opacity":"","overlay-gradient":""}},"ast-content-background-meta":{"desktop":{"background-color":"var(--ast-global-color-4)","background-image":"","background-repeat":"repeat","background-position":"center center","background-size":"auto","background-attachment":"scroll","background-type":"","background-media":"","overlay-type":"","overlay-color":"","overlay-opacity":"","overlay-gradient":""},"tablet":{"background-color":"var(--ast-global-color-4)","background-image":"","background-repeat":"repeat","background-position":"center center","background-size":"auto","background-attachment":"scroll","background-type":"","background-media":"","overlay-type":"","overlay-color":"","overlay-opacity":"","overlay-gradient":""},"mobile":{"background-color":"var(--ast-global-color-4)","background-image":"","background-repeat":"repeat","background-position":"center center","background-size":"auto","background-attachment":"scroll","background-type":"","background-media":"","overlay-type":"","overlay-color":"","overlay-opacity":"","overlay-gradient":""}}},"product_brand":[],"product_cat":[9581],"product_tag":[],"class_list":{"0":"post-19317","1":"product","2":"type-product","3":"status-publish","4":"has-post-thumbnail","6":"product_cat-kriminaliniai-romanai","7":"desktop-align-left","8":"tablet-align-left","9":"mobile-align-left","11":"first","12":"instock","13":"shipping-taxable","14":"purchasable","15":"product-type-simple"},"acf":[],"yoast_head":"<!-- This site is optimized with the Yoast SEO plugin v27.4 - https:\/\/yoast.com\/product\/yoast-seo-wordpress\/ -->\n<title>Kalkutos detektyvas<\/title>\n<meta name=\"description\" content=\"Abir Mukherjee (Abiras Mukerd\u017ei) \u2013 Vakar\u0173 \u0160kotijoje u\u017eaug\u0119s imigrant\u0173 i\u0161 Indijos s\u016bnus, \u0161iuo metu su \u0161eima gyvenantis Londone. Jo debiutin\u0117 knyga\" \/>\n<meta name=\"robots\" content=\"index, follow, max-snippet:-1, max-image-preview:large, max-video-preview:-1\" \/>\n<link rel=\"canonical\" href=\"https:\/\/skaitytaknyga.lt\/en\/produktas\/kalkutos-detektyvas\/\" \/>\n<meta property=\"og:locale\" content=\"en_GB\" \/>\n<meta property=\"og:locale:alternate\" content=\"lt_LT\" \/>\n<meta property=\"og:type\" content=\"article\" \/>\n<meta property=\"og:title\" content=\"Kalkutos detektyvas\" \/>\n<meta property=\"og:description\" content=\"Abir Mukherjee (Abiras Mukerd\u017ei) \u2013 Vakar\u0173 \u0160kotijoje u\u017eaug\u0119s imigrant\u0173 i\u0161 Indijos s\u016bnus, \u0161iuo metu su \u0161eima gyvenantis Londone. Jo debiutin\u0117 knyga\" \/>\n<meta property=\"og:url\" content=\"https:\/\/skaitytaknyga.lt\/en\/produktas\/kalkutos-detektyvas\/\" \/>\n<meta property=\"og:site_name\" content=\"Skaitytaknyga\" \/>\n<meta property=\"article:publisher\" content=\"https:\/\/www.facebook.com\/skaitytaknyga\/\" \/>\n<meta property=\"article:modified_time\" content=\"2026-03-05T09:59:18+00:00\" \/>\n<meta property=\"og:image\" content=\"https:\/\/skaitytaknyga.lt\/wp-content\/uploads\/2025\/07\/Kalkutos-detektyvas.webp\" \/>\n\t<meta property=\"og:image:width\" content=\"423\" \/>\n\t<meta property=\"og:image:height\" content=\"635\" \/>\n\t<meta property=\"og:image:type\" content=\"image\/webp\" \/>\n<meta name=\"twitter:card\" content=\"summary_large_image\" \/>\n<meta name=\"twitter:label1\" content=\"Estimated reading time\" \/>\n\t<meta name=\"twitter:data1\" content=\"1 minute\" \/>\n<script type=\"application\/ld+json\" class=\"yoast-schema-graph\">{\"@context\":\"https:\\\/\\\/schema.org\",\"@graph\":[{\"@type\":\"WebPage\",\"@id\":\"https:\\\/\\\/skaitytaknyga.lt\\\/produktas\\\/kalkutos-detektyvas\\\/\",\"url\":\"https:\\\/\\\/skaitytaknyga.lt\\\/produktas\\\/kalkutos-detektyvas\\\/\",\"name\":\"Kalkutos detektyvas\",\"isPartOf\":{\"@id\":\"https:\\\/\\\/skaitytaknyga.lt\\\/#website\"},\"primaryImageOfPage\":{\"@id\":\"https:\\\/\\\/skaitytaknyga.lt\\\/produktas\\\/kalkutos-detektyvas\\\/#primaryimage\"},\"image\":{\"@id\":\"https:\\\/\\\/skaitytaknyga.lt\\\/produktas\\\/kalkutos-detektyvas\\\/#primaryimage\"},\"thumbnailUrl\":\"https:\\\/\\\/skaitytaknyga.lt\\\/wp-content\\\/uploads\\\/2025\\\/07\\\/Kalkutos-detektyvas.webp\",\"datePublished\":\"2025-07-05T17:16:29+00:00\",\"dateModified\":\"2026-03-05T09:59:18+00:00\",\"description\":\"Abir Mukherjee (Abiras Mukerd\u017ei) \u2013 Vakar\u0173 \u0160kotijoje u\u017eaug\u0119s imigrant\u0173 i\u0161 Indijos s\u016bnus, \u0161iuo metu su \u0161eima gyvenantis Londone. Jo debiutin\u0117 knyga\",\"breadcrumb\":{\"@id\":\"https:\\\/\\\/skaitytaknyga.lt\\\/produktas\\\/kalkutos-detektyvas\\\/#breadcrumb\"},\"inLanguage\":\"en-GB\",\"potentialAction\":[{\"@type\":\"ReadAction\",\"target\":[\"https:\\\/\\\/skaitytaknyga.lt\\\/produktas\\\/kalkutos-detektyvas\\\/\"]}]},{\"@type\":\"ImageObject\",\"inLanguage\":\"en-GB\",\"@id\":\"https:\\\/\\\/skaitytaknyga.lt\\\/produktas\\\/kalkutos-detektyvas\\\/#primaryimage\",\"url\":\"https:\\\/\\\/skaitytaknyga.lt\\\/wp-content\\\/uploads\\\/2025\\\/07\\\/Kalkutos-detektyvas.webp\",\"contentUrl\":\"https:\\\/\\\/skaitytaknyga.lt\\\/wp-content\\\/uploads\\\/2025\\\/07\\\/Kalkutos-detektyvas.webp\",\"width\":423,\"height\":635,\"caption\":\"Kalkutos detektyvas\"},{\"@type\":\"BreadcrumbList\",\"@id\":\"https:\\\/\\\/skaitytaknyga.lt\\\/produktas\\\/kalkutos-detektyvas\\\/#breadcrumb\",\"itemListElement\":[{\"@type\":\"ListItem\",\"position\":1,\"name\":\"Home\",\"item\":\"https:\\\/\\\/skaitytaknyga.lt\\\/\"},{\"@type\":\"ListItem\",\"position\":2,\"name\":\"Parduotuv\u0117\",\"item\":\"https:\\\/\\\/skaitytaknyga.lt\\\/knygu-parduotuve\\\/\"},{\"@type\":\"ListItem\",\"position\":3,\"name\":\"Kalkutos detektyvas\"}]},{\"@type\":\"WebSite\",\"@id\":\"https:\\\/\\\/skaitytaknyga.lt\\\/#website\",\"url\":\"https:\\\/\\\/skaitytaknyga.lt\\\/\",\"name\":\"skaitytaknyga.lt\",\"description\":\"Skaitytaknyga.lt \u2013 tai ma\u017eas \u0161eimos verslas, kuris prasid\u0117jo nuo meil\u0117s knygoms ir siekio i\u0161gelb\u0117ti knygas nuo likimo prie konteinerio. Kas vienam nereikalingas daiktas \u2013 kitam lobis, o mes esame tarpininkai, kurie padeda abiems tapti laimingesniems ???? \u017dinome kaip nelengva i\u0161gyventi ma\u017eiems verslams, tad nuo \u0161iol, \u010dia rasite ir kit\u0173, ma\u017e\u0173 \u0161eim\u0173 versl\u0173, rank\u0173 darbo, dovan\u0173 sau ir artimiesiems.\",\"publisher\":{\"@id\":\"https:\\\/\\\/skaitytaknyga.lt\\\/#organization\"},\"potentialAction\":[{\"@type\":\"SearchAction\",\"target\":{\"@type\":\"EntryPoint\",\"urlTemplate\":\"https:\\\/\\\/skaitytaknyga.lt\\\/?s={search_term_string}\"},\"query-input\":{\"@type\":\"PropertyValueSpecification\",\"valueRequired\":true,\"valueName\":\"search_term_string\"}}],\"inLanguage\":\"en-GB\"},{\"@type\":\"Organization\",\"@id\":\"https:\\\/\\\/skaitytaknyga.lt\\\/#organization\",\"name\":\"skaitytaknyga.lt\",\"url\":\"https:\\\/\\\/skaitytaknyga.lt\\\/\",\"logo\":{\"@type\":\"ImageObject\",\"inLanguage\":\"en-GB\",\"@id\":\"https:\\\/\\\/skaitytaknyga.lt\\\/#\\\/schema\\\/logo\\\/image\\\/\",\"url\":\"https:\\\/\\\/skaitytaknyga.lt\\\/wp-content\\\/uploads\\\/2024\\\/05\\\/cropped-cropped-cropped-02_00843_jt3bggkj1j3HLc7SyY6rEUpg.jpeg\",\"contentUrl\":\"https:\\\/\\\/skaitytaknyga.lt\\\/wp-content\\\/uploads\\\/2024\\\/05\\\/cropped-cropped-cropped-02_00843_jt3bggkj1j3HLc7SyY6rEUpg.jpeg\",\"width\":1600,\"height\":1600,\"caption\":\"skaitytaknyga.lt\"},\"image\":{\"@id\":\"https:\\\/\\\/skaitytaknyga.lt\\\/#\\\/schema\\\/logo\\\/image\\\/\"},\"sameAs\":[\"https:\\\/\\\/www.facebook.com\\\/skaitytaknyga\\\/\"]}]}<\/script>\n<!-- \/ Yoast SEO plugin. -->","yoast_head_json":{"title":"Kalkutos detektyvas","description":"Abir Mukherjee (Abiras Mukerd\u017ei) \u2013 Vakar\u0173 \u0160kotijoje u\u017eaug\u0119s imigrant\u0173 i\u0161 Indijos s\u016bnus, \u0161iuo metu su \u0161eima gyvenantis Londone. Jo debiutin\u0117 knyga","robots":{"index":"index","follow":"follow","max-snippet":"max-snippet:-1","max-image-preview":"max-image-preview:large","max-video-preview":"max-video-preview:-1"},"canonical":"https:\/\/skaitytaknyga.lt\/en\/produktas\/kalkutos-detektyvas\/","og_locale":"en_GB","og_type":"article","og_title":"[:lt]Kalkutos detektyvas[:] - Skaitytaknyga","og_description":"Abir Mukherjee (Abiras Mukerd\u017ei) \u2013 Vakar\u0173 \u0160kotijoje u\u017eaug\u0119s imigrant\u0173 i\u0161 Indijos s\u016bnus, \u0161iuo metu su \u0161eima gyvenantis Londone. Jo debiutin\u0117 knyga","og_url":"https:\/\/skaitytaknyga.lt\/en\/produktas\/kalkutos-detektyvas\/","og_site_name":"Skaitytaknyga","article_publisher":"https:\/\/www.facebook.com\/skaitytaknyga\/","article_modified_time":"2026-03-05T09:59:18+00:00","og_image":[{"width":423,"height":635,"url":"https:\/\/skaitytaknyga.lt\/wp-content\/uploads\/2025\/07\/Kalkutos-detektyvas.webp","type":"image\/webp"}],"twitter_card":"summary_large_image","twitter_misc":{"Estimated reading time":"1 minute"},"schema":{"@context":"https:\/\/schema.org","@graph":[{"@type":"WebPage","@id":"https:\/\/skaitytaknyga.lt\/produktas\/kalkutos-detektyvas\/","url":"https:\/\/skaitytaknyga.lt\/produktas\/kalkutos-detektyvas\/","name":"Kalkutos detektyvas","isPartOf":{"@id":"https:\/\/skaitytaknyga.lt\/#website"},"primaryImageOfPage":{"@id":"https:\/\/skaitytaknyga.lt\/produktas\/kalkutos-detektyvas\/#primaryimage"},"image":{"@id":"https:\/\/skaitytaknyga.lt\/produktas\/kalkutos-detektyvas\/#primaryimage"},"thumbnailUrl":"https:\/\/skaitytaknyga.lt\/wp-content\/uploads\/2025\/07\/Kalkutos-detektyvas.webp","datePublished":"2025-07-05T17:16:29+00:00","dateModified":"2026-03-05T09:59:18+00:00","description":"Abir Mukherjee (Abiras Mukerd\u017ei) \u2013 Vakar\u0173 \u0160kotijoje u\u017eaug\u0119s imigrant\u0173 i\u0161 Indijos s\u016bnus, \u0161iuo metu su \u0161eima gyvenantis Londone. Jo debiutin\u0117 knyga","breadcrumb":{"@id":"https:\/\/skaitytaknyga.lt\/produktas\/kalkutos-detektyvas\/#breadcrumb"},"inLanguage":"en-GB","potentialAction":[{"@type":"ReadAction","target":["https:\/\/skaitytaknyga.lt\/produktas\/kalkutos-detektyvas\/"]}]},{"@type":"ImageObject","inLanguage":"en-GB","@id":"https:\/\/skaitytaknyga.lt\/produktas\/kalkutos-detektyvas\/#primaryimage","url":"https:\/\/skaitytaknyga.lt\/wp-content\/uploads\/2025\/07\/Kalkutos-detektyvas.webp","contentUrl":"https:\/\/skaitytaknyga.lt\/wp-content\/uploads\/2025\/07\/Kalkutos-detektyvas.webp","width":423,"height":635,"caption":"Kalkutos detektyvas"},{"@type":"BreadcrumbList","@id":"https:\/\/skaitytaknyga.lt\/produktas\/kalkutos-detektyvas\/#breadcrumb","itemListElement":[{"@type":"ListItem","position":1,"name":"Home","item":"https:\/\/skaitytaknyga.lt\/"},{"@type":"ListItem","position":2,"name":"Parduotuv\u0117","item":"https:\/\/skaitytaknyga.lt\/knygu-parduotuve\/"},{"@type":"ListItem","position":3,"name":"Kalkutos detektyvas"}]},{"@type":"WebSite","@id":"https:\/\/skaitytaknyga.lt\/#website","url":"https:\/\/skaitytaknyga.lt\/","name":"skaitytaknyga.lt","description":"Skaitytaknyga.lt \u2013 tai ma\u017eas \u0161eimos verslas, kuris prasid\u0117jo nuo meil\u0117s knygoms ir siekio i\u0161gelb\u0117ti knygas nuo likimo prie konteinerio. Kas vienam nereikalingas daiktas \u2013 kitam lobis, o mes esame tarpininkai, kurie padeda abiems tapti laimingesniems ???? \u017dinome kaip nelengva i\u0161gyventi ma\u017eiems verslams, tad nuo \u0161iol, \u010dia rasite ir kit\u0173, ma\u017e\u0173 \u0161eim\u0173 versl\u0173, rank\u0173 darbo, dovan\u0173 sau ir artimiesiems.","publisher":{"@id":"https:\/\/skaitytaknyga.lt\/#organization"},"potentialAction":[{"@type":"SearchAction","target":{"@type":"EntryPoint","urlTemplate":"https:\/\/skaitytaknyga.lt\/?s={search_term_string}"},"query-input":{"@type":"PropertyValueSpecification","valueRequired":true,"valueName":"search_term_string"}}],"inLanguage":"en-GB"},{"@type":"Organization","@id":"https:\/\/skaitytaknyga.lt\/#organization","name":"skaitytaknyga.lt","url":"https:\/\/skaitytaknyga.lt\/","logo":{"@type":"ImageObject","inLanguage":"en-GB","@id":"https:\/\/skaitytaknyga.lt\/#\/schema\/logo\/image\/","url":"https:\/\/skaitytaknyga.lt\/wp-content\/uploads\/2024\/05\/cropped-cropped-cropped-02_00843_jt3bggkj1j3HLc7SyY6rEUpg.jpeg","contentUrl":"https:\/\/skaitytaknyga.lt\/wp-content\/uploads\/2024\/05\/cropped-cropped-cropped-02_00843_jt3bggkj1j3HLc7SyY6rEUpg.jpeg","width":1600,"height":1600,"caption":"skaitytaknyga.lt"},"image":{"@id":"https:\/\/skaitytaknyga.lt\/#\/schema\/logo\/image\/"},"sameAs":["https:\/\/www.facebook.com\/skaitytaknyga\/"]}]}},"_links":{"self":[{"href":"https:\/\/skaitytaknyga.lt\/en\/wp-json\/wp\/v2\/product\/19317","targetHints":{"allow":["GET"]}}],"collection":[{"href":"https:\/\/skaitytaknyga.lt\/en\/wp-json\/wp\/v2\/product"}],"about":[{"href":"https:\/\/skaitytaknyga.lt\/en\/wp-json\/wp\/v2\/types\/product"}],"replies":[{"embeddable":true,"href":"https:\/\/skaitytaknyga.lt\/en\/wp-json\/wp\/v2\/comments?post=19317"}],"wp:featuredmedia":[{"embeddable":true,"href":"https:\/\/skaitytaknyga.lt\/en\/wp-json\/wp\/v2\/media\/19323"}],"wp:attachment":[{"href":"https:\/\/skaitytaknyga.lt\/en\/wp-json\/wp\/v2\/media?parent=19317"}],"wp:term":[{"taxonomy":"product_brand","embeddable":true,"href":"https:\/\/skaitytaknyga.lt\/en\/wp-json\/wp\/v2\/product_brand?post=19317"},{"taxonomy":"product_cat","embeddable":true,"href":"https:\/\/skaitytaknyga.lt\/en\/wp-json\/wp\/v2\/product_cat?post=19317"},{"taxonomy":"product_tag","embeddable":true,"href":"https:\/\/skaitytaknyga.lt\/en\/wp-json\/wp\/v2\/product_tag?post=19317"}],"curies":[{"name":"wp","href":"https:\/\/api.w.org\/{rel}","templated":true}]}}