{"id":19316,"date":"2025-07-05T20:16:29","date_gmt":"2025-07-05T17:16:29","guid":{"rendered":"https:\/\/skaitytaknyga.lt\/?post_type=product&#038;p=19316"},"modified":"2026-03-05T11:59:18","modified_gmt":"2026-03-05T09:59:18","slug":"dumai-ir-pelenai-kalkutos-detektyvas-trecioji-semo-vindemo-byla","status":"publish","type":"product","link":"https:\/\/skaitytaknyga.lt\/en\/produktas\/dumai-ir-pelenai-kalkutos-detektyvas-trecioji-semo-vindemo-byla\/","title":{"rendered":"D\u016bmai ir pelenai. Kalkutos detektyvas. Tre\u010dioji Semo Vindemo byla"},"content":{"rendered":"<p>Kalkuta tam tikru po\u017ei\u016briu tokia pat ydinga ir sutrikusi kaip a\u0161 pats: miestas, pastatytas vidury p\u016bvan\u010di\u0173 Bengalijos pelkyn\u0173, pilnut\u0117lis niekur nepritapusi\u0173 keistuoli\u0173, besistengian\u010di\u0173 kaip nors \u012fveikti nepalank\u0173 likim\u0105.<\/p>\n<p>Abir Mukherjee (Abiras Mukerd\u017ei) \u2013 Vakar\u0173 \u0160kotijoje u\u017eaug\u0119s imigrant\u0173 i\u0161 Indijos s\u016bnus, su \u0161eima gyvenantis Londone. Jo detektyv\u0173 serija apie brit\u0173 valdom\u0105 Indij\u0105 pra\u0117jusio am\u017eiaus tre\u010diojo de\u0161imtme\u010dio prad\u017eioje i\u0161kart sulauk\u0117 did\u017eiulio skaitytoj\u0173 d\u0117mesio. Lietuvi\u0161kai i\u0161leistos dvi serijos knygos \u2013 \u201eKalkutos detektyvas&#8221; (\u201eTyto alba&#8221;, 2018 m.) ir \u201eNei\u0161vengiamas blogis\u201c (\u201eTyto alba&#8221;, 2020 m.). \u0160ios knygos \u2013 tai kelion\u0117 laiku \u012f praeit\u012f, \u012f Brit\u0173 Indij\u0105, nebeegzistuojan\u010di\u0105 valstyb\u0119 su visa kolonijinio pasaulio prabanga ir pragai\u0161timi. Buv\u0119s Skotland Jardo detektyvas Semas Vindemas atvyko \u012f Kalkut\u0105, tik\u0117damasis \u010dia i\u0161 naujo prad\u0117ti gyvenim\u0105. Ta\u010diau vietoj to jis neria tiesiai \u012f tams\u0173, politini\u0173 ir asmenini\u0173 intrig\u0173 kupin\u0105 Brit\u0173 Indijos pasaul\u012f.<\/p>\n<p>\u201eD\u016bmai ir pelenai&#8221; \u2013 tre\u010dioji serijos knyga, kurioje Semas Vindemas kovoja ne tik su nusikalt\u0117liais, bet ir su pik\u010diausiu savo demonu \u2013 priklausomybe nuo opijaus. B\u016btent laikino u\u017esimir\u0161imo tro\u0161kulys atveda j\u012f \u012f opijaus r\u016bkykl\u0105, ta\u010diau ten, u\u017euot rad\u0119s trok\u0161tam\u0105 palaim\u0105, aptinka lavon\u0105. I\u0161luptomis akimis ir kr\u016btin\u0117je styran\u010diu peiliu. Kai paai\u0161k\u0117ja, jog auka \u2013 ne vienintel\u0117, kai lygiai taip pat su\u017ealot\u0173 k\u016bn\u0173 ima daug\u0117ti, Vindemas ir pavyzdingasis jo pad\u0117j\u0117jas Banerd\u017eis suvokia, kad visa tai \u2013 ne \u0161iaip sau. Kad paslaptingasis \u017eudikas turi tiksl\u0105. Ir kad jie privalo kuo skubiau i\u0161siai\u0161kinti, kas sieja visus nu\u017eudytuosius. Ta\u010diau Vindemui reikia visais b\u016bdais sl\u0117pti savo priklausomyb\u0119, nes kitaip tai gali jam kainuoti karjer\u0105. Tyr\u0117jai turi veikti tyliai, greitai ir vieni, kol ne\u012fvyko kas nors dar blogesnio, nes \u012f Kalkut\u0105 vizito netrukus atvyks Velso princas&#8230;<\/p>\n<p>Nepakartojamai ironi\u0161kas ir \u012ftraukiantis pasakojimas, kupinas politini\u0173 neramum\u0173, Gand\u017eio sek\u0117j\u0173, opijaus r\u016bkykl\u0173, Kalkutos kar\u0161\u010dio, dulki\u0173 ir u\u017e kiekvieno pos\u016bkio slypin\u010di\u0173 pavoj\u0173.<\/p>\n","protected":false},"excerpt":{"rendered":"<p>Kalkuta tam tikru po\u017ei\u016briu tokia pat ydinga ir sutrikusi kaip a\u0161 pats: miestas, pastatytas vidury p\u016bvan\u010di\u0173 Bengalijos pelkyn\u0173, pilnut\u0117lis niekur nepritapusi\u0173 keistuoli\u0173, besistengian\u010di\u0173 kaip nors \u012fveikti nepalank\u0173 likim\u0105. Abir Mukherjee (Abiras Mukerd\u017ei) \u2013 Vakar\u0173 \u0160kotijoje u\u017eaug\u0119s imigrant\u0173 i\u0161 Indijos s\u016bnus, su \u0161eima gyvenantis Londone. Jo detektyv\u0173 serija apie brit\u0173 valdom\u0105 Indij\u0105 pra\u0117jusio am\u017eiaus tre\u010diojo de\u0161imtme\u010dio prad\u017eioje i\u0161kart sulauk\u0117 did\u017eiulio skaitytoj\u0173 d\u0117mesio. Lietuvi\u0161kai i\u0161leistos dvi serijos knygos \u2013 \u201eKalkutos detektyvas&#8221; (\u201eTyto alba&#8221;, 2018 m.) ir \u201eNei\u0161vengiamas blogis\u201c (\u201eTyto alba&#8221;, 2020 m.). \u0160ios knygos \u2013 tai kelion\u0117 laiku \u012f praeit\u012f, \u012f Brit\u0173 Indij\u0105, nebeegzistuojan\u010di\u0105 valstyb\u0119 su visa kolonijinio pasaulio prabanga ir pragai\u0161timi. Buv\u0119s Skotland Jardo detektyvas Semas Vindemas atvyko \u012f Kalkut\u0105, tik\u0117damasis \u010dia i\u0161 naujo prad\u0117ti gyvenim\u0105. Ta\u010diau vietoj to jis neria tiesiai \u012f tams\u0173, politini\u0173 ir asmenini\u0173 intrig\u0173 kupin\u0105 Brit\u0173 Indijos pasaul\u012f. \u201eD\u016bmai ir pelenai&#8221; \u2013 tre\u010dioji serijos knyga, kurioje Semas Vindemas kovoja ne tik su nusikalt\u0117liais, bet ir su pik\u010diausiu savo demonu \u2013 priklausomybe nuo opijaus. B\u016btent laikino u\u017esimir\u0161imo tro\u0161kulys atveda j\u012f \u012f opijaus r\u016bkykl\u0105, ta\u010diau ten, u\u017euot rad\u0119s trok\u0161tam\u0105 palaim\u0105, aptinka lavon\u0105. I\u0161luptomis akimis ir kr\u016btin\u0117je styran\u010diu peiliu. Kai paai\u0161k\u0117ja, jog auka \u2013 ne vienintel\u0117, kai lygiai taip pat su\u017ealot\u0173 k\u016bn\u0173 ima daug\u0117ti, Vindemas ir pavyzdingasis jo pad\u0117j\u0117jas Banerd\u017eis suvokia, kad visa tai \u2013 ne \u0161iaip sau. Kad paslaptingasis \u017eudikas turi tiksl\u0105. Ir kad jie privalo kuo skubiau i\u0161siai\u0161kinti, kas sieja visus nu\u017eudytuosius. Ta\u010diau Vindemui reikia visais b\u016bdais sl\u0117pti savo priklausomyb\u0119, nes kitaip tai gali jam kainuoti karjer\u0105. Tyr\u0117jai turi veikti tyliai, greitai ir vieni, kol ne\u012fvyko kas nors dar blogesnio, nes \u012f Kalkut\u0105 vizito netrukus atvyks Velso princas&#8230; Nepakartojamai ironi\u0161kas ir \u012ftraukiantis pasakojimas, kupinas politini\u0173 neramum\u0173, Gand\u017eio sek\u0117j\u0173, opijaus r\u016bkykl\u0173, Kalkutos kar\u0161\u010dio, dulki\u0173 ir u\u017e kiekvieno pos\u016bkio slypin\u010di\u0173 pavoj\u0173.<\/p>\n","protected":false},"featured_media":19322,"comment_status":"open","ping_status":"closed","template":"","meta":{"_acf_changed":false,"site-sidebar-layout":"default","site-content-layout":"","ast-site-content-layout":"default","site-content-style":"default","site-sidebar-style":"default","ast-global-header-display":"","ast-banner-title-visibility":"","ast-main-header-display":"","ast-hfb-above-header-display":"","ast-hfb-below-header-display":"","ast-hfb-mobile-header-display":"","site-post-title":"","ast-breadcrumbs-content":"","ast-featured-img":"","footer-sml-layout":"","ast-disable-related-posts":"","theme-transparent-header-meta":"","adv-header-id-meta":"","stick-header-meta":"","header-above-stick-meta":"","header-main-stick-meta":"","header-below-stick-meta":"","astra-migrate-meta-layouts":"default","ast-page-background-enabled":"default","ast-page-background-meta":{"desktop":{"background-color":"","background-image":"","background-repeat":"repeat","background-position":"center center","background-size":"auto","background-attachment":"scroll","background-type":"","background-media":"","overlay-type":"","overlay-color":"","overlay-opacity":"","overlay-gradient":""},"tablet":{"background-color":"","background-image":"","background-repeat":"repeat","background-position":"center center","background-size":"auto","background-attachment":"scroll","background-type":"","background-media":"","overlay-type":"","overlay-color":"","overlay-opacity":"","overlay-gradient":""},"mobile":{"background-color":"","background-image":"","background-repeat":"repeat","background-position":"center center","background-size":"auto","background-attachment":"scroll","background-type":"","background-media":"","overlay-type":"","overlay-color":"","overlay-opacity":"","overlay-gradient":""}},"ast-content-background-meta":{"desktop":{"background-color":"var(--ast-global-color-4)","background-image":"","background-repeat":"repeat","background-position":"center center","background-size":"auto","background-attachment":"scroll","background-type":"","background-media":"","overlay-type":"","overlay-color":"","overlay-opacity":"","overlay-gradient":""},"tablet":{"background-color":"var(--ast-global-color-4)","background-image":"","background-repeat":"repeat","background-position":"center center","background-size":"auto","background-attachment":"scroll","background-type":"","background-media":"","overlay-type":"","overlay-color":"","overlay-opacity":"","overlay-gradient":""},"mobile":{"background-color":"var(--ast-global-color-4)","background-image":"","background-repeat":"repeat","background-position":"center center","background-size":"auto","background-attachment":"scroll","background-type":"","background-media":"","overlay-type":"","overlay-color":"","overlay-opacity":"","overlay-gradient":""}}},"product_brand":[],"product_cat":[9581],"product_tag":[],"class_list":{"0":"post-19316","1":"product","2":"type-product","3":"status-publish","4":"has-post-thumbnail","6":"product_cat-kriminaliniai-romanai","7":"desktop-align-left","8":"tablet-align-left","9":"mobile-align-left","11":"first","12":"instock","13":"shipping-taxable","14":"purchasable","15":"product-type-simple"},"acf":[],"yoast_head":"<!-- This site is optimized with the Yoast SEO plugin v27.4 - https:\/\/yoast.com\/product\/yoast-seo-wordpress\/ -->\n<title>D\u016bmai ir pelenai. Kalkutos detektyvas. Tre\u010dioji Semo Vindemo byla<\/title>\n<meta name=\"description\" content=\"Kalkuta tam tikru po\u017ei\u016briu tokia pat ydinga ir sutrikusi kaip a\u0161 pats: miestas, pastatytas vidury p\u016bvan\u010di\u0173 Bengalijos pelkyn\u0173, pilnut\u0117lis niekur\" \/>\n<meta name=\"robots\" content=\"index, follow, max-snippet:-1, max-image-preview:large, max-video-preview:-1\" \/>\n<link rel=\"canonical\" href=\"https:\/\/skaitytaknyga.lt\/en\/produktas\/dumai-ir-pelenai-kalkutos-detektyvas-trecioji-semo-vindemo-byla\/\" \/>\n<meta property=\"og:locale\" content=\"en_GB\" \/>\n<meta property=\"og:locale:alternate\" content=\"lt_LT\" \/>\n<meta property=\"og:type\" content=\"article\" \/>\n<meta property=\"og:title\" content=\"D\u016bmai ir pelenai. Kalkutos detektyvas. Tre\u010dioji Semo Vindemo byla\" \/>\n<meta property=\"og:description\" content=\"Kalkuta tam tikru po\u017ei\u016briu tokia pat ydinga ir sutrikusi kaip a\u0161 pats: miestas, pastatytas vidury p\u016bvan\u010di\u0173 Bengalijos pelkyn\u0173, pilnut\u0117lis niekur\" \/>\n<meta property=\"og:url\" content=\"https:\/\/skaitytaknyga.lt\/en\/produktas\/dumai-ir-pelenai-kalkutos-detektyvas-trecioji-semo-vindemo-byla\/\" \/>\n<meta property=\"og:site_name\" content=\"Skaitytaknyga\" \/>\n<meta property=\"article:publisher\" content=\"https:\/\/www.facebook.com\/skaitytaknyga\/\" \/>\n<meta property=\"article:modified_time\" content=\"2026-03-05T09:59:18+00:00\" \/>\n<meta property=\"og:image\" content=\"https:\/\/skaitytaknyga.lt\/wp-content\/uploads\/2025\/07\/Dumai-ir-pelenai.-Kalkutos-detektyvas.-Trecioji-Semo-Vindemo-byla.webp\" \/>\n\t<meta property=\"og:image:width\" content=\"423\" \/>\n\t<meta property=\"og:image:height\" content=\"635\" \/>\n\t<meta property=\"og:image:type\" content=\"image\/webp\" \/>\n<meta name=\"twitter:card\" content=\"summary_large_image\" \/>\n<meta name=\"twitter:label1\" content=\"Estimated reading time\" \/>\n\t<meta name=\"twitter:data1\" content=\"2 minutes\" \/>\n<script type=\"application\/ld+json\" class=\"yoast-schema-graph\">{\"@context\":\"https:\\\/\\\/schema.org\",\"@graph\":[{\"@type\":\"WebPage\",\"@id\":\"https:\\\/\\\/skaitytaknyga.lt\\\/produktas\\\/dumai-ir-pelenai-kalkutos-detektyvas-trecioji-semo-vindemo-byla\\\/\",\"url\":\"https:\\\/\\\/skaitytaknyga.lt\\\/produktas\\\/dumai-ir-pelenai-kalkutos-detektyvas-trecioji-semo-vindemo-byla\\\/\",\"name\":\"D\u016bmai ir pelenai. Kalkutos detektyvas. Tre\u010dioji Semo Vindemo byla\",\"isPartOf\":{\"@id\":\"https:\\\/\\\/skaitytaknyga.lt\\\/#website\"},\"primaryImageOfPage\":{\"@id\":\"https:\\\/\\\/skaitytaknyga.lt\\\/produktas\\\/dumai-ir-pelenai-kalkutos-detektyvas-trecioji-semo-vindemo-byla\\\/#primaryimage\"},\"image\":{\"@id\":\"https:\\\/\\\/skaitytaknyga.lt\\\/produktas\\\/dumai-ir-pelenai-kalkutos-detektyvas-trecioji-semo-vindemo-byla\\\/#primaryimage\"},\"thumbnailUrl\":\"https:\\\/\\\/skaitytaknyga.lt\\\/wp-content\\\/uploads\\\/2025\\\/07\\\/Dumai-ir-pelenai.-Kalkutos-detektyvas.-Trecioji-Semo-Vindemo-byla.webp\",\"datePublished\":\"2025-07-05T17:16:29+00:00\",\"dateModified\":\"2026-03-05T09:59:18+00:00\",\"description\":\"Kalkuta tam tikru po\u017ei\u016briu tokia pat ydinga ir sutrikusi kaip a\u0161 pats: miestas, pastatytas vidury p\u016bvan\u010di\u0173 Bengalijos pelkyn\u0173, pilnut\u0117lis niekur\",\"breadcrumb\":{\"@id\":\"https:\\\/\\\/skaitytaknyga.lt\\\/produktas\\\/dumai-ir-pelenai-kalkutos-detektyvas-trecioji-semo-vindemo-byla\\\/#breadcrumb\"},\"inLanguage\":\"en-GB\",\"potentialAction\":[{\"@type\":\"ReadAction\",\"target\":[\"https:\\\/\\\/skaitytaknyga.lt\\\/produktas\\\/dumai-ir-pelenai-kalkutos-detektyvas-trecioji-semo-vindemo-byla\\\/\"]}]},{\"@type\":\"ImageObject\",\"inLanguage\":\"en-GB\",\"@id\":\"https:\\\/\\\/skaitytaknyga.lt\\\/produktas\\\/dumai-ir-pelenai-kalkutos-detektyvas-trecioji-semo-vindemo-byla\\\/#primaryimage\",\"url\":\"https:\\\/\\\/skaitytaknyga.lt\\\/wp-content\\\/uploads\\\/2025\\\/07\\\/Dumai-ir-pelenai.-Kalkutos-detektyvas.-Trecioji-Semo-Vindemo-byla.webp\",\"contentUrl\":\"https:\\\/\\\/skaitytaknyga.lt\\\/wp-content\\\/uploads\\\/2025\\\/07\\\/Dumai-ir-pelenai.-Kalkutos-detektyvas.-Trecioji-Semo-Vindemo-byla.webp\",\"width\":423,\"height\":635,\"caption\":\"D\u016bmai ir pelenai. Kalkutos detektyvas. Tre\u010dioji Semo Vindemo byla\"},{\"@type\":\"BreadcrumbList\",\"@id\":\"https:\\\/\\\/skaitytaknyga.lt\\\/produktas\\\/dumai-ir-pelenai-kalkutos-detektyvas-trecioji-semo-vindemo-byla\\\/#breadcrumb\",\"itemListElement\":[{\"@type\":\"ListItem\",\"position\":1,\"name\":\"Home\",\"item\":\"https:\\\/\\\/skaitytaknyga.lt\\\/\"},{\"@type\":\"ListItem\",\"position\":2,\"name\":\"Parduotuv\u0117\",\"item\":\"https:\\\/\\\/skaitytaknyga.lt\\\/knygu-parduotuve\\\/\"},{\"@type\":\"ListItem\",\"position\":3,\"name\":\"D\u016bmai ir pelenai. Kalkutos detektyvas. Tre\u010dioji Semo Vindemo byla\"}]},{\"@type\":\"WebSite\",\"@id\":\"https:\\\/\\\/skaitytaknyga.lt\\\/#website\",\"url\":\"https:\\\/\\\/skaitytaknyga.lt\\\/\",\"name\":\"skaitytaknyga.lt\",\"description\":\"Skaitytaknyga.lt \u2013 tai ma\u017eas \u0161eimos verslas, kuris prasid\u0117jo nuo meil\u0117s knygoms ir siekio i\u0161gelb\u0117ti knygas nuo likimo prie konteinerio. Kas vienam nereikalingas daiktas \u2013 kitam lobis, o mes esame tarpininkai, kurie padeda abiems tapti laimingesniems ???? \u017dinome kaip nelengva i\u0161gyventi ma\u017eiems verslams, tad nuo \u0161iol, \u010dia rasite ir kit\u0173, ma\u017e\u0173 \u0161eim\u0173 versl\u0173, rank\u0173 darbo, dovan\u0173 sau ir artimiesiems.\",\"publisher\":{\"@id\":\"https:\\\/\\\/skaitytaknyga.lt\\\/#organization\"},\"potentialAction\":[{\"@type\":\"SearchAction\",\"target\":{\"@type\":\"EntryPoint\",\"urlTemplate\":\"https:\\\/\\\/skaitytaknyga.lt\\\/?s={search_term_string}\"},\"query-input\":{\"@type\":\"PropertyValueSpecification\",\"valueRequired\":true,\"valueName\":\"search_term_string\"}}],\"inLanguage\":\"en-GB\"},{\"@type\":\"Organization\",\"@id\":\"https:\\\/\\\/skaitytaknyga.lt\\\/#organization\",\"name\":\"skaitytaknyga.lt\",\"url\":\"https:\\\/\\\/skaitytaknyga.lt\\\/\",\"logo\":{\"@type\":\"ImageObject\",\"inLanguage\":\"en-GB\",\"@id\":\"https:\\\/\\\/skaitytaknyga.lt\\\/#\\\/schema\\\/logo\\\/image\\\/\",\"url\":\"https:\\\/\\\/skaitytaknyga.lt\\\/wp-content\\\/uploads\\\/2024\\\/05\\\/cropped-cropped-cropped-02_00843_jt3bggkj1j3HLc7SyY6rEUpg.jpeg\",\"contentUrl\":\"https:\\\/\\\/skaitytaknyga.lt\\\/wp-content\\\/uploads\\\/2024\\\/05\\\/cropped-cropped-cropped-02_00843_jt3bggkj1j3HLc7SyY6rEUpg.jpeg\",\"width\":1600,\"height\":1600,\"caption\":\"skaitytaknyga.lt\"},\"image\":{\"@id\":\"https:\\\/\\\/skaitytaknyga.lt\\\/#\\\/schema\\\/logo\\\/image\\\/\"},\"sameAs\":[\"https:\\\/\\\/www.facebook.com\\\/skaitytaknyga\\\/\"]}]}<\/script>\n<!-- \/ Yoast SEO plugin. -->","yoast_head_json":{"title":"D\u016bmai ir pelenai. Kalkutos detektyvas. Tre\u010dioji Semo Vindemo byla","description":"Kalkuta tam tikru po\u017ei\u016briu tokia pat ydinga ir sutrikusi kaip a\u0161 pats: miestas, pastatytas vidury p\u016bvan\u010di\u0173 Bengalijos pelkyn\u0173, pilnut\u0117lis niekur","robots":{"index":"index","follow":"follow","max-snippet":"max-snippet:-1","max-image-preview":"max-image-preview:large","max-video-preview":"max-video-preview:-1"},"canonical":"https:\/\/skaitytaknyga.lt\/en\/produktas\/dumai-ir-pelenai-kalkutos-detektyvas-trecioji-semo-vindemo-byla\/","og_locale":"en_GB","og_type":"article","og_title":"[:lt]D\u016bmai ir pelenai. Kalkutos detektyvas. Tre\u010dioji Semo Vindemo byla[:] - Skaitytaknyga","og_description":"Kalkuta tam tikru po\u017ei\u016briu tokia pat ydinga ir sutrikusi kaip a\u0161 pats: miestas, pastatytas vidury p\u016bvan\u010di\u0173 Bengalijos pelkyn\u0173, pilnut\u0117lis niekur","og_url":"https:\/\/skaitytaknyga.lt\/en\/produktas\/dumai-ir-pelenai-kalkutos-detektyvas-trecioji-semo-vindemo-byla\/","og_site_name":"Skaitytaknyga","article_publisher":"https:\/\/www.facebook.com\/skaitytaknyga\/","article_modified_time":"2026-03-05T09:59:18+00:00","og_image":[{"width":423,"height":635,"url":"https:\/\/skaitytaknyga.lt\/wp-content\/uploads\/2025\/07\/Dumai-ir-pelenai.-Kalkutos-detektyvas.-Trecioji-Semo-Vindemo-byla.webp","type":"image\/webp"}],"twitter_card":"summary_large_image","twitter_misc":{"Estimated reading time":"2 minutes"},"schema":{"@context":"https:\/\/schema.org","@graph":[{"@type":"WebPage","@id":"https:\/\/skaitytaknyga.lt\/produktas\/dumai-ir-pelenai-kalkutos-detektyvas-trecioji-semo-vindemo-byla\/","url":"https:\/\/skaitytaknyga.lt\/produktas\/dumai-ir-pelenai-kalkutos-detektyvas-trecioji-semo-vindemo-byla\/","name":"D\u016bmai ir pelenai. Kalkutos detektyvas. Tre\u010dioji Semo Vindemo byla","isPartOf":{"@id":"https:\/\/skaitytaknyga.lt\/#website"},"primaryImageOfPage":{"@id":"https:\/\/skaitytaknyga.lt\/produktas\/dumai-ir-pelenai-kalkutos-detektyvas-trecioji-semo-vindemo-byla\/#primaryimage"},"image":{"@id":"https:\/\/skaitytaknyga.lt\/produktas\/dumai-ir-pelenai-kalkutos-detektyvas-trecioji-semo-vindemo-byla\/#primaryimage"},"thumbnailUrl":"https:\/\/skaitytaknyga.lt\/wp-content\/uploads\/2025\/07\/Dumai-ir-pelenai.-Kalkutos-detektyvas.-Trecioji-Semo-Vindemo-byla.webp","datePublished":"2025-07-05T17:16:29+00:00","dateModified":"2026-03-05T09:59:18+00:00","description":"Kalkuta tam tikru po\u017ei\u016briu tokia pat ydinga ir sutrikusi kaip a\u0161 pats: miestas, pastatytas vidury p\u016bvan\u010di\u0173 Bengalijos pelkyn\u0173, pilnut\u0117lis niekur","breadcrumb":{"@id":"https:\/\/skaitytaknyga.lt\/produktas\/dumai-ir-pelenai-kalkutos-detektyvas-trecioji-semo-vindemo-byla\/#breadcrumb"},"inLanguage":"en-GB","potentialAction":[{"@type":"ReadAction","target":["https:\/\/skaitytaknyga.lt\/produktas\/dumai-ir-pelenai-kalkutos-detektyvas-trecioji-semo-vindemo-byla\/"]}]},{"@type":"ImageObject","inLanguage":"en-GB","@id":"https:\/\/skaitytaknyga.lt\/produktas\/dumai-ir-pelenai-kalkutos-detektyvas-trecioji-semo-vindemo-byla\/#primaryimage","url":"https:\/\/skaitytaknyga.lt\/wp-content\/uploads\/2025\/07\/Dumai-ir-pelenai.-Kalkutos-detektyvas.-Trecioji-Semo-Vindemo-byla.webp","contentUrl":"https:\/\/skaitytaknyga.lt\/wp-content\/uploads\/2025\/07\/Dumai-ir-pelenai.-Kalkutos-detektyvas.-Trecioji-Semo-Vindemo-byla.webp","width":423,"height":635,"caption":"D\u016bmai ir pelenai. Kalkutos detektyvas. Tre\u010dioji Semo Vindemo byla"},{"@type":"BreadcrumbList","@id":"https:\/\/skaitytaknyga.lt\/produktas\/dumai-ir-pelenai-kalkutos-detektyvas-trecioji-semo-vindemo-byla\/#breadcrumb","itemListElement":[{"@type":"ListItem","position":1,"name":"Home","item":"https:\/\/skaitytaknyga.lt\/"},{"@type":"ListItem","position":2,"name":"Parduotuv\u0117","item":"https:\/\/skaitytaknyga.lt\/knygu-parduotuve\/"},{"@type":"ListItem","position":3,"name":"D\u016bmai ir pelenai. Kalkutos detektyvas. Tre\u010dioji Semo Vindemo byla"}]},{"@type":"WebSite","@id":"https:\/\/skaitytaknyga.lt\/#website","url":"https:\/\/skaitytaknyga.lt\/","name":"skaitytaknyga.lt","description":"Skaitytaknyga.lt \u2013 tai ma\u017eas \u0161eimos verslas, kuris prasid\u0117jo nuo meil\u0117s knygoms ir siekio i\u0161gelb\u0117ti knygas nuo likimo prie konteinerio. Kas vienam nereikalingas daiktas \u2013 kitam lobis, o mes esame tarpininkai, kurie padeda abiems tapti laimingesniems ???? \u017dinome kaip nelengva i\u0161gyventi ma\u017eiems verslams, tad nuo \u0161iol, \u010dia rasite ir kit\u0173, ma\u017e\u0173 \u0161eim\u0173 versl\u0173, rank\u0173 darbo, dovan\u0173 sau ir artimiesiems.","publisher":{"@id":"https:\/\/skaitytaknyga.lt\/#organization"},"potentialAction":[{"@type":"SearchAction","target":{"@type":"EntryPoint","urlTemplate":"https:\/\/skaitytaknyga.lt\/?s={search_term_string}"},"query-input":{"@type":"PropertyValueSpecification","valueRequired":true,"valueName":"search_term_string"}}],"inLanguage":"en-GB"},{"@type":"Organization","@id":"https:\/\/skaitytaknyga.lt\/#organization","name":"skaitytaknyga.lt","url":"https:\/\/skaitytaknyga.lt\/","logo":{"@type":"ImageObject","inLanguage":"en-GB","@id":"https:\/\/skaitytaknyga.lt\/#\/schema\/logo\/image\/","url":"https:\/\/skaitytaknyga.lt\/wp-content\/uploads\/2024\/05\/cropped-cropped-cropped-02_00843_jt3bggkj1j3HLc7SyY6rEUpg.jpeg","contentUrl":"https:\/\/skaitytaknyga.lt\/wp-content\/uploads\/2024\/05\/cropped-cropped-cropped-02_00843_jt3bggkj1j3HLc7SyY6rEUpg.jpeg","width":1600,"height":1600,"caption":"skaitytaknyga.lt"},"image":{"@id":"https:\/\/skaitytaknyga.lt\/#\/schema\/logo\/image\/"},"sameAs":["https:\/\/www.facebook.com\/skaitytaknyga\/"]}]}},"_links":{"self":[{"href":"https:\/\/skaitytaknyga.lt\/en\/wp-json\/wp\/v2\/product\/19316","targetHints":{"allow":["GET"]}}],"collection":[{"href":"https:\/\/skaitytaknyga.lt\/en\/wp-json\/wp\/v2\/product"}],"about":[{"href":"https:\/\/skaitytaknyga.lt\/en\/wp-json\/wp\/v2\/types\/product"}],"replies":[{"embeddable":true,"href":"https:\/\/skaitytaknyga.lt\/en\/wp-json\/wp\/v2\/comments?post=19316"}],"wp:featuredmedia":[{"embeddable":true,"href":"https:\/\/skaitytaknyga.lt\/en\/wp-json\/wp\/v2\/media\/19322"}],"wp:attachment":[{"href":"https:\/\/skaitytaknyga.lt\/en\/wp-json\/wp\/v2\/media?parent=19316"}],"wp:term":[{"taxonomy":"product_brand","embeddable":true,"href":"https:\/\/skaitytaknyga.lt\/en\/wp-json\/wp\/v2\/product_brand?post=19316"},{"taxonomy":"product_cat","embeddable":true,"href":"https:\/\/skaitytaknyga.lt\/en\/wp-json\/wp\/v2\/product_cat?post=19316"},{"taxonomy":"product_tag","embeddable":true,"href":"https:\/\/skaitytaknyga.lt\/en\/wp-json\/wp\/v2\/product_tag?post=19316"}],"curies":[{"name":"wp","href":"https:\/\/api.w.org\/{rel}","templated":true}]}}