{"id":19299,"date":"2025-07-05T19:36:32","date_gmt":"2025-07-05T16:36:32","guid":{"rendered":"https:\/\/skaitytaknyga.lt\/?post_type=product&#038;p=19299"},"modified":"2025-11-30T11:38:45","modified_gmt":"2025-11-30T09:38:45","slug":"valgyk-melskis-mylek-pagelte-lapai","status":"publish","type":"product","link":"https:\/\/skaitytaknyga.lt\/en\/produktas\/valgyk-melskis-mylek-pagelte-lapai\/","title":{"rendered":"Valgyk, melskis, myl\u0117k (pagelt\u0119 lapai)"},"content":{"rendered":"<p>\u0160i knyga tai kartu fizin\u0117 kelion\u0117, dvasiniai ie\u0161kojimai ir kelioni\u0173 atsiminimai.<\/p>\n<p>Keliaujama po tris \u0161alis. Italijoje Elizabeth Gilbert studijuoja malonum\u0173 men\u0105, Indijoje, apsistojusi nuo\u0161aliame vienuolyne, ji atsideda religiniam atsidavimui. Kelion\u0117s pabaigoje Bali ir Indonezijoje ra\u0161ytojai pavyksta pasiekti pusiausvyr\u0105 tarp \u0161i\u0173 dviej\u0173 patir\u010di\u0173: malonumo ir atsidavimo.<\/p>\n<p>Knygoje vienas \u0161imtas a\u0161tuoni skyriai atitinka \u0161imt\u0105 a\u0161tuonis Japa Malas, Indijos maldos ro\u017einio karoliukus. Gilbert naudojasi \u0161iais skai\u010diais ir pasakojimo strukt\u016bra, kad pa\u017eint\u0173 save ir lankomas vietoves.<\/p>\n<p>Daugelis sako, kad net ir skaitytojai, kuri\u0173 nedomina knygos apie tik\u0117jim\u0105, jog\u0105, meditacij\u0105 ir pana\u0161iai, skaitys j\u0105 su did\u017eiausiu malonumu, d\u0117l nuo\u0161irdaus autor\u0117s humoro. Knygos teis\u0117s jau parduotos \u012f 21 \u0161al\u012f: JAV, D. Britanija, Vokietija, Portugalija, \u010cekija, Ispanija, Vengrija, Brazilija, \u010cekija, Suomija, Vengrija, Izraelis, Italija, Indonezija, Kor\u0117ja, Olandija, Portugalija, \u0160vedija, Taivanis, Tailandas, Turkija.<\/p>\n","protected":false},"excerpt":{"rendered":"<p>\u0160i knyga tai kartu fizin\u0117 kelion\u0117, dvasiniai ie\u0161kojimai ir kelioni\u0173 atsiminimai. Keliaujama po tris \u0161alis. Italijoje Elizabeth Gilbert studijuoja malonum\u0173 men\u0105, Indijoje, apsistojusi nuo\u0161aliame vienuolyne, ji atsideda religiniam atsidavimui. Kelion\u0117s pabaigoje Bali ir Indonezijoje ra\u0161ytojai pavyksta pasiekti pusiausvyr\u0105 tarp \u0161i\u0173 dviej\u0173 patir\u010di\u0173: malonumo ir atsidavimo. Knygoje vienas \u0161imtas a\u0161tuoni skyriai atitinka \u0161imt\u0105 a\u0161tuonis Japa Malas, Indijos maldos ro\u017einio karoliukus. Gilbert naudojasi \u0161iais skai\u010diais ir pasakojimo strukt\u016bra, kad pa\u017eint\u0173 save ir lankomas vietoves. Daugelis sako, kad net ir skaitytojai, kuri\u0173 nedomina knygos apie tik\u0117jim\u0105, jog\u0105, meditacij\u0105 ir pana\u0161iai, skaitys j\u0105 su did\u017eiausiu malonumu, d\u0117l nuo\u0161irdaus autor\u0117s humoro. Knygos teis\u0117s jau parduotos \u012f 21 \u0161al\u012f: JAV, D. Britanija, Vokietija, Portugalija, \u010cekija, Ispanija, Vengrija, Brazilija, \u010cekija, Suomija, Vengrija, Izraelis, Italija, Indonezija, Kor\u0117ja, Olandija, Portugalija, \u0160vedija, Taivanis, Tailandas, Turkija.<\/p>\n","protected":false},"featured_media":19302,"comment_status":"open","ping_status":"closed","template":"","meta":{"_acf_changed":false,"site-sidebar-layout":"default","site-content-layout":"","ast-site-content-layout":"default","site-content-style":"default","site-sidebar-style":"default","ast-global-header-display":"","ast-banner-title-visibility":"","ast-main-header-display":"","ast-hfb-above-header-display":"","ast-hfb-below-header-display":"","ast-hfb-mobile-header-display":"","site-post-title":"","ast-breadcrumbs-content":"","ast-featured-img":"","footer-sml-layout":"","ast-disable-related-posts":"","theme-transparent-header-meta":"","adv-header-id-meta":"","stick-header-meta":"","header-above-stick-meta":"","header-main-stick-meta":"","header-below-stick-meta":"","astra-migrate-meta-layouts":"default","ast-page-background-enabled":"default","ast-page-background-meta":{"desktop":{"background-color":"","background-image":"","background-repeat":"repeat","background-position":"center center","background-size":"auto","background-attachment":"scroll","background-type":"","background-media":"","overlay-type":"","overlay-color":"","overlay-opacity":"","overlay-gradient":""},"tablet":{"background-color":"","background-image":"","background-repeat":"repeat","background-position":"center center","background-size":"auto","background-attachment":"scroll","background-type":"","background-media":"","overlay-type":"","overlay-color":"","overlay-opacity":"","overlay-gradient":""},"mobile":{"background-color":"","background-image":"","background-repeat":"repeat","background-position":"center center","background-size":"auto","background-attachment":"scroll","background-type":"","background-media":"","overlay-type":"","overlay-color":"","overlay-opacity":"","overlay-gradient":""}},"ast-content-background-meta":{"desktop":{"background-color":"var(--ast-global-color-4)","background-image":"","background-repeat":"repeat","background-position":"center center","background-size":"auto","background-attachment":"scroll","background-type":"","background-media":"","overlay-type":"","overlay-color":"","overlay-opacity":"","overlay-gradient":""},"tablet":{"background-color":"var(--ast-global-color-4)","background-image":"","background-repeat":"repeat","background-position":"center center","background-size":"auto","background-attachment":"scroll","background-type":"","background-media":"","overlay-type":"","overlay-color":"","overlay-opacity":"","overlay-gradient":""},"mobile":{"background-color":"var(--ast-global-color-4)","background-image":"","background-repeat":"repeat","background-position":"center center","background-size":"auto","background-attachment":"scroll","background-type":"","background-media":"","overlay-type":"","overlay-color":"","overlay-opacity":"","overlay-gradient":""}}},"product_brand":[],"product_cat":[31],"product_tag":[],"class_list":{"0":"post-19299","1":"product","2":"type-product","3":"status-publish","4":"has-post-thumbnail","6":"product_cat-grozine-literatura","7":"desktop-align-left","8":"tablet-align-left","9":"mobile-align-left","11":"first","12":"instock","13":"shipping-taxable","14":"purchasable","15":"product-type-simple"},"acf":[],"yoast_head":"<!-- This site is optimized with the Yoast SEO plugin v27.4 - https:\/\/yoast.com\/product\/yoast-seo-wordpress\/ -->\n<title>Valgyk, melskis, myl\u0117k (pagelt\u0119 lapai)<\/title>\n<meta name=\"description\" content=\"\u0160i knyga tai kartu fizin\u0117 kelion\u0117, dvasiniai ie\u0161kojimai ir kelioni\u0173 atsiminimai. Keliaujama po tris \u0161alis. Italijoje Elizabeth Gilbert studijuoja malonum\u0173\" \/>\n<meta name=\"robots\" content=\"index, follow, max-snippet:-1, max-image-preview:large, max-video-preview:-1\" \/>\n<link rel=\"canonical\" href=\"https:\/\/skaitytaknyga.lt\/en\/produktas\/valgyk-melskis-mylek-pagelte-lapai\/\" \/>\n<meta property=\"og:locale\" content=\"en_GB\" \/>\n<meta property=\"og:locale:alternate\" content=\"lt_LT\" \/>\n<meta property=\"og:type\" content=\"article\" \/>\n<meta property=\"og:title\" content=\"Valgyk, melskis, myl\u0117k (pagelt\u0119 lapai)\" \/>\n<meta property=\"og:description\" content=\"\u0160i knyga tai kartu fizin\u0117 kelion\u0117, dvasiniai ie\u0161kojimai ir kelioni\u0173 atsiminimai. Keliaujama po tris \u0161alis. Italijoje Elizabeth Gilbert studijuoja malonum\u0173\" \/>\n<meta property=\"og:url\" content=\"https:\/\/skaitytaknyga.lt\/en\/produktas\/valgyk-melskis-mylek-pagelte-lapai\/\" \/>\n<meta property=\"og:site_name\" content=\"Skaitytaknyga\" \/>\n<meta property=\"article:publisher\" content=\"https:\/\/www.facebook.com\/skaitytaknyga\/\" \/>\n<meta property=\"article:modified_time\" content=\"2025-11-30T09:38:45+00:00\" \/>\n<meta property=\"og:image\" content=\"https:\/\/skaitytaknyga.lt\/wp-content\/uploads\/2025\/07\/Valgyk-melskis-mylek.webp\" \/>\n\t<meta property=\"og:image:width\" content=\"391\" \/>\n\t<meta property=\"og:image:height\" content=\"589\" \/>\n\t<meta property=\"og:image:type\" content=\"image\/webp\" \/>\n<meta name=\"twitter:card\" content=\"summary_large_image\" \/>\n<meta name=\"twitter:label1\" content=\"Estimated reading time\" \/>\n\t<meta name=\"twitter:data1\" content=\"1 minute\" \/>\n<script type=\"application\/ld+json\" class=\"yoast-schema-graph\">{\"@context\":\"https:\\\/\\\/schema.org\",\"@graph\":[{\"@type\":\"WebPage\",\"@id\":\"https:\\\/\\\/skaitytaknyga.lt\\\/produktas\\\/valgyk-melskis-mylek-pagelte-lapai\\\/\",\"url\":\"https:\\\/\\\/skaitytaknyga.lt\\\/produktas\\\/valgyk-melskis-mylek-pagelte-lapai\\\/\",\"name\":\"Valgyk, melskis, myl\u0117k (pagelt\u0119 lapai)\",\"isPartOf\":{\"@id\":\"https:\\\/\\\/skaitytaknyga.lt\\\/#website\"},\"primaryImageOfPage\":{\"@id\":\"https:\\\/\\\/skaitytaknyga.lt\\\/produktas\\\/valgyk-melskis-mylek-pagelte-lapai\\\/#primaryimage\"},\"image\":{\"@id\":\"https:\\\/\\\/skaitytaknyga.lt\\\/produktas\\\/valgyk-melskis-mylek-pagelte-lapai\\\/#primaryimage\"},\"thumbnailUrl\":\"https:\\\/\\\/skaitytaknyga.lt\\\/wp-content\\\/uploads\\\/2025\\\/07\\\/Valgyk-melskis-mylek.webp\",\"datePublished\":\"2025-07-05T16:36:32+00:00\",\"dateModified\":\"2025-11-30T09:38:45+00:00\",\"description\":\"\u0160i knyga tai kartu fizin\u0117 kelion\u0117, dvasiniai ie\u0161kojimai ir kelioni\u0173 atsiminimai. Keliaujama po tris \u0161alis. Italijoje Elizabeth Gilbert studijuoja malonum\u0173\",\"breadcrumb\":{\"@id\":\"https:\\\/\\\/skaitytaknyga.lt\\\/produktas\\\/valgyk-melskis-mylek-pagelte-lapai\\\/#breadcrumb\"},\"inLanguage\":\"en-GB\",\"potentialAction\":[{\"@type\":\"ReadAction\",\"target\":[\"https:\\\/\\\/skaitytaknyga.lt\\\/produktas\\\/valgyk-melskis-mylek-pagelte-lapai\\\/\"]}]},{\"@type\":\"ImageObject\",\"inLanguage\":\"en-GB\",\"@id\":\"https:\\\/\\\/skaitytaknyga.lt\\\/produktas\\\/valgyk-melskis-mylek-pagelte-lapai\\\/#primaryimage\",\"url\":\"https:\\\/\\\/skaitytaknyga.lt\\\/wp-content\\\/uploads\\\/2025\\\/07\\\/Valgyk-melskis-mylek.webp\",\"contentUrl\":\"https:\\\/\\\/skaitytaknyga.lt\\\/wp-content\\\/uploads\\\/2025\\\/07\\\/Valgyk-melskis-mylek.webp\",\"width\":391,\"height\":589,\"caption\":\"Valgyk, melskis, myl\u0117k\"},{\"@type\":\"BreadcrumbList\",\"@id\":\"https:\\\/\\\/skaitytaknyga.lt\\\/produktas\\\/valgyk-melskis-mylek-pagelte-lapai\\\/#breadcrumb\",\"itemListElement\":[{\"@type\":\"ListItem\",\"position\":1,\"name\":\"Home\",\"item\":\"https:\\\/\\\/skaitytaknyga.lt\\\/\"},{\"@type\":\"ListItem\",\"position\":2,\"name\":\"Parduotuv\u0117\",\"item\":\"https:\\\/\\\/skaitytaknyga.lt\\\/knygu-parduotuve\\\/\"},{\"@type\":\"ListItem\",\"position\":3,\"name\":\"Valgyk, melskis, myl\u0117k (pagelt\u0119 lapai)\"}]},{\"@type\":\"WebSite\",\"@id\":\"https:\\\/\\\/skaitytaknyga.lt\\\/#website\",\"url\":\"https:\\\/\\\/skaitytaknyga.lt\\\/\",\"name\":\"skaitytaknyga.lt\",\"description\":\"Skaitytaknyga.lt \u2013 tai ma\u017eas \u0161eimos verslas, kuris prasid\u0117jo nuo meil\u0117s knygoms ir siekio i\u0161gelb\u0117ti knygas nuo likimo prie konteinerio. Kas vienam nereikalingas daiktas \u2013 kitam lobis, o mes esame tarpininkai, kurie padeda abiems tapti laimingesniems ???? \u017dinome kaip nelengva i\u0161gyventi ma\u017eiems verslams, tad nuo \u0161iol, \u010dia rasite ir kit\u0173, ma\u017e\u0173 \u0161eim\u0173 versl\u0173, rank\u0173 darbo, dovan\u0173 sau ir artimiesiems.\",\"publisher\":{\"@id\":\"https:\\\/\\\/skaitytaknyga.lt\\\/#organization\"},\"potentialAction\":[{\"@type\":\"SearchAction\",\"target\":{\"@type\":\"EntryPoint\",\"urlTemplate\":\"https:\\\/\\\/skaitytaknyga.lt\\\/?s={search_term_string}\"},\"query-input\":{\"@type\":\"PropertyValueSpecification\",\"valueRequired\":true,\"valueName\":\"search_term_string\"}}],\"inLanguage\":\"en-GB\"},{\"@type\":\"Organization\",\"@id\":\"https:\\\/\\\/skaitytaknyga.lt\\\/#organization\",\"name\":\"skaitytaknyga.lt\",\"url\":\"https:\\\/\\\/skaitytaknyga.lt\\\/\",\"logo\":{\"@type\":\"ImageObject\",\"inLanguage\":\"en-GB\",\"@id\":\"https:\\\/\\\/skaitytaknyga.lt\\\/#\\\/schema\\\/logo\\\/image\\\/\",\"url\":\"https:\\\/\\\/skaitytaknyga.lt\\\/wp-content\\\/uploads\\\/2024\\\/05\\\/cropped-cropped-cropped-02_00843_jt3bggkj1j3HLc7SyY6rEUpg.jpeg\",\"contentUrl\":\"https:\\\/\\\/skaitytaknyga.lt\\\/wp-content\\\/uploads\\\/2024\\\/05\\\/cropped-cropped-cropped-02_00843_jt3bggkj1j3HLc7SyY6rEUpg.jpeg\",\"width\":1600,\"height\":1600,\"caption\":\"skaitytaknyga.lt\"},\"image\":{\"@id\":\"https:\\\/\\\/skaitytaknyga.lt\\\/#\\\/schema\\\/logo\\\/image\\\/\"},\"sameAs\":[\"https:\\\/\\\/www.facebook.com\\\/skaitytaknyga\\\/\"]}]}<\/script>\n<!-- \/ Yoast SEO plugin. -->","yoast_head_json":{"title":"Valgyk, melskis, myl\u0117k (pagelt\u0119 lapai)","description":"\u0160i knyga tai kartu fizin\u0117 kelion\u0117, dvasiniai ie\u0161kojimai ir kelioni\u0173 atsiminimai. Keliaujama po tris \u0161alis. Italijoje Elizabeth Gilbert studijuoja malonum\u0173","robots":{"index":"index","follow":"follow","max-snippet":"max-snippet:-1","max-image-preview":"max-image-preview:large","max-video-preview":"max-video-preview:-1"},"canonical":"https:\/\/skaitytaknyga.lt\/en\/produktas\/valgyk-melskis-mylek-pagelte-lapai\/","og_locale":"en_GB","og_type":"article","og_title":"[:lt]Valgyk, melskis, myl\u0117k (pagelt\u0119 lapai)[:] - Skaitytaknyga","og_description":"\u0160i knyga tai kartu fizin\u0117 kelion\u0117, dvasiniai ie\u0161kojimai ir kelioni\u0173 atsiminimai. Keliaujama po tris \u0161alis. Italijoje Elizabeth Gilbert studijuoja malonum\u0173","og_url":"https:\/\/skaitytaknyga.lt\/en\/produktas\/valgyk-melskis-mylek-pagelte-lapai\/","og_site_name":"Skaitytaknyga","article_publisher":"https:\/\/www.facebook.com\/skaitytaknyga\/","article_modified_time":"2025-11-30T09:38:45+00:00","og_image":[{"width":391,"height":589,"url":"https:\/\/skaitytaknyga.lt\/wp-content\/uploads\/2025\/07\/Valgyk-melskis-mylek.webp","type":"image\/webp"}],"twitter_card":"summary_large_image","twitter_misc":{"Estimated reading time":"1 minute"},"schema":{"@context":"https:\/\/schema.org","@graph":[{"@type":"WebPage","@id":"https:\/\/skaitytaknyga.lt\/produktas\/valgyk-melskis-mylek-pagelte-lapai\/","url":"https:\/\/skaitytaknyga.lt\/produktas\/valgyk-melskis-mylek-pagelte-lapai\/","name":"Valgyk, melskis, myl\u0117k (pagelt\u0119 lapai)","isPartOf":{"@id":"https:\/\/skaitytaknyga.lt\/#website"},"primaryImageOfPage":{"@id":"https:\/\/skaitytaknyga.lt\/produktas\/valgyk-melskis-mylek-pagelte-lapai\/#primaryimage"},"image":{"@id":"https:\/\/skaitytaknyga.lt\/produktas\/valgyk-melskis-mylek-pagelte-lapai\/#primaryimage"},"thumbnailUrl":"https:\/\/skaitytaknyga.lt\/wp-content\/uploads\/2025\/07\/Valgyk-melskis-mylek.webp","datePublished":"2025-07-05T16:36:32+00:00","dateModified":"2025-11-30T09:38:45+00:00","description":"\u0160i knyga tai kartu fizin\u0117 kelion\u0117, dvasiniai ie\u0161kojimai ir kelioni\u0173 atsiminimai. Keliaujama po tris \u0161alis. Italijoje Elizabeth Gilbert studijuoja malonum\u0173","breadcrumb":{"@id":"https:\/\/skaitytaknyga.lt\/produktas\/valgyk-melskis-mylek-pagelte-lapai\/#breadcrumb"},"inLanguage":"en-GB","potentialAction":[{"@type":"ReadAction","target":["https:\/\/skaitytaknyga.lt\/produktas\/valgyk-melskis-mylek-pagelte-lapai\/"]}]},{"@type":"ImageObject","inLanguage":"en-GB","@id":"https:\/\/skaitytaknyga.lt\/produktas\/valgyk-melskis-mylek-pagelte-lapai\/#primaryimage","url":"https:\/\/skaitytaknyga.lt\/wp-content\/uploads\/2025\/07\/Valgyk-melskis-mylek.webp","contentUrl":"https:\/\/skaitytaknyga.lt\/wp-content\/uploads\/2025\/07\/Valgyk-melskis-mylek.webp","width":391,"height":589,"caption":"Valgyk, melskis, myl\u0117k"},{"@type":"BreadcrumbList","@id":"https:\/\/skaitytaknyga.lt\/produktas\/valgyk-melskis-mylek-pagelte-lapai\/#breadcrumb","itemListElement":[{"@type":"ListItem","position":1,"name":"Home","item":"https:\/\/skaitytaknyga.lt\/"},{"@type":"ListItem","position":2,"name":"Parduotuv\u0117","item":"https:\/\/skaitytaknyga.lt\/knygu-parduotuve\/"},{"@type":"ListItem","position":3,"name":"Valgyk, melskis, myl\u0117k (pagelt\u0119 lapai)"}]},{"@type":"WebSite","@id":"https:\/\/skaitytaknyga.lt\/#website","url":"https:\/\/skaitytaknyga.lt\/","name":"skaitytaknyga.lt","description":"Skaitytaknyga.lt \u2013 tai ma\u017eas \u0161eimos verslas, kuris prasid\u0117jo nuo meil\u0117s knygoms ir siekio i\u0161gelb\u0117ti knygas nuo likimo prie konteinerio. Kas vienam nereikalingas daiktas \u2013 kitam lobis, o mes esame tarpininkai, kurie padeda abiems tapti laimingesniems ???? \u017dinome kaip nelengva i\u0161gyventi ma\u017eiems verslams, tad nuo \u0161iol, \u010dia rasite ir kit\u0173, ma\u017e\u0173 \u0161eim\u0173 versl\u0173, rank\u0173 darbo, dovan\u0173 sau ir artimiesiems.","publisher":{"@id":"https:\/\/skaitytaknyga.lt\/#organization"},"potentialAction":[{"@type":"SearchAction","target":{"@type":"EntryPoint","urlTemplate":"https:\/\/skaitytaknyga.lt\/?s={search_term_string}"},"query-input":{"@type":"PropertyValueSpecification","valueRequired":true,"valueName":"search_term_string"}}],"inLanguage":"en-GB"},{"@type":"Organization","@id":"https:\/\/skaitytaknyga.lt\/#organization","name":"skaitytaknyga.lt","url":"https:\/\/skaitytaknyga.lt\/","logo":{"@type":"ImageObject","inLanguage":"en-GB","@id":"https:\/\/skaitytaknyga.lt\/#\/schema\/logo\/image\/","url":"https:\/\/skaitytaknyga.lt\/wp-content\/uploads\/2024\/05\/cropped-cropped-cropped-02_00843_jt3bggkj1j3HLc7SyY6rEUpg.jpeg","contentUrl":"https:\/\/skaitytaknyga.lt\/wp-content\/uploads\/2024\/05\/cropped-cropped-cropped-02_00843_jt3bggkj1j3HLc7SyY6rEUpg.jpeg","width":1600,"height":1600,"caption":"skaitytaknyga.lt"},"image":{"@id":"https:\/\/skaitytaknyga.lt\/#\/schema\/logo\/image\/"},"sameAs":["https:\/\/www.facebook.com\/skaitytaknyga\/"]}]}},"_links":{"self":[{"href":"https:\/\/skaitytaknyga.lt\/en\/wp-json\/wp\/v2\/product\/19299","targetHints":{"allow":["GET"]}}],"collection":[{"href":"https:\/\/skaitytaknyga.lt\/en\/wp-json\/wp\/v2\/product"}],"about":[{"href":"https:\/\/skaitytaknyga.lt\/en\/wp-json\/wp\/v2\/types\/product"}],"replies":[{"embeddable":true,"href":"https:\/\/skaitytaknyga.lt\/en\/wp-json\/wp\/v2\/comments?post=19299"}],"wp:featuredmedia":[{"embeddable":true,"href":"https:\/\/skaitytaknyga.lt\/en\/wp-json\/wp\/v2\/media\/19302"}],"wp:attachment":[{"href":"https:\/\/skaitytaknyga.lt\/en\/wp-json\/wp\/v2\/media?parent=19299"}],"wp:term":[{"taxonomy":"product_brand","embeddable":true,"href":"https:\/\/skaitytaknyga.lt\/en\/wp-json\/wp\/v2\/product_brand?post=19299"},{"taxonomy":"product_cat","embeddable":true,"href":"https:\/\/skaitytaknyga.lt\/en\/wp-json\/wp\/v2\/product_cat?post=19299"},{"taxonomy":"product_tag","embeddable":true,"href":"https:\/\/skaitytaknyga.lt\/en\/wp-json\/wp\/v2\/product_tag?post=19299"}],"curies":[{"name":"wp","href":"https:\/\/api.w.org\/{rel}","templated":true}]}}