{"id":19277,"date":"2025-07-03T15:22:47","date_gmt":"2025-07-03T12:22:47","guid":{"rendered":"https:\/\/skaitytaknyga.lt\/?post_type=product&#038;p=19277"},"modified":"2026-03-11T18:05:58","modified_gmt":"2026-03-11T16:05:58","slug":"sekmes-principai-paaugliams","status":"publish","type":"product","link":"https:\/\/skaitytaknyga.lt\/en\/produktas\/sekmes-principai-paaugliams\/","title":{"rendered":"S\u0117km\u0117s principai paaugliams"},"content":{"rendered":"<p>Visi nori pasieki s\u0117km\u0119 &#8211; ir tu tikrai nesi i\u0161imtis. Kai did\u017eiul\u0117s s\u0117km\u0117s saulauk\u0117 D\u017eeko Kenfildo \u201eS\u0117km\u0117s principai suaugisiems\u201c, \u0117m\u0117 pl\u016bsti t\u016bkstan\u010diai pra\u0161ym\u0173 sukurti pa\u010dius svarbiausius s\u0117km\u0117s siekimo metodus \u0161iuolaikiniams paaugliams. Pra\u0161ymai buvo i\u0161girsti.<\/p>\n<p>\u010cia ne \u0161iaip tik &#8220;ger\u0173 min\u010di\u0173&#8221; rinkinys. \u0160ioje knygoje i\u0161ai\u0161kinta 20 pa\u010di\u0173 svarbiausi\u0173 s\u0117km\u0117s siekimo metod\u0173, kuriais pasinaudojo t\u016bkstan\u010diai paprast\u0173 jaun\u0173 \u017emoni\u0173 per vis\u0105 pasaulio istorij\u0105. Vadovaudamasis vertingais patarimai, kiekvienas gali pasiekti s\u0117km\u0119. \u0160i knyga tau suteiks narsos bei ry\u017eto prad\u0117ti ir pasiekti, ko trok\u0161ti,<\/p>\n","protected":false},"excerpt":{"rendered":"<p>Visi nori pasieki s\u0117km\u0119 &#8211; ir tu tikrai nesi i\u0161imtis. Kai did\u017eiul\u0117s s\u0117km\u0117s saulauk\u0117 D\u017eeko Kenfildo \u201eS\u0117km\u0117s principai suaugisiems\u201c, \u0117m\u0117 pl\u016bsti t\u016bkstan\u010diai pra\u0161ym\u0173 sukurti pa\u010dius svarbiausius s\u0117km\u0117s siekimo metodus \u0161iuolaikiniams paaugliams. Pra\u0161ymai buvo i\u0161girsti. \u010cia ne \u0161iaip tik &#8220;ger\u0173 min\u010di\u0173&#8221; rinkinys. \u0160ioje knygoje i\u0161ai\u0161kinta 20 pa\u010di\u0173 svarbiausi\u0173 s\u0117km\u0117s siekimo metod\u0173, kuriais pasinaudojo t\u016bkstan\u010diai paprast\u0173 jaun\u0173 \u017emoni\u0173 per vis\u0105 pasaulio istorij\u0105. Vadovaudamasis vertingais patarimai, kiekvienas gali pasiekti s\u0117km\u0119. \u0160i knyga tau suteiks narsos bei ry\u017eto prad\u0117ti ir pasiekti, ko trok\u0161ti,<\/p>\n","protected":false},"featured_media":19281,"comment_status":"open","ping_status":"closed","template":"","meta":{"_acf_changed":false,"site-sidebar-layout":"default","site-content-layout":"","ast-site-content-layout":"default","site-content-style":"default","site-sidebar-style":"default","ast-global-header-display":"","ast-banner-title-visibility":"","ast-main-header-display":"","ast-hfb-above-header-display":"","ast-hfb-below-header-display":"","ast-hfb-mobile-header-display":"","site-post-title":"","ast-breadcrumbs-content":"","ast-featured-img":"","footer-sml-layout":"","ast-disable-related-posts":"","theme-transparent-header-meta":"default","adv-header-id-meta":"","stick-header-meta":"","header-above-stick-meta":"","header-main-stick-meta":"","header-below-stick-meta":"","astra-migrate-meta-layouts":"set","ast-page-background-enabled":"default","ast-page-background-meta":{"desktop":{"background-color":"","background-image":"","background-repeat":"repeat","background-position":"center center","background-size":"auto","background-attachment":"scroll","background-type":"","background-media":"","overlay-type":"","overlay-color":"","overlay-opacity":"","overlay-gradient":""},"tablet":{"background-color":"","background-image":"","background-repeat":"repeat","background-position":"center center","background-size":"auto","background-attachment":"scroll","background-type":"","background-media":"","overlay-type":"","overlay-color":"","overlay-opacity":"","overlay-gradient":""},"mobile":{"background-color":"","background-image":"","background-repeat":"repeat","background-position":"center center","background-size":"auto","background-attachment":"scroll","background-type":"","background-media":"","overlay-type":"","overlay-color":"","overlay-opacity":"","overlay-gradient":""}},"ast-content-background-meta":{"desktop":{"background-color":"var(--ast-global-color-4)","background-image":"","background-repeat":"repeat","background-position":"center center","background-size":"auto","background-attachment":"scroll","background-type":"","background-media":"","overlay-type":"","overlay-color":"","overlay-opacity":"","overlay-gradient":""},"tablet":{"background-color":"var(--ast-global-color-4)","background-image":"","background-repeat":"repeat","background-position":"center center","background-size":"auto","background-attachment":"scroll","background-type":"","background-media":"","overlay-type":"","overlay-color":"","overlay-opacity":"","overlay-gradient":""},"mobile":{"background-color":"var(--ast-global-color-4)","background-image":"","background-repeat":"repeat","background-position":"center center","background-size":"auto","background-attachment":"scroll","background-type":"","background-media":"","overlay-type":"","overlay-color":"","overlay-opacity":"","overlay-gradient":""}}},"product_brand":[],"product_cat":[9676,30],"product_tag":[],"class_list":{"0":"post-19277","1":"product","2":"type-product","3":"status-publish","4":"has-post-thumbnail","6":"product_cat-paaugliams","7":"product_cat-psichologija-ir-saviugda","8":"desktop-align-left","9":"tablet-align-left","10":"mobile-align-left","12":"first","13":"instock","14":"shipping-taxable","15":"purchasable","16":"product-type-simple"},"acf":[],"yoast_head":"<!-- This site is optimized with the Yoast SEO plugin v27.0 - https:\/\/yoast.com\/product\/yoast-seo-wordpress\/ -->\n<title>S\u0117km\u0117s principai paaugliams<\/title>\n<meta name=\"description\" content=\"Visi nori pasieki s\u0117km\u0119 - ir tu tikrai nesi i\u0161imtis. Kai did\u017eiul\u0117s s\u0117km\u0117s saulauk\u0117 D\u017eeko Kenfildo \u201eS\u0117km\u0117s principai suaugisiems\u201c, \u0117m\u0117 pl\u016bsti t\u016bkstan\u010diai\" \/>\n<meta name=\"robots\" content=\"index, follow, max-snippet:-1, max-image-preview:large, max-video-preview:-1\" \/>\n<link rel=\"canonical\" href=\"https:\/\/skaitytaknyga.lt\/en\/produktas\/sekmes-principai-paaugliams\/\" \/>\n<meta property=\"og:locale\" content=\"en_GB\" \/>\n<meta property=\"og:locale:alternate\" content=\"lt_LT\" \/>\n<meta property=\"og:type\" content=\"article\" \/>\n<meta property=\"og:title\" content=\"S\u0117km\u0117s principai paaugliams\" \/>\n<meta property=\"og:description\" content=\"Visi nori pasieki s\u0117km\u0119 - ir tu tikrai nesi i\u0161imtis. Kai did\u017eiul\u0117s s\u0117km\u0117s saulauk\u0117 D\u017eeko Kenfildo \u201eS\u0117km\u0117s principai suaugisiems\u201c, \u0117m\u0117 pl\u016bsti t\u016bkstan\u010diai\" \/>\n<meta property=\"og:url\" content=\"https:\/\/skaitytaknyga.lt\/en\/produktas\/sekmes-principai-paaugliams\/\" \/>\n<meta property=\"og:site_name\" content=\"Skaitytaknyga\" \/>\n<meta property=\"article:publisher\" content=\"https:\/\/www.facebook.com\/skaitytaknyga\/\" \/>\n<meta property=\"article:modified_time\" content=\"2026-03-11T16:05:58+00:00\" \/>\n<meta property=\"og:image\" content=\"https:\/\/skaitytaknyga.lt\/wp-content\/uploads\/2025\/07\/Sekmes-principai-paaugliams.webp\" \/>\n\t<meta property=\"og:image:width\" content=\"519\" \/>\n\t<meta property=\"og:image:height\" content=\"801\" \/>\n\t<meta property=\"og:image:type\" content=\"image\/webp\" \/>\n<meta name=\"twitter:card\" content=\"summary_large_image\" \/>\n<meta name=\"twitter:label1\" content=\"Estimated reading time\" \/>\n\t<meta name=\"twitter:data1\" content=\"1 minute\" \/>\n<script type=\"application\/ld+json\" class=\"yoast-schema-graph\">{\"@context\":\"https:\/\/schema.org\",\"@graph\":[{\"@type\":\"WebPage\",\"@id\":\"https:\/\/skaitytaknyga.lt\/produktas\/sekmes-principai-paaugliams\/\",\"url\":\"https:\/\/skaitytaknyga.lt\/produktas\/sekmes-principai-paaugliams\/\",\"name\":\"S\u0117km\u0117s principai paaugliams\",\"isPartOf\":{\"@id\":\"https:\/\/skaitytaknyga.lt\/#website\"},\"primaryImageOfPage\":{\"@id\":\"https:\/\/skaitytaknyga.lt\/produktas\/sekmes-principai-paaugliams\/#primaryimage\"},\"image\":{\"@id\":\"https:\/\/skaitytaknyga.lt\/produktas\/sekmes-principai-paaugliams\/#primaryimage\"},\"thumbnailUrl\":\"https:\/\/skaitytaknyga.lt\/wp-content\/uploads\/2025\/07\/Sekmes-principai-paaugliams.webp\",\"datePublished\":\"2025-07-03T12:22:47+00:00\",\"dateModified\":\"2026-03-11T16:05:58+00:00\",\"description\":\"Visi nori pasieki s\u0117km\u0119 - ir tu tikrai nesi i\u0161imtis. Kai did\u017eiul\u0117s s\u0117km\u0117s saulauk\u0117 D\u017eeko Kenfildo \u201eS\u0117km\u0117s principai suaugisiems\u201c, \u0117m\u0117 pl\u016bsti t\u016bkstan\u010diai\",\"breadcrumb\":{\"@id\":\"https:\/\/skaitytaknyga.lt\/produktas\/sekmes-principai-paaugliams\/#breadcrumb\"},\"inLanguage\":\"en-GB\",\"potentialAction\":[{\"@type\":\"ReadAction\",\"target\":[\"https:\/\/skaitytaknyga.lt\/produktas\/sekmes-principai-paaugliams\/\"]}]},{\"@type\":\"ImageObject\",\"inLanguage\":\"en-GB\",\"@id\":\"https:\/\/skaitytaknyga.lt\/produktas\/sekmes-principai-paaugliams\/#primaryimage\",\"url\":\"https:\/\/skaitytaknyga.lt\/wp-content\/uploads\/2025\/07\/Sekmes-principai-paaugliams.webp\",\"contentUrl\":\"https:\/\/skaitytaknyga.lt\/wp-content\/uploads\/2025\/07\/Sekmes-principai-paaugliams.webp\",\"width\":519,\"height\":801,\"caption\":\"S\u0117km\u0117s principai paaugliams\"},{\"@type\":\"BreadcrumbList\",\"@id\":\"https:\/\/skaitytaknyga.lt\/produktas\/sekmes-principai-paaugliams\/#breadcrumb\",\"itemListElement\":[{\"@type\":\"ListItem\",\"position\":1,\"name\":\"Home\",\"item\":\"https:\/\/skaitytaknyga.lt\/\"},{\"@type\":\"ListItem\",\"position\":2,\"name\":\"Parduotuv\u0117\",\"item\":\"https:\/\/skaitytaknyga.lt\/knygu-parduotuve\/\"},{\"@type\":\"ListItem\",\"position\":3,\"name\":\"S\u0117km\u0117s principai paaugliams\"}]},{\"@type\":\"WebSite\",\"@id\":\"https:\/\/skaitytaknyga.lt\/#website\",\"url\":\"https:\/\/skaitytaknyga.lt\/\",\"name\":\"skaitytaknyga.lt\",\"description\":\"Skaitytaknyga.lt \u2013 tai ma\u017eas \u0161eimos verslas, kuris prasid\u0117jo nuo meil\u0117s knygoms ir siekio i\u0161gelb\u0117ti knygas nuo likimo prie konteinerio. Kas vienam nereikalingas daiktas \u2013 kitam lobis, o mes esame tarpininkai, kurie padeda abiems tapti laimingesniems ???? \u017dinome kaip nelengva i\u0161gyventi ma\u017eiems verslams, tad nuo \u0161iol, \u010dia rasite ir kit\u0173, ma\u017e\u0173 \u0161eim\u0173 versl\u0173, rank\u0173 darbo, dovan\u0173 sau ir artimiesiems.\",\"publisher\":{\"@id\":\"https:\/\/skaitytaknyga.lt\/#organization\"},\"potentialAction\":[{\"@type\":\"SearchAction\",\"target\":{\"@type\":\"EntryPoint\",\"urlTemplate\":\"https:\/\/skaitytaknyga.lt\/?s={search_term_string}\"},\"query-input\":{\"@type\":\"PropertyValueSpecification\",\"valueRequired\":true,\"valueName\":\"search_term_string\"}}],\"inLanguage\":\"en-GB\"},{\"@type\":\"Organization\",\"@id\":\"https:\/\/skaitytaknyga.lt\/#organization\",\"name\":\"skaitytaknyga.lt\",\"url\":\"https:\/\/skaitytaknyga.lt\/\",\"logo\":{\"@type\":\"ImageObject\",\"inLanguage\":\"en-GB\",\"@id\":\"https:\/\/skaitytaknyga.lt\/#\/schema\/logo\/image\/\",\"url\":\"https:\/\/skaitytaknyga.lt\/wp-content\/uploads\/2024\/05\/cropped-cropped-cropped-02_00843_jt3bggkj1j3HLc7SyY6rEUpg.jpeg\",\"contentUrl\":\"https:\/\/skaitytaknyga.lt\/wp-content\/uploads\/2024\/05\/cropped-cropped-cropped-02_00843_jt3bggkj1j3HLc7SyY6rEUpg.jpeg\",\"width\":1600,\"height\":1600,\"caption\":\"skaitytaknyga.lt\"},\"image\":{\"@id\":\"https:\/\/skaitytaknyga.lt\/#\/schema\/logo\/image\/\"},\"sameAs\":[\"https:\/\/www.facebook.com\/skaitytaknyga\/\"]}]}<\/script>\n<!-- \/ Yoast SEO plugin. -->","yoast_head_json":{"title":"S\u0117km\u0117s principai paaugliams","description":"Visi nori pasieki s\u0117km\u0119 - ir tu tikrai nesi i\u0161imtis. Kai did\u017eiul\u0117s s\u0117km\u0117s saulauk\u0117 D\u017eeko Kenfildo \u201eS\u0117km\u0117s principai suaugisiems\u201c, \u0117m\u0117 pl\u016bsti t\u016bkstan\u010diai","robots":{"index":"index","follow":"follow","max-snippet":"max-snippet:-1","max-image-preview":"max-image-preview:large","max-video-preview":"max-video-preview:-1"},"canonical":"https:\/\/skaitytaknyga.lt\/en\/produktas\/sekmes-principai-paaugliams\/","og_locale":"en_GB","og_type":"article","og_title":"[:lt]S\u0117km\u0117s principai paaugliams[:] - Skaitytaknyga","og_description":"Visi nori pasieki s\u0117km\u0119 - ir tu tikrai nesi i\u0161imtis. Kai did\u017eiul\u0117s s\u0117km\u0117s saulauk\u0117 D\u017eeko Kenfildo \u201eS\u0117km\u0117s principai suaugisiems\u201c, \u0117m\u0117 pl\u016bsti t\u016bkstan\u010diai","og_url":"https:\/\/skaitytaknyga.lt\/en\/produktas\/sekmes-principai-paaugliams\/","og_site_name":"Skaitytaknyga","article_publisher":"https:\/\/www.facebook.com\/skaitytaknyga\/","article_modified_time":"2026-03-11T16:05:58+00:00","og_image":[{"width":519,"height":801,"url":"https:\/\/skaitytaknyga.lt\/wp-content\/uploads\/2025\/07\/Sekmes-principai-paaugliams.webp","type":"image\/webp"}],"twitter_card":"summary_large_image","twitter_misc":{"Estimated reading time":"1 minute"},"schema":{"@context":"https:\/\/schema.org","@graph":[{"@type":"WebPage","@id":"https:\/\/skaitytaknyga.lt\/produktas\/sekmes-principai-paaugliams\/","url":"https:\/\/skaitytaknyga.lt\/produktas\/sekmes-principai-paaugliams\/","name":"S\u0117km\u0117s principai paaugliams","isPartOf":{"@id":"https:\/\/skaitytaknyga.lt\/#website"},"primaryImageOfPage":{"@id":"https:\/\/skaitytaknyga.lt\/produktas\/sekmes-principai-paaugliams\/#primaryimage"},"image":{"@id":"https:\/\/skaitytaknyga.lt\/produktas\/sekmes-principai-paaugliams\/#primaryimage"},"thumbnailUrl":"https:\/\/skaitytaknyga.lt\/wp-content\/uploads\/2025\/07\/Sekmes-principai-paaugliams.webp","datePublished":"2025-07-03T12:22:47+00:00","dateModified":"2026-03-11T16:05:58+00:00","description":"Visi nori pasieki s\u0117km\u0119 - ir tu tikrai nesi i\u0161imtis. Kai did\u017eiul\u0117s s\u0117km\u0117s saulauk\u0117 D\u017eeko Kenfildo \u201eS\u0117km\u0117s principai suaugisiems\u201c, \u0117m\u0117 pl\u016bsti t\u016bkstan\u010diai","breadcrumb":{"@id":"https:\/\/skaitytaknyga.lt\/produktas\/sekmes-principai-paaugliams\/#breadcrumb"},"inLanguage":"en-GB","potentialAction":[{"@type":"ReadAction","target":["https:\/\/skaitytaknyga.lt\/produktas\/sekmes-principai-paaugliams\/"]}]},{"@type":"ImageObject","inLanguage":"en-GB","@id":"https:\/\/skaitytaknyga.lt\/produktas\/sekmes-principai-paaugliams\/#primaryimage","url":"https:\/\/skaitytaknyga.lt\/wp-content\/uploads\/2025\/07\/Sekmes-principai-paaugliams.webp","contentUrl":"https:\/\/skaitytaknyga.lt\/wp-content\/uploads\/2025\/07\/Sekmes-principai-paaugliams.webp","width":519,"height":801,"caption":"S\u0117km\u0117s principai paaugliams"},{"@type":"BreadcrumbList","@id":"https:\/\/skaitytaknyga.lt\/produktas\/sekmes-principai-paaugliams\/#breadcrumb","itemListElement":[{"@type":"ListItem","position":1,"name":"Home","item":"https:\/\/skaitytaknyga.lt\/"},{"@type":"ListItem","position":2,"name":"Parduotuv\u0117","item":"https:\/\/skaitytaknyga.lt\/knygu-parduotuve\/"},{"@type":"ListItem","position":3,"name":"S\u0117km\u0117s principai paaugliams"}]},{"@type":"WebSite","@id":"https:\/\/skaitytaknyga.lt\/#website","url":"https:\/\/skaitytaknyga.lt\/","name":"skaitytaknyga.lt","description":"Skaitytaknyga.lt \u2013 tai ma\u017eas \u0161eimos verslas, kuris prasid\u0117jo nuo meil\u0117s knygoms ir siekio i\u0161gelb\u0117ti knygas nuo likimo prie konteinerio. Kas vienam nereikalingas daiktas \u2013 kitam lobis, o mes esame tarpininkai, kurie padeda abiems tapti laimingesniems ???? \u017dinome kaip nelengva i\u0161gyventi ma\u017eiems verslams, tad nuo \u0161iol, \u010dia rasite ir kit\u0173, ma\u017e\u0173 \u0161eim\u0173 versl\u0173, rank\u0173 darbo, dovan\u0173 sau ir artimiesiems.","publisher":{"@id":"https:\/\/skaitytaknyga.lt\/#organization"},"potentialAction":[{"@type":"SearchAction","target":{"@type":"EntryPoint","urlTemplate":"https:\/\/skaitytaknyga.lt\/?s={search_term_string}"},"query-input":{"@type":"PropertyValueSpecification","valueRequired":true,"valueName":"search_term_string"}}],"inLanguage":"en-GB"},{"@type":"Organization","@id":"https:\/\/skaitytaknyga.lt\/#organization","name":"skaitytaknyga.lt","url":"https:\/\/skaitytaknyga.lt\/","logo":{"@type":"ImageObject","inLanguage":"en-GB","@id":"https:\/\/skaitytaknyga.lt\/#\/schema\/logo\/image\/","url":"https:\/\/skaitytaknyga.lt\/wp-content\/uploads\/2024\/05\/cropped-cropped-cropped-02_00843_jt3bggkj1j3HLc7SyY6rEUpg.jpeg","contentUrl":"https:\/\/skaitytaknyga.lt\/wp-content\/uploads\/2024\/05\/cropped-cropped-cropped-02_00843_jt3bggkj1j3HLc7SyY6rEUpg.jpeg","width":1600,"height":1600,"caption":"skaitytaknyga.lt"},"image":{"@id":"https:\/\/skaitytaknyga.lt\/#\/schema\/logo\/image\/"},"sameAs":["https:\/\/www.facebook.com\/skaitytaknyga\/"]}]}},"_links":{"self":[{"href":"https:\/\/skaitytaknyga.lt\/en\/wp-json\/wp\/v2\/product\/19277","targetHints":{"allow":["GET"]}}],"collection":[{"href":"https:\/\/skaitytaknyga.lt\/en\/wp-json\/wp\/v2\/product"}],"about":[{"href":"https:\/\/skaitytaknyga.lt\/en\/wp-json\/wp\/v2\/types\/product"}],"replies":[{"embeddable":true,"href":"https:\/\/skaitytaknyga.lt\/en\/wp-json\/wp\/v2\/comments?post=19277"}],"wp:featuredmedia":[{"embeddable":true,"href":"https:\/\/skaitytaknyga.lt\/en\/wp-json\/wp\/v2\/media\/19281"}],"wp:attachment":[{"href":"https:\/\/skaitytaknyga.lt\/en\/wp-json\/wp\/v2\/media?parent=19277"}],"wp:term":[{"taxonomy":"product_brand","embeddable":true,"href":"https:\/\/skaitytaknyga.lt\/en\/wp-json\/wp\/v2\/product_brand?post=19277"},{"taxonomy":"product_cat","embeddable":true,"href":"https:\/\/skaitytaknyga.lt\/en\/wp-json\/wp\/v2\/product_cat?post=19277"},{"taxonomy":"product_tag","embeddable":true,"href":"https:\/\/skaitytaknyga.lt\/en\/wp-json\/wp\/v2\/product_tag?post=19277"}],"curies":[{"name":"wp","href":"https:\/\/api.w.org\/{rel}","templated":true}]}}