{"id":19270,"date":"2025-07-03T15:09:35","date_gmt":"2025-07-03T12:09:35","guid":{"rendered":"https:\/\/skaitytaknyga.lt\/?post_type=product&#038;p=19270"},"modified":"2025-07-08T09:35:52","modified_gmt":"2025-07-08T06:35:52","slug":"pradekite-kazka-svarbaus","status":"publish","type":"product","link":"https:\/\/skaitytaknyga.lt\/en\/produktas\/pradekite-kazka-svarbaus\/","title":{"rendered":"Prad\u0117kite ka\u017ek\u0105 svarbaus"},"content":{"rendered":"<p>Daryti tai, k\u0105 m\u0117gsti, ir kartu keisti pasaul\u012f. Atrodo ne\u012fmanoma? Kompanija TOMS \u2013 puikus pavyzdys, kaip be dideli\u0173 i\u0161tekli\u0173, bet turint u\u017edegan\u010di\u0105 id\u0117j\u0105 galima sukurti savo s\u0117km\u0117s istorij\u0105. \u0160ios \u012fmon\u0117s \u012fk\u016br\u0117jas Blake&#8217;as Mycoskie&#8217;is knygoje \u201ePrad\u0117kite ka\u017ek\u0105 svarbaus&#8221; dalijasi savo patirtimi, \u012f\u017evalgomis ir patarimais, kaip pasiry\u017eti ne tik karjeros, bet ir asmeninio gyvenimo poky\u010diams.<\/p>\n<p>2006 metais Blake&#8217;as Mycoskie \u012fk\u016br\u0117 kompanij\u0105 TOMS Shoes, kuri u\u017e kiekvien\u0105 por\u0105 parduot\u0173 bat\u0173 pasi\u0161ov\u0117 dovanoti por\u0105 nauj\u0173 bat\u0173 vaikui, kuriam j\u0173 labiausiai reikia. Tai buvo principas \u201eBatai u\u017e batus&#8221;. 2010 met\u0173 rugs\u0117jo m\u0117nes\u012f Blake&#8217;as gr\u012f\u017eo \u012f Argentin\u0105, kur jam anks\u010diau ir kilo mintis \u012fkurti TOMS, at\u0161v\u0119sti milijonin\u0117s skurstantiems vaikams dovanot\u0173 nauj\u0173 bat\u0173 poros.<\/p>\n<p>Po penkeri\u0173 nuostabi\u0173 bat\u0173 dalijimo met\u0173 Blake&#8217;as \u0117m\u0117si naujo \u017emoni\u0173 poreikio \u2013 reg\u0117jimo. 2011 met\u0173 bir\u017eelio 7 dien\u0105 kompanija TOMS prad\u0117jo nauj\u0105 iniciatyv\u0105, paremt\u0105 tuo pa\u010diu principu, kai u\u017e kiekvienus parduotus apsauginius akinius padedama \u017emogui, kuriam reikia gydyti akis ar net jas operuoti, i\u0161ra\u0161yti akinius.<\/p>\n<p>Buv\u0119s JAV prezidentas Billas Clintonas pavadino Blake&#8217;\u0105 vienu i\u0161 \u012fdomiausi\u0173 sutikt\u0173 verslinink\u0173. O Billas Gatesas apra\u0161\u0117 j\u012f ir kompanij\u0105 TOMS Shoes \u017eurnale Times paskelbtame straipsnyje \u201eKaip pataisyti kapitalizm\u0105&#8221;.<\/p>\n<p>Blake&#8217;as yra entuziastingas skaitytojas ir keliautojas. Jis m\u0117gsta cituoti tok\u012f Mahatma Gandhi posak\u012f: \u201eJei norite, kad pasaulis pasikeist\u0173, keiskite j\u012f.&#8221;<\/p>\n","protected":false},"excerpt":{"rendered":"<p>Daryti tai, k\u0105 m\u0117gsti, ir kartu keisti pasaul\u012f. Atrodo ne\u012fmanoma? Kompanija TOMS \u2013 puikus pavyzdys, kaip be dideli\u0173 i\u0161tekli\u0173, bet turint u\u017edegan\u010di\u0105 id\u0117j\u0105 galima sukurti savo s\u0117km\u0117s istorij\u0105. \u0160ios \u012fmon\u0117s \u012fk\u016br\u0117jas Blake&#8217;as Mycoskie&#8217;is knygoje \u201ePrad\u0117kite ka\u017ek\u0105 svarbaus&#8221; dalijasi savo patirtimi, \u012f\u017evalgomis ir patarimais, kaip pasiry\u017eti ne tik karjeros, bet ir asmeninio gyvenimo poky\u010diams. 2006 metais Blake&#8217;as Mycoskie \u012fk\u016br\u0117 kompanij\u0105 TOMS Shoes, kuri u\u017e kiekvien\u0105 por\u0105 parduot\u0173 bat\u0173 pasi\u0161ov\u0117 dovanoti por\u0105 nauj\u0173 bat\u0173 vaikui, kuriam j\u0173 labiausiai reikia. Tai buvo principas \u201eBatai u\u017e batus&#8221;. 2010 met\u0173 rugs\u0117jo m\u0117nes\u012f Blake&#8217;as gr\u012f\u017eo \u012f Argentin\u0105, kur jam anks\u010diau ir kilo mintis \u012fkurti TOMS, at\u0161v\u0119sti milijonin\u0117s skurstantiems vaikams dovanot\u0173 nauj\u0173 bat\u0173 poros. Po penkeri\u0173 nuostabi\u0173 bat\u0173 dalijimo met\u0173 Blake&#8217;as \u0117m\u0117si naujo \u017emoni\u0173 poreikio \u2013 reg\u0117jimo. 2011 met\u0173 bir\u017eelio 7 dien\u0105 kompanija TOMS prad\u0117jo nauj\u0105 iniciatyv\u0105, paremt\u0105 tuo pa\u010diu principu, kai u\u017e kiekvienus parduotus apsauginius akinius padedama \u017emogui, kuriam reikia gydyti akis ar net jas operuoti, i\u0161ra\u0161yti akinius. Buv\u0119s JAV prezidentas Billas Clintonas pavadino Blake&#8217;\u0105 vienu i\u0161 \u012fdomiausi\u0173 sutikt\u0173 verslinink\u0173. O Billas Gatesas apra\u0161\u0117 j\u012f ir kompanij\u0105 TOMS Shoes \u017eurnale Times paskelbtame straipsnyje \u201eKaip pataisyti kapitalizm\u0105&#8221;. Blake&#8217;as yra entuziastingas skaitytojas ir keliautojas. Jis m\u0117gsta cituoti tok\u012f Mahatma Gandhi posak\u012f: \u201eJei norite, kad pasaulis pasikeist\u0173, keiskite j\u012f.&#8221;<\/p>\n","protected":false},"featured_media":19275,"comment_status":"open","ping_status":"closed","template":"","meta":{"_acf_changed":false,"site-sidebar-layout":"default","site-content-layout":"","ast-site-content-layout":"default","site-content-style":"default","site-sidebar-style":"default","ast-global-header-display":"","ast-banner-title-visibility":"","ast-main-header-display":"","ast-hfb-above-header-display":"","ast-hfb-below-header-display":"","ast-hfb-mobile-header-display":"","site-post-title":"","ast-breadcrumbs-content":"","ast-featured-img":"","footer-sml-layout":"","ast-disable-related-posts":"","theme-transparent-header-meta":"","adv-header-id-meta":"","stick-header-meta":"","header-above-stick-meta":"","header-main-stick-meta":"","header-below-stick-meta":"","astra-migrate-meta-layouts":"default","ast-page-background-enabled":"default","ast-page-background-meta":{"desktop":{"background-color":"","background-image":"","background-repeat":"repeat","background-position":"center center","background-size":"auto","background-attachment":"scroll","background-type":"","background-media":"","overlay-type":"","overlay-color":"","overlay-opacity":"","overlay-gradient":""},"tablet":{"background-color":"","background-image":"","background-repeat":"repeat","background-position":"center center","background-size":"auto","background-attachment":"scroll","background-type":"","background-media":"","overlay-type":"","overlay-color":"","overlay-opacity":"","overlay-gradient":""},"mobile":{"background-color":"","background-image":"","background-repeat":"repeat","background-position":"center center","background-size":"auto","background-attachment":"scroll","background-type":"","background-media":"","overlay-type":"","overlay-color":"","overlay-opacity":"","overlay-gradient":""}},"ast-content-background-meta":{"desktop":{"background-color":"var(--ast-global-color-4)","background-image":"","background-repeat":"repeat","background-position":"center center","background-size":"auto","background-attachment":"scroll","background-type":"","background-media":"","overlay-type":"","overlay-color":"","overlay-opacity":"","overlay-gradient":""},"tablet":{"background-color":"var(--ast-global-color-4)","background-image":"","background-repeat":"repeat","background-position":"center center","background-size":"auto","background-attachment":"scroll","background-type":"","background-media":"","overlay-type":"","overlay-color":"","overlay-opacity":"","overlay-gradient":""},"mobile":{"background-color":"var(--ast-global-color-4)","background-image":"","background-repeat":"repeat","background-position":"center center","background-size":"auto","background-attachment":"scroll","background-type":"","background-media":"","overlay-type":"","overlay-color":"","overlay-opacity":"","overlay-gradient":""}}},"product_brand":[],"product_cat":[15],"product_tag":[],"class_list":{"0":"post-19270","1":"product","2":"type-product","3":"status-publish","4":"has-post-thumbnail","6":"product_cat-uncategorized","7":"desktop-align-left","8":"tablet-align-left","9":"mobile-align-left","11":"first","12":"instock","13":"shipping-taxable","14":"purchasable","15":"product-type-simple"},"acf":[],"yoast_head":"<!-- This site is optimized with the Yoast SEO plugin v27.4 - https:\/\/yoast.com\/product\/yoast-seo-wordpress\/ -->\n<title>Prad\u0117kite ka\u017ek\u0105 svarbaus<\/title>\n<meta name=\"description\" content=\"Daryti tai, k\u0105 m\u0117gsti, ir kartu keisti pasaul\u012f. Atrodo ne\u012fmanoma? Kompanija TOMS \u2013 puikus pavyzdys, kaip be dideli\u0173 i\u0161tekli\u0173, bet turint u\u017edegan\u010di\u0105 id\u0117j\u0105\" \/>\n<meta name=\"robots\" content=\"index, follow, max-snippet:-1, max-image-preview:large, max-video-preview:-1\" \/>\n<link rel=\"canonical\" href=\"https:\/\/skaitytaknyga.lt\/en\/produktas\/pradekite-kazka-svarbaus\/\" \/>\n<meta property=\"og:locale\" content=\"en_GB\" \/>\n<meta property=\"og:locale:alternate\" content=\"lt_LT\" \/>\n<meta property=\"og:type\" content=\"article\" \/>\n<meta property=\"og:title\" content=\"Prad\u0117kite ka\u017ek\u0105 svarbaus\" \/>\n<meta property=\"og:description\" content=\"Daryti tai, k\u0105 m\u0117gsti, ir kartu keisti pasaul\u012f. Atrodo ne\u012fmanoma? Kompanija TOMS \u2013 puikus pavyzdys, kaip be dideli\u0173 i\u0161tekli\u0173, bet turint u\u017edegan\u010di\u0105 id\u0117j\u0105\" \/>\n<meta property=\"og:url\" content=\"https:\/\/skaitytaknyga.lt\/en\/produktas\/pradekite-kazka-svarbaus\/\" \/>\n<meta property=\"og:site_name\" content=\"Skaitytaknyga\" \/>\n<meta property=\"article:publisher\" content=\"https:\/\/www.facebook.com\/skaitytaknyga\/\" \/>\n<meta property=\"article:modified_time\" content=\"2025-07-08T06:35:52+00:00\" \/>\n<meta property=\"og:image\" content=\"https:\/\/skaitytaknyga.lt\/wp-content\/uploads\/2025\/07\/Pradekite-kazka-svarbaus.webp\" \/>\n\t<meta property=\"og:image:width\" content=\"399\" \/>\n\t<meta property=\"og:image:height\" content=\"587\" \/>\n\t<meta property=\"og:image:type\" content=\"image\/webp\" \/>\n<meta name=\"twitter:card\" content=\"summary_large_image\" \/>\n<meta name=\"twitter:label1\" content=\"Estimated reading time\" \/>\n\t<meta name=\"twitter:data1\" content=\"1 minute\" \/>\n<script type=\"application\/ld+json\" class=\"yoast-schema-graph\">{\"@context\":\"https:\\\/\\\/schema.org\",\"@graph\":[{\"@type\":\"WebPage\",\"@id\":\"https:\\\/\\\/skaitytaknyga.lt\\\/produktas\\\/pradekite-kazka-svarbaus\\\/\",\"url\":\"https:\\\/\\\/skaitytaknyga.lt\\\/produktas\\\/pradekite-kazka-svarbaus\\\/\",\"name\":\"Prad\u0117kite ka\u017ek\u0105 svarbaus\",\"isPartOf\":{\"@id\":\"https:\\\/\\\/skaitytaknyga.lt\\\/#website\"},\"primaryImageOfPage\":{\"@id\":\"https:\\\/\\\/skaitytaknyga.lt\\\/produktas\\\/pradekite-kazka-svarbaus\\\/#primaryimage\"},\"image\":{\"@id\":\"https:\\\/\\\/skaitytaknyga.lt\\\/produktas\\\/pradekite-kazka-svarbaus\\\/#primaryimage\"},\"thumbnailUrl\":\"https:\\\/\\\/skaitytaknyga.lt\\\/wp-content\\\/uploads\\\/2025\\\/07\\\/Pradekite-kazka-svarbaus.webp\",\"datePublished\":\"2025-07-03T12:09:35+00:00\",\"dateModified\":\"2025-07-08T06:35:52+00:00\",\"description\":\"Daryti tai, k\u0105 m\u0117gsti, ir kartu keisti pasaul\u012f. Atrodo ne\u012fmanoma? Kompanija TOMS \u2013 puikus pavyzdys, kaip be dideli\u0173 i\u0161tekli\u0173, bet turint u\u017edegan\u010di\u0105 id\u0117j\u0105\",\"breadcrumb\":{\"@id\":\"https:\\\/\\\/skaitytaknyga.lt\\\/produktas\\\/pradekite-kazka-svarbaus\\\/#breadcrumb\"},\"inLanguage\":\"en-GB\",\"potentialAction\":[{\"@type\":\"ReadAction\",\"target\":[\"https:\\\/\\\/skaitytaknyga.lt\\\/produktas\\\/pradekite-kazka-svarbaus\\\/\"]}]},{\"@type\":\"ImageObject\",\"inLanguage\":\"en-GB\",\"@id\":\"https:\\\/\\\/skaitytaknyga.lt\\\/produktas\\\/pradekite-kazka-svarbaus\\\/#primaryimage\",\"url\":\"https:\\\/\\\/skaitytaknyga.lt\\\/wp-content\\\/uploads\\\/2025\\\/07\\\/Pradekite-kazka-svarbaus.webp\",\"contentUrl\":\"https:\\\/\\\/skaitytaknyga.lt\\\/wp-content\\\/uploads\\\/2025\\\/07\\\/Pradekite-kazka-svarbaus.webp\",\"width\":399,\"height\":587,\"caption\":\"Prad\u0117kite ka\u017ek\u0105 svarbaus\"},{\"@type\":\"BreadcrumbList\",\"@id\":\"https:\\\/\\\/skaitytaknyga.lt\\\/produktas\\\/pradekite-kazka-svarbaus\\\/#breadcrumb\",\"itemListElement\":[{\"@type\":\"ListItem\",\"position\":1,\"name\":\"Home\",\"item\":\"https:\\\/\\\/skaitytaknyga.lt\\\/\"},{\"@type\":\"ListItem\",\"position\":2,\"name\":\"Parduotuv\u0117\",\"item\":\"https:\\\/\\\/skaitytaknyga.lt\\\/knygu-parduotuve\\\/\"},{\"@type\":\"ListItem\",\"position\":3,\"name\":\"Prad\u0117kite ka\u017ek\u0105 svarbaus\"}]},{\"@type\":\"WebSite\",\"@id\":\"https:\\\/\\\/skaitytaknyga.lt\\\/#website\",\"url\":\"https:\\\/\\\/skaitytaknyga.lt\\\/\",\"name\":\"skaitytaknyga.lt\",\"description\":\"Skaitytaknyga.lt \u2013 tai ma\u017eas \u0161eimos verslas, kuris prasid\u0117jo nuo meil\u0117s knygoms ir siekio i\u0161gelb\u0117ti knygas nuo likimo prie konteinerio. Kas vienam nereikalingas daiktas \u2013 kitam lobis, o mes esame tarpininkai, kurie padeda abiems tapti laimingesniems ???? \u017dinome kaip nelengva i\u0161gyventi ma\u017eiems verslams, tad nuo \u0161iol, \u010dia rasite ir kit\u0173, ma\u017e\u0173 \u0161eim\u0173 versl\u0173, rank\u0173 darbo, dovan\u0173 sau ir artimiesiems.\",\"publisher\":{\"@id\":\"https:\\\/\\\/skaitytaknyga.lt\\\/#organization\"},\"potentialAction\":[{\"@type\":\"SearchAction\",\"target\":{\"@type\":\"EntryPoint\",\"urlTemplate\":\"https:\\\/\\\/skaitytaknyga.lt\\\/?s={search_term_string}\"},\"query-input\":{\"@type\":\"PropertyValueSpecification\",\"valueRequired\":true,\"valueName\":\"search_term_string\"}}],\"inLanguage\":\"en-GB\"},{\"@type\":\"Organization\",\"@id\":\"https:\\\/\\\/skaitytaknyga.lt\\\/#organization\",\"name\":\"skaitytaknyga.lt\",\"url\":\"https:\\\/\\\/skaitytaknyga.lt\\\/\",\"logo\":{\"@type\":\"ImageObject\",\"inLanguage\":\"en-GB\",\"@id\":\"https:\\\/\\\/skaitytaknyga.lt\\\/#\\\/schema\\\/logo\\\/image\\\/\",\"url\":\"https:\\\/\\\/skaitytaknyga.lt\\\/wp-content\\\/uploads\\\/2024\\\/05\\\/cropped-cropped-cropped-02_00843_jt3bggkj1j3HLc7SyY6rEUpg.jpeg\",\"contentUrl\":\"https:\\\/\\\/skaitytaknyga.lt\\\/wp-content\\\/uploads\\\/2024\\\/05\\\/cropped-cropped-cropped-02_00843_jt3bggkj1j3HLc7SyY6rEUpg.jpeg\",\"width\":1600,\"height\":1600,\"caption\":\"skaitytaknyga.lt\"},\"image\":{\"@id\":\"https:\\\/\\\/skaitytaknyga.lt\\\/#\\\/schema\\\/logo\\\/image\\\/\"},\"sameAs\":[\"https:\\\/\\\/www.facebook.com\\\/skaitytaknyga\\\/\"]}]}<\/script>\n<!-- \/ Yoast SEO plugin. -->","yoast_head_json":{"title":"Prad\u0117kite ka\u017ek\u0105 svarbaus","description":"Daryti tai, k\u0105 m\u0117gsti, ir kartu keisti pasaul\u012f. Atrodo ne\u012fmanoma? Kompanija TOMS \u2013 puikus pavyzdys, kaip be dideli\u0173 i\u0161tekli\u0173, bet turint u\u017edegan\u010di\u0105 id\u0117j\u0105","robots":{"index":"index","follow":"follow","max-snippet":"max-snippet:-1","max-image-preview":"max-image-preview:large","max-video-preview":"max-video-preview:-1"},"canonical":"https:\/\/skaitytaknyga.lt\/en\/produktas\/pradekite-kazka-svarbaus\/","og_locale":"en_GB","og_type":"article","og_title":"[:lt]Prad\u0117kite ka\u017ek\u0105 svarbaus[:] - Skaitytaknyga","og_description":"Daryti tai, k\u0105 m\u0117gsti, ir kartu keisti pasaul\u012f. Atrodo ne\u012fmanoma? Kompanija TOMS \u2013 puikus pavyzdys, kaip be dideli\u0173 i\u0161tekli\u0173, bet turint u\u017edegan\u010di\u0105 id\u0117j\u0105","og_url":"https:\/\/skaitytaknyga.lt\/en\/produktas\/pradekite-kazka-svarbaus\/","og_site_name":"Skaitytaknyga","article_publisher":"https:\/\/www.facebook.com\/skaitytaknyga\/","article_modified_time":"2025-07-08T06:35:52+00:00","og_image":[{"width":399,"height":587,"url":"https:\/\/skaitytaknyga.lt\/wp-content\/uploads\/2025\/07\/Pradekite-kazka-svarbaus.webp","type":"image\/webp"}],"twitter_card":"summary_large_image","twitter_misc":{"Estimated reading time":"1 minute"},"schema":{"@context":"https:\/\/schema.org","@graph":[{"@type":"WebPage","@id":"https:\/\/skaitytaknyga.lt\/produktas\/pradekite-kazka-svarbaus\/","url":"https:\/\/skaitytaknyga.lt\/produktas\/pradekite-kazka-svarbaus\/","name":"Prad\u0117kite ka\u017ek\u0105 svarbaus","isPartOf":{"@id":"https:\/\/skaitytaknyga.lt\/#website"},"primaryImageOfPage":{"@id":"https:\/\/skaitytaknyga.lt\/produktas\/pradekite-kazka-svarbaus\/#primaryimage"},"image":{"@id":"https:\/\/skaitytaknyga.lt\/produktas\/pradekite-kazka-svarbaus\/#primaryimage"},"thumbnailUrl":"https:\/\/skaitytaknyga.lt\/wp-content\/uploads\/2025\/07\/Pradekite-kazka-svarbaus.webp","datePublished":"2025-07-03T12:09:35+00:00","dateModified":"2025-07-08T06:35:52+00:00","description":"Daryti tai, k\u0105 m\u0117gsti, ir kartu keisti pasaul\u012f. Atrodo ne\u012fmanoma? Kompanija TOMS \u2013 puikus pavyzdys, kaip be dideli\u0173 i\u0161tekli\u0173, bet turint u\u017edegan\u010di\u0105 id\u0117j\u0105","breadcrumb":{"@id":"https:\/\/skaitytaknyga.lt\/produktas\/pradekite-kazka-svarbaus\/#breadcrumb"},"inLanguage":"en-GB","potentialAction":[{"@type":"ReadAction","target":["https:\/\/skaitytaknyga.lt\/produktas\/pradekite-kazka-svarbaus\/"]}]},{"@type":"ImageObject","inLanguage":"en-GB","@id":"https:\/\/skaitytaknyga.lt\/produktas\/pradekite-kazka-svarbaus\/#primaryimage","url":"https:\/\/skaitytaknyga.lt\/wp-content\/uploads\/2025\/07\/Pradekite-kazka-svarbaus.webp","contentUrl":"https:\/\/skaitytaknyga.lt\/wp-content\/uploads\/2025\/07\/Pradekite-kazka-svarbaus.webp","width":399,"height":587,"caption":"Prad\u0117kite ka\u017ek\u0105 svarbaus"},{"@type":"BreadcrumbList","@id":"https:\/\/skaitytaknyga.lt\/produktas\/pradekite-kazka-svarbaus\/#breadcrumb","itemListElement":[{"@type":"ListItem","position":1,"name":"Home","item":"https:\/\/skaitytaknyga.lt\/"},{"@type":"ListItem","position":2,"name":"Parduotuv\u0117","item":"https:\/\/skaitytaknyga.lt\/knygu-parduotuve\/"},{"@type":"ListItem","position":3,"name":"Prad\u0117kite ka\u017ek\u0105 svarbaus"}]},{"@type":"WebSite","@id":"https:\/\/skaitytaknyga.lt\/#website","url":"https:\/\/skaitytaknyga.lt\/","name":"skaitytaknyga.lt","description":"Skaitytaknyga.lt \u2013 tai ma\u017eas \u0161eimos verslas, kuris prasid\u0117jo nuo meil\u0117s knygoms ir siekio i\u0161gelb\u0117ti knygas nuo likimo prie konteinerio. Kas vienam nereikalingas daiktas \u2013 kitam lobis, o mes esame tarpininkai, kurie padeda abiems tapti laimingesniems ???? \u017dinome kaip nelengva i\u0161gyventi ma\u017eiems verslams, tad nuo \u0161iol, \u010dia rasite ir kit\u0173, ma\u017e\u0173 \u0161eim\u0173 versl\u0173, rank\u0173 darbo, dovan\u0173 sau ir artimiesiems.","publisher":{"@id":"https:\/\/skaitytaknyga.lt\/#organization"},"potentialAction":[{"@type":"SearchAction","target":{"@type":"EntryPoint","urlTemplate":"https:\/\/skaitytaknyga.lt\/?s={search_term_string}"},"query-input":{"@type":"PropertyValueSpecification","valueRequired":true,"valueName":"search_term_string"}}],"inLanguage":"en-GB"},{"@type":"Organization","@id":"https:\/\/skaitytaknyga.lt\/#organization","name":"skaitytaknyga.lt","url":"https:\/\/skaitytaknyga.lt\/","logo":{"@type":"ImageObject","inLanguage":"en-GB","@id":"https:\/\/skaitytaknyga.lt\/#\/schema\/logo\/image\/","url":"https:\/\/skaitytaknyga.lt\/wp-content\/uploads\/2024\/05\/cropped-cropped-cropped-02_00843_jt3bggkj1j3HLc7SyY6rEUpg.jpeg","contentUrl":"https:\/\/skaitytaknyga.lt\/wp-content\/uploads\/2024\/05\/cropped-cropped-cropped-02_00843_jt3bggkj1j3HLc7SyY6rEUpg.jpeg","width":1600,"height":1600,"caption":"skaitytaknyga.lt"},"image":{"@id":"https:\/\/skaitytaknyga.lt\/#\/schema\/logo\/image\/"},"sameAs":["https:\/\/www.facebook.com\/skaitytaknyga\/"]}]}},"_links":{"self":[{"href":"https:\/\/skaitytaknyga.lt\/en\/wp-json\/wp\/v2\/product\/19270","targetHints":{"allow":["GET"]}}],"collection":[{"href":"https:\/\/skaitytaknyga.lt\/en\/wp-json\/wp\/v2\/product"}],"about":[{"href":"https:\/\/skaitytaknyga.lt\/en\/wp-json\/wp\/v2\/types\/product"}],"replies":[{"embeddable":true,"href":"https:\/\/skaitytaknyga.lt\/en\/wp-json\/wp\/v2\/comments?post=19270"}],"wp:featuredmedia":[{"embeddable":true,"href":"https:\/\/skaitytaknyga.lt\/en\/wp-json\/wp\/v2\/media\/19275"}],"wp:attachment":[{"href":"https:\/\/skaitytaknyga.lt\/en\/wp-json\/wp\/v2\/media?parent=19270"}],"wp:term":[{"taxonomy":"product_brand","embeddable":true,"href":"https:\/\/skaitytaknyga.lt\/en\/wp-json\/wp\/v2\/product_brand?post=19270"},{"taxonomy":"product_cat","embeddable":true,"href":"https:\/\/skaitytaknyga.lt\/en\/wp-json\/wp\/v2\/product_cat?post=19270"},{"taxonomy":"product_tag","embeddable":true,"href":"https:\/\/skaitytaknyga.lt\/en\/wp-json\/wp\/v2\/product_tag?post=19270"}],"curies":[{"name":"wp","href":"https:\/\/api.w.org\/{rel}","templated":true}]}}