{"id":19269,"date":"2025-07-03T15:09:35","date_gmt":"2025-07-03T12:09:35","guid":{"rendered":"https:\/\/skaitytaknyga.lt\/?post_type=product&#038;p=19269"},"modified":"2025-10-15T10:22:32","modified_gmt":"2025-10-15T07:22:32","slug":"kas-paeme-mano-suri","status":"publish","type":"product","link":"https:\/\/skaitytaknyga.lt\/en\/produktas\/kas-paeme-mano-suri\/","title":{"rendered":"Kas pa\u0117m\u0117 mano s\u016br\u012f?"},"content":{"rendered":"<p>\u201eK\u0105 darytum, jei nebijotum?\u201c<\/p>\n<p>Viskas b\u016bt\u0173 labai paprasta, jei tik tur\u0117tum Labirinto \u017eem\u0117lap\u012f.<br \/>\nJei viskas tek\u0117t\u0173 sena \u012fprasta vaga.<br \/>\nJei niekas neliest\u0173 tavo s\u016brio.<\/p>\n<p>Bet gyvenimas kei\u010diasi.<\/p>\n<p>\u012esivaizduokite, kad S\u016bris \u2013 tai viskas, kas Jums svarbu ir ko gyvenime siekiate: karjera, pinigai, sveikata, dvasin\u0117 harmonija, meil\u0117. Labirintas \u2013 tai vieta, kurioje ie\u0161kote savojo s\u016brio: darboviet\u0117, \u0161eima, visuomen\u0117. Kaip jau\u010diat\u0117s, tvirtai rankose laikydami savo S\u016br\u012f? O kas, jei vien\u0105 dien\u0105 j\u012f i\u0161 J\u016bs\u0173 atima?<\/p>\n<p>Niekas nestovi vietoje, ir kartais kiekvienam tenka susidurti su poky\u010diais. Da\u017eniausiai jie g\u0105sdina. Kaip su netik\u0117tai u\u017eklupusiomis permainomis susidorojo keturi i\u0161galvoti knygos veik\u0117jai, pana\u0161\u016bs \u012f kiekvien\u0105 i\u0161 m\u016bs\u0173?<\/p>\n<p>\u0160\u012f trump\u0105 pasakojim\u0105 perskaitysite per valand\u0105, bet tai, ko i\u0161moksite, pravers vis\u0105 likus\u012f gyvenim\u0105.<\/p>\n","protected":false},"excerpt":{"rendered":"<p>\u201eK\u0105 darytum, jei nebijotum?\u201c Viskas b\u016bt\u0173 labai paprasta, jei tik tur\u0117tum Labirinto \u017eem\u0117lap\u012f. Jei viskas tek\u0117t\u0173 sena \u012fprasta vaga. Jei niekas neliest\u0173 tavo s\u016brio. Bet gyvenimas kei\u010diasi. \u012esivaizduokite, kad S\u016bris \u2013 tai viskas, kas Jums svarbu ir ko gyvenime siekiate: karjera, pinigai, sveikata, dvasin\u0117 harmonija, meil\u0117. Labirintas \u2013 tai vieta, kurioje ie\u0161kote savojo s\u016brio: darboviet\u0117, \u0161eima, visuomen\u0117. Kaip jau\u010diat\u0117s, tvirtai rankose laikydami savo S\u016br\u012f? O kas, jei vien\u0105 dien\u0105 j\u012f i\u0161 J\u016bs\u0173 atima? Niekas nestovi vietoje, ir kartais kiekvienam tenka susidurti su poky\u010diais. Da\u017eniausiai jie g\u0105sdina. Kaip su netik\u0117tai u\u017eklupusiomis permainomis susidorojo keturi i\u0161galvoti knygos veik\u0117jai, pana\u0161\u016bs \u012f kiekvien\u0105 i\u0161 m\u016bs\u0173? \u0160\u012f trump\u0105 pasakojim\u0105 perskaitysite per valand\u0105, bet tai, ko i\u0161moksite, pravers vis\u0105 likus\u012f gyvenim\u0105.<\/p>\n","protected":false},"featured_media":19274,"comment_status":"open","ping_status":"closed","template":"","meta":{"_acf_changed":false,"site-sidebar-layout":"default","site-content-layout":"","ast-site-content-layout":"default","site-content-style":"default","site-sidebar-style":"default","ast-global-header-display":"","ast-banner-title-visibility":"","ast-main-header-display":"","ast-hfb-above-header-display":"","ast-hfb-below-header-display":"","ast-hfb-mobile-header-display":"","site-post-title":"","ast-breadcrumbs-content":"","ast-featured-img":"","footer-sml-layout":"","ast-disable-related-posts":"","theme-transparent-header-meta":"","adv-header-id-meta":"","stick-header-meta":"","header-above-stick-meta":"","header-main-stick-meta":"","header-below-stick-meta":"","astra-migrate-meta-layouts":"default","ast-page-background-enabled":"default","ast-page-background-meta":{"desktop":{"background-color":"","background-image":"","background-repeat":"repeat","background-position":"center center","background-size":"auto","background-attachment":"scroll","background-type":"","background-media":"","overlay-type":"","overlay-color":"","overlay-opacity":"","overlay-gradient":""},"tablet":{"background-color":"","background-image":"","background-repeat":"repeat","background-position":"center center","background-size":"auto","background-attachment":"scroll","background-type":"","background-media":"","overlay-type":"","overlay-color":"","overlay-opacity":"","overlay-gradient":""},"mobile":{"background-color":"","background-image":"","background-repeat":"repeat","background-position":"center center","background-size":"auto","background-attachment":"scroll","background-type":"","background-media":"","overlay-type":"","overlay-color":"","overlay-opacity":"","overlay-gradient":""}},"ast-content-background-meta":{"desktop":{"background-color":"var(--ast-global-color-4)","background-image":"","background-repeat":"repeat","background-position":"center center","background-size":"auto","background-attachment":"scroll","background-type":"","background-media":"","overlay-type":"","overlay-color":"","overlay-opacity":"","overlay-gradient":""},"tablet":{"background-color":"var(--ast-global-color-4)","background-image":"","background-repeat":"repeat","background-position":"center center","background-size":"auto","background-attachment":"scroll","background-type":"","background-media":"","overlay-type":"","overlay-color":"","overlay-opacity":"","overlay-gradient":""},"mobile":{"background-color":"var(--ast-global-color-4)","background-image":"","background-repeat":"repeat","background-position":"center center","background-size":"auto","background-attachment":"scroll","background-type":"","background-media":"","overlay-type":"","overlay-color":"","overlay-opacity":"","overlay-gradient":""}}},"product_brand":[],"product_cat":[15],"product_tag":[],"class_list":{"0":"post-19269","1":"product","2":"type-product","3":"status-publish","4":"has-post-thumbnail","6":"product_cat-uncategorized","7":"desktop-align-left","8":"tablet-align-left","9":"mobile-align-left","11":"first","12":"instock","13":"shipping-taxable","14":"purchasable","15":"product-type-simple"},"acf":[],"yoast_head":"<!-- This site is optimized with the Yoast SEO plugin v27.4 - https:\/\/yoast.com\/product\/yoast-seo-wordpress\/ -->\n<title>Kas pa\u0117m\u0117 mano s\u016br\u012f?<\/title>\n<meta name=\"description\" content=\"\u201eK\u0105 darytum, jei nebijotum?\u201c Viskas b\u016bt\u0173 labai paprasta, jei tik tur\u0117tum Labirinto \u017eem\u0117lap\u012f. Jei viskas tek\u0117t\u0173 sena \u012fprasta vaga. Jei niekas neliest\u0173 tavo\" \/>\n<meta name=\"robots\" content=\"index, follow, max-snippet:-1, max-image-preview:large, max-video-preview:-1\" \/>\n<link rel=\"canonical\" href=\"https:\/\/skaitytaknyga.lt\/en\/produktas\/kas-paeme-mano-suri\/\" \/>\n<meta property=\"og:locale\" content=\"en_GB\" \/>\n<meta property=\"og:locale:alternate\" content=\"lt_LT\" \/>\n<meta property=\"og:type\" content=\"article\" \/>\n<meta property=\"og:title\" content=\"Kas pa\u0117m\u0117 mano s\u016br\u012f?\" \/>\n<meta property=\"og:description\" content=\"\u201eK\u0105 darytum, jei nebijotum?\u201c Viskas b\u016bt\u0173 labai paprasta, jei tik tur\u0117tum Labirinto \u017eem\u0117lap\u012f. Jei viskas tek\u0117t\u0173 sena \u012fprasta vaga. Jei niekas neliest\u0173 tavo\" \/>\n<meta property=\"og:url\" content=\"https:\/\/skaitytaknyga.lt\/en\/produktas\/kas-paeme-mano-suri\/\" \/>\n<meta property=\"og:site_name\" content=\"Skaitytaknyga\" \/>\n<meta property=\"article:publisher\" content=\"https:\/\/www.facebook.com\/skaitytaknyga\/\" \/>\n<meta property=\"article:modified_time\" content=\"2025-10-15T07:22:32+00:00\" \/>\n<meta property=\"og:image\" content=\"https:\/\/skaitytaknyga.lt\/wp-content\/uploads\/2025\/07\/Kas-paeme-mano-suri.webp\" \/>\n\t<meta property=\"og:image:width\" content=\"541\" \/>\n\t<meta property=\"og:image:height\" content=\"801\" \/>\n\t<meta property=\"og:image:type\" content=\"image\/webp\" \/>\n<meta name=\"twitter:card\" content=\"summary_large_image\" \/>\n<meta name=\"twitter:label1\" content=\"Estimated reading time\" \/>\n\t<meta name=\"twitter:data1\" content=\"1 minute\" \/>\n<script type=\"application\/ld+json\" class=\"yoast-schema-graph\">{\"@context\":\"https:\\\/\\\/schema.org\",\"@graph\":[{\"@type\":\"WebPage\",\"@id\":\"https:\\\/\\\/skaitytaknyga.lt\\\/produktas\\\/kas-paeme-mano-suri\\\/\",\"url\":\"https:\\\/\\\/skaitytaknyga.lt\\\/produktas\\\/kas-paeme-mano-suri\\\/\",\"name\":\"Kas pa\u0117m\u0117 mano s\u016br\u012f?\",\"isPartOf\":{\"@id\":\"https:\\\/\\\/skaitytaknyga.lt\\\/#website\"},\"primaryImageOfPage\":{\"@id\":\"https:\\\/\\\/skaitytaknyga.lt\\\/produktas\\\/kas-paeme-mano-suri\\\/#primaryimage\"},\"image\":{\"@id\":\"https:\\\/\\\/skaitytaknyga.lt\\\/produktas\\\/kas-paeme-mano-suri\\\/#primaryimage\"},\"thumbnailUrl\":\"https:\\\/\\\/skaitytaknyga.lt\\\/wp-content\\\/uploads\\\/2025\\\/07\\\/Kas-paeme-mano-suri.webp\",\"datePublished\":\"2025-07-03T12:09:35+00:00\",\"dateModified\":\"2025-10-15T07:22:32+00:00\",\"description\":\"\u201eK\u0105 darytum, jei nebijotum?\u201c Viskas b\u016bt\u0173 labai paprasta, jei tik tur\u0117tum Labirinto \u017eem\u0117lap\u012f. Jei viskas tek\u0117t\u0173 sena \u012fprasta vaga. Jei niekas neliest\u0173 tavo\",\"breadcrumb\":{\"@id\":\"https:\\\/\\\/skaitytaknyga.lt\\\/produktas\\\/kas-paeme-mano-suri\\\/#breadcrumb\"},\"inLanguage\":\"en-GB\",\"potentialAction\":[{\"@type\":\"ReadAction\",\"target\":[\"https:\\\/\\\/skaitytaknyga.lt\\\/produktas\\\/kas-paeme-mano-suri\\\/\"]}]},{\"@type\":\"ImageObject\",\"inLanguage\":\"en-GB\",\"@id\":\"https:\\\/\\\/skaitytaknyga.lt\\\/produktas\\\/kas-paeme-mano-suri\\\/#primaryimage\",\"url\":\"https:\\\/\\\/skaitytaknyga.lt\\\/wp-content\\\/uploads\\\/2025\\\/07\\\/Kas-paeme-mano-suri.webp\",\"contentUrl\":\"https:\\\/\\\/skaitytaknyga.lt\\\/wp-content\\\/uploads\\\/2025\\\/07\\\/Kas-paeme-mano-suri.webp\",\"width\":541,\"height\":801,\"caption\":\"Kas pa\u0117m\u0117 mano s\u016br\u012f\"},{\"@type\":\"BreadcrumbList\",\"@id\":\"https:\\\/\\\/skaitytaknyga.lt\\\/produktas\\\/kas-paeme-mano-suri\\\/#breadcrumb\",\"itemListElement\":[{\"@type\":\"ListItem\",\"position\":1,\"name\":\"Home\",\"item\":\"https:\\\/\\\/skaitytaknyga.lt\\\/\"},{\"@type\":\"ListItem\",\"position\":2,\"name\":\"Parduotuv\u0117\",\"item\":\"https:\\\/\\\/skaitytaknyga.lt\\\/knygu-parduotuve\\\/\"},{\"@type\":\"ListItem\",\"position\":3,\"name\":\"Kas pa\u0117m\u0117 mano s\u016br\u012f?\"}]},{\"@type\":\"WebSite\",\"@id\":\"https:\\\/\\\/skaitytaknyga.lt\\\/#website\",\"url\":\"https:\\\/\\\/skaitytaknyga.lt\\\/\",\"name\":\"skaitytaknyga.lt\",\"description\":\"Skaitytaknyga.lt \u2013 tai ma\u017eas \u0161eimos verslas, kuris prasid\u0117jo nuo meil\u0117s knygoms ir siekio i\u0161gelb\u0117ti knygas nuo likimo prie konteinerio. Kas vienam nereikalingas daiktas \u2013 kitam lobis, o mes esame tarpininkai, kurie padeda abiems tapti laimingesniems ???? \u017dinome kaip nelengva i\u0161gyventi ma\u017eiems verslams, tad nuo \u0161iol, \u010dia rasite ir kit\u0173, ma\u017e\u0173 \u0161eim\u0173 versl\u0173, rank\u0173 darbo, dovan\u0173 sau ir artimiesiems.\",\"publisher\":{\"@id\":\"https:\\\/\\\/skaitytaknyga.lt\\\/#organization\"},\"potentialAction\":[{\"@type\":\"SearchAction\",\"target\":{\"@type\":\"EntryPoint\",\"urlTemplate\":\"https:\\\/\\\/skaitytaknyga.lt\\\/?s={search_term_string}\"},\"query-input\":{\"@type\":\"PropertyValueSpecification\",\"valueRequired\":true,\"valueName\":\"search_term_string\"}}],\"inLanguage\":\"en-GB\"},{\"@type\":\"Organization\",\"@id\":\"https:\\\/\\\/skaitytaknyga.lt\\\/#organization\",\"name\":\"skaitytaknyga.lt\",\"url\":\"https:\\\/\\\/skaitytaknyga.lt\\\/\",\"logo\":{\"@type\":\"ImageObject\",\"inLanguage\":\"en-GB\",\"@id\":\"https:\\\/\\\/skaitytaknyga.lt\\\/#\\\/schema\\\/logo\\\/image\\\/\",\"url\":\"https:\\\/\\\/skaitytaknyga.lt\\\/wp-content\\\/uploads\\\/2024\\\/05\\\/cropped-cropped-cropped-02_00843_jt3bggkj1j3HLc7SyY6rEUpg.jpeg\",\"contentUrl\":\"https:\\\/\\\/skaitytaknyga.lt\\\/wp-content\\\/uploads\\\/2024\\\/05\\\/cropped-cropped-cropped-02_00843_jt3bggkj1j3HLc7SyY6rEUpg.jpeg\",\"width\":1600,\"height\":1600,\"caption\":\"skaitytaknyga.lt\"},\"image\":{\"@id\":\"https:\\\/\\\/skaitytaknyga.lt\\\/#\\\/schema\\\/logo\\\/image\\\/\"},\"sameAs\":[\"https:\\\/\\\/www.facebook.com\\\/skaitytaknyga\\\/\"]}]}<\/script>\n<!-- \/ Yoast SEO plugin. -->","yoast_head_json":{"title":"Kas pa\u0117m\u0117 mano s\u016br\u012f?","description":"\u201eK\u0105 darytum, jei nebijotum?\u201c Viskas b\u016bt\u0173 labai paprasta, jei tik tur\u0117tum Labirinto \u017eem\u0117lap\u012f. Jei viskas tek\u0117t\u0173 sena \u012fprasta vaga. Jei niekas neliest\u0173 tavo","robots":{"index":"index","follow":"follow","max-snippet":"max-snippet:-1","max-image-preview":"max-image-preview:large","max-video-preview":"max-video-preview:-1"},"canonical":"https:\/\/skaitytaknyga.lt\/en\/produktas\/kas-paeme-mano-suri\/","og_locale":"en_GB","og_type":"article","og_title":"[:lt]Kas pa\u0117m\u0117 mano s\u016br\u012f?[:] - Skaitytaknyga","og_description":"\u201eK\u0105 darytum, jei nebijotum?\u201c Viskas b\u016bt\u0173 labai paprasta, jei tik tur\u0117tum Labirinto \u017eem\u0117lap\u012f. Jei viskas tek\u0117t\u0173 sena \u012fprasta vaga. Jei niekas neliest\u0173 tavo","og_url":"https:\/\/skaitytaknyga.lt\/en\/produktas\/kas-paeme-mano-suri\/","og_site_name":"Skaitytaknyga","article_publisher":"https:\/\/www.facebook.com\/skaitytaknyga\/","article_modified_time":"2025-10-15T07:22:32+00:00","og_image":[{"width":541,"height":801,"url":"https:\/\/skaitytaknyga.lt\/wp-content\/uploads\/2025\/07\/Kas-paeme-mano-suri.webp","type":"image\/webp"}],"twitter_card":"summary_large_image","twitter_misc":{"Estimated reading time":"1 minute"},"schema":{"@context":"https:\/\/schema.org","@graph":[{"@type":"WebPage","@id":"https:\/\/skaitytaknyga.lt\/produktas\/kas-paeme-mano-suri\/","url":"https:\/\/skaitytaknyga.lt\/produktas\/kas-paeme-mano-suri\/","name":"Kas pa\u0117m\u0117 mano s\u016br\u012f?","isPartOf":{"@id":"https:\/\/skaitytaknyga.lt\/#website"},"primaryImageOfPage":{"@id":"https:\/\/skaitytaknyga.lt\/produktas\/kas-paeme-mano-suri\/#primaryimage"},"image":{"@id":"https:\/\/skaitytaknyga.lt\/produktas\/kas-paeme-mano-suri\/#primaryimage"},"thumbnailUrl":"https:\/\/skaitytaknyga.lt\/wp-content\/uploads\/2025\/07\/Kas-paeme-mano-suri.webp","datePublished":"2025-07-03T12:09:35+00:00","dateModified":"2025-10-15T07:22:32+00:00","description":"\u201eK\u0105 darytum, jei nebijotum?\u201c Viskas b\u016bt\u0173 labai paprasta, jei tik tur\u0117tum Labirinto \u017eem\u0117lap\u012f. Jei viskas tek\u0117t\u0173 sena \u012fprasta vaga. Jei niekas neliest\u0173 tavo","breadcrumb":{"@id":"https:\/\/skaitytaknyga.lt\/produktas\/kas-paeme-mano-suri\/#breadcrumb"},"inLanguage":"en-GB","potentialAction":[{"@type":"ReadAction","target":["https:\/\/skaitytaknyga.lt\/produktas\/kas-paeme-mano-suri\/"]}]},{"@type":"ImageObject","inLanguage":"en-GB","@id":"https:\/\/skaitytaknyga.lt\/produktas\/kas-paeme-mano-suri\/#primaryimage","url":"https:\/\/skaitytaknyga.lt\/wp-content\/uploads\/2025\/07\/Kas-paeme-mano-suri.webp","contentUrl":"https:\/\/skaitytaknyga.lt\/wp-content\/uploads\/2025\/07\/Kas-paeme-mano-suri.webp","width":541,"height":801,"caption":"Kas pa\u0117m\u0117 mano s\u016br\u012f"},{"@type":"BreadcrumbList","@id":"https:\/\/skaitytaknyga.lt\/produktas\/kas-paeme-mano-suri\/#breadcrumb","itemListElement":[{"@type":"ListItem","position":1,"name":"Home","item":"https:\/\/skaitytaknyga.lt\/"},{"@type":"ListItem","position":2,"name":"Parduotuv\u0117","item":"https:\/\/skaitytaknyga.lt\/knygu-parduotuve\/"},{"@type":"ListItem","position":3,"name":"Kas pa\u0117m\u0117 mano s\u016br\u012f?"}]},{"@type":"WebSite","@id":"https:\/\/skaitytaknyga.lt\/#website","url":"https:\/\/skaitytaknyga.lt\/","name":"skaitytaknyga.lt","description":"Skaitytaknyga.lt \u2013 tai ma\u017eas \u0161eimos verslas, kuris prasid\u0117jo nuo meil\u0117s knygoms ir siekio i\u0161gelb\u0117ti knygas nuo likimo prie konteinerio. Kas vienam nereikalingas daiktas \u2013 kitam lobis, o mes esame tarpininkai, kurie padeda abiems tapti laimingesniems ???? \u017dinome kaip nelengva i\u0161gyventi ma\u017eiems verslams, tad nuo \u0161iol, \u010dia rasite ir kit\u0173, ma\u017e\u0173 \u0161eim\u0173 versl\u0173, rank\u0173 darbo, dovan\u0173 sau ir artimiesiems.","publisher":{"@id":"https:\/\/skaitytaknyga.lt\/#organization"},"potentialAction":[{"@type":"SearchAction","target":{"@type":"EntryPoint","urlTemplate":"https:\/\/skaitytaknyga.lt\/?s={search_term_string}"},"query-input":{"@type":"PropertyValueSpecification","valueRequired":true,"valueName":"search_term_string"}}],"inLanguage":"en-GB"},{"@type":"Organization","@id":"https:\/\/skaitytaknyga.lt\/#organization","name":"skaitytaknyga.lt","url":"https:\/\/skaitytaknyga.lt\/","logo":{"@type":"ImageObject","inLanguage":"en-GB","@id":"https:\/\/skaitytaknyga.lt\/#\/schema\/logo\/image\/","url":"https:\/\/skaitytaknyga.lt\/wp-content\/uploads\/2024\/05\/cropped-cropped-cropped-02_00843_jt3bggkj1j3HLc7SyY6rEUpg.jpeg","contentUrl":"https:\/\/skaitytaknyga.lt\/wp-content\/uploads\/2024\/05\/cropped-cropped-cropped-02_00843_jt3bggkj1j3HLc7SyY6rEUpg.jpeg","width":1600,"height":1600,"caption":"skaitytaknyga.lt"},"image":{"@id":"https:\/\/skaitytaknyga.lt\/#\/schema\/logo\/image\/"},"sameAs":["https:\/\/www.facebook.com\/skaitytaknyga\/"]}]}},"_links":{"self":[{"href":"https:\/\/skaitytaknyga.lt\/en\/wp-json\/wp\/v2\/product\/19269","targetHints":{"allow":["GET"]}}],"collection":[{"href":"https:\/\/skaitytaknyga.lt\/en\/wp-json\/wp\/v2\/product"}],"about":[{"href":"https:\/\/skaitytaknyga.lt\/en\/wp-json\/wp\/v2\/types\/product"}],"replies":[{"embeddable":true,"href":"https:\/\/skaitytaknyga.lt\/en\/wp-json\/wp\/v2\/comments?post=19269"}],"wp:featuredmedia":[{"embeddable":true,"href":"https:\/\/skaitytaknyga.lt\/en\/wp-json\/wp\/v2\/media\/19274"}],"wp:attachment":[{"href":"https:\/\/skaitytaknyga.lt\/en\/wp-json\/wp\/v2\/media?parent=19269"}],"wp:term":[{"taxonomy":"product_brand","embeddable":true,"href":"https:\/\/skaitytaknyga.lt\/en\/wp-json\/wp\/v2\/product_brand?post=19269"},{"taxonomy":"product_cat","embeddable":true,"href":"https:\/\/skaitytaknyga.lt\/en\/wp-json\/wp\/v2\/product_cat?post=19269"},{"taxonomy":"product_tag","embeddable":true,"href":"https:\/\/skaitytaknyga.lt\/en\/wp-json\/wp\/v2\/product_tag?post=19269"}],"curies":[{"name":"wp","href":"https:\/\/api.w.org\/{rel}","templated":true}]}}