{"id":19268,"date":"2025-07-03T15:09:35","date_gmt":"2025-07-03T12:09:35","guid":{"rendered":"https:\/\/skaitytaknyga.lt\/?post_type=product&#038;p=19268"},"modified":"2025-07-08T09:34:11","modified_gmt":"2025-07-08T06:34:11","slug":"grufo-vaikas","status":"publish","type":"product","link":"https:\/\/skaitytaknyga.lt\/en\/produktas\/grufo-vaikas\/","title":{"rendered":"Grufo vaikas"},"content":{"rendered":"<p>Vaikams nuo 3 met\u0173.<\/p>\n<p>Tai humoru ir i\u0161mintimi \u017eavintis skaitytoj\u0173 pam\u0117gto \u201eGrufo&#8221; t\u0119sinys, kur\u012f vaikai pra\u0161ys paskaityti dar kart\u0105!<\/p>\n<p>\u201eGrufas pasak\u0117: \u2013 Kojos neki\u0161ki,<br \/>\nVaike tu mano, \u012f tams\u0173j\u012f mi\u0161k\u0105.&#8221;<\/p>\n<p>Ta\u010diau vien\u0105 audring\u0105 ir v\u0117juot\u0105 nakt\u012f grufo vaikas nepaiso t\u0117\u010dio persp\u0117jimo ir paslap\u010diomis i\u0161tipena \u012f p\u016bg\u0105. Juk did\u017eioji bais\u016bn\u0117 pel\u0117 i\u0161 ties\u0173 neegzistuoja&#8230; Argi ne?<\/p>\n<p>\u201eGrufo vaikas&#8221;:<\/p>\n<p>\u2022 moko gyvenimo sunkumus \u012fveikti i\u0161mintimi ir gudrumu;<br \/>\n\u2022 vaizduoja \u0161iltus vaiko ir t\u0117vo santykius, skatina klausyti t\u0117v\u0173;<br \/>\n\u2022 lavina vaizduot\u0119 ir ple\u010dia \u017eodyn\u0105;<br \/>\n\u2022 juokingos situacijos ugdo humoro jausm\u0105;<br \/>\n\u2022 eiliuotas tekstas lavina ritmo ir rimo poj\u016bt\u012f;<br \/>\n\u2022 ugdo estetin\u012f skon\u012f.<\/p>\n<p>Knyg\u0105 suk\u016br\u0117 m\u0117gstama brit\u0173 ra\u0161ytoja Julia Donaldson su neprilygstamu vokie\u010di\u0173 iliustruotoju Axeliu Scheffleriu, daug met\u0173 dirban\u010diu Jungtin\u0117je Karalyst\u0117je. J\u0173 \u0161maik\u0161tusis \u201eGrufas&#8221; prie\u0161 20 met\u0173 su\u017eav\u0117jo vaikus, knyga yra pelniusi daugyb\u0119 apdovanojim\u0173, i\u0161versta \u012f kone 30 kalb\u0173 ir nuolat perleid\u017eiama. Pagal j\u0105 2009 metais pastatytas animacinis filmas. \u201eGrufo vaikas&#8221; yra pirmosios knygos \u201eGrufas&#8221; t\u0119sinys.<\/p>\n","protected":false},"excerpt":{"rendered":"<p>Vaikams nuo 3 met\u0173. Tai humoru ir i\u0161mintimi \u017eavintis skaitytoj\u0173 pam\u0117gto \u201eGrufo&#8221; t\u0119sinys, kur\u012f vaikai pra\u0161ys paskaityti dar kart\u0105! \u201eGrufas pasak\u0117: \u2013 Kojos neki\u0161ki, Vaike tu mano, \u012f tams\u0173j\u012f mi\u0161k\u0105.&#8221; Ta\u010diau vien\u0105 audring\u0105 ir v\u0117juot\u0105 nakt\u012f grufo vaikas nepaiso t\u0117\u010dio persp\u0117jimo ir paslap\u010diomis i\u0161tipena \u012f p\u016bg\u0105. Juk did\u017eioji bais\u016bn\u0117 pel\u0117 i\u0161 ties\u0173 neegzistuoja&#8230; Argi ne? \u201eGrufo vaikas&#8221;: \u2022 moko gyvenimo sunkumus \u012fveikti i\u0161mintimi ir gudrumu; \u2022 vaizduoja \u0161iltus vaiko ir t\u0117vo santykius, skatina klausyti t\u0117v\u0173; \u2022 lavina vaizduot\u0119 ir ple\u010dia \u017eodyn\u0105; \u2022 juokingos situacijos ugdo humoro jausm\u0105; \u2022 eiliuotas tekstas lavina ritmo ir rimo poj\u016bt\u012f; \u2022 ugdo estetin\u012f skon\u012f. Knyg\u0105 suk\u016br\u0117 m\u0117gstama brit\u0173 ra\u0161ytoja Julia Donaldson su neprilygstamu vokie\u010di\u0173 iliustruotoju Axeliu Scheffleriu, daug met\u0173 dirban\u010diu Jungtin\u0117je Karalyst\u0117je. J\u0173 \u0161maik\u0161tusis \u201eGrufas&#8221; prie\u0161 20 met\u0173 su\u017eav\u0117jo vaikus, knyga yra pelniusi daugyb\u0119 apdovanojim\u0173, i\u0161versta \u012f kone 30 kalb\u0173 ir nuolat perleid\u017eiama. Pagal j\u0105 2009 metais pastatytas animacinis filmas. \u201eGrufo vaikas&#8221; yra pirmosios knygos \u201eGrufas&#8221; t\u0119sinys.<\/p>\n","protected":false},"featured_media":19273,"comment_status":"open","ping_status":"closed","template":"","meta":{"_acf_changed":false,"site-sidebar-layout":"default","site-content-layout":"","ast-site-content-layout":"default","site-content-style":"default","site-sidebar-style":"default","ast-global-header-display":"","ast-banner-title-visibility":"","ast-main-header-display":"","ast-hfb-above-header-display":"","ast-hfb-below-header-display":"","ast-hfb-mobile-header-display":"","site-post-title":"","ast-breadcrumbs-content":"","ast-featured-img":"","footer-sml-layout":"","ast-disable-related-posts":"","theme-transparent-header-meta":"","adv-header-id-meta":"","stick-header-meta":"","header-above-stick-meta":"","header-main-stick-meta":"","header-below-stick-meta":"","astra-migrate-meta-layouts":"default","ast-page-background-enabled":"default","ast-page-background-meta":{"desktop":{"background-color":"","background-image":"","background-repeat":"repeat","background-position":"center center","background-size":"auto","background-attachment":"scroll","background-type":"","background-media":"","overlay-type":"","overlay-color":"","overlay-opacity":"","overlay-gradient":""},"tablet":{"background-color":"","background-image":"","background-repeat":"repeat","background-position":"center center","background-size":"auto","background-attachment":"scroll","background-type":"","background-media":"","overlay-type":"","overlay-color":"","overlay-opacity":"","overlay-gradient":""},"mobile":{"background-color":"","background-image":"","background-repeat":"repeat","background-position":"center center","background-size":"auto","background-attachment":"scroll","background-type":"","background-media":"","overlay-type":"","overlay-color":"","overlay-opacity":"","overlay-gradient":""}},"ast-content-background-meta":{"desktop":{"background-color":"var(--ast-global-color-4)","background-image":"","background-repeat":"repeat","background-position":"center center","background-size":"auto","background-attachment":"scroll","background-type":"","background-media":"","overlay-type":"","overlay-color":"","overlay-opacity":"","overlay-gradient":""},"tablet":{"background-color":"var(--ast-global-color-4)","background-image":"","background-repeat":"repeat","background-position":"center center","background-size":"auto","background-attachment":"scroll","background-type":"","background-media":"","overlay-type":"","overlay-color":"","overlay-opacity":"","overlay-gradient":""},"mobile":{"background-color":"var(--ast-global-color-4)","background-image":"","background-repeat":"repeat","background-position":"center center","background-size":"auto","background-attachment":"scroll","background-type":"","background-media":"","overlay-type":"","overlay-color":"","overlay-opacity":"","overlay-gradient":""}}},"product_brand":[],"product_cat":[15],"product_tag":[],"class_list":{"0":"post-19268","1":"product","2":"type-product","3":"status-publish","4":"has-post-thumbnail","6":"product_cat-uncategorized","7":"desktop-align-left","8":"tablet-align-left","9":"mobile-align-left","11":"first","12":"instock","13":"shipping-taxable","14":"purchasable","15":"product-type-simple"},"acf":[],"yoast_head":"<!-- This site is optimized with the Yoast SEO plugin v27.4 - https:\/\/yoast.com\/product\/yoast-seo-wordpress\/ -->\n<title>Grufo vaikas<\/title>\n<meta name=\"description\" content=\"Vaikams nuo 3 met\u0173. Tai humoru ir i\u0161mintimi \u017eavintis skaitytoj\u0173 pam\u0117gto \u201eGrufo&quot; t\u0119sinys, kur\u012f vaikai pra\u0161ys paskaityti dar kart\u0105! \u201eGrufas pasak\u0117: \u2013 Kojos\" \/>\n<meta name=\"robots\" content=\"index, follow, max-snippet:-1, max-image-preview:large, max-video-preview:-1\" \/>\n<link rel=\"canonical\" href=\"https:\/\/skaitytaknyga.lt\/en\/produktas\/grufo-vaikas\/\" \/>\n<meta property=\"og:locale\" content=\"en_GB\" \/>\n<meta property=\"og:locale:alternate\" content=\"lt_LT\" \/>\n<meta property=\"og:type\" content=\"article\" \/>\n<meta property=\"og:title\" content=\"Grufo vaikas\" \/>\n<meta property=\"og:description\" content=\"Vaikams nuo 3 met\u0173. Tai humoru ir i\u0161mintimi \u017eavintis skaitytoj\u0173 pam\u0117gto \u201eGrufo&quot; t\u0119sinys, kur\u012f vaikai pra\u0161ys paskaityti dar kart\u0105! \u201eGrufas pasak\u0117: \u2013 Kojos\" \/>\n<meta property=\"og:url\" content=\"https:\/\/skaitytaknyga.lt\/en\/produktas\/grufo-vaikas\/\" \/>\n<meta property=\"og:site_name\" content=\"Skaitytaknyga\" \/>\n<meta property=\"article:publisher\" content=\"https:\/\/www.facebook.com\/skaitytaknyga\/\" \/>\n<meta property=\"article:modified_time\" content=\"2025-07-08T06:34:11+00:00\" \/>\n<meta property=\"og:image\" content=\"https:\/\/skaitytaknyga.lt\/wp-content\/uploads\/2025\/07\/Grufo-vaikas.webp\" \/>\n\t<meta property=\"og:image:width\" content=\"481\" \/>\n\t<meta property=\"og:image:height\" content=\"600\" \/>\n\t<meta property=\"og:image:type\" content=\"image\/webp\" \/>\n<meta name=\"twitter:card\" content=\"summary_large_image\" \/>\n<meta name=\"twitter:label1\" content=\"Estimated reading time\" \/>\n\t<meta name=\"twitter:data1\" content=\"1 minute\" \/>\n<script type=\"application\/ld+json\" class=\"yoast-schema-graph\">{\"@context\":\"https:\\\/\\\/schema.org\",\"@graph\":[{\"@type\":\"WebPage\",\"@id\":\"https:\\\/\\\/skaitytaknyga.lt\\\/produktas\\\/grufo-vaikas\\\/\",\"url\":\"https:\\\/\\\/skaitytaknyga.lt\\\/produktas\\\/grufo-vaikas\\\/\",\"name\":\"Grufo vaikas\",\"isPartOf\":{\"@id\":\"https:\\\/\\\/skaitytaknyga.lt\\\/#website\"},\"primaryImageOfPage\":{\"@id\":\"https:\\\/\\\/skaitytaknyga.lt\\\/produktas\\\/grufo-vaikas\\\/#primaryimage\"},\"image\":{\"@id\":\"https:\\\/\\\/skaitytaknyga.lt\\\/produktas\\\/grufo-vaikas\\\/#primaryimage\"},\"thumbnailUrl\":\"https:\\\/\\\/skaitytaknyga.lt\\\/wp-content\\\/uploads\\\/2025\\\/07\\\/Grufo-vaikas.webp\",\"datePublished\":\"2025-07-03T12:09:35+00:00\",\"dateModified\":\"2025-07-08T06:34:11+00:00\",\"description\":\"Vaikams nuo 3 met\u0173. Tai humoru ir i\u0161mintimi \u017eavintis skaitytoj\u0173 pam\u0117gto \u201eGrufo\\\" t\u0119sinys, kur\u012f vaikai pra\u0161ys paskaityti dar kart\u0105! \u201eGrufas pasak\u0117: \u2013 Kojos\",\"breadcrumb\":{\"@id\":\"https:\\\/\\\/skaitytaknyga.lt\\\/produktas\\\/grufo-vaikas\\\/#breadcrumb\"},\"inLanguage\":\"en-GB\",\"potentialAction\":[{\"@type\":\"ReadAction\",\"target\":[\"https:\\\/\\\/skaitytaknyga.lt\\\/produktas\\\/grufo-vaikas\\\/\"]}]},{\"@type\":\"ImageObject\",\"inLanguage\":\"en-GB\",\"@id\":\"https:\\\/\\\/skaitytaknyga.lt\\\/produktas\\\/grufo-vaikas\\\/#primaryimage\",\"url\":\"https:\\\/\\\/skaitytaknyga.lt\\\/wp-content\\\/uploads\\\/2025\\\/07\\\/Grufo-vaikas.webp\",\"contentUrl\":\"https:\\\/\\\/skaitytaknyga.lt\\\/wp-content\\\/uploads\\\/2025\\\/07\\\/Grufo-vaikas.webp\",\"width\":481,\"height\":600,\"caption\":\"Grufo vaikas\"},{\"@type\":\"BreadcrumbList\",\"@id\":\"https:\\\/\\\/skaitytaknyga.lt\\\/produktas\\\/grufo-vaikas\\\/#breadcrumb\",\"itemListElement\":[{\"@type\":\"ListItem\",\"position\":1,\"name\":\"Home\",\"item\":\"https:\\\/\\\/skaitytaknyga.lt\\\/\"},{\"@type\":\"ListItem\",\"position\":2,\"name\":\"Parduotuv\u0117\",\"item\":\"https:\\\/\\\/skaitytaknyga.lt\\\/knygu-parduotuve\\\/\"},{\"@type\":\"ListItem\",\"position\":3,\"name\":\"Grufo vaikas\"}]},{\"@type\":\"WebSite\",\"@id\":\"https:\\\/\\\/skaitytaknyga.lt\\\/#website\",\"url\":\"https:\\\/\\\/skaitytaknyga.lt\\\/\",\"name\":\"skaitytaknyga.lt\",\"description\":\"Skaitytaknyga.lt \u2013 tai ma\u017eas \u0161eimos verslas, kuris prasid\u0117jo nuo meil\u0117s knygoms ir siekio i\u0161gelb\u0117ti knygas nuo likimo prie konteinerio. Kas vienam nereikalingas daiktas \u2013 kitam lobis, o mes esame tarpininkai, kurie padeda abiems tapti laimingesniems ???? \u017dinome kaip nelengva i\u0161gyventi ma\u017eiems verslams, tad nuo \u0161iol, \u010dia rasite ir kit\u0173, ma\u017e\u0173 \u0161eim\u0173 versl\u0173, rank\u0173 darbo, dovan\u0173 sau ir artimiesiems.\",\"publisher\":{\"@id\":\"https:\\\/\\\/skaitytaknyga.lt\\\/#organization\"},\"potentialAction\":[{\"@type\":\"SearchAction\",\"target\":{\"@type\":\"EntryPoint\",\"urlTemplate\":\"https:\\\/\\\/skaitytaknyga.lt\\\/?s={search_term_string}\"},\"query-input\":{\"@type\":\"PropertyValueSpecification\",\"valueRequired\":true,\"valueName\":\"search_term_string\"}}],\"inLanguage\":\"en-GB\"},{\"@type\":\"Organization\",\"@id\":\"https:\\\/\\\/skaitytaknyga.lt\\\/#organization\",\"name\":\"skaitytaknyga.lt\",\"url\":\"https:\\\/\\\/skaitytaknyga.lt\\\/\",\"logo\":{\"@type\":\"ImageObject\",\"inLanguage\":\"en-GB\",\"@id\":\"https:\\\/\\\/skaitytaknyga.lt\\\/#\\\/schema\\\/logo\\\/image\\\/\",\"url\":\"https:\\\/\\\/skaitytaknyga.lt\\\/wp-content\\\/uploads\\\/2024\\\/05\\\/cropped-cropped-cropped-02_00843_jt3bggkj1j3HLc7SyY6rEUpg.jpeg\",\"contentUrl\":\"https:\\\/\\\/skaitytaknyga.lt\\\/wp-content\\\/uploads\\\/2024\\\/05\\\/cropped-cropped-cropped-02_00843_jt3bggkj1j3HLc7SyY6rEUpg.jpeg\",\"width\":1600,\"height\":1600,\"caption\":\"skaitytaknyga.lt\"},\"image\":{\"@id\":\"https:\\\/\\\/skaitytaknyga.lt\\\/#\\\/schema\\\/logo\\\/image\\\/\"},\"sameAs\":[\"https:\\\/\\\/www.facebook.com\\\/skaitytaknyga\\\/\"]}]}<\/script>\n<!-- \/ Yoast SEO plugin. -->","yoast_head_json":{"title":"Grufo vaikas","description":"Vaikams nuo 3 met\u0173. Tai humoru ir i\u0161mintimi \u017eavintis skaitytoj\u0173 pam\u0117gto \u201eGrufo\" t\u0119sinys, kur\u012f vaikai pra\u0161ys paskaityti dar kart\u0105! \u201eGrufas pasak\u0117: \u2013 Kojos","robots":{"index":"index","follow":"follow","max-snippet":"max-snippet:-1","max-image-preview":"max-image-preview:large","max-video-preview":"max-video-preview:-1"},"canonical":"https:\/\/skaitytaknyga.lt\/en\/produktas\/grufo-vaikas\/","og_locale":"en_GB","og_type":"article","og_title":"[:lt]Grufo vaikas[:] - Skaitytaknyga","og_description":"Vaikams nuo 3 met\u0173. Tai humoru ir i\u0161mintimi \u017eavintis skaitytoj\u0173 pam\u0117gto \u201eGrufo\" t\u0119sinys, kur\u012f vaikai pra\u0161ys paskaityti dar kart\u0105! \u201eGrufas pasak\u0117: \u2013 Kojos","og_url":"https:\/\/skaitytaknyga.lt\/en\/produktas\/grufo-vaikas\/","og_site_name":"Skaitytaknyga","article_publisher":"https:\/\/www.facebook.com\/skaitytaknyga\/","article_modified_time":"2025-07-08T06:34:11+00:00","og_image":[{"width":481,"height":600,"url":"https:\/\/skaitytaknyga.lt\/wp-content\/uploads\/2025\/07\/Grufo-vaikas.webp","type":"image\/webp"}],"twitter_card":"summary_large_image","twitter_misc":{"Estimated reading time":"1 minute"},"schema":{"@context":"https:\/\/schema.org","@graph":[{"@type":"WebPage","@id":"https:\/\/skaitytaknyga.lt\/produktas\/grufo-vaikas\/","url":"https:\/\/skaitytaknyga.lt\/produktas\/grufo-vaikas\/","name":"Grufo vaikas","isPartOf":{"@id":"https:\/\/skaitytaknyga.lt\/#website"},"primaryImageOfPage":{"@id":"https:\/\/skaitytaknyga.lt\/produktas\/grufo-vaikas\/#primaryimage"},"image":{"@id":"https:\/\/skaitytaknyga.lt\/produktas\/grufo-vaikas\/#primaryimage"},"thumbnailUrl":"https:\/\/skaitytaknyga.lt\/wp-content\/uploads\/2025\/07\/Grufo-vaikas.webp","datePublished":"2025-07-03T12:09:35+00:00","dateModified":"2025-07-08T06:34:11+00:00","description":"Vaikams nuo 3 met\u0173. Tai humoru ir i\u0161mintimi \u017eavintis skaitytoj\u0173 pam\u0117gto \u201eGrufo\" t\u0119sinys, kur\u012f vaikai pra\u0161ys paskaityti dar kart\u0105! \u201eGrufas pasak\u0117: \u2013 Kojos","breadcrumb":{"@id":"https:\/\/skaitytaknyga.lt\/produktas\/grufo-vaikas\/#breadcrumb"},"inLanguage":"en-GB","potentialAction":[{"@type":"ReadAction","target":["https:\/\/skaitytaknyga.lt\/produktas\/grufo-vaikas\/"]}]},{"@type":"ImageObject","inLanguage":"en-GB","@id":"https:\/\/skaitytaknyga.lt\/produktas\/grufo-vaikas\/#primaryimage","url":"https:\/\/skaitytaknyga.lt\/wp-content\/uploads\/2025\/07\/Grufo-vaikas.webp","contentUrl":"https:\/\/skaitytaknyga.lt\/wp-content\/uploads\/2025\/07\/Grufo-vaikas.webp","width":481,"height":600,"caption":"Grufo vaikas"},{"@type":"BreadcrumbList","@id":"https:\/\/skaitytaknyga.lt\/produktas\/grufo-vaikas\/#breadcrumb","itemListElement":[{"@type":"ListItem","position":1,"name":"Home","item":"https:\/\/skaitytaknyga.lt\/"},{"@type":"ListItem","position":2,"name":"Parduotuv\u0117","item":"https:\/\/skaitytaknyga.lt\/knygu-parduotuve\/"},{"@type":"ListItem","position":3,"name":"Grufo vaikas"}]},{"@type":"WebSite","@id":"https:\/\/skaitytaknyga.lt\/#website","url":"https:\/\/skaitytaknyga.lt\/","name":"skaitytaknyga.lt","description":"Skaitytaknyga.lt \u2013 tai ma\u017eas \u0161eimos verslas, kuris prasid\u0117jo nuo meil\u0117s knygoms ir siekio i\u0161gelb\u0117ti knygas nuo likimo prie konteinerio. Kas vienam nereikalingas daiktas \u2013 kitam lobis, o mes esame tarpininkai, kurie padeda abiems tapti laimingesniems ???? \u017dinome kaip nelengva i\u0161gyventi ma\u017eiems verslams, tad nuo \u0161iol, \u010dia rasite ir kit\u0173, ma\u017e\u0173 \u0161eim\u0173 versl\u0173, rank\u0173 darbo, dovan\u0173 sau ir artimiesiems.","publisher":{"@id":"https:\/\/skaitytaknyga.lt\/#organization"},"potentialAction":[{"@type":"SearchAction","target":{"@type":"EntryPoint","urlTemplate":"https:\/\/skaitytaknyga.lt\/?s={search_term_string}"},"query-input":{"@type":"PropertyValueSpecification","valueRequired":true,"valueName":"search_term_string"}}],"inLanguage":"en-GB"},{"@type":"Organization","@id":"https:\/\/skaitytaknyga.lt\/#organization","name":"skaitytaknyga.lt","url":"https:\/\/skaitytaknyga.lt\/","logo":{"@type":"ImageObject","inLanguage":"en-GB","@id":"https:\/\/skaitytaknyga.lt\/#\/schema\/logo\/image\/","url":"https:\/\/skaitytaknyga.lt\/wp-content\/uploads\/2024\/05\/cropped-cropped-cropped-02_00843_jt3bggkj1j3HLc7SyY6rEUpg.jpeg","contentUrl":"https:\/\/skaitytaknyga.lt\/wp-content\/uploads\/2024\/05\/cropped-cropped-cropped-02_00843_jt3bggkj1j3HLc7SyY6rEUpg.jpeg","width":1600,"height":1600,"caption":"skaitytaknyga.lt"},"image":{"@id":"https:\/\/skaitytaknyga.lt\/#\/schema\/logo\/image\/"},"sameAs":["https:\/\/www.facebook.com\/skaitytaknyga\/"]}]}},"_links":{"self":[{"href":"https:\/\/skaitytaknyga.lt\/en\/wp-json\/wp\/v2\/product\/19268","targetHints":{"allow":["GET"]}}],"collection":[{"href":"https:\/\/skaitytaknyga.lt\/en\/wp-json\/wp\/v2\/product"}],"about":[{"href":"https:\/\/skaitytaknyga.lt\/en\/wp-json\/wp\/v2\/types\/product"}],"replies":[{"embeddable":true,"href":"https:\/\/skaitytaknyga.lt\/en\/wp-json\/wp\/v2\/comments?post=19268"}],"wp:featuredmedia":[{"embeddable":true,"href":"https:\/\/skaitytaknyga.lt\/en\/wp-json\/wp\/v2\/media\/19273"}],"wp:attachment":[{"href":"https:\/\/skaitytaknyga.lt\/en\/wp-json\/wp\/v2\/media?parent=19268"}],"wp:term":[{"taxonomy":"product_brand","embeddable":true,"href":"https:\/\/skaitytaknyga.lt\/en\/wp-json\/wp\/v2\/product_brand?post=19268"},{"taxonomy":"product_cat","embeddable":true,"href":"https:\/\/skaitytaknyga.lt\/en\/wp-json\/wp\/v2\/product_cat?post=19268"},{"taxonomy":"product_tag","embeddable":true,"href":"https:\/\/skaitytaknyga.lt\/en\/wp-json\/wp\/v2\/product_tag?post=19268"}],"curies":[{"name":"wp","href":"https:\/\/api.w.org\/{rel}","templated":true}]}}