{"id":19267,"date":"2025-07-03T15:09:35","date_gmt":"2025-07-03T12:09:35","guid":{"rendered":"https:\/\/skaitytaknyga.lt\/?post_type=product&#038;p=19267"},"modified":"2025-07-08T09:35:52","modified_gmt":"2025-07-08T06:35:52","slug":"skrajok-su-ereliais","status":"publish","type":"product","link":"https:\/\/skaitytaknyga.lt\/en\/produktas\/skrajok-su-ereliais\/","title":{"rendered":"Skrajok su ereliais"},"content":{"rendered":"<p>Ereliai d\u0117l prigimt\u0173 savybi\u0173 jau daugel\u012f met\u0173 laikomi ry\u017eto, j\u0117gos ir laisv\u0117s simboliu. Kaip tvirtina \u0161ios knygos autorius Bilas Njumenas, garsus motyvacijos specialistas, Australijos nacionalin\u0117s premijos laureatas, gimdamas \u017emogus u\u017eprogramuotas siekti pa\u010di\u0173 auk\u0161\u010diausi\u0173 tiksl\u0173, niekada nevengti kovos ir nepasiduoti.<\/p>\n<p>Galb\u016bt b\u0117gant metams \u0161ie j\u016bs\u0173 bruo\u017eai i\u0161bl\u0117so? Jei taip, jums at\u0117jolaikas atsisakyti smulki\u0173 ambicij\u0173. At\u0117jo laikas kaip ereliui i\u0161skleisti sparnus, perskrosti \u016bkanas ir pakilti vir\u0161 debes\u0173!<\/p>\n<p>Savo knygoje \u201eSkrajokit su ereliais\u201c autorius formuluoja vien\u0105 ties\u0105 po kitos, kiekviename skyriuje pateikdamas daugyb\u0119 pamokom\u0173 istorij\u0173. Jeigu j\u016bs i\u0161 ties\u0173 norite ko nors gyvenime pasiekti, \u0161i knyga jums pad\u0117s. J\u016bs sugeb\u0117site \u012fgyvendinti savo did\u017ei\u0105j\u0105 svajon\u0119 ir i\u0161 tikr\u0173j\u0173 \u012fgysite dr\u0105sos skrajoti kartu su ereliais!<\/p>\n<p>Kai Dievas suk\u016br\u0117 \u017emog\u0173, Jis jo paklaus\u0117: KAS TU NORI B\u016aTI?<br \/>\n\u017dmogus tyl\u0117jo, nes atsakymo ne\u017einojo.<br \/>\nTada Dievas pa\u0117m\u0117 \u017emog\u0173 u\u017e rankos ir nusived\u0117 j\u012f prie j\u016bros kranto.<br \/>\nPaskui i\u0161 j\u016bros dugno i\u0161trauk\u0117 kriaukl\u0119, parod\u0117 j\u0105 \u017emogui ir tar\u0117: \u201eGaliu tau pasi\u016blyti KRIAUKL\u0116S GYVENIM\u0104, jeigu tau toks patinka.<br \/>\nTada tu drauge su milijonais kit\u0173 \u017emoni\u0173 gul\u0117si j\u016bros dugne.<br \/>\nValgysi maist\u0105, kur\u012f tau atplukdys srov\u0117s.<br \/>\nVisos tavo dienos bus pana\u0161ios ir tu nepatirsi joki\u0173 nauj\u0173 \u012fsp\u016bd\u017ei\u0173.<br \/>\nBet u\u017etai gyvensi be rizikos ir sukr\u0117tim\u0173.<br \/>\nTu nepa\u017einsi pergal\u0117s d\u017eiaugsmo, bet ir pralaim\u0117jim\u0173 skausmas tav\u0119s niekada nesu\u017eeis.<br \/>\nVis\u0105 am\u017einyb\u0119 pragul\u0117si j\u016bros dugne, kartais atsiversi, tada v\u0117l u\u017esiversi &#8211; tau bus ramu.<br \/>\nPaskui Dievas prid\u016br\u0117: BET YRA IR KITAS PASIRINKIMAS&#8230;<\/p>\n","protected":false},"excerpt":{"rendered":"<p>Ereliai d\u0117l prigimt\u0173 savybi\u0173 jau daugel\u012f met\u0173 laikomi ry\u017eto, j\u0117gos ir laisv\u0117s simboliu. Kaip tvirtina \u0161ios knygos autorius Bilas Njumenas, garsus motyvacijos specialistas, Australijos nacionalin\u0117s premijos laureatas, gimdamas \u017emogus u\u017eprogramuotas siekti pa\u010di\u0173 auk\u0161\u010diausi\u0173 tiksl\u0173, niekada nevengti kovos ir nepasiduoti. Galb\u016bt b\u0117gant metams \u0161ie j\u016bs\u0173 bruo\u017eai i\u0161bl\u0117so? Jei taip, jums at\u0117jolaikas atsisakyti smulki\u0173 ambicij\u0173. At\u0117jo laikas kaip ereliui i\u0161skleisti sparnus, perskrosti \u016bkanas ir pakilti vir\u0161 debes\u0173! Savo knygoje \u201eSkrajokit su ereliais\u201c autorius formuluoja vien\u0105 ties\u0105 po kitos, kiekviename skyriuje pateikdamas daugyb\u0119 pamokom\u0173 istorij\u0173. Jeigu j\u016bs i\u0161 ties\u0173 norite ko nors gyvenime pasiekti, \u0161i knyga jums pad\u0117s. J\u016bs sugeb\u0117site \u012fgyvendinti savo did\u017ei\u0105j\u0105 svajon\u0119 ir i\u0161 tikr\u0173j\u0173 \u012fgysite dr\u0105sos skrajoti kartu su ereliais! Kai Dievas suk\u016br\u0117 \u017emog\u0173, Jis jo paklaus\u0117: KAS TU NORI B\u016aTI? \u017dmogus tyl\u0117jo, nes atsakymo ne\u017einojo. Tada Dievas pa\u0117m\u0117 \u017emog\u0173 u\u017e rankos ir nusived\u0117 j\u012f prie j\u016bros kranto. Paskui i\u0161 j\u016bros dugno i\u0161trauk\u0117 kriaukl\u0119, parod\u0117 j\u0105 \u017emogui ir tar\u0117: \u201eGaliu tau pasi\u016blyti KRIAUKL\u0116S GYVENIM\u0104, jeigu tau toks patinka. Tada tu drauge su milijonais kit\u0173 \u017emoni\u0173 gul\u0117si j\u016bros dugne. Valgysi maist\u0105, kur\u012f tau atplukdys srov\u0117s. Visos tavo dienos bus pana\u0161ios ir tu nepatirsi joki\u0173 nauj\u0173 \u012fsp\u016bd\u017ei\u0173. Bet u\u017etai gyvensi be rizikos ir sukr\u0117tim\u0173. Tu nepa\u017einsi pergal\u0117s d\u017eiaugsmo, bet ir pralaim\u0117jim\u0173 skausmas tav\u0119s niekada nesu\u017eeis. Vis\u0105 am\u017einyb\u0119 pragul\u0117si j\u016bros dugne, kartais atsiversi, tada v\u0117l u\u017esiversi &#8211; tau bus ramu. Paskui Dievas prid\u016br\u0117: BET YRA IR KITAS PASIRINKIMAS&#8230;<\/p>\n","protected":false},"featured_media":19272,"comment_status":"open","ping_status":"closed","template":"","meta":{"_acf_changed":false,"site-sidebar-layout":"default","site-content-layout":"","ast-site-content-layout":"default","site-content-style":"default","site-sidebar-style":"default","ast-global-header-display":"","ast-banner-title-visibility":"","ast-main-header-display":"","ast-hfb-above-header-display":"","ast-hfb-below-header-display":"","ast-hfb-mobile-header-display":"","site-post-title":"","ast-breadcrumbs-content":"","ast-featured-img":"","footer-sml-layout":"","ast-disable-related-posts":"","theme-transparent-header-meta":"","adv-header-id-meta":"","stick-header-meta":"","header-above-stick-meta":"","header-main-stick-meta":"","header-below-stick-meta":"","astra-migrate-meta-layouts":"default","ast-page-background-enabled":"default","ast-page-background-meta":{"desktop":{"background-color":"","background-image":"","background-repeat":"repeat","background-position":"center center","background-size":"auto","background-attachment":"scroll","background-type":"","background-media":"","overlay-type":"","overlay-color":"","overlay-opacity":"","overlay-gradient":""},"tablet":{"background-color":"","background-image":"","background-repeat":"repeat","background-position":"center center","background-size":"auto","background-attachment":"scroll","background-type":"","background-media":"","overlay-type":"","overlay-color":"","overlay-opacity":"","overlay-gradient":""},"mobile":{"background-color":"","background-image":"","background-repeat":"repeat","background-position":"center center","background-size":"auto","background-attachment":"scroll","background-type":"","background-media":"","overlay-type":"","overlay-color":"","overlay-opacity":"","overlay-gradient":""}},"ast-content-background-meta":{"desktop":{"background-color":"var(--ast-global-color-4)","background-image":"","background-repeat":"repeat","background-position":"center center","background-size":"auto","background-attachment":"scroll","background-type":"","background-media":"","overlay-type":"","overlay-color":"","overlay-opacity":"","overlay-gradient":""},"tablet":{"background-color":"var(--ast-global-color-4)","background-image":"","background-repeat":"repeat","background-position":"center center","background-size":"auto","background-attachment":"scroll","background-type":"","background-media":"","overlay-type":"","overlay-color":"","overlay-opacity":"","overlay-gradient":""},"mobile":{"background-color":"var(--ast-global-color-4)","background-image":"","background-repeat":"repeat","background-position":"center center","background-size":"auto","background-attachment":"scroll","background-type":"","background-media":"","overlay-type":"","overlay-color":"","overlay-opacity":"","overlay-gradient":""}}},"product_brand":[],"product_cat":[15],"product_tag":[],"class_list":{"0":"post-19267","1":"product","2":"type-product","3":"status-publish","4":"has-post-thumbnail","6":"product_cat-uncategorized","7":"desktop-align-left","8":"tablet-align-left","9":"mobile-align-left","11":"first","12":"instock","13":"shipping-taxable","14":"purchasable","15":"product-type-simple"},"acf":[],"yoast_head":"<!-- This site is optimized with the Yoast SEO plugin v27.4 - https:\/\/yoast.com\/product\/yoast-seo-wordpress\/ -->\n<title>Skrajok su ereliais<\/title>\n<meta name=\"description\" content=\"Ereliai d\u0117l prigimt\u0173 savybi\u0173 jau daugel\u012f met\u0173 laikomi ry\u017eto, j\u0117gos ir laisv\u0117s simboliu. Kaip tvirtina \u0161ios knygos autorius Bilas Njumenas, garsus\" \/>\n<meta name=\"robots\" content=\"index, follow, max-snippet:-1, max-image-preview:large, max-video-preview:-1\" \/>\n<link rel=\"canonical\" href=\"https:\/\/skaitytaknyga.lt\/en\/produktas\/skrajok-su-ereliais\/\" \/>\n<meta property=\"og:locale\" content=\"en_GB\" \/>\n<meta property=\"og:locale:alternate\" content=\"lt_LT\" \/>\n<meta property=\"og:type\" content=\"article\" \/>\n<meta property=\"og:title\" content=\"Skrajok su ereliais\" \/>\n<meta property=\"og:description\" content=\"Ereliai d\u0117l prigimt\u0173 savybi\u0173 jau daugel\u012f met\u0173 laikomi ry\u017eto, j\u0117gos ir laisv\u0117s simboliu. Kaip tvirtina \u0161ios knygos autorius Bilas Njumenas, garsus\" \/>\n<meta property=\"og:url\" content=\"https:\/\/skaitytaknyga.lt\/en\/produktas\/skrajok-su-ereliais\/\" \/>\n<meta property=\"og:site_name\" content=\"Skaitytaknyga\" \/>\n<meta property=\"article:publisher\" content=\"https:\/\/www.facebook.com\/skaitytaknyga\/\" \/>\n<meta property=\"article:modified_time\" content=\"2025-07-08T06:35:52+00:00\" \/>\n<meta property=\"og:image\" content=\"https:\/\/skaitytaknyga.lt\/wp-content\/uploads\/2025\/07\/Skrajok-su-ereliais-e1751544650330.jpeg\" \/>\n\t<meta property=\"og:image:width\" content=\"345\" \/>\n\t<meta property=\"og:image:height\" content=\"471\" \/>\n\t<meta property=\"og:image:type\" content=\"image\/jpeg\" \/>\n<meta name=\"twitter:card\" content=\"summary_large_image\" \/>\n<meta name=\"twitter:label1\" content=\"Estimated reading time\" \/>\n\t<meta name=\"twitter:data1\" content=\"1 minute\" \/>\n<script type=\"application\/ld+json\" class=\"yoast-schema-graph\">{\"@context\":\"https:\\\/\\\/schema.org\",\"@graph\":[{\"@type\":\"WebPage\",\"@id\":\"https:\\\/\\\/skaitytaknyga.lt\\\/produktas\\\/skrajok-su-ereliais\\\/\",\"url\":\"https:\\\/\\\/skaitytaknyga.lt\\\/produktas\\\/skrajok-su-ereliais\\\/\",\"name\":\"Skrajok su ereliais\",\"isPartOf\":{\"@id\":\"https:\\\/\\\/skaitytaknyga.lt\\\/#website\"},\"primaryImageOfPage\":{\"@id\":\"https:\\\/\\\/skaitytaknyga.lt\\\/produktas\\\/skrajok-su-ereliais\\\/#primaryimage\"},\"image\":{\"@id\":\"https:\\\/\\\/skaitytaknyga.lt\\\/produktas\\\/skrajok-su-ereliais\\\/#primaryimage\"},\"thumbnailUrl\":\"https:\\\/\\\/skaitytaknyga.lt\\\/wp-content\\\/uploads\\\/2025\\\/07\\\/Skrajok-su-ereliais-e1751544650330.jpeg\",\"datePublished\":\"2025-07-03T12:09:35+00:00\",\"dateModified\":\"2025-07-08T06:35:52+00:00\",\"description\":\"Ereliai d\u0117l prigimt\u0173 savybi\u0173 jau daugel\u012f met\u0173 laikomi ry\u017eto, j\u0117gos ir laisv\u0117s simboliu. Kaip tvirtina \u0161ios knygos autorius Bilas Njumenas, garsus\",\"breadcrumb\":{\"@id\":\"https:\\\/\\\/skaitytaknyga.lt\\\/produktas\\\/skrajok-su-ereliais\\\/#breadcrumb\"},\"inLanguage\":\"en-GB\",\"potentialAction\":[{\"@type\":\"ReadAction\",\"target\":[\"https:\\\/\\\/skaitytaknyga.lt\\\/produktas\\\/skrajok-su-ereliais\\\/\"]}]},{\"@type\":\"ImageObject\",\"inLanguage\":\"en-GB\",\"@id\":\"https:\\\/\\\/skaitytaknyga.lt\\\/produktas\\\/skrajok-su-ereliais\\\/#primaryimage\",\"url\":\"https:\\\/\\\/skaitytaknyga.lt\\\/wp-content\\\/uploads\\\/2025\\\/07\\\/Skrajok-su-ereliais-e1751544650330.jpeg\",\"contentUrl\":\"https:\\\/\\\/skaitytaknyga.lt\\\/wp-content\\\/uploads\\\/2025\\\/07\\\/Skrajok-su-ereliais-e1751544650330.jpeg\",\"width\":345,\"height\":471},{\"@type\":\"BreadcrumbList\",\"@id\":\"https:\\\/\\\/skaitytaknyga.lt\\\/produktas\\\/skrajok-su-ereliais\\\/#breadcrumb\",\"itemListElement\":[{\"@type\":\"ListItem\",\"position\":1,\"name\":\"Home\",\"item\":\"https:\\\/\\\/skaitytaknyga.lt\\\/\"},{\"@type\":\"ListItem\",\"position\":2,\"name\":\"Parduotuv\u0117\",\"item\":\"https:\\\/\\\/skaitytaknyga.lt\\\/knygu-parduotuve\\\/\"},{\"@type\":\"ListItem\",\"position\":3,\"name\":\"Skrajok su ereliais\"}]},{\"@type\":\"WebSite\",\"@id\":\"https:\\\/\\\/skaitytaknyga.lt\\\/#website\",\"url\":\"https:\\\/\\\/skaitytaknyga.lt\\\/\",\"name\":\"skaitytaknyga.lt\",\"description\":\"Skaitytaknyga.lt \u2013 tai ma\u017eas \u0161eimos verslas, kuris prasid\u0117jo nuo meil\u0117s knygoms ir siekio i\u0161gelb\u0117ti knygas nuo likimo prie konteinerio. Kas vienam nereikalingas daiktas \u2013 kitam lobis, o mes esame tarpininkai, kurie padeda abiems tapti laimingesniems ???? \u017dinome kaip nelengva i\u0161gyventi ma\u017eiems verslams, tad nuo \u0161iol, \u010dia rasite ir kit\u0173, ma\u017e\u0173 \u0161eim\u0173 versl\u0173, rank\u0173 darbo, dovan\u0173 sau ir artimiesiems.\",\"publisher\":{\"@id\":\"https:\\\/\\\/skaitytaknyga.lt\\\/#organization\"},\"potentialAction\":[{\"@type\":\"SearchAction\",\"target\":{\"@type\":\"EntryPoint\",\"urlTemplate\":\"https:\\\/\\\/skaitytaknyga.lt\\\/?s={search_term_string}\"},\"query-input\":{\"@type\":\"PropertyValueSpecification\",\"valueRequired\":true,\"valueName\":\"search_term_string\"}}],\"inLanguage\":\"en-GB\"},{\"@type\":\"Organization\",\"@id\":\"https:\\\/\\\/skaitytaknyga.lt\\\/#organization\",\"name\":\"skaitytaknyga.lt\",\"url\":\"https:\\\/\\\/skaitytaknyga.lt\\\/\",\"logo\":{\"@type\":\"ImageObject\",\"inLanguage\":\"en-GB\",\"@id\":\"https:\\\/\\\/skaitytaknyga.lt\\\/#\\\/schema\\\/logo\\\/image\\\/\",\"url\":\"https:\\\/\\\/skaitytaknyga.lt\\\/wp-content\\\/uploads\\\/2024\\\/05\\\/cropped-cropped-cropped-02_00843_jt3bggkj1j3HLc7SyY6rEUpg.jpeg\",\"contentUrl\":\"https:\\\/\\\/skaitytaknyga.lt\\\/wp-content\\\/uploads\\\/2024\\\/05\\\/cropped-cropped-cropped-02_00843_jt3bggkj1j3HLc7SyY6rEUpg.jpeg\",\"width\":1600,\"height\":1600,\"caption\":\"skaitytaknyga.lt\"},\"image\":{\"@id\":\"https:\\\/\\\/skaitytaknyga.lt\\\/#\\\/schema\\\/logo\\\/image\\\/\"},\"sameAs\":[\"https:\\\/\\\/www.facebook.com\\\/skaitytaknyga\\\/\"]}]}<\/script>\n<!-- \/ Yoast SEO plugin. -->","yoast_head_json":{"title":"Skrajok su ereliais","description":"Ereliai d\u0117l prigimt\u0173 savybi\u0173 jau daugel\u012f met\u0173 laikomi ry\u017eto, j\u0117gos ir laisv\u0117s simboliu. Kaip tvirtina \u0161ios knygos autorius Bilas Njumenas, garsus","robots":{"index":"index","follow":"follow","max-snippet":"max-snippet:-1","max-image-preview":"max-image-preview:large","max-video-preview":"max-video-preview:-1"},"canonical":"https:\/\/skaitytaknyga.lt\/en\/produktas\/skrajok-su-ereliais\/","og_locale":"en_GB","og_type":"article","og_title":"[:lt]Skrajok su ereliais[:] - Skaitytaknyga","og_description":"Ereliai d\u0117l prigimt\u0173 savybi\u0173 jau daugel\u012f met\u0173 laikomi ry\u017eto, j\u0117gos ir laisv\u0117s simboliu. Kaip tvirtina \u0161ios knygos autorius Bilas Njumenas, garsus","og_url":"https:\/\/skaitytaknyga.lt\/en\/produktas\/skrajok-su-ereliais\/","og_site_name":"Skaitytaknyga","article_publisher":"https:\/\/www.facebook.com\/skaitytaknyga\/","article_modified_time":"2025-07-08T06:35:52+00:00","og_image":[{"width":345,"height":471,"url":"https:\/\/skaitytaknyga.lt\/wp-content\/uploads\/2025\/07\/Skrajok-su-ereliais-e1751544650330.jpeg","type":"image\/jpeg"}],"twitter_card":"summary_large_image","twitter_misc":{"Estimated reading time":"1 minute"},"schema":{"@context":"https:\/\/schema.org","@graph":[{"@type":"WebPage","@id":"https:\/\/skaitytaknyga.lt\/produktas\/skrajok-su-ereliais\/","url":"https:\/\/skaitytaknyga.lt\/produktas\/skrajok-su-ereliais\/","name":"Skrajok su ereliais","isPartOf":{"@id":"https:\/\/skaitytaknyga.lt\/#website"},"primaryImageOfPage":{"@id":"https:\/\/skaitytaknyga.lt\/produktas\/skrajok-su-ereliais\/#primaryimage"},"image":{"@id":"https:\/\/skaitytaknyga.lt\/produktas\/skrajok-su-ereliais\/#primaryimage"},"thumbnailUrl":"https:\/\/skaitytaknyga.lt\/wp-content\/uploads\/2025\/07\/Skrajok-su-ereliais-e1751544650330.jpeg","datePublished":"2025-07-03T12:09:35+00:00","dateModified":"2025-07-08T06:35:52+00:00","description":"Ereliai d\u0117l prigimt\u0173 savybi\u0173 jau daugel\u012f met\u0173 laikomi ry\u017eto, j\u0117gos ir laisv\u0117s simboliu. Kaip tvirtina \u0161ios knygos autorius Bilas Njumenas, garsus","breadcrumb":{"@id":"https:\/\/skaitytaknyga.lt\/produktas\/skrajok-su-ereliais\/#breadcrumb"},"inLanguage":"en-GB","potentialAction":[{"@type":"ReadAction","target":["https:\/\/skaitytaknyga.lt\/produktas\/skrajok-su-ereliais\/"]}]},{"@type":"ImageObject","inLanguage":"en-GB","@id":"https:\/\/skaitytaknyga.lt\/produktas\/skrajok-su-ereliais\/#primaryimage","url":"https:\/\/skaitytaknyga.lt\/wp-content\/uploads\/2025\/07\/Skrajok-su-ereliais-e1751544650330.jpeg","contentUrl":"https:\/\/skaitytaknyga.lt\/wp-content\/uploads\/2025\/07\/Skrajok-su-ereliais-e1751544650330.jpeg","width":345,"height":471},{"@type":"BreadcrumbList","@id":"https:\/\/skaitytaknyga.lt\/produktas\/skrajok-su-ereliais\/#breadcrumb","itemListElement":[{"@type":"ListItem","position":1,"name":"Home","item":"https:\/\/skaitytaknyga.lt\/"},{"@type":"ListItem","position":2,"name":"Parduotuv\u0117","item":"https:\/\/skaitytaknyga.lt\/knygu-parduotuve\/"},{"@type":"ListItem","position":3,"name":"Skrajok su ereliais"}]},{"@type":"WebSite","@id":"https:\/\/skaitytaknyga.lt\/#website","url":"https:\/\/skaitytaknyga.lt\/","name":"skaitytaknyga.lt","description":"Skaitytaknyga.lt \u2013 tai ma\u017eas \u0161eimos verslas, kuris prasid\u0117jo nuo meil\u0117s knygoms ir siekio i\u0161gelb\u0117ti knygas nuo likimo prie konteinerio. Kas vienam nereikalingas daiktas \u2013 kitam lobis, o mes esame tarpininkai, kurie padeda abiems tapti laimingesniems ???? \u017dinome kaip nelengva i\u0161gyventi ma\u017eiems verslams, tad nuo \u0161iol, \u010dia rasite ir kit\u0173, ma\u017e\u0173 \u0161eim\u0173 versl\u0173, rank\u0173 darbo, dovan\u0173 sau ir artimiesiems.","publisher":{"@id":"https:\/\/skaitytaknyga.lt\/#organization"},"potentialAction":[{"@type":"SearchAction","target":{"@type":"EntryPoint","urlTemplate":"https:\/\/skaitytaknyga.lt\/?s={search_term_string}"},"query-input":{"@type":"PropertyValueSpecification","valueRequired":true,"valueName":"search_term_string"}}],"inLanguage":"en-GB"},{"@type":"Organization","@id":"https:\/\/skaitytaknyga.lt\/#organization","name":"skaitytaknyga.lt","url":"https:\/\/skaitytaknyga.lt\/","logo":{"@type":"ImageObject","inLanguage":"en-GB","@id":"https:\/\/skaitytaknyga.lt\/#\/schema\/logo\/image\/","url":"https:\/\/skaitytaknyga.lt\/wp-content\/uploads\/2024\/05\/cropped-cropped-cropped-02_00843_jt3bggkj1j3HLc7SyY6rEUpg.jpeg","contentUrl":"https:\/\/skaitytaknyga.lt\/wp-content\/uploads\/2024\/05\/cropped-cropped-cropped-02_00843_jt3bggkj1j3HLc7SyY6rEUpg.jpeg","width":1600,"height":1600,"caption":"skaitytaknyga.lt"},"image":{"@id":"https:\/\/skaitytaknyga.lt\/#\/schema\/logo\/image\/"},"sameAs":["https:\/\/www.facebook.com\/skaitytaknyga\/"]}]}},"_links":{"self":[{"href":"https:\/\/skaitytaknyga.lt\/en\/wp-json\/wp\/v2\/product\/19267","targetHints":{"allow":["GET"]}}],"collection":[{"href":"https:\/\/skaitytaknyga.lt\/en\/wp-json\/wp\/v2\/product"}],"about":[{"href":"https:\/\/skaitytaknyga.lt\/en\/wp-json\/wp\/v2\/types\/product"}],"replies":[{"embeddable":true,"href":"https:\/\/skaitytaknyga.lt\/en\/wp-json\/wp\/v2\/comments?post=19267"}],"wp:featuredmedia":[{"embeddable":true,"href":"https:\/\/skaitytaknyga.lt\/en\/wp-json\/wp\/v2\/media\/19272"}],"wp:attachment":[{"href":"https:\/\/skaitytaknyga.lt\/en\/wp-json\/wp\/v2\/media?parent=19267"}],"wp:term":[{"taxonomy":"product_brand","embeddable":true,"href":"https:\/\/skaitytaknyga.lt\/en\/wp-json\/wp\/v2\/product_brand?post=19267"},{"taxonomy":"product_cat","embeddable":true,"href":"https:\/\/skaitytaknyga.lt\/en\/wp-json\/wp\/v2\/product_cat?post=19267"},{"taxonomy":"product_tag","embeddable":true,"href":"https:\/\/skaitytaknyga.lt\/en\/wp-json\/wp\/v2\/product_tag?post=19267"}],"curies":[{"name":"wp","href":"https:\/\/api.w.org\/{rel}","templated":true}]}}