{"id":19257,"date":"2025-07-03T14:33:21","date_gmt":"2025-07-03T11:33:21","guid":{"rendered":"https:\/\/skaitytaknyga.lt\/?post_type=product&#038;p=19257"},"modified":"2026-03-11T14:22:50","modified_gmt":"2026-03-11T12:22:50","slug":"po-pono-ir-tarno","status":"publish","type":"product","link":"https:\/\/skaitytaknyga.lt\/en\/produktas\/po-pono-ir-tarno\/","title":{"rendered":"Po pono ir tarno"},"content":{"rendered":"<p>Filosofas, Vytauto Did\u017eiojo universiteto profesorius Gintautas Ma\u017eeikis knygoje \u201ePo pono ir tarno\u201d dialekti\u0161kai tiria simbolinius pono ir tarno santykius, kuriuos \u0161iandienos visuomen\u0117je \u012fk\u016bnija lyderyst\u0117s ir savanoryst\u0117s id\u0117jos.<\/p>\n<p>Autorius teigia, kad \u0161iandien masi\u0161kai paplitusi lyderyst\u0117s mada t\u0119sia pono statuso i\u0161aikymo tradicij\u0105, o savanoryst\u0117s id\u0117ja kyla i\u0161 seno tarnyst\u0117s ponui rei\u0161kinio. Savanoriai patys i\u0161siugdo nesavaranki\u0161k\u0105 prot\u0105, i\u0161moksta suvar\u017eyti m\u0105stym\u0105 ir taip pagrind\u017eia priklausomyb\u0119 nuo korporacij\u0173 bei susvetim\u0117jusi\u0173 valdymo sistem\u0173, o lyderiai tampa svarbiais pavyzd\u017eiais, kaip turi elgtis nesavaranki\u0161kas protas.<\/p>\n<p>Pasiremdamas T. Adorno negatyviosios dialektikos principais, J. Baudrillardo, G. Deleuze visuomen\u0117s kritika, ap\u0161vietos ir mito, instituci\u0161kai toleruojam\u0173 samprotavim\u0173 ir laisviausi\u0173 fantazij\u0173, racionalaus sprendimo ir fantazmo dialektika, G. Ma\u017eeikis \u012ftaigiai parodo, kad b\u016btent lyderio ir savanorio, t.y. pono ir tarno, santykiai postmodernioje visuomen\u0117je \u012ftvirtina nelygiavert\u0119 galios strukt\u016br\u0105 ir \u012fteisina silpnesni\u0173j\u0173 priklausomyb\u0119.<\/p>\n<p>\u0160i\u0105 priklausomyb\u0119 didina ne tik neoliberali lyderyst\u0117s bei savanoryst\u0117s ideologija, bet ir jai pajungtas \u0161vietimas bei k\u016brybin\u0117s industrijos, s\u0117kmingai asistuojan\u010dios propagandai ir socialinei in\u017einerijai.<\/p>\n","protected":false},"excerpt":{"rendered":"<p>Filosofas, Vytauto Did\u017eiojo universiteto profesorius Gintautas Ma\u017eeikis knygoje \u201ePo pono ir tarno\u201d dialekti\u0161kai tiria simbolinius pono ir tarno santykius, kuriuos \u0161iandienos visuomen\u0117je \u012fk\u016bnija lyderyst\u0117s ir savanoryst\u0117s id\u0117jos. Autorius teigia, kad \u0161iandien masi\u0161kai paplitusi lyderyst\u0117s mada t\u0119sia pono statuso i\u0161aikymo tradicij\u0105, o savanoryst\u0117s id\u0117ja kyla i\u0161 seno tarnyst\u0117s ponui rei\u0161kinio. Savanoriai patys i\u0161siugdo nesavaranki\u0161k\u0105 prot\u0105, i\u0161moksta suvar\u017eyti m\u0105stym\u0105 ir taip pagrind\u017eia priklausomyb\u0119 nuo korporacij\u0173 bei susvetim\u0117jusi\u0173 valdymo sistem\u0173, o lyderiai tampa svarbiais pavyzd\u017eiais, kaip turi elgtis nesavaranki\u0161kas protas. Pasiremdamas T. Adorno negatyviosios dialektikos principais, J. Baudrillardo, G. Deleuze visuomen\u0117s kritika, ap\u0161vietos ir mito, instituci\u0161kai toleruojam\u0173 samprotavim\u0173 ir laisviausi\u0173 fantazij\u0173, racionalaus sprendimo ir fantazmo dialektika, G. Ma\u017eeikis \u012ftaigiai parodo, kad b\u016btent lyderio ir savanorio, t.y. pono ir tarno, santykiai postmodernioje visuomen\u0117je \u012ftvirtina nelygiavert\u0119 galios strukt\u016br\u0105 ir \u012fteisina silpnesni\u0173j\u0173 priklausomyb\u0119. \u0160i\u0105 priklausomyb\u0119 didina ne tik neoliberali lyderyst\u0117s bei savanoryst\u0117s ideologija, bet ir jai pajungtas \u0161vietimas bei k\u016brybin\u0117s industrijos, s\u0117kmingai asistuojan\u010dios propagandai ir socialinei in\u017einerijai.<\/p>\n","protected":false},"featured_media":19259,"comment_status":"open","ping_status":"closed","template":"","meta":{"_acf_changed":false,"site-sidebar-layout":"default","site-content-layout":"","ast-site-content-layout":"default","site-content-style":"default","site-sidebar-style":"default","ast-global-header-display":"","ast-banner-title-visibility":"","ast-main-header-display":"","ast-hfb-above-header-display":"","ast-hfb-below-header-display":"","ast-hfb-mobile-header-display":"","site-post-title":"","ast-breadcrumbs-content":"","ast-featured-img":"","footer-sml-layout":"","ast-disable-related-posts":"","theme-transparent-header-meta":"","adv-header-id-meta":"","stick-header-meta":"","header-above-stick-meta":"","header-main-stick-meta":"","header-below-stick-meta":"","astra-migrate-meta-layouts":"default","ast-page-background-enabled":"default","ast-page-background-meta":{"desktop":{"background-color":"","background-image":"","background-repeat":"repeat","background-position":"center center","background-size":"auto","background-attachment":"scroll","background-type":"","background-media":"","overlay-type":"","overlay-color":"","overlay-opacity":"","overlay-gradient":""},"tablet":{"background-color":"","background-image":"","background-repeat":"repeat","background-position":"center center","background-size":"auto","background-attachment":"scroll","background-type":"","background-media":"","overlay-type":"","overlay-color":"","overlay-opacity":"","overlay-gradient":""},"mobile":{"background-color":"","background-image":"","background-repeat":"repeat","background-position":"center center","background-size":"auto","background-attachment":"scroll","background-type":"","background-media":"","overlay-type":"","overlay-color":"","overlay-opacity":"","overlay-gradient":""}},"ast-content-background-meta":{"desktop":{"background-color":"var(--ast-global-color-4)","background-image":"","background-repeat":"repeat","background-position":"center center","background-size":"auto","background-attachment":"scroll","background-type":"","background-media":"","overlay-type":"","overlay-color":"","overlay-opacity":"","overlay-gradient":""},"tablet":{"background-color":"var(--ast-global-color-4)","background-image":"","background-repeat":"repeat","background-position":"center center","background-size":"auto","background-attachment":"scroll","background-type":"","background-media":"","overlay-type":"","overlay-color":"","overlay-opacity":"","overlay-gradient":""},"mobile":{"background-color":"var(--ast-global-color-4)","background-image":"","background-repeat":"repeat","background-position":"center center","background-size":"auto","background-attachment":"scroll","background-type":"","background-media":"","overlay-type":"","overlay-color":"","overlay-opacity":"","overlay-gradient":""}}},"product_brand":[],"product_cat":[165],"product_tag":[],"class_list":{"0":"post-19257","1":"product","2":"type-product","3":"status-publish","4":"has-post-thumbnail","6":"product_cat-religija-filosofija-ir-ezoterika","7":"desktop-align-left","8":"tablet-align-left","9":"mobile-align-left","11":"first","12":"outofstock","13":"shipping-taxable","14":"purchasable","15":"product-type-simple"},"acf":[],"yoast_head":"<!-- This site is optimized with the Yoast SEO plugin v27.4 - https:\/\/yoast.com\/product\/yoast-seo-wordpress\/ -->\n<title>Po pono ir tarno<\/title>\n<meta name=\"description\" content=\"Filosofas, Vytauto Did\u017eiojo universiteto profesorius Gintautas Ma\u017eeikis knygoje \u201ePo pono ir tarno\u201d dialekti\u0161kai tiria simbolinius pono ir tarno santykius,\" \/>\n<meta name=\"robots\" content=\"index, follow, max-snippet:-1, max-image-preview:large, max-video-preview:-1\" \/>\n<link rel=\"canonical\" href=\"https:\/\/skaitytaknyga.lt\/en\/produktas\/po-pono-ir-tarno\/\" \/>\n<meta property=\"og:locale\" content=\"en_GB\" \/>\n<meta property=\"og:locale:alternate\" content=\"lt_LT\" \/>\n<meta property=\"og:type\" content=\"article\" \/>\n<meta property=\"og:title\" content=\"Po pono ir tarno\" \/>\n<meta property=\"og:description\" content=\"Filosofas, Vytauto Did\u017eiojo universiteto profesorius Gintautas Ma\u017eeikis knygoje \u201ePo pono ir tarno\u201d dialekti\u0161kai tiria simbolinius pono ir tarno santykius,\" \/>\n<meta property=\"og:url\" content=\"https:\/\/skaitytaknyga.lt\/en\/produktas\/po-pono-ir-tarno\/\" \/>\n<meta property=\"og:site_name\" content=\"Skaitytaknyga\" \/>\n<meta property=\"article:publisher\" content=\"https:\/\/www.facebook.com\/skaitytaknyga\/\" \/>\n<meta property=\"article:modified_time\" content=\"2026-03-11T12:22:50+00:00\" \/>\n<meta property=\"og:image\" content=\"https:\/\/skaitytaknyga.lt\/wp-content\/uploads\/2025\/07\/Po-pono-ir-tarno.webp\" \/>\n\t<meta property=\"og:image:width\" content=\"542\" \/>\n\t<meta property=\"og:image:height\" content=\"801\" \/>\n\t<meta property=\"og:image:type\" content=\"image\/webp\" \/>\n<meta name=\"twitter:card\" content=\"summary_large_image\" \/>\n<meta name=\"twitter:label1\" content=\"Estimated reading time\" \/>\n\t<meta name=\"twitter:data1\" content=\"1 minute\" \/>\n<script type=\"application\/ld+json\" class=\"yoast-schema-graph\">{\"@context\":\"https:\\\/\\\/schema.org\",\"@graph\":[{\"@type\":\"WebPage\",\"@id\":\"https:\\\/\\\/skaitytaknyga.lt\\\/produktas\\\/po-pono-ir-tarno\\\/\",\"url\":\"https:\\\/\\\/skaitytaknyga.lt\\\/produktas\\\/po-pono-ir-tarno\\\/\",\"name\":\"Po pono ir tarno\",\"isPartOf\":{\"@id\":\"https:\\\/\\\/skaitytaknyga.lt\\\/#website\"},\"primaryImageOfPage\":{\"@id\":\"https:\\\/\\\/skaitytaknyga.lt\\\/produktas\\\/po-pono-ir-tarno\\\/#primaryimage\"},\"image\":{\"@id\":\"https:\\\/\\\/skaitytaknyga.lt\\\/produktas\\\/po-pono-ir-tarno\\\/#primaryimage\"},\"thumbnailUrl\":\"https:\\\/\\\/skaitytaknyga.lt\\\/wp-content\\\/uploads\\\/2025\\\/07\\\/Po-pono-ir-tarno.webp\",\"datePublished\":\"2025-07-03T11:33:21+00:00\",\"dateModified\":\"2026-03-11T12:22:50+00:00\",\"description\":\"Filosofas, Vytauto Did\u017eiojo universiteto profesorius Gintautas Ma\u017eeikis knygoje \u201ePo pono ir tarno\u201d dialekti\u0161kai tiria simbolinius pono ir tarno santykius,\",\"breadcrumb\":{\"@id\":\"https:\\\/\\\/skaitytaknyga.lt\\\/produktas\\\/po-pono-ir-tarno\\\/#breadcrumb\"},\"inLanguage\":\"en-GB\",\"potentialAction\":[{\"@type\":\"ReadAction\",\"target\":[\"https:\\\/\\\/skaitytaknyga.lt\\\/produktas\\\/po-pono-ir-tarno\\\/\"]}]},{\"@type\":\"ImageObject\",\"inLanguage\":\"en-GB\",\"@id\":\"https:\\\/\\\/skaitytaknyga.lt\\\/produktas\\\/po-pono-ir-tarno\\\/#primaryimage\",\"url\":\"https:\\\/\\\/skaitytaknyga.lt\\\/wp-content\\\/uploads\\\/2025\\\/07\\\/Po-pono-ir-tarno.webp\",\"contentUrl\":\"https:\\\/\\\/skaitytaknyga.lt\\\/wp-content\\\/uploads\\\/2025\\\/07\\\/Po-pono-ir-tarno.webp\",\"width\":542,\"height\":801},{\"@type\":\"BreadcrumbList\",\"@id\":\"https:\\\/\\\/skaitytaknyga.lt\\\/produktas\\\/po-pono-ir-tarno\\\/#breadcrumb\",\"itemListElement\":[{\"@type\":\"ListItem\",\"position\":1,\"name\":\"Home\",\"item\":\"https:\\\/\\\/skaitytaknyga.lt\\\/\"},{\"@type\":\"ListItem\",\"position\":2,\"name\":\"Parduotuv\u0117\",\"item\":\"https:\\\/\\\/skaitytaknyga.lt\\\/knygu-parduotuve\\\/\"},{\"@type\":\"ListItem\",\"position\":3,\"name\":\"Po pono ir tarno\"}]},{\"@type\":\"WebSite\",\"@id\":\"https:\\\/\\\/skaitytaknyga.lt\\\/#website\",\"url\":\"https:\\\/\\\/skaitytaknyga.lt\\\/\",\"name\":\"skaitytaknyga.lt\",\"description\":\"Skaitytaknyga.lt \u2013 tai ma\u017eas \u0161eimos verslas, kuris prasid\u0117jo nuo meil\u0117s knygoms ir siekio i\u0161gelb\u0117ti knygas nuo likimo prie konteinerio. Kas vienam nereikalingas daiktas \u2013 kitam lobis, o mes esame tarpininkai, kurie padeda abiems tapti laimingesniems ???? \u017dinome kaip nelengva i\u0161gyventi ma\u017eiems verslams, tad nuo \u0161iol, \u010dia rasite ir kit\u0173, ma\u017e\u0173 \u0161eim\u0173 versl\u0173, rank\u0173 darbo, dovan\u0173 sau ir artimiesiems.\",\"publisher\":{\"@id\":\"https:\\\/\\\/skaitytaknyga.lt\\\/#organization\"},\"potentialAction\":[{\"@type\":\"SearchAction\",\"target\":{\"@type\":\"EntryPoint\",\"urlTemplate\":\"https:\\\/\\\/skaitytaknyga.lt\\\/?s={search_term_string}\"},\"query-input\":{\"@type\":\"PropertyValueSpecification\",\"valueRequired\":true,\"valueName\":\"search_term_string\"}}],\"inLanguage\":\"en-GB\"},{\"@type\":\"Organization\",\"@id\":\"https:\\\/\\\/skaitytaknyga.lt\\\/#organization\",\"name\":\"skaitytaknyga.lt\",\"url\":\"https:\\\/\\\/skaitytaknyga.lt\\\/\",\"logo\":{\"@type\":\"ImageObject\",\"inLanguage\":\"en-GB\",\"@id\":\"https:\\\/\\\/skaitytaknyga.lt\\\/#\\\/schema\\\/logo\\\/image\\\/\",\"url\":\"https:\\\/\\\/skaitytaknyga.lt\\\/wp-content\\\/uploads\\\/2024\\\/05\\\/cropped-cropped-cropped-02_00843_jt3bggkj1j3HLc7SyY6rEUpg.jpeg\",\"contentUrl\":\"https:\\\/\\\/skaitytaknyga.lt\\\/wp-content\\\/uploads\\\/2024\\\/05\\\/cropped-cropped-cropped-02_00843_jt3bggkj1j3HLc7SyY6rEUpg.jpeg\",\"width\":1600,\"height\":1600,\"caption\":\"skaitytaknyga.lt\"},\"image\":{\"@id\":\"https:\\\/\\\/skaitytaknyga.lt\\\/#\\\/schema\\\/logo\\\/image\\\/\"},\"sameAs\":[\"https:\\\/\\\/www.facebook.com\\\/skaitytaknyga\\\/\"]}]}<\/script>\n<!-- \/ Yoast SEO plugin. -->","yoast_head_json":{"title":"Po pono ir tarno","description":"Filosofas, Vytauto Did\u017eiojo universiteto profesorius Gintautas Ma\u017eeikis knygoje \u201ePo pono ir tarno\u201d dialekti\u0161kai tiria simbolinius pono ir tarno santykius,","robots":{"index":"index","follow":"follow","max-snippet":"max-snippet:-1","max-image-preview":"max-image-preview:large","max-video-preview":"max-video-preview:-1"},"canonical":"https:\/\/skaitytaknyga.lt\/en\/produktas\/po-pono-ir-tarno\/","og_locale":"en_GB","og_type":"article","og_title":"[:lt]Po pono ir tarno[:] - Skaitytaknyga","og_description":"Filosofas, Vytauto Did\u017eiojo universiteto profesorius Gintautas Ma\u017eeikis knygoje \u201ePo pono ir tarno\u201d dialekti\u0161kai tiria simbolinius pono ir tarno santykius,","og_url":"https:\/\/skaitytaknyga.lt\/en\/produktas\/po-pono-ir-tarno\/","og_site_name":"Skaitytaknyga","article_publisher":"https:\/\/www.facebook.com\/skaitytaknyga\/","article_modified_time":"2026-03-11T12:22:50+00:00","og_image":[{"width":542,"height":801,"url":"https:\/\/skaitytaknyga.lt\/wp-content\/uploads\/2025\/07\/Po-pono-ir-tarno.webp","type":"image\/webp"}],"twitter_card":"summary_large_image","twitter_misc":{"Estimated reading time":"1 minute"},"schema":{"@context":"https:\/\/schema.org","@graph":[{"@type":"WebPage","@id":"https:\/\/skaitytaknyga.lt\/produktas\/po-pono-ir-tarno\/","url":"https:\/\/skaitytaknyga.lt\/produktas\/po-pono-ir-tarno\/","name":"Po pono ir tarno","isPartOf":{"@id":"https:\/\/skaitytaknyga.lt\/#website"},"primaryImageOfPage":{"@id":"https:\/\/skaitytaknyga.lt\/produktas\/po-pono-ir-tarno\/#primaryimage"},"image":{"@id":"https:\/\/skaitytaknyga.lt\/produktas\/po-pono-ir-tarno\/#primaryimage"},"thumbnailUrl":"https:\/\/skaitytaknyga.lt\/wp-content\/uploads\/2025\/07\/Po-pono-ir-tarno.webp","datePublished":"2025-07-03T11:33:21+00:00","dateModified":"2026-03-11T12:22:50+00:00","description":"Filosofas, Vytauto Did\u017eiojo universiteto profesorius Gintautas Ma\u017eeikis knygoje \u201ePo pono ir tarno\u201d dialekti\u0161kai tiria simbolinius pono ir tarno santykius,","breadcrumb":{"@id":"https:\/\/skaitytaknyga.lt\/produktas\/po-pono-ir-tarno\/#breadcrumb"},"inLanguage":"en-GB","potentialAction":[{"@type":"ReadAction","target":["https:\/\/skaitytaknyga.lt\/produktas\/po-pono-ir-tarno\/"]}]},{"@type":"ImageObject","inLanguage":"en-GB","@id":"https:\/\/skaitytaknyga.lt\/produktas\/po-pono-ir-tarno\/#primaryimage","url":"https:\/\/skaitytaknyga.lt\/wp-content\/uploads\/2025\/07\/Po-pono-ir-tarno.webp","contentUrl":"https:\/\/skaitytaknyga.lt\/wp-content\/uploads\/2025\/07\/Po-pono-ir-tarno.webp","width":542,"height":801},{"@type":"BreadcrumbList","@id":"https:\/\/skaitytaknyga.lt\/produktas\/po-pono-ir-tarno\/#breadcrumb","itemListElement":[{"@type":"ListItem","position":1,"name":"Home","item":"https:\/\/skaitytaknyga.lt\/"},{"@type":"ListItem","position":2,"name":"Parduotuv\u0117","item":"https:\/\/skaitytaknyga.lt\/knygu-parduotuve\/"},{"@type":"ListItem","position":3,"name":"Po pono ir tarno"}]},{"@type":"WebSite","@id":"https:\/\/skaitytaknyga.lt\/#website","url":"https:\/\/skaitytaknyga.lt\/","name":"skaitytaknyga.lt","description":"Skaitytaknyga.lt \u2013 tai ma\u017eas \u0161eimos verslas, kuris prasid\u0117jo nuo meil\u0117s knygoms ir siekio i\u0161gelb\u0117ti knygas nuo likimo prie konteinerio. Kas vienam nereikalingas daiktas \u2013 kitam lobis, o mes esame tarpininkai, kurie padeda abiems tapti laimingesniems ???? \u017dinome kaip nelengva i\u0161gyventi ma\u017eiems verslams, tad nuo \u0161iol, \u010dia rasite ir kit\u0173, ma\u017e\u0173 \u0161eim\u0173 versl\u0173, rank\u0173 darbo, dovan\u0173 sau ir artimiesiems.","publisher":{"@id":"https:\/\/skaitytaknyga.lt\/#organization"},"potentialAction":[{"@type":"SearchAction","target":{"@type":"EntryPoint","urlTemplate":"https:\/\/skaitytaknyga.lt\/?s={search_term_string}"},"query-input":{"@type":"PropertyValueSpecification","valueRequired":true,"valueName":"search_term_string"}}],"inLanguage":"en-GB"},{"@type":"Organization","@id":"https:\/\/skaitytaknyga.lt\/#organization","name":"skaitytaknyga.lt","url":"https:\/\/skaitytaknyga.lt\/","logo":{"@type":"ImageObject","inLanguage":"en-GB","@id":"https:\/\/skaitytaknyga.lt\/#\/schema\/logo\/image\/","url":"https:\/\/skaitytaknyga.lt\/wp-content\/uploads\/2024\/05\/cropped-cropped-cropped-02_00843_jt3bggkj1j3HLc7SyY6rEUpg.jpeg","contentUrl":"https:\/\/skaitytaknyga.lt\/wp-content\/uploads\/2024\/05\/cropped-cropped-cropped-02_00843_jt3bggkj1j3HLc7SyY6rEUpg.jpeg","width":1600,"height":1600,"caption":"skaitytaknyga.lt"},"image":{"@id":"https:\/\/skaitytaknyga.lt\/#\/schema\/logo\/image\/"},"sameAs":["https:\/\/www.facebook.com\/skaitytaknyga\/"]}]}},"_links":{"self":[{"href":"https:\/\/skaitytaknyga.lt\/en\/wp-json\/wp\/v2\/product\/19257","targetHints":{"allow":["GET"]}}],"collection":[{"href":"https:\/\/skaitytaknyga.lt\/en\/wp-json\/wp\/v2\/product"}],"about":[{"href":"https:\/\/skaitytaknyga.lt\/en\/wp-json\/wp\/v2\/types\/product"}],"replies":[{"embeddable":true,"href":"https:\/\/skaitytaknyga.lt\/en\/wp-json\/wp\/v2\/comments?post=19257"}],"wp:featuredmedia":[{"embeddable":true,"href":"https:\/\/skaitytaknyga.lt\/en\/wp-json\/wp\/v2\/media\/19259"}],"wp:attachment":[{"href":"https:\/\/skaitytaknyga.lt\/en\/wp-json\/wp\/v2\/media?parent=19257"}],"wp:term":[{"taxonomy":"product_brand","embeddable":true,"href":"https:\/\/skaitytaknyga.lt\/en\/wp-json\/wp\/v2\/product_brand?post=19257"},{"taxonomy":"product_cat","embeddable":true,"href":"https:\/\/skaitytaknyga.lt\/en\/wp-json\/wp\/v2\/product_cat?post=19257"},{"taxonomy":"product_tag","embeddable":true,"href":"https:\/\/skaitytaknyga.lt\/en\/wp-json\/wp\/v2\/product_tag?post=19257"}],"curies":[{"name":"wp","href":"https:\/\/api.w.org\/{rel}","templated":true}]}}